{"id":9903,"date":"2018-11-13T12:32:36","date_gmt":"2018-11-13T12:32:36","guid":{"rendered":"https:\/\/www.biocabaz.pt\/web\/?post_type=product&#038;p=9903"},"modified":"2023-04-15T14:01:26","modified_gmt":"2023-04-15T14:01:26","slug":"flocos-de-trigo-sarraceno-bio-400g","status":"publish","type":"product","link":"https:\/\/www.biocabaz.pt\/web\/produto\/flocos-de-trigo-sarraceno-bio-400g\/","title":{"rendered":"FLOCOS DE TRIGO SARRACENO BIO 400G"},"content":{"rendered":"<p><strong>Descri\u00e7\u00e3o <\/strong><br \/>\nIngredientes: Flocos elaborados a partir de trigo sarraceno de produ\u00e7\u00e3o biol\u00f3gica conservando assim propriedades nutricionais do gr\u00e3o. \u00c9 um cereal especialmente utilizado nos climas frios. Fonte de fibra, ferro e magn\u00e9sio. Poder\u00e1 conter vest\u00edgios de gl\u00faten.<\/p>\n<p><strong>Dados Nutricionais<\/strong><br \/>\nDeclara\u00e7\u00e3o Nutricional por 100g:<br \/>\nEnergia: 1508kJ\/ 356Kcal;<br \/>\nL\u00edpidos: 2g &#8211; dos quais saturados: 0,44g;<br \/>\nHidratos de Carbono: 72g &#8211; dos quais a\u00e7\u00facares: 2,60g;<br \/>\nFibra: 5g;<br \/>\nProte\u00ednas: 10g;<br \/>\nSal: 0,01g;<br \/>\nFerro: 2,2mg (16% VRN*);<br \/>\nMagn\u00e9sio: 127mg (34% VRN*). *Valor de refer\u00eancia do Nutriente.<\/p>\n<p><strong>Modo Utiliza\u00e7\u00e3o<\/strong><br \/>\nEm papas, empad\u00f5es, sopas pastelaria ou pastelaria ou misturado com v\u00e1rios ingredientes na prepara\u00e7\u00e3o de mueslis. Conservar em local seco e fresco.<\/p>\n","protected":false},"excerpt":{"rendered":"<p>Descri\u00e7\u00e3o Ingredientes: Flocos elaborados a partir de trigo sarraceno de produ\u00e7\u00e3o biol\u00f3gica conservando assim propriedades nutricionais do gr\u00e3o. \u00c9 um cereal especialmente utilizado nos climas frios. Fonte de fibra, ferro e magn\u00e9sio. Poder\u00e1 conter vest\u00edgios de gl\u00faten. Dados Nutricionais Declara\u00e7\u00e3o Nutricional por 100g: Energia: 1508kJ\/ 356Kcal; L\u00edpidos: 2g &#8211; dos quais saturados: 0,44g; Hidratos de [&hellip;]<\/p>\n","protected":false},"featured_media":73854,"comment_status":"closed","ping_status":"closed","template":"","meta":[],"product_cat":[33],"product_tag":[],"class_list":["post-9903","product","type-product","status-publish","has-post-thumbnail","hentry","product_cat-cereais"],"bundle_layout":"","bundled_by":[],"bundled_items":[],"yoast_head":"<!-- This site is optimized with the Yoast SEO plugin v26.3 - https:\/\/yoast.com\/wordpress\/plugins\/seo\/ -->\n<title>FLOCOS DE TRIGO SARRACENO BIO 400G<\/title>\n<meta name=\"description\" content=\"FLOCOS DE TRIGO SARRACENO BIO 400G\" \/>\n<meta name=\"robots\" content=\"index, follow, max-snippet:-1, max-image-preview:large, max-video-preview:-1\" \/>\n<link rel=\"canonical\" href=\"https:\/\/www.biocabaz.pt\/web\/produto\/flocos-de-trigo-sarraceno-bio-400g\/\" \/>\n<meta property=\"og:locale\" content=\"pt_PT\" \/>\n<meta property=\"og:locale:alternate\" content=\"en_US\" \/>\n<meta property=\"og:type\" content=\"article\" \/>\n<meta property=\"og:title\" content=\"FLOCOS DE TRIGO SARRACENO BIO 400G\" \/>\n<meta property=\"og:description\" content=\"FLOCOS DE TRIGO SARRACENO BIO 400G\" \/>\n<meta property=\"og:url\" content=\"https:\/\/www.biocabaz.pt\/web\/produto\/flocos-de-trigo-sarraceno-bio-400g\/\" \/>\n<meta property=\"og:site_name\" content=\"BIOCABAZ - CABAZES BIOL\u00d3GICOS\" \/>\n<meta property=\"article:modified_time\" content=\"2023-04-15T14:01:26+00:00\" \/>\n<meta property=\"og:image\" content=\"https:\/\/www.biocabaz.pt\/web\/wp-conteudos\/uploads\/2018\/11\/flocos-de-trigo-serraceno-bio.jpg\" \/>\n\t<meta property=\"og:image:width\" content=\"326\" \/>\n\t<meta property=\"og:image:height\" content=\"300\" \/>\n\t<meta property=\"og:image:type\" content=\"image\/jpeg\" \/>\n<meta name=\"twitter:card\" content=\"summary_large_image\" \/>\n<meta name=\"twitter:label1\" content=\"Est. reading time\" \/>\n\t<meta name=\"twitter:data1\" content=\"1 minuto\" \/>\n<script type=\"application\/ld+json\" class=\"yoast-schema-graph\">{\"@context\":\"https:\/\/schema.org\",\"@graph\":[{\"@type\":\"WebPage\",\"@id\":\"https:\/\/www.biocabaz.pt\/web\/en\/produto\/flocos-de-trigo-sarraceno-bio-400g\/\",\"url\":\"https:\/\/www.biocabaz.pt\/web\/en\/produto\/flocos-de-trigo-sarraceno-bio-400g\/\",\"name\":\"FLOCOS DE TRIGO SARRACENO BIO 400G\",\"isPartOf\":{\"@id\":\"https:\/\/biocabaz.pt\/web\/#website\"},\"primaryImageOfPage\":{\"@id\":\"https:\/\/www.biocabaz.pt\/web\/en\/produto\/flocos-de-trigo-sarraceno-bio-400g\/#primaryimage\"},\"image\":{\"@id\":\"https:\/\/www.biocabaz.pt\/web\/en\/produto\/flocos-de-trigo-sarraceno-bio-400g\/#primaryimage\"},\"thumbnailUrl\":\"https:\/\/www.biocabaz.pt\/web\/wp-conteudos\/uploads\/2018\/11\/flocos-de-trigo-serraceno-bio.jpg\",\"datePublished\":\"2018-11-13T12:32:36+00:00\",\"dateModified\":\"2023-04-15T14:01:26+00:00\",\"description\":\"FLOCOS DE TRIGO SARRACENO BIO 400G\",\"breadcrumb\":{\"@id\":\"https:\/\/www.biocabaz.pt\/web\/en\/produto\/flocos-de-trigo-sarraceno-bio-400g\/#breadcrumb\"},\"inLanguage\":\"pt-PT\",\"potentialAction\":[{\"@type\":\"ReadAction\",\"target\":[\"https:\/\/www.biocabaz.pt\/web\/en\/produto\/flocos-de-trigo-sarraceno-bio-400g\/\"]}]},{\"@type\":\"ImageObject\",\"inLanguage\":\"pt-PT\",\"@id\":\"https:\/\/www.biocabaz.pt\/web\/en\/produto\/flocos-de-trigo-sarraceno-bio-400g\/#primaryimage\",\"url\":\"https:\/\/www.biocabaz.pt\/web\/wp-conteudos\/uploads\/2018\/11\/flocos-de-trigo-serraceno-bio.jpg\",\"contentUrl\":\"https:\/\/www.biocabaz.pt\/web\/wp-conteudos\/uploads\/2018\/11\/flocos-de-trigo-serraceno-bio.jpg\",\"width\":326,\"height\":300,\"caption\":\"flocos-de-trigo-serraceno-bio\"},{\"@type\":\"BreadcrumbList\",\"@id\":\"https:\/\/www.biocabaz.pt\/web\/en\/produto\/flocos-de-trigo-sarraceno-bio-400g\/#breadcrumb\",\"itemListElement\":[{\"@type\":\"ListItem\",\"position\":1,\"name\":\"Home\",\"item\":\"https:\/\/biocabaz.pt\/web\/\"},{\"@type\":\"ListItem\",\"position\":2,\"name\":\"Loja\",\"item\":\"https:\/\/biocabaz.pt\/web\/shop\/\"},{\"@type\":\"ListItem\",\"position\":3,\"name\":\"ORGANIC WHOLEGRAIN BUCKWHEAT FLAKES 400GR\"}]},{\"@type\":\"WebSite\",\"@id\":\"https:\/\/biocabaz.pt\/web\/#website\",\"url\":\"https:\/\/biocabaz.pt\/web\/\",\"name\":\"BIOCABAZ - CABAZES BIOL\u00d3GICOS\",\"description\":\"O melhor que a terra d\u00e1 \u00e9 para si\",\"potentialAction\":[{\"@type\":\"SearchAction\",\"target\":{\"@type\":\"EntryPoint\",\"urlTemplate\":\"https:\/\/biocabaz.pt\/web\/?s={search_term_string}\"},\"query-input\":{\"@type\":\"PropertyValueSpecification\",\"valueRequired\":true,\"valueName\":\"search_term_string\"}}],\"inLanguage\":\"pt-PT\"}]}<\/script>\n<!-- \/ Yoast SEO plugin. -->","yoast_head_json":{"title":"FLOCOS DE TRIGO SARRACENO BIO 400G","description":"FLOCOS DE TRIGO SARRACENO BIO 400G","robots":{"index":"index","follow":"follow","max-snippet":"max-snippet:-1","max-image-preview":"max-image-preview:large","max-video-preview":"max-video-preview:-1"},"canonical":"https:\/\/www.biocabaz.pt\/web\/produto\/flocos-de-trigo-sarraceno-bio-400g\/","og_locale":"pt_PT","og_type":"article","og_title":"[:en]ORGANIC WHOLEGRAIN BUCKWHEAT FLAKES 400GR[:pt]FLOCOS DE TRIGO SARRACENO BIO 400G[:] - BIOCABAZ - CABAZES BIOL\u00d3GICOS","og_description":"FLOCOS DE TRIGO SARRACENO BIO 400G","og_url":"https:\/\/www.biocabaz.pt\/web\/produto\/flocos-de-trigo-sarraceno-bio-400g\/","og_site_name":"BIOCABAZ - CABAZES BIOL\u00d3GICOS","article_modified_time":"2023-04-15T14:01:26+00:00","og_image":[{"width":326,"height":300,"url":"https:\/\/www.biocabaz.pt\/web\/wp-conteudos\/uploads\/2018\/11\/flocos-de-trigo-serraceno-bio.jpg","type":"image\/jpeg"}],"twitter_card":"summary_large_image","twitter_misc":{"Est. reading time":"1 minuto"},"schema":{"@context":"https:\/\/schema.org","@graph":[{"@type":"WebPage","@id":"https:\/\/www.biocabaz.pt\/web\/en\/produto\/flocos-de-trigo-sarraceno-bio-400g\/","url":"https:\/\/www.biocabaz.pt\/web\/en\/produto\/flocos-de-trigo-sarraceno-bio-400g\/","name":"FLOCOS DE TRIGO SARRACENO BIO 400G","isPartOf":{"@id":"https:\/\/biocabaz.pt\/web\/#website"},"primaryImageOfPage":{"@id":"https:\/\/www.biocabaz.pt\/web\/en\/produto\/flocos-de-trigo-sarraceno-bio-400g\/#primaryimage"},"image":{"@id":"https:\/\/www.biocabaz.pt\/web\/en\/produto\/flocos-de-trigo-sarraceno-bio-400g\/#primaryimage"},"thumbnailUrl":"https:\/\/www.biocabaz.pt\/web\/wp-conteudos\/uploads\/2018\/11\/flocos-de-trigo-serraceno-bio.jpg","datePublished":"2018-11-13T12:32:36+00:00","dateModified":"2023-04-15T14:01:26+00:00","description":"FLOCOS DE TRIGO SARRACENO BIO 400G","breadcrumb":{"@id":"https:\/\/www.biocabaz.pt\/web\/en\/produto\/flocos-de-trigo-sarraceno-bio-400g\/#breadcrumb"},"inLanguage":"pt-PT","potentialAction":[{"@type":"ReadAction","target":["https:\/\/www.biocabaz.pt\/web\/en\/produto\/flocos-de-trigo-sarraceno-bio-400g\/"]}]},{"@type":"ImageObject","inLanguage":"pt-PT","@id":"https:\/\/www.biocabaz.pt\/web\/en\/produto\/flocos-de-trigo-sarraceno-bio-400g\/#primaryimage","url":"https:\/\/www.biocabaz.pt\/web\/wp-conteudos\/uploads\/2018\/11\/flocos-de-trigo-serraceno-bio.jpg","contentUrl":"https:\/\/www.biocabaz.pt\/web\/wp-conteudos\/uploads\/2018\/11\/flocos-de-trigo-serraceno-bio.jpg","width":326,"height":300,"caption":"flocos-de-trigo-serraceno-bio"},{"@type":"BreadcrumbList","@id":"https:\/\/www.biocabaz.pt\/web\/en\/produto\/flocos-de-trigo-sarraceno-bio-400g\/#breadcrumb","itemListElement":[{"@type":"ListItem","position":1,"name":"Home","item":"https:\/\/biocabaz.pt\/web\/"},{"@type":"ListItem","position":2,"name":"Loja","item":"https:\/\/biocabaz.pt\/web\/shop\/"},{"@type":"ListItem","position":3,"name":"ORGANIC WHOLEGRAIN BUCKWHEAT FLAKES 400GR"}]},{"@type":"WebSite","@id":"https:\/\/biocabaz.pt\/web\/#website","url":"https:\/\/biocabaz.pt\/web\/","name":"BIOCABAZ - CABAZES BIOL\u00d3GICOS","description":"O melhor que a terra d\u00e1 \u00e9 para si","potentialAction":[{"@type":"SearchAction","target":{"@type":"EntryPoint","urlTemplate":"https:\/\/biocabaz.pt\/web\/?s={search_term_string}"},"query-input":{"@type":"PropertyValueSpecification","valueRequired":true,"valueName":"search_term_string"}}],"inLanguage":"pt-PT"}]}},"_links":{"self":[{"href":"https:\/\/www.biocabaz.pt\/web\/wp-json\/wp\/v2\/product\/9903","targetHints":{"allow":["GET"]}}],"collection":[{"href":"https:\/\/www.biocabaz.pt\/web\/wp-json\/wp\/v2\/product"}],"about":[{"href":"https:\/\/www.biocabaz.pt\/web\/wp-json\/wp\/v2\/types\/product"}],"replies":[{"embeddable":true,"href":"https:\/\/www.biocabaz.pt\/web\/wp-json\/wp\/v2\/comments?post=9903"}],"wp:featuredmedia":[{"embeddable":true,"href":"https:\/\/www.biocabaz.pt\/web\/wp-json\/wp\/v2\/media\/73854"}],"wp:attachment":[{"href":"https:\/\/www.biocabaz.pt\/web\/wp-json\/wp\/v2\/media?parent=9903"}],"wp:term":[{"taxonomy":"product_cat","embeddable":true,"href":"https:\/\/www.biocabaz.pt\/web\/wp-json\/wp\/v2\/product_cat?post=9903"},{"taxonomy":"product_tag","embeddable":true,"href":"https:\/\/www.biocabaz.pt\/web\/wp-json\/wp\/v2\/product_tag?post=9903"}],"curies":[{"name":"wp","href":"https:\/\/api.w.org\/{rel}","templated":true}]}}