{"id":973,"date":"2016-04-14T21:43:18","date_gmt":"2016-04-14T21:43:18","guid":{"rendered":"http:\/\/www.biocabaz.com\/web\/produto\/farinha-trigo-serraceno-500g\/"},"modified":"2025-06-09T08:14:12","modified_gmt":"2025-06-09T08:14:12","slug":"farinha-trigo-sarraceno-bio-500grs-provida","status":"publish","type":"product","link":"https:\/\/www.biocabaz.pt\/web\/produto\/farinha-trigo-sarraceno-bio-500grs-provida\/","title":{"rendered":"FARINHA TRIGO SARRACENO BIO 500GRS PROVIDA"},"content":{"rendered":"<p><strong>Descri\u00e7\u00e3o <\/strong><br \/>\n\t\t\t\tIngredientes: Farinha de trigo sarraceno de produ\u00e7\u00e3o biol\u00f3gica. Rica em fibra, f\u00f3sforo e magn\u00e9sio. Elaborada cuidadosamente a partir da moagem do gr\u00e3o de trigo sarraceno de produ\u00e7\u00e3o biol\u00f3gica. Poder\u00e1 conter vest\u00edgios de gl\u00faten.<\/p>\n<p><strong>Dados Nutricionais<\/strong><br \/>\n\t\t\t\tDeclara\u00e7\u00e3o Nutricional por 100g:<br \/> Energia: 1477 kJ\/366 kcal;<br \/> L\u00edpidos: 3,4g &#8211; dos quais saturados: 0,7g;<br \/> Hidratos de carbono: 61,5g &#8211; dos quais a\u00e7\u00facares: 2,0g;<br \/> Fibra: 10,0g;<br \/> Prote\u00ednas: 13,3g;<br \/> Sal: 0,08g;<br \/> F\u00f3sforo: 347 mg (50% VRN*);<br \/> Magn\u00e9sio: 231 mg (62% VRN*). *Valor de refer\u00eancia do nutriente.<\/p>\n<p><strong>Modo Utiliza\u00e7\u00e3o<\/strong><br \/>Em papas, empad\u00f5es, sopas, pastelaria ou panifica\u00e7\u00e3o. Conservar em local seco e fresco.<\/p>\n","protected":false},"excerpt":{"rendered":"<p>Descri\u00e7\u00e3o Ingredientes: Farinha de trigo sarraceno de produ\u00e7\u00e3o biol\u00f3gica. Rica em fibra, f\u00f3sforo e magn\u00e9sio. Elaborada cuidadosamente a partir da moagem do gr\u00e3o de trigo sarraceno de produ\u00e7\u00e3o biol\u00f3gica. Poder\u00e1 conter vest\u00edgios de gl\u00faten. Dados Nutricionais Declara\u00e7\u00e3o Nutricional por 100g: Energia: 1477 kJ\/366 kcal; L\u00edpidos: 3,4g &#8211; dos quais saturados: 0,7g; Hidratos de carbono: 61,5g [&hellip;]<\/p>\n","protected":false},"featured_media":8730,"comment_status":"closed","ping_status":"closed","template":"","meta":[],"product_cat":[22],"product_tag":[],"class_list":["post-973","product","type-product","status-publish","has-post-thumbnail","hentry","product_cat-arroz-farinha"],"bundle_layout":"","bundled_by":[],"bundled_items":[],"yoast_head":"<!-- This site is optimized with the Yoast SEO plugin v26.3 - https:\/\/yoast.com\/wordpress\/plugins\/seo\/ -->\n<title>FARINHA TRIGO SARRACENO BIO 500GRS PROVIDA<\/title>\n<meta name=\"description\" content=\"FARINHA TRIGO SARRACENO BIO 500GRS PROVIDA\" \/>\n<meta name=\"robots\" content=\"index, follow, max-snippet:-1, max-image-preview:large, max-video-preview:-1\" \/>\n<link rel=\"canonical\" href=\"https:\/\/www.biocabaz.pt\/web\/produto\/farinha-trigo-sarraceno-bio-500grs-provida\/\" \/>\n<meta property=\"og:locale\" content=\"pt_PT\" \/>\n<meta property=\"og:locale:alternate\" content=\"en_US\" \/>\n<meta property=\"og:type\" content=\"article\" \/>\n<meta property=\"og:title\" content=\"FARINHA TRIGO SARRACENO BIO 500GRS PROVIDA\" \/>\n<meta property=\"og:description\" content=\"FARINHA TRIGO SARRACENO BIO 500GRS PROVIDA\" \/>\n<meta property=\"og:url\" content=\"https:\/\/www.biocabaz.pt\/web\/produto\/farinha-trigo-sarraceno-bio-500grs-provida\/\" \/>\n<meta property=\"og:site_name\" content=\"BIOCABAZ - CABAZES BIOL\u00d3GICOS\" \/>\n<meta property=\"article:modified_time\" content=\"2025-06-09T08:14:12+00:00\" \/>\n<meta property=\"og:image\" content=\"https:\/\/www.biocabaz.pt\/web\/wp-conteudos\/uploads\/2016\/04\/FARINHA-TRIGO-SERRACENO-BIO-500GRS-PROVIDA-e1539608040526.jpg\" \/>\n\t<meta property=\"og:image:width\" content=\"200\" \/>\n\t<meta property=\"og:image:height\" content=\"200\" \/>\n\t<meta property=\"og:image:type\" content=\"image\/jpeg\" \/>\n<meta name=\"twitter:card\" content=\"summary_large_image\" \/>\n<meta name=\"twitter:label1\" content=\"Est. reading time\" \/>\n\t<meta name=\"twitter:data1\" content=\"1 minuto\" \/>\n<script type=\"application\/ld+json\" class=\"yoast-schema-graph\">{\"@context\":\"https:\/\/schema.org\",\"@graph\":[{\"@type\":\"WebPage\",\"@id\":\"https:\/\/www.biocabaz.pt\/web\/produto\/farinha-trigo-sarraceno-bio-500grs-provida\/\",\"url\":\"https:\/\/www.biocabaz.pt\/web\/produto\/farinha-trigo-sarraceno-bio-500grs-provida\/\",\"name\":\"FARINHA TRIGO SARRACENO BIO 500GRS PROVIDA\",\"isPartOf\":{\"@id\":\"https:\/\/www.biocabaz.pt\/web\/en\/#website\"},\"primaryImageOfPage\":{\"@id\":\"https:\/\/www.biocabaz.pt\/web\/produto\/farinha-trigo-sarraceno-bio-500grs-provida\/#primaryimage\"},\"image\":{\"@id\":\"https:\/\/www.biocabaz.pt\/web\/produto\/farinha-trigo-sarraceno-bio-500grs-provida\/#primaryimage\"},\"thumbnailUrl\":\"https:\/\/www.biocabaz.pt\/web\/wp-conteudos\/uploads\/2016\/04\/FARINHA-TRIGO-SERRACENO-BIO-500GRS-PROVIDA-e1539608040526.jpg\",\"datePublished\":\"2016-04-14T21:43:18+00:00\",\"dateModified\":\"2025-06-09T08:14:12+00:00\",\"description\":\"FARINHA TRIGO SARRACENO BIO 500GRS PROVIDA\",\"breadcrumb\":{\"@id\":\"https:\/\/www.biocabaz.pt\/web\/produto\/farinha-trigo-sarraceno-bio-500grs-provida\/#breadcrumb\"},\"inLanguage\":\"pt-PT\",\"potentialAction\":[{\"@type\":\"ReadAction\",\"target\":[\"https:\/\/www.biocabaz.pt\/web\/produto\/farinha-trigo-sarraceno-bio-500grs-provida\/\"]}]},{\"@type\":\"ImageObject\",\"inLanguage\":\"pt-PT\",\"@id\":\"https:\/\/www.biocabaz.pt\/web\/produto\/farinha-trigo-sarraceno-bio-500grs-provida\/#primaryimage\",\"url\":\"https:\/\/www.biocabaz.pt\/web\/wp-conteudos\/uploads\/2016\/04\/FARINHA-TRIGO-SERRACENO-BIO-500GRS-PROVIDA-e1539608040526.jpg\",\"contentUrl\":\"https:\/\/www.biocabaz.pt\/web\/wp-conteudos\/uploads\/2016\/04\/FARINHA-TRIGO-SERRACENO-BIO-500GRS-PROVIDA-e1539608040526.jpg\",\"width\":200,\"height\":200,\"caption\":\"FARINHA TRIGO SARRACENO BIO 500GRS PROVIDA\"},{\"@type\":\"BreadcrumbList\",\"@id\":\"https:\/\/www.biocabaz.pt\/web\/produto\/farinha-trigo-sarraceno-bio-500grs-provida\/#breadcrumb\",\"itemListElement\":[{\"@type\":\"ListItem\",\"position\":1,\"name\":\"Home\",\"item\":\"https:\/\/www.biocabaz.pt\/web\/en\/\"},{\"@type\":\"ListItem\",\"position\":2,\"name\":\"Shop\",\"item\":\"https:\/\/www.biocabaz.pt\/web\/en\/shop\/\"},{\"@type\":\"ListItem\",\"position\":3,\"name\":\"FARINHA TRIGO SARRACENO BIO 500GRS PROVIDA\"}]},{\"@type\":\"WebSite\",\"@id\":\"https:\/\/www.biocabaz.pt\/web\/en\/#website\",\"url\":\"https:\/\/www.biocabaz.pt\/web\/en\/\",\"name\":\"BIOCABAZ - CABAZES BIOL\u00d3GICOS\",\"description\":\"O melhor que a terra d\u00e1 \u00e9 para si\",\"potentialAction\":[{\"@type\":\"SearchAction\",\"target\":{\"@type\":\"EntryPoint\",\"urlTemplate\":\"https:\/\/www.biocabaz.pt\/web\/en\/?s={search_term_string}\"},\"query-input\":{\"@type\":\"PropertyValueSpecification\",\"valueRequired\":true,\"valueName\":\"search_term_string\"}}],\"inLanguage\":\"pt-PT\"}]}<\/script>\n<!-- \/ Yoast SEO plugin. -->","yoast_head_json":{"title":"FARINHA TRIGO SARRACENO BIO 500GRS PROVIDA","description":"FARINHA TRIGO SARRACENO BIO 500GRS PROVIDA","robots":{"index":"index","follow":"follow","max-snippet":"max-snippet:-1","max-image-preview":"max-image-preview:large","max-video-preview":"max-video-preview:-1"},"canonical":"https:\/\/www.biocabaz.pt\/web\/produto\/farinha-trigo-sarraceno-bio-500grs-provida\/","og_locale":"pt_PT","og_type":"article","og_title":"[:en]PR\u00d3VIDA ORGANIC BUCKWHEAT FLOUR 500GR[:pt]FARINHA TRIGO SARRACENO BIO 500GRS PROVIDA[:] - BIOCABAZ - CABAZES BIOL\u00d3GICOS","og_description":"FARINHA TRIGO SARRACENO BIO 500GRS PROVIDA","og_url":"https:\/\/www.biocabaz.pt\/web\/produto\/farinha-trigo-sarraceno-bio-500grs-provida\/","og_site_name":"BIOCABAZ - CABAZES BIOL\u00d3GICOS","article_modified_time":"2025-06-09T08:14:12+00:00","og_image":[{"width":200,"height":200,"url":"https:\/\/www.biocabaz.pt\/web\/wp-conteudos\/uploads\/2016\/04\/FARINHA-TRIGO-SERRACENO-BIO-500GRS-PROVIDA-e1539608040526.jpg","type":"image\/jpeg"}],"twitter_card":"summary_large_image","twitter_misc":{"Est. reading time":"1 minuto"},"schema":{"@context":"https:\/\/schema.org","@graph":[{"@type":"WebPage","@id":"https:\/\/www.biocabaz.pt\/web\/produto\/farinha-trigo-sarraceno-bio-500grs-provida\/","url":"https:\/\/www.biocabaz.pt\/web\/produto\/farinha-trigo-sarraceno-bio-500grs-provida\/","name":"FARINHA TRIGO SARRACENO BIO 500GRS PROVIDA","isPartOf":{"@id":"https:\/\/www.biocabaz.pt\/web\/en\/#website"},"primaryImageOfPage":{"@id":"https:\/\/www.biocabaz.pt\/web\/produto\/farinha-trigo-sarraceno-bio-500grs-provida\/#primaryimage"},"image":{"@id":"https:\/\/www.biocabaz.pt\/web\/produto\/farinha-trigo-sarraceno-bio-500grs-provida\/#primaryimage"},"thumbnailUrl":"https:\/\/www.biocabaz.pt\/web\/wp-conteudos\/uploads\/2016\/04\/FARINHA-TRIGO-SERRACENO-BIO-500GRS-PROVIDA-e1539608040526.jpg","datePublished":"2016-04-14T21:43:18+00:00","dateModified":"2025-06-09T08:14:12+00:00","description":"FARINHA TRIGO SARRACENO BIO 500GRS PROVIDA","breadcrumb":{"@id":"https:\/\/www.biocabaz.pt\/web\/produto\/farinha-trigo-sarraceno-bio-500grs-provida\/#breadcrumb"},"inLanguage":"pt-PT","potentialAction":[{"@type":"ReadAction","target":["https:\/\/www.biocabaz.pt\/web\/produto\/farinha-trigo-sarraceno-bio-500grs-provida\/"]}]},{"@type":"ImageObject","inLanguage":"pt-PT","@id":"https:\/\/www.biocabaz.pt\/web\/produto\/farinha-trigo-sarraceno-bio-500grs-provida\/#primaryimage","url":"https:\/\/www.biocabaz.pt\/web\/wp-conteudos\/uploads\/2016\/04\/FARINHA-TRIGO-SERRACENO-BIO-500GRS-PROVIDA-e1539608040526.jpg","contentUrl":"https:\/\/www.biocabaz.pt\/web\/wp-conteudos\/uploads\/2016\/04\/FARINHA-TRIGO-SERRACENO-BIO-500GRS-PROVIDA-e1539608040526.jpg","width":200,"height":200,"caption":"FARINHA TRIGO SARRACENO BIO 500GRS PROVIDA"},{"@type":"BreadcrumbList","@id":"https:\/\/www.biocabaz.pt\/web\/produto\/farinha-trigo-sarraceno-bio-500grs-provida\/#breadcrumb","itemListElement":[{"@type":"ListItem","position":1,"name":"Home","item":"https:\/\/www.biocabaz.pt\/web\/en\/"},{"@type":"ListItem","position":2,"name":"Shop","item":"https:\/\/www.biocabaz.pt\/web\/en\/shop\/"},{"@type":"ListItem","position":3,"name":"FARINHA TRIGO SARRACENO BIO 500GRS PROVIDA"}]},{"@type":"WebSite","@id":"https:\/\/www.biocabaz.pt\/web\/en\/#website","url":"https:\/\/www.biocabaz.pt\/web\/en\/","name":"BIOCABAZ - CABAZES BIOL\u00d3GICOS","description":"O melhor que a terra d\u00e1 \u00e9 para si","potentialAction":[{"@type":"SearchAction","target":{"@type":"EntryPoint","urlTemplate":"https:\/\/www.biocabaz.pt\/web\/en\/?s={search_term_string}"},"query-input":{"@type":"PropertyValueSpecification","valueRequired":true,"valueName":"search_term_string"}}],"inLanguage":"pt-PT"}]}},"_links":{"self":[{"href":"https:\/\/www.biocabaz.pt\/web\/wp-json\/wp\/v2\/product\/973","targetHints":{"allow":["GET"]}}],"collection":[{"href":"https:\/\/www.biocabaz.pt\/web\/wp-json\/wp\/v2\/product"}],"about":[{"href":"https:\/\/www.biocabaz.pt\/web\/wp-json\/wp\/v2\/types\/product"}],"replies":[{"embeddable":true,"href":"https:\/\/www.biocabaz.pt\/web\/wp-json\/wp\/v2\/comments?post=973"}],"wp:featuredmedia":[{"embeddable":true,"href":"https:\/\/www.biocabaz.pt\/web\/wp-json\/wp\/v2\/media\/8730"}],"wp:attachment":[{"href":"https:\/\/www.biocabaz.pt\/web\/wp-json\/wp\/v2\/media?parent=973"}],"wp:term":[{"taxonomy":"product_cat","embeddable":true,"href":"https:\/\/www.biocabaz.pt\/web\/wp-json\/wp\/v2\/product_cat?post=973"},{"taxonomy":"product_tag","embeddable":true,"href":"https:\/\/www.biocabaz.pt\/web\/wp-json\/wp\/v2\/product_tag?post=973"}],"curies":[{"name":"wp","href":"https:\/\/api.w.org\/{rel}","templated":true}]}}