{"id":971,"date":"2016-04-14T21:43:16","date_gmt":"2016-04-14T21:43:16","guid":{"rendered":"http:\/\/www.biocabaz.com\/web\/produto\/farinha-aveia-500g\/"},"modified":"2023-04-15T13:17:44","modified_gmt":"2023-04-15T13:17:44","slug":"farinha-de-aveia-500grs-provida","status":"publish","type":"product","link":"https:\/\/www.biocabaz.pt\/web\/produto\/farinha-de-aveia-500grs-provida\/","title":{"rendered":"FARINHA DE AVEIA INTEGRAL 500GRS PROVIDA"},"content":{"rendered":"<p><strong>Descri\u00e7\u00e3o <\/strong><br \/>\n\t\t\t\tIngredientes: 100% aveia de Produ\u00e7\u00e3o Biol\u00f3gica. Farinha para usos culin\u00e1rios. Obtida atrav\u00e9s da moagem da aveia integral, conservando as suas propriedades naturais fundamentais. Rica em fibra. Rica em f\u00f3sforo, magn\u00e9sio e ferro.<\/p>\n<p><strong>Dados Nutricionais<\/strong><br \/>\n\t\t\t\tDeclara\u00e7\u00e3o nutricional por 100g:<br \/> Energia: 1550kJ\/370kcal;<br \/> L\u00edpidos: 7,6g &#8211; dos quais saturados: 1,3g;<br \/> Hidratos de carbono: 56g &#8211; dos quais a\u00e7\u00facares: 1,1g;<br \/> Fibra: 10,0g;<br \/> Prote\u00ednas: 20g;<br \/> Sal: 0,01g;<br \/> F\u00f3sforo: 523mg (74%*);<br \/> Magn\u00e9sio: 177mg (47%*);<br \/> Ferro: 4,7 mg (33%*). *do Valor de Refer\u00eancia do Nutriente.<\/p>\n<p><strong>Modo Utiliza\u00e7\u00e3o<\/strong><br \/>Adicionado a receitas de panifica\u00e7\u00e3o e pastelaria conferindo-lhe sabor adocicado (p\u00e3o, panquecas,biscoitos e scones). Utilizado para engrossar molhos, sopas e doces. Conservar em local seco e fresco.<\/p>\n","protected":false},"excerpt":{"rendered":"<p>Descri\u00e7\u00e3o Ingredientes: 100% aveia de Produ\u00e7\u00e3o Biol\u00f3gica. Farinha para usos culin\u00e1rios. Obtida atrav\u00e9s da moagem da aveia integral, conservando as suas propriedades naturais fundamentais. Rica em fibra. Rica em f\u00f3sforo, magn\u00e9sio e ferro. Dados Nutricionais Declara\u00e7\u00e3o nutricional por 100g: Energia: 1550kJ\/370kcal; L\u00edpidos: 7,6g &#8211; dos quais saturados: 1,3g; Hidratos de carbono: 56g &#8211; dos quais [&hellip;]<\/p>\n","protected":false},"featured_media":8722,"comment_status":"closed","ping_status":"closed","template":"","meta":[],"product_cat":[22],"product_tag":[],"class_list":["post-971","product","type-product","status-publish","has-post-thumbnail","hentry","product_cat-arroz-farinha"],"bundle_layout":"","bundled_by":[],"bundled_items":[],"yoast_head":"<!-- This site is optimized with the Yoast SEO plugin v26.3 - https:\/\/yoast.com\/wordpress\/plugins\/seo\/ -->\n<title>FARINHA DE AVEIA INTEGRAL 500GRS PROVIDA<\/title>\n<meta name=\"description\" content=\"FARINHA DE AVEIA 500GRS PROVIDA\" \/>\n<meta name=\"robots\" content=\"index, follow, max-snippet:-1, max-image-preview:large, max-video-preview:-1\" \/>\n<link rel=\"canonical\" href=\"https:\/\/biocabaz.pt\/web\/produto\/farinha-de-aveia-500grs-provida\/\" \/>\n<meta property=\"og:locale\" content=\"pt_PT\" \/>\n<meta property=\"og:locale:alternate\" content=\"en_US\" \/>\n<meta property=\"og:type\" content=\"article\" \/>\n<meta property=\"og:title\" content=\"FARINHA DE AVEIA INTEGRAL 500GRS PROVIDA\" \/>\n<meta property=\"og:description\" content=\"FARINHA DE AVEIA 500GRS PROVIDA\" \/>\n<meta property=\"og:url\" content=\"https:\/\/www.biocabaz.pt\/web\/produto\/farinha-de-aveia-500grs-provida\/\" \/>\n<meta property=\"og:site_name\" content=\"BIOCABAZ - CABAZES BIOL\u00d3GICOS\" \/>\n<meta property=\"article:modified_time\" content=\"2023-04-15T13:17:44+00:00\" \/>\n<meta property=\"og:image\" content=\"https:\/\/www.biocabaz.pt\/web\/wp-conteudos\/uploads\/2016\/04\/FARINHA-DE-AVEIA-500GRS-PROVIDA.jpg\" \/>\n\t<meta property=\"og:image:width\" content=\"600\" \/>\n\t<meta property=\"og:image:height\" content=\"600\" \/>\n\t<meta property=\"og:image:type\" content=\"image\/jpeg\" \/>\n<meta name=\"twitter:card\" content=\"summary_large_image\" \/>\n<meta name=\"twitter:label1\" content=\"Est. reading time\" \/>\n\t<meta name=\"twitter:data1\" content=\"1 minuto\" \/>\n<script type=\"application\/ld+json\" class=\"yoast-schema-graph\">{\"@context\":\"https:\/\/schema.org\",\"@graph\":[{\"@type\":\"WebPage\",\"@id\":\"https:\/\/biocabaz.pt\/web\/produto\/farinha-de-aveia-500grs-provida\/\",\"url\":\"https:\/\/biocabaz.pt\/web\/produto\/farinha-de-aveia-500grs-provida\/\",\"name\":\"FARINHA DE AVEIA INTEGRAL 500GRS PROVIDA\",\"isPartOf\":{\"@id\":\"https:\/\/www.biocabaz.pt\/web\/en\/#website\"},\"primaryImageOfPage\":{\"@id\":\"https:\/\/biocabaz.pt\/web\/produto\/farinha-de-aveia-500grs-provida\/#primaryimage\"},\"image\":{\"@id\":\"https:\/\/biocabaz.pt\/web\/produto\/farinha-de-aveia-500grs-provida\/#primaryimage\"},\"thumbnailUrl\":\"https:\/\/www.biocabaz.pt\/web\/wp-conteudos\/uploads\/2016\/04\/FARINHA-DE-AVEIA-500GRS-PROVIDA.jpg\",\"datePublished\":\"2016-04-14T21:43:16+00:00\",\"dateModified\":\"2023-04-15T13:17:44+00:00\",\"description\":\"FARINHA DE AVEIA 500GRS PROVIDA\",\"breadcrumb\":{\"@id\":\"https:\/\/biocabaz.pt\/web\/produto\/farinha-de-aveia-500grs-provida\/#breadcrumb\"},\"inLanguage\":\"pt-PT\",\"potentialAction\":[{\"@type\":\"ReadAction\",\"target\":[\"https:\/\/biocabaz.pt\/web\/produto\/farinha-de-aveia-500grs-provida\/\"]}]},{\"@type\":\"ImageObject\",\"inLanguage\":\"pt-PT\",\"@id\":\"https:\/\/biocabaz.pt\/web\/produto\/farinha-de-aveia-500grs-provida\/#primaryimage\",\"url\":\"https:\/\/www.biocabaz.pt\/web\/wp-conteudos\/uploads\/2016\/04\/FARINHA-DE-AVEIA-500GRS-PROVIDA.jpg\",\"contentUrl\":\"https:\/\/www.biocabaz.pt\/web\/wp-conteudos\/uploads\/2016\/04\/FARINHA-DE-AVEIA-500GRS-PROVIDA.jpg\",\"width\":600,\"height\":600,\"caption\":\"FARINHA DE AVEIA 500GRS PROVIDA\"},{\"@type\":\"BreadcrumbList\",\"@id\":\"https:\/\/biocabaz.pt\/web\/produto\/farinha-de-aveia-500grs-provida\/#breadcrumb\",\"itemListElement\":[{\"@type\":\"ListItem\",\"position\":1,\"name\":\"Home\",\"item\":\"https:\/\/www.biocabaz.pt\/web\/en\/\"},{\"@type\":\"ListItem\",\"position\":2,\"name\":\"Shop\",\"item\":\"https:\/\/www.biocabaz.pt\/web\/en\/shop\/\"},{\"@type\":\"ListItem\",\"position\":3,\"name\":\"FARINHA DE AVEIA INTEGRAL 500GRS PROVIDA\"}]},{\"@type\":\"WebSite\",\"@id\":\"https:\/\/www.biocabaz.pt\/web\/en\/#website\",\"url\":\"https:\/\/www.biocabaz.pt\/web\/en\/\",\"name\":\"BIOCABAZ - CABAZES BIOL\u00d3GICOS\",\"description\":\"O melhor que a terra d\u00e1 \u00e9 para si\",\"potentialAction\":[{\"@type\":\"SearchAction\",\"target\":{\"@type\":\"EntryPoint\",\"urlTemplate\":\"https:\/\/www.biocabaz.pt\/web\/en\/?s={search_term_string}\"},\"query-input\":{\"@type\":\"PropertyValueSpecification\",\"valueRequired\":true,\"valueName\":\"search_term_string\"}}],\"inLanguage\":\"pt-PT\"}]}<\/script>\n<!-- \/ Yoast SEO plugin. -->","yoast_head_json":{"title":"FARINHA DE AVEIA INTEGRAL 500GRS PROVIDA","description":"FARINHA DE AVEIA 500GRS PROVIDA","robots":{"index":"index","follow":"follow","max-snippet":"max-snippet:-1","max-image-preview":"max-image-preview:large","max-video-preview":"max-video-preview:-1"},"canonical":"https:\/\/biocabaz.pt\/web\/produto\/farinha-de-aveia-500grs-provida\/","og_locale":"pt_PT","og_type":"article","og_title":"[:en]PR\u00d3VIDA ORGANIC OAT FLOUR 500GR[:pt]FARINHA DE AVEIA INTEGRAL 500GRS PROVIDA[:] - BIOCABAZ - CABAZES BIOL\u00d3GICOS","og_description":"FARINHA DE AVEIA 500GRS PROVIDA","og_url":"https:\/\/www.biocabaz.pt\/web\/produto\/farinha-de-aveia-500grs-provida\/","og_site_name":"BIOCABAZ - CABAZES BIOL\u00d3GICOS","article_modified_time":"2023-04-15T13:17:44+00:00","og_image":[{"width":600,"height":600,"url":"https:\/\/www.biocabaz.pt\/web\/wp-conteudos\/uploads\/2016\/04\/FARINHA-DE-AVEIA-500GRS-PROVIDA.jpg","type":"image\/jpeg"}],"twitter_card":"summary_large_image","twitter_misc":{"Est. reading time":"1 minuto"},"schema":{"@context":"https:\/\/schema.org","@graph":[{"@type":"WebPage","@id":"https:\/\/biocabaz.pt\/web\/produto\/farinha-de-aveia-500grs-provida\/","url":"https:\/\/biocabaz.pt\/web\/produto\/farinha-de-aveia-500grs-provida\/","name":"FARINHA DE AVEIA INTEGRAL 500GRS PROVIDA","isPartOf":{"@id":"https:\/\/www.biocabaz.pt\/web\/en\/#website"},"primaryImageOfPage":{"@id":"https:\/\/biocabaz.pt\/web\/produto\/farinha-de-aveia-500grs-provida\/#primaryimage"},"image":{"@id":"https:\/\/biocabaz.pt\/web\/produto\/farinha-de-aveia-500grs-provida\/#primaryimage"},"thumbnailUrl":"https:\/\/www.biocabaz.pt\/web\/wp-conteudos\/uploads\/2016\/04\/FARINHA-DE-AVEIA-500GRS-PROVIDA.jpg","datePublished":"2016-04-14T21:43:16+00:00","dateModified":"2023-04-15T13:17:44+00:00","description":"FARINHA DE AVEIA 500GRS PROVIDA","breadcrumb":{"@id":"https:\/\/biocabaz.pt\/web\/produto\/farinha-de-aveia-500grs-provida\/#breadcrumb"},"inLanguage":"pt-PT","potentialAction":[{"@type":"ReadAction","target":["https:\/\/biocabaz.pt\/web\/produto\/farinha-de-aveia-500grs-provida\/"]}]},{"@type":"ImageObject","inLanguage":"pt-PT","@id":"https:\/\/biocabaz.pt\/web\/produto\/farinha-de-aveia-500grs-provida\/#primaryimage","url":"https:\/\/www.biocabaz.pt\/web\/wp-conteudos\/uploads\/2016\/04\/FARINHA-DE-AVEIA-500GRS-PROVIDA.jpg","contentUrl":"https:\/\/www.biocabaz.pt\/web\/wp-conteudos\/uploads\/2016\/04\/FARINHA-DE-AVEIA-500GRS-PROVIDA.jpg","width":600,"height":600,"caption":"FARINHA DE AVEIA 500GRS PROVIDA"},{"@type":"BreadcrumbList","@id":"https:\/\/biocabaz.pt\/web\/produto\/farinha-de-aveia-500grs-provida\/#breadcrumb","itemListElement":[{"@type":"ListItem","position":1,"name":"Home","item":"https:\/\/www.biocabaz.pt\/web\/en\/"},{"@type":"ListItem","position":2,"name":"Shop","item":"https:\/\/www.biocabaz.pt\/web\/en\/shop\/"},{"@type":"ListItem","position":3,"name":"FARINHA DE AVEIA INTEGRAL 500GRS PROVIDA"}]},{"@type":"WebSite","@id":"https:\/\/www.biocabaz.pt\/web\/en\/#website","url":"https:\/\/www.biocabaz.pt\/web\/en\/","name":"BIOCABAZ - CABAZES BIOL\u00d3GICOS","description":"O melhor que a terra d\u00e1 \u00e9 para si","potentialAction":[{"@type":"SearchAction","target":{"@type":"EntryPoint","urlTemplate":"https:\/\/www.biocabaz.pt\/web\/en\/?s={search_term_string}"},"query-input":{"@type":"PropertyValueSpecification","valueRequired":true,"valueName":"search_term_string"}}],"inLanguage":"pt-PT"}]}},"_links":{"self":[{"href":"https:\/\/www.biocabaz.pt\/web\/wp-json\/wp\/v2\/product\/971","targetHints":{"allow":["GET"]}}],"collection":[{"href":"https:\/\/www.biocabaz.pt\/web\/wp-json\/wp\/v2\/product"}],"about":[{"href":"https:\/\/www.biocabaz.pt\/web\/wp-json\/wp\/v2\/types\/product"}],"replies":[{"embeddable":true,"href":"https:\/\/www.biocabaz.pt\/web\/wp-json\/wp\/v2\/comments?post=971"}],"wp:featuredmedia":[{"embeddable":true,"href":"https:\/\/www.biocabaz.pt\/web\/wp-json\/wp\/v2\/media\/8722"}],"wp:attachment":[{"href":"https:\/\/www.biocabaz.pt\/web\/wp-json\/wp\/v2\/media?parent=971"}],"wp:term":[{"taxonomy":"product_cat","embeddable":true,"href":"https:\/\/www.biocabaz.pt\/web\/wp-json\/wp\/v2\/product_cat?post=971"},{"taxonomy":"product_tag","embeddable":true,"href":"https:\/\/www.biocabaz.pt\/web\/wp-json\/wp\/v2\/product_tag?post=971"}],"curies":[{"name":"wp","href":"https:\/\/api.w.org\/{rel}","templated":true}]}}