{"id":938,"date":"2016-04-14T21:42:36","date_gmt":"2016-04-14T21:42:36","guid":{"rendered":"http:\/\/www.biocabaz.com\/web\/produto\/aveia-germinada-planta-divina-400g\/"},"modified":"2023-04-17T12:06:06","modified_gmt":"2023-04-17T12:06:06","slug":"xilitol-bio-provida-250g","status":"publish","type":"product","link":"https:\/\/www.biocabaz.pt\/web\/produto\/xilitol-bio-provida-250g\/","title":{"rendered":"Xilitol BIO Pr\u00f3vida 250g"},"content":{"rendered":"<h3>DESCRI\u00c7\u00c3O<\/h3>\n<p>Xilitol BIO 250g Pr\u00f3vida. Baixo \u00edndice glic\u00eamico. Ingredientes: Xilitol de produ\u00e7\u00e3o biol\u00f3gica. PT-BIO-04 Origem: UE. Embalagem 100% compost\u00e1vel. Vegan.<\/p>\n<h3>DADOS NUTRICIONAIS<\/h3>\n<p>Declara\u00e7\u00e3o Nutricional por 100g: Energia &#8211; 995kJ\/239kcal; L\u00edpidos &#8211; 0,55g, dos quais saturados &#8211; 0,07g, Hidratos de Carbono &#8211; 99,5g, dos quais a\u00e7\u00facares &#8211; 0g, dos quais Poli\u00f3is &#8211; 99,5g; Fibra &#8211; 0g; Prote\u00ednas &#8211; 0g; Sal &#8211; 0g.<\/p>\n<h3>MODO DE UTILIZA\u00c7\u00c3O<\/h3>\n<p>Pronto a consumir, adicionar 1 colher de sopa a cereais, sumos, iogurtes, saladas ou batidos. Tem o mesmo poder ado\u00e7ante do a\u00e7\u00facar normal refinado. CONSERVAR EM LOCAL FRESCO E SECO.<\/p>\n","protected":false},"excerpt":{"rendered":"<p>DESCRI\u00c7\u00c3O Xilitol BIO 250g Pr\u00f3vida. Baixo \u00edndice glic\u00eamico. Ingredientes: Xilitol de produ\u00e7\u00e3o biol\u00f3gica. PT-BIO-04 Origem: UE. Embalagem 100% compost\u00e1vel. Vegan. DADOS NUTRICIONAIS Declara\u00e7\u00e3o Nutricional por 100g: Energia &#8211; 995kJ\/239kcal; L\u00edpidos &#8211; 0,55g, dos quais saturados &#8211; 0,07g, Hidratos de Carbono &#8211; 99,5g, dos quais a\u00e7\u00facares &#8211; 0g, dos quais Poli\u00f3is &#8211; 99,5g; Fibra &#8211; 0g; [&hellip;]<\/p>\n","protected":false},"featured_media":82258,"comment_status":"closed","ping_status":"closed","template":"","meta":[],"product_cat":[55],"product_tag":[],"class_list":["post-938","product","type-product","status-publish","has-post-thumbnail","hentry","product_cat-superalimentos"],"bundle_layout":"","bundled_by":[],"bundled_items":[],"yoast_head":"<!-- This site is optimized with the Yoast SEO plugin v26.3 - https:\/\/yoast.com\/wordpress\/plugins\/seo\/ -->\n<title>Xilitol BIO Pr\u00f3vida 250g<\/title>\n<meta name=\"robots\" content=\"index, follow, max-snippet:-1, max-image-preview:large, max-video-preview:-1\" \/>\n<link rel=\"canonical\" href=\"https:\/\/www.biocabaz.pt\/web\/produto\/xilitol-bio-provida-250g\/\" \/>\n<meta property=\"og:locale\" content=\"pt_PT\" \/>\n<meta property=\"og:locale:alternate\" content=\"en_US\" \/>\n<meta property=\"og:type\" content=\"article\" \/>\n<meta property=\"og:title\" content=\"Xilitol BIO Pr\u00f3vida 250g\" \/>\n<meta property=\"og:description\" content=\"DESCRI\u00c7\u00c3O Xilitol BIO 250g Pr\u00f3vida. Baixo \u00edndice glic\u00eamico. Ingredientes: Xilitol de produ\u00e7\u00e3o biol\u00f3gica. PT-BIO-04 Origem: UE. Embalagem 100% compost\u00e1vel. Vegan. DADOS NUTRICIONAIS Declara\u00e7\u00e3o Nutricional por 100g: Energia &#8211; 995kJ\/239kcal; L\u00edpidos &#8211; 0,55g, dos quais saturados &#8211; 0,07g, Hidratos de Carbono &#8211; 99,5g, dos quais a\u00e7\u00facares &#8211; 0g, dos quais Poli\u00f3is &#8211; 99,5g; Fibra &#8211; 0g; [&hellip;]\" \/>\n<meta property=\"og:url\" content=\"https:\/\/www.biocabaz.pt\/web\/produto\/xilitol-bio-provida-250g\/\" \/>\n<meta property=\"og:site_name\" content=\"BIOCABAZ - CABAZES BIOL\u00d3GICOS\" \/>\n<meta property=\"article:modified_time\" content=\"2023-04-17T12:06:06+00:00\" \/>\n<meta property=\"og:image\" content=\"https:\/\/www.biocabaz.pt\/web\/wp-conteudos\/uploads\/2016\/04\/xilitol-bio-provida-250g-e1644520449956.jpg\" \/>\n\t<meta property=\"og:image:width\" content=\"500\" \/>\n\t<meta property=\"og:image:height\" content=\"500\" \/>\n\t<meta property=\"og:image:type\" content=\"image\/jpeg\" \/>\n<meta name=\"twitter:card\" content=\"summary_large_image\" \/>\n<meta name=\"twitter:label1\" content=\"Est. reading time\" \/>\n\t<meta name=\"twitter:data1\" content=\"1 minuto\" \/>\n<script type=\"application\/ld+json\" class=\"yoast-schema-graph\">{\"@context\":\"https:\/\/schema.org\",\"@graph\":[{\"@type\":\"WebPage\",\"@id\":\"https:\/\/www.biocabaz.pt\/web\/produto\/xilitol-bio-provida-250g\/\",\"url\":\"https:\/\/www.biocabaz.pt\/web\/produto\/xilitol-bio-provida-250g\/\",\"name\":\"Xilitol BIO Pr\u00f3vida 250g\",\"isPartOf\":{\"@id\":\"https:\/\/biocabaz.pt\/web\/#website\"},\"primaryImageOfPage\":{\"@id\":\"https:\/\/www.biocabaz.pt\/web\/produto\/xilitol-bio-provida-250g\/#primaryimage\"},\"image\":{\"@id\":\"https:\/\/www.biocabaz.pt\/web\/produto\/xilitol-bio-provida-250g\/#primaryimage\"},\"thumbnailUrl\":\"https:\/\/www.biocabaz.pt\/web\/wp-conteudos\/uploads\/2016\/04\/xilitol-bio-provida-250g-e1644520449956.jpg\",\"datePublished\":\"2016-04-14T21:42:36+00:00\",\"dateModified\":\"2023-04-17T12:06:06+00:00\",\"breadcrumb\":{\"@id\":\"https:\/\/www.biocabaz.pt\/web\/produto\/xilitol-bio-provida-250g\/#breadcrumb\"},\"inLanguage\":\"pt-PT\",\"potentialAction\":[{\"@type\":\"ReadAction\",\"target\":[\"https:\/\/www.biocabaz.pt\/web\/produto\/xilitol-bio-provida-250g\/\"]}]},{\"@type\":\"ImageObject\",\"inLanguage\":\"pt-PT\",\"@id\":\"https:\/\/www.biocabaz.pt\/web\/produto\/xilitol-bio-provida-250g\/#primaryimage\",\"url\":\"https:\/\/www.biocabaz.pt\/web\/wp-conteudos\/uploads\/2016\/04\/xilitol-bio-provida-250g-e1644520449956.jpg\",\"contentUrl\":\"https:\/\/www.biocabaz.pt\/web\/wp-conteudos\/uploads\/2016\/04\/xilitol-bio-provida-250g-e1644520449956.jpg\",\"width\":500,\"height\":500,\"caption\":\"Xilitol BIO Pr\u00f3vida 250g\"},{\"@type\":\"BreadcrumbList\",\"@id\":\"https:\/\/www.biocabaz.pt\/web\/produto\/xilitol-bio-provida-250g\/#breadcrumb\",\"itemListElement\":[{\"@type\":\"ListItem\",\"position\":1,\"name\":\"Home\",\"item\":\"https:\/\/biocabaz.pt\/web\/\"},{\"@type\":\"ListItem\",\"position\":2,\"name\":\"Loja\",\"item\":\"https:\/\/biocabaz.pt\/web\/shop\/\"},{\"@type\":\"ListItem\",\"position\":3,\"name\":\"Xilitol BIO Pr\u00f3vida 250g\"}]},{\"@type\":\"WebSite\",\"@id\":\"https:\/\/biocabaz.pt\/web\/#website\",\"url\":\"https:\/\/biocabaz.pt\/web\/\",\"name\":\"BIOCABAZ - CABAZES BIOL\u00d3GICOS\",\"description\":\"O melhor que a terra d\u00e1 \u00e9 para si\",\"potentialAction\":[{\"@type\":\"SearchAction\",\"target\":{\"@type\":\"EntryPoint\",\"urlTemplate\":\"https:\/\/biocabaz.pt\/web\/?s={search_term_string}\"},\"query-input\":{\"@type\":\"PropertyValueSpecification\",\"valueRequired\":true,\"valueName\":\"search_term_string\"}}],\"inLanguage\":\"pt-PT\"}]}<\/script>\n<!-- \/ Yoast SEO plugin. -->","yoast_head_json":{"title":"Xilitol BIO Pr\u00f3vida 250g","robots":{"index":"index","follow":"follow","max-snippet":"max-snippet:-1","max-image-preview":"max-image-preview:large","max-video-preview":"max-video-preview:-1"},"canonical":"https:\/\/www.biocabaz.pt\/web\/produto\/xilitol-bio-provida-250g\/","og_locale":"pt_PT","og_type":"article","og_title":"[:pt]Xilitol BIO Pr\u00f3vida 250g[:] - BIOCABAZ - CABAZES BIOL\u00d3GICOS","og_description":"DESCRI\u00c7\u00c3O Xilitol BIO 250g Pr\u00f3vida. Baixo \u00edndice glic\u00eamico. Ingredientes: Xilitol de produ\u00e7\u00e3o biol\u00f3gica. PT-BIO-04 Origem: UE. Embalagem 100% compost\u00e1vel. Vegan. DADOS NUTRICIONAIS Declara\u00e7\u00e3o Nutricional por 100g: Energia &#8211; 995kJ\/239kcal; L\u00edpidos &#8211; 0,55g, dos quais saturados &#8211; 0,07g, Hidratos de Carbono &#8211; 99,5g, dos quais a\u00e7\u00facares &#8211; 0g, dos quais Poli\u00f3is &#8211; 99,5g; Fibra &#8211; 0g; [&hellip;]","og_url":"https:\/\/www.biocabaz.pt\/web\/produto\/xilitol-bio-provida-250g\/","og_site_name":"BIOCABAZ - CABAZES BIOL\u00d3GICOS","article_modified_time":"2023-04-17T12:06:06+00:00","og_image":[{"width":500,"height":500,"url":"https:\/\/www.biocabaz.pt\/web\/wp-conteudos\/uploads\/2016\/04\/xilitol-bio-provida-250g-e1644520449956.jpg","type":"image\/jpeg"}],"twitter_card":"summary_large_image","twitter_misc":{"Est. reading time":"1 minuto"},"schema":{"@context":"https:\/\/schema.org","@graph":[{"@type":"WebPage","@id":"https:\/\/www.biocabaz.pt\/web\/produto\/xilitol-bio-provida-250g\/","url":"https:\/\/www.biocabaz.pt\/web\/produto\/xilitol-bio-provida-250g\/","name":"Xilitol BIO Pr\u00f3vida 250g","isPartOf":{"@id":"https:\/\/biocabaz.pt\/web\/#website"},"primaryImageOfPage":{"@id":"https:\/\/www.biocabaz.pt\/web\/produto\/xilitol-bio-provida-250g\/#primaryimage"},"image":{"@id":"https:\/\/www.biocabaz.pt\/web\/produto\/xilitol-bio-provida-250g\/#primaryimage"},"thumbnailUrl":"https:\/\/www.biocabaz.pt\/web\/wp-conteudos\/uploads\/2016\/04\/xilitol-bio-provida-250g-e1644520449956.jpg","datePublished":"2016-04-14T21:42:36+00:00","dateModified":"2023-04-17T12:06:06+00:00","breadcrumb":{"@id":"https:\/\/www.biocabaz.pt\/web\/produto\/xilitol-bio-provida-250g\/#breadcrumb"},"inLanguage":"pt-PT","potentialAction":[{"@type":"ReadAction","target":["https:\/\/www.biocabaz.pt\/web\/produto\/xilitol-bio-provida-250g\/"]}]},{"@type":"ImageObject","inLanguage":"pt-PT","@id":"https:\/\/www.biocabaz.pt\/web\/produto\/xilitol-bio-provida-250g\/#primaryimage","url":"https:\/\/www.biocabaz.pt\/web\/wp-conteudos\/uploads\/2016\/04\/xilitol-bio-provida-250g-e1644520449956.jpg","contentUrl":"https:\/\/www.biocabaz.pt\/web\/wp-conteudos\/uploads\/2016\/04\/xilitol-bio-provida-250g-e1644520449956.jpg","width":500,"height":500,"caption":"Xilitol BIO Pr\u00f3vida 250g"},{"@type":"BreadcrumbList","@id":"https:\/\/www.biocabaz.pt\/web\/produto\/xilitol-bio-provida-250g\/#breadcrumb","itemListElement":[{"@type":"ListItem","position":1,"name":"Home","item":"https:\/\/biocabaz.pt\/web\/"},{"@type":"ListItem","position":2,"name":"Loja","item":"https:\/\/biocabaz.pt\/web\/shop\/"},{"@type":"ListItem","position":3,"name":"Xilitol BIO Pr\u00f3vida 250g"}]},{"@type":"WebSite","@id":"https:\/\/biocabaz.pt\/web\/#website","url":"https:\/\/biocabaz.pt\/web\/","name":"BIOCABAZ - CABAZES BIOL\u00d3GICOS","description":"O melhor que a terra d\u00e1 \u00e9 para si","potentialAction":[{"@type":"SearchAction","target":{"@type":"EntryPoint","urlTemplate":"https:\/\/biocabaz.pt\/web\/?s={search_term_string}"},"query-input":{"@type":"PropertyValueSpecification","valueRequired":true,"valueName":"search_term_string"}}],"inLanguage":"pt-PT"}]}},"_links":{"self":[{"href":"https:\/\/www.biocabaz.pt\/web\/wp-json\/wp\/v2\/product\/938","targetHints":{"allow":["GET"]}}],"collection":[{"href":"https:\/\/www.biocabaz.pt\/web\/wp-json\/wp\/v2\/product"}],"about":[{"href":"https:\/\/www.biocabaz.pt\/web\/wp-json\/wp\/v2\/types\/product"}],"replies":[{"embeddable":true,"href":"https:\/\/www.biocabaz.pt\/web\/wp-json\/wp\/v2\/comments?post=938"}],"wp:featuredmedia":[{"embeddable":true,"href":"https:\/\/www.biocabaz.pt\/web\/wp-json\/wp\/v2\/media\/82258"}],"wp:attachment":[{"href":"https:\/\/www.biocabaz.pt\/web\/wp-json\/wp\/v2\/media?parent=938"}],"wp:term":[{"taxonomy":"product_cat","embeddable":true,"href":"https:\/\/www.biocabaz.pt\/web\/wp-json\/wp\/v2\/product_cat?post=938"},{"taxonomy":"product_tag","embeddable":true,"href":"https:\/\/www.biocabaz.pt\/web\/wp-json\/wp\/v2\/product_tag?post=938"}],"curies":[{"name":"wp","href":"https:\/\/api.w.org\/{rel}","templated":true}]}}