{"id":9326,"date":"2018-10-29T12:06:58","date_gmt":"2018-10-29T12:06:58","guid":{"rendered":"https:\/\/www.biocabaz.pt\/web\/?post_type=product&#038;p=9326"},"modified":"2023-03-28T22:41:07","modified_gmt":"2023-03-28T22:41:07","slug":"biscoitos-cacau-c-agave-bio-200grs-natursol","status":"publish","type":"product","link":"https:\/\/www.biocabaz.pt\/web\/produto\/biscoitos-cacau-c-agave-bio-200grs-natursol\/","title":{"rendered":"BISCOITOS CACAU C\/AGAVE BIO 200GRS NATURSOL"},"content":{"rendered":"<p><strong>Descri\u00e7\u00e3o <\/strong><br \/>\n\t\t\t\tIngredientes: Farinha de Trigo tipo 65, Farinha de Trigo Integral, Agave, Cacau, \u00d3leo de Coco, \u00d3leo de Girassol, Vinagre de Cidra, Bicarbonato de S\u00f3dio e Sal marinho. N\u00e3o cont\u00e9m ingredientes de origem animal, corantes ou conservantes. Sem adi\u00e7\u00e3o de a\u00e7\u00facar.<\/p>\n<p><strong>Dados Nutricionais<\/strong><br \/>\n\t\t\t\tDeclara\u00e7\u00e3o Nutricional por 100g:<br \/> Energia: 351 kcal;<br \/> Prote\u00edna: 5,22g;<br \/> Hidratos de carbono: 47,76g &#8211; dos quais a\u00e7\u00facares: 10,18g;<br \/> L\u00edpidos: 14,17g &#8211; dos quais saturados: 12,52g;<br \/> Fibra: 3,28g;<br \/> Sal: 0,41g<\/p>\n<p><strong>Modo Utiliza\u00e7\u00e3o<\/strong><br \/>Ideais para lanches, pequenos-almo\u00e7os, etc. Conservar em local seco e fresco.<\/p>\n","protected":false},"excerpt":{"rendered":"<p>Descri\u00e7\u00e3o Ingredientes: Farinha de Trigo tipo 65, Farinha de Trigo Integral, Agave, Cacau, \u00d3leo de Coco, \u00d3leo de Girassol, Vinagre de Cidra, Bicarbonato de S\u00f3dio e Sal marinho. N\u00e3o cont\u00e9m ingredientes de origem animal, corantes ou conservantes. Sem adi\u00e7\u00e3o de a\u00e7\u00facar. Dados Nutricionais Declara\u00e7\u00e3o Nutricional por 100g: Energia: 351 kcal; Prote\u00edna: 5,22g; Hidratos de carbono: [&hellip;]<\/p>\n","protected":false},"featured_media":9327,"comment_status":"closed","ping_status":"closed","template":"","meta":[],"product_cat":[29],"product_tag":[],"class_list":["post-9326","product","type-product","status-publish","has-post-thumbnail","hentry","product_cat-bolachas_e_snacks"],"bundle_layout":"","bundled_by":[],"bundled_items":[],"yoast_head":"<!-- This site is optimized with the Yoast SEO plugin v26.3 - https:\/\/yoast.com\/wordpress\/plugins\/seo\/ -->\n<title>BISCOITOS CACAU C\/AGAVE BIO 200GRS NATURSOL<\/title>\n<meta name=\"description\" content=\"BISCOITOS CACAU C\/AGAVE BIO 200GRS NATURSOL\" \/>\n<meta name=\"robots\" content=\"index, follow, max-snippet:-1, max-image-preview:large, max-video-preview:-1\" \/>\n<link rel=\"canonical\" href=\"https:\/\/biocabaz.pt\/web\/produto\/biscoitos-cacau-c-agave-bio-200grs-natursol\/\" \/>\n<meta property=\"og:locale\" content=\"pt_PT\" \/>\n<meta property=\"og:locale:alternate\" content=\"en_US\" \/>\n<meta property=\"og:type\" content=\"article\" \/>\n<meta property=\"og:title\" content=\"BISCOITOS CACAU C\/AGAVE BIO 200GRS NATURSOL\" \/>\n<meta property=\"og:description\" content=\"BISCOITOS CACAU C\/AGAVE BIO 200GRS NATURSOL\" \/>\n<meta property=\"og:url\" content=\"https:\/\/www.biocabaz.pt\/web\/produto\/biscoitos-cacau-c-agave-bio-200grs-natursol\/\" \/>\n<meta property=\"og:site_name\" content=\"BIOCABAZ - CABAZES BIOL\u00d3GICOS\" \/>\n<meta property=\"article:modified_time\" content=\"2023-03-28T22:41:07+00:00\" \/>\n<meta property=\"og:image\" content=\"https:\/\/www.biocabaz.pt\/web\/wp-conteudos\/uploads\/2018\/10\/BISCOITOS-CACAU-COM-AGAVE-BIO-200GRS-NATURSOL-e1540814739498.jpg\" \/>\n\t<meta property=\"og:image:width\" content=\"500\" \/>\n\t<meta property=\"og:image:height\" content=\"500\" \/>\n\t<meta property=\"og:image:type\" content=\"image\/jpeg\" \/>\n<meta name=\"twitter:card\" content=\"summary_large_image\" \/>\n<meta name=\"twitter:label1\" content=\"Est. reading time\" \/>\n\t<meta name=\"twitter:data1\" content=\"1 minuto\" \/>\n<script type=\"application\/ld+json\" class=\"yoast-schema-graph\">{\"@context\":\"https:\/\/schema.org\",\"@graph\":[{\"@type\":\"WebPage\",\"@id\":\"https:\/\/biocabaz.pt\/web\/produto\/biscoitos-cacau-c-agave-bio-200grs-natursol\/\",\"url\":\"https:\/\/biocabaz.pt\/web\/produto\/biscoitos-cacau-c-agave-bio-200grs-natursol\/\",\"name\":\"BISCOITOS CACAU C\/AGAVE BIO 200GRS NATURSOL\",\"isPartOf\":{\"@id\":\"https:\/\/biocabaz.pt\/web\/#website\"},\"primaryImageOfPage\":{\"@id\":\"https:\/\/biocabaz.pt\/web\/produto\/biscoitos-cacau-c-agave-bio-200grs-natursol\/#primaryimage\"},\"image\":{\"@id\":\"https:\/\/biocabaz.pt\/web\/produto\/biscoitos-cacau-c-agave-bio-200grs-natursol\/#primaryimage\"},\"thumbnailUrl\":\"https:\/\/www.biocabaz.pt\/web\/wp-conteudos\/uploads\/2018\/10\/BISCOITOS-CACAU-COM-AGAVE-BIO-200GRS-NATURSOL-e1540814739498.jpg\",\"datePublished\":\"2018-10-29T12:06:58+00:00\",\"dateModified\":\"2023-03-28T22:41:07+00:00\",\"description\":\"BISCOITOS CACAU C\/AGAVE BIO 200GRS NATURSOL\",\"breadcrumb\":{\"@id\":\"https:\/\/biocabaz.pt\/web\/produto\/biscoitos-cacau-c-agave-bio-200grs-natursol\/#breadcrumb\"},\"inLanguage\":\"pt-PT\",\"potentialAction\":[{\"@type\":\"ReadAction\",\"target\":[\"https:\/\/biocabaz.pt\/web\/produto\/biscoitos-cacau-c-agave-bio-200grs-natursol\/\"]}]},{\"@type\":\"ImageObject\",\"inLanguage\":\"pt-PT\",\"@id\":\"https:\/\/biocabaz.pt\/web\/produto\/biscoitos-cacau-c-agave-bio-200grs-natursol\/#primaryimage\",\"url\":\"https:\/\/www.biocabaz.pt\/web\/wp-conteudos\/uploads\/2018\/10\/BISCOITOS-CACAU-COM-AGAVE-BIO-200GRS-NATURSOL-e1540814739498.jpg\",\"contentUrl\":\"https:\/\/www.biocabaz.pt\/web\/wp-conteudos\/uploads\/2018\/10\/BISCOITOS-CACAU-COM-AGAVE-BIO-200GRS-NATURSOL-e1540814739498.jpg\",\"width\":500,\"height\":500,\"caption\":\"BISCOITOS CACAU C\/AGAVE BIO 200GRS NATURSOL\"},{\"@type\":\"BreadcrumbList\",\"@id\":\"https:\/\/biocabaz.pt\/web\/produto\/biscoitos-cacau-c-agave-bio-200grs-natursol\/#breadcrumb\",\"itemListElement\":[{\"@type\":\"ListItem\",\"position\":1,\"name\":\"Home\",\"item\":\"https:\/\/biocabaz.pt\/web\/\"},{\"@type\":\"ListItem\",\"position\":2,\"name\":\"Loja\",\"item\":\"https:\/\/biocabaz.pt\/web\/shop\/\"},{\"@type\":\"ListItem\",\"position\":3,\"name\":\"BISCOITOS CACAU C\/AGAVE BIO 200GRS NATURSOL\"}]},{\"@type\":\"WebSite\",\"@id\":\"https:\/\/biocabaz.pt\/web\/#website\",\"url\":\"https:\/\/biocabaz.pt\/web\/\",\"name\":\"BIOCABAZ - CABAZES BIOL\u00d3GICOS\",\"description\":\"O melhor que a terra d\u00e1 \u00e9 para si\",\"potentialAction\":[{\"@type\":\"SearchAction\",\"target\":{\"@type\":\"EntryPoint\",\"urlTemplate\":\"https:\/\/biocabaz.pt\/web\/?s={search_term_string}\"},\"query-input\":{\"@type\":\"PropertyValueSpecification\",\"valueRequired\":true,\"valueName\":\"search_term_string\"}}],\"inLanguage\":\"pt-PT\"}]}<\/script>\n<!-- \/ Yoast SEO plugin. -->","yoast_head_json":{"title":"BISCOITOS CACAU C\/AGAVE BIO 200GRS NATURSOL","description":"BISCOITOS CACAU C\/AGAVE BIO 200GRS NATURSOL","robots":{"index":"index","follow":"follow","max-snippet":"max-snippet:-1","max-image-preview":"max-image-preview:large","max-video-preview":"max-video-preview:-1"},"canonical":"https:\/\/biocabaz.pt\/web\/produto\/biscoitos-cacau-c-agave-bio-200grs-natursol\/","og_locale":"pt_PT","og_type":"article","og_title":"[:en]NATURSOL ORGANIC COCOA BISCUITS WITH AGAVE 200GR[:pt]BISCOITOS CACAU C\/AGAVE BIO 200GRS NATURSOL[:] - BIOCABAZ - CABAZES BIOL\u00d3GICOS","og_description":"BISCOITOS CACAU C\/AGAVE BIO 200GRS NATURSOL","og_url":"https:\/\/www.biocabaz.pt\/web\/produto\/biscoitos-cacau-c-agave-bio-200grs-natursol\/","og_site_name":"BIOCABAZ - CABAZES BIOL\u00d3GICOS","article_modified_time":"2023-03-28T22:41:07+00:00","og_image":[{"width":500,"height":500,"url":"https:\/\/www.biocabaz.pt\/web\/wp-conteudos\/uploads\/2018\/10\/BISCOITOS-CACAU-COM-AGAVE-BIO-200GRS-NATURSOL-e1540814739498.jpg","type":"image\/jpeg"}],"twitter_card":"summary_large_image","twitter_misc":{"Est. reading time":"1 minuto"},"schema":{"@context":"https:\/\/schema.org","@graph":[{"@type":"WebPage","@id":"https:\/\/biocabaz.pt\/web\/produto\/biscoitos-cacau-c-agave-bio-200grs-natursol\/","url":"https:\/\/biocabaz.pt\/web\/produto\/biscoitos-cacau-c-agave-bio-200grs-natursol\/","name":"BISCOITOS CACAU C\/AGAVE BIO 200GRS NATURSOL","isPartOf":{"@id":"https:\/\/biocabaz.pt\/web\/#website"},"primaryImageOfPage":{"@id":"https:\/\/biocabaz.pt\/web\/produto\/biscoitos-cacau-c-agave-bio-200grs-natursol\/#primaryimage"},"image":{"@id":"https:\/\/biocabaz.pt\/web\/produto\/biscoitos-cacau-c-agave-bio-200grs-natursol\/#primaryimage"},"thumbnailUrl":"https:\/\/www.biocabaz.pt\/web\/wp-conteudos\/uploads\/2018\/10\/BISCOITOS-CACAU-COM-AGAVE-BIO-200GRS-NATURSOL-e1540814739498.jpg","datePublished":"2018-10-29T12:06:58+00:00","dateModified":"2023-03-28T22:41:07+00:00","description":"BISCOITOS CACAU C\/AGAVE BIO 200GRS NATURSOL","breadcrumb":{"@id":"https:\/\/biocabaz.pt\/web\/produto\/biscoitos-cacau-c-agave-bio-200grs-natursol\/#breadcrumb"},"inLanguage":"pt-PT","potentialAction":[{"@type":"ReadAction","target":["https:\/\/biocabaz.pt\/web\/produto\/biscoitos-cacau-c-agave-bio-200grs-natursol\/"]}]},{"@type":"ImageObject","inLanguage":"pt-PT","@id":"https:\/\/biocabaz.pt\/web\/produto\/biscoitos-cacau-c-agave-bio-200grs-natursol\/#primaryimage","url":"https:\/\/www.biocabaz.pt\/web\/wp-conteudos\/uploads\/2018\/10\/BISCOITOS-CACAU-COM-AGAVE-BIO-200GRS-NATURSOL-e1540814739498.jpg","contentUrl":"https:\/\/www.biocabaz.pt\/web\/wp-conteudos\/uploads\/2018\/10\/BISCOITOS-CACAU-COM-AGAVE-BIO-200GRS-NATURSOL-e1540814739498.jpg","width":500,"height":500,"caption":"BISCOITOS CACAU C\/AGAVE BIO 200GRS NATURSOL"},{"@type":"BreadcrumbList","@id":"https:\/\/biocabaz.pt\/web\/produto\/biscoitos-cacau-c-agave-bio-200grs-natursol\/#breadcrumb","itemListElement":[{"@type":"ListItem","position":1,"name":"Home","item":"https:\/\/biocabaz.pt\/web\/"},{"@type":"ListItem","position":2,"name":"Loja","item":"https:\/\/biocabaz.pt\/web\/shop\/"},{"@type":"ListItem","position":3,"name":"BISCOITOS CACAU C\/AGAVE BIO 200GRS NATURSOL"}]},{"@type":"WebSite","@id":"https:\/\/biocabaz.pt\/web\/#website","url":"https:\/\/biocabaz.pt\/web\/","name":"BIOCABAZ - CABAZES BIOL\u00d3GICOS","description":"O melhor que a terra d\u00e1 \u00e9 para si","potentialAction":[{"@type":"SearchAction","target":{"@type":"EntryPoint","urlTemplate":"https:\/\/biocabaz.pt\/web\/?s={search_term_string}"},"query-input":{"@type":"PropertyValueSpecification","valueRequired":true,"valueName":"search_term_string"}}],"inLanguage":"pt-PT"}]}},"_links":{"self":[{"href":"https:\/\/www.biocabaz.pt\/web\/wp-json\/wp\/v2\/product\/9326","targetHints":{"allow":["GET"]}}],"collection":[{"href":"https:\/\/www.biocabaz.pt\/web\/wp-json\/wp\/v2\/product"}],"about":[{"href":"https:\/\/www.biocabaz.pt\/web\/wp-json\/wp\/v2\/types\/product"}],"replies":[{"embeddable":true,"href":"https:\/\/www.biocabaz.pt\/web\/wp-json\/wp\/v2\/comments?post=9326"}],"wp:featuredmedia":[{"embeddable":true,"href":"https:\/\/www.biocabaz.pt\/web\/wp-json\/wp\/v2\/media\/9327"}],"wp:attachment":[{"href":"https:\/\/www.biocabaz.pt\/web\/wp-json\/wp\/v2\/media?parent=9326"}],"wp:term":[{"taxonomy":"product_cat","embeddable":true,"href":"https:\/\/www.biocabaz.pt\/web\/wp-json\/wp\/v2\/product_cat?post=9326"},{"taxonomy":"product_tag","embeddable":true,"href":"https:\/\/www.biocabaz.pt\/web\/wp-json\/wp\/v2\/product_tag?post=9326"}],"curies":[{"name":"wp","href":"https:\/\/api.w.org\/{rel}","templated":true}]}}