{"id":930,"date":"2016-04-14T21:42:25","date_gmt":"2016-04-14T21:42:25","guid":{"rendered":"http:\/\/www.biocabaz.com\/web\/produto\/mix-damor-200g-iswari\/"},"modified":"2023-04-17T12:08:48","modified_gmt":"2023-04-17T12:08:48","slug":"clorela-em-po-bio-provida-125g","status":"publish","type":"product","link":"https:\/\/www.biocabaz.pt\/web\/produto\/clorela-em-po-bio-provida-125g\/","title":{"rendered":"Clorela em P\u00f3 BIO Pr\u00f3vida 125g"},"content":{"rendered":"<h3>DESCRI\u00c7\u00c3O<\/h3>\n<p>Clorela Liofilizada BIO 125g Pr\u00f3vida. Rica em prote\u00edna, ferro e vitamina B3. Ingredientes: Clorela liofilizada de produ\u00e7\u00e3o biol\u00f3gica. Cont\u00e9m sulfitos naturalmente presentes. Poder\u00e1 conter vest\u00edgios de s\u00e9samo, frutos de casca rija (am\u00eandoa e avel\u00e3) e amendoim. PT-BIO-04 Origem: n\u00e3o UE. Embalagem 100% compost\u00e1vel. Sem gl\u00faten. Vegan.<\/p>\n<h3>DADOS NUTRICIONAIS<\/h3>\n<p>Declara\u00e7\u00e3o Nutricional por 100g: Energia &#8211; 1523kJ\/364kcal; L\u00edpidos &#8211; 6,5g, dos quais saturados &#8211; 3,3g, Hidratos de Carbono &#8211; 2g, dos quais a\u00e7\u00facares &#8211; 0,9g; Fibra &#8211; 8,7g; Prote\u00ednas &#8211; 70g; Sal &#8211; 1,4g; Niacina-Vitamina B3 &#8211; 17mg (106% VRN*); Ferro &#8211; 55mg (393%VRN*); Magn\u00e9sio &#8211; 240mg (64%VRN*). * VRN &#8211; Valor de refer\u00eancia do nutriente.<\/p>\n<h3>MODO DE UTILIZA\u00c7\u00c3O<\/h3>\n<p>Pronto a consumir. Adicionar 1 colher de sopa (10-15g) aos seus batidos favoritos ou nos seus cereais e iogurtes. CONSERVAR EM LOCAL SECO E FRESCO.<\/p>\n","protected":false},"excerpt":{"rendered":"<p>DESCRI\u00c7\u00c3O Clorela Liofilizada BIO 125g Pr\u00f3vida. Rica em prote\u00edna, ferro e vitamina B3. Ingredientes: Clorela liofilizada de produ\u00e7\u00e3o biol\u00f3gica. Cont\u00e9m sulfitos naturalmente presentes. Poder\u00e1 conter vest\u00edgios de s\u00e9samo, frutos de casca rija (am\u00eandoa e avel\u00e3) e amendoim. PT-BIO-04 Origem: n\u00e3o UE. Embalagem 100% compost\u00e1vel. Sem gl\u00faten. Vegan. DADOS NUTRICIONAIS Declara\u00e7\u00e3o Nutricional por 100g: Energia &#8211; [&hellip;]<\/p>\n","protected":false},"featured_media":82239,"comment_status":"closed","ping_status":"closed","template":"","meta":[],"product_cat":[55],"product_tag":[],"class_list":["post-930","product","type-product","status-publish","has-post-thumbnail","hentry","product_cat-superalimentos"],"bundle_layout":"","bundled_by":[],"bundled_items":[],"yoast_head":"<!-- This site is optimized with the Yoast SEO plugin v26.3 - https:\/\/yoast.com\/wordpress\/plugins\/seo\/ -->\n<title>Clorela em P\u00f3 BIO Pr\u00f3vida 125g<\/title>\n<meta name=\"robots\" content=\"index, follow, max-snippet:-1, max-image-preview:large, max-video-preview:-1\" \/>\n<link rel=\"canonical\" href=\"https:\/\/www.biocabaz.pt\/web\/produto\/clorela-em-po-bio-provida-125g\/\" \/>\n<meta property=\"og:locale\" content=\"pt_PT\" \/>\n<meta property=\"og:locale:alternate\" content=\"en_US\" \/>\n<meta property=\"og:type\" content=\"article\" \/>\n<meta property=\"og:title\" content=\"Clorela em P\u00f3 BIO Pr\u00f3vida 125g\" \/>\n<meta property=\"og:description\" content=\"DESCRI\u00c7\u00c3O Clorela Liofilizada BIO 125g Pr\u00f3vida. Rica em prote\u00edna, ferro e vitamina B3. Ingredientes: Clorela liofilizada de produ\u00e7\u00e3o biol\u00f3gica. Cont\u00e9m sulfitos naturalmente presentes. Poder\u00e1 conter vest\u00edgios de s\u00e9samo, frutos de casca rija (am\u00eandoa e avel\u00e3) e amendoim. PT-BIO-04 Origem: n\u00e3o UE. Embalagem 100% compost\u00e1vel. Sem gl\u00faten. Vegan. DADOS NUTRICIONAIS Declara\u00e7\u00e3o Nutricional por 100g: Energia &#8211; [&hellip;]\" \/>\n<meta property=\"og:url\" content=\"https:\/\/www.biocabaz.pt\/web\/produto\/clorela-em-po-bio-provida-125g\/\" \/>\n<meta property=\"og:site_name\" content=\"BIOCABAZ - CABAZES BIOL\u00d3GICOS\" \/>\n<meta property=\"article:modified_time\" content=\"2023-04-17T12:08:48+00:00\" \/>\n<meta property=\"og:image\" content=\"https:\/\/www.biocabaz.pt\/web\/wp-conteudos\/uploads\/2016\/04\/clorela-em-po-bio-provida-125g-e1644518738182.jpg\" \/>\n\t<meta property=\"og:image:width\" content=\"500\" \/>\n\t<meta property=\"og:image:height\" content=\"500\" \/>\n\t<meta property=\"og:image:type\" content=\"image\/jpeg\" \/>\n<meta name=\"twitter:card\" content=\"summary_large_image\" \/>\n<meta name=\"twitter:label1\" content=\"Est. reading time\" \/>\n\t<meta name=\"twitter:data1\" content=\"2 minutos\" \/>\n<script type=\"application\/ld+json\" class=\"yoast-schema-graph\">{\"@context\":\"https:\/\/schema.org\",\"@graph\":[{\"@type\":\"WebPage\",\"@id\":\"https:\/\/www.biocabaz.pt\/web\/produto\/clorela-em-po-bio-provida-125g\/\",\"url\":\"https:\/\/www.biocabaz.pt\/web\/produto\/clorela-em-po-bio-provida-125g\/\",\"name\":\"Clorela em P\u00f3 BIO Pr\u00f3vida 125g\",\"isPartOf\":{\"@id\":\"https:\/\/www.biocabaz.pt\/web\/en\/#website\"},\"primaryImageOfPage\":{\"@id\":\"https:\/\/www.biocabaz.pt\/web\/produto\/clorela-em-po-bio-provida-125g\/#primaryimage\"},\"image\":{\"@id\":\"https:\/\/www.biocabaz.pt\/web\/produto\/clorela-em-po-bio-provida-125g\/#primaryimage\"},\"thumbnailUrl\":\"https:\/\/www.biocabaz.pt\/web\/wp-conteudos\/uploads\/2016\/04\/clorela-em-po-bio-provida-125g-e1644518738182.jpg\",\"datePublished\":\"2016-04-14T21:42:25+00:00\",\"dateModified\":\"2023-04-17T12:08:48+00:00\",\"breadcrumb\":{\"@id\":\"https:\/\/www.biocabaz.pt\/web\/produto\/clorela-em-po-bio-provida-125g\/#breadcrumb\"},\"inLanguage\":\"pt-PT\",\"potentialAction\":[{\"@type\":\"ReadAction\",\"target\":[\"https:\/\/www.biocabaz.pt\/web\/produto\/clorela-em-po-bio-provida-125g\/\"]}]},{\"@type\":\"ImageObject\",\"inLanguage\":\"pt-PT\",\"@id\":\"https:\/\/www.biocabaz.pt\/web\/produto\/clorela-em-po-bio-provida-125g\/#primaryimage\",\"url\":\"https:\/\/www.biocabaz.pt\/web\/wp-conteudos\/uploads\/2016\/04\/clorela-em-po-bio-provida-125g-e1644518738182.jpg\",\"contentUrl\":\"https:\/\/www.biocabaz.pt\/web\/wp-conteudos\/uploads\/2016\/04\/clorela-em-po-bio-provida-125g-e1644518738182.jpg\",\"width\":500,\"height\":500,\"caption\":\"Clorela em P\u00f3 BIO Pr\u00f3vida 125g\"},{\"@type\":\"BreadcrumbList\",\"@id\":\"https:\/\/www.biocabaz.pt\/web\/produto\/clorela-em-po-bio-provida-125g\/#breadcrumb\",\"itemListElement\":[{\"@type\":\"ListItem\",\"position\":1,\"name\":\"Home\",\"item\":\"https:\/\/www.biocabaz.pt\/web\/en\/\"},{\"@type\":\"ListItem\",\"position\":2,\"name\":\"Shop\",\"item\":\"https:\/\/www.biocabaz.pt\/web\/en\/shop\/\"},{\"@type\":\"ListItem\",\"position\":3,\"name\":\"Clorela em P\u00f3 BIO Pr\u00f3vida 125g\"}]},{\"@type\":\"WebSite\",\"@id\":\"https:\/\/www.biocabaz.pt\/web\/en\/#website\",\"url\":\"https:\/\/www.biocabaz.pt\/web\/en\/\",\"name\":\"BIOCABAZ - CABAZES BIOL\u00d3GICOS\",\"description\":\"O melhor que a terra d\u00e1 \u00e9 para si\",\"potentialAction\":[{\"@type\":\"SearchAction\",\"target\":{\"@type\":\"EntryPoint\",\"urlTemplate\":\"https:\/\/www.biocabaz.pt\/web\/en\/?s={search_term_string}\"},\"query-input\":{\"@type\":\"PropertyValueSpecification\",\"valueRequired\":true,\"valueName\":\"search_term_string\"}}],\"inLanguage\":\"pt-PT\"}]}<\/script>\n<!-- \/ Yoast SEO plugin. -->","yoast_head_json":{"title":"Clorela em P\u00f3 BIO Pr\u00f3vida 125g","robots":{"index":"index","follow":"follow","max-snippet":"max-snippet:-1","max-image-preview":"max-image-preview:large","max-video-preview":"max-video-preview:-1"},"canonical":"https:\/\/www.biocabaz.pt\/web\/produto\/clorela-em-po-bio-provida-125g\/","og_locale":"pt_PT","og_type":"article","og_title":"[:en]Clorela em P\u00f3 BIO Pr\u00f3vida 125g[:pt]Clorela em P\u00f3 BIO Pr\u00f3vida 125g[:] - BIOCABAZ - CABAZES BIOL\u00d3GICOS","og_description":"DESCRI\u00c7\u00c3O Clorela Liofilizada BIO 125g Pr\u00f3vida. Rica em prote\u00edna, ferro e vitamina B3. Ingredientes: Clorela liofilizada de produ\u00e7\u00e3o biol\u00f3gica. Cont\u00e9m sulfitos naturalmente presentes. Poder\u00e1 conter vest\u00edgios de s\u00e9samo, frutos de casca rija (am\u00eandoa e avel\u00e3) e amendoim. PT-BIO-04 Origem: n\u00e3o UE. Embalagem 100% compost\u00e1vel. Sem gl\u00faten. Vegan. DADOS NUTRICIONAIS Declara\u00e7\u00e3o Nutricional por 100g: Energia &#8211; [&hellip;]","og_url":"https:\/\/www.biocabaz.pt\/web\/produto\/clorela-em-po-bio-provida-125g\/","og_site_name":"BIOCABAZ - CABAZES BIOL\u00d3GICOS","article_modified_time":"2023-04-17T12:08:48+00:00","og_image":[{"width":500,"height":500,"url":"https:\/\/www.biocabaz.pt\/web\/wp-conteudos\/uploads\/2016\/04\/clorela-em-po-bio-provida-125g-e1644518738182.jpg","type":"image\/jpeg"}],"twitter_card":"summary_large_image","twitter_misc":{"Est. reading time":"2 minutos"},"schema":{"@context":"https:\/\/schema.org","@graph":[{"@type":"WebPage","@id":"https:\/\/www.biocabaz.pt\/web\/produto\/clorela-em-po-bio-provida-125g\/","url":"https:\/\/www.biocabaz.pt\/web\/produto\/clorela-em-po-bio-provida-125g\/","name":"Clorela em P\u00f3 BIO Pr\u00f3vida 125g","isPartOf":{"@id":"https:\/\/www.biocabaz.pt\/web\/en\/#website"},"primaryImageOfPage":{"@id":"https:\/\/www.biocabaz.pt\/web\/produto\/clorela-em-po-bio-provida-125g\/#primaryimage"},"image":{"@id":"https:\/\/www.biocabaz.pt\/web\/produto\/clorela-em-po-bio-provida-125g\/#primaryimage"},"thumbnailUrl":"https:\/\/www.biocabaz.pt\/web\/wp-conteudos\/uploads\/2016\/04\/clorela-em-po-bio-provida-125g-e1644518738182.jpg","datePublished":"2016-04-14T21:42:25+00:00","dateModified":"2023-04-17T12:08:48+00:00","breadcrumb":{"@id":"https:\/\/www.biocabaz.pt\/web\/produto\/clorela-em-po-bio-provida-125g\/#breadcrumb"},"inLanguage":"pt-PT","potentialAction":[{"@type":"ReadAction","target":["https:\/\/www.biocabaz.pt\/web\/produto\/clorela-em-po-bio-provida-125g\/"]}]},{"@type":"ImageObject","inLanguage":"pt-PT","@id":"https:\/\/www.biocabaz.pt\/web\/produto\/clorela-em-po-bio-provida-125g\/#primaryimage","url":"https:\/\/www.biocabaz.pt\/web\/wp-conteudos\/uploads\/2016\/04\/clorela-em-po-bio-provida-125g-e1644518738182.jpg","contentUrl":"https:\/\/www.biocabaz.pt\/web\/wp-conteudos\/uploads\/2016\/04\/clorela-em-po-bio-provida-125g-e1644518738182.jpg","width":500,"height":500,"caption":"Clorela em P\u00f3 BIO Pr\u00f3vida 125g"},{"@type":"BreadcrumbList","@id":"https:\/\/www.biocabaz.pt\/web\/produto\/clorela-em-po-bio-provida-125g\/#breadcrumb","itemListElement":[{"@type":"ListItem","position":1,"name":"Home","item":"https:\/\/www.biocabaz.pt\/web\/en\/"},{"@type":"ListItem","position":2,"name":"Shop","item":"https:\/\/www.biocabaz.pt\/web\/en\/shop\/"},{"@type":"ListItem","position":3,"name":"Clorela em P\u00f3 BIO Pr\u00f3vida 125g"}]},{"@type":"WebSite","@id":"https:\/\/www.biocabaz.pt\/web\/en\/#website","url":"https:\/\/www.biocabaz.pt\/web\/en\/","name":"BIOCABAZ - CABAZES BIOL\u00d3GICOS","description":"O melhor que a terra d\u00e1 \u00e9 para si","potentialAction":[{"@type":"SearchAction","target":{"@type":"EntryPoint","urlTemplate":"https:\/\/www.biocabaz.pt\/web\/en\/?s={search_term_string}"},"query-input":{"@type":"PropertyValueSpecification","valueRequired":true,"valueName":"search_term_string"}}],"inLanguage":"pt-PT"}]}},"_links":{"self":[{"href":"https:\/\/www.biocabaz.pt\/web\/wp-json\/wp\/v2\/product\/930","targetHints":{"allow":["GET"]}}],"collection":[{"href":"https:\/\/www.biocabaz.pt\/web\/wp-json\/wp\/v2\/product"}],"about":[{"href":"https:\/\/www.biocabaz.pt\/web\/wp-json\/wp\/v2\/types\/product"}],"replies":[{"embeddable":true,"href":"https:\/\/www.biocabaz.pt\/web\/wp-json\/wp\/v2\/comments?post=930"}],"wp:featuredmedia":[{"embeddable":true,"href":"https:\/\/www.biocabaz.pt\/web\/wp-json\/wp\/v2\/media\/82239"}],"wp:attachment":[{"href":"https:\/\/www.biocabaz.pt\/web\/wp-json\/wp\/v2\/media?parent=930"}],"wp:term":[{"taxonomy":"product_cat","embeddable":true,"href":"https:\/\/www.biocabaz.pt\/web\/wp-json\/wp\/v2\/product_cat?post=930"},{"taxonomy":"product_tag","embeddable":true,"href":"https:\/\/www.biocabaz.pt\/web\/wp-json\/wp\/v2\/product_tag?post=930"}],"curies":[{"name":"wp","href":"https:\/\/api.w.org\/{rel}","templated":true}]}}