{"id":925,"date":"2016-04-14T21:42:18","date_gmt":"2016-04-14T21:42:18","guid":{"rendered":"http:\/\/www.biocabaz.com\/web\/produto\/sortido-de-bolachas-s-gluten-200g-celisor\/"},"modified":"2022-10-03T12:12:17","modified_gmt":"2022-10-03T12:12:17","slug":"sortido-de-bolachas-s-gluten-200g-celisor","status":"publish","type":"product","link":"https:\/\/www.biocabaz.pt\/web\/produto\/sortido-de-bolachas-s-gluten-200g-celisor\/","title":{"rendered":"SORTIDO DE BOLACHAS S\/ GLUTEN BIO 200G CELISOR"},"content":{"rendered":"<p><strong>Descri\u00e7\u00e3o <\/strong><br \/>\n\t\t\t\tIngredientes: BOLINHO DE SOJA (25%) : Amido de tapioca *, panela * (20%), farinha integral de soja * (18,54%), \u00f3leo de girassol *, \u00e1gua, sabor natural, emulsificante: lecitina de soja *, antioxidante : Extrato rico em tocofer\u00f3is, gaseificante: bicarbonato de s\u00f3dio e am\u00f4nio, sal marinho. BISCOITOS DE ARROZ (25%) : Amido de tapioca *, panela * (18,6%), \u00f3leo de girassol *, farinha de arroz * integral (11,76%), farinha de soja *, \u00e1gua, sabor natural, emulsificante : lecitina de soja *, antioxidante: extrato rico em tocofer\u00f3is, espessante: goma xantana, agente de cozimento: s\u00f3dio e bicarbonato de am\u00f4nio, sal marinho. BOLINHOS DE CHOCOLATE (25%) : Amido de tapioca *, panela * (20%), farinha de soja *, \u00f3leo de girassol *, \u00e1gua, cacau * p\u00f3 (5%), emulsionante: lecitina de soja *, sabor natural , antioxidante: extrato rico em tocofer\u00f3is, gaseificadores: bicarbonato de s\u00f3dio e am\u00f4nio, sal marinho. BOLINHOS DE QUINOA (25%) : Amido de tapioca *, panela * (20%), \u00f3leo de girassol *, farinha de soja *, \u00e1gua, farinha integral de quinoa * (5,0%), canela * (1%) , emulsificante: lecitina de soja *, antioxidante: extrato rico em tocofer\u00f3is, gaseificante: bicarbonato de s\u00f3dio e am\u00f4nio, sal marinho. *Provenientes de Agricultura Biol\u00f3gica.<\/p>\n<p><strong>Dados Nutricionais<\/strong>\n\t\t\t\t<\/p>\n<p><strong>Modo Utiliza\u00e7\u00e3o<\/strong><br \/>Conservar em local fresco e seco. Uma vez aberto, \u00e9 recomend\u00e1vel consumir nos 5 dias seguintes.<\/p>\n","protected":false},"excerpt":{"rendered":"<p>Descri\u00e7\u00e3o Ingredientes: BOLINHO DE SOJA (25%) : Amido de tapioca *, panela * (20%), farinha integral de soja * (18,54%), \u00f3leo de girassol *, \u00e1gua, sabor natural, emulsificante: lecitina de soja *, antioxidante : Extrato rico em tocofer\u00f3is, gaseificante: bicarbonato de s\u00f3dio e am\u00f4nio, sal marinho. BISCOITOS DE ARROZ (25%) : Amido de tapioca *, [&hellip;]<\/p>\n","protected":false},"featured_media":1151,"comment_status":"closed","ping_status":"closed","template":"","meta":[],"product_cat":[53,54],"product_tag":[],"class_list":["post-925","product","type-product","status-publish","has-post-thumbnail","hentry","product_cat-sem-gluten-e-superalimentos","product_cat-alimentos-sem-gluten"],"bundle_layout":"","bundled_by":[],"bundled_items":[],"yoast_head":"<!-- This site is optimized with the Yoast SEO plugin v26.3 - https:\/\/yoast.com\/wordpress\/plugins\/seo\/ -->\n<title>SORTIDO DE BOLACHAS S\/ GLUTEN BIO 200G CELISOR<\/title>\n<meta name=\"robots\" content=\"index, follow, max-snippet:-1, max-image-preview:large, max-video-preview:-1\" \/>\n<link rel=\"canonical\" href=\"https:\/\/www.biocabaz.pt\/web\/produto\/sortido-de-bolachas-s-gluten-200g-celisor\/\" \/>\n<meta property=\"og:locale\" content=\"pt_PT\" \/>\n<meta property=\"og:locale:alternate\" content=\"en_US\" \/>\n<meta property=\"og:type\" content=\"article\" \/>\n<meta property=\"og:title\" content=\"SORTIDO DE BOLACHAS S\/ GLUTEN BIO 200G CELISOR\" \/>\n<meta property=\"og:description\" content=\"Descri\u00e7\u00e3o Ingredientes: BOLINHO DE SOJA (25%) : Amido de tapioca *, panela * (20%), farinha integral de soja * (18,54%), \u00f3leo de girassol *, \u00e1gua, sabor natural, emulsificante: lecitina de soja *, antioxidante : Extrato rico em tocofer\u00f3is, gaseificante: bicarbonato de s\u00f3dio e am\u00f4nio, sal marinho. BISCOITOS DE ARROZ (25%) : Amido de tapioca *, [&hellip;]\" \/>\n<meta property=\"og:url\" content=\"https:\/\/www.biocabaz.pt\/web\/produto\/sortido-de-bolachas-s-gluten-200g-celisor\/\" \/>\n<meta property=\"og:site_name\" content=\"BIOCABAZ - CABAZES BIOL\u00d3GICOS\" \/>\n<meta property=\"article:modified_time\" content=\"2022-10-03T12:12:17+00:00\" \/>\n<meta property=\"og:image\" content=\"https:\/\/www.biocabaz.pt\/web\/wp-conteudos\/uploads\/2016\/04\/sortido-bolachas.jpg\" \/>\n\t<meta property=\"og:image:width\" content=\"500\" \/>\n\t<meta property=\"og:image:height\" content=\"503\" \/>\n\t<meta property=\"og:image:type\" content=\"image\/jpeg\" \/>\n<meta name=\"twitter:card\" content=\"summary_large_image\" \/>\n<meta name=\"twitter:label1\" content=\"Est. reading time\" \/>\n\t<meta name=\"twitter:data1\" content=\"2 minutos\" \/>\n<script type=\"application\/ld+json\" class=\"yoast-schema-graph\">{\"@context\":\"https:\/\/schema.org\",\"@graph\":[{\"@type\":\"WebPage\",\"@id\":\"https:\/\/www.biocabaz.pt\/web\/en\/produto\/sortido-de-bolachas-s-gluten-200g-celisor\/\",\"url\":\"https:\/\/www.biocabaz.pt\/web\/en\/produto\/sortido-de-bolachas-s-gluten-200g-celisor\/\",\"name\":\"SORTIDO DE BOLACHAS S\/ GLUTEN BIO 200G CELISOR\",\"isPartOf\":{\"@id\":\"https:\/\/biocabaz.pt\/web\/en\/#website\"},\"primaryImageOfPage\":{\"@id\":\"https:\/\/www.biocabaz.pt\/web\/en\/produto\/sortido-de-bolachas-s-gluten-200g-celisor\/#primaryimage\"},\"image\":{\"@id\":\"https:\/\/www.biocabaz.pt\/web\/en\/produto\/sortido-de-bolachas-s-gluten-200g-celisor\/#primaryimage\"},\"thumbnailUrl\":\"https:\/\/www.biocabaz.pt\/web\/wp-conteudos\/uploads\/2016\/04\/sortido-bolachas.jpg\",\"datePublished\":\"2016-04-14T21:42:18+00:00\",\"dateModified\":\"2022-10-03T12:12:17+00:00\",\"breadcrumb\":{\"@id\":\"https:\/\/www.biocabaz.pt\/web\/en\/produto\/sortido-de-bolachas-s-gluten-200g-celisor\/#breadcrumb\"},\"inLanguage\":\"pt-PT\",\"potentialAction\":[{\"@type\":\"ReadAction\",\"target\":[\"https:\/\/www.biocabaz.pt\/web\/en\/produto\/sortido-de-bolachas-s-gluten-200g-celisor\/\"]}]},{\"@type\":\"ImageObject\",\"inLanguage\":\"pt-PT\",\"@id\":\"https:\/\/www.biocabaz.pt\/web\/en\/produto\/sortido-de-bolachas-s-gluten-200g-celisor\/#primaryimage\",\"url\":\"https:\/\/www.biocabaz.pt\/web\/wp-conteudos\/uploads\/2016\/04\/sortido-bolachas.jpg\",\"contentUrl\":\"https:\/\/www.biocabaz.pt\/web\/wp-conteudos\/uploads\/2016\/04\/sortido-bolachas.jpg\",\"width\":500,\"height\":503},{\"@type\":\"BreadcrumbList\",\"@id\":\"https:\/\/www.biocabaz.pt\/web\/en\/produto\/sortido-de-bolachas-s-gluten-200g-celisor\/#breadcrumb\",\"itemListElement\":[{\"@type\":\"ListItem\",\"position\":1,\"name\":\"Home\",\"item\":\"https:\/\/biocabaz.pt\/web\/en\/\"},{\"@type\":\"ListItem\",\"position\":2,\"name\":\"Shop\",\"item\":\"https:\/\/biocabaz.pt\/web\/en\/shop\/\"},{\"@type\":\"ListItem\",\"position\":3,\"name\":\"CELISOR ORGANIC GLUTEN-FREE COOKIES ASSORTED 200GR\"}]},{\"@type\":\"WebSite\",\"@id\":\"https:\/\/biocabaz.pt\/web\/en\/#website\",\"url\":\"https:\/\/biocabaz.pt\/web\/en\/\",\"name\":\"BIOCABAZ - CABAZES BIOL\u00d3GICOS\",\"description\":\"O melhor que a terra d\u00e1 \u00e9 para si\",\"potentialAction\":[{\"@type\":\"SearchAction\",\"target\":{\"@type\":\"EntryPoint\",\"urlTemplate\":\"https:\/\/biocabaz.pt\/web\/en\/?s={search_term_string}\"},\"query-input\":{\"@type\":\"PropertyValueSpecification\",\"valueRequired\":true,\"valueName\":\"search_term_string\"}}],\"inLanguage\":\"pt-PT\"}]}<\/script>\n<!-- \/ Yoast SEO plugin. -->","yoast_head_json":{"title":"SORTIDO DE BOLACHAS S\/ GLUTEN BIO 200G CELISOR","robots":{"index":"index","follow":"follow","max-snippet":"max-snippet:-1","max-image-preview":"max-image-preview:large","max-video-preview":"max-video-preview:-1"},"canonical":"https:\/\/www.biocabaz.pt\/web\/produto\/sortido-de-bolachas-s-gluten-200g-celisor\/","og_locale":"pt_PT","og_type":"article","og_title":"[:pt]SORTIDO DE BOLACHAS S\/ GLUTEN BIO 200G CELISOR[:en]CELISOR ORGANIC GLUTEN-FREE COOKIES ASSORTED 200GR[:] - BIOCABAZ - CABAZES BIOL\u00d3GICOS","og_description":"Descri\u00e7\u00e3o Ingredientes: BOLINHO DE SOJA (25%) : Amido de tapioca *, panela * (20%), farinha integral de soja * (18,54%), \u00f3leo de girassol *, \u00e1gua, sabor natural, emulsificante: lecitina de soja *, antioxidante : Extrato rico em tocofer\u00f3is, gaseificante: bicarbonato de s\u00f3dio e am\u00f4nio, sal marinho. BISCOITOS DE ARROZ (25%) : Amido de tapioca *, [&hellip;]","og_url":"https:\/\/www.biocabaz.pt\/web\/produto\/sortido-de-bolachas-s-gluten-200g-celisor\/","og_site_name":"BIOCABAZ - CABAZES BIOL\u00d3GICOS","article_modified_time":"2022-10-03T12:12:17+00:00","og_image":[{"width":500,"height":503,"url":"https:\/\/www.biocabaz.pt\/web\/wp-conteudos\/uploads\/2016\/04\/sortido-bolachas.jpg","type":"image\/jpeg"}],"twitter_card":"summary_large_image","twitter_misc":{"Est. reading time":"2 minutos"},"schema":{"@context":"https:\/\/schema.org","@graph":[{"@type":"WebPage","@id":"https:\/\/www.biocabaz.pt\/web\/en\/produto\/sortido-de-bolachas-s-gluten-200g-celisor\/","url":"https:\/\/www.biocabaz.pt\/web\/en\/produto\/sortido-de-bolachas-s-gluten-200g-celisor\/","name":"SORTIDO DE BOLACHAS S\/ GLUTEN BIO 200G CELISOR","isPartOf":{"@id":"https:\/\/biocabaz.pt\/web\/en\/#website"},"primaryImageOfPage":{"@id":"https:\/\/www.biocabaz.pt\/web\/en\/produto\/sortido-de-bolachas-s-gluten-200g-celisor\/#primaryimage"},"image":{"@id":"https:\/\/www.biocabaz.pt\/web\/en\/produto\/sortido-de-bolachas-s-gluten-200g-celisor\/#primaryimage"},"thumbnailUrl":"https:\/\/www.biocabaz.pt\/web\/wp-conteudos\/uploads\/2016\/04\/sortido-bolachas.jpg","datePublished":"2016-04-14T21:42:18+00:00","dateModified":"2022-10-03T12:12:17+00:00","breadcrumb":{"@id":"https:\/\/www.biocabaz.pt\/web\/en\/produto\/sortido-de-bolachas-s-gluten-200g-celisor\/#breadcrumb"},"inLanguage":"pt-PT","potentialAction":[{"@type":"ReadAction","target":["https:\/\/www.biocabaz.pt\/web\/en\/produto\/sortido-de-bolachas-s-gluten-200g-celisor\/"]}]},{"@type":"ImageObject","inLanguage":"pt-PT","@id":"https:\/\/www.biocabaz.pt\/web\/en\/produto\/sortido-de-bolachas-s-gluten-200g-celisor\/#primaryimage","url":"https:\/\/www.biocabaz.pt\/web\/wp-conteudos\/uploads\/2016\/04\/sortido-bolachas.jpg","contentUrl":"https:\/\/www.biocabaz.pt\/web\/wp-conteudos\/uploads\/2016\/04\/sortido-bolachas.jpg","width":500,"height":503},{"@type":"BreadcrumbList","@id":"https:\/\/www.biocabaz.pt\/web\/en\/produto\/sortido-de-bolachas-s-gluten-200g-celisor\/#breadcrumb","itemListElement":[{"@type":"ListItem","position":1,"name":"Home","item":"https:\/\/biocabaz.pt\/web\/en\/"},{"@type":"ListItem","position":2,"name":"Shop","item":"https:\/\/biocabaz.pt\/web\/en\/shop\/"},{"@type":"ListItem","position":3,"name":"CELISOR ORGANIC GLUTEN-FREE COOKIES ASSORTED 200GR"}]},{"@type":"WebSite","@id":"https:\/\/biocabaz.pt\/web\/en\/#website","url":"https:\/\/biocabaz.pt\/web\/en\/","name":"BIOCABAZ - CABAZES BIOL\u00d3GICOS","description":"O melhor que a terra d\u00e1 \u00e9 para si","potentialAction":[{"@type":"SearchAction","target":{"@type":"EntryPoint","urlTemplate":"https:\/\/biocabaz.pt\/web\/en\/?s={search_term_string}"},"query-input":{"@type":"PropertyValueSpecification","valueRequired":true,"valueName":"search_term_string"}}],"inLanguage":"pt-PT"}]}},"_links":{"self":[{"href":"https:\/\/www.biocabaz.pt\/web\/wp-json\/wp\/v2\/product\/925","targetHints":{"allow":["GET"]}}],"collection":[{"href":"https:\/\/www.biocabaz.pt\/web\/wp-json\/wp\/v2\/product"}],"about":[{"href":"https:\/\/www.biocabaz.pt\/web\/wp-json\/wp\/v2\/types\/product"}],"replies":[{"embeddable":true,"href":"https:\/\/www.biocabaz.pt\/web\/wp-json\/wp\/v2\/comments?post=925"}],"wp:featuredmedia":[{"embeddable":true,"href":"https:\/\/www.biocabaz.pt\/web\/wp-json\/wp\/v2\/media\/1151"}],"wp:attachment":[{"href":"https:\/\/www.biocabaz.pt\/web\/wp-json\/wp\/v2\/media?parent=925"}],"wp:term":[{"taxonomy":"product_cat","embeddable":true,"href":"https:\/\/www.biocabaz.pt\/web\/wp-json\/wp\/v2\/product_cat?post=925"},{"taxonomy":"product_tag","embeddable":true,"href":"https:\/\/www.biocabaz.pt\/web\/wp-json\/wp\/v2\/product_tag?post=925"}],"curies":[{"name":"wp","href":"https:\/\/api.w.org\/{rel}","templated":true}]}}