{"id":912,"date":"2016-04-14T21:42:01","date_gmt":"2016-04-14T21:42:01","guid":{"rendered":"http:\/\/www.biocabaz.com\/web\/produto\/galetes-3-cereais-s-gluten-130g-lima\/"},"modified":"2022-10-03T12:15:38","modified_gmt":"2022-10-03T12:15:38","slug":"galetes-3-cereais-s-gluten-130g-lima","status":"publish","type":"product","link":"https:\/\/www.biocabaz.pt\/web\/produto\/galetes-3-cereais-s-gluten-130g-lima\/","title":{"rendered":"GALETES 3 CEREAIS S\/ GLUTEN BIO 130G LIMA"},"content":{"rendered":"<p><strong>Descri\u00e7\u00e3o <\/strong><br \/>\n\t\t\t\tIngredientes: Arroz integral*, millet*(5%), trigo sarraceno* (5%), sal marinho. *de Agricultura Biol\u00f3gica. Pobre em gorduras saturadas. Fonte de fibras.<\/p>\n<p><strong>Dados Nutricionais<\/strong><br \/>\n\t\t\t\tDeclara\u00e7\u00e3o Nutricional por 100g:<br \/> Energia: 386kcal \/ 1615kJ;<br \/> Prote\u00ednas: 7,8g;<br \/> Gl\u00faten: 0,0g;<br \/> Hidratos de Carbono: 80,4g &#8211; dos quais a\u00e7\u00facares: 0,3g;<br \/> L\u00edpidos: 3,0g &#8211; dos quais saturados: 0,7g;<br \/> Fibra Alimentar: 3,3g;<br \/> S\u00f3dio: 0,13g.<\/p>\n<p><strong>Modo Utiliza\u00e7\u00e3o<\/strong><br \/>Conservar em local fresco e seco.<\/p>\n","protected":false},"excerpt":{"rendered":"<p>Descri\u00e7\u00e3o Ingredientes: Arroz integral*, millet*(5%), trigo sarraceno* (5%), sal marinho. *de Agricultura Biol\u00f3gica. Pobre em gorduras saturadas. Fonte de fibras. Dados Nutricionais Declara\u00e7\u00e3o Nutricional por 100g: Energia: 386kcal \/ 1615kJ; Prote\u00ednas: 7,8g; Gl\u00faten: 0,0g; Hidratos de Carbono: 80,4g &#8211; dos quais a\u00e7\u00facares: 0,3g; L\u00edpidos: 3,0g &#8211; dos quais saturados: 0,7g; Fibra Alimentar: 3,3g; S\u00f3dio: 0,13g. [&hellip;]<\/p>\n","protected":false},"featured_media":1155,"comment_status":"closed","ping_status":"closed","template":"","meta":[],"product_cat":[54],"product_tag":[],"class_list":["post-912","product","type-product","status-publish","has-post-thumbnail","hentry","product_cat-alimentos-sem-gluten"],"bundle_layout":"","bundled_by":[],"bundled_items":[],"yoast_head":"<!-- This site is optimized with the Yoast SEO plugin v26.3 - https:\/\/yoast.com\/wordpress\/plugins\/seo\/ -->\n<title>GALETES 3 CEREAIS S\/ GLUTEN BIO 130G LIMA<\/title>\n<meta name=\"robots\" content=\"index, follow, max-snippet:-1, max-image-preview:large, max-video-preview:-1\" \/>\n<link rel=\"canonical\" href=\"https:\/\/www.biocabaz.pt\/web\/produto\/galetes-3-cereais-s-gluten-130g-lima\/\" \/>\n<meta property=\"og:locale\" content=\"pt_PT\" \/>\n<meta property=\"og:locale:alternate\" content=\"en_US\" \/>\n<meta property=\"og:type\" content=\"article\" \/>\n<meta property=\"og:title\" content=\"GALETES 3 CEREAIS S\/ GLUTEN BIO 130G LIMA\" \/>\n<meta property=\"og:description\" content=\"Descri\u00e7\u00e3o Ingredientes: Arroz integral*, millet*(5%), trigo sarraceno* (5%), sal marinho. *de Agricultura Biol\u00f3gica. Pobre em gorduras saturadas. Fonte de fibras. Dados Nutricionais Declara\u00e7\u00e3o Nutricional por 100g: Energia: 386kcal \/ 1615kJ; Prote\u00ednas: 7,8g; Gl\u00faten: 0,0g; Hidratos de Carbono: 80,4g &#8211; dos quais a\u00e7\u00facares: 0,3g; L\u00edpidos: 3,0g &#8211; dos quais saturados: 0,7g; Fibra Alimentar: 3,3g; S\u00f3dio: 0,13g. [&hellip;]\" \/>\n<meta property=\"og:url\" content=\"https:\/\/www.biocabaz.pt\/web\/produto\/galetes-3-cereais-s-gluten-130g-lima\/\" \/>\n<meta property=\"og:site_name\" content=\"BIOCABAZ - CABAZES BIOL\u00d3GICOS\" \/>\n<meta property=\"article:modified_time\" content=\"2022-10-03T12:15:38+00:00\" \/>\n<meta property=\"og:image\" content=\"https:\/\/www.biocabaz.pt\/web\/wp-conteudos\/uploads\/2016\/04\/galetes-arroz-lima.jpg\" \/>\n\t<meta property=\"og:image:width\" content=\"737\" \/>\n\t<meta property=\"og:image:height\" content=\"1024\" \/>\n\t<meta property=\"og:image:type\" content=\"image\/jpeg\" \/>\n<meta name=\"twitter:card\" content=\"summary_large_image\" \/>\n<meta name=\"twitter:label1\" content=\"Est. reading time\" \/>\n\t<meta name=\"twitter:data1\" content=\"1 minuto\" \/>\n<script type=\"application\/ld+json\" class=\"yoast-schema-graph\">{\"@context\":\"https:\/\/schema.org\",\"@graph\":[{\"@type\":\"WebPage\",\"@id\":\"https:\/\/www.biocabaz.pt\/web\/produto\/galetes-3-cereais-s-gluten-130g-lima\/\",\"url\":\"https:\/\/www.biocabaz.pt\/web\/produto\/galetes-3-cereais-s-gluten-130g-lima\/\",\"name\":\"GALETES 3 CEREAIS S\/ GLUTEN BIO 130G LIMA\",\"isPartOf\":{\"@id\":\"https:\/\/biocabaz.pt\/web\/en\/#website\"},\"primaryImageOfPage\":{\"@id\":\"https:\/\/www.biocabaz.pt\/web\/produto\/galetes-3-cereais-s-gluten-130g-lima\/#primaryimage\"},\"image\":{\"@id\":\"https:\/\/www.biocabaz.pt\/web\/produto\/galetes-3-cereais-s-gluten-130g-lima\/#primaryimage\"},\"thumbnailUrl\":\"https:\/\/www.biocabaz.pt\/web\/wp-conteudos\/uploads\/2016\/04\/galetes-arroz-lima.jpg\",\"datePublished\":\"2016-04-14T21:42:01+00:00\",\"dateModified\":\"2022-10-03T12:15:38+00:00\",\"breadcrumb\":{\"@id\":\"https:\/\/www.biocabaz.pt\/web\/produto\/galetes-3-cereais-s-gluten-130g-lima\/#breadcrumb\"},\"inLanguage\":\"pt-PT\",\"potentialAction\":[{\"@type\":\"ReadAction\",\"target\":[\"https:\/\/www.biocabaz.pt\/web\/produto\/galetes-3-cereais-s-gluten-130g-lima\/\"]}]},{\"@type\":\"ImageObject\",\"inLanguage\":\"pt-PT\",\"@id\":\"https:\/\/www.biocabaz.pt\/web\/produto\/galetes-3-cereais-s-gluten-130g-lima\/#primaryimage\",\"url\":\"https:\/\/www.biocabaz.pt\/web\/wp-conteudos\/uploads\/2016\/04\/galetes-arroz-lima.jpg\",\"contentUrl\":\"https:\/\/www.biocabaz.pt\/web\/wp-conteudos\/uploads\/2016\/04\/galetes-arroz-lima.jpg\",\"width\":737,\"height\":1024},{\"@type\":\"BreadcrumbList\",\"@id\":\"https:\/\/www.biocabaz.pt\/web\/produto\/galetes-3-cereais-s-gluten-130g-lima\/#breadcrumb\",\"itemListElement\":[{\"@type\":\"ListItem\",\"position\":1,\"name\":\"Home\",\"item\":\"https:\/\/biocabaz.pt\/web\/en\/\"},{\"@type\":\"ListItem\",\"position\":2,\"name\":\"Shop\",\"item\":\"https:\/\/biocabaz.pt\/web\/en\/shop\/\"},{\"@type\":\"ListItem\",\"position\":3,\"name\":\"GALETES 3 CEREAIS S\/ GLUTEN BIO 130G LIMA\"}]},{\"@type\":\"WebSite\",\"@id\":\"https:\/\/biocabaz.pt\/web\/en\/#website\",\"url\":\"https:\/\/biocabaz.pt\/web\/en\/\",\"name\":\"BIOCABAZ - CABAZES BIOL\u00d3GICOS\",\"description\":\"O melhor que a terra d\u00e1 \u00e9 para si\",\"potentialAction\":[{\"@type\":\"SearchAction\",\"target\":{\"@type\":\"EntryPoint\",\"urlTemplate\":\"https:\/\/biocabaz.pt\/web\/en\/?s={search_term_string}\"},\"query-input\":{\"@type\":\"PropertyValueSpecification\",\"valueRequired\":true,\"valueName\":\"search_term_string\"}}],\"inLanguage\":\"pt-PT\"}]}<\/script>\n<!-- \/ Yoast SEO plugin. -->","yoast_head_json":{"title":"GALETES 3 CEREAIS S\/ GLUTEN BIO 130G LIMA","robots":{"index":"index","follow":"follow","max-snippet":"max-snippet:-1","max-image-preview":"max-image-preview:large","max-video-preview":"max-video-preview:-1"},"canonical":"https:\/\/www.biocabaz.pt\/web\/produto\/galetes-3-cereais-s-gluten-130g-lima\/","og_locale":"pt_PT","og_type":"article","og_title":"[:en]LIMA ORGANIC 3-GRAINS RICE CAKES 140GR[:pt]GALETES 3 CEREAIS S\/ GLUTEN BIO 130G LIMA[:] - BIOCABAZ - CABAZES BIOL\u00d3GICOS","og_description":"Descri\u00e7\u00e3o Ingredientes: Arroz integral*, millet*(5%), trigo sarraceno* (5%), sal marinho. *de Agricultura Biol\u00f3gica. Pobre em gorduras saturadas. Fonte de fibras. Dados Nutricionais Declara\u00e7\u00e3o Nutricional por 100g: Energia: 386kcal \/ 1615kJ; Prote\u00ednas: 7,8g; Gl\u00faten: 0,0g; Hidratos de Carbono: 80,4g &#8211; dos quais a\u00e7\u00facares: 0,3g; L\u00edpidos: 3,0g &#8211; dos quais saturados: 0,7g; Fibra Alimentar: 3,3g; S\u00f3dio: 0,13g. [&hellip;]","og_url":"https:\/\/www.biocabaz.pt\/web\/produto\/galetes-3-cereais-s-gluten-130g-lima\/","og_site_name":"BIOCABAZ - CABAZES BIOL\u00d3GICOS","article_modified_time":"2022-10-03T12:15:38+00:00","og_image":[{"width":737,"height":1024,"url":"https:\/\/www.biocabaz.pt\/web\/wp-conteudos\/uploads\/2016\/04\/galetes-arroz-lima.jpg","type":"image\/jpeg"}],"twitter_card":"summary_large_image","twitter_misc":{"Est. reading time":"1 minuto"},"schema":{"@context":"https:\/\/schema.org","@graph":[{"@type":"WebPage","@id":"https:\/\/www.biocabaz.pt\/web\/produto\/galetes-3-cereais-s-gluten-130g-lima\/","url":"https:\/\/www.biocabaz.pt\/web\/produto\/galetes-3-cereais-s-gluten-130g-lima\/","name":"GALETES 3 CEREAIS S\/ GLUTEN BIO 130G LIMA","isPartOf":{"@id":"https:\/\/biocabaz.pt\/web\/en\/#website"},"primaryImageOfPage":{"@id":"https:\/\/www.biocabaz.pt\/web\/produto\/galetes-3-cereais-s-gluten-130g-lima\/#primaryimage"},"image":{"@id":"https:\/\/www.biocabaz.pt\/web\/produto\/galetes-3-cereais-s-gluten-130g-lima\/#primaryimage"},"thumbnailUrl":"https:\/\/www.biocabaz.pt\/web\/wp-conteudos\/uploads\/2016\/04\/galetes-arroz-lima.jpg","datePublished":"2016-04-14T21:42:01+00:00","dateModified":"2022-10-03T12:15:38+00:00","breadcrumb":{"@id":"https:\/\/www.biocabaz.pt\/web\/produto\/galetes-3-cereais-s-gluten-130g-lima\/#breadcrumb"},"inLanguage":"pt-PT","potentialAction":[{"@type":"ReadAction","target":["https:\/\/www.biocabaz.pt\/web\/produto\/galetes-3-cereais-s-gluten-130g-lima\/"]}]},{"@type":"ImageObject","inLanguage":"pt-PT","@id":"https:\/\/www.biocabaz.pt\/web\/produto\/galetes-3-cereais-s-gluten-130g-lima\/#primaryimage","url":"https:\/\/www.biocabaz.pt\/web\/wp-conteudos\/uploads\/2016\/04\/galetes-arroz-lima.jpg","contentUrl":"https:\/\/www.biocabaz.pt\/web\/wp-conteudos\/uploads\/2016\/04\/galetes-arroz-lima.jpg","width":737,"height":1024},{"@type":"BreadcrumbList","@id":"https:\/\/www.biocabaz.pt\/web\/produto\/galetes-3-cereais-s-gluten-130g-lima\/#breadcrumb","itemListElement":[{"@type":"ListItem","position":1,"name":"Home","item":"https:\/\/biocabaz.pt\/web\/en\/"},{"@type":"ListItem","position":2,"name":"Shop","item":"https:\/\/biocabaz.pt\/web\/en\/shop\/"},{"@type":"ListItem","position":3,"name":"GALETES 3 CEREAIS S\/ GLUTEN BIO 130G LIMA"}]},{"@type":"WebSite","@id":"https:\/\/biocabaz.pt\/web\/en\/#website","url":"https:\/\/biocabaz.pt\/web\/en\/","name":"BIOCABAZ - CABAZES BIOL\u00d3GICOS","description":"O melhor que a terra d\u00e1 \u00e9 para si","potentialAction":[{"@type":"SearchAction","target":{"@type":"EntryPoint","urlTemplate":"https:\/\/biocabaz.pt\/web\/en\/?s={search_term_string}"},"query-input":{"@type":"PropertyValueSpecification","valueRequired":true,"valueName":"search_term_string"}}],"inLanguage":"pt-PT"}]}},"_links":{"self":[{"href":"https:\/\/www.biocabaz.pt\/web\/wp-json\/wp\/v2\/product\/912","targetHints":{"allow":["GET"]}}],"collection":[{"href":"https:\/\/www.biocabaz.pt\/web\/wp-json\/wp\/v2\/product"}],"about":[{"href":"https:\/\/www.biocabaz.pt\/web\/wp-json\/wp\/v2\/types\/product"}],"replies":[{"embeddable":true,"href":"https:\/\/www.biocabaz.pt\/web\/wp-json\/wp\/v2\/comments?post=912"}],"wp:featuredmedia":[{"embeddable":true,"href":"https:\/\/www.biocabaz.pt\/web\/wp-json\/wp\/v2\/media\/1155"}],"wp:attachment":[{"href":"https:\/\/www.biocabaz.pt\/web\/wp-json\/wp\/v2\/media?parent=912"}],"wp:term":[{"taxonomy":"product_cat","embeddable":true,"href":"https:\/\/www.biocabaz.pt\/web\/wp-json\/wp\/v2\/product_cat?post=912"},{"taxonomy":"product_tag","embeddable":true,"href":"https:\/\/www.biocabaz.pt\/web\/wp-json\/wp\/v2\/product_tag?post=912"}],"curies":[{"name":"wp","href":"https:\/\/api.w.org\/{rel}","templated":true}]}}