{"id":910,"date":"2016-04-14T21:41:58","date_gmt":"2016-04-14T21:41:58","guid":{"rendered":"http:\/\/www.biocabaz.com\/web\/produto\/cornflakes-glace-s-gluten-250g-mavie\/"},"modified":"2022-10-03T12:15:57","modified_gmt":"2022-10-03T12:15:57","slug":"cornflakes-glace-s-gluten-250g-mavie","status":"publish","type":"product","link":"https:\/\/www.biocabaz.pt\/web\/produto\/cornflakes-glace-s-gluten-250g-mavie\/","title":{"rendered":"CORNFLAKES GLAC\u00c9 S\/ GLUTEN BIO 250G MAVIE"},"content":{"rendered":"<p><strong>Descri\u00e7\u00e3o <\/strong><br \/>\n\t\t\t\tIngredientes: Milho *, a\u00e7\u00facar de cana *, sal, amido de milho *, agente gelificante: goma ar\u00e1bica, emulsificante: lecitina de girassol *. * Da agricultura biol\u00f3gica.<\/p>\n<p><strong>Dados Nutricionais<\/strong><br \/>\n\t\t\t\tDeclara\u00e7\u00e3o Nutricional por 100g:<br \/> Energia: 1556kj \/ 367kcal;<br \/> L\u00edpidos: 0,5g \u2013 dos quais saturados: 0,2g;<br \/> Hidratos de carbono: 84g \u2013 dos quais a\u00e7\u00facares: 34g;<br \/> Fibras: 3g;<br \/> Prote\u00ednas: 5g;<br \/> Sal: 1,300mg.<\/p>\n<p><strong>Modo Utiliza\u00e7\u00e3o<\/strong><br \/>Conservar em local fresco e seco.<\/p>\n","protected":false},"excerpt":{"rendered":"<p>Descri\u00e7\u00e3o Ingredientes: Milho *, a\u00e7\u00facar de cana *, sal, amido de milho *, agente gelificante: goma ar\u00e1bica, emulsificante: lecitina de girassol *. * Da agricultura biol\u00f3gica. Dados Nutricionais Declara\u00e7\u00e3o Nutricional por 100g: Energia: 1556kj \/ 367kcal; L\u00edpidos: 0,5g \u2013 dos quais saturados: 0,2g; Hidratos de carbono: 84g \u2013 dos quais a\u00e7\u00facares: 34g; Fibras: 3g; Prote\u00ednas: [&hellip;]<\/p>\n","protected":false},"featured_media":1154,"comment_status":"closed","ping_status":"closed","template":"","meta":[],"product_cat":[54],"product_tag":[],"class_list":["post-910","product","type-product","status-publish","has-post-thumbnail","hentry","product_cat-alimentos-sem-gluten"],"bundle_layout":"","bundled_by":[],"bundled_items":[],"yoast_head":"<!-- This site is optimized with the Yoast SEO plugin v26.3 - https:\/\/yoast.com\/wordpress\/plugins\/seo\/ -->\n<title>CORNFLAKES GLAC\u00c9 S\/ GLUTEN BIO 250G MAVIE<\/title>\n<meta name=\"robots\" content=\"index, follow, max-snippet:-1, max-image-preview:large, max-video-preview:-1\" \/>\n<link rel=\"canonical\" href=\"https:\/\/www.biocabaz.pt\/web\/produto\/cornflakes-glace-s-gluten-250g-mavie\/\" \/>\n<meta property=\"og:locale\" content=\"pt_PT\" \/>\n<meta property=\"og:locale:alternate\" content=\"en_US\" \/>\n<meta property=\"og:type\" content=\"article\" \/>\n<meta property=\"og:title\" content=\"CORNFLAKES GLAC\u00c9 S\/ GLUTEN BIO 250G MAVIE\" \/>\n<meta property=\"og:description\" content=\"Descri\u00e7\u00e3o Ingredientes: Milho *, a\u00e7\u00facar de cana *, sal, amido de milho *, agente gelificante: goma ar\u00e1bica, emulsificante: lecitina de girassol *. * Da agricultura biol\u00f3gica. Dados Nutricionais Declara\u00e7\u00e3o Nutricional por 100g: Energia: 1556kj \/ 367kcal; L\u00edpidos: 0,5g \u2013 dos quais saturados: 0,2g; Hidratos de carbono: 84g \u2013 dos quais a\u00e7\u00facares: 34g; Fibras: 3g; Prote\u00ednas: [&hellip;]\" \/>\n<meta property=\"og:url\" content=\"https:\/\/www.biocabaz.pt\/web\/produto\/cornflakes-glace-s-gluten-250g-mavie\/\" \/>\n<meta property=\"og:site_name\" content=\"BIOCABAZ - CABAZES BIOL\u00d3GICOS\" \/>\n<meta property=\"article:modified_time\" content=\"2022-10-03T12:15:57+00:00\" \/>\n<meta property=\"og:image\" content=\"https:\/\/www.biocabaz.pt\/web\/wp-conteudos\/uploads\/2016\/04\/corn_flakes_s_gluten.jpg\" \/>\n\t<meta property=\"og:image:width\" content=\"743\" \/>\n\t<meta property=\"og:image:height\" content=\"1024\" \/>\n\t<meta property=\"og:image:type\" content=\"image\/jpeg\" \/>\n<meta name=\"twitter:card\" content=\"summary_large_image\" \/>\n<meta name=\"twitter:label1\" content=\"Est. reading time\" \/>\n\t<meta name=\"twitter:data1\" content=\"1 minuto\" \/>\n<script type=\"application\/ld+json\" class=\"yoast-schema-graph\">{\"@context\":\"https:\/\/schema.org\",\"@graph\":[{\"@type\":\"WebPage\",\"@id\":\"https:\/\/www.biocabaz.pt\/web\/en\/produto\/cornflakes-glace-s-gluten-250g-mavie\/\",\"url\":\"https:\/\/www.biocabaz.pt\/web\/en\/produto\/cornflakes-glace-s-gluten-250g-mavie\/\",\"name\":\"CORNFLAKES GLAC\u00c9 S\/ GLUTEN BIO 250G MAVIE\",\"isPartOf\":{\"@id\":\"https:\/\/www.biocabaz.pt\/web\/en\/#website\"},\"primaryImageOfPage\":{\"@id\":\"https:\/\/www.biocabaz.pt\/web\/en\/produto\/cornflakes-glace-s-gluten-250g-mavie\/#primaryimage\"},\"image\":{\"@id\":\"https:\/\/www.biocabaz.pt\/web\/en\/produto\/cornflakes-glace-s-gluten-250g-mavie\/#primaryimage\"},\"thumbnailUrl\":\"https:\/\/www.biocabaz.pt\/web\/wp-conteudos\/uploads\/2016\/04\/corn_flakes_s_gluten.jpg\",\"datePublished\":\"2016-04-14T21:41:58+00:00\",\"dateModified\":\"2022-10-03T12:15:57+00:00\",\"breadcrumb\":{\"@id\":\"https:\/\/www.biocabaz.pt\/web\/en\/produto\/cornflakes-glace-s-gluten-250g-mavie\/#breadcrumb\"},\"inLanguage\":\"pt-PT\",\"potentialAction\":[{\"@type\":\"ReadAction\",\"target\":[\"https:\/\/www.biocabaz.pt\/web\/en\/produto\/cornflakes-glace-s-gluten-250g-mavie\/\"]}]},{\"@type\":\"ImageObject\",\"inLanguage\":\"pt-PT\",\"@id\":\"https:\/\/www.biocabaz.pt\/web\/en\/produto\/cornflakes-glace-s-gluten-250g-mavie\/#primaryimage\",\"url\":\"https:\/\/www.biocabaz.pt\/web\/wp-conteudos\/uploads\/2016\/04\/corn_flakes_s_gluten.jpg\",\"contentUrl\":\"https:\/\/www.biocabaz.pt\/web\/wp-conteudos\/uploads\/2016\/04\/corn_flakes_s_gluten.jpg\",\"width\":743,\"height\":1024},{\"@type\":\"BreadcrumbList\",\"@id\":\"https:\/\/www.biocabaz.pt\/web\/en\/produto\/cornflakes-glace-s-gluten-250g-mavie\/#breadcrumb\",\"itemListElement\":[{\"@type\":\"ListItem\",\"position\":1,\"name\":\"Home\",\"item\":\"https:\/\/www.biocabaz.pt\/web\/en\/\"},{\"@type\":\"ListItem\",\"position\":2,\"name\":\"Shop\",\"item\":\"https:\/\/www.biocabaz.pt\/web\/en\/shop\/\"},{\"@type\":\"ListItem\",\"position\":3,\"name\":\"MAVIE ORGANIC GLUTEN FREE CORN FLAKES WITH SUGAR 250GR\"}]},{\"@type\":\"WebSite\",\"@id\":\"https:\/\/www.biocabaz.pt\/web\/en\/#website\",\"url\":\"https:\/\/www.biocabaz.pt\/web\/en\/\",\"name\":\"BIOCABAZ - CABAZES BIOL\u00d3GICOS\",\"description\":\"O melhor que a terra d\u00e1 \u00e9 para si\",\"potentialAction\":[{\"@type\":\"SearchAction\",\"target\":{\"@type\":\"EntryPoint\",\"urlTemplate\":\"https:\/\/www.biocabaz.pt\/web\/en\/?s={search_term_string}\"},\"query-input\":{\"@type\":\"PropertyValueSpecification\",\"valueRequired\":true,\"valueName\":\"search_term_string\"}}],\"inLanguage\":\"pt-PT\"}]}<\/script>\n<!-- \/ Yoast SEO plugin. -->","yoast_head_json":{"title":"CORNFLAKES GLAC\u00c9 S\/ GLUTEN BIO 250G MAVIE","robots":{"index":"index","follow":"follow","max-snippet":"max-snippet:-1","max-image-preview":"max-image-preview:large","max-video-preview":"max-video-preview:-1"},"canonical":"https:\/\/www.biocabaz.pt\/web\/produto\/cornflakes-glace-s-gluten-250g-mavie\/","og_locale":"pt_PT","og_type":"article","og_title":"[:en]MAVIE ORGANIC GLUTEN FREE CORN FLAKES WITH SUGAR 250GR[:pt]CORNFLAKES GLAC\u00c9 S\/ GLUTEN BIO 250G MAVIE[:] - BIOCABAZ - CABAZES BIOL\u00d3GICOS","og_description":"Descri\u00e7\u00e3o Ingredientes: Milho *, a\u00e7\u00facar de cana *, sal, amido de milho *, agente gelificante: goma ar\u00e1bica, emulsificante: lecitina de girassol *. * Da agricultura biol\u00f3gica. Dados Nutricionais Declara\u00e7\u00e3o Nutricional por 100g: Energia: 1556kj \/ 367kcal; L\u00edpidos: 0,5g \u2013 dos quais saturados: 0,2g; Hidratos de carbono: 84g \u2013 dos quais a\u00e7\u00facares: 34g; Fibras: 3g; Prote\u00ednas: [&hellip;]","og_url":"https:\/\/www.biocabaz.pt\/web\/produto\/cornflakes-glace-s-gluten-250g-mavie\/","og_site_name":"BIOCABAZ - CABAZES BIOL\u00d3GICOS","article_modified_time":"2022-10-03T12:15:57+00:00","og_image":[{"width":743,"height":1024,"url":"https:\/\/www.biocabaz.pt\/web\/wp-conteudos\/uploads\/2016\/04\/corn_flakes_s_gluten.jpg","type":"image\/jpeg"}],"twitter_card":"summary_large_image","twitter_misc":{"Est. reading time":"1 minuto"},"schema":{"@context":"https:\/\/schema.org","@graph":[{"@type":"WebPage","@id":"https:\/\/www.biocabaz.pt\/web\/en\/produto\/cornflakes-glace-s-gluten-250g-mavie\/","url":"https:\/\/www.biocabaz.pt\/web\/en\/produto\/cornflakes-glace-s-gluten-250g-mavie\/","name":"CORNFLAKES GLAC\u00c9 S\/ GLUTEN BIO 250G MAVIE","isPartOf":{"@id":"https:\/\/www.biocabaz.pt\/web\/en\/#website"},"primaryImageOfPage":{"@id":"https:\/\/www.biocabaz.pt\/web\/en\/produto\/cornflakes-glace-s-gluten-250g-mavie\/#primaryimage"},"image":{"@id":"https:\/\/www.biocabaz.pt\/web\/en\/produto\/cornflakes-glace-s-gluten-250g-mavie\/#primaryimage"},"thumbnailUrl":"https:\/\/www.biocabaz.pt\/web\/wp-conteudos\/uploads\/2016\/04\/corn_flakes_s_gluten.jpg","datePublished":"2016-04-14T21:41:58+00:00","dateModified":"2022-10-03T12:15:57+00:00","breadcrumb":{"@id":"https:\/\/www.biocabaz.pt\/web\/en\/produto\/cornflakes-glace-s-gluten-250g-mavie\/#breadcrumb"},"inLanguage":"pt-PT","potentialAction":[{"@type":"ReadAction","target":["https:\/\/www.biocabaz.pt\/web\/en\/produto\/cornflakes-glace-s-gluten-250g-mavie\/"]}]},{"@type":"ImageObject","inLanguage":"pt-PT","@id":"https:\/\/www.biocabaz.pt\/web\/en\/produto\/cornflakes-glace-s-gluten-250g-mavie\/#primaryimage","url":"https:\/\/www.biocabaz.pt\/web\/wp-conteudos\/uploads\/2016\/04\/corn_flakes_s_gluten.jpg","contentUrl":"https:\/\/www.biocabaz.pt\/web\/wp-conteudos\/uploads\/2016\/04\/corn_flakes_s_gluten.jpg","width":743,"height":1024},{"@type":"BreadcrumbList","@id":"https:\/\/www.biocabaz.pt\/web\/en\/produto\/cornflakes-glace-s-gluten-250g-mavie\/#breadcrumb","itemListElement":[{"@type":"ListItem","position":1,"name":"Home","item":"https:\/\/www.biocabaz.pt\/web\/en\/"},{"@type":"ListItem","position":2,"name":"Shop","item":"https:\/\/www.biocabaz.pt\/web\/en\/shop\/"},{"@type":"ListItem","position":3,"name":"MAVIE ORGANIC GLUTEN FREE CORN FLAKES WITH SUGAR 250GR"}]},{"@type":"WebSite","@id":"https:\/\/www.biocabaz.pt\/web\/en\/#website","url":"https:\/\/www.biocabaz.pt\/web\/en\/","name":"BIOCABAZ - CABAZES BIOL\u00d3GICOS","description":"O melhor que a terra d\u00e1 \u00e9 para si","potentialAction":[{"@type":"SearchAction","target":{"@type":"EntryPoint","urlTemplate":"https:\/\/www.biocabaz.pt\/web\/en\/?s={search_term_string}"},"query-input":{"@type":"PropertyValueSpecification","valueRequired":true,"valueName":"search_term_string"}}],"inLanguage":"pt-PT"}]}},"_links":{"self":[{"href":"https:\/\/www.biocabaz.pt\/web\/wp-json\/wp\/v2\/product\/910","targetHints":{"allow":["GET"]}}],"collection":[{"href":"https:\/\/www.biocabaz.pt\/web\/wp-json\/wp\/v2\/product"}],"about":[{"href":"https:\/\/www.biocabaz.pt\/web\/wp-json\/wp\/v2\/types\/product"}],"replies":[{"embeddable":true,"href":"https:\/\/www.biocabaz.pt\/web\/wp-json\/wp\/v2\/comments?post=910"}],"wp:featuredmedia":[{"embeddable":true,"href":"https:\/\/www.biocabaz.pt\/web\/wp-json\/wp\/v2\/media\/1154"}],"wp:attachment":[{"href":"https:\/\/www.biocabaz.pt\/web\/wp-json\/wp\/v2\/media?parent=910"}],"wp:term":[{"taxonomy":"product_cat","embeddable":true,"href":"https:\/\/www.biocabaz.pt\/web\/wp-json\/wp\/v2\/product_cat?post=910"},{"taxonomy":"product_tag","embeddable":true,"href":"https:\/\/www.biocabaz.pt\/web\/wp-json\/wp\/v2\/product_tag?post=910"}],"curies":[{"name":"wp","href":"https:\/\/api.w.org\/{rel}","templated":true}]}}