{"id":75302,"date":"2021-09-03T10:05:10","date_gmt":"2021-09-03T10:05:10","guid":{"rendered":"https:\/\/www.biocabaz.pt\/web\/?post_type=product&#038;p=75302"},"modified":"2022-12-30T12:00:46","modified_gmt":"2022-12-30T12:00:46","slug":"kyolic-1000-mg-gold-nutrition-60-tabs","status":"publish","type":"product","link":"https:\/\/www.biocabaz.pt\/web\/produto\/kyolic-1000-mg-gold-nutrition-60-tabs\/","title":{"rendered":"Omega 3 Epa Premium 90 Caps Kyolic"},"content":{"rendered":"","protected":false},"excerpt":{"rendered":"<p>Kyolic\u00ae Omega 3 combina o Extrato de Alho Envelhecido\u2122 com \u00d3mega-3.<\/p>\n<p>A combina\u00e7\u00e3o \u00fanica dos ingredientes presente em Kyolic\u00ae Omega 3, actua sinergicamente para manter a sa\u00fade cardiovascular em geral, manter os n\u00edveis de colesterol saud\u00e1veis, reduzir a inflama\u00e7\u00e3o e manter a mobilidade e flexibilidade articular e prevenir o envelhecimento cerebral.<\/p>\n<p>O \u00f3mega-3 presente em Kyolic\u00ae Omega 3 \u00e9 obtido a partir de um \u00f3leo de peixe natural, uma das mais puras e ricas fontes em \u00e1cidos gordos essenciais \u00f3mega-3, nomeadamente EPA e DHA.<br \/>\nO processo de extrac\u00e7\u00e3o utilizado \u00e9 a destila\u00e7\u00e3o molecular, que vai garantir a m\u00e1xima qualidade e efic\u00e1cia do produto.<\/p>\n<p>O Extrato de Alho Envelhecido\u2122 KYOLIC\u00ae \u00e9 obtido a partir de alhos org\u00e2nicos, envelhecido durante 20 meses. Durante este processo, os compostos lipossol\u00faveis organo-sulfurados, inst\u00e1veis e agressivos para o organismo humano, s\u00e3o convertidos em compostos hidrossol\u00faveis, seguros e est\u00e1veis, incluindo amino\u00e1cidos sulfurados, que conferem ao alho todas as suas propriedades ben\u00e9ficas para a sa\u00fade. Esta convers\u00e3o elimina os compostos agressivos e os componentes que causam o odor t\u00edpico do alho, resultando um suplemento praticamente desprovido de odor.<\/p>\n<p>Composi\u00e7\u00e3o:<br \/>\nPor toma di\u00e1ria (4 c\u00e1psulas):<br \/>\nOmega-3 \u00f3leo de peixe concentrado (18% EPA e DHA 12%) \u2013 4000mg;<br \/>\n\u2013 EPA (\u00e1cido eicosapentaen\u00f3ico) \u2013 1200mg;<br \/>\n\u2013 DHA (\u00e1cido docosahexaen\u00f3ico) \u2013 800mg;<br \/>\nExtrato de Alho em p\u00f3 envelhecido (Bulbo) \u2013 480mg;<br \/>\nVitamina E \u2013 14,7mg (123%*).<\/p>\n<p>*VRN \u2013 Valor de Refer\u00eancia do Nutriente<\/p>\n<p>Ingredientes:<br \/>\nConcentrado de Oleo de Peixe (61%), C\u00e1psula (Gelatina, Glicerina, Agua purificada, Corante, Caramelo), Extrato de Alho Envelhecido, bolbo, Allium Sativum(7%), Agente de Volume (Cera de Abelha), D-Alfa-tocoferol.<\/p>\n<p>Isento de: Conservantes, a\u00e7\u00facar, lacticinios, Sodio, Leveduras, gluten, corantes ou aromas artificiais).<\/p>\n<p>Dosagem e Administra\u00e7\u00e3o:<br \/>\nTomar 2 c\u00e1psulas com uma refei\u00e7\u00e3o, 2 vezes ao dia.<\/p>\n<p>Apresenta\u00e7\u00e3o:<br \/>\nEmbalagem de 90 c\u00e1psulas<br \/><b>Modo de Utiliza\u00e7\u00e3o:<\/b> Dosagem e Administra\u00e7\u00e3o:<br \/>\nTomar 2 c\u00e1psulas com uma refei\u00e7\u00e3o, 2 vezes ao dia.<\/p>\n<p>Apresenta\u00e7\u00e3o:<br \/>\nEmbalagem de 90 c\u00e1psulas<\/p>\n<p>Avisos:<br \/>\nConservar em local fresco, seco e ao abrigo da luz.<\/p>\n<p>Se ocorrer alguma reac\u00e7\u00e3o, parar a utiliza\u00e7\u00e3o.<\/p>\n<p>N\u00e3o exceder a toma di\u00e1ria recomendada.<\/p>\n<p>Evite o produto em caso de alergia ou sensibilidade a algum dos ingredientes.<\/p>\n<p>Se estiver gr\u00e1vida, a amamentar, a tomar alguma especialidade farmac\u00eautica ou se sofre de alguma doen\u00e7a, consulte o seu m\u00e9dico ou t\u00e9cnico de sa\u00fade antes de tomar este suplemento.<\/p>\n<p>Os suplementos alimentares n\u00e3o devem ser utilizados como substitutos de um regime alimentar variado e de um estilo de vida saud\u00e1vel.<\/p>\n<p>Manter fora do alcance das crian\u00e7as.<\/p>\n","protected":false},"featured_media":75321,"comment_status":"closed","ping_status":"closed","template":"","meta":[],"product_cat":[88],"product_tag":[],"class_list":["post-75302","product","type-product","status-publish","has-post-thumbnail","hentry","product_cat-suplementos"],"bundle_layout":"","bundled_by":[],"bundled_items":[],"yoast_head":"<!-- This site is optimized with the Yoast SEO plugin v26.3 - https:\/\/yoast.com\/wordpress\/plugins\/seo\/ -->\n<title>Omega 3 Epa Premium 90 Caps Kyolic<\/title>\n<meta name=\"robots\" content=\"index, follow, max-snippet:-1, max-image-preview:large, max-video-preview:-1\" \/>\n<link rel=\"canonical\" href=\"https:\/\/www.biocabaz.pt\/web\/produto\/kyolic-1000-mg-gold-nutrition-60-tabs\/\" \/>\n<meta property=\"og:locale\" content=\"pt_PT\" \/>\n<meta property=\"og:locale:alternate\" content=\"en_US\" \/>\n<meta property=\"og:type\" content=\"article\" \/>\n<meta property=\"og:title\" content=\"Omega 3 Epa Premium 90 Caps Kyolic\" \/>\n<meta property=\"og:description\" content=\"Kyolic\u00ae Omega 3 combina o Extrato de Alho Envelhecido\u2122 com \u00d3mega-3. A combina\u00e7\u00e3o \u00fanica dos ingredientes presente em Kyolic\u00ae Omega 3, actua sinergicamente para manter a sa\u00fade cardiovascular em geral, manter os n\u00edveis de colesterol saud\u00e1veis, reduzir a inflama\u00e7\u00e3o e manter a mobilidade e flexibilidade articular e prevenir o envelhecimento cerebral. O \u00f3mega-3 presente em Kyolic\u00ae Omega 3 \u00e9 obtido a partir de um \u00f3leo de peixe natural, uma das mais puras e ricas fontes em \u00e1cidos gordos essenciais \u00f3mega-3, nomeadamente EPA e DHA. O processo de extrac\u00e7\u00e3o utilizado \u00e9 a destila\u00e7\u00e3o molecular, que vai garantir a m\u00e1xima qualidade e efic\u00e1cia do produto. O Extrato de Alho Envelhecido\u2122 KYOLIC\u00ae \u00e9 obtido a partir de alhos org\u00e2nicos, envelhecido durante 20 meses. Durante este processo, os compostos lipossol\u00faveis organo-sulfurados, inst\u00e1veis e agressivos para o organismo humano, s\u00e3o convertidos em compostos hidrossol\u00faveis, seguros e est\u00e1veis, incluindo amino\u00e1cidos sulfurados, que conferem ao alho todas as suas propriedades ben\u00e9ficas para a sa\u00fade. Esta convers\u00e3o elimina os compostos agressivos e os componentes que causam o odor t\u00edpico do alho, resultando um suplemento praticamente desprovido de odor. Composi\u00e7\u00e3o: Por toma di\u00e1ria (4 c\u00e1psulas): Omega-3 \u00f3leo de peixe concentrado (18% EPA e DHA 12%) \u2013 4000mg; \u2013 EPA (\u00e1cido eicosapentaen\u00f3ico) \u2013 1200mg; \u2013 DHA (\u00e1cido docosahexaen\u00f3ico) \u2013 800mg; Extrato de Alho em p\u00f3 envelhecido (Bulbo) \u2013 480mg; Vitamina E \u2013 14,7mg (123%*). *VRN \u2013 Valor de Refer\u00eancia do Nutriente Ingredientes: Concentrado de Oleo de Peixe (61%), C\u00e1psula (Gelatina, Glicerina, Agua purificada, Corante, Caramelo), Extrato de Alho Envelhecido, bolbo, Allium Sativum(7%), Agente de Volume (Cera de Abelha), D-Alfa-tocoferol. Isento de: Conservantes, a\u00e7\u00facar, lacticinios, Sodio, Leveduras, gluten, corantes ou aromas artificiais). Dosagem e Administra\u00e7\u00e3o: Tomar 2 c\u00e1psulas com uma refei\u00e7\u00e3o, 2 vezes ao dia. Apresenta\u00e7\u00e3o: Embalagem de 90 c\u00e1psulasModo de Utiliza\u00e7\u00e3o: Dosagem e Administra\u00e7\u00e3o: Tomar 2 c\u00e1psulas com uma refei\u00e7\u00e3o, 2 vezes ao dia. Apresenta\u00e7\u00e3o: Embalagem de 90 c\u00e1psulas Avisos: Conservar em local fresco, seco e ao abrigo da luz. Se ocorrer alguma reac\u00e7\u00e3o, parar a utiliza\u00e7\u00e3o. N\u00e3o exceder a toma di\u00e1ria recomendada. Evite o produto em caso de alergia ou sensibilidade a algum dos ingredientes. Se estiver gr\u00e1vida, a amamentar, a tomar alguma especialidade farmac\u00eautica ou se sofre de alguma doen\u00e7a, consulte o seu m\u00e9dico ou t\u00e9cnico de sa\u00fade antes de tomar este suplemento. Os suplementos alimentares n\u00e3o devem ser utilizados como substitutos de um regime alimentar variado e de um estilo de vida saud\u00e1vel. Manter fora do alcance das crian\u00e7as.\" \/>\n<meta property=\"og:url\" content=\"https:\/\/www.biocabaz.pt\/web\/produto\/kyolic-1000-mg-gold-nutrition-60-tabs\/\" \/>\n<meta property=\"og:site_name\" content=\"BIOCABAZ - CABAZES BIOL\u00d3GICOS\" \/>\n<meta property=\"article:modified_time\" content=\"2022-12-30T12:00:46+00:00\" \/>\n<meta property=\"og:image\" content=\"https:\/\/www.biocabaz.pt\/web\/wp-conteudos\/uploads\/2021\/09\/omega-3-epa-premium-90-caps-kyolic.jpg\" \/>\n\t<meta property=\"og:image:width\" content=\"295\" \/>\n\t<meta property=\"og:image:height\" content=\"295\" \/>\n\t<meta property=\"og:image:type\" content=\"image\/jpeg\" \/>\n<meta name=\"twitter:card\" content=\"summary_large_image\" \/>\n<script type=\"application\/ld+json\" class=\"yoast-schema-graph\">{\"@context\":\"https:\/\/schema.org\",\"@graph\":[{\"@type\":\"WebPage\",\"@id\":\"https:\/\/www.biocabaz.pt\/web\/produto\/kyolic-1000-mg-gold-nutrition-60-tabs\/\",\"url\":\"https:\/\/www.biocabaz.pt\/web\/produto\/kyolic-1000-mg-gold-nutrition-60-tabs\/\",\"name\":\"Omega 3 Epa Premium 90 Caps Kyolic\",\"isPartOf\":{\"@id\":\"https:\/\/biocabaz.pt\/web\/en\/#website\"},\"primaryImageOfPage\":{\"@id\":\"https:\/\/www.biocabaz.pt\/web\/produto\/kyolic-1000-mg-gold-nutrition-60-tabs\/#primaryimage\"},\"image\":{\"@id\":\"https:\/\/www.biocabaz.pt\/web\/produto\/kyolic-1000-mg-gold-nutrition-60-tabs\/#primaryimage\"},\"thumbnailUrl\":\"https:\/\/www.biocabaz.pt\/web\/wp-conteudos\/uploads\/2021\/09\/omega-3-epa-premium-90-caps-kyolic.jpg\",\"datePublished\":\"2021-09-03T10:05:10+00:00\",\"dateModified\":\"2022-12-30T12:00:46+00:00\",\"breadcrumb\":{\"@id\":\"https:\/\/www.biocabaz.pt\/web\/produto\/kyolic-1000-mg-gold-nutrition-60-tabs\/#breadcrumb\"},\"inLanguage\":\"pt-PT\",\"potentialAction\":[{\"@type\":\"ReadAction\",\"target\":[\"https:\/\/www.biocabaz.pt\/web\/produto\/kyolic-1000-mg-gold-nutrition-60-tabs\/\"]}]},{\"@type\":\"ImageObject\",\"inLanguage\":\"pt-PT\",\"@id\":\"https:\/\/www.biocabaz.pt\/web\/produto\/kyolic-1000-mg-gold-nutrition-60-tabs\/#primaryimage\",\"url\":\"https:\/\/www.biocabaz.pt\/web\/wp-conteudos\/uploads\/2021\/09\/omega-3-epa-premium-90-caps-kyolic.jpg\",\"contentUrl\":\"https:\/\/www.biocabaz.pt\/web\/wp-conteudos\/uploads\/2021\/09\/omega-3-epa-premium-90-caps-kyolic.jpg\",\"width\":295,\"height\":295,\"caption\":\"Omega 3 Epa Premium 90 Caps Kyolic\"},{\"@type\":\"BreadcrumbList\",\"@id\":\"https:\/\/www.biocabaz.pt\/web\/produto\/kyolic-1000-mg-gold-nutrition-60-tabs\/#breadcrumb\",\"itemListElement\":[{\"@type\":\"ListItem\",\"position\":1,\"name\":\"Home\",\"item\":\"https:\/\/biocabaz.pt\/web\/en\/\"},{\"@type\":\"ListItem\",\"position\":2,\"name\":\"Shop\",\"item\":\"https:\/\/biocabaz.pt\/web\/en\/shop\/\"},{\"@type\":\"ListItem\",\"position\":3,\"name\":\"Omega 3 Epa Premium 90 Caps Kyolic\"}]},{\"@type\":\"WebSite\",\"@id\":\"https:\/\/biocabaz.pt\/web\/en\/#website\",\"url\":\"https:\/\/biocabaz.pt\/web\/en\/\",\"name\":\"BIOCABAZ - CABAZES BIOL\u00d3GICOS\",\"description\":\"O melhor que a terra d\u00e1 \u00e9 para si\",\"potentialAction\":[{\"@type\":\"SearchAction\",\"target\":{\"@type\":\"EntryPoint\",\"urlTemplate\":\"https:\/\/biocabaz.pt\/web\/en\/?s={search_term_string}\"},\"query-input\":{\"@type\":\"PropertyValueSpecification\",\"valueRequired\":true,\"valueName\":\"search_term_string\"}}],\"inLanguage\":\"pt-PT\"}]}<\/script>\n<!-- \/ Yoast SEO plugin. -->","yoast_head_json":{"title":"Omega 3 Epa Premium 90 Caps Kyolic","robots":{"index":"index","follow":"follow","max-snippet":"max-snippet:-1","max-image-preview":"max-image-preview:large","max-video-preview":"max-video-preview:-1"},"canonical":"https:\/\/www.biocabaz.pt\/web\/produto\/kyolic-1000-mg-gold-nutrition-60-tabs\/","og_locale":"pt_PT","og_type":"article","og_title":"[:en]Omega 3 Epa Premium 90 Caps Kyolic[:pt]Omega 3 Epa Premium 90 Caps Kyolic[:] - BIOCABAZ - CABAZES BIOL\u00d3GICOS","og_description":"Kyolic\u00ae Omega 3 combina o Extrato de Alho Envelhecido\u2122 com \u00d3mega-3. A combina\u00e7\u00e3o \u00fanica dos ingredientes presente em Kyolic\u00ae Omega 3, actua sinergicamente para manter a sa\u00fade cardiovascular em geral, manter os n\u00edveis de colesterol saud\u00e1veis, reduzir a inflama\u00e7\u00e3o e manter a mobilidade e flexibilidade articular e prevenir o envelhecimento cerebral. O \u00f3mega-3 presente em Kyolic\u00ae Omega 3 \u00e9 obtido a partir de um \u00f3leo de peixe natural, uma das mais puras e ricas fontes em \u00e1cidos gordos essenciais \u00f3mega-3, nomeadamente EPA e DHA. O processo de extrac\u00e7\u00e3o utilizado \u00e9 a destila\u00e7\u00e3o molecular, que vai garantir a m\u00e1xima qualidade e efic\u00e1cia do produto. O Extrato de Alho Envelhecido\u2122 KYOLIC\u00ae \u00e9 obtido a partir de alhos org\u00e2nicos, envelhecido durante 20 meses. Durante este processo, os compostos lipossol\u00faveis organo-sulfurados, inst\u00e1veis e agressivos para o organismo humano, s\u00e3o convertidos em compostos hidrossol\u00faveis, seguros e est\u00e1veis, incluindo amino\u00e1cidos sulfurados, que conferem ao alho todas as suas propriedades ben\u00e9ficas para a sa\u00fade. Esta convers\u00e3o elimina os compostos agressivos e os componentes que causam o odor t\u00edpico do alho, resultando um suplemento praticamente desprovido de odor. Composi\u00e7\u00e3o: Por toma di\u00e1ria (4 c\u00e1psulas): Omega-3 \u00f3leo de peixe concentrado (18% EPA e DHA 12%) \u2013 4000mg; \u2013 EPA (\u00e1cido eicosapentaen\u00f3ico) \u2013 1200mg; \u2013 DHA (\u00e1cido docosahexaen\u00f3ico) \u2013 800mg; Extrato de Alho em p\u00f3 envelhecido (Bulbo) \u2013 480mg; Vitamina E \u2013 14,7mg (123%*). *VRN \u2013 Valor de Refer\u00eancia do Nutriente Ingredientes: Concentrado de Oleo de Peixe (61%), C\u00e1psula (Gelatina, Glicerina, Agua purificada, Corante, Caramelo), Extrato de Alho Envelhecido, bolbo, Allium Sativum(7%), Agente de Volume (Cera de Abelha), D-Alfa-tocoferol. Isento de: Conservantes, a\u00e7\u00facar, lacticinios, Sodio, Leveduras, gluten, corantes ou aromas artificiais). Dosagem e Administra\u00e7\u00e3o: Tomar 2 c\u00e1psulas com uma refei\u00e7\u00e3o, 2 vezes ao dia. Apresenta\u00e7\u00e3o: Embalagem de 90 c\u00e1psulasModo de Utiliza\u00e7\u00e3o: Dosagem e Administra\u00e7\u00e3o: Tomar 2 c\u00e1psulas com uma refei\u00e7\u00e3o, 2 vezes ao dia. Apresenta\u00e7\u00e3o: Embalagem de 90 c\u00e1psulas Avisos: Conservar em local fresco, seco e ao abrigo da luz. Se ocorrer alguma reac\u00e7\u00e3o, parar a utiliza\u00e7\u00e3o. N\u00e3o exceder a toma di\u00e1ria recomendada. Evite o produto em caso de alergia ou sensibilidade a algum dos ingredientes. Se estiver gr\u00e1vida, a amamentar, a tomar alguma especialidade farmac\u00eautica ou se sofre de alguma doen\u00e7a, consulte o seu m\u00e9dico ou t\u00e9cnico de sa\u00fade antes de tomar este suplemento. Os suplementos alimentares n\u00e3o devem ser utilizados como substitutos de um regime alimentar variado e de um estilo de vida saud\u00e1vel. Manter fora do alcance das crian\u00e7as.","og_url":"https:\/\/www.biocabaz.pt\/web\/produto\/kyolic-1000-mg-gold-nutrition-60-tabs\/","og_site_name":"BIOCABAZ - CABAZES BIOL\u00d3GICOS","article_modified_time":"2022-12-30T12:00:46+00:00","og_image":[{"width":295,"height":295,"url":"https:\/\/www.biocabaz.pt\/web\/wp-conteudos\/uploads\/2021\/09\/omega-3-epa-premium-90-caps-kyolic.jpg","type":"image\/jpeg"}],"twitter_card":"summary_large_image","schema":{"@context":"https:\/\/schema.org","@graph":[{"@type":"WebPage","@id":"https:\/\/www.biocabaz.pt\/web\/produto\/kyolic-1000-mg-gold-nutrition-60-tabs\/","url":"https:\/\/www.biocabaz.pt\/web\/produto\/kyolic-1000-mg-gold-nutrition-60-tabs\/","name":"Omega 3 Epa Premium 90 Caps Kyolic","isPartOf":{"@id":"https:\/\/biocabaz.pt\/web\/en\/#website"},"primaryImageOfPage":{"@id":"https:\/\/www.biocabaz.pt\/web\/produto\/kyolic-1000-mg-gold-nutrition-60-tabs\/#primaryimage"},"image":{"@id":"https:\/\/www.biocabaz.pt\/web\/produto\/kyolic-1000-mg-gold-nutrition-60-tabs\/#primaryimage"},"thumbnailUrl":"https:\/\/www.biocabaz.pt\/web\/wp-conteudos\/uploads\/2021\/09\/omega-3-epa-premium-90-caps-kyolic.jpg","datePublished":"2021-09-03T10:05:10+00:00","dateModified":"2022-12-30T12:00:46+00:00","breadcrumb":{"@id":"https:\/\/www.biocabaz.pt\/web\/produto\/kyolic-1000-mg-gold-nutrition-60-tabs\/#breadcrumb"},"inLanguage":"pt-PT","potentialAction":[{"@type":"ReadAction","target":["https:\/\/www.biocabaz.pt\/web\/produto\/kyolic-1000-mg-gold-nutrition-60-tabs\/"]}]},{"@type":"ImageObject","inLanguage":"pt-PT","@id":"https:\/\/www.biocabaz.pt\/web\/produto\/kyolic-1000-mg-gold-nutrition-60-tabs\/#primaryimage","url":"https:\/\/www.biocabaz.pt\/web\/wp-conteudos\/uploads\/2021\/09\/omega-3-epa-premium-90-caps-kyolic.jpg","contentUrl":"https:\/\/www.biocabaz.pt\/web\/wp-conteudos\/uploads\/2021\/09\/omega-3-epa-premium-90-caps-kyolic.jpg","width":295,"height":295,"caption":"Omega 3 Epa Premium 90 Caps Kyolic"},{"@type":"BreadcrumbList","@id":"https:\/\/www.biocabaz.pt\/web\/produto\/kyolic-1000-mg-gold-nutrition-60-tabs\/#breadcrumb","itemListElement":[{"@type":"ListItem","position":1,"name":"Home","item":"https:\/\/biocabaz.pt\/web\/en\/"},{"@type":"ListItem","position":2,"name":"Shop","item":"https:\/\/biocabaz.pt\/web\/en\/shop\/"},{"@type":"ListItem","position":3,"name":"Omega 3 Epa Premium 90 Caps Kyolic"}]},{"@type":"WebSite","@id":"https:\/\/biocabaz.pt\/web\/en\/#website","url":"https:\/\/biocabaz.pt\/web\/en\/","name":"BIOCABAZ - CABAZES BIOL\u00d3GICOS","description":"O melhor que a terra d\u00e1 \u00e9 para si","potentialAction":[{"@type":"SearchAction","target":{"@type":"EntryPoint","urlTemplate":"https:\/\/biocabaz.pt\/web\/en\/?s={search_term_string}"},"query-input":{"@type":"PropertyValueSpecification","valueRequired":true,"valueName":"search_term_string"}}],"inLanguage":"pt-PT"}]}},"_links":{"self":[{"href":"https:\/\/www.biocabaz.pt\/web\/wp-json\/wp\/v2\/product\/75302","targetHints":{"allow":["GET"]}}],"collection":[{"href":"https:\/\/www.biocabaz.pt\/web\/wp-json\/wp\/v2\/product"}],"about":[{"href":"https:\/\/www.biocabaz.pt\/web\/wp-json\/wp\/v2\/types\/product"}],"replies":[{"embeddable":true,"href":"https:\/\/www.biocabaz.pt\/web\/wp-json\/wp\/v2\/comments?post=75302"}],"wp:featuredmedia":[{"embeddable":true,"href":"https:\/\/www.biocabaz.pt\/web\/wp-json\/wp\/v2\/media\/75321"}],"wp:attachment":[{"href":"https:\/\/www.biocabaz.pt\/web\/wp-json\/wp\/v2\/media?parent=75302"}],"wp:term":[{"taxonomy":"product_cat","embeddable":true,"href":"https:\/\/www.biocabaz.pt\/web\/wp-json\/wp\/v2\/product_cat?post=75302"},{"taxonomy":"product_tag","embeddable":true,"href":"https:\/\/www.biocabaz.pt\/web\/wp-json\/wp\/v2\/product_tag?post=75302"}],"curies":[{"name":"wp","href":"https:\/\/api.w.org\/{rel}","templated":true}]}}