{"id":75290,"date":"2021-09-03T09:24:19","date_gmt":"2021-09-03T09:24:19","guid":{"rendered":"https:\/\/www.biocabaz.pt\/web\/?post_type=product&#038;p=75290"},"modified":"2026-01-15T16:53:20","modified_gmt":"2026-01-15T16:53:20","slug":"ergyclean-nutergia-120-grs","status":"publish","type":"product","link":"https:\/\/www.biocabaz.pt\/web\/produto\/ergyclean-nutergia-120-grs\/","title":{"rendered":"ERGYCLEAN NUTERGIA 120 GRS"},"content":{"rendered":"","protected":false},"excerpt":{"rendered":"<p>Ingredientes: Erygyclean combina sais de magn\u00e9sio nas diferentes formas (carbonatos, citratos e sulfatos) com argila. Estes ingredientes s\u00e3o conhecidos pelas suas propriedades laxativas (leves) e sensoriais de toxinas. Ingredientes: Vitamina A; Sulfato e citrato de magn\u00e9sio; Argila; \u00c1cido m\u00e1lico; Magn\u00e9sio.<br \/><b>Modo de Utiliza\u00e7\u00e3o:<\/b> Modo de usar: Tomar 1 colher rasa (2g) por dia dilu\u00edda num grande copo de \u00e1gua durante a refei\u00e7\u00e3o, durante 7 a 10 dias. Avisos: N\u00e3o administrar em caso de obstru\u00e7\u00e3o intestinal; N\u00e3o administrar a mulheres gr\u00e1vidas ou a amamentar; Este produto n\u00e3o deve ser utilizado como substituto de um regime alimentar variado e de um estilo de vida saud\u00e1vel; N\u00e3o exceder a dose di\u00e1ria recomendada; Conservar em local fresco e seco a uma temperatura inferior a 25\u00baC; Manter fora do alcance das crian\u00e7as.<\/p>\n","protected":false},"featured_media":75291,"comment_status":"closed","ping_status":"closed","template":"","meta":[],"product_cat":[88],"product_tag":[],"class_list":["post-75290","product","type-product","status-publish","has-post-thumbnail","hentry","product_cat-suplementos"],"bundle_layout":"","bundled_by":[],"bundled_items":[],"yoast_head":"<!-- This site is optimized with the Yoast SEO plugin v26.3 - https:\/\/yoast.com\/wordpress\/plugins\/seo\/ -->\n<title>ERGYCLEAN NUTERGIA 120 GRS<\/title>\n<meta name=\"robots\" content=\"index, follow, max-snippet:-1, max-image-preview:large, max-video-preview:-1\" \/>\n<link rel=\"canonical\" href=\"https:\/\/www.biocabaz.pt\/web\/produto\/ergyclean-nutergia-120-grs\/\" \/>\n<meta property=\"og:locale\" content=\"pt_PT\" \/>\n<meta property=\"og:locale:alternate\" content=\"en_US\" \/>\n<meta property=\"og:type\" content=\"article\" \/>\n<meta property=\"og:title\" content=\"ERGYCLEAN NUTERGIA 120 GRS\" \/>\n<meta property=\"og:description\" content=\"Ingredientes: Erygyclean combina sais de magn\u00e9sio nas diferentes formas (carbonatos, citratos e sulfatos) com argila. Estes ingredientes s\u00e3o conhecidos pelas suas propriedades laxativas (leves) e sensoriais de toxinas. Ingredientes: Vitamina A; Sulfato e citrato de magn\u00e9sio; Argila; \u00c1cido m\u00e1lico; Magn\u00e9sio.Modo de Utiliza\u00e7\u00e3o: Modo de usar: Tomar 1 colher rasa (2g) por dia dilu\u00edda num grande copo de \u00e1gua durante a refei\u00e7\u00e3o, durante 7 a 10 dias. Avisos: N\u00e3o administrar em caso de obstru\u00e7\u00e3o intestinal; N\u00e3o administrar a mulheres gr\u00e1vidas ou a amamentar; Este produto n\u00e3o deve ser utilizado como substituto de um regime alimentar variado e de um estilo de vida saud\u00e1vel; N\u00e3o exceder a dose di\u00e1ria recomendada; Conservar em local fresco e seco a uma temperatura inferior a 25\u00baC; Manter fora do alcance das crian\u00e7as.\" \/>\n<meta property=\"og:url\" content=\"https:\/\/www.biocabaz.pt\/web\/produto\/ergyclean-nutergia-120-grs\/\" \/>\n<meta property=\"og:site_name\" content=\"BIOCABAZ - CABAZES BIOL\u00d3GICOS\" \/>\n<meta property=\"article:modified_time\" content=\"2026-01-15T16:53:20+00:00\" \/>\n<meta property=\"og:image\" content=\"https:\/\/www.biocabaz.pt\/web\/wp-conteudos\/uploads\/2021\/09\/ergyclean-nutergia-120-grs-e1630661040296.jpg\" \/>\n\t<meta property=\"og:image:width\" content=\"500\" \/>\n\t<meta property=\"og:image:height\" content=\"500\" \/>\n\t<meta property=\"og:image:type\" content=\"image\/jpeg\" \/>\n<meta name=\"twitter:card\" content=\"summary_large_image\" \/>\n<script type=\"application\/ld+json\" class=\"yoast-schema-graph\">{\"@context\":\"https:\/\/schema.org\",\"@graph\":[{\"@type\":\"WebPage\",\"@id\":\"https:\/\/www.biocabaz.pt\/web\/produto\/ergyclean-nutergia-120-grs\/\",\"url\":\"https:\/\/www.biocabaz.pt\/web\/produto\/ergyclean-nutergia-120-grs\/\",\"name\":\"ERGYCLEAN NUTERGIA 120 GRS\",\"isPartOf\":{\"@id\":\"https:\/\/www.biocabaz.pt\/web\/en\/#website\"},\"primaryImageOfPage\":{\"@id\":\"https:\/\/www.biocabaz.pt\/web\/produto\/ergyclean-nutergia-120-grs\/#primaryimage\"},\"image\":{\"@id\":\"https:\/\/www.biocabaz.pt\/web\/produto\/ergyclean-nutergia-120-grs\/#primaryimage\"},\"thumbnailUrl\":\"https:\/\/www.biocabaz.pt\/web\/wp-conteudos\/uploads\/2021\/09\/ergyclean-nutergia-120-grs-e1630661040296.jpg\",\"datePublished\":\"2021-09-03T09:24:19+00:00\",\"dateModified\":\"2026-01-15T16:53:20+00:00\",\"breadcrumb\":{\"@id\":\"https:\/\/www.biocabaz.pt\/web\/produto\/ergyclean-nutergia-120-grs\/#breadcrumb\"},\"inLanguage\":\"pt-PT\",\"potentialAction\":[{\"@type\":\"ReadAction\",\"target\":[\"https:\/\/www.biocabaz.pt\/web\/produto\/ergyclean-nutergia-120-grs\/\"]}]},{\"@type\":\"ImageObject\",\"inLanguage\":\"pt-PT\",\"@id\":\"https:\/\/www.biocabaz.pt\/web\/produto\/ergyclean-nutergia-120-grs\/#primaryimage\",\"url\":\"https:\/\/www.biocabaz.pt\/web\/wp-conteudos\/uploads\/2021\/09\/ergyclean-nutergia-120-grs-e1630661040296.jpg\",\"contentUrl\":\"https:\/\/www.biocabaz.pt\/web\/wp-conteudos\/uploads\/2021\/09\/ergyclean-nutergia-120-grs-e1630661040296.jpg\",\"width\":500,\"height\":500,\"caption\":\"ERGYCLEAN NUTERGIA 120 GRS\"},{\"@type\":\"BreadcrumbList\",\"@id\":\"https:\/\/www.biocabaz.pt\/web\/produto\/ergyclean-nutergia-120-grs\/#breadcrumb\",\"itemListElement\":[{\"@type\":\"ListItem\",\"position\":1,\"name\":\"Home\",\"item\":\"https:\/\/www.biocabaz.pt\/web\/en\/\"},{\"@type\":\"ListItem\",\"position\":2,\"name\":\"Shop\",\"item\":\"https:\/\/www.biocabaz.pt\/web\/en\/shop\/\"},{\"@type\":\"ListItem\",\"position\":3,\"name\":\"ERGYCLEAN NUTERGIA 120 GRS\"}]},{\"@type\":\"WebSite\",\"@id\":\"https:\/\/www.biocabaz.pt\/web\/en\/#website\",\"url\":\"https:\/\/www.biocabaz.pt\/web\/en\/\",\"name\":\"BIOCABAZ - CABAZES BIOL\u00d3GICOS\",\"description\":\"O melhor que a terra d\u00e1 \u00e9 para si\",\"potentialAction\":[{\"@type\":\"SearchAction\",\"target\":{\"@type\":\"EntryPoint\",\"urlTemplate\":\"https:\/\/www.biocabaz.pt\/web\/en\/?s={search_term_string}\"},\"query-input\":{\"@type\":\"PropertyValueSpecification\",\"valueRequired\":true,\"valueName\":\"search_term_string\"}}],\"inLanguage\":\"pt-PT\"}]}<\/script>\n<!-- \/ Yoast SEO plugin. -->","yoast_head_json":{"title":"ERGYCLEAN NUTERGIA 120 GRS","robots":{"index":"index","follow":"follow","max-snippet":"max-snippet:-1","max-image-preview":"max-image-preview:large","max-video-preview":"max-video-preview:-1"},"canonical":"https:\/\/www.biocabaz.pt\/web\/produto\/ergyclean-nutergia-120-grs\/","og_locale":"pt_PT","og_type":"article","og_title":"[:en]ERGYCLEAN NUTERGIA 120 GRS[:pt]ERGYCLEAN NUTERGIA 120 GRS[:] - BIOCABAZ - CABAZES BIOL\u00d3GICOS","og_description":"Ingredientes: Erygyclean combina sais de magn\u00e9sio nas diferentes formas (carbonatos, citratos e sulfatos) com argila. Estes ingredientes s\u00e3o conhecidos pelas suas propriedades laxativas (leves) e sensoriais de toxinas. Ingredientes: Vitamina A; Sulfato e citrato de magn\u00e9sio; Argila; \u00c1cido m\u00e1lico; Magn\u00e9sio.Modo de Utiliza\u00e7\u00e3o: Modo de usar: Tomar 1 colher rasa (2g) por dia dilu\u00edda num grande copo de \u00e1gua durante a refei\u00e7\u00e3o, durante 7 a 10 dias. Avisos: N\u00e3o administrar em caso de obstru\u00e7\u00e3o intestinal; N\u00e3o administrar a mulheres gr\u00e1vidas ou a amamentar; Este produto n\u00e3o deve ser utilizado como substituto de um regime alimentar variado e de um estilo de vida saud\u00e1vel; N\u00e3o exceder a dose di\u00e1ria recomendada; Conservar em local fresco e seco a uma temperatura inferior a 25\u00baC; Manter fora do alcance das crian\u00e7as.","og_url":"https:\/\/www.biocabaz.pt\/web\/produto\/ergyclean-nutergia-120-grs\/","og_site_name":"BIOCABAZ - CABAZES BIOL\u00d3GICOS","article_modified_time":"2026-01-15T16:53:20+00:00","og_image":[{"width":500,"height":500,"url":"https:\/\/www.biocabaz.pt\/web\/wp-conteudos\/uploads\/2021\/09\/ergyclean-nutergia-120-grs-e1630661040296.jpg","type":"image\/jpeg"}],"twitter_card":"summary_large_image","schema":{"@context":"https:\/\/schema.org","@graph":[{"@type":"WebPage","@id":"https:\/\/www.biocabaz.pt\/web\/produto\/ergyclean-nutergia-120-grs\/","url":"https:\/\/www.biocabaz.pt\/web\/produto\/ergyclean-nutergia-120-grs\/","name":"ERGYCLEAN NUTERGIA 120 GRS","isPartOf":{"@id":"https:\/\/www.biocabaz.pt\/web\/en\/#website"},"primaryImageOfPage":{"@id":"https:\/\/www.biocabaz.pt\/web\/produto\/ergyclean-nutergia-120-grs\/#primaryimage"},"image":{"@id":"https:\/\/www.biocabaz.pt\/web\/produto\/ergyclean-nutergia-120-grs\/#primaryimage"},"thumbnailUrl":"https:\/\/www.biocabaz.pt\/web\/wp-conteudos\/uploads\/2021\/09\/ergyclean-nutergia-120-grs-e1630661040296.jpg","datePublished":"2021-09-03T09:24:19+00:00","dateModified":"2026-01-15T16:53:20+00:00","breadcrumb":{"@id":"https:\/\/www.biocabaz.pt\/web\/produto\/ergyclean-nutergia-120-grs\/#breadcrumb"},"inLanguage":"pt-PT","potentialAction":[{"@type":"ReadAction","target":["https:\/\/www.biocabaz.pt\/web\/produto\/ergyclean-nutergia-120-grs\/"]}]},{"@type":"ImageObject","inLanguage":"pt-PT","@id":"https:\/\/www.biocabaz.pt\/web\/produto\/ergyclean-nutergia-120-grs\/#primaryimage","url":"https:\/\/www.biocabaz.pt\/web\/wp-conteudos\/uploads\/2021\/09\/ergyclean-nutergia-120-grs-e1630661040296.jpg","contentUrl":"https:\/\/www.biocabaz.pt\/web\/wp-conteudos\/uploads\/2021\/09\/ergyclean-nutergia-120-grs-e1630661040296.jpg","width":500,"height":500,"caption":"ERGYCLEAN NUTERGIA 120 GRS"},{"@type":"BreadcrumbList","@id":"https:\/\/www.biocabaz.pt\/web\/produto\/ergyclean-nutergia-120-grs\/#breadcrumb","itemListElement":[{"@type":"ListItem","position":1,"name":"Home","item":"https:\/\/www.biocabaz.pt\/web\/en\/"},{"@type":"ListItem","position":2,"name":"Shop","item":"https:\/\/www.biocabaz.pt\/web\/en\/shop\/"},{"@type":"ListItem","position":3,"name":"ERGYCLEAN NUTERGIA 120 GRS"}]},{"@type":"WebSite","@id":"https:\/\/www.biocabaz.pt\/web\/en\/#website","url":"https:\/\/www.biocabaz.pt\/web\/en\/","name":"BIOCABAZ - CABAZES BIOL\u00d3GICOS","description":"O melhor que a terra d\u00e1 \u00e9 para si","potentialAction":[{"@type":"SearchAction","target":{"@type":"EntryPoint","urlTemplate":"https:\/\/www.biocabaz.pt\/web\/en\/?s={search_term_string}"},"query-input":{"@type":"PropertyValueSpecification","valueRequired":true,"valueName":"search_term_string"}}],"inLanguage":"pt-PT"}]}},"_links":{"self":[{"href":"https:\/\/www.biocabaz.pt\/web\/wp-json\/wp\/v2\/product\/75290","targetHints":{"allow":["GET"]}}],"collection":[{"href":"https:\/\/www.biocabaz.pt\/web\/wp-json\/wp\/v2\/product"}],"about":[{"href":"https:\/\/www.biocabaz.pt\/web\/wp-json\/wp\/v2\/types\/product"}],"replies":[{"embeddable":true,"href":"https:\/\/www.biocabaz.pt\/web\/wp-json\/wp\/v2\/comments?post=75290"}],"wp:featuredmedia":[{"embeddable":true,"href":"https:\/\/www.biocabaz.pt\/web\/wp-json\/wp\/v2\/media\/75291"}],"wp:attachment":[{"href":"https:\/\/www.biocabaz.pt\/web\/wp-json\/wp\/v2\/media?parent=75290"}],"wp:term":[{"taxonomy":"product_cat","embeddable":true,"href":"https:\/\/www.biocabaz.pt\/web\/wp-json\/wp\/v2\/product_cat?post=75290"},{"taxonomy":"product_tag","embeddable":true,"href":"https:\/\/www.biocabaz.pt\/web\/wp-json\/wp\/v2\/product_tag?post=75290"}],"curies":[{"name":"wp","href":"https:\/\/api.w.org\/{rel}","templated":true}]}}