{"id":75260,"date":"2021-09-03T07:46:52","date_gmt":"2021-09-03T07:46:52","guid":{"rendered":"https:\/\/www.biocabaz.pt\/web\/?post_type=product&#038;p=75260"},"modified":"2023-04-17T11:55:21","modified_gmt":"2023-04-17T11:55:21","slug":"hummus-tomate-seco-bio-florentin-170-gr","status":"publish","type":"product","link":"https:\/\/www.biocabaz.pt\/web\/produto\/hummus-tomate-seco-bio-florentin-170-gr\/","title":{"rendered":"HUMMUS TOMATE SECO BIO FLORENTIN 170 GR"},"content":{"rendered":"","protected":false},"excerpt":{"rendered":"<p>Ingredientes: Gr\u00e3o de bico cozido * (27%), \u00e1gua, \u00f3leo de girassol *, pasta de gergelim * (10%), tomate seco * (9%), piment\u00e3o *, amido de milho *, manjeric\u00e3o *, sal marinho, alho *, sumo de lim\u00e3o * , pimenta malagueta *, coentro *, cardamomo *, regulador de acidez (\u00e1cido l\u00e1ctico **). * Qualidade biol\u00f3gica. ** Fabricado com cana-de-a\u00e7\u00facar.<br \/><b>Modo de Utiliza\u00e7\u00e3o:<\/b> Conservar a uma temperatura at\u00e9 aos 7\u00baC. Consumir at\u00e9 5 dias depois da abertura.<br \/><b>Dados Nutricionais:<\/b> Declara\u00e7\u00e3o Nutricional por 100g: Energia: 1074 KJ\/256Kcal; L\u00edpidos: 20,3g; dos quais saturados: 2,8g; Hidratos de carbono: 8,5g; dos quais a\u00e7\u00facares: 2,0g; Prote\u00ednas: 5,3g; Sal: 1,1g.<\/p>\n","protected":false},"featured_media":75261,"comment_status":"closed","ping_status":"closed","template":"","meta":[],"product_cat":[109],"product_tag":[],"class_list":["post-75260","product","type-product","status-publish","has-post-thumbnail","hentry","product_cat-vegetariano-e-vegan-sem-gluten-e-superalimentos"],"bundle_layout":"","bundled_by":[],"bundled_items":[],"yoast_head":"<!-- This site is optimized with the Yoast SEO plugin v26.3 - https:\/\/yoast.com\/wordpress\/plugins\/seo\/ -->\n<title>HUMMUS TOMATE SECO BIO FLORENTIN 170 GR<\/title>\n<meta name=\"robots\" content=\"index, follow, max-snippet:-1, max-image-preview:large, max-video-preview:-1\" \/>\n<link rel=\"canonical\" href=\"https:\/\/www.biocabaz.pt\/web\/produto\/hummus-tomate-seco-bio-florentin-170-gr\/\" \/>\n<meta property=\"og:locale\" content=\"pt_PT\" \/>\n<meta property=\"og:locale:alternate\" content=\"en_US\" \/>\n<meta property=\"og:type\" content=\"article\" \/>\n<meta property=\"og:title\" content=\"HUMMUS TOMATE SECO BIO FLORENTIN 170 GR\" \/>\n<meta property=\"og:description\" content=\"Ingredientes: Gr\u00e3o de bico cozido * (27%), \u00e1gua, \u00f3leo de girassol *, pasta de gergelim * (10%), tomate seco * (9%), piment\u00e3o *, amido de milho *, manjeric\u00e3o *, sal marinho, alho *, sumo de lim\u00e3o * , pimenta malagueta *, coentro *, cardamomo *, regulador de acidez (\u00e1cido l\u00e1ctico **). * Qualidade biol\u00f3gica. ** Fabricado com cana-de-a\u00e7\u00facar.Modo de Utiliza\u00e7\u00e3o: Conservar a uma temperatura at\u00e9 aos 7\u00baC. Consumir at\u00e9 5 dias depois da abertura.Dados Nutricionais: Declara\u00e7\u00e3o Nutricional por 100g: Energia: 1074 KJ\/256Kcal; L\u00edpidos: 20,3g; dos quais saturados: 2,8g; Hidratos de carbono: 8,5g; dos quais a\u00e7\u00facares: 2,0g; Prote\u00ednas: 5,3g; Sal: 1,1g.\" \/>\n<meta property=\"og:url\" content=\"https:\/\/www.biocabaz.pt\/web\/produto\/hummus-tomate-seco-bio-florentin-170-gr\/\" \/>\n<meta property=\"og:site_name\" content=\"BIOCABAZ - CABAZES BIOL\u00d3GICOS\" \/>\n<meta property=\"article:modified_time\" content=\"2023-04-17T11:55:21+00:00\" \/>\n<meta property=\"og:image\" content=\"https:\/\/www.biocabaz.pt\/web\/wp-conteudos\/uploads\/2021\/09\/hummus-tomate-seco-bio-florentin-170-gr-e1630655188625.png\" \/>\n\t<meta property=\"og:image:width\" content=\"500\" \/>\n\t<meta property=\"og:image:height\" content=\"500\" \/>\n\t<meta property=\"og:image:type\" content=\"image\/png\" \/>\n<meta name=\"twitter:card\" content=\"summary_large_image\" \/>\n<script type=\"application\/ld+json\" class=\"yoast-schema-graph\">{\"@context\":\"https:\/\/schema.org\",\"@graph\":[{\"@type\":\"WebPage\",\"@id\":\"https:\/\/www.biocabaz.pt\/web\/produto\/hummus-tomate-seco-bio-florentin-170-gr\/\",\"url\":\"https:\/\/www.biocabaz.pt\/web\/produto\/hummus-tomate-seco-bio-florentin-170-gr\/\",\"name\":\"HUMMUS TOMATE SECO BIO FLORENTIN 170 GR\",\"isPartOf\":{\"@id\":\"https:\/\/biocabaz.pt\/web\/#website\"},\"primaryImageOfPage\":{\"@id\":\"https:\/\/www.biocabaz.pt\/web\/produto\/hummus-tomate-seco-bio-florentin-170-gr\/#primaryimage\"},\"image\":{\"@id\":\"https:\/\/www.biocabaz.pt\/web\/produto\/hummus-tomate-seco-bio-florentin-170-gr\/#primaryimage\"},\"thumbnailUrl\":\"https:\/\/www.biocabaz.pt\/web\/wp-conteudos\/uploads\/2021\/09\/hummus-tomate-seco-bio-florentin-170-gr-e1630655188625.png\",\"datePublished\":\"2021-09-03T07:46:52+00:00\",\"dateModified\":\"2023-04-17T11:55:21+00:00\",\"breadcrumb\":{\"@id\":\"https:\/\/www.biocabaz.pt\/web\/produto\/hummus-tomate-seco-bio-florentin-170-gr\/#breadcrumb\"},\"inLanguage\":\"pt-PT\",\"potentialAction\":[{\"@type\":\"ReadAction\",\"target\":[\"https:\/\/www.biocabaz.pt\/web\/produto\/hummus-tomate-seco-bio-florentin-170-gr\/\"]}]},{\"@type\":\"ImageObject\",\"inLanguage\":\"pt-PT\",\"@id\":\"https:\/\/www.biocabaz.pt\/web\/produto\/hummus-tomate-seco-bio-florentin-170-gr\/#primaryimage\",\"url\":\"https:\/\/www.biocabaz.pt\/web\/wp-conteudos\/uploads\/2021\/09\/hummus-tomate-seco-bio-florentin-170-gr-e1630655188625.png\",\"contentUrl\":\"https:\/\/www.biocabaz.pt\/web\/wp-conteudos\/uploads\/2021\/09\/hummus-tomate-seco-bio-florentin-170-gr-e1630655188625.png\",\"width\":500,\"height\":500,\"caption\":\"HUMMUS TOMATE SECO BIO FLORENTIN 170 GR\"},{\"@type\":\"BreadcrumbList\",\"@id\":\"https:\/\/www.biocabaz.pt\/web\/produto\/hummus-tomate-seco-bio-florentin-170-gr\/#breadcrumb\",\"itemListElement\":[{\"@type\":\"ListItem\",\"position\":1,\"name\":\"Home\",\"item\":\"https:\/\/biocabaz.pt\/web\/\"},{\"@type\":\"ListItem\",\"position\":2,\"name\":\"Loja\",\"item\":\"https:\/\/biocabaz.pt\/web\/shop\/\"},{\"@type\":\"ListItem\",\"position\":3,\"name\":\"HUMMUS TOMATE SECO BIO FLORENTIN 170 GR\"}]},{\"@type\":\"WebSite\",\"@id\":\"https:\/\/biocabaz.pt\/web\/#website\",\"url\":\"https:\/\/biocabaz.pt\/web\/\",\"name\":\"BIOCABAZ - CABAZES BIOL\u00d3GICOS\",\"description\":\"O melhor que a terra d\u00e1 \u00e9 para si\",\"potentialAction\":[{\"@type\":\"SearchAction\",\"target\":{\"@type\":\"EntryPoint\",\"urlTemplate\":\"https:\/\/biocabaz.pt\/web\/?s={search_term_string}\"},\"query-input\":{\"@type\":\"PropertyValueSpecification\",\"valueRequired\":true,\"valueName\":\"search_term_string\"}}],\"inLanguage\":\"pt-PT\"}]}<\/script>\n<!-- \/ Yoast SEO plugin. -->","yoast_head_json":{"title":"HUMMUS TOMATE SECO BIO FLORENTIN 170 GR","robots":{"index":"index","follow":"follow","max-snippet":"max-snippet:-1","max-image-preview":"max-image-preview:large","max-video-preview":"max-video-preview:-1"},"canonical":"https:\/\/www.biocabaz.pt\/web\/produto\/hummus-tomate-seco-bio-florentin-170-gr\/","og_locale":"pt_PT","og_type":"article","og_title":"[:en]FLORENTIN ORGANIC SUN-DRIED TOMATOES HOUMOUS 170G[:pt]HUMMUS TOMATE SECO BIO FLORENTIN 170 GR[:] - BIOCABAZ - CABAZES BIOL\u00d3GICOS","og_description":"Ingredientes: Gr\u00e3o de bico cozido * (27%), \u00e1gua, \u00f3leo de girassol *, pasta de gergelim * (10%), tomate seco * (9%), piment\u00e3o *, amido de milho *, manjeric\u00e3o *, sal marinho, alho *, sumo de lim\u00e3o * , pimenta malagueta *, coentro *, cardamomo *, regulador de acidez (\u00e1cido l\u00e1ctico **). * Qualidade biol\u00f3gica. ** Fabricado com cana-de-a\u00e7\u00facar.Modo de Utiliza\u00e7\u00e3o: Conservar a uma temperatura at\u00e9 aos 7\u00baC. Consumir at\u00e9 5 dias depois da abertura.Dados Nutricionais: Declara\u00e7\u00e3o Nutricional por 100g: Energia: 1074 KJ\/256Kcal; L\u00edpidos: 20,3g; dos quais saturados: 2,8g; Hidratos de carbono: 8,5g; dos quais a\u00e7\u00facares: 2,0g; Prote\u00ednas: 5,3g; Sal: 1,1g.","og_url":"https:\/\/www.biocabaz.pt\/web\/produto\/hummus-tomate-seco-bio-florentin-170-gr\/","og_site_name":"BIOCABAZ - CABAZES BIOL\u00d3GICOS","article_modified_time":"2023-04-17T11:55:21+00:00","og_image":[{"width":500,"height":500,"url":"https:\/\/www.biocabaz.pt\/web\/wp-conteudos\/uploads\/2021\/09\/hummus-tomate-seco-bio-florentin-170-gr-e1630655188625.png","type":"image\/png"}],"twitter_card":"summary_large_image","schema":{"@context":"https:\/\/schema.org","@graph":[{"@type":"WebPage","@id":"https:\/\/www.biocabaz.pt\/web\/produto\/hummus-tomate-seco-bio-florentin-170-gr\/","url":"https:\/\/www.biocabaz.pt\/web\/produto\/hummus-tomate-seco-bio-florentin-170-gr\/","name":"HUMMUS TOMATE SECO BIO FLORENTIN 170 GR","isPartOf":{"@id":"https:\/\/biocabaz.pt\/web\/#website"},"primaryImageOfPage":{"@id":"https:\/\/www.biocabaz.pt\/web\/produto\/hummus-tomate-seco-bio-florentin-170-gr\/#primaryimage"},"image":{"@id":"https:\/\/www.biocabaz.pt\/web\/produto\/hummus-tomate-seco-bio-florentin-170-gr\/#primaryimage"},"thumbnailUrl":"https:\/\/www.biocabaz.pt\/web\/wp-conteudos\/uploads\/2021\/09\/hummus-tomate-seco-bio-florentin-170-gr-e1630655188625.png","datePublished":"2021-09-03T07:46:52+00:00","dateModified":"2023-04-17T11:55:21+00:00","breadcrumb":{"@id":"https:\/\/www.biocabaz.pt\/web\/produto\/hummus-tomate-seco-bio-florentin-170-gr\/#breadcrumb"},"inLanguage":"pt-PT","potentialAction":[{"@type":"ReadAction","target":["https:\/\/www.biocabaz.pt\/web\/produto\/hummus-tomate-seco-bio-florentin-170-gr\/"]}]},{"@type":"ImageObject","inLanguage":"pt-PT","@id":"https:\/\/www.biocabaz.pt\/web\/produto\/hummus-tomate-seco-bio-florentin-170-gr\/#primaryimage","url":"https:\/\/www.biocabaz.pt\/web\/wp-conteudos\/uploads\/2021\/09\/hummus-tomate-seco-bio-florentin-170-gr-e1630655188625.png","contentUrl":"https:\/\/www.biocabaz.pt\/web\/wp-conteudos\/uploads\/2021\/09\/hummus-tomate-seco-bio-florentin-170-gr-e1630655188625.png","width":500,"height":500,"caption":"HUMMUS TOMATE SECO BIO FLORENTIN 170 GR"},{"@type":"BreadcrumbList","@id":"https:\/\/www.biocabaz.pt\/web\/produto\/hummus-tomate-seco-bio-florentin-170-gr\/#breadcrumb","itemListElement":[{"@type":"ListItem","position":1,"name":"Home","item":"https:\/\/biocabaz.pt\/web\/"},{"@type":"ListItem","position":2,"name":"Loja","item":"https:\/\/biocabaz.pt\/web\/shop\/"},{"@type":"ListItem","position":3,"name":"HUMMUS TOMATE SECO BIO FLORENTIN 170 GR"}]},{"@type":"WebSite","@id":"https:\/\/biocabaz.pt\/web\/#website","url":"https:\/\/biocabaz.pt\/web\/","name":"BIOCABAZ - CABAZES BIOL\u00d3GICOS","description":"O melhor que a terra d\u00e1 \u00e9 para si","potentialAction":[{"@type":"SearchAction","target":{"@type":"EntryPoint","urlTemplate":"https:\/\/biocabaz.pt\/web\/?s={search_term_string}"},"query-input":{"@type":"PropertyValueSpecification","valueRequired":true,"valueName":"search_term_string"}}],"inLanguage":"pt-PT"}]}},"_links":{"self":[{"href":"https:\/\/www.biocabaz.pt\/web\/wp-json\/wp\/v2\/product\/75260","targetHints":{"allow":["GET"]}}],"collection":[{"href":"https:\/\/www.biocabaz.pt\/web\/wp-json\/wp\/v2\/product"}],"about":[{"href":"https:\/\/www.biocabaz.pt\/web\/wp-json\/wp\/v2\/types\/product"}],"replies":[{"embeddable":true,"href":"https:\/\/www.biocabaz.pt\/web\/wp-json\/wp\/v2\/comments?post=75260"}],"wp:featuredmedia":[{"embeddable":true,"href":"https:\/\/www.biocabaz.pt\/web\/wp-json\/wp\/v2\/media\/75261"}],"wp:attachment":[{"href":"https:\/\/www.biocabaz.pt\/web\/wp-json\/wp\/v2\/media?parent=75260"}],"wp:term":[{"taxonomy":"product_cat","embeddable":true,"href":"https:\/\/www.biocabaz.pt\/web\/wp-json\/wp\/v2\/product_cat?post=75260"},{"taxonomy":"product_tag","embeddable":true,"href":"https:\/\/www.biocabaz.pt\/web\/wp-json\/wp\/v2\/product_tag?post=75260"}],"curies":[{"name":"wp","href":"https:\/\/api.w.org\/{rel}","templated":true}]}}