{"id":75180,"date":"2021-09-02T15:09:26","date_gmt":"2021-09-02T15:09:26","guid":{"rendered":"https:\/\/www.biocabaz.pt\/web\/?post_type=product&#038;p=75180"},"modified":"2022-12-03T08:35:18","modified_gmt":"2022-12-03T08:35:18","slug":"detergente-liquido-para-cores-ecover-15lt","status":"publish","type":"product","link":"https:\/\/www.biocabaz.pt\/web\/produto\/detergente-liquido-para-cores-ecover-15lt\/","title":{"rendered":"DETERGENTE LIQUIDO PARA CORES ECOVER 1,5LT"},"content":{"rendered":"","protected":false},"excerpt":{"rendered":"<p>Descri\u00e7\u00e3o<br \/>\nLimpa e protege as cores (20 lavagens) Com o aroma de flor de ma\u00e7\u00e3 e fr\u00e9sia.<\/p>\n<p>Protege e ativa as cores das roupas. Recipiente pl\u00e1stico 100% reciclado v\u00e1lido para substitui\u00e7\u00e3o<\/p>\n<p>Indica\u00e7\u00e3o<br \/>\nIndicado para roupas coloridas, incluindo seda e l\u00e3. N\u00e3o coloque o produto diretamente nas roupas. Composi\u00e7\u00e3o<br \/>\n5-15% de surfactantes n\u00e3o i\u00f4nicos, <5% de sab\u00e3o, surfactantes ani\u00f4nicos, perfumes (linalol, limoneno, geraniol)., Enzimas, outros: \u00e1gua, \u00e1lcool, \u00e1lcool desnatado, glicerina, citrato de s\u00f3dio, cloreto de s\u00f3dio, pol\u00edmero inibidor de transfer\u00eancia de corante , \u00e1cido c\u00edtrico.<br \/><b>Modo de Utiliza\u00e7\u00e3o:<\/b> Modo de Utiliza\u00e7\u00e3o<br \/>\nSiga as instru\u00e7\u00f5es de lavagem no r\u00f3tulo. Temperatura de lavagem 30-40\u00ba. N\u00e3o lave a temperaturas> 50\u00ba 1 rolha = 40 ml. (Lavar 4-5 kgs) \u00c1gua mole e m\u00e9dia = 50 ml (Lavar 6-8 kgs), roupas mais sujas: \u00c1gua dura = 70 ml<\/p>\n<p>Precau\u00e7\u00f5es<br \/>\nMantenha fora do alcance de crian\u00e7as. Em caso de contato com os olhos, lave com \u00e1gua em abund\u00e2ncia, se a irrita\u00e7\u00e3o persistir, entre em contato com o seu m\u00e9dico.<\/p>\n","protected":false},"featured_media":75181,"comment_status":"closed","ping_status":"closed","template":"","meta":[],"product_cat":[98],"product_tag":[],"class_list":["post-75180","product","type-product","status-publish","has-post-thumbnail","hentry","product_cat-roupa"],"bundle_layout":"","bundled_by":[],"bundled_items":[],"yoast_head":"<!-- This site is optimized with the Yoast SEO plugin v26.3 - https:\/\/yoast.com\/wordpress\/plugins\/seo\/ -->\n<title>DETERGENTE LIQUIDO PARA CORES ECOVER 1,5LT<\/title>\n<meta name=\"robots\" content=\"index, follow, max-snippet:-1, max-image-preview:large, max-video-preview:-1\" \/>\n<link rel=\"canonical\" href=\"https:\/\/www.biocabaz.pt\/web\/produto\/detergente-liquido-para-cores-ecover-15lt\/\" \/>\n<meta property=\"og:locale\" content=\"pt_PT\" \/>\n<meta property=\"og:locale:alternate\" content=\"en_US\" \/>\n<meta property=\"og:type\" content=\"article\" \/>\n<meta property=\"og:title\" content=\"DETERGENTE LIQUIDO PARA CORES ECOVER 1,5LT\" \/>\n<meta property=\"og:description\" content=\"Descri\u00e7\u00e3o Limpa e protege as cores (20 lavagens) Com o aroma de flor de ma\u00e7\u00e3 e fr\u00e9sia. Protege e ativa as cores das roupas. Recipiente pl\u00e1stico 100% reciclado v\u00e1lido para substitui\u00e7\u00e3o Indica\u00e7\u00e3o Indicado para roupas coloridas, incluindo seda e l\u00e3. N\u00e3o coloque o produto diretamente nas roupas. Composi\u00e7\u00e3o 5-15% de surfactantes n\u00e3o i\u00f4nicos, 50\u00ba 1 rolha = 40 ml. (Lavar 4-5 kgs) \u00c1gua mole e m\u00e9dia = 50 ml (Lavar 6-8 kgs), roupas mais sujas: \u00c1gua dura = 70 ml Precau\u00e7\u00f5es Mantenha fora do alcance de crian\u00e7as. Em caso de contato com os olhos, lave com \u00e1gua em abund\u00e2ncia, se a irrita\u00e7\u00e3o persistir, entre em contato com o seu m\u00e9dico.\" \/>\n<meta property=\"og:url\" content=\"https:\/\/www.biocabaz.pt\/web\/produto\/detergente-liquido-para-cores-ecover-15lt\/\" \/>\n<meta property=\"og:site_name\" content=\"BIOCABAZ - CABAZES BIOL\u00d3GICOS\" \/>\n<meta property=\"article:modified_time\" content=\"2022-12-03T08:35:18+00:00\" \/>\n<meta property=\"og:image\" content=\"https:\/\/www.biocabaz.pt\/web\/wp-conteudos\/uploads\/2021\/09\/detergente-liquido-para-cores-ecover-15lt-e1630595339673.jpg\" \/>\n\t<meta property=\"og:image:width\" content=\"387\" \/>\n\t<meta property=\"og:image:height\" content=\"500\" \/>\n\t<meta property=\"og:image:type\" content=\"image\/jpeg\" \/>\n<meta name=\"twitter:card\" content=\"summary_large_image\" \/>\n<script type=\"application\/ld+json\" class=\"yoast-schema-graph\">{\"@context\":\"https:\/\/schema.org\",\"@graph\":[{\"@type\":\"WebPage\",\"@id\":\"https:\/\/www.biocabaz.pt\/web\/en\/produto\/detergente-liquido-para-cores-ecover-15lt\/\",\"url\":\"https:\/\/www.biocabaz.pt\/web\/en\/produto\/detergente-liquido-para-cores-ecover-15lt\/\",\"name\":\"DETERGENTE LIQUIDO PARA CORES ECOVER 1,5LT\",\"isPartOf\":{\"@id\":\"https:\/\/www.biocabaz.pt\/web\/en\/#website\"},\"primaryImageOfPage\":{\"@id\":\"https:\/\/www.biocabaz.pt\/web\/en\/produto\/detergente-liquido-para-cores-ecover-15lt\/#primaryimage\"},\"image\":{\"@id\":\"https:\/\/www.biocabaz.pt\/web\/en\/produto\/detergente-liquido-para-cores-ecover-15lt\/#primaryimage\"},\"thumbnailUrl\":\"https:\/\/www.biocabaz.pt\/web\/wp-conteudos\/uploads\/2021\/09\/detergente-liquido-para-cores-ecover-15lt-e1630595339673.jpg\",\"datePublished\":\"2021-09-02T15:09:26+00:00\",\"dateModified\":\"2022-12-03T08:35:18+00:00\",\"breadcrumb\":{\"@id\":\"https:\/\/www.biocabaz.pt\/web\/en\/produto\/detergente-liquido-para-cores-ecover-15lt\/#breadcrumb\"},\"inLanguage\":\"pt-PT\",\"potentialAction\":[{\"@type\":\"ReadAction\",\"target\":[\"https:\/\/www.biocabaz.pt\/web\/en\/produto\/detergente-liquido-para-cores-ecover-15lt\/\"]}]},{\"@type\":\"ImageObject\",\"inLanguage\":\"pt-PT\",\"@id\":\"https:\/\/www.biocabaz.pt\/web\/en\/produto\/detergente-liquido-para-cores-ecover-15lt\/#primaryimage\",\"url\":\"https:\/\/www.biocabaz.pt\/web\/wp-conteudos\/uploads\/2021\/09\/detergente-liquido-para-cores-ecover-15lt-e1630595339673.jpg\",\"contentUrl\":\"https:\/\/www.biocabaz.pt\/web\/wp-conteudos\/uploads\/2021\/09\/detergente-liquido-para-cores-ecover-15lt-e1630595339673.jpg\",\"width\":387,\"height\":500,\"caption\":\"DETERGENTE LIQUIDO PARA CORES ECOVER 1,5LT\"},{\"@type\":\"BreadcrumbList\",\"@id\":\"https:\/\/www.biocabaz.pt\/web\/en\/produto\/detergente-liquido-para-cores-ecover-15lt\/#breadcrumb\",\"itemListElement\":[{\"@type\":\"ListItem\",\"position\":1,\"name\":\"Home\",\"item\":\"https:\/\/www.biocabaz.pt\/web\/en\/\"},{\"@type\":\"ListItem\",\"position\":2,\"name\":\"Shop\",\"item\":\"https:\/\/www.biocabaz.pt\/web\/en\/shop\/\"},{\"@type\":\"ListItem\",\"position\":3,\"name\":\"ECOVER COLOUR LAUNDRY DETERGENT 1,5L\"}]},{\"@type\":\"WebSite\",\"@id\":\"https:\/\/www.biocabaz.pt\/web\/en\/#website\",\"url\":\"https:\/\/www.biocabaz.pt\/web\/en\/\",\"name\":\"BIOCABAZ - CABAZES BIOL\u00d3GICOS\",\"description\":\"O melhor que a terra d\u00e1 \u00e9 para si\",\"potentialAction\":[{\"@type\":\"SearchAction\",\"target\":{\"@type\":\"EntryPoint\",\"urlTemplate\":\"https:\/\/www.biocabaz.pt\/web\/en\/?s={search_term_string}\"},\"query-input\":{\"@type\":\"PropertyValueSpecification\",\"valueRequired\":true,\"valueName\":\"search_term_string\"}}],\"inLanguage\":\"pt-PT\"}]}<\/script>\n<!-- \/ Yoast SEO plugin. -->","yoast_head_json":{"title":"DETERGENTE LIQUIDO PARA CORES ECOVER 1,5LT","robots":{"index":"index","follow":"follow","max-snippet":"max-snippet:-1","max-image-preview":"max-image-preview:large","max-video-preview":"max-video-preview:-1"},"canonical":"https:\/\/www.biocabaz.pt\/web\/produto\/detergente-liquido-para-cores-ecover-15lt\/","og_locale":"pt_PT","og_type":"article","og_title":"[:en]ECOVER COLOUR LAUNDRY DETERGENT 1,5L[:pt]DETERGENTE LIQUIDO PARA CORES ECOVER 1,5LT[:] - BIOCABAZ - CABAZES BIOL\u00d3GICOS","og_description":"Descri\u00e7\u00e3o Limpa e protege as cores (20 lavagens) Com o aroma de flor de ma\u00e7\u00e3 e fr\u00e9sia. Protege e ativa as cores das roupas. Recipiente pl\u00e1stico 100% reciclado v\u00e1lido para substitui\u00e7\u00e3o Indica\u00e7\u00e3o Indicado para roupas coloridas, incluindo seda e l\u00e3. N\u00e3o coloque o produto diretamente nas roupas. Composi\u00e7\u00e3o 5-15% de surfactantes n\u00e3o i\u00f4nicos, 50\u00ba 1 rolha = 40 ml. (Lavar 4-5 kgs) \u00c1gua mole e m\u00e9dia = 50 ml (Lavar 6-8 kgs), roupas mais sujas: \u00c1gua dura = 70 ml Precau\u00e7\u00f5es Mantenha fora do alcance de crian\u00e7as. Em caso de contato com os olhos, lave com \u00e1gua em abund\u00e2ncia, se a irrita\u00e7\u00e3o persistir, entre em contato com o seu m\u00e9dico.","og_url":"https:\/\/www.biocabaz.pt\/web\/produto\/detergente-liquido-para-cores-ecover-15lt\/","og_site_name":"BIOCABAZ - CABAZES BIOL\u00d3GICOS","article_modified_time":"2022-12-03T08:35:18+00:00","og_image":[{"width":387,"height":500,"url":"https:\/\/www.biocabaz.pt\/web\/wp-conteudos\/uploads\/2021\/09\/detergente-liquido-para-cores-ecover-15lt-e1630595339673.jpg","type":"image\/jpeg"}],"twitter_card":"summary_large_image","schema":{"@context":"https:\/\/schema.org","@graph":[{"@type":"WebPage","@id":"https:\/\/www.biocabaz.pt\/web\/en\/produto\/detergente-liquido-para-cores-ecover-15lt\/","url":"https:\/\/www.biocabaz.pt\/web\/en\/produto\/detergente-liquido-para-cores-ecover-15lt\/","name":"DETERGENTE LIQUIDO PARA CORES ECOVER 1,5LT","isPartOf":{"@id":"https:\/\/www.biocabaz.pt\/web\/en\/#website"},"primaryImageOfPage":{"@id":"https:\/\/www.biocabaz.pt\/web\/en\/produto\/detergente-liquido-para-cores-ecover-15lt\/#primaryimage"},"image":{"@id":"https:\/\/www.biocabaz.pt\/web\/en\/produto\/detergente-liquido-para-cores-ecover-15lt\/#primaryimage"},"thumbnailUrl":"https:\/\/www.biocabaz.pt\/web\/wp-conteudos\/uploads\/2021\/09\/detergente-liquido-para-cores-ecover-15lt-e1630595339673.jpg","datePublished":"2021-09-02T15:09:26+00:00","dateModified":"2022-12-03T08:35:18+00:00","breadcrumb":{"@id":"https:\/\/www.biocabaz.pt\/web\/en\/produto\/detergente-liquido-para-cores-ecover-15lt\/#breadcrumb"},"inLanguage":"pt-PT","potentialAction":[{"@type":"ReadAction","target":["https:\/\/www.biocabaz.pt\/web\/en\/produto\/detergente-liquido-para-cores-ecover-15lt\/"]}]},{"@type":"ImageObject","inLanguage":"pt-PT","@id":"https:\/\/www.biocabaz.pt\/web\/en\/produto\/detergente-liquido-para-cores-ecover-15lt\/#primaryimage","url":"https:\/\/www.biocabaz.pt\/web\/wp-conteudos\/uploads\/2021\/09\/detergente-liquido-para-cores-ecover-15lt-e1630595339673.jpg","contentUrl":"https:\/\/www.biocabaz.pt\/web\/wp-conteudos\/uploads\/2021\/09\/detergente-liquido-para-cores-ecover-15lt-e1630595339673.jpg","width":387,"height":500,"caption":"DETERGENTE LIQUIDO PARA CORES ECOVER 1,5LT"},{"@type":"BreadcrumbList","@id":"https:\/\/www.biocabaz.pt\/web\/en\/produto\/detergente-liquido-para-cores-ecover-15lt\/#breadcrumb","itemListElement":[{"@type":"ListItem","position":1,"name":"Home","item":"https:\/\/www.biocabaz.pt\/web\/en\/"},{"@type":"ListItem","position":2,"name":"Shop","item":"https:\/\/www.biocabaz.pt\/web\/en\/shop\/"},{"@type":"ListItem","position":3,"name":"ECOVER COLOUR LAUNDRY DETERGENT 1,5L"}]},{"@type":"WebSite","@id":"https:\/\/www.biocabaz.pt\/web\/en\/#website","url":"https:\/\/www.biocabaz.pt\/web\/en\/","name":"BIOCABAZ - CABAZES BIOL\u00d3GICOS","description":"O melhor que a terra d\u00e1 \u00e9 para si","potentialAction":[{"@type":"SearchAction","target":{"@type":"EntryPoint","urlTemplate":"https:\/\/www.biocabaz.pt\/web\/en\/?s={search_term_string}"},"query-input":{"@type":"PropertyValueSpecification","valueRequired":true,"valueName":"search_term_string"}}],"inLanguage":"pt-PT"}]}},"_links":{"self":[{"href":"https:\/\/www.biocabaz.pt\/web\/wp-json\/wp\/v2\/product\/75180","targetHints":{"allow":["GET"]}}],"collection":[{"href":"https:\/\/www.biocabaz.pt\/web\/wp-json\/wp\/v2\/product"}],"about":[{"href":"https:\/\/www.biocabaz.pt\/web\/wp-json\/wp\/v2\/types\/product"}],"replies":[{"embeddable":true,"href":"https:\/\/www.biocabaz.pt\/web\/wp-json\/wp\/v2\/comments?post=75180"}],"wp:featuredmedia":[{"embeddable":true,"href":"https:\/\/www.biocabaz.pt\/web\/wp-json\/wp\/v2\/media\/75181"}],"wp:attachment":[{"href":"https:\/\/www.biocabaz.pt\/web\/wp-json\/wp\/v2\/media?parent=75180"}],"wp:term":[{"taxonomy":"product_cat","embeddable":true,"href":"https:\/\/www.biocabaz.pt\/web\/wp-json\/wp\/v2\/product_cat?post=75180"},{"taxonomy":"product_tag","embeddable":true,"href":"https:\/\/www.biocabaz.pt\/web\/wp-json\/wp\/v2\/product_tag?post=75180"}],"curies":[{"name":"wp","href":"https:\/\/api.w.org\/{rel}","templated":true}]}}