{"id":75178,"date":"2021-09-02T15:02:25","date_gmt":"2021-09-02T15:02:25","guid":{"rendered":"https:\/\/www.biocabaz.pt\/web\/?post_type=product&#038;p=75178"},"modified":"2026-02-04T21:42:48","modified_gmt":"2026-02-04T21:42:48","slug":"detergente-liquido-alfazema-sonett-2lt","status":"publish","type":"product","link":"https:\/\/www.biocabaz.pt\/web\/produto\/detergente-liquido-alfazema-sonett-2lt\/","title":{"rendered":"DETERGENTE LIQUIDO ALFAZEMA SONETT 2LT"},"content":{"rendered":"","protected":false},"excerpt":{"rendered":"<p>Descri\u00e7\u00e3o<br \/>\nO detergente l\u00edquido para roupas da Sonett possui uma efici\u00eancia que depende menos da dureza da \u00e1gua, e \u00e9 por isso que o detergente l\u00edquido \u00e9 muito eficaz tamb\u00e9m em \u00e1gua dura.<\/p>\n<p>Indica\u00e7\u00e3o<br \/>\nO sab\u00e3o como subst\u00e2ncia de lavagem ativa combina exclusivamente todas as propriedades necess\u00e1rias para o processo de lavagem: umedecimento, dissolu\u00e7\u00e3o e absor\u00e7\u00e3o de sujeira. O sab\u00e3o \u00e9 intensificado nesse efeito pelo surfactante de a\u00e7\u00facar e pelo sulfato de \u00e1lcool graxo, que s\u00e3o obtidos por rea\u00e7\u00e3o qu\u00edmica de mat\u00e9rias-primas puramente vegetais, a\u00e7\u00facar, amido e \u00f3leo de coco com \u00e1cidos. Ao mesmo tempo, essa combina\u00e7\u00e3o neutraliza a desvantagem do sab\u00e3o, ou seja, o sab\u00e3o de c\u00e1lcio que se forma, que pode precipitar nas roupas se o amaciador n\u00e3o tiver sido medido adequadamente. O \u00e1lcool obtido pela fermenta\u00e7\u00e3o do amido \u00e0 base de plantas serve para manter o detergente l\u00edquido, permitindo assim uma subst\u00e2ncia de lavagem ativa altamente concentrada. O \u00f3leo de mamona sulfatado, tamb\u00e9m chamado de \u00f3leo de peru vermelho, \u00e9 obtido pelo \u00f3leo de mamona que reage quimicamente com o \u00e1cido sulf\u00farico. Intensifica a propriedade de dissolu\u00e7\u00e3o de gorduras dos detergentes. Composi\u00e7\u00e3o<br \/>\n\u00d3leo essencial de lavanda, lavanda.<br \/><b>Modo de Utiliza\u00e7\u00e3o:<\/b> Modo de Utiliza\u00e7\u00e3o<br \/>\nRecomenda-se encher o amaciador no compartimento de detergente da m\u00e1quina de lavar e o l\u00edquido de lavar em uma bola de medi\u00e7\u00e3o e coloc\u00e1-lo diretamente no tambor. Adequado para todos os tecidos coloridos e brancos feitos de misturas de algod\u00e3o, linho, c\u00e2nhamo e tecido entre 30 e 95 \u00b0 C (85\u2013200 \u00b0 F).<\/p>\n","protected":false},"featured_media":75179,"comment_status":"closed","ping_status":"closed","template":"","meta":[],"product_cat":[98],"product_tag":[],"class_list":["post-75178","product","type-product","status-publish","has-post-thumbnail","hentry","product_cat-roupa"],"bundle_layout":"","bundled_by":[],"bundled_items":[],"yoast_head":"<!-- This site is optimized with the Yoast SEO plugin v26.3 - https:\/\/yoast.com\/wordpress\/plugins\/seo\/ -->\n<title>DETERGENTE LIQUIDO ALFAZEMA SONETT 2LT<\/title>\n<meta name=\"robots\" content=\"index, follow, max-snippet:-1, max-image-preview:large, max-video-preview:-1\" \/>\n<link rel=\"canonical\" href=\"https:\/\/www.biocabaz.pt\/web\/produto\/detergente-liquido-alfazema-sonett-2lt\/\" \/>\n<meta property=\"og:locale\" content=\"pt_PT\" \/>\n<meta property=\"og:locale:alternate\" content=\"en_US\" \/>\n<meta property=\"og:type\" content=\"article\" \/>\n<meta property=\"og:title\" content=\"DETERGENTE LIQUIDO ALFAZEMA SONETT 2LT\" \/>\n<meta property=\"og:description\" content=\"Descri\u00e7\u00e3o O detergente l\u00edquido para roupas da Sonett possui uma efici\u00eancia que depende menos da dureza da \u00e1gua, e \u00e9 por isso que o detergente l\u00edquido \u00e9 muito eficaz tamb\u00e9m em \u00e1gua dura. Indica\u00e7\u00e3o O sab\u00e3o como subst\u00e2ncia de lavagem ativa combina exclusivamente todas as propriedades necess\u00e1rias para o processo de lavagem: umedecimento, dissolu\u00e7\u00e3o e absor\u00e7\u00e3o de sujeira. O sab\u00e3o \u00e9 intensificado nesse efeito pelo surfactante de a\u00e7\u00facar e pelo sulfato de \u00e1lcool graxo, que s\u00e3o obtidos por rea\u00e7\u00e3o qu\u00edmica de mat\u00e9rias-primas puramente vegetais, a\u00e7\u00facar, amido e \u00f3leo de coco com \u00e1cidos. Ao mesmo tempo, essa combina\u00e7\u00e3o neutraliza a desvantagem do sab\u00e3o, ou seja, o sab\u00e3o de c\u00e1lcio que se forma, que pode precipitar nas roupas se o amaciador n\u00e3o tiver sido medido adequadamente. O \u00e1lcool obtido pela fermenta\u00e7\u00e3o do amido \u00e0 base de plantas serve para manter o detergente l\u00edquido, permitindo assim uma subst\u00e2ncia de lavagem ativa altamente concentrada. O \u00f3leo de mamona sulfatado, tamb\u00e9m chamado de \u00f3leo de peru vermelho, \u00e9 obtido pelo \u00f3leo de mamona que reage quimicamente com o \u00e1cido sulf\u00farico. Intensifica a propriedade de dissolu\u00e7\u00e3o de gorduras dos detergentes. Composi\u00e7\u00e3o \u00d3leo essencial de lavanda, lavanda.Modo de Utiliza\u00e7\u00e3o: Modo de Utiliza\u00e7\u00e3o Recomenda-se encher o amaciador no compartimento de detergente da m\u00e1quina de lavar e o l\u00edquido de lavar em uma bola de medi\u00e7\u00e3o e coloc\u00e1-lo diretamente no tambor. Adequado para todos os tecidos coloridos e brancos feitos de misturas de algod\u00e3o, linho, c\u00e2nhamo e tecido entre 30 e 95 \u00b0 C (85\u2013200 \u00b0 F).\" \/>\n<meta property=\"og:url\" content=\"https:\/\/www.biocabaz.pt\/web\/produto\/detergente-liquido-alfazema-sonett-2lt\/\" \/>\n<meta property=\"og:site_name\" content=\"BIOCABAZ - CABAZES BIOL\u00d3GICOS\" \/>\n<meta property=\"article:modified_time\" content=\"2026-02-04T21:42:48+00:00\" \/>\n<meta property=\"og:image\" content=\"https:\/\/www.biocabaz.pt\/web\/wp-conteudos\/uploads\/2021\/09\/detergente-liquido-alfazema-sonett-2lt.jpg\" \/>\n\t<meta property=\"og:image:width\" content=\"500\" \/>\n\t<meta property=\"og:image:height\" content=\"500\" \/>\n\t<meta property=\"og:image:type\" content=\"image\/jpeg\" \/>\n<meta name=\"twitter:card\" content=\"summary_large_image\" \/>\n<script type=\"application\/ld+json\" class=\"yoast-schema-graph\">{\"@context\":\"https:\/\/schema.org\",\"@graph\":[{\"@type\":\"WebPage\",\"@id\":\"https:\/\/www.biocabaz.pt\/web\/produto\/detergente-liquido-alfazema-sonett-2lt\/\",\"url\":\"https:\/\/www.biocabaz.pt\/web\/produto\/detergente-liquido-alfazema-sonett-2lt\/\",\"name\":\"DETERGENTE LIQUIDO ALFAZEMA SONETT 2LT\",\"isPartOf\":{\"@id\":\"https:\/\/www.biocabaz.pt\/web\/en\/#website\"},\"primaryImageOfPage\":{\"@id\":\"https:\/\/www.biocabaz.pt\/web\/produto\/detergente-liquido-alfazema-sonett-2lt\/#primaryimage\"},\"image\":{\"@id\":\"https:\/\/www.biocabaz.pt\/web\/produto\/detergente-liquido-alfazema-sonett-2lt\/#primaryimage\"},\"thumbnailUrl\":\"https:\/\/www.biocabaz.pt\/web\/wp-conteudos\/uploads\/2021\/09\/detergente-liquido-alfazema-sonett-2lt.jpg\",\"datePublished\":\"2021-09-02T15:02:25+00:00\",\"dateModified\":\"2026-02-04T21:42:48+00:00\",\"breadcrumb\":{\"@id\":\"https:\/\/www.biocabaz.pt\/web\/produto\/detergente-liquido-alfazema-sonett-2lt\/#breadcrumb\"},\"inLanguage\":\"pt-PT\",\"potentialAction\":[{\"@type\":\"ReadAction\",\"target\":[\"https:\/\/www.biocabaz.pt\/web\/produto\/detergente-liquido-alfazema-sonett-2lt\/\"]}]},{\"@type\":\"ImageObject\",\"inLanguage\":\"pt-PT\",\"@id\":\"https:\/\/www.biocabaz.pt\/web\/produto\/detergente-liquido-alfazema-sonett-2lt\/#primaryimage\",\"url\":\"https:\/\/www.biocabaz.pt\/web\/wp-conteudos\/uploads\/2021\/09\/detergente-liquido-alfazema-sonett-2lt.jpg\",\"contentUrl\":\"https:\/\/www.biocabaz.pt\/web\/wp-conteudos\/uploads\/2021\/09\/detergente-liquido-alfazema-sonett-2lt.jpg\",\"width\":500,\"height\":500,\"caption\":\"DETERGENTE LIQUIDO ALFAZEMA SONETT 2LT\"},{\"@type\":\"BreadcrumbList\",\"@id\":\"https:\/\/www.biocabaz.pt\/web\/produto\/detergente-liquido-alfazema-sonett-2lt\/#breadcrumb\",\"itemListElement\":[{\"@type\":\"ListItem\",\"position\":1,\"name\":\"Home\",\"item\":\"https:\/\/www.biocabaz.pt\/web\/en\/\"},{\"@type\":\"ListItem\",\"position\":2,\"name\":\"Shop\",\"item\":\"https:\/\/www.biocabaz.pt\/web\/en\/shop\/\"},{\"@type\":\"ListItem\",\"position\":3,\"name\":\"DETERGENTE LIQUIDO ALFAZEMA SONETT 2LT\"}]},{\"@type\":\"WebSite\",\"@id\":\"https:\/\/www.biocabaz.pt\/web\/en\/#website\",\"url\":\"https:\/\/www.biocabaz.pt\/web\/en\/\",\"name\":\"BIOCABAZ - CABAZES BIOL\u00d3GICOS\",\"description\":\"O melhor que a terra d\u00e1 \u00e9 para si\",\"potentialAction\":[{\"@type\":\"SearchAction\",\"target\":{\"@type\":\"EntryPoint\",\"urlTemplate\":\"https:\/\/www.biocabaz.pt\/web\/en\/?s={search_term_string}\"},\"query-input\":{\"@type\":\"PropertyValueSpecification\",\"valueRequired\":true,\"valueName\":\"search_term_string\"}}],\"inLanguage\":\"pt-PT\"}]}<\/script>\n<!-- \/ Yoast SEO plugin. -->","yoast_head_json":{"title":"DETERGENTE LIQUIDO ALFAZEMA SONETT 2LT","robots":{"index":"index","follow":"follow","max-snippet":"max-snippet:-1","max-image-preview":"max-image-preview:large","max-video-preview":"max-video-preview:-1"},"canonical":"https:\/\/www.biocabaz.pt\/web\/produto\/detergente-liquido-alfazema-sonett-2lt\/","og_locale":"pt_PT","og_type":"article","og_title":"[:en]SONETT LAUNDRY LIQUID LAVENDER 2L[:pt]DETERGENTE LIQUIDO ALFAZEMA SONETT 2LT[:] - BIOCABAZ - CABAZES BIOL\u00d3GICOS","og_description":"Descri\u00e7\u00e3o O detergente l\u00edquido para roupas da Sonett possui uma efici\u00eancia que depende menos da dureza da \u00e1gua, e \u00e9 por isso que o detergente l\u00edquido \u00e9 muito eficaz tamb\u00e9m em \u00e1gua dura. Indica\u00e7\u00e3o O sab\u00e3o como subst\u00e2ncia de lavagem ativa combina exclusivamente todas as propriedades necess\u00e1rias para o processo de lavagem: umedecimento, dissolu\u00e7\u00e3o e absor\u00e7\u00e3o de sujeira. O sab\u00e3o \u00e9 intensificado nesse efeito pelo surfactante de a\u00e7\u00facar e pelo sulfato de \u00e1lcool graxo, que s\u00e3o obtidos por rea\u00e7\u00e3o qu\u00edmica de mat\u00e9rias-primas puramente vegetais, a\u00e7\u00facar, amido e \u00f3leo de coco com \u00e1cidos. Ao mesmo tempo, essa combina\u00e7\u00e3o neutraliza a desvantagem do sab\u00e3o, ou seja, o sab\u00e3o de c\u00e1lcio que se forma, que pode precipitar nas roupas se o amaciador n\u00e3o tiver sido medido adequadamente. O \u00e1lcool obtido pela fermenta\u00e7\u00e3o do amido \u00e0 base de plantas serve para manter o detergente l\u00edquido, permitindo assim uma subst\u00e2ncia de lavagem ativa altamente concentrada. O \u00f3leo de mamona sulfatado, tamb\u00e9m chamado de \u00f3leo de peru vermelho, \u00e9 obtido pelo \u00f3leo de mamona que reage quimicamente com o \u00e1cido sulf\u00farico. Intensifica a propriedade de dissolu\u00e7\u00e3o de gorduras dos detergentes. Composi\u00e7\u00e3o \u00d3leo essencial de lavanda, lavanda.Modo de Utiliza\u00e7\u00e3o: Modo de Utiliza\u00e7\u00e3o Recomenda-se encher o amaciador no compartimento de detergente da m\u00e1quina de lavar e o l\u00edquido de lavar em uma bola de medi\u00e7\u00e3o e coloc\u00e1-lo diretamente no tambor. Adequado para todos os tecidos coloridos e brancos feitos de misturas de algod\u00e3o, linho, c\u00e2nhamo e tecido entre 30 e 95 \u00b0 C (85\u2013200 \u00b0 F).","og_url":"https:\/\/www.biocabaz.pt\/web\/produto\/detergente-liquido-alfazema-sonett-2lt\/","og_site_name":"BIOCABAZ - CABAZES BIOL\u00d3GICOS","article_modified_time":"2026-02-04T21:42:48+00:00","og_image":[{"width":500,"height":500,"url":"https:\/\/www.biocabaz.pt\/web\/wp-conteudos\/uploads\/2021\/09\/detergente-liquido-alfazema-sonett-2lt.jpg","type":"image\/jpeg"}],"twitter_card":"summary_large_image","schema":{"@context":"https:\/\/schema.org","@graph":[{"@type":"WebPage","@id":"https:\/\/www.biocabaz.pt\/web\/produto\/detergente-liquido-alfazema-sonett-2lt\/","url":"https:\/\/www.biocabaz.pt\/web\/produto\/detergente-liquido-alfazema-sonett-2lt\/","name":"DETERGENTE LIQUIDO ALFAZEMA SONETT 2LT","isPartOf":{"@id":"https:\/\/www.biocabaz.pt\/web\/en\/#website"},"primaryImageOfPage":{"@id":"https:\/\/www.biocabaz.pt\/web\/produto\/detergente-liquido-alfazema-sonett-2lt\/#primaryimage"},"image":{"@id":"https:\/\/www.biocabaz.pt\/web\/produto\/detergente-liquido-alfazema-sonett-2lt\/#primaryimage"},"thumbnailUrl":"https:\/\/www.biocabaz.pt\/web\/wp-conteudos\/uploads\/2021\/09\/detergente-liquido-alfazema-sonett-2lt.jpg","datePublished":"2021-09-02T15:02:25+00:00","dateModified":"2026-02-04T21:42:48+00:00","breadcrumb":{"@id":"https:\/\/www.biocabaz.pt\/web\/produto\/detergente-liquido-alfazema-sonett-2lt\/#breadcrumb"},"inLanguage":"pt-PT","potentialAction":[{"@type":"ReadAction","target":["https:\/\/www.biocabaz.pt\/web\/produto\/detergente-liquido-alfazema-sonett-2lt\/"]}]},{"@type":"ImageObject","inLanguage":"pt-PT","@id":"https:\/\/www.biocabaz.pt\/web\/produto\/detergente-liquido-alfazema-sonett-2lt\/#primaryimage","url":"https:\/\/www.biocabaz.pt\/web\/wp-conteudos\/uploads\/2021\/09\/detergente-liquido-alfazema-sonett-2lt.jpg","contentUrl":"https:\/\/www.biocabaz.pt\/web\/wp-conteudos\/uploads\/2021\/09\/detergente-liquido-alfazema-sonett-2lt.jpg","width":500,"height":500,"caption":"DETERGENTE LIQUIDO ALFAZEMA SONETT 2LT"},{"@type":"BreadcrumbList","@id":"https:\/\/www.biocabaz.pt\/web\/produto\/detergente-liquido-alfazema-sonett-2lt\/#breadcrumb","itemListElement":[{"@type":"ListItem","position":1,"name":"Home","item":"https:\/\/www.biocabaz.pt\/web\/en\/"},{"@type":"ListItem","position":2,"name":"Shop","item":"https:\/\/www.biocabaz.pt\/web\/en\/shop\/"},{"@type":"ListItem","position":3,"name":"DETERGENTE LIQUIDO ALFAZEMA SONETT 2LT"}]},{"@type":"WebSite","@id":"https:\/\/www.biocabaz.pt\/web\/en\/#website","url":"https:\/\/www.biocabaz.pt\/web\/en\/","name":"BIOCABAZ - CABAZES BIOL\u00d3GICOS","description":"O melhor que a terra d\u00e1 \u00e9 para si","potentialAction":[{"@type":"SearchAction","target":{"@type":"EntryPoint","urlTemplate":"https:\/\/www.biocabaz.pt\/web\/en\/?s={search_term_string}"},"query-input":{"@type":"PropertyValueSpecification","valueRequired":true,"valueName":"search_term_string"}}],"inLanguage":"pt-PT"}]}},"_links":{"self":[{"href":"https:\/\/www.biocabaz.pt\/web\/wp-json\/wp\/v2\/product\/75178","targetHints":{"allow":["GET"]}}],"collection":[{"href":"https:\/\/www.biocabaz.pt\/web\/wp-json\/wp\/v2\/product"}],"about":[{"href":"https:\/\/www.biocabaz.pt\/web\/wp-json\/wp\/v2\/types\/product"}],"replies":[{"embeddable":true,"href":"https:\/\/www.biocabaz.pt\/web\/wp-json\/wp\/v2\/comments?post=75178"}],"wp:featuredmedia":[{"embeddable":true,"href":"https:\/\/www.biocabaz.pt\/web\/wp-json\/wp\/v2\/media\/75179"}],"wp:attachment":[{"href":"https:\/\/www.biocabaz.pt\/web\/wp-json\/wp\/v2\/media?parent=75178"}],"wp:term":[{"taxonomy":"product_cat","embeddable":true,"href":"https:\/\/www.biocabaz.pt\/web\/wp-json\/wp\/v2\/product_cat?post=75178"},{"taxonomy":"product_tag","embeddable":true,"href":"https:\/\/www.biocabaz.pt\/web\/wp-json\/wp\/v2\/product_tag?post=75178"}],"curies":[{"name":"wp","href":"https:\/\/api.w.org\/{rel}","templated":true}]}}