{"id":75135,"date":"2021-09-02T09:14:12","date_gmt":"2021-09-02T09:14:12","guid":{"rendered":"https:\/\/www.biocabaz.pt\/web\/?post_type=product&#038;p=75135"},"modified":"2023-04-17T12:25:57","modified_gmt":"2023-04-17T12:25:57","slug":"detergente-chao-ecox-1lt","status":"publish","type":"product","link":"https:\/\/www.biocabaz.pt\/web\/produto\/detergente-chao-ecox-1lt\/","title":{"rendered":"DETERGENTE CHAO ECOX 0,85LT"},"content":{"rendered":"","protected":false},"excerpt":{"rendered":"<p>O detergente ecol\u00f3gico para o ch\u00e3o \u00e9 adequado a pavimentos interiores e exteriores, madeiras e pode ser usado em paredes e azulejos. Remove todo o tipo de sujidade, desengordura e deixa um ambiente perfumado pela divis\u00e3o onde passa.<\/p>\n<p>Com este produto caminhas em dire\u00e7\u00e3o \u00e0 sustentabilidade: \u00e9 um detergente ecol\u00f3gico que nasce do reaproveitamento de res\u00edduos, o \u00f3leo alimentar usado. Ingredientes<br \/>\nDetergente Ecol\u00f3gico para o ch\u00e3o 100% biodegrad\u00e1vel.<br \/>\n\u00c1gua; sab\u00e3o (origem natural); Lauril\u00e9ter sulfato de s\u00f3dio (origem natural); perfume (limoneno); corante; conservante (5-chlore-2-metil-4-isotiazolin-3-ona and 2-metil-4-isotiazolinon-3-ona and bromonitropropanodiol).<br \/><b>Modo de Utiliza\u00e7\u00e3o:<\/b> Dilui cerca de 75mL de detergente por cada 5 litros de \u00e1gua para limpar superf\u00edcies (em especial ch\u00e3os), utilizando uma esfregona em bom estado de conserva\u00e7\u00e3o. Caso as superf\u00edcies se encontrem muito sujas ou engorduradas, aumenta a dosagem para 100mL por cada 5 litros de \u00e1gua. No caso de manchas ou sujidades dif\u00edceis podes aplicar o produto puro. Para limpeza de azulejos e casas de banho aplica o detergente diretamente sobre um pano ou esponja e limpa toda a superf\u00edcie.<\/p>\n","protected":false},"featured_media":75136,"comment_status":"closed","ping_status":"closed","template":"","meta":[],"product_cat":[97],"product_tag":[],"class_list":["post-75135","product","type-product","status-publish","has-post-thumbnail","hentry","product_cat-casa-e-cozinha"],"bundle_layout":"","bundled_by":[],"bundled_items":[],"yoast_head":"<!-- This site is optimized with the Yoast SEO plugin v26.3 - https:\/\/yoast.com\/wordpress\/plugins\/seo\/ -->\n<title>DETERGENTE CHAO ECOX 0,85LT<\/title>\n<meta name=\"robots\" content=\"index, follow, max-snippet:-1, max-image-preview:large, max-video-preview:-1\" \/>\n<link rel=\"canonical\" href=\"https:\/\/www.biocabaz.pt\/web\/produto\/detergente-chao-ecox-1lt\/\" \/>\n<meta property=\"og:locale\" content=\"pt_PT\" \/>\n<meta property=\"og:locale:alternate\" content=\"en_US\" \/>\n<meta property=\"og:type\" content=\"article\" \/>\n<meta property=\"og:title\" content=\"DETERGENTE CHAO ECOX 0,85LT\" \/>\n<meta property=\"og:description\" content=\"O detergente ecol\u00f3gico para o ch\u00e3o \u00e9 adequado a pavimentos interiores e exteriores, madeiras e pode ser usado em paredes e azulejos. Remove todo o tipo de sujidade, desengordura e deixa um ambiente perfumado pela divis\u00e3o onde passa. Com este produto caminhas em dire\u00e7\u00e3o \u00e0 sustentabilidade: \u00e9 um detergente ecol\u00f3gico que nasce do reaproveitamento de res\u00edduos, o \u00f3leo alimentar usado. Ingredientes Detergente Ecol\u00f3gico para o ch\u00e3o 100% biodegrad\u00e1vel. \u00c1gua; sab\u00e3o (origem natural); Lauril\u00e9ter sulfato de s\u00f3dio (origem natural); perfume (limoneno); corante; conservante (5-chlore-2-metil-4-isotiazolin-3-ona and 2-metil-4-isotiazolinon-3-ona and bromonitropropanodiol).Modo de Utiliza\u00e7\u00e3o: Dilui cerca de 75mL de detergente por cada 5 litros de \u00e1gua para limpar superf\u00edcies (em especial ch\u00e3os), utilizando uma esfregona em bom estado de conserva\u00e7\u00e3o. Caso as superf\u00edcies se encontrem muito sujas ou engorduradas, aumenta a dosagem para 100mL por cada 5 litros de \u00e1gua. No caso de manchas ou sujidades dif\u00edceis podes aplicar o produto puro. Para limpeza de azulejos e casas de banho aplica o detergente diretamente sobre um pano ou esponja e limpa toda a superf\u00edcie.\" \/>\n<meta property=\"og:url\" content=\"https:\/\/www.biocabaz.pt\/web\/produto\/detergente-chao-ecox-1lt\/\" \/>\n<meta property=\"og:site_name\" content=\"BIOCABAZ - CABAZES BIOL\u00d3GICOS\" \/>\n<meta property=\"article:modified_time\" content=\"2023-04-17T12:25:57+00:00\" \/>\n<meta property=\"og:image\" content=\"https:\/\/www.biocabaz.pt\/web\/wp-conteudos\/uploads\/2021\/09\/detergente-chao-ecox-1lt.jpg\" \/>\n\t<meta property=\"og:image:width\" content=\"444\" \/>\n\t<meta property=\"og:image:height\" content=\"443\" \/>\n\t<meta property=\"og:image:type\" content=\"image\/jpeg\" \/>\n<meta name=\"twitter:card\" content=\"summary_large_image\" \/>\n<script type=\"application\/ld+json\" class=\"yoast-schema-graph\">{\"@context\":\"https:\/\/schema.org\",\"@graph\":[{\"@type\":\"WebPage\",\"@id\":\"https:\/\/www.biocabaz.pt\/web\/produto\/detergente-chao-ecox-1lt\/\",\"url\":\"https:\/\/www.biocabaz.pt\/web\/produto\/detergente-chao-ecox-1lt\/\",\"name\":\"DETERGENTE CHAO ECOX 0,85LT\",\"isPartOf\":{\"@id\":\"https:\/\/www.biocabaz.pt\/web\/#website\"},\"primaryImageOfPage\":{\"@id\":\"https:\/\/www.biocabaz.pt\/web\/produto\/detergente-chao-ecox-1lt\/#primaryimage\"},\"image\":{\"@id\":\"https:\/\/www.biocabaz.pt\/web\/produto\/detergente-chao-ecox-1lt\/#primaryimage\"},\"thumbnailUrl\":\"https:\/\/www.biocabaz.pt\/web\/wp-conteudos\/uploads\/2021\/09\/detergente-chao-ecox-1lt.jpg\",\"datePublished\":\"2021-09-02T09:14:12+00:00\",\"dateModified\":\"2023-04-17T12:25:57+00:00\",\"breadcrumb\":{\"@id\":\"https:\/\/www.biocabaz.pt\/web\/produto\/detergente-chao-ecox-1lt\/#breadcrumb\"},\"inLanguage\":\"pt-PT\",\"potentialAction\":[{\"@type\":\"ReadAction\",\"target\":[\"https:\/\/www.biocabaz.pt\/web\/produto\/detergente-chao-ecox-1lt\/\"]}]},{\"@type\":\"ImageObject\",\"inLanguage\":\"pt-PT\",\"@id\":\"https:\/\/www.biocabaz.pt\/web\/produto\/detergente-chao-ecox-1lt\/#primaryimage\",\"url\":\"https:\/\/www.biocabaz.pt\/web\/wp-conteudos\/uploads\/2021\/09\/detergente-chao-ecox-1lt.jpg\",\"contentUrl\":\"https:\/\/www.biocabaz.pt\/web\/wp-conteudos\/uploads\/2021\/09\/detergente-chao-ecox-1lt.jpg\",\"width\":444,\"height\":443,\"caption\":\"DETERGENTE CHAO ECOX 1LT\"},{\"@type\":\"BreadcrumbList\",\"@id\":\"https:\/\/www.biocabaz.pt\/web\/produto\/detergente-chao-ecox-1lt\/#breadcrumb\",\"itemListElement\":[{\"@type\":\"ListItem\",\"position\":1,\"name\":\"Home\",\"item\":\"https:\/\/www.biocabaz.pt\/web\/\"},{\"@type\":\"ListItem\",\"position\":2,\"name\":\"Shop\",\"item\":\"https:\/\/www.biocabaz.pt\/web\/en\/shop\/\"},{\"@type\":\"ListItem\",\"position\":3,\"name\":\"DETERGENTE CHAO ECOX 0,85LT\"}]},{\"@type\":\"WebSite\",\"@id\":\"https:\/\/www.biocabaz.pt\/web\/#website\",\"url\":\"https:\/\/www.biocabaz.pt\/web\/\",\"name\":\"BIOCABAZ - CABAZES BIOL\u00d3GICOS\",\"description\":\"O melhor que a terra d\u00e1 \u00e9 para si\",\"potentialAction\":[{\"@type\":\"SearchAction\",\"target\":{\"@type\":\"EntryPoint\",\"urlTemplate\":\"https:\/\/www.biocabaz.pt\/web\/?s={search_term_string}\"},\"query-input\":{\"@type\":\"PropertyValueSpecification\",\"valueRequired\":true,\"valueName\":\"search_term_string\"}}],\"inLanguage\":\"pt-PT\"}]}<\/script>\n<!-- \/ Yoast SEO plugin. -->","yoast_head_json":{"title":"DETERGENTE CHAO ECOX 0,85LT","robots":{"index":"index","follow":"follow","max-snippet":"max-snippet:-1","max-image-preview":"max-image-preview:large","max-video-preview":"max-video-preview:-1"},"canonical":"https:\/\/www.biocabaz.pt\/web\/produto\/detergente-chao-ecox-1lt\/","og_locale":"pt_PT","og_type":"article","og_title":"[:en]ECO X FLOOR CLEANER 1LT[:pt]DETERGENTE CHAO ECOX 0,85LT[:] - BIOCABAZ - CABAZES BIOL\u00d3GICOS","og_description":"O detergente ecol\u00f3gico para o ch\u00e3o \u00e9 adequado a pavimentos interiores e exteriores, madeiras e pode ser usado em paredes e azulejos. Remove todo o tipo de sujidade, desengordura e deixa um ambiente perfumado pela divis\u00e3o onde passa. Com este produto caminhas em dire\u00e7\u00e3o \u00e0 sustentabilidade: \u00e9 um detergente ecol\u00f3gico que nasce do reaproveitamento de res\u00edduos, o \u00f3leo alimentar usado. Ingredientes Detergente Ecol\u00f3gico para o ch\u00e3o 100% biodegrad\u00e1vel. \u00c1gua; sab\u00e3o (origem natural); Lauril\u00e9ter sulfato de s\u00f3dio (origem natural); perfume (limoneno); corante; conservante (5-chlore-2-metil-4-isotiazolin-3-ona and 2-metil-4-isotiazolinon-3-ona and bromonitropropanodiol).Modo de Utiliza\u00e7\u00e3o: Dilui cerca de 75mL de detergente por cada 5 litros de \u00e1gua para limpar superf\u00edcies (em especial ch\u00e3os), utilizando uma esfregona em bom estado de conserva\u00e7\u00e3o. Caso as superf\u00edcies se encontrem muito sujas ou engorduradas, aumenta a dosagem para 100mL por cada 5 litros de \u00e1gua. No caso de manchas ou sujidades dif\u00edceis podes aplicar o produto puro. Para limpeza de azulejos e casas de banho aplica o detergente diretamente sobre um pano ou esponja e limpa toda a superf\u00edcie.","og_url":"https:\/\/www.biocabaz.pt\/web\/produto\/detergente-chao-ecox-1lt\/","og_site_name":"BIOCABAZ - CABAZES BIOL\u00d3GICOS","article_modified_time":"2023-04-17T12:25:57+00:00","og_image":[{"width":444,"height":443,"url":"https:\/\/www.biocabaz.pt\/web\/wp-conteudos\/uploads\/2021\/09\/detergente-chao-ecox-1lt.jpg","type":"image\/jpeg"}],"twitter_card":"summary_large_image","schema":{"@context":"https:\/\/schema.org","@graph":[{"@type":"WebPage","@id":"https:\/\/www.biocabaz.pt\/web\/produto\/detergente-chao-ecox-1lt\/","url":"https:\/\/www.biocabaz.pt\/web\/produto\/detergente-chao-ecox-1lt\/","name":"DETERGENTE CHAO ECOX 0,85LT","isPartOf":{"@id":"https:\/\/www.biocabaz.pt\/web\/#website"},"primaryImageOfPage":{"@id":"https:\/\/www.biocabaz.pt\/web\/produto\/detergente-chao-ecox-1lt\/#primaryimage"},"image":{"@id":"https:\/\/www.biocabaz.pt\/web\/produto\/detergente-chao-ecox-1lt\/#primaryimage"},"thumbnailUrl":"https:\/\/www.biocabaz.pt\/web\/wp-conteudos\/uploads\/2021\/09\/detergente-chao-ecox-1lt.jpg","datePublished":"2021-09-02T09:14:12+00:00","dateModified":"2023-04-17T12:25:57+00:00","breadcrumb":{"@id":"https:\/\/www.biocabaz.pt\/web\/produto\/detergente-chao-ecox-1lt\/#breadcrumb"},"inLanguage":"pt-PT","potentialAction":[{"@type":"ReadAction","target":["https:\/\/www.biocabaz.pt\/web\/produto\/detergente-chao-ecox-1lt\/"]}]},{"@type":"ImageObject","inLanguage":"pt-PT","@id":"https:\/\/www.biocabaz.pt\/web\/produto\/detergente-chao-ecox-1lt\/#primaryimage","url":"https:\/\/www.biocabaz.pt\/web\/wp-conteudos\/uploads\/2021\/09\/detergente-chao-ecox-1lt.jpg","contentUrl":"https:\/\/www.biocabaz.pt\/web\/wp-conteudos\/uploads\/2021\/09\/detergente-chao-ecox-1lt.jpg","width":444,"height":443,"caption":"DETERGENTE CHAO ECOX 1LT"},{"@type":"BreadcrumbList","@id":"https:\/\/www.biocabaz.pt\/web\/produto\/detergente-chao-ecox-1lt\/#breadcrumb","itemListElement":[{"@type":"ListItem","position":1,"name":"Home","item":"https:\/\/www.biocabaz.pt\/web\/"},{"@type":"ListItem","position":2,"name":"Shop","item":"https:\/\/www.biocabaz.pt\/web\/en\/shop\/"},{"@type":"ListItem","position":3,"name":"DETERGENTE CHAO ECOX 0,85LT"}]},{"@type":"WebSite","@id":"https:\/\/www.biocabaz.pt\/web\/#website","url":"https:\/\/www.biocabaz.pt\/web\/","name":"BIOCABAZ - CABAZES BIOL\u00d3GICOS","description":"O melhor que a terra d\u00e1 \u00e9 para si","potentialAction":[{"@type":"SearchAction","target":{"@type":"EntryPoint","urlTemplate":"https:\/\/www.biocabaz.pt\/web\/?s={search_term_string}"},"query-input":{"@type":"PropertyValueSpecification","valueRequired":true,"valueName":"search_term_string"}}],"inLanguage":"pt-PT"}]}},"_links":{"self":[{"href":"https:\/\/www.biocabaz.pt\/web\/wp-json\/wp\/v2\/product\/75135","targetHints":{"allow":["GET"]}}],"collection":[{"href":"https:\/\/www.biocabaz.pt\/web\/wp-json\/wp\/v2\/product"}],"about":[{"href":"https:\/\/www.biocabaz.pt\/web\/wp-json\/wp\/v2\/types\/product"}],"replies":[{"embeddable":true,"href":"https:\/\/www.biocabaz.pt\/web\/wp-json\/wp\/v2\/comments?post=75135"}],"wp:featuredmedia":[{"embeddable":true,"href":"https:\/\/www.biocabaz.pt\/web\/wp-json\/wp\/v2\/media\/75136"}],"wp:attachment":[{"href":"https:\/\/www.biocabaz.pt\/web\/wp-json\/wp\/v2\/media?parent=75135"}],"wp:term":[{"taxonomy":"product_cat","embeddable":true,"href":"https:\/\/www.biocabaz.pt\/web\/wp-json\/wp\/v2\/product_cat?post=75135"},{"taxonomy":"product_tag","embeddable":true,"href":"https:\/\/www.biocabaz.pt\/web\/wp-json\/wp\/v2\/product_tag?post=75135"}],"curies":[{"name":"wp","href":"https:\/\/api.w.org\/{rel}","templated":true}]}}