{"id":74827,"date":"2021-08-26T16:15:30","date_gmt":"2021-08-26T16:15:30","guid":{"rendered":"https:\/\/www.biocabaz.pt\/web\/?post_type=product&#038;p=74827"},"modified":"2023-04-17T12:28:49","modified_gmt":"2023-04-17T12:28:49","slug":"detergente-loica-limao-0-85lt","status":"publish","type":"product","link":"https:\/\/www.biocabaz.pt\/web\/produto\/detergente-loica-limao-0-85lt\/","title":{"rendered":"Detergente Loi\u00e7a Lim\u00e3o 0.85LT"},"content":{"rendered":"","protected":false},"excerpt":{"rendered":"<p>O detergente ecol\u00f3gico para a loi\u00e7a tem uma elevada capacidade de remover gorduras e n\u00e3o \u00e9 agressivo para a pele.<\/p>\n<p>Com este produto podes dar as m\u00e3os ao ambiente: \u00e9 um detergente ecol\u00f3gico que \u00e9 nasce do reaproveitamento de res\u00edduos, o \u00f3leo alimentar usado. Ingredientes: Detergente Ecol\u00f3gico para a loi\u00e7a 100% biodegrad\u00e1vel.<br \/>\n\u00c1gua; sab\u00e3o (origem natural); cocamidopropil Beta\u00edna (origem natural); Lauril\u00e9ter sulfato de s\u00f3dio (origem natural); perfume (Limonene).; \u00e1cido etidr\u00f3nico; conservante ( 1,2-bencisotiazol-3 (2H) -onal)).<br \/><b>Modo de Utiliza\u00e7\u00e3o:<\/b> Aconselhamos um pr\u00e9-enxaguamento de modo a remover a sujidade mais s\u00f3lida. De seguida, coloca 3mL no esfreg\u00e3o ou usa 20mL de produto por cada 10 litros de \u00e1gua e mergulha a loi\u00e7a na \u00e1gua. Lava bem com a esponja e enxagua com \u00e1gua abundante.<\/p>\n","protected":false},"featured_media":74828,"comment_status":"closed","ping_status":"closed","template":"","meta":[],"product_cat":[97],"product_tag":[],"class_list":["post-74827","product","type-product","status-publish","has-post-thumbnail","hentry","product_cat-casa-e-cozinha"],"bundle_layout":"","bundled_by":[],"bundled_items":[],"yoast_head":"<!-- This site is optimized with the Yoast SEO plugin v26.3 - https:\/\/yoast.com\/wordpress\/plugins\/seo\/ -->\n<title>Detergente Loi\u00e7a Lim\u00e3o 0.85LT<\/title>\n<meta name=\"robots\" content=\"index, follow, max-snippet:-1, max-image-preview:large, max-video-preview:-1\" \/>\n<link rel=\"canonical\" href=\"https:\/\/biocabaz.pt\/web\/produto\/detergente-loica-limao-0-85lt\/\" \/>\n<meta property=\"og:locale\" content=\"pt_PT\" \/>\n<meta property=\"og:locale:alternate\" content=\"en_US\" \/>\n<meta property=\"og:type\" content=\"article\" \/>\n<meta property=\"og:title\" content=\"Detergente Loi\u00e7a Lim\u00e3o 0.85LT\" \/>\n<meta property=\"og:description\" content=\"O detergente ecol\u00f3gico para a loi\u00e7a tem uma elevada capacidade de remover gorduras e n\u00e3o \u00e9 agressivo para a pele. Com este produto podes dar as m\u00e3os ao ambiente: \u00e9 um detergente ecol\u00f3gico que \u00e9 nasce do reaproveitamento de res\u00edduos, o \u00f3leo alimentar usado. Ingredientes: Detergente Ecol\u00f3gico para a loi\u00e7a 100% biodegrad\u00e1vel. \u00c1gua; sab\u00e3o (origem natural); cocamidopropil Beta\u00edna (origem natural); Lauril\u00e9ter sulfato de s\u00f3dio (origem natural); perfume (Limonene).; \u00e1cido etidr\u00f3nico; conservante ( 1,2-bencisotiazol-3 (2H) -onal)).Modo de Utiliza\u00e7\u00e3o: Aconselhamos um pr\u00e9-enxaguamento de modo a remover a sujidade mais s\u00f3lida. De seguida, coloca 3mL no esfreg\u00e3o ou usa 20mL de produto por cada 10 litros de \u00e1gua e mergulha a loi\u00e7a na \u00e1gua. Lava bem com a esponja e enxagua com \u00e1gua abundante.\" \/>\n<meta property=\"og:url\" content=\"https:\/\/www.biocabaz.pt\/web\/produto\/detergente-loica-limao-0-85lt\/\" \/>\n<meta property=\"og:site_name\" content=\"BIOCABAZ - CABAZES BIOL\u00d3GICOS\" \/>\n<meta property=\"article:modified_time\" content=\"2023-04-17T12:28:49+00:00\" \/>\n<meta property=\"og:image\" content=\"https:\/\/www.biocabaz.pt\/web\/wp-conteudos\/uploads\/2021\/08\/detergente-loica-limao-0.85lt.jpg\" \/>\n\t<meta property=\"og:image:width\" content=\"768\" \/>\n\t<meta property=\"og:image:height\" content=\"768\" \/>\n\t<meta property=\"og:image:type\" content=\"image\/jpeg\" \/>\n<meta name=\"twitter:card\" content=\"summary_large_image\" \/>\n<script type=\"application\/ld+json\" class=\"yoast-schema-graph\">{\"@context\":\"https:\/\/schema.org\",\"@graph\":[{\"@type\":\"WebPage\",\"@id\":\"https:\/\/biocabaz.pt\/web\/produto\/detergente-loica-limao-0-85lt\/\",\"url\":\"https:\/\/biocabaz.pt\/web\/produto\/detergente-loica-limao-0-85lt\/\",\"name\":\"Detergente Loi\u00e7a Lim\u00e3o 0.85LT\",\"isPartOf\":{\"@id\":\"https:\/\/biocabaz.pt\/web\/en\/#website\"},\"primaryImageOfPage\":{\"@id\":\"https:\/\/biocabaz.pt\/web\/produto\/detergente-loica-limao-0-85lt\/#primaryimage\"},\"image\":{\"@id\":\"https:\/\/biocabaz.pt\/web\/produto\/detergente-loica-limao-0-85lt\/#primaryimage\"},\"thumbnailUrl\":\"https:\/\/www.biocabaz.pt\/web\/wp-conteudos\/uploads\/2021\/08\/detergente-loica-limao-0.85lt.jpg\",\"datePublished\":\"2021-08-26T16:15:30+00:00\",\"dateModified\":\"2023-04-17T12:28:49+00:00\",\"breadcrumb\":{\"@id\":\"https:\/\/biocabaz.pt\/web\/produto\/detergente-loica-limao-0-85lt\/#breadcrumb\"},\"inLanguage\":\"pt-PT\",\"potentialAction\":[{\"@type\":\"ReadAction\",\"target\":[\"https:\/\/biocabaz.pt\/web\/produto\/detergente-loica-limao-0-85lt\/\"]}]},{\"@type\":\"ImageObject\",\"inLanguage\":\"pt-PT\",\"@id\":\"https:\/\/biocabaz.pt\/web\/produto\/detergente-loica-limao-0-85lt\/#primaryimage\",\"url\":\"https:\/\/www.biocabaz.pt\/web\/wp-conteudos\/uploads\/2021\/08\/detergente-loica-limao-0.85lt.jpg\",\"contentUrl\":\"https:\/\/www.biocabaz.pt\/web\/wp-conteudos\/uploads\/2021\/08\/detergente-loica-limao-0.85lt.jpg\",\"width\":768,\"height\":768,\"caption\":\"Detergente Loi\u00e7a Lim\u00e3o 0.85LT\"},{\"@type\":\"BreadcrumbList\",\"@id\":\"https:\/\/biocabaz.pt\/web\/produto\/detergente-loica-limao-0-85lt\/#breadcrumb\",\"itemListElement\":[{\"@type\":\"ListItem\",\"position\":1,\"name\":\"Home\",\"item\":\"https:\/\/biocabaz.pt\/web\/en\/\"},{\"@type\":\"ListItem\",\"position\":2,\"name\":\"Shop\",\"item\":\"https:\/\/biocabaz.pt\/web\/en\/shop\/\"},{\"@type\":\"ListItem\",\"position\":3,\"name\":\"Detergente Loi\u00e7a Lim\u00e3o 0.85LT\"}]},{\"@type\":\"WebSite\",\"@id\":\"https:\/\/biocabaz.pt\/web\/en\/#website\",\"url\":\"https:\/\/biocabaz.pt\/web\/en\/\",\"name\":\"BIOCABAZ - CABAZES BIOL\u00d3GICOS\",\"description\":\"O melhor que a terra d\u00e1 \u00e9 para si\",\"potentialAction\":[{\"@type\":\"SearchAction\",\"target\":{\"@type\":\"EntryPoint\",\"urlTemplate\":\"https:\/\/biocabaz.pt\/web\/en\/?s={search_term_string}\"},\"query-input\":{\"@type\":\"PropertyValueSpecification\",\"valueRequired\":true,\"valueName\":\"search_term_string\"}}],\"inLanguage\":\"pt-PT\"}]}<\/script>\n<!-- \/ Yoast SEO plugin. -->","yoast_head_json":{"title":"Detergente Loi\u00e7a Lim\u00e3o 0.85LT","robots":{"index":"index","follow":"follow","max-snippet":"max-snippet:-1","max-image-preview":"max-image-preview:large","max-video-preview":"max-video-preview:-1"},"canonical":"https:\/\/biocabaz.pt\/web\/produto\/detergente-loica-limao-0-85lt\/","og_locale":"pt_PT","og_type":"article","og_title":"[:en]ECO X DISHWASHING SOAP LEMON 0,85LT[:pt]Detergente Loi\u00e7a Lim\u00e3o 0.85LT[:] - BIOCABAZ - CABAZES BIOL\u00d3GICOS","og_description":"O detergente ecol\u00f3gico para a loi\u00e7a tem uma elevada capacidade de remover gorduras e n\u00e3o \u00e9 agressivo para a pele. Com este produto podes dar as m\u00e3os ao ambiente: \u00e9 um detergente ecol\u00f3gico que \u00e9 nasce do reaproveitamento de res\u00edduos, o \u00f3leo alimentar usado. Ingredientes: Detergente Ecol\u00f3gico para a loi\u00e7a 100% biodegrad\u00e1vel. \u00c1gua; sab\u00e3o (origem natural); cocamidopropil Beta\u00edna (origem natural); Lauril\u00e9ter sulfato de s\u00f3dio (origem natural); perfume (Limonene).; \u00e1cido etidr\u00f3nico; conservante ( 1,2-bencisotiazol-3 (2H) -onal)).Modo de Utiliza\u00e7\u00e3o: Aconselhamos um pr\u00e9-enxaguamento de modo a remover a sujidade mais s\u00f3lida. De seguida, coloca 3mL no esfreg\u00e3o ou usa 20mL de produto por cada 10 litros de \u00e1gua e mergulha a loi\u00e7a na \u00e1gua. Lava bem com a esponja e enxagua com \u00e1gua abundante.","og_url":"https:\/\/www.biocabaz.pt\/web\/produto\/detergente-loica-limao-0-85lt\/","og_site_name":"BIOCABAZ - CABAZES BIOL\u00d3GICOS","article_modified_time":"2023-04-17T12:28:49+00:00","og_image":[{"width":768,"height":768,"url":"https:\/\/www.biocabaz.pt\/web\/wp-conteudos\/uploads\/2021\/08\/detergente-loica-limao-0.85lt.jpg","type":"image\/jpeg"}],"twitter_card":"summary_large_image","schema":{"@context":"https:\/\/schema.org","@graph":[{"@type":"WebPage","@id":"https:\/\/biocabaz.pt\/web\/produto\/detergente-loica-limao-0-85lt\/","url":"https:\/\/biocabaz.pt\/web\/produto\/detergente-loica-limao-0-85lt\/","name":"Detergente Loi\u00e7a Lim\u00e3o 0.85LT","isPartOf":{"@id":"https:\/\/biocabaz.pt\/web\/en\/#website"},"primaryImageOfPage":{"@id":"https:\/\/biocabaz.pt\/web\/produto\/detergente-loica-limao-0-85lt\/#primaryimage"},"image":{"@id":"https:\/\/biocabaz.pt\/web\/produto\/detergente-loica-limao-0-85lt\/#primaryimage"},"thumbnailUrl":"https:\/\/www.biocabaz.pt\/web\/wp-conteudos\/uploads\/2021\/08\/detergente-loica-limao-0.85lt.jpg","datePublished":"2021-08-26T16:15:30+00:00","dateModified":"2023-04-17T12:28:49+00:00","breadcrumb":{"@id":"https:\/\/biocabaz.pt\/web\/produto\/detergente-loica-limao-0-85lt\/#breadcrumb"},"inLanguage":"pt-PT","potentialAction":[{"@type":"ReadAction","target":["https:\/\/biocabaz.pt\/web\/produto\/detergente-loica-limao-0-85lt\/"]}]},{"@type":"ImageObject","inLanguage":"pt-PT","@id":"https:\/\/biocabaz.pt\/web\/produto\/detergente-loica-limao-0-85lt\/#primaryimage","url":"https:\/\/www.biocabaz.pt\/web\/wp-conteudos\/uploads\/2021\/08\/detergente-loica-limao-0.85lt.jpg","contentUrl":"https:\/\/www.biocabaz.pt\/web\/wp-conteudos\/uploads\/2021\/08\/detergente-loica-limao-0.85lt.jpg","width":768,"height":768,"caption":"Detergente Loi\u00e7a Lim\u00e3o 0.85LT"},{"@type":"BreadcrumbList","@id":"https:\/\/biocabaz.pt\/web\/produto\/detergente-loica-limao-0-85lt\/#breadcrumb","itemListElement":[{"@type":"ListItem","position":1,"name":"Home","item":"https:\/\/biocabaz.pt\/web\/en\/"},{"@type":"ListItem","position":2,"name":"Shop","item":"https:\/\/biocabaz.pt\/web\/en\/shop\/"},{"@type":"ListItem","position":3,"name":"Detergente Loi\u00e7a Lim\u00e3o 0.85LT"}]},{"@type":"WebSite","@id":"https:\/\/biocabaz.pt\/web\/en\/#website","url":"https:\/\/biocabaz.pt\/web\/en\/","name":"BIOCABAZ - CABAZES BIOL\u00d3GICOS","description":"O melhor que a terra d\u00e1 \u00e9 para si","potentialAction":[{"@type":"SearchAction","target":{"@type":"EntryPoint","urlTemplate":"https:\/\/biocabaz.pt\/web\/en\/?s={search_term_string}"},"query-input":{"@type":"PropertyValueSpecification","valueRequired":true,"valueName":"search_term_string"}}],"inLanguage":"pt-PT"}]}},"_links":{"self":[{"href":"https:\/\/www.biocabaz.pt\/web\/wp-json\/wp\/v2\/product\/74827","targetHints":{"allow":["GET"]}}],"collection":[{"href":"https:\/\/www.biocabaz.pt\/web\/wp-json\/wp\/v2\/product"}],"about":[{"href":"https:\/\/www.biocabaz.pt\/web\/wp-json\/wp\/v2\/types\/product"}],"replies":[{"embeddable":true,"href":"https:\/\/www.biocabaz.pt\/web\/wp-json\/wp\/v2\/comments?post=74827"}],"wp:featuredmedia":[{"embeddable":true,"href":"https:\/\/www.biocabaz.pt\/web\/wp-json\/wp\/v2\/media\/74828"}],"wp:attachment":[{"href":"https:\/\/www.biocabaz.pt\/web\/wp-json\/wp\/v2\/media?parent=74827"}],"wp:term":[{"taxonomy":"product_cat","embeddable":true,"href":"https:\/\/www.biocabaz.pt\/web\/wp-json\/wp\/v2\/product_cat?post=74827"},{"taxonomy":"product_tag","embeddable":true,"href":"https:\/\/www.biocabaz.pt\/web\/wp-json\/wp\/v2\/product_tag?post=74827"}],"curies":[{"name":"wp","href":"https:\/\/api.w.org\/{rel}","templated":true}]}}