{"id":74794,"date":"2021-08-26T10:56:37","date_gmt":"2021-08-26T10:56:37","guid":{"rendered":"https:\/\/www.biocabaz.pt\/web\/?post_type=product&#038;p=74794"},"modified":"2023-06-16T15:36:42","modified_gmt":"2023-06-16T15:36:42","slug":"acorelle-protetor-solar-com-cor-hipoalergenico-spf-50-claire-light","status":"publish","type":"product","link":"https:\/\/www.biocabaz.pt\/web\/produto\/acorelle-protetor-solar-com-cor-hipoalergenico-spf-50-claire-light\/","title":{"rendered":"ACORELLE &#8211; PROTETOR SOLAR COM COR HIPOALERG\u00c9NICO SPF 50 CLAIRE LIGHT"},"content":{"rendered":"","protected":false},"excerpt":{"rendered":"<p>O Creme Solar Facial Acorelle FPS 50 oferece alta prote\u00e7\u00e3o natural e imediata contra os raios UVA e UVB, gra\u00e7as ao seu filtro mineral 100% natural que n\u00e3o penetra na barreira da pele e permanece em sua superf\u00edcie. Sua efic\u00e1cia \u00e9 comprovada por testes padronizados in vitro e in vivo adaptados a filtros minerais. Composi\u00e7\u00e3o: Carbonato de dicaprilil, di\u00f3xido de tit\u00e2nio, Aqua (\u00e1gua), Coco-caprilato, \u00f3leo de semente de Pongamia glabra Bio, Amido de Zea mays (milho) Bio, Poligliceril-6 estearato, Poligliceril-3 poliricinoleato, Sorbitano isostearato, Poligliceril-3 diisostearato diisostearate, Arachidyl-3 Hidr\u00f3xido de alum\u00ednio, \u00e1cido este\u00e1rico, \u00f3leo de semente de Sesamum indicum (gergelim) Bio, Rosa damascena (rosa) \u00e1gua de flor Bio, Folha de Aloe barbadensis em p\u00f3 Bio, Bisabolol, Helianthus annuus (girassol) \u00f3leo h\u00edbrido Bio, Olea europaea (azeitona) ) \u00f3leo de fruta Bio, extrato de pr\u00f3polis Bio, extrato de p\u00f3len Bio, \u00e1cido c\u00edtrico, extrato de raiz de Curcuma longa (c\u00farcuma) Bio, \u00c1lcool been\u00edlico, Lauroyl lisina, Araquidil glucos\u00eddeo, Benzoato de s\u00f3dio, Behenato de poligliceril-6, Caprilato de sorbitano, Sorbato de pot\u00e1ssio<br \/><b>Modo de Utiliza\u00e7\u00e3o:<\/b> \u00c9 aconselh\u00e1vel agitar antes de usar. Aplique o produto protetor antes da exposi\u00e7\u00e3o ao sol e reaplique com frequ\u00eancia para manter a prote\u00e7\u00e3o, principalmente ap\u00f3s suar, nadar ou se secar. Aplicar uma quantidade suficiente de produto (2 mg \/ cm2 de pele).<\/p>\n","protected":false},"featured_media":74795,"comment_status":"closed","ping_status":"closed","template":"","meta":[],"product_cat":[94],"product_tag":[],"class_list":["post-74794","product","type-product","status-publish","has-post-thumbnail","hentry","product_cat-solares"],"bundle_layout":"","bundled_by":[],"bundled_items":[],"yoast_head":"<!-- This site is optimized with the Yoast SEO plugin v26.3 - https:\/\/yoast.com\/wordpress\/plugins\/seo\/ -->\n<title>ACORELLE - PROTETOR SOLAR COM COR HIPOALERG\u00c9NICO SPF 50 CLAIRE LIGHT<\/title>\n<meta name=\"robots\" content=\"index, follow, max-snippet:-1, max-image-preview:large, max-video-preview:-1\" \/>\n<link rel=\"canonical\" href=\"https:\/\/biocabaz.pt\/web\/en\/produto\/acorelle-protetor-solar-com-cor-hipoalergenico-spf-50-claire-light\/\" \/>\n<meta property=\"og:locale\" content=\"pt_PT\" \/>\n<meta property=\"og:locale:alternate\" content=\"en_US\" \/>\n<meta property=\"og:type\" content=\"article\" \/>\n<meta property=\"og:title\" content=\"ACORELLE - PROTETOR SOLAR COM COR HIPOALERG\u00c9NICO SPF 50 CLAIRE LIGHT\" \/>\n<meta property=\"og:description\" content=\"O Creme Solar Facial Acorelle FPS 50 oferece alta prote\u00e7\u00e3o natural e imediata contra os raios UVA e UVB, gra\u00e7as ao seu filtro mineral 100% natural que n\u00e3o penetra na barreira da pele e permanece em sua superf\u00edcie. Sua efic\u00e1cia \u00e9 comprovada por testes padronizados in vitro e in vivo adaptados a filtros minerais. Composi\u00e7\u00e3o: Carbonato de dicaprilil, di\u00f3xido de tit\u00e2nio, Aqua (\u00e1gua), Coco-caprilato, \u00f3leo de semente de Pongamia glabra Bio, Amido de Zea mays (milho) Bio, Poligliceril-6 estearato, Poligliceril-3 poliricinoleato, Sorbitano isostearato, Poligliceril-3 diisostearato diisostearate, Arachidyl-3 Hidr\u00f3xido de alum\u00ednio, \u00e1cido este\u00e1rico, \u00f3leo de semente de Sesamum indicum (gergelim) Bio, Rosa damascena (rosa) \u00e1gua de flor Bio, Folha de Aloe barbadensis em p\u00f3 Bio, Bisabolol, Helianthus annuus (girassol) \u00f3leo h\u00edbrido Bio, Olea europaea (azeitona) ) \u00f3leo de fruta Bio, extrato de pr\u00f3polis Bio, extrato de p\u00f3len Bio, \u00e1cido c\u00edtrico, extrato de raiz de Curcuma longa (c\u00farcuma) Bio, \u00c1lcool been\u00edlico, Lauroyl lisina, Araquidil glucos\u00eddeo, Benzoato de s\u00f3dio, Behenato de poligliceril-6, Caprilato de sorbitano, Sorbato de pot\u00e1ssioModo de Utiliza\u00e7\u00e3o: \u00c9 aconselh\u00e1vel agitar antes de usar. Aplique o produto protetor antes da exposi\u00e7\u00e3o ao sol e reaplique com frequ\u00eancia para manter a prote\u00e7\u00e3o, principalmente ap\u00f3s suar, nadar ou se secar. Aplicar uma quantidade suficiente de produto (2 mg \/ cm2 de pele).\" \/>\n<meta property=\"og:url\" content=\"https:\/\/www.biocabaz.pt\/web\/produto\/acorelle-protetor-solar-com-cor-hipoalergenico-spf-50-claire-light\/\" \/>\n<meta property=\"og:site_name\" content=\"BIOCABAZ - CABAZES BIOL\u00d3GICOS\" \/>\n<meta property=\"article:modified_time\" content=\"2023-06-16T15:36:42+00:00\" \/>\n<meta property=\"og:image\" content=\"https:\/\/www.biocabaz.pt\/web\/wp-conteudos\/uploads\/2021\/08\/acorelle-protetor-solar-com-cor-hipoalergenico-spf-50-claire-light.jpg\" \/>\n\t<meta property=\"og:image:width\" content=\"700\" \/>\n\t<meta property=\"og:image:height\" content=\"700\" \/>\n\t<meta property=\"og:image:type\" content=\"image\/jpeg\" \/>\n<meta name=\"twitter:card\" content=\"summary_large_image\" \/>\n<script type=\"application\/ld+json\" class=\"yoast-schema-graph\">{\"@context\":\"https:\/\/schema.org\",\"@graph\":[{\"@type\":\"WebPage\",\"@id\":\"https:\/\/biocabaz.pt\/web\/en\/produto\/acorelle-protetor-solar-com-cor-hipoalergenico-spf-50-claire-light\/\",\"url\":\"https:\/\/biocabaz.pt\/web\/en\/produto\/acorelle-protetor-solar-com-cor-hipoalergenico-spf-50-claire-light\/\",\"name\":\"ACORELLE - PROTETOR SOLAR COM COR HIPOALERG\u00c9NICO SPF 50 CLAIRE LIGHT\",\"isPartOf\":{\"@id\":\"https:\/\/www.biocabaz.pt\/web\/en\/#website\"},\"primaryImageOfPage\":{\"@id\":\"https:\/\/biocabaz.pt\/web\/en\/produto\/acorelle-protetor-solar-com-cor-hipoalergenico-spf-50-claire-light\/#primaryimage\"},\"image\":{\"@id\":\"https:\/\/biocabaz.pt\/web\/en\/produto\/acorelle-protetor-solar-com-cor-hipoalergenico-spf-50-claire-light\/#primaryimage\"},\"thumbnailUrl\":\"https:\/\/www.biocabaz.pt\/web\/wp-conteudos\/uploads\/2021\/08\/acorelle-protetor-solar-com-cor-hipoalergenico-spf-50-claire-light.jpg\",\"datePublished\":\"2021-08-26T10:56:37+00:00\",\"dateModified\":\"2023-06-16T15:36:42+00:00\",\"breadcrumb\":{\"@id\":\"https:\/\/biocabaz.pt\/web\/en\/produto\/acorelle-protetor-solar-com-cor-hipoalergenico-spf-50-claire-light\/#breadcrumb\"},\"inLanguage\":\"pt-PT\",\"potentialAction\":[{\"@type\":\"ReadAction\",\"target\":[\"https:\/\/biocabaz.pt\/web\/en\/produto\/acorelle-protetor-solar-com-cor-hipoalergenico-spf-50-claire-light\/\"]}]},{\"@type\":\"ImageObject\",\"inLanguage\":\"pt-PT\",\"@id\":\"https:\/\/biocabaz.pt\/web\/en\/produto\/acorelle-protetor-solar-com-cor-hipoalergenico-spf-50-claire-light\/#primaryimage\",\"url\":\"https:\/\/www.biocabaz.pt\/web\/wp-conteudos\/uploads\/2021\/08\/acorelle-protetor-solar-com-cor-hipoalergenico-spf-50-claire-light.jpg\",\"contentUrl\":\"https:\/\/www.biocabaz.pt\/web\/wp-conteudos\/uploads\/2021\/08\/acorelle-protetor-solar-com-cor-hipoalergenico-spf-50-claire-light.jpg\",\"width\":700,\"height\":700,\"caption\":\"ACORELLE - PROTETOR SOLAR COM COR HIPOALERG\u00c9NICO SPF 50 CLAIRE LIGHT\"},{\"@type\":\"BreadcrumbList\",\"@id\":\"https:\/\/biocabaz.pt\/web\/en\/produto\/acorelle-protetor-solar-com-cor-hipoalergenico-spf-50-claire-light\/#breadcrumb\",\"itemListElement\":[{\"@type\":\"ListItem\",\"position\":1,\"name\":\"Home\",\"item\":\"https:\/\/www.biocabaz.pt\/web\/en\/\"},{\"@type\":\"ListItem\",\"position\":2,\"name\":\"Shop\",\"item\":\"https:\/\/www.biocabaz.pt\/web\/en\/shop\/\"},{\"@type\":\"ListItem\",\"position\":3,\"name\":\"ACORELLE HYPOALLERGENIC COLOUR SUNSCREEN SPF50 (CLAIRE LIGHT)\"}]},{\"@type\":\"WebSite\",\"@id\":\"https:\/\/www.biocabaz.pt\/web\/en\/#website\",\"url\":\"https:\/\/www.biocabaz.pt\/web\/en\/\",\"name\":\"BIOCABAZ - CABAZES BIOL\u00d3GICOS\",\"description\":\"O melhor que a terra d\u00e1 \u00e9 para si\",\"potentialAction\":[{\"@type\":\"SearchAction\",\"target\":{\"@type\":\"EntryPoint\",\"urlTemplate\":\"https:\/\/www.biocabaz.pt\/web\/en\/?s={search_term_string}\"},\"query-input\":{\"@type\":\"PropertyValueSpecification\",\"valueRequired\":true,\"valueName\":\"search_term_string\"}}],\"inLanguage\":\"pt-PT\"}]}<\/script>\n<!-- \/ Yoast SEO plugin. -->","yoast_head_json":{"title":"ACORELLE - PROTETOR SOLAR COM COR HIPOALERG\u00c9NICO SPF 50 CLAIRE LIGHT","robots":{"index":"index","follow":"follow","max-snippet":"max-snippet:-1","max-image-preview":"max-image-preview:large","max-video-preview":"max-video-preview:-1"},"canonical":"https:\/\/biocabaz.pt\/web\/en\/produto\/acorelle-protetor-solar-com-cor-hipoalergenico-spf-50-claire-light\/","og_locale":"pt_PT","og_type":"article","og_title":"[:en]ACORELLE HYPOALLERGENIC COLOUR SUNSCREEN SPF50 (CLAIRE LIGHT)[:pt]ACORELLE - PROTETOR SOLAR COM COR HIPOALERG\u00c9NICO SPF 50 CLAIRE LIGHT[:] - BIOCABAZ - CABAZES BIOL\u00d3GICOS","og_description":"O Creme Solar Facial Acorelle FPS 50 oferece alta prote\u00e7\u00e3o natural e imediata contra os raios UVA e UVB, gra\u00e7as ao seu filtro mineral 100% natural que n\u00e3o penetra na barreira da pele e permanece em sua superf\u00edcie. Sua efic\u00e1cia \u00e9 comprovada por testes padronizados in vitro e in vivo adaptados a filtros minerais. Composi\u00e7\u00e3o: Carbonato de dicaprilil, di\u00f3xido de tit\u00e2nio, Aqua (\u00e1gua), Coco-caprilato, \u00f3leo de semente de Pongamia glabra Bio, Amido de Zea mays (milho) Bio, Poligliceril-6 estearato, Poligliceril-3 poliricinoleato, Sorbitano isostearato, Poligliceril-3 diisostearato diisostearate, Arachidyl-3 Hidr\u00f3xido de alum\u00ednio, \u00e1cido este\u00e1rico, \u00f3leo de semente de Sesamum indicum (gergelim) Bio, Rosa damascena (rosa) \u00e1gua de flor Bio, Folha de Aloe barbadensis em p\u00f3 Bio, Bisabolol, Helianthus annuus (girassol) \u00f3leo h\u00edbrido Bio, Olea europaea (azeitona) ) \u00f3leo de fruta Bio, extrato de pr\u00f3polis Bio, extrato de p\u00f3len Bio, \u00e1cido c\u00edtrico, extrato de raiz de Curcuma longa (c\u00farcuma) Bio, \u00c1lcool been\u00edlico, Lauroyl lisina, Araquidil glucos\u00eddeo, Benzoato de s\u00f3dio, Behenato de poligliceril-6, Caprilato de sorbitano, Sorbato de pot\u00e1ssioModo de Utiliza\u00e7\u00e3o: \u00c9 aconselh\u00e1vel agitar antes de usar. Aplique o produto protetor antes da exposi\u00e7\u00e3o ao sol e reaplique com frequ\u00eancia para manter a prote\u00e7\u00e3o, principalmente ap\u00f3s suar, nadar ou se secar. Aplicar uma quantidade suficiente de produto (2 mg \/ cm2 de pele).","og_url":"https:\/\/www.biocabaz.pt\/web\/produto\/acorelle-protetor-solar-com-cor-hipoalergenico-spf-50-claire-light\/","og_site_name":"BIOCABAZ - CABAZES BIOL\u00d3GICOS","article_modified_time":"2023-06-16T15:36:42+00:00","og_image":[{"width":700,"height":700,"url":"https:\/\/www.biocabaz.pt\/web\/wp-conteudos\/uploads\/2021\/08\/acorelle-protetor-solar-com-cor-hipoalergenico-spf-50-claire-light.jpg","type":"image\/jpeg"}],"twitter_card":"summary_large_image","schema":{"@context":"https:\/\/schema.org","@graph":[{"@type":"WebPage","@id":"https:\/\/biocabaz.pt\/web\/en\/produto\/acorelle-protetor-solar-com-cor-hipoalergenico-spf-50-claire-light\/","url":"https:\/\/biocabaz.pt\/web\/en\/produto\/acorelle-protetor-solar-com-cor-hipoalergenico-spf-50-claire-light\/","name":"ACORELLE - PROTETOR SOLAR COM COR HIPOALERG\u00c9NICO SPF 50 CLAIRE LIGHT","isPartOf":{"@id":"https:\/\/www.biocabaz.pt\/web\/en\/#website"},"primaryImageOfPage":{"@id":"https:\/\/biocabaz.pt\/web\/en\/produto\/acorelle-protetor-solar-com-cor-hipoalergenico-spf-50-claire-light\/#primaryimage"},"image":{"@id":"https:\/\/biocabaz.pt\/web\/en\/produto\/acorelle-protetor-solar-com-cor-hipoalergenico-spf-50-claire-light\/#primaryimage"},"thumbnailUrl":"https:\/\/www.biocabaz.pt\/web\/wp-conteudos\/uploads\/2021\/08\/acorelle-protetor-solar-com-cor-hipoalergenico-spf-50-claire-light.jpg","datePublished":"2021-08-26T10:56:37+00:00","dateModified":"2023-06-16T15:36:42+00:00","breadcrumb":{"@id":"https:\/\/biocabaz.pt\/web\/en\/produto\/acorelle-protetor-solar-com-cor-hipoalergenico-spf-50-claire-light\/#breadcrumb"},"inLanguage":"pt-PT","potentialAction":[{"@type":"ReadAction","target":["https:\/\/biocabaz.pt\/web\/en\/produto\/acorelle-protetor-solar-com-cor-hipoalergenico-spf-50-claire-light\/"]}]},{"@type":"ImageObject","inLanguage":"pt-PT","@id":"https:\/\/biocabaz.pt\/web\/en\/produto\/acorelle-protetor-solar-com-cor-hipoalergenico-spf-50-claire-light\/#primaryimage","url":"https:\/\/www.biocabaz.pt\/web\/wp-conteudos\/uploads\/2021\/08\/acorelle-protetor-solar-com-cor-hipoalergenico-spf-50-claire-light.jpg","contentUrl":"https:\/\/www.biocabaz.pt\/web\/wp-conteudos\/uploads\/2021\/08\/acorelle-protetor-solar-com-cor-hipoalergenico-spf-50-claire-light.jpg","width":700,"height":700,"caption":"ACORELLE - PROTETOR SOLAR COM COR HIPOALERG\u00c9NICO SPF 50 CLAIRE LIGHT"},{"@type":"BreadcrumbList","@id":"https:\/\/biocabaz.pt\/web\/en\/produto\/acorelle-protetor-solar-com-cor-hipoalergenico-spf-50-claire-light\/#breadcrumb","itemListElement":[{"@type":"ListItem","position":1,"name":"Home","item":"https:\/\/www.biocabaz.pt\/web\/en\/"},{"@type":"ListItem","position":2,"name":"Shop","item":"https:\/\/www.biocabaz.pt\/web\/en\/shop\/"},{"@type":"ListItem","position":3,"name":"ACORELLE HYPOALLERGENIC COLOUR SUNSCREEN SPF50 (CLAIRE LIGHT)"}]},{"@type":"WebSite","@id":"https:\/\/www.biocabaz.pt\/web\/en\/#website","url":"https:\/\/www.biocabaz.pt\/web\/en\/","name":"BIOCABAZ - CABAZES BIOL\u00d3GICOS","description":"O melhor que a terra d\u00e1 \u00e9 para si","potentialAction":[{"@type":"SearchAction","target":{"@type":"EntryPoint","urlTemplate":"https:\/\/www.biocabaz.pt\/web\/en\/?s={search_term_string}"},"query-input":{"@type":"PropertyValueSpecification","valueRequired":true,"valueName":"search_term_string"}}],"inLanguage":"pt-PT"}]}},"_links":{"self":[{"href":"https:\/\/www.biocabaz.pt\/web\/wp-json\/wp\/v2\/product\/74794","targetHints":{"allow":["GET"]}}],"collection":[{"href":"https:\/\/www.biocabaz.pt\/web\/wp-json\/wp\/v2\/product"}],"about":[{"href":"https:\/\/www.biocabaz.pt\/web\/wp-json\/wp\/v2\/types\/product"}],"replies":[{"embeddable":true,"href":"https:\/\/www.biocabaz.pt\/web\/wp-json\/wp\/v2\/comments?post=74794"}],"wp:featuredmedia":[{"embeddable":true,"href":"https:\/\/www.biocabaz.pt\/web\/wp-json\/wp\/v2\/media\/74795"}],"wp:attachment":[{"href":"https:\/\/www.biocabaz.pt\/web\/wp-json\/wp\/v2\/media?parent=74794"}],"wp:term":[{"taxonomy":"product_cat","embeddable":true,"href":"https:\/\/www.biocabaz.pt\/web\/wp-json\/wp\/v2\/product_cat?post=74794"},{"taxonomy":"product_tag","embeddable":true,"href":"https:\/\/www.biocabaz.pt\/web\/wp-json\/wp\/v2\/product_tag?post=74794"}],"curies":[{"name":"wp","href":"https:\/\/api.w.org\/{rel}","templated":true}]}}