{"id":74692,"date":"2021-08-25T10:05:26","date_gmt":"2021-08-25T10:05:26","guid":{"rendered":"https:\/\/www.biocabaz.pt\/web\/?post_type=product&#038;p=74692"},"modified":"2026-03-28T09:21:09","modified_gmt":"2026-03-28T09:21:09","slug":"penso-diario-algodao-bio-curvo-30-unidades","status":"publish","type":"product","link":"https:\/\/www.biocabaz.pt\/web\/produto\/penso-diario-algodao-bio-curvo-30-unidades\/","title":{"rendered":"PENSO DI\u00c1RIO ALGOD\u00c3O BIO CURVO 30 UNIDADES"},"content":{"rendered":"","protected":false},"excerpt":{"rendered":"<p>Pensos com formato mais ergon\u00f3mico<br \/>\nPara a pele sens\u00edvel<br \/>\nCom mat\u00e9rias-primas naturais<br \/>\nApenas algod\u00e3o biol\u00f3gico em contacto com a sua pele<br \/>\nsem pl\u00e1sticos<br \/>\nSem perfumes ou corantes<br \/>\nTotalmente livre de cloro (sem branqueadores \u00e0 base de cloro)<br \/>\nBiodegrad\u00e1vel e compost\u00e1vel<br \/>\nVegan<\/p>\n<p>Composi\u00e7\u00e3o do penso: Algod\u00e3o biol\u00f3gico, celulose vegetal<br \/>\nComposi\u00e7\u00e3o da caixa: Cart\u00e3o reciclado<br \/><b>Modo de Utiliza\u00e7\u00e3o:<\/b> Condi\u00e7\u00f5es de Conserva\u00e7\u00e3o:<br \/>\nConservar em local fresco e seco abaixo dos 25\u00baC e com pouca humidade.<\/p>\n","protected":false},"featured_media":74693,"comment_status":"closed","ping_status":"closed","template":"","meta":[],"product_cat":[92],"product_tag":[],"class_list":["post-74692","product","type-product","status-publish","has-post-thumbnail","hentry","product_cat-higiene-intima"],"bundle_layout":"","bundled_by":[],"bundled_items":[],"yoast_head":"<!-- This site is optimized with the Yoast SEO plugin v26.3 - https:\/\/yoast.com\/wordpress\/plugins\/seo\/ -->\n<title>PENSO DI\u00c1RIO ALGOD\u00c3O BIO CURVO 30 UNIDADES<\/title>\n<meta name=\"robots\" content=\"index, follow, max-snippet:-1, max-image-preview:large, max-video-preview:-1\" \/>\n<link rel=\"canonical\" href=\"https:\/\/www.biocabaz.pt\/web\/produto\/penso-diario-algodao-bio-curvo-30-unidades\/\" \/>\n<meta property=\"og:locale\" content=\"pt_PT\" \/>\n<meta property=\"og:locale:alternate\" content=\"en_US\" \/>\n<meta property=\"og:type\" content=\"article\" \/>\n<meta property=\"og:title\" content=\"PENSO DI\u00c1RIO ALGOD\u00c3O BIO CURVO 30 UNIDADES\" \/>\n<meta property=\"og:description\" content=\"Pensos com formato mais ergon\u00f3mico Para a pele sens\u00edvel Com mat\u00e9rias-primas naturais Apenas algod\u00e3o biol\u00f3gico em contacto com a sua pele sem pl\u00e1sticos Sem perfumes ou corantes Totalmente livre de cloro (sem branqueadores \u00e0 base de cloro) Biodegrad\u00e1vel e compost\u00e1vel Vegan Composi\u00e7\u00e3o do penso: Algod\u00e3o biol\u00f3gico, celulose vegetal Composi\u00e7\u00e3o da caixa: Cart\u00e3o recicladoModo de Utiliza\u00e7\u00e3o: Condi\u00e7\u00f5es de Conserva\u00e7\u00e3o: Conservar em local fresco e seco abaixo dos 25\u00baC e com pouca humidade.\" \/>\n<meta property=\"og:url\" content=\"https:\/\/www.biocabaz.pt\/web\/produto\/penso-diario-algodao-bio-curvo-30-unidades\/\" \/>\n<meta property=\"og:site_name\" content=\"BIOCABAZ - CABAZES BIOL\u00d3GICOS\" \/>\n<meta property=\"article:modified_time\" content=\"2026-03-28T09:21:09+00:00\" \/>\n<meta property=\"og:image\" content=\"https:\/\/www.biocabaz.pt\/web\/wp-conteudos\/uploads\/2021\/08\/penso-diario-algodao-bio-curvo-30-unidades.jpg\" \/>\n\t<meta property=\"og:image:width\" content=\"600\" \/>\n\t<meta property=\"og:image:height\" content=\"600\" \/>\n\t<meta property=\"og:image:type\" content=\"image\/jpeg\" \/>\n<meta name=\"twitter:card\" content=\"summary_large_image\" \/>\n<script type=\"application\/ld+json\" class=\"yoast-schema-graph\">{\"@context\":\"https:\/\/schema.org\",\"@graph\":[{\"@type\":\"WebPage\",\"@id\":\"https:\/\/www.biocabaz.pt\/web\/en\/produto\/penso-diario-algodao-bio-curvo-30-unidades\/\",\"url\":\"https:\/\/www.biocabaz.pt\/web\/en\/produto\/penso-diario-algodao-bio-curvo-30-unidades\/\",\"name\":\"PENSO DI\u00c1RIO ALGOD\u00c3O BIO CURVO 30 UNIDADES\",\"isPartOf\":{\"@id\":\"https:\/\/www.biocabaz.pt\/web\/en\/#website\"},\"primaryImageOfPage\":{\"@id\":\"https:\/\/www.biocabaz.pt\/web\/en\/produto\/penso-diario-algodao-bio-curvo-30-unidades\/#primaryimage\"},\"image\":{\"@id\":\"https:\/\/www.biocabaz.pt\/web\/en\/produto\/penso-diario-algodao-bio-curvo-30-unidades\/#primaryimage\"},\"thumbnailUrl\":\"https:\/\/www.biocabaz.pt\/web\/wp-conteudos\/uploads\/2021\/08\/penso-diario-algodao-bio-curvo-30-unidades.jpg\",\"datePublished\":\"2021-08-25T10:05:26+00:00\",\"dateModified\":\"2026-03-28T09:21:09+00:00\",\"breadcrumb\":{\"@id\":\"https:\/\/www.biocabaz.pt\/web\/en\/produto\/penso-diario-algodao-bio-curvo-30-unidades\/#breadcrumb\"},\"inLanguage\":\"pt-PT\",\"potentialAction\":[{\"@type\":\"ReadAction\",\"target\":[\"https:\/\/www.biocabaz.pt\/web\/en\/produto\/penso-diario-algodao-bio-curvo-30-unidades\/\"]}]},{\"@type\":\"ImageObject\",\"inLanguage\":\"pt-PT\",\"@id\":\"https:\/\/www.biocabaz.pt\/web\/en\/produto\/penso-diario-algodao-bio-curvo-30-unidades\/#primaryimage\",\"url\":\"https:\/\/www.biocabaz.pt\/web\/wp-conteudos\/uploads\/2021\/08\/penso-diario-algodao-bio-curvo-30-unidades.jpg\",\"contentUrl\":\"https:\/\/www.biocabaz.pt\/web\/wp-conteudos\/uploads\/2021\/08\/penso-diario-algodao-bio-curvo-30-unidades.jpg\",\"width\":600,\"height\":600,\"caption\":\"PENSO DI\u00c1RIO ALGOD\u00c3O BIO CURVO 30 UNIDADES\"},{\"@type\":\"BreadcrumbList\",\"@id\":\"https:\/\/www.biocabaz.pt\/web\/en\/produto\/penso-diario-algodao-bio-curvo-30-unidades\/#breadcrumb\",\"itemListElement\":[{\"@type\":\"ListItem\",\"position\":1,\"name\":\"Home\",\"item\":\"https:\/\/www.biocabaz.pt\/web\/en\/\"},{\"@type\":\"ListItem\",\"position\":2,\"name\":\"Shop\",\"item\":\"https:\/\/www.biocabaz.pt\/web\/en\/shop\/\"},{\"@type\":\"ListItem\",\"position\":3,\"name\":\"ORGANIC COTTON CURVED PANTY LINERS 30UN\"}]},{\"@type\":\"WebSite\",\"@id\":\"https:\/\/www.biocabaz.pt\/web\/en\/#website\",\"url\":\"https:\/\/www.biocabaz.pt\/web\/en\/\",\"name\":\"BIOCABAZ - CABAZES BIOL\u00d3GICOS\",\"description\":\"O melhor que a terra d\u00e1 \u00e9 para si\",\"potentialAction\":[{\"@type\":\"SearchAction\",\"target\":{\"@type\":\"EntryPoint\",\"urlTemplate\":\"https:\/\/www.biocabaz.pt\/web\/en\/?s={search_term_string}\"},\"query-input\":{\"@type\":\"PropertyValueSpecification\",\"valueRequired\":true,\"valueName\":\"search_term_string\"}}],\"inLanguage\":\"pt-PT\"}]}<\/script>\n<!-- \/ Yoast SEO plugin. -->","yoast_head_json":{"title":"PENSO DI\u00c1RIO ALGOD\u00c3O BIO CURVO 30 UNIDADES","robots":{"index":"index","follow":"follow","max-snippet":"max-snippet:-1","max-image-preview":"max-image-preview:large","max-video-preview":"max-video-preview:-1"},"canonical":"https:\/\/www.biocabaz.pt\/web\/produto\/penso-diario-algodao-bio-curvo-30-unidades\/","og_locale":"pt_PT","og_type":"article","og_title":"[:en]ORGANIC COTTON CURVED PANTY LINERS 30UN[:pt]PENSO DI\u00c1RIO ALGOD\u00c3O BIO CURVO 30 UNIDADES[:] - BIOCABAZ - CABAZES BIOL\u00d3GICOS","og_description":"Pensos com formato mais ergon\u00f3mico Para a pele sens\u00edvel Com mat\u00e9rias-primas naturais Apenas algod\u00e3o biol\u00f3gico em contacto com a sua pele sem pl\u00e1sticos Sem perfumes ou corantes Totalmente livre de cloro (sem branqueadores \u00e0 base de cloro) Biodegrad\u00e1vel e compost\u00e1vel Vegan Composi\u00e7\u00e3o do penso: Algod\u00e3o biol\u00f3gico, celulose vegetal Composi\u00e7\u00e3o da caixa: Cart\u00e3o recicladoModo de Utiliza\u00e7\u00e3o: Condi\u00e7\u00f5es de Conserva\u00e7\u00e3o: Conservar em local fresco e seco abaixo dos 25\u00baC e com pouca humidade.","og_url":"https:\/\/www.biocabaz.pt\/web\/produto\/penso-diario-algodao-bio-curvo-30-unidades\/","og_site_name":"BIOCABAZ - CABAZES BIOL\u00d3GICOS","article_modified_time":"2026-03-28T09:21:09+00:00","og_image":[{"width":600,"height":600,"url":"https:\/\/www.biocabaz.pt\/web\/wp-conteudos\/uploads\/2021\/08\/penso-diario-algodao-bio-curvo-30-unidades.jpg","type":"image\/jpeg"}],"twitter_card":"summary_large_image","schema":{"@context":"https:\/\/schema.org","@graph":[{"@type":"WebPage","@id":"https:\/\/www.biocabaz.pt\/web\/en\/produto\/penso-diario-algodao-bio-curvo-30-unidades\/","url":"https:\/\/www.biocabaz.pt\/web\/en\/produto\/penso-diario-algodao-bio-curvo-30-unidades\/","name":"PENSO DI\u00c1RIO ALGOD\u00c3O BIO CURVO 30 UNIDADES","isPartOf":{"@id":"https:\/\/www.biocabaz.pt\/web\/en\/#website"},"primaryImageOfPage":{"@id":"https:\/\/www.biocabaz.pt\/web\/en\/produto\/penso-diario-algodao-bio-curvo-30-unidades\/#primaryimage"},"image":{"@id":"https:\/\/www.biocabaz.pt\/web\/en\/produto\/penso-diario-algodao-bio-curvo-30-unidades\/#primaryimage"},"thumbnailUrl":"https:\/\/www.biocabaz.pt\/web\/wp-conteudos\/uploads\/2021\/08\/penso-diario-algodao-bio-curvo-30-unidades.jpg","datePublished":"2021-08-25T10:05:26+00:00","dateModified":"2026-03-28T09:21:09+00:00","breadcrumb":{"@id":"https:\/\/www.biocabaz.pt\/web\/en\/produto\/penso-diario-algodao-bio-curvo-30-unidades\/#breadcrumb"},"inLanguage":"pt-PT","potentialAction":[{"@type":"ReadAction","target":["https:\/\/www.biocabaz.pt\/web\/en\/produto\/penso-diario-algodao-bio-curvo-30-unidades\/"]}]},{"@type":"ImageObject","inLanguage":"pt-PT","@id":"https:\/\/www.biocabaz.pt\/web\/en\/produto\/penso-diario-algodao-bio-curvo-30-unidades\/#primaryimage","url":"https:\/\/www.biocabaz.pt\/web\/wp-conteudos\/uploads\/2021\/08\/penso-diario-algodao-bio-curvo-30-unidades.jpg","contentUrl":"https:\/\/www.biocabaz.pt\/web\/wp-conteudos\/uploads\/2021\/08\/penso-diario-algodao-bio-curvo-30-unidades.jpg","width":600,"height":600,"caption":"PENSO DI\u00c1RIO ALGOD\u00c3O BIO CURVO 30 UNIDADES"},{"@type":"BreadcrumbList","@id":"https:\/\/www.biocabaz.pt\/web\/en\/produto\/penso-diario-algodao-bio-curvo-30-unidades\/#breadcrumb","itemListElement":[{"@type":"ListItem","position":1,"name":"Home","item":"https:\/\/www.biocabaz.pt\/web\/en\/"},{"@type":"ListItem","position":2,"name":"Shop","item":"https:\/\/www.biocabaz.pt\/web\/en\/shop\/"},{"@type":"ListItem","position":3,"name":"ORGANIC COTTON CURVED PANTY LINERS 30UN"}]},{"@type":"WebSite","@id":"https:\/\/www.biocabaz.pt\/web\/en\/#website","url":"https:\/\/www.biocabaz.pt\/web\/en\/","name":"BIOCABAZ - CABAZES BIOL\u00d3GICOS","description":"O melhor que a terra d\u00e1 \u00e9 para si","potentialAction":[{"@type":"SearchAction","target":{"@type":"EntryPoint","urlTemplate":"https:\/\/www.biocabaz.pt\/web\/en\/?s={search_term_string}"},"query-input":{"@type":"PropertyValueSpecification","valueRequired":true,"valueName":"search_term_string"}}],"inLanguage":"pt-PT"}]}},"_links":{"self":[{"href":"https:\/\/www.biocabaz.pt\/web\/wp-json\/wp\/v2\/product\/74692","targetHints":{"allow":["GET"]}}],"collection":[{"href":"https:\/\/www.biocabaz.pt\/web\/wp-json\/wp\/v2\/product"}],"about":[{"href":"https:\/\/www.biocabaz.pt\/web\/wp-json\/wp\/v2\/types\/product"}],"replies":[{"embeddable":true,"href":"https:\/\/www.biocabaz.pt\/web\/wp-json\/wp\/v2\/comments?post=74692"}],"wp:featuredmedia":[{"embeddable":true,"href":"https:\/\/www.biocabaz.pt\/web\/wp-json\/wp\/v2\/media\/74693"}],"wp:attachment":[{"href":"https:\/\/www.biocabaz.pt\/web\/wp-json\/wp\/v2\/media?parent=74692"}],"wp:term":[{"taxonomy":"product_cat","embeddable":true,"href":"https:\/\/www.biocabaz.pt\/web\/wp-json\/wp\/v2\/product_cat?post=74692"},{"taxonomy":"product_tag","embeddable":true,"href":"https:\/\/www.biocabaz.pt\/web\/wp-json\/wp\/v2\/product_tag?post=74692"}],"curies":[{"name":"wp","href":"https:\/\/api.w.org\/{rel}","templated":true}]}}