{"id":746,"date":"2016-04-08T09:58:52","date_gmt":"2016-04-08T09:58:52","guid":{"rendered":"http:\/\/www.biocabaz.com\/web\/produto\/sultanas-125g\/"},"modified":"2024-04-10T19:39:06","modified_gmt":"2024-04-10T19:39:06","slug":"sultanas-125g","status":"publish","type":"product","link":"https:\/\/www.biocabaz.pt\/web\/produto\/sultanas-125g\/","title":{"rendered":"SULTANAS BIO"},"content":{"rendered":"<p><strong>Descri\u00e7\u00e3o <\/strong><br \/>\n\t\t\t\tIngredientes: Passas de uvas de produ\u00e7\u00e3o biol\u00f3gica. Obtidas por secagem natural. Rico em fibra, fonte de f\u00f3sforo e pot\u00e1ssio. Sem adi\u00e7\u00e3o de corantes e conservantes.<\/p>\n<p><strong>Dados Nutricionais<\/strong><br \/>\n\t\t\t\tDeclara\u00e7\u00e3o Nutricional por 100g:<br \/> Energia: 1416kJ\/ 334kcal (17%*);<br \/> L\u00edpidos: 0,4g (0,6%*) &#8211; dos quais Saturados: <0,4g (2%*);<br \/> Hidratos de Carbono: 77g (29,6%*) &#8211; dos quais a\u00e7\u00facares: 73g (81,1%*);<br \/> Fibra: 6g (24,0%*);<br \/> Prote\u00ednas: 2,6g (5,2%*);<br \/> Sal: 0,07g (1,2%*);<br \/> Pot\u00e1ssio: 800mg (40%**);<br \/> F\u00f3sforo: 129mg (18%**). *Dose de refer\u00eancia para um adulto m\u00e9dio (8400kJ\/ 2000kcal). **VRN: Valor de refer\u00eancia do nutriente.<\/p>\n<p><strong>Modo Utiliza\u00e7\u00e3o<\/strong><br \/>Snack no intervalo das refei\u00e7\u00f5es ou na elabora\u00e7\u00e3o das suas receitas favoritas. Conservar em local seco e fresco.<\/p>\n","protected":false},"excerpt":{"rendered":"<p>Descri\u00e7\u00e3o Ingredientes: Passas de uvas de produ\u00e7\u00e3o biol\u00f3gica. Obtidas por secagem natural. Rico em fibra, fonte de f\u00f3sforo e pot\u00e1ssio. Sem adi\u00e7\u00e3o de corantes e conservantes. Dados Nutricionais Declara\u00e7\u00e3o Nutricional por 100g: Energia: 1416kJ\/ 334kcal (17%*); L\u00edpidos: 0,4g (0,6%*) &#8211; dos quais Saturados:<\/p>\n","protected":false},"featured_media":1353,"comment_status":"closed","ping_status":"closed","template":"","meta":[],"product_cat":[51],"product_tag":[],"class_list":["post-746","product","type-product","status-publish","has-post-thumbnail","hentry","product_cat-frutos-secos"],"bundle_layout":"","bundled_by":[],"bundled_items":[],"yoast_head":"<!-- This site is optimized with the Yoast SEO plugin v26.3 - https:\/\/yoast.com\/wordpress\/plugins\/seo\/ -->\n<title>SULTANAS BIO<\/title>\n<meta name=\"robots\" content=\"index, follow, max-snippet:-1, max-image-preview:large, max-video-preview:-1\" \/>\n<link rel=\"canonical\" href=\"https:\/\/biocabaz.pt\/web\/en\/produto\/sultanas-125g\/\" \/>\n<meta property=\"og:locale\" content=\"pt_PT\" \/>\n<meta property=\"og:locale:alternate\" content=\"en_US\" \/>\n<meta property=\"og:type\" content=\"article\" \/>\n<meta property=\"og:title\" content=\"SULTANAS BIO\" \/>\n<meta property=\"og:description\" content=\"Descri\u00e7\u00e3o Ingredientes: Passas de uvas de produ\u00e7\u00e3o biol\u00f3gica. Obtidas por secagem natural. Rico em fibra, fonte de f\u00f3sforo e pot\u00e1ssio. Sem adi\u00e7\u00e3o de corantes e conservantes. Dados Nutricionais Declara\u00e7\u00e3o Nutricional por 100g: Energia: 1416kJ\/ 334kcal (17%*); L\u00edpidos: 0,4g (0,6%*) &#8211; dos quais Saturados:\" \/>\n<meta property=\"og:url\" content=\"https:\/\/www.biocabaz.pt\/web\/produto\/sultanas-125g\/\" \/>\n<meta property=\"og:site_name\" content=\"BIOCABAZ - CABAZES BIOL\u00d3GICOS\" \/>\n<meta property=\"article:modified_time\" content=\"2024-04-10T19:39:06+00:00\" \/>\n<meta property=\"og:image\" content=\"https:\/\/www.biocabaz.pt\/web\/wp-conteudos\/uploads\/2016\/04\/secos-sultanas-e1574205489310.jpg\" \/>\n\t<meta property=\"og:image:width\" content=\"500\" \/>\n\t<meta property=\"og:image:height\" content=\"375\" \/>\n\t<meta property=\"og:image:type\" content=\"image\/jpeg\" \/>\n<meta name=\"twitter:card\" content=\"summary_large_image\" \/>\n<meta name=\"twitter:label1\" content=\"Est. reading time\" \/>\n\t<meta name=\"twitter:data1\" content=\"1 minuto\" \/>\n<script type=\"application\/ld+json\" class=\"yoast-schema-graph\">{\"@context\":\"https:\/\/schema.org\",\"@graph\":[{\"@type\":\"WebPage\",\"@id\":\"https:\/\/biocabaz.pt\/web\/en\/produto\/sultanas-125g\/\",\"url\":\"https:\/\/biocabaz.pt\/web\/en\/produto\/sultanas-125g\/\",\"name\":\"SULTANAS BIO\",\"isPartOf\":{\"@id\":\"https:\/\/www.biocabaz.pt\/web\/en\/#website\"},\"primaryImageOfPage\":{\"@id\":\"https:\/\/biocabaz.pt\/web\/en\/produto\/sultanas-125g\/#primaryimage\"},\"image\":{\"@id\":\"https:\/\/biocabaz.pt\/web\/en\/produto\/sultanas-125g\/#primaryimage\"},\"thumbnailUrl\":\"https:\/\/www.biocabaz.pt\/web\/wp-conteudos\/uploads\/2016\/04\/secos-sultanas-e1574205489310.jpg\",\"datePublished\":\"2016-04-08T09:58:52+00:00\",\"dateModified\":\"2024-04-10T19:39:06+00:00\",\"breadcrumb\":{\"@id\":\"https:\/\/biocabaz.pt\/web\/en\/produto\/sultanas-125g\/#breadcrumb\"},\"inLanguage\":\"pt-PT\",\"potentialAction\":[{\"@type\":\"ReadAction\",\"target\":[\"https:\/\/biocabaz.pt\/web\/en\/produto\/sultanas-125g\/\"]}]},{\"@type\":\"ImageObject\",\"inLanguage\":\"pt-PT\",\"@id\":\"https:\/\/biocabaz.pt\/web\/en\/produto\/sultanas-125g\/#primaryimage\",\"url\":\"https:\/\/www.biocabaz.pt\/web\/wp-conteudos\/uploads\/2016\/04\/secos-sultanas-e1574205489310.jpg\",\"contentUrl\":\"https:\/\/www.biocabaz.pt\/web\/wp-conteudos\/uploads\/2016\/04\/secos-sultanas-e1574205489310.jpg\",\"width\":500,\"height\":375,\"caption\":\"SULTANAS BIO\"},{\"@type\":\"BreadcrumbList\",\"@id\":\"https:\/\/biocabaz.pt\/web\/en\/produto\/sultanas-125g\/#breadcrumb\",\"itemListElement\":[{\"@type\":\"ListItem\",\"position\":1,\"name\":\"Home\",\"item\":\"https:\/\/www.biocabaz.pt\/web\/en\/\"},{\"@type\":\"ListItem\",\"position\":2,\"name\":\"Shop\",\"item\":\"https:\/\/www.biocabaz.pt\/web\/en\/shop\/\"},{\"@type\":\"ListItem\",\"position\":3,\"name\":\"ORGANIC RAISINS\"}]},{\"@type\":\"WebSite\",\"@id\":\"https:\/\/www.biocabaz.pt\/web\/en\/#website\",\"url\":\"https:\/\/www.biocabaz.pt\/web\/en\/\",\"name\":\"BIOCABAZ - CABAZES BIOL\u00d3GICOS\",\"description\":\"O melhor que a terra d\u00e1 \u00e9 para si\",\"potentialAction\":[{\"@type\":\"SearchAction\",\"target\":{\"@type\":\"EntryPoint\",\"urlTemplate\":\"https:\/\/www.biocabaz.pt\/web\/en\/?s={search_term_string}\"},\"query-input\":{\"@type\":\"PropertyValueSpecification\",\"valueRequired\":true,\"valueName\":\"search_term_string\"}}],\"inLanguage\":\"pt-PT\"}]}<\/script>\n<!-- \/ Yoast SEO plugin. -->","yoast_head_json":{"title":"SULTANAS BIO","robots":{"index":"index","follow":"follow","max-snippet":"max-snippet:-1","max-image-preview":"max-image-preview:large","max-video-preview":"max-video-preview:-1"},"canonical":"https:\/\/biocabaz.pt\/web\/en\/produto\/sultanas-125g\/","og_locale":"pt_PT","og_type":"article","og_title":"[:en]ORGANIC RAISINS[:pt]SULTANAS BIO[:] - BIOCABAZ - CABAZES BIOL\u00d3GICOS","og_description":"Descri\u00e7\u00e3o Ingredientes: Passas de uvas de produ\u00e7\u00e3o biol\u00f3gica. Obtidas por secagem natural. Rico em fibra, fonte de f\u00f3sforo e pot\u00e1ssio. Sem adi\u00e7\u00e3o de corantes e conservantes. Dados Nutricionais Declara\u00e7\u00e3o Nutricional por 100g: Energia: 1416kJ\/ 334kcal (17%*); L\u00edpidos: 0,4g (0,6%*) &#8211; dos quais Saturados:","og_url":"https:\/\/www.biocabaz.pt\/web\/produto\/sultanas-125g\/","og_site_name":"BIOCABAZ - CABAZES BIOL\u00d3GICOS","article_modified_time":"2024-04-10T19:39:06+00:00","og_image":[{"width":500,"height":375,"url":"https:\/\/www.biocabaz.pt\/web\/wp-conteudos\/uploads\/2016\/04\/secos-sultanas-e1574205489310.jpg","type":"image\/jpeg"}],"twitter_card":"summary_large_image","twitter_misc":{"Est. reading time":"1 minuto"},"schema":{"@context":"https:\/\/schema.org","@graph":[{"@type":"WebPage","@id":"https:\/\/biocabaz.pt\/web\/en\/produto\/sultanas-125g\/","url":"https:\/\/biocabaz.pt\/web\/en\/produto\/sultanas-125g\/","name":"SULTANAS BIO","isPartOf":{"@id":"https:\/\/www.biocabaz.pt\/web\/en\/#website"},"primaryImageOfPage":{"@id":"https:\/\/biocabaz.pt\/web\/en\/produto\/sultanas-125g\/#primaryimage"},"image":{"@id":"https:\/\/biocabaz.pt\/web\/en\/produto\/sultanas-125g\/#primaryimage"},"thumbnailUrl":"https:\/\/www.biocabaz.pt\/web\/wp-conteudos\/uploads\/2016\/04\/secos-sultanas-e1574205489310.jpg","datePublished":"2016-04-08T09:58:52+00:00","dateModified":"2024-04-10T19:39:06+00:00","breadcrumb":{"@id":"https:\/\/biocabaz.pt\/web\/en\/produto\/sultanas-125g\/#breadcrumb"},"inLanguage":"pt-PT","potentialAction":[{"@type":"ReadAction","target":["https:\/\/biocabaz.pt\/web\/en\/produto\/sultanas-125g\/"]}]},{"@type":"ImageObject","inLanguage":"pt-PT","@id":"https:\/\/biocabaz.pt\/web\/en\/produto\/sultanas-125g\/#primaryimage","url":"https:\/\/www.biocabaz.pt\/web\/wp-conteudos\/uploads\/2016\/04\/secos-sultanas-e1574205489310.jpg","contentUrl":"https:\/\/www.biocabaz.pt\/web\/wp-conteudos\/uploads\/2016\/04\/secos-sultanas-e1574205489310.jpg","width":500,"height":375,"caption":"SULTANAS BIO"},{"@type":"BreadcrumbList","@id":"https:\/\/biocabaz.pt\/web\/en\/produto\/sultanas-125g\/#breadcrumb","itemListElement":[{"@type":"ListItem","position":1,"name":"Home","item":"https:\/\/www.biocabaz.pt\/web\/en\/"},{"@type":"ListItem","position":2,"name":"Shop","item":"https:\/\/www.biocabaz.pt\/web\/en\/shop\/"},{"@type":"ListItem","position":3,"name":"ORGANIC RAISINS"}]},{"@type":"WebSite","@id":"https:\/\/www.biocabaz.pt\/web\/en\/#website","url":"https:\/\/www.biocabaz.pt\/web\/en\/","name":"BIOCABAZ - CABAZES BIOL\u00d3GICOS","description":"O melhor que a terra d\u00e1 \u00e9 para si","potentialAction":[{"@type":"SearchAction","target":{"@type":"EntryPoint","urlTemplate":"https:\/\/www.biocabaz.pt\/web\/en\/?s={search_term_string}"},"query-input":{"@type":"PropertyValueSpecification","valueRequired":true,"valueName":"search_term_string"}}],"inLanguage":"pt-PT"}]}},"_links":{"self":[{"href":"https:\/\/www.biocabaz.pt\/web\/wp-json\/wp\/v2\/product\/746","targetHints":{"allow":["GET"]}}],"collection":[{"href":"https:\/\/www.biocabaz.pt\/web\/wp-json\/wp\/v2\/product"}],"about":[{"href":"https:\/\/www.biocabaz.pt\/web\/wp-json\/wp\/v2\/types\/product"}],"replies":[{"embeddable":true,"href":"https:\/\/www.biocabaz.pt\/web\/wp-json\/wp\/v2\/comments?post=746"}],"wp:featuredmedia":[{"embeddable":true,"href":"https:\/\/www.biocabaz.pt\/web\/wp-json\/wp\/v2\/media\/1353"}],"wp:attachment":[{"href":"https:\/\/www.biocabaz.pt\/web\/wp-json\/wp\/v2\/media?parent=746"}],"wp:term":[{"taxonomy":"product_cat","embeddable":true,"href":"https:\/\/www.biocabaz.pt\/web\/wp-json\/wp\/v2\/product_cat?post=746"},{"taxonomy":"product_tag","embeddable":true,"href":"https:\/\/www.biocabaz.pt\/web\/wp-json\/wp\/v2\/product_tag?post=746"}],"curies":[{"name":"wp","href":"https:\/\/api.w.org\/{rel}","templated":true}]}}