{"id":74435,"date":"2021-08-20T16:14:40","date_gmt":"2021-08-20T16:14:40","guid":{"rendered":"https:\/\/www.biocabaz.pt\/web\/?post_type=product&#038;p=74435"},"modified":"2022-12-03T08:37:29","modified_gmt":"2022-12-03T08:37:29","slug":"creme-de-duche-de-amendoas-doces-coslys-380ml","status":"publish","type":"product","link":"https:\/\/www.biocabaz.pt\/web\/produto\/creme-de-duche-de-amendoas-doces-coslys-380ml\/","title":{"rendered":"CREME DE DUCHE DE AMENDOAS DOCES COSLYS 380ML"},"content":{"rendered":"","protected":false},"excerpt":{"rendered":"<p>Creme de banho sem sulfato e totalmente hipoalerg\u00eanico, formulado para peles sens\u00edveis e reativas. Limpa suavemente e hidrata profundamente gra\u00e7as aos \u00f3leos vegetais de girassol e am\u00eandoa. O extrato de Aloe e a \u00e1gua da flor doce do campo desinfla e suaviza a pele, para uma maior sensa\u00e7\u00e3o de conforto. Da linha DERMOSENS da Coslys, uma linha de produtos totalmente isentos de sulfatos e sabonetes ricos em extratos calmantes e hidratantes, voltados para peles delicadas ou com algum tipo de sensibilidade. Al\u00e9m disso, s\u00e3o isentos de perfumes adicionados, provenientes apenas das plantas e flores que cont\u00eam.<\/p>\n<p>Aplicar uma pequena quantidade do produto na pele h\u00famida e massajar, com as m\u00e3os ou com uma esponja macia. Como n\u00e3o cont\u00e9m sab\u00e3o, n\u00e3o faz espuma, mas sua a\u00e7\u00e3o de limpeza \u00e9 igualmente eficaz. Ingredientes: \u00e1gua (\u00e1gua), cocoil glutamato de s\u00f3dio, cocamidopropil beta\u00edna, bentonita, decil glicos\u00eddeo, spiraea ulmaria flor \u00e1gua *, cloreto de s\u00f3dio, prunus amygdalus dulcis (am\u00eandoa doce) \u00f3leo *, \u00f3leo de semente de helianthus annuus (girassol) *, glicerina, goma xantana, prunus amygdalus dulcis (am\u00eandoa doce) extrato de fruta *, suco de folhas de aloe barbadensis em p\u00f3 *, parfum (fragr\u00e2ncia), \u00e1cido c\u00edtrico, benzoato de s\u00f3dio, \u00e1cido levul\u00ednico, levulinato de s\u00f3dio, hidr\u00f3xido de pot\u00e1ssio, sorbato de pot\u00e1ssio. * Ingredientes para agricultura org\u00e2nica 98% do total de ingredientes s\u00e3o de origem natural 10% do total dos ingredientes v\u00eam da agricultura org\u00e2nica<\/p>\n","protected":false},"featured_media":74440,"comment_status":"closed","ping_status":"closed","template":"","meta":[],"product_cat":[91],"product_tag":[],"class_list":["post-74435","product","type-product","status-publish","has-post-thumbnail","hentry","product_cat-corpo"],"bundle_layout":"","bundled_by":[],"bundled_items":[],"yoast_head":"<!-- This site is optimized with the Yoast SEO plugin v26.3 - https:\/\/yoast.com\/wordpress\/plugins\/seo\/ -->\n<title>CREME DE DUCHE DE AMENDOAS DOCES COSLYS 380ML<\/title>\n<meta name=\"robots\" content=\"index, follow, max-snippet:-1, max-image-preview:large, max-video-preview:-1\" \/>\n<link rel=\"canonical\" href=\"https:\/\/biocabaz.pt\/web\/en\/produto\/creme-de-duche-de-amendoas-doces-coslys-380ml\/\" \/>\n<meta property=\"og:locale\" content=\"pt_PT\" \/>\n<meta property=\"og:locale:alternate\" content=\"en_US\" \/>\n<meta property=\"og:type\" content=\"article\" \/>\n<meta property=\"og:title\" content=\"CREME DE DUCHE DE AMENDOAS DOCES COSLYS 380ML\" \/>\n<meta property=\"og:description\" content=\"Creme de banho sem sulfato e totalmente hipoalerg\u00eanico, formulado para peles sens\u00edveis e reativas. Limpa suavemente e hidrata profundamente gra\u00e7as aos \u00f3leos vegetais de girassol e am\u00eandoa. O extrato de Aloe e a \u00e1gua da flor doce do campo desinfla e suaviza a pele, para uma maior sensa\u00e7\u00e3o de conforto. Da linha DERMOSENS da Coslys, uma linha de produtos totalmente isentos de sulfatos e sabonetes ricos em extratos calmantes e hidratantes, voltados para peles delicadas ou com algum tipo de sensibilidade. Al\u00e9m disso, s\u00e3o isentos de perfumes adicionados, provenientes apenas das plantas e flores que cont\u00eam. Aplicar uma pequena quantidade do produto na pele h\u00famida e massajar, com as m\u00e3os ou com uma esponja macia. Como n\u00e3o cont\u00e9m sab\u00e3o, n\u00e3o faz espuma, mas sua a\u00e7\u00e3o de limpeza \u00e9 igualmente eficaz. Ingredientes: \u00e1gua (\u00e1gua), cocoil glutamato de s\u00f3dio, cocamidopropil beta\u00edna, bentonita, decil glicos\u00eddeo, spiraea ulmaria flor \u00e1gua *, cloreto de s\u00f3dio, prunus amygdalus dulcis (am\u00eandoa doce) \u00f3leo *, \u00f3leo de semente de helianthus annuus (girassol) *, glicerina, goma xantana, prunus amygdalus dulcis (am\u00eandoa doce) extrato de fruta *, suco de folhas de aloe barbadensis em p\u00f3 *, parfum (fragr\u00e2ncia), \u00e1cido c\u00edtrico, benzoato de s\u00f3dio, \u00e1cido levul\u00ednico, levulinato de s\u00f3dio, hidr\u00f3xido de pot\u00e1ssio, sorbato de pot\u00e1ssio. * Ingredientes para agricultura org\u00e2nica 98% do total de ingredientes s\u00e3o de origem natural 10% do total dos ingredientes v\u00eam da agricultura org\u00e2nica\" \/>\n<meta property=\"og:url\" content=\"https:\/\/www.biocabaz.pt\/web\/produto\/creme-de-duche-de-amendoas-doces-coslys-380ml\/\" \/>\n<meta property=\"og:site_name\" content=\"BIOCABAZ - CABAZES BIOL\u00d3GICOS\" \/>\n<meta property=\"article:modified_time\" content=\"2022-12-03T08:37:29+00:00\" \/>\n<meta property=\"og:image\" content=\"https:\/\/www.biocabaz.pt\/web\/wp-conteudos\/uploads\/2021\/08\/creme-de-duche-de-amendoas-doces-coslys-380ml.png\" \/>\n\t<meta property=\"og:image:width\" content=\"388\" \/>\n\t<meta property=\"og:image:height\" content=\"388\" \/>\n\t<meta property=\"og:image:type\" content=\"image\/png\" \/>\n<meta name=\"twitter:card\" content=\"summary_large_image\" \/>\n<script type=\"application\/ld+json\" class=\"yoast-schema-graph\">{\"@context\":\"https:\/\/schema.org\",\"@graph\":[{\"@type\":\"WebPage\",\"@id\":\"https:\/\/biocabaz.pt\/web\/en\/produto\/creme-de-duche-de-amendoas-doces-coslys-380ml\/\",\"url\":\"https:\/\/biocabaz.pt\/web\/en\/produto\/creme-de-duche-de-amendoas-doces-coslys-380ml\/\",\"name\":\"CREME DE DUCHE DE AMENDOAS DOCES COSLYS 380ML\",\"isPartOf\":{\"@id\":\"https:\/\/biocabaz.pt\/web\/#website\"},\"primaryImageOfPage\":{\"@id\":\"https:\/\/biocabaz.pt\/web\/en\/produto\/creme-de-duche-de-amendoas-doces-coslys-380ml\/#primaryimage\"},\"image\":{\"@id\":\"https:\/\/biocabaz.pt\/web\/en\/produto\/creme-de-duche-de-amendoas-doces-coslys-380ml\/#primaryimage\"},\"thumbnailUrl\":\"https:\/\/www.biocabaz.pt\/web\/wp-conteudos\/uploads\/2021\/08\/creme-de-duche-de-amendoas-doces-coslys-380ml.png\",\"datePublished\":\"2021-08-20T16:14:40+00:00\",\"dateModified\":\"2022-12-03T08:37:29+00:00\",\"breadcrumb\":{\"@id\":\"https:\/\/biocabaz.pt\/web\/en\/produto\/creme-de-duche-de-amendoas-doces-coslys-380ml\/#breadcrumb\"},\"inLanguage\":\"pt-PT\",\"potentialAction\":[{\"@type\":\"ReadAction\",\"target\":[\"https:\/\/biocabaz.pt\/web\/en\/produto\/creme-de-duche-de-amendoas-doces-coslys-380ml\/\"]}]},{\"@type\":\"ImageObject\",\"inLanguage\":\"pt-PT\",\"@id\":\"https:\/\/biocabaz.pt\/web\/en\/produto\/creme-de-duche-de-amendoas-doces-coslys-380ml\/#primaryimage\",\"url\":\"https:\/\/www.biocabaz.pt\/web\/wp-conteudos\/uploads\/2021\/08\/creme-de-duche-de-amendoas-doces-coslys-380ml.png\",\"contentUrl\":\"https:\/\/www.biocabaz.pt\/web\/wp-conteudos\/uploads\/2021\/08\/creme-de-duche-de-amendoas-doces-coslys-380ml.png\",\"width\":388,\"height\":388,\"caption\":\"CREME DE DUCHE DE AMENDOAS DOCES COSLYS 380ML\"},{\"@type\":\"BreadcrumbList\",\"@id\":\"https:\/\/biocabaz.pt\/web\/en\/produto\/creme-de-duche-de-amendoas-doces-coslys-380ml\/#breadcrumb\",\"itemListElement\":[{\"@type\":\"ListItem\",\"position\":1,\"name\":\"Home\",\"item\":\"https:\/\/biocabaz.pt\/web\/\"},{\"@type\":\"ListItem\",\"position\":2,\"name\":\"Loja\",\"item\":\"https:\/\/biocabaz.pt\/web\/shop\/\"},{\"@type\":\"ListItem\",\"position\":3,\"name\":\"COSLYS SHOWER CREAM WITH ORGANIC SWEET ALMOND 380ML\"}]},{\"@type\":\"WebSite\",\"@id\":\"https:\/\/biocabaz.pt\/web\/#website\",\"url\":\"https:\/\/biocabaz.pt\/web\/\",\"name\":\"BIOCABAZ - CABAZES BIOL\u00d3GICOS\",\"description\":\"O melhor que a terra d\u00e1 \u00e9 para si\",\"potentialAction\":[{\"@type\":\"SearchAction\",\"target\":{\"@type\":\"EntryPoint\",\"urlTemplate\":\"https:\/\/biocabaz.pt\/web\/?s={search_term_string}\"},\"query-input\":{\"@type\":\"PropertyValueSpecification\",\"valueRequired\":true,\"valueName\":\"search_term_string\"}}],\"inLanguage\":\"pt-PT\"}]}<\/script>\n<!-- \/ Yoast SEO plugin. -->","yoast_head_json":{"title":"CREME DE DUCHE DE AMENDOAS DOCES COSLYS 380ML","robots":{"index":"index","follow":"follow","max-snippet":"max-snippet:-1","max-image-preview":"max-image-preview:large","max-video-preview":"max-video-preview:-1"},"canonical":"https:\/\/biocabaz.pt\/web\/en\/produto\/creme-de-duche-de-amendoas-doces-coslys-380ml\/","og_locale":"pt_PT","og_type":"article","og_title":"[:en]COSLYS SHOWER CREAM WITH ORGANIC SWEET ALMOND 380ML[:pt]CREME DE DUCHE DE AMENDOAS DOCES COSLYS 380ML[:] - BIOCABAZ - CABAZES BIOL\u00d3GICOS","og_description":"Creme de banho sem sulfato e totalmente hipoalerg\u00eanico, formulado para peles sens\u00edveis e reativas. Limpa suavemente e hidrata profundamente gra\u00e7as aos \u00f3leos vegetais de girassol e am\u00eandoa. O extrato de Aloe e a \u00e1gua da flor doce do campo desinfla e suaviza a pele, para uma maior sensa\u00e7\u00e3o de conforto. Da linha DERMOSENS da Coslys, uma linha de produtos totalmente isentos de sulfatos e sabonetes ricos em extratos calmantes e hidratantes, voltados para peles delicadas ou com algum tipo de sensibilidade. Al\u00e9m disso, s\u00e3o isentos de perfumes adicionados, provenientes apenas das plantas e flores que cont\u00eam. Aplicar uma pequena quantidade do produto na pele h\u00famida e massajar, com as m\u00e3os ou com uma esponja macia. Como n\u00e3o cont\u00e9m sab\u00e3o, n\u00e3o faz espuma, mas sua a\u00e7\u00e3o de limpeza \u00e9 igualmente eficaz. Ingredientes: \u00e1gua (\u00e1gua), cocoil glutamato de s\u00f3dio, cocamidopropil beta\u00edna, bentonita, decil glicos\u00eddeo, spiraea ulmaria flor \u00e1gua *, cloreto de s\u00f3dio, prunus amygdalus dulcis (am\u00eandoa doce) \u00f3leo *, \u00f3leo de semente de helianthus annuus (girassol) *, glicerina, goma xantana, prunus amygdalus dulcis (am\u00eandoa doce) extrato de fruta *, suco de folhas de aloe barbadensis em p\u00f3 *, parfum (fragr\u00e2ncia), \u00e1cido c\u00edtrico, benzoato de s\u00f3dio, \u00e1cido levul\u00ednico, levulinato de s\u00f3dio, hidr\u00f3xido de pot\u00e1ssio, sorbato de pot\u00e1ssio. * Ingredientes para agricultura org\u00e2nica 98% do total de ingredientes s\u00e3o de origem natural 10% do total dos ingredientes v\u00eam da agricultura org\u00e2nica","og_url":"https:\/\/www.biocabaz.pt\/web\/produto\/creme-de-duche-de-amendoas-doces-coslys-380ml\/","og_site_name":"BIOCABAZ - CABAZES BIOL\u00d3GICOS","article_modified_time":"2022-12-03T08:37:29+00:00","og_image":[{"width":388,"height":388,"url":"https:\/\/www.biocabaz.pt\/web\/wp-conteudos\/uploads\/2021\/08\/creme-de-duche-de-amendoas-doces-coslys-380ml.png","type":"image\/png"}],"twitter_card":"summary_large_image","schema":{"@context":"https:\/\/schema.org","@graph":[{"@type":"WebPage","@id":"https:\/\/biocabaz.pt\/web\/en\/produto\/creme-de-duche-de-amendoas-doces-coslys-380ml\/","url":"https:\/\/biocabaz.pt\/web\/en\/produto\/creme-de-duche-de-amendoas-doces-coslys-380ml\/","name":"CREME DE DUCHE DE AMENDOAS DOCES COSLYS 380ML","isPartOf":{"@id":"https:\/\/biocabaz.pt\/web\/#website"},"primaryImageOfPage":{"@id":"https:\/\/biocabaz.pt\/web\/en\/produto\/creme-de-duche-de-amendoas-doces-coslys-380ml\/#primaryimage"},"image":{"@id":"https:\/\/biocabaz.pt\/web\/en\/produto\/creme-de-duche-de-amendoas-doces-coslys-380ml\/#primaryimage"},"thumbnailUrl":"https:\/\/www.biocabaz.pt\/web\/wp-conteudos\/uploads\/2021\/08\/creme-de-duche-de-amendoas-doces-coslys-380ml.png","datePublished":"2021-08-20T16:14:40+00:00","dateModified":"2022-12-03T08:37:29+00:00","breadcrumb":{"@id":"https:\/\/biocabaz.pt\/web\/en\/produto\/creme-de-duche-de-amendoas-doces-coslys-380ml\/#breadcrumb"},"inLanguage":"pt-PT","potentialAction":[{"@type":"ReadAction","target":["https:\/\/biocabaz.pt\/web\/en\/produto\/creme-de-duche-de-amendoas-doces-coslys-380ml\/"]}]},{"@type":"ImageObject","inLanguage":"pt-PT","@id":"https:\/\/biocabaz.pt\/web\/en\/produto\/creme-de-duche-de-amendoas-doces-coslys-380ml\/#primaryimage","url":"https:\/\/www.biocabaz.pt\/web\/wp-conteudos\/uploads\/2021\/08\/creme-de-duche-de-amendoas-doces-coslys-380ml.png","contentUrl":"https:\/\/www.biocabaz.pt\/web\/wp-conteudos\/uploads\/2021\/08\/creme-de-duche-de-amendoas-doces-coslys-380ml.png","width":388,"height":388,"caption":"CREME DE DUCHE DE AMENDOAS DOCES COSLYS 380ML"},{"@type":"BreadcrumbList","@id":"https:\/\/biocabaz.pt\/web\/en\/produto\/creme-de-duche-de-amendoas-doces-coslys-380ml\/#breadcrumb","itemListElement":[{"@type":"ListItem","position":1,"name":"Home","item":"https:\/\/biocabaz.pt\/web\/"},{"@type":"ListItem","position":2,"name":"Loja","item":"https:\/\/biocabaz.pt\/web\/shop\/"},{"@type":"ListItem","position":3,"name":"COSLYS SHOWER CREAM WITH ORGANIC SWEET ALMOND 380ML"}]},{"@type":"WebSite","@id":"https:\/\/biocabaz.pt\/web\/#website","url":"https:\/\/biocabaz.pt\/web\/","name":"BIOCABAZ - CABAZES BIOL\u00d3GICOS","description":"O melhor que a terra d\u00e1 \u00e9 para si","potentialAction":[{"@type":"SearchAction","target":{"@type":"EntryPoint","urlTemplate":"https:\/\/biocabaz.pt\/web\/?s={search_term_string}"},"query-input":{"@type":"PropertyValueSpecification","valueRequired":true,"valueName":"search_term_string"}}],"inLanguage":"pt-PT"}]}},"_links":{"self":[{"href":"https:\/\/www.biocabaz.pt\/web\/wp-json\/wp\/v2\/product\/74435","targetHints":{"allow":["GET"]}}],"collection":[{"href":"https:\/\/www.biocabaz.pt\/web\/wp-json\/wp\/v2\/product"}],"about":[{"href":"https:\/\/www.biocabaz.pt\/web\/wp-json\/wp\/v2\/types\/product"}],"replies":[{"embeddable":true,"href":"https:\/\/www.biocabaz.pt\/web\/wp-json\/wp\/v2\/comments?post=74435"}],"wp:featuredmedia":[{"embeddable":true,"href":"https:\/\/www.biocabaz.pt\/web\/wp-json\/wp\/v2\/media\/74440"}],"wp:attachment":[{"href":"https:\/\/www.biocabaz.pt\/web\/wp-json\/wp\/v2\/media?parent=74435"}],"wp:term":[{"taxonomy":"product_cat","embeddable":true,"href":"https:\/\/www.biocabaz.pt\/web\/wp-json\/wp\/v2\/product_cat?post=74435"},{"taxonomy":"product_tag","embeddable":true,"href":"https:\/\/www.biocabaz.pt\/web\/wp-json\/wp\/v2\/product_tag?post=74435"}],"curies":[{"name":"wp","href":"https:\/\/api.w.org\/{rel}","templated":true}]}}