{"id":74325,"date":"2021-08-19T16:44:26","date_gmt":"2021-08-19T16:44:26","guid":{"rendered":"https:\/\/www.biocabaz.pt\/web\/?post_type=product&#038;p=74325"},"modified":"2023-04-15T13:24:56","modified_gmt":"2023-04-15T13:24:56","slug":"tiras-de-milho-queijo-150g","status":"publish","type":"product","link":"https:\/\/www.biocabaz.pt\/web\/produto\/tiras-de-milho-queijo-150g\/","title":{"rendered":"TIRAS DE MILHO QUEIJO 150G"},"content":{"rendered":"","protected":false},"excerpt":{"rendered":"<p>Ingredientes: farinha de milho* 72%, \u00f3leo de girassol*, queijo em p\u00f3* (leite) 2%, amido de arroz*, sal marinho*, cebola*, extrato de levedura*.<\/p>\n<p>*de agricultura biol\u00f3gica certificada<br \/><b>Modo de Utiliza\u00e7\u00e3o:<\/b> Conservar em local fresco e seco.<br \/><b>Dados Nutricionais:<\/b> Declara\u00e7\u00e3o Nutricional por 100g: Energia: 2009 KJ\/480Kcal; Prote\u00ednas: 6,7g; L\u00edpidos: 21,5g; dos quais saturados: 2,2g; monoinsaturados: 17,2g; poliinsaturados: 2,2g; Hidratos de carbono: 62,8g; dos quais a\u00e7\u00facares: 1,5g; Sal: 1,3g.<\/p>\n","protected":false},"featured_media":74326,"comment_status":"closed","ping_status":"closed","template":"","meta":[],"product_cat":[29],"product_tag":[],"class_list":["post-74325","product","type-product","status-publish","has-post-thumbnail","hentry","product_cat-bolachas_e_snacks"],"bundle_layout":"","bundled_by":[],"bundled_items":[],"yoast_head":"<!-- This site is optimized with the Yoast SEO plugin v26.3 - https:\/\/yoast.com\/wordpress\/plugins\/seo\/ -->\n<title>TIRAS DE MILHO QUEIJO 150G<\/title>\n<meta name=\"robots\" content=\"index, follow, max-snippet:-1, max-image-preview:large, max-video-preview:-1\" \/>\n<link rel=\"canonical\" href=\"https:\/\/www.biocabaz.pt\/web\/produto\/tiras-de-milho-queijo-150g\/\" \/>\n<meta property=\"og:locale\" content=\"pt_PT\" \/>\n<meta property=\"og:locale:alternate\" content=\"en_US\" \/>\n<meta property=\"og:type\" content=\"article\" \/>\n<meta property=\"og:title\" content=\"TIRAS DE MILHO QUEIJO 150G\" \/>\n<meta property=\"og:description\" content=\"Ingredientes: farinha de milho* 72%, \u00f3leo de girassol*, queijo em p\u00f3* (leite) 2%, amido de arroz*, sal marinho*, cebola*, extrato de levedura*. *de agricultura biol\u00f3gica certificadaModo de Utiliza\u00e7\u00e3o: Conservar em local fresco e seco.Dados Nutricionais: Declara\u00e7\u00e3o Nutricional por 100g: Energia: 2009 KJ\/480Kcal; Prote\u00ednas: 6,7g; L\u00edpidos: 21,5g; dos quais saturados: 2,2g; monoinsaturados: 17,2g; poliinsaturados: 2,2g; Hidratos de carbono: 62,8g; dos quais a\u00e7\u00facares: 1,5g; Sal: 1,3g.\" \/>\n<meta property=\"og:url\" content=\"https:\/\/www.biocabaz.pt\/web\/produto\/tiras-de-milho-queijo-150g\/\" \/>\n<meta property=\"og:site_name\" content=\"BIOCABAZ - CABAZES BIOL\u00d3GICOS\" \/>\n<meta property=\"article:modified_time\" content=\"2023-04-15T13:24:56+00:00\" \/>\n<meta property=\"og:image\" content=\"https:\/\/www.biocabaz.pt\/web\/wp-conteudos\/uploads\/2021\/08\/tiras-de-milho-queijo-150g.jpg\" \/>\n\t<meta property=\"og:image:width\" content=\"338\" \/>\n\t<meta property=\"og:image:height\" content=\"500\" \/>\n\t<meta property=\"og:image:type\" content=\"image\/jpeg\" \/>\n<meta name=\"twitter:card\" content=\"summary_large_image\" \/>\n<script type=\"application\/ld+json\" class=\"yoast-schema-graph\">{\"@context\":\"https:\/\/schema.org\",\"@graph\":[{\"@type\":\"WebPage\",\"@id\":\"https:\/\/www.biocabaz.pt\/web\/produto\/tiras-de-milho-queijo-150g\/\",\"url\":\"https:\/\/www.biocabaz.pt\/web\/produto\/tiras-de-milho-queijo-150g\/\",\"name\":\"TIRAS DE MILHO QUEIJO 150G\",\"isPartOf\":{\"@id\":\"https:\/\/biocabaz.pt\/web\/#website\"},\"primaryImageOfPage\":{\"@id\":\"https:\/\/www.biocabaz.pt\/web\/produto\/tiras-de-milho-queijo-150g\/#primaryimage\"},\"image\":{\"@id\":\"https:\/\/www.biocabaz.pt\/web\/produto\/tiras-de-milho-queijo-150g\/#primaryimage\"},\"thumbnailUrl\":\"https:\/\/www.biocabaz.pt\/web\/wp-conteudos\/uploads\/2021\/08\/tiras-de-milho-queijo-150g.jpg\",\"datePublished\":\"2021-08-19T16:44:26+00:00\",\"dateModified\":\"2023-04-15T13:24:56+00:00\",\"breadcrumb\":{\"@id\":\"https:\/\/www.biocabaz.pt\/web\/produto\/tiras-de-milho-queijo-150g\/#breadcrumb\"},\"inLanguage\":\"pt-PT\",\"potentialAction\":[{\"@type\":\"ReadAction\",\"target\":[\"https:\/\/www.biocabaz.pt\/web\/produto\/tiras-de-milho-queijo-150g\/\"]}]},{\"@type\":\"ImageObject\",\"inLanguage\":\"pt-PT\",\"@id\":\"https:\/\/www.biocabaz.pt\/web\/produto\/tiras-de-milho-queijo-150g\/#primaryimage\",\"url\":\"https:\/\/www.biocabaz.pt\/web\/wp-conteudos\/uploads\/2021\/08\/tiras-de-milho-queijo-150g.jpg\",\"contentUrl\":\"https:\/\/www.biocabaz.pt\/web\/wp-conteudos\/uploads\/2021\/08\/tiras-de-milho-queijo-150g.jpg\",\"width\":338,\"height\":500,\"caption\":\"TIRAS DE MILHO QUEIJO 150G\"},{\"@type\":\"BreadcrumbList\",\"@id\":\"https:\/\/www.biocabaz.pt\/web\/produto\/tiras-de-milho-queijo-150g\/#breadcrumb\",\"itemListElement\":[{\"@type\":\"ListItem\",\"position\":1,\"name\":\"Home\",\"item\":\"https:\/\/biocabaz.pt\/web\/\"},{\"@type\":\"ListItem\",\"position\":2,\"name\":\"Loja\",\"item\":\"https:\/\/biocabaz.pt\/web\/shop\/\"},{\"@type\":\"ListItem\",\"position\":3,\"name\":\"TIRAS DE MILHO QUEIJO 150G\"}]},{\"@type\":\"WebSite\",\"@id\":\"https:\/\/biocabaz.pt\/web\/#website\",\"url\":\"https:\/\/biocabaz.pt\/web\/\",\"name\":\"BIOCABAZ - CABAZES BIOL\u00d3GICOS\",\"description\":\"O melhor que a terra d\u00e1 \u00e9 para si\",\"potentialAction\":[{\"@type\":\"SearchAction\",\"target\":{\"@type\":\"EntryPoint\",\"urlTemplate\":\"https:\/\/biocabaz.pt\/web\/?s={search_term_string}\"},\"query-input\":{\"@type\":\"PropertyValueSpecification\",\"valueRequired\":true,\"valueName\":\"search_term_string\"}}],\"inLanguage\":\"pt-PT\"}]}<\/script>\n<!-- \/ Yoast SEO plugin. -->","yoast_head_json":{"title":"TIRAS DE MILHO QUEIJO 150G","robots":{"index":"index","follow":"follow","max-snippet":"max-snippet:-1","max-image-preview":"max-image-preview:large","max-video-preview":"max-video-preview:-1"},"canonical":"https:\/\/www.biocabaz.pt\/web\/produto\/tiras-de-milho-queijo-150g\/","og_locale":"pt_PT","og_type":"article","og_title":"[:en]NACHO CORN CHIPS (WITH CHEESE) 150G[:pt]TIRAS DE MILHO QUEIJO 150G[:] - BIOCABAZ - CABAZES BIOL\u00d3GICOS","og_description":"Ingredientes: farinha de milho* 72%, \u00f3leo de girassol*, queijo em p\u00f3* (leite) 2%, amido de arroz*, sal marinho*, cebola*, extrato de levedura*. *de agricultura biol\u00f3gica certificadaModo de Utiliza\u00e7\u00e3o: Conservar em local fresco e seco.Dados Nutricionais: Declara\u00e7\u00e3o Nutricional por 100g: Energia: 2009 KJ\/480Kcal; Prote\u00ednas: 6,7g; L\u00edpidos: 21,5g; dos quais saturados: 2,2g; monoinsaturados: 17,2g; poliinsaturados: 2,2g; Hidratos de carbono: 62,8g; dos quais a\u00e7\u00facares: 1,5g; Sal: 1,3g.","og_url":"https:\/\/www.biocabaz.pt\/web\/produto\/tiras-de-milho-queijo-150g\/","og_site_name":"BIOCABAZ - CABAZES BIOL\u00d3GICOS","article_modified_time":"2023-04-15T13:24:56+00:00","og_image":[{"width":338,"height":500,"url":"https:\/\/www.biocabaz.pt\/web\/wp-conteudos\/uploads\/2021\/08\/tiras-de-milho-queijo-150g.jpg","type":"image\/jpeg"}],"twitter_card":"summary_large_image","schema":{"@context":"https:\/\/schema.org","@graph":[{"@type":"WebPage","@id":"https:\/\/www.biocabaz.pt\/web\/produto\/tiras-de-milho-queijo-150g\/","url":"https:\/\/www.biocabaz.pt\/web\/produto\/tiras-de-milho-queijo-150g\/","name":"TIRAS DE MILHO QUEIJO 150G","isPartOf":{"@id":"https:\/\/biocabaz.pt\/web\/#website"},"primaryImageOfPage":{"@id":"https:\/\/www.biocabaz.pt\/web\/produto\/tiras-de-milho-queijo-150g\/#primaryimage"},"image":{"@id":"https:\/\/www.biocabaz.pt\/web\/produto\/tiras-de-milho-queijo-150g\/#primaryimage"},"thumbnailUrl":"https:\/\/www.biocabaz.pt\/web\/wp-conteudos\/uploads\/2021\/08\/tiras-de-milho-queijo-150g.jpg","datePublished":"2021-08-19T16:44:26+00:00","dateModified":"2023-04-15T13:24:56+00:00","breadcrumb":{"@id":"https:\/\/www.biocabaz.pt\/web\/produto\/tiras-de-milho-queijo-150g\/#breadcrumb"},"inLanguage":"pt-PT","potentialAction":[{"@type":"ReadAction","target":["https:\/\/www.biocabaz.pt\/web\/produto\/tiras-de-milho-queijo-150g\/"]}]},{"@type":"ImageObject","inLanguage":"pt-PT","@id":"https:\/\/www.biocabaz.pt\/web\/produto\/tiras-de-milho-queijo-150g\/#primaryimage","url":"https:\/\/www.biocabaz.pt\/web\/wp-conteudos\/uploads\/2021\/08\/tiras-de-milho-queijo-150g.jpg","contentUrl":"https:\/\/www.biocabaz.pt\/web\/wp-conteudos\/uploads\/2021\/08\/tiras-de-milho-queijo-150g.jpg","width":338,"height":500,"caption":"TIRAS DE MILHO QUEIJO 150G"},{"@type":"BreadcrumbList","@id":"https:\/\/www.biocabaz.pt\/web\/produto\/tiras-de-milho-queijo-150g\/#breadcrumb","itemListElement":[{"@type":"ListItem","position":1,"name":"Home","item":"https:\/\/biocabaz.pt\/web\/"},{"@type":"ListItem","position":2,"name":"Loja","item":"https:\/\/biocabaz.pt\/web\/shop\/"},{"@type":"ListItem","position":3,"name":"TIRAS DE MILHO QUEIJO 150G"}]},{"@type":"WebSite","@id":"https:\/\/biocabaz.pt\/web\/#website","url":"https:\/\/biocabaz.pt\/web\/","name":"BIOCABAZ - CABAZES BIOL\u00d3GICOS","description":"O melhor que a terra d\u00e1 \u00e9 para si","potentialAction":[{"@type":"SearchAction","target":{"@type":"EntryPoint","urlTemplate":"https:\/\/biocabaz.pt\/web\/?s={search_term_string}"},"query-input":{"@type":"PropertyValueSpecification","valueRequired":true,"valueName":"search_term_string"}}],"inLanguage":"pt-PT"}]}},"_links":{"self":[{"href":"https:\/\/www.biocabaz.pt\/web\/wp-json\/wp\/v2\/product\/74325","targetHints":{"allow":["GET"]}}],"collection":[{"href":"https:\/\/www.biocabaz.pt\/web\/wp-json\/wp\/v2\/product"}],"about":[{"href":"https:\/\/www.biocabaz.pt\/web\/wp-json\/wp\/v2\/types\/product"}],"replies":[{"embeddable":true,"href":"https:\/\/www.biocabaz.pt\/web\/wp-json\/wp\/v2\/comments?post=74325"}],"wp:featuredmedia":[{"embeddable":true,"href":"https:\/\/www.biocabaz.pt\/web\/wp-json\/wp\/v2\/media\/74326"}],"wp:attachment":[{"href":"https:\/\/www.biocabaz.pt\/web\/wp-json\/wp\/v2\/media?parent=74325"}],"wp:term":[{"taxonomy":"product_cat","embeddable":true,"href":"https:\/\/www.biocabaz.pt\/web\/wp-json\/wp\/v2\/product_cat?post=74325"},{"taxonomy":"product_tag","embeddable":true,"href":"https:\/\/www.biocabaz.pt\/web\/wp-json\/wp\/v2\/product_tag?post=74325"}],"curies":[{"name":"wp","href":"https:\/\/api.w.org\/{rel}","templated":true}]}}