{"id":74303,"date":"2021-08-19T15:32:20","date_gmt":"2021-08-19T15:32:20","guid":{"rendered":"https:\/\/www.biocabaz.pt\/web\/?post_type=product&#038;p=74303"},"modified":"2023-04-17T11:42:17","modified_gmt":"2023-04-17T11:42:17","slug":"sumo-de-uva-preta-bio-hollinger-200ml","status":"publish","type":"product","link":"https:\/\/www.biocabaz.pt\/web\/produto\/sumo-de-uva-preta-bio-hollinger-200ml\/","title":{"rendered":"SUMO DE UVA PRETA BIO HOLLINGER 200ML"},"content":{"rendered":"","protected":false},"excerpt":{"rendered":"<p>Ingredientes: sumo de uva preta* (60%) (n\u00e3o proveniente de concentrado), \u00e1gua. *de agricultura biol\u00f3gica.<br \/><b>Modo de Utiliza\u00e7\u00e3o:<\/b> Conservar em local fresco e seco e ao abrigo da luz solar. Agitar antes de abrir.<br \/><b>Dados Nutricionais:<\/b> Declara\u00e7\u00e3o Nutricional por 100g: Energia: 172 KJ\/40Kcal; L\u00edpidos: <0,1g; dos quais saturados: <0,1g; Hidratos de carbono: 9,6g; dos quais a\u00e7\u00facares: 9,6g; Prote\u00ednas: 0,1g; Sal: <0,01g.\n<\/p>\n","protected":false},"featured_media":74305,"comment_status":"closed","ping_status":"closed","template":"","meta":[],"product_cat":[38],"product_tag":[],"class_list":["post-74303","product","type-product","status-publish","has-post-thumbnail","hentry","product_cat-sumos"],"bundle_layout":"","bundled_by":[],"bundled_items":[],"yoast_head":"<!-- This site is optimized with the Yoast SEO plugin v26.3 - https:\/\/yoast.com\/wordpress\/plugins\/seo\/ -->\n<title>SUMO DE UVA PRETA BIO HOLLINGER 200ML<\/title>\n<meta name=\"robots\" content=\"index, follow, max-snippet:-1, max-image-preview:large, max-video-preview:-1\" \/>\n<link rel=\"canonical\" href=\"https:\/\/www.biocabaz.pt\/web\/produto\/sumo-de-uva-preta-bio-hollinger-200ml\/\" \/>\n<meta property=\"og:locale\" content=\"pt_PT\" \/>\n<meta property=\"og:locale:alternate\" content=\"en_US\" \/>\n<meta property=\"og:type\" content=\"article\" \/>\n<meta property=\"og:title\" content=\"SUMO DE UVA PRETA BIO HOLLINGER 200ML\" \/>\n<meta property=\"og:description\" content=\"Ingredientes: sumo de uva preta* (60%) (n\u00e3o proveniente de concentrado), \u00e1gua. *de agricultura biol\u00f3gica.Modo de Utiliza\u00e7\u00e3o: Conservar em local fresco e seco e ao abrigo da luz solar. Agitar antes de abrir.Dados Nutricionais: Declara\u00e7\u00e3o Nutricional por 100g: Energia: 172 KJ\/40Kcal; L\u00edpidos:\" \/>\n<meta property=\"og:url\" content=\"https:\/\/www.biocabaz.pt\/web\/produto\/sumo-de-uva-preta-bio-hollinger-200ml\/\" \/>\n<meta property=\"og:site_name\" content=\"BIOCABAZ - CABAZES BIOL\u00d3GICOS\" \/>\n<meta property=\"article:modified_time\" content=\"2023-04-17T11:42:17+00:00\" \/>\n<meta property=\"og:image\" content=\"https:\/\/www.biocabaz.pt\/web\/wp-conteudos\/uploads\/2021\/08\/sumo-de-uva-preta-bio-hollinger-200ml-e1629387112628.jpg\" \/>\n\t<meta property=\"og:image:width\" content=\"500\" \/>\n\t<meta property=\"og:image:height\" content=\"263\" \/>\n\t<meta property=\"og:image:type\" content=\"image\/jpeg\" \/>\n<meta name=\"twitter:card\" content=\"summary_large_image\" \/>\n<script type=\"application\/ld+json\" class=\"yoast-schema-graph\">{\"@context\":\"https:\/\/schema.org\",\"@graph\":[{\"@type\":\"WebPage\",\"@id\":\"https:\/\/www.biocabaz.pt\/web\/en\/produto\/sumo-de-uva-preta-bio-hollinger-200ml\/\",\"url\":\"https:\/\/www.biocabaz.pt\/web\/en\/produto\/sumo-de-uva-preta-bio-hollinger-200ml\/\",\"name\":\"SUMO DE UVA PRETA BIO HOLLINGER 200ML\",\"isPartOf\":{\"@id\":\"https:\/\/biocabaz.pt\/web\/en\/#website\"},\"primaryImageOfPage\":{\"@id\":\"https:\/\/www.biocabaz.pt\/web\/en\/produto\/sumo-de-uva-preta-bio-hollinger-200ml\/#primaryimage\"},\"image\":{\"@id\":\"https:\/\/www.biocabaz.pt\/web\/en\/produto\/sumo-de-uva-preta-bio-hollinger-200ml\/#primaryimage\"},\"thumbnailUrl\":\"https:\/\/www.biocabaz.pt\/web\/wp-conteudos\/uploads\/2021\/08\/sumo-de-uva-preta-bio-hollinger-200ml-e1629387112628.jpg\",\"datePublished\":\"2021-08-19T15:32:20+00:00\",\"dateModified\":\"2023-04-17T11:42:17+00:00\",\"breadcrumb\":{\"@id\":\"https:\/\/www.biocabaz.pt\/web\/en\/produto\/sumo-de-uva-preta-bio-hollinger-200ml\/#breadcrumb\"},\"inLanguage\":\"pt-PT\",\"potentialAction\":[{\"@type\":\"ReadAction\",\"target\":[\"https:\/\/www.biocabaz.pt\/web\/en\/produto\/sumo-de-uva-preta-bio-hollinger-200ml\/\"]}]},{\"@type\":\"ImageObject\",\"inLanguage\":\"pt-PT\",\"@id\":\"https:\/\/www.biocabaz.pt\/web\/en\/produto\/sumo-de-uva-preta-bio-hollinger-200ml\/#primaryimage\",\"url\":\"https:\/\/www.biocabaz.pt\/web\/wp-conteudos\/uploads\/2021\/08\/sumo-de-uva-preta-bio-hollinger-200ml-e1629387112628.jpg\",\"contentUrl\":\"https:\/\/www.biocabaz.pt\/web\/wp-conteudos\/uploads\/2021\/08\/sumo-de-uva-preta-bio-hollinger-200ml-e1629387112628.jpg\",\"width\":500,\"height\":263,\"caption\":\"SUMO DE UVA PRETA BIO HOLLINGER 200ML\"},{\"@type\":\"BreadcrumbList\",\"@id\":\"https:\/\/www.biocabaz.pt\/web\/en\/produto\/sumo-de-uva-preta-bio-hollinger-200ml\/#breadcrumb\",\"itemListElement\":[{\"@type\":\"ListItem\",\"position\":1,\"name\":\"Home\",\"item\":\"https:\/\/biocabaz.pt\/web\/en\/\"},{\"@type\":\"ListItem\",\"position\":2,\"name\":\"Shop\",\"item\":\"https:\/\/biocabaz.pt\/web\/en\/shop\/\"},{\"@type\":\"ListItem\",\"position\":3,\"name\":\"HOLLINGER BLACK GRAPE JUICE 200ML\"}]},{\"@type\":\"WebSite\",\"@id\":\"https:\/\/biocabaz.pt\/web\/en\/#website\",\"url\":\"https:\/\/biocabaz.pt\/web\/en\/\",\"name\":\"BIOCABAZ - CABAZES BIOL\u00d3GICOS\",\"description\":\"O melhor que a terra d\u00e1 \u00e9 para si\",\"potentialAction\":[{\"@type\":\"SearchAction\",\"target\":{\"@type\":\"EntryPoint\",\"urlTemplate\":\"https:\/\/biocabaz.pt\/web\/en\/?s={search_term_string}\"},\"query-input\":{\"@type\":\"PropertyValueSpecification\",\"valueRequired\":true,\"valueName\":\"search_term_string\"}}],\"inLanguage\":\"pt-PT\"}]}<\/script>\n<!-- \/ Yoast SEO plugin. -->","yoast_head_json":{"title":"SUMO DE UVA PRETA BIO HOLLINGER 200ML","robots":{"index":"index","follow":"follow","max-snippet":"max-snippet:-1","max-image-preview":"max-image-preview:large","max-video-preview":"max-video-preview:-1"},"canonical":"https:\/\/www.biocabaz.pt\/web\/produto\/sumo-de-uva-preta-bio-hollinger-200ml\/","og_locale":"pt_PT","og_type":"article","og_title":"[:en]HOLLINGER BLACK GRAPE JUICE 200ML[:pt]SUMO DE UVA PRETA BIO HOLLINGER 200ML[:] - BIOCABAZ - CABAZES BIOL\u00d3GICOS","og_description":"Ingredientes: sumo de uva preta* (60%) (n\u00e3o proveniente de concentrado), \u00e1gua. *de agricultura biol\u00f3gica.Modo de Utiliza\u00e7\u00e3o: Conservar em local fresco e seco e ao abrigo da luz solar. Agitar antes de abrir.Dados Nutricionais: Declara\u00e7\u00e3o Nutricional por 100g: Energia: 172 KJ\/40Kcal; L\u00edpidos:","og_url":"https:\/\/www.biocabaz.pt\/web\/produto\/sumo-de-uva-preta-bio-hollinger-200ml\/","og_site_name":"BIOCABAZ - CABAZES BIOL\u00d3GICOS","article_modified_time":"2023-04-17T11:42:17+00:00","og_image":[{"width":500,"height":263,"url":"https:\/\/www.biocabaz.pt\/web\/wp-conteudos\/uploads\/2021\/08\/sumo-de-uva-preta-bio-hollinger-200ml-e1629387112628.jpg","type":"image\/jpeg"}],"twitter_card":"summary_large_image","schema":{"@context":"https:\/\/schema.org","@graph":[{"@type":"WebPage","@id":"https:\/\/www.biocabaz.pt\/web\/en\/produto\/sumo-de-uva-preta-bio-hollinger-200ml\/","url":"https:\/\/www.biocabaz.pt\/web\/en\/produto\/sumo-de-uva-preta-bio-hollinger-200ml\/","name":"SUMO DE UVA PRETA BIO HOLLINGER 200ML","isPartOf":{"@id":"https:\/\/biocabaz.pt\/web\/en\/#website"},"primaryImageOfPage":{"@id":"https:\/\/www.biocabaz.pt\/web\/en\/produto\/sumo-de-uva-preta-bio-hollinger-200ml\/#primaryimage"},"image":{"@id":"https:\/\/www.biocabaz.pt\/web\/en\/produto\/sumo-de-uva-preta-bio-hollinger-200ml\/#primaryimage"},"thumbnailUrl":"https:\/\/www.biocabaz.pt\/web\/wp-conteudos\/uploads\/2021\/08\/sumo-de-uva-preta-bio-hollinger-200ml-e1629387112628.jpg","datePublished":"2021-08-19T15:32:20+00:00","dateModified":"2023-04-17T11:42:17+00:00","breadcrumb":{"@id":"https:\/\/www.biocabaz.pt\/web\/en\/produto\/sumo-de-uva-preta-bio-hollinger-200ml\/#breadcrumb"},"inLanguage":"pt-PT","potentialAction":[{"@type":"ReadAction","target":["https:\/\/www.biocabaz.pt\/web\/en\/produto\/sumo-de-uva-preta-bio-hollinger-200ml\/"]}]},{"@type":"ImageObject","inLanguage":"pt-PT","@id":"https:\/\/www.biocabaz.pt\/web\/en\/produto\/sumo-de-uva-preta-bio-hollinger-200ml\/#primaryimage","url":"https:\/\/www.biocabaz.pt\/web\/wp-conteudos\/uploads\/2021\/08\/sumo-de-uva-preta-bio-hollinger-200ml-e1629387112628.jpg","contentUrl":"https:\/\/www.biocabaz.pt\/web\/wp-conteudos\/uploads\/2021\/08\/sumo-de-uva-preta-bio-hollinger-200ml-e1629387112628.jpg","width":500,"height":263,"caption":"SUMO DE UVA PRETA BIO HOLLINGER 200ML"},{"@type":"BreadcrumbList","@id":"https:\/\/www.biocabaz.pt\/web\/en\/produto\/sumo-de-uva-preta-bio-hollinger-200ml\/#breadcrumb","itemListElement":[{"@type":"ListItem","position":1,"name":"Home","item":"https:\/\/biocabaz.pt\/web\/en\/"},{"@type":"ListItem","position":2,"name":"Shop","item":"https:\/\/biocabaz.pt\/web\/en\/shop\/"},{"@type":"ListItem","position":3,"name":"HOLLINGER BLACK GRAPE JUICE 200ML"}]},{"@type":"WebSite","@id":"https:\/\/biocabaz.pt\/web\/en\/#website","url":"https:\/\/biocabaz.pt\/web\/en\/","name":"BIOCABAZ - CABAZES BIOL\u00d3GICOS","description":"O melhor que a terra d\u00e1 \u00e9 para si","potentialAction":[{"@type":"SearchAction","target":{"@type":"EntryPoint","urlTemplate":"https:\/\/biocabaz.pt\/web\/en\/?s={search_term_string}"},"query-input":{"@type":"PropertyValueSpecification","valueRequired":true,"valueName":"search_term_string"}}],"inLanguage":"pt-PT"}]}},"_links":{"self":[{"href":"https:\/\/www.biocabaz.pt\/web\/wp-json\/wp\/v2\/product\/74303","targetHints":{"allow":["GET"]}}],"collection":[{"href":"https:\/\/www.biocabaz.pt\/web\/wp-json\/wp\/v2\/product"}],"about":[{"href":"https:\/\/www.biocabaz.pt\/web\/wp-json\/wp\/v2\/types\/product"}],"replies":[{"embeddable":true,"href":"https:\/\/www.biocabaz.pt\/web\/wp-json\/wp\/v2\/comments?post=74303"}],"wp:featuredmedia":[{"embeddable":true,"href":"https:\/\/www.biocabaz.pt\/web\/wp-json\/wp\/v2\/media\/74305"}],"wp:attachment":[{"href":"https:\/\/www.biocabaz.pt\/web\/wp-json\/wp\/v2\/media?parent=74303"}],"wp:term":[{"taxonomy":"product_cat","embeddable":true,"href":"https:\/\/www.biocabaz.pt\/web\/wp-json\/wp\/v2\/product_cat?post=74303"},{"taxonomy":"product_tag","embeddable":true,"href":"https:\/\/www.biocabaz.pt\/web\/wp-json\/wp\/v2\/product_tag?post=74303"}],"curies":[{"name":"wp","href":"https:\/\/api.w.org\/{rel}","templated":true}]}}