{"id":74219,"date":"2021-08-18T14:48:52","date_gmt":"2021-08-18T14:48:52","guid":{"rendered":"https:\/\/www.biocabaz.pt\/web\/?post_type=product&#038;p=74219"},"modified":"2026-03-28T09:14:00","modified_gmt":"2026-03-28T09:14:00","slug":"queijo-feta-de-ovelha-180g-andechser","status":"publish","type":"product","link":"https:\/\/www.biocabaz.pt\/web\/produto\/queijo-feta-de-ovelha-180g-andechser\/","title":{"rendered":"QUEIJO FETA DE OVELHA 180G ANDECHSER"},"content":{"rendered":"","protected":false},"excerpt":{"rendered":"","protected":false},"featured_media":74220,"comment_status":"closed","ping_status":"closed","template":"","meta":[],"product_cat":[37],"product_tag":[],"class_list":["post-74219","product","type-product","status-publish","has-post-thumbnail","hentry","product_cat-queijos-e-natas"],"bundle_layout":"","bundled_by":[],"bundled_items":[],"yoast_head":"<!-- This site is optimized with the Yoast SEO plugin v26.3 - https:\/\/yoast.com\/wordpress\/plugins\/seo\/ -->\n<title>QUEIJO FETA DE OVELHA 180G ANDECHSER<\/title>\n<meta name=\"robots\" content=\"index, follow, max-snippet:-1, max-image-preview:large, max-video-preview:-1\" \/>\n<link rel=\"canonical\" href=\"https:\/\/biocabaz.pt\/web\/produto\/queijo-feta-de-ovelha-180g-andechser\/\" \/>\n<meta property=\"og:locale\" content=\"pt_PT\" \/>\n<meta property=\"og:locale:alternate\" content=\"en_US\" \/>\n<meta property=\"og:type\" content=\"article\" \/>\n<meta property=\"og:title\" content=\"QUEIJO FETA DE OVELHA 180G ANDECHSER\" \/>\n<meta property=\"og:url\" content=\"https:\/\/www.biocabaz.pt\/web\/produto\/queijo-feta-de-ovelha-180g-andechser\/\" \/>\n<meta property=\"og:site_name\" content=\"BIOCABAZ - CABAZES BIOL\u00d3GICOS\" \/>\n<meta property=\"article:modified_time\" content=\"2026-03-28T09:14:00+00:00\" \/>\n<meta property=\"og:image\" content=\"https:\/\/www.biocabaz.pt\/web\/wp-conteudos\/uploads\/2021\/08\/queijo-feta-de-ovelha-180g-andechser.png\" \/>\n\t<meta property=\"og:image:width\" content=\"377\" \/>\n\t<meta property=\"og:image:height\" content=\"457\" \/>\n\t<meta property=\"og:image:type\" content=\"image\/png\" \/>\n<meta name=\"twitter:card\" content=\"summary_large_image\" \/>\n<script type=\"application\/ld+json\" class=\"yoast-schema-graph\">{\"@context\":\"https:\/\/schema.org\",\"@graph\":[{\"@type\":\"WebPage\",\"@id\":\"https:\/\/biocabaz.pt\/web\/produto\/queijo-feta-de-ovelha-180g-andechser\/\",\"url\":\"https:\/\/biocabaz.pt\/web\/produto\/queijo-feta-de-ovelha-180g-andechser\/\",\"name\":\"QUEIJO FETA DE OVELHA 180G ANDECHSER\",\"isPartOf\":{\"@id\":\"https:\/\/www.biocabaz.pt\/web\/en\/#website\"},\"primaryImageOfPage\":{\"@id\":\"https:\/\/biocabaz.pt\/web\/produto\/queijo-feta-de-ovelha-180g-andechser\/#primaryimage\"},\"image\":{\"@id\":\"https:\/\/biocabaz.pt\/web\/produto\/queijo-feta-de-ovelha-180g-andechser\/#primaryimage\"},\"thumbnailUrl\":\"https:\/\/www.biocabaz.pt\/web\/wp-conteudos\/uploads\/2021\/08\/queijo-feta-de-ovelha-180g-andechser.png\",\"datePublished\":\"2021-08-18T14:48:52+00:00\",\"dateModified\":\"2026-03-28T09:14:00+00:00\",\"breadcrumb\":{\"@id\":\"https:\/\/biocabaz.pt\/web\/produto\/queijo-feta-de-ovelha-180g-andechser\/#breadcrumb\"},\"inLanguage\":\"pt-PT\",\"potentialAction\":[{\"@type\":\"ReadAction\",\"target\":[\"https:\/\/biocabaz.pt\/web\/produto\/queijo-feta-de-ovelha-180g-andechser\/\"]}]},{\"@type\":\"ImageObject\",\"inLanguage\":\"pt-PT\",\"@id\":\"https:\/\/biocabaz.pt\/web\/produto\/queijo-feta-de-ovelha-180g-andechser\/#primaryimage\",\"url\":\"https:\/\/www.biocabaz.pt\/web\/wp-conteudos\/uploads\/2021\/08\/queijo-feta-de-ovelha-180g-andechser.png\",\"contentUrl\":\"https:\/\/www.biocabaz.pt\/web\/wp-conteudos\/uploads\/2021\/08\/queijo-feta-de-ovelha-180g-andechser.png\",\"width\":377,\"height\":457,\"caption\":\"QUEIJO FETA DE OVELHA 180G ANDECHSER\"},{\"@type\":\"BreadcrumbList\",\"@id\":\"https:\/\/biocabaz.pt\/web\/produto\/queijo-feta-de-ovelha-180g-andechser\/#breadcrumb\",\"itemListElement\":[{\"@type\":\"ListItem\",\"position\":1,\"name\":\"Home\",\"item\":\"https:\/\/www.biocabaz.pt\/web\/en\/\"},{\"@type\":\"ListItem\",\"position\":2,\"name\":\"Shop\",\"item\":\"https:\/\/www.biocabaz.pt\/web\/en\/shop\/\"},{\"@type\":\"ListItem\",\"position\":3,\"name\":\"QUEIJO FETA DE OVELHA 180G ANDECHSER\"}]},{\"@type\":\"WebSite\",\"@id\":\"https:\/\/www.biocabaz.pt\/web\/en\/#website\",\"url\":\"https:\/\/www.biocabaz.pt\/web\/en\/\",\"name\":\"BIOCABAZ - CABAZES BIOL\u00d3GICOS\",\"description\":\"O melhor que a terra d\u00e1 \u00e9 para si\",\"potentialAction\":[{\"@type\":\"SearchAction\",\"target\":{\"@type\":\"EntryPoint\",\"urlTemplate\":\"https:\/\/www.biocabaz.pt\/web\/en\/?s={search_term_string}\"},\"query-input\":{\"@type\":\"PropertyValueSpecification\",\"valueRequired\":true,\"valueName\":\"search_term_string\"}}],\"inLanguage\":\"pt-PT\"}]}<\/script>\n<!-- \/ Yoast SEO plugin. -->","yoast_head_json":{"title":"QUEIJO FETA DE OVELHA 180G ANDECHSER","robots":{"index":"index","follow":"follow","max-snippet":"max-snippet:-1","max-image-preview":"max-image-preview:large","max-video-preview":"max-video-preview:-1"},"canonical":"https:\/\/biocabaz.pt\/web\/produto\/queijo-feta-de-ovelha-180g-andechser\/","og_locale":"pt_PT","og_type":"article","og_title":"[:pt]QUEIJO FETA DE OVELHA 180G ANDECHSER[:] - BIOCABAZ - CABAZES BIOL\u00d3GICOS","og_url":"https:\/\/www.biocabaz.pt\/web\/produto\/queijo-feta-de-ovelha-180g-andechser\/","og_site_name":"BIOCABAZ - CABAZES BIOL\u00d3GICOS","article_modified_time":"2026-03-28T09:14:00+00:00","og_image":[{"width":377,"height":457,"url":"https:\/\/www.biocabaz.pt\/web\/wp-conteudos\/uploads\/2021\/08\/queijo-feta-de-ovelha-180g-andechser.png","type":"image\/png"}],"twitter_card":"summary_large_image","schema":{"@context":"https:\/\/schema.org","@graph":[{"@type":"WebPage","@id":"https:\/\/biocabaz.pt\/web\/produto\/queijo-feta-de-ovelha-180g-andechser\/","url":"https:\/\/biocabaz.pt\/web\/produto\/queijo-feta-de-ovelha-180g-andechser\/","name":"QUEIJO FETA DE OVELHA 180G ANDECHSER","isPartOf":{"@id":"https:\/\/www.biocabaz.pt\/web\/en\/#website"},"primaryImageOfPage":{"@id":"https:\/\/biocabaz.pt\/web\/produto\/queijo-feta-de-ovelha-180g-andechser\/#primaryimage"},"image":{"@id":"https:\/\/biocabaz.pt\/web\/produto\/queijo-feta-de-ovelha-180g-andechser\/#primaryimage"},"thumbnailUrl":"https:\/\/www.biocabaz.pt\/web\/wp-conteudos\/uploads\/2021\/08\/queijo-feta-de-ovelha-180g-andechser.png","datePublished":"2021-08-18T14:48:52+00:00","dateModified":"2026-03-28T09:14:00+00:00","breadcrumb":{"@id":"https:\/\/biocabaz.pt\/web\/produto\/queijo-feta-de-ovelha-180g-andechser\/#breadcrumb"},"inLanguage":"pt-PT","potentialAction":[{"@type":"ReadAction","target":["https:\/\/biocabaz.pt\/web\/produto\/queijo-feta-de-ovelha-180g-andechser\/"]}]},{"@type":"ImageObject","inLanguage":"pt-PT","@id":"https:\/\/biocabaz.pt\/web\/produto\/queijo-feta-de-ovelha-180g-andechser\/#primaryimage","url":"https:\/\/www.biocabaz.pt\/web\/wp-conteudos\/uploads\/2021\/08\/queijo-feta-de-ovelha-180g-andechser.png","contentUrl":"https:\/\/www.biocabaz.pt\/web\/wp-conteudos\/uploads\/2021\/08\/queijo-feta-de-ovelha-180g-andechser.png","width":377,"height":457,"caption":"QUEIJO FETA DE OVELHA 180G ANDECHSER"},{"@type":"BreadcrumbList","@id":"https:\/\/biocabaz.pt\/web\/produto\/queijo-feta-de-ovelha-180g-andechser\/#breadcrumb","itemListElement":[{"@type":"ListItem","position":1,"name":"Home","item":"https:\/\/www.biocabaz.pt\/web\/en\/"},{"@type":"ListItem","position":2,"name":"Shop","item":"https:\/\/www.biocabaz.pt\/web\/en\/shop\/"},{"@type":"ListItem","position":3,"name":"QUEIJO FETA DE OVELHA 180G ANDECHSER"}]},{"@type":"WebSite","@id":"https:\/\/www.biocabaz.pt\/web\/en\/#website","url":"https:\/\/www.biocabaz.pt\/web\/en\/","name":"BIOCABAZ - CABAZES BIOL\u00d3GICOS","description":"O melhor que a terra d\u00e1 \u00e9 para si","potentialAction":[{"@type":"SearchAction","target":{"@type":"EntryPoint","urlTemplate":"https:\/\/www.biocabaz.pt\/web\/en\/?s={search_term_string}"},"query-input":{"@type":"PropertyValueSpecification","valueRequired":true,"valueName":"search_term_string"}}],"inLanguage":"pt-PT"}]}},"_links":{"self":[{"href":"https:\/\/www.biocabaz.pt\/web\/wp-json\/wp\/v2\/product\/74219","targetHints":{"allow":["GET"]}}],"collection":[{"href":"https:\/\/www.biocabaz.pt\/web\/wp-json\/wp\/v2\/product"}],"about":[{"href":"https:\/\/www.biocabaz.pt\/web\/wp-json\/wp\/v2\/types\/product"}],"replies":[{"embeddable":true,"href":"https:\/\/www.biocabaz.pt\/web\/wp-json\/wp\/v2\/comments?post=74219"}],"wp:featuredmedia":[{"embeddable":true,"href":"https:\/\/www.biocabaz.pt\/web\/wp-json\/wp\/v2\/media\/74220"}],"wp:attachment":[{"href":"https:\/\/www.biocabaz.pt\/web\/wp-json\/wp\/v2\/media?parent=74219"}],"wp:term":[{"taxonomy":"product_cat","embeddable":true,"href":"https:\/\/www.biocabaz.pt\/web\/wp-json\/wp\/v2\/product_cat?post=74219"},{"taxonomy":"product_tag","embeddable":true,"href":"https:\/\/www.biocabaz.pt\/web\/wp-json\/wp\/v2\/product_tag?post=74219"}],"curies":[{"name":"wp","href":"https:\/\/api.w.org\/{rel}","templated":true}]}}