{"id":739,"date":"2016-04-08T09:58:41","date_gmt":"2016-04-08T09:58:41","guid":{"rendered":"http:\/\/www.biocabaz.com\/web\/produto\/gengibre-cristalizado-125g\/"},"modified":"2020-08-21T16:23:55","modified_gmt":"2020-08-21T16:23:55","slug":"gengibre-cristalizado-125g","status":"publish","type":"product","link":"https:\/\/www.biocabaz.pt\/web\/produto\/gengibre-cristalizado-125g\/","title":{"rendered":"GENGIBRE CRISTALIZADO BIO"},"content":{"rendered":"<p><strong>Descri\u00e7\u00e3o <\/strong><br \/>\n\t\t\t\tIngredientes: Raiz Gengibre*, Xarope de Milho*, A\u00e7\u00facar de Cana* e *Acidificante: \u00c1cido C\u00edtrico. *de Produ\u00e7\u00e3o Biol\u00f3gica.<\/p>\n<p><strong>Dados Nutricionais<\/strong><br \/>\n\t\t\t\tDeclara\u00e7\u00e3o Nutricional por 100g (%DR*): Energia: 1376\/kcal \/ 324kj;<br \/> L\u00edpidos: 0,3g \u2013 dos quais saturados: 0,3g;<br \/> Hidratos de Carbono: 80g &#8211; dos quais a\u00e7\u00facares: 75g;<br \/> Prote\u00edna: 0,3g;<br \/> Sal: 1,5g.<\/p>\n<p><strong>Modo Utiliza\u00e7\u00e3o<\/strong><br \/>Pronto a consumir ap\u00f3s ou antes de actividades intensas\/desgastantes ou exerc\u00edcio f\u00edsico. Conservar em local seco e fresco.<\/p>\n","protected":false},"excerpt":{"rendered":"<p>Descri\u00e7\u00e3o Ingredientes: Raiz Gengibre*, Xarope de Milho*, A\u00e7\u00facar de Cana* e *Acidificante: \u00c1cido C\u00edtrico. *de Produ\u00e7\u00e3o Biol\u00f3gica. Dados Nutricionais Declara\u00e7\u00e3o Nutricional por 100g (%DR*): Energia: 1376\/kcal \/ 324kj; L\u00edpidos: 0,3g \u2013 dos quais saturados: 0,3g; Hidratos de Carbono: 80g &#8211; dos quais a\u00e7\u00facares: 75g; Prote\u00edna: 0,3g; Sal: 1,5g. Modo Utiliza\u00e7\u00e3oPronto a consumir ap\u00f3s ou antes [&hellip;]<\/p>\n","protected":false},"featured_media":1352,"comment_status":"closed","ping_status":"closed","template":"","meta":[],"product_cat":[51],"product_tag":[],"class_list":["post-739","product","type-product","status-publish","has-post-thumbnail","hentry","product_cat-frutos-secos"],"bundle_layout":"","bundled_by":[],"bundled_items":[],"yoast_head":"<!-- This site is optimized with the Yoast SEO plugin v26.3 - https:\/\/yoast.com\/wordpress\/plugins\/seo\/ -->\n<title>GENGIBRE CRISTALIZADO BIO<\/title>\n<meta name=\"robots\" content=\"index, follow, max-snippet:-1, max-image-preview:large, max-video-preview:-1\" \/>\n<link rel=\"canonical\" href=\"https:\/\/www.biocabaz.pt\/web\/produto\/gengibre-cristalizado-125g\/\" \/>\n<meta property=\"og:locale\" content=\"pt_PT\" \/>\n<meta property=\"og:locale:alternate\" content=\"en_US\" \/>\n<meta property=\"og:type\" content=\"article\" \/>\n<meta property=\"og:title\" content=\"GENGIBRE CRISTALIZADO BIO\" \/>\n<meta property=\"og:description\" content=\"Descri\u00e7\u00e3o Ingredientes: Raiz Gengibre*, Xarope de Milho*, A\u00e7\u00facar de Cana* e *Acidificante: \u00c1cido C\u00edtrico. *de Produ\u00e7\u00e3o Biol\u00f3gica. Dados Nutricionais Declara\u00e7\u00e3o Nutricional por 100g (%DR*): Energia: 1376\/kcal \/ 324kj; L\u00edpidos: 0,3g \u2013 dos quais saturados: 0,3g; Hidratos de Carbono: 80g &#8211; dos quais a\u00e7\u00facares: 75g; Prote\u00edna: 0,3g; Sal: 1,5g. Modo Utiliza\u00e7\u00e3oPronto a consumir ap\u00f3s ou antes [&hellip;]\" \/>\n<meta property=\"og:url\" content=\"https:\/\/www.biocabaz.pt\/web\/produto\/gengibre-cristalizado-125g\/\" \/>\n<meta property=\"og:site_name\" content=\"BIOCABAZ - CABAZES BIOL\u00d3GICOS\" \/>\n<meta property=\"article:modified_time\" content=\"2020-08-21T16:23:55+00:00\" \/>\n<meta property=\"og:image\" content=\"https:\/\/www.biocabaz.pt\/web\/wp-conteudos\/uploads\/2016\/04\/secos-gengibre-e1574205110617.jpg\" \/>\n\t<meta property=\"og:image:width\" content=\"500\" \/>\n\t<meta property=\"og:image:height\" content=\"333\" \/>\n\t<meta property=\"og:image:type\" content=\"image\/jpeg\" \/>\n<meta name=\"twitter:card\" content=\"summary_large_image\" \/>\n<meta name=\"twitter:label1\" content=\"Est. reading time\" \/>\n\t<meta name=\"twitter:data1\" content=\"1 minuto\" \/>\n<script type=\"application\/ld+json\" class=\"yoast-schema-graph\">{\"@context\":\"https:\/\/schema.org\",\"@graph\":[{\"@type\":\"WebPage\",\"@id\":\"https:\/\/www.biocabaz.pt\/web\/produto\/gengibre-cristalizado-125g\/\",\"url\":\"https:\/\/www.biocabaz.pt\/web\/produto\/gengibre-cristalizado-125g\/\",\"name\":\"GENGIBRE CRISTALIZADO BIO\",\"isPartOf\":{\"@id\":\"https:\/\/biocabaz.pt\/web\/#website\"},\"primaryImageOfPage\":{\"@id\":\"https:\/\/www.biocabaz.pt\/web\/produto\/gengibre-cristalizado-125g\/#primaryimage\"},\"image\":{\"@id\":\"https:\/\/www.biocabaz.pt\/web\/produto\/gengibre-cristalizado-125g\/#primaryimage\"},\"thumbnailUrl\":\"https:\/\/www.biocabaz.pt\/web\/wp-conteudos\/uploads\/2016\/04\/secos-gengibre-e1574205110617.jpg\",\"datePublished\":\"2016-04-08T09:58:41+00:00\",\"dateModified\":\"2020-08-21T16:23:55+00:00\",\"breadcrumb\":{\"@id\":\"https:\/\/www.biocabaz.pt\/web\/produto\/gengibre-cristalizado-125g\/#breadcrumb\"},\"inLanguage\":\"pt-PT\",\"potentialAction\":[{\"@type\":\"ReadAction\",\"target\":[\"https:\/\/www.biocabaz.pt\/web\/produto\/gengibre-cristalizado-125g\/\"]}]},{\"@type\":\"ImageObject\",\"inLanguage\":\"pt-PT\",\"@id\":\"https:\/\/www.biocabaz.pt\/web\/produto\/gengibre-cristalizado-125g\/#primaryimage\",\"url\":\"https:\/\/www.biocabaz.pt\/web\/wp-conteudos\/uploads\/2016\/04\/secos-gengibre-e1574205110617.jpg\",\"contentUrl\":\"https:\/\/www.biocabaz.pt\/web\/wp-conteudos\/uploads\/2016\/04\/secos-gengibre-e1574205110617.jpg\",\"width\":500,\"height\":333,\"caption\":\"gengibre cristalizado bio\"},{\"@type\":\"BreadcrumbList\",\"@id\":\"https:\/\/www.biocabaz.pt\/web\/produto\/gengibre-cristalizado-125g\/#breadcrumb\",\"itemListElement\":[{\"@type\":\"ListItem\",\"position\":1,\"name\":\"Home\",\"item\":\"https:\/\/biocabaz.pt\/web\/\"},{\"@type\":\"ListItem\",\"position\":2,\"name\":\"Shop\",\"item\":\"https:\/\/www.biocabaz.pt\/web\/en\/shop\/\"},{\"@type\":\"ListItem\",\"position\":3,\"name\":\"GENGIBRE CRISTALIZADO BIO\"}]},{\"@type\":\"WebSite\",\"@id\":\"https:\/\/biocabaz.pt\/web\/#website\",\"url\":\"https:\/\/biocabaz.pt\/web\/\",\"name\":\"BIOCABAZ - CABAZES BIOL\u00d3GICOS\",\"description\":\"O melhor que a terra d\u00e1 \u00e9 para si\",\"potentialAction\":[{\"@type\":\"SearchAction\",\"target\":{\"@type\":\"EntryPoint\",\"urlTemplate\":\"https:\/\/biocabaz.pt\/web\/?s={search_term_string}\"},\"query-input\":{\"@type\":\"PropertyValueSpecification\",\"valueRequired\":true,\"valueName\":\"search_term_string\"}}],\"inLanguage\":\"pt-PT\"}]}<\/script>\n<!-- \/ Yoast SEO plugin. -->","yoast_head_json":{"title":"GENGIBRE CRISTALIZADO BIO","robots":{"index":"index","follow":"follow","max-snippet":"max-snippet:-1","max-image-preview":"max-image-preview:large","max-video-preview":"max-video-preview:-1"},"canonical":"https:\/\/www.biocabaz.pt\/web\/produto\/gengibre-cristalizado-125g\/","og_locale":"pt_PT","og_type":"article","og_title":"[:pt]GENGIBRE CRISTALIZADO BIO[:en]ORGANIC CANDIED GINGER[:] - BIOCABAZ - CABAZES BIOL\u00d3GICOS","og_description":"Descri\u00e7\u00e3o Ingredientes: Raiz Gengibre*, Xarope de Milho*, A\u00e7\u00facar de Cana* e *Acidificante: \u00c1cido C\u00edtrico. *de Produ\u00e7\u00e3o Biol\u00f3gica. Dados Nutricionais Declara\u00e7\u00e3o Nutricional por 100g (%DR*): Energia: 1376\/kcal \/ 324kj; L\u00edpidos: 0,3g \u2013 dos quais saturados: 0,3g; Hidratos de Carbono: 80g &#8211; dos quais a\u00e7\u00facares: 75g; Prote\u00edna: 0,3g; Sal: 1,5g. Modo Utiliza\u00e7\u00e3oPronto a consumir ap\u00f3s ou antes [&hellip;]","og_url":"https:\/\/www.biocabaz.pt\/web\/produto\/gengibre-cristalizado-125g\/","og_site_name":"BIOCABAZ - CABAZES BIOL\u00d3GICOS","article_modified_time":"2020-08-21T16:23:55+00:00","og_image":[{"width":500,"height":333,"url":"https:\/\/www.biocabaz.pt\/web\/wp-conteudos\/uploads\/2016\/04\/secos-gengibre-e1574205110617.jpg","type":"image\/jpeg"}],"twitter_card":"summary_large_image","twitter_misc":{"Est. reading time":"1 minuto"},"schema":{"@context":"https:\/\/schema.org","@graph":[{"@type":"WebPage","@id":"https:\/\/www.biocabaz.pt\/web\/produto\/gengibre-cristalizado-125g\/","url":"https:\/\/www.biocabaz.pt\/web\/produto\/gengibre-cristalizado-125g\/","name":"GENGIBRE CRISTALIZADO BIO","isPartOf":{"@id":"https:\/\/biocabaz.pt\/web\/#website"},"primaryImageOfPage":{"@id":"https:\/\/www.biocabaz.pt\/web\/produto\/gengibre-cristalizado-125g\/#primaryimage"},"image":{"@id":"https:\/\/www.biocabaz.pt\/web\/produto\/gengibre-cristalizado-125g\/#primaryimage"},"thumbnailUrl":"https:\/\/www.biocabaz.pt\/web\/wp-conteudos\/uploads\/2016\/04\/secos-gengibre-e1574205110617.jpg","datePublished":"2016-04-08T09:58:41+00:00","dateModified":"2020-08-21T16:23:55+00:00","breadcrumb":{"@id":"https:\/\/www.biocabaz.pt\/web\/produto\/gengibre-cristalizado-125g\/#breadcrumb"},"inLanguage":"pt-PT","potentialAction":[{"@type":"ReadAction","target":["https:\/\/www.biocabaz.pt\/web\/produto\/gengibre-cristalizado-125g\/"]}]},{"@type":"ImageObject","inLanguage":"pt-PT","@id":"https:\/\/www.biocabaz.pt\/web\/produto\/gengibre-cristalizado-125g\/#primaryimage","url":"https:\/\/www.biocabaz.pt\/web\/wp-conteudos\/uploads\/2016\/04\/secos-gengibre-e1574205110617.jpg","contentUrl":"https:\/\/www.biocabaz.pt\/web\/wp-conteudos\/uploads\/2016\/04\/secos-gengibre-e1574205110617.jpg","width":500,"height":333,"caption":"gengibre cristalizado bio"},{"@type":"BreadcrumbList","@id":"https:\/\/www.biocabaz.pt\/web\/produto\/gengibre-cristalizado-125g\/#breadcrumb","itemListElement":[{"@type":"ListItem","position":1,"name":"Home","item":"https:\/\/biocabaz.pt\/web\/"},{"@type":"ListItem","position":2,"name":"Shop","item":"https:\/\/www.biocabaz.pt\/web\/en\/shop\/"},{"@type":"ListItem","position":3,"name":"GENGIBRE CRISTALIZADO BIO"}]},{"@type":"WebSite","@id":"https:\/\/biocabaz.pt\/web\/#website","url":"https:\/\/biocabaz.pt\/web\/","name":"BIOCABAZ - CABAZES BIOL\u00d3GICOS","description":"O melhor que a terra d\u00e1 \u00e9 para si","potentialAction":[{"@type":"SearchAction","target":{"@type":"EntryPoint","urlTemplate":"https:\/\/biocabaz.pt\/web\/?s={search_term_string}"},"query-input":{"@type":"PropertyValueSpecification","valueRequired":true,"valueName":"search_term_string"}}],"inLanguage":"pt-PT"}]}},"_links":{"self":[{"href":"https:\/\/www.biocabaz.pt\/web\/wp-json\/wp\/v2\/product\/739","targetHints":{"allow":["GET"]}}],"collection":[{"href":"https:\/\/www.biocabaz.pt\/web\/wp-json\/wp\/v2\/product"}],"about":[{"href":"https:\/\/www.biocabaz.pt\/web\/wp-json\/wp\/v2\/types\/product"}],"replies":[{"embeddable":true,"href":"https:\/\/www.biocabaz.pt\/web\/wp-json\/wp\/v2\/comments?post=739"}],"wp:featuredmedia":[{"embeddable":true,"href":"https:\/\/www.biocabaz.pt\/web\/wp-json\/wp\/v2\/media\/1352"}],"wp:attachment":[{"href":"https:\/\/www.biocabaz.pt\/web\/wp-json\/wp\/v2\/media?parent=739"}],"wp:term":[{"taxonomy":"product_cat","embeddable":true,"href":"https:\/\/www.biocabaz.pt\/web\/wp-json\/wp\/v2\/product_cat?post=739"},{"taxonomy":"product_tag","embeddable":true,"href":"https:\/\/www.biocabaz.pt\/web\/wp-json\/wp\/v2\/product_tag?post=739"}],"curies":[{"name":"wp","href":"https:\/\/api.w.org\/{rel}","templated":true}]}}