{"id":725,"date":"2016-04-08T09:58:21","date_gmt":"2016-04-08T09:58:21","guid":{"rendered":"http:\/\/www.biocabaz.com\/web\/produto\/mel-rosmaninho-top-down-500g-apiagro\/"},"modified":"2024-07-08T10:56:51","modified_gmt":"2024-07-08T10:56:51","slug":"mel-rosmaninho-top-down-500g-apiagro","status":"publish","type":"product","link":"https:\/\/www.biocabaz.pt\/web\/produto\/mel-rosmaninho-top-down-500g-apiagro\/","title":{"rendered":"MEL ROSMANINHO BIO TOP DOWN 450G CASA DOS MONTES"},"content":{"rendered":"<p><strong>Descri\u00e7\u00e3o <\/strong><br \/>\nIngredientes: mel de rosmaninho, produzido em Torres Vedras, Portugal.<\/p>\n<p><strong>Dados Nutricionais<\/strong><br \/>\nDeclara\u00e7\u00e3o Nutricional por 100g:<br \/>\nEnergia: 1416 kJ\/333kcal;<br \/>\nL\u00edpidos: <0,02g;\ndos quais saturados: <0,03;\nHidratos de carbono: 83,1g - dos quais a\u00e7\u00facares: 79,3g;\nProte\u00ednas: 0,2g;\nSal: 0,015g\n\n<strong>Modo Utiliza\u00e7\u00e3o<\/strong><br \/>\nConservar em local seco e fresco.<\/p>\n","protected":false},"excerpt":{"rendered":"<p>Descri\u00e7\u00e3o Ingredientes: mel de rosmaninho, produzido em Torres Vedras, Portugal. Dados Nutricionais Declara\u00e7\u00e3o Nutricional por 100g: Energia: 1416 kJ\/333kcal; L\u00edpidos:<\/p>\n","protected":false},"featured_media":73861,"comment_status":"closed","ping_status":"closed","template":"","meta":[],"product_cat":[32],"product_tag":[],"class_list":["post-725","product","type-product","status-publish","has-post-thumbnail","hentry","product_cat-compotas-e-mel"],"bundle_layout":"","bundled_by":[],"bundled_items":[],"yoast_head":"<!-- This site is optimized with the Yoast SEO plugin v26.3 - https:\/\/yoast.com\/wordpress\/plugins\/seo\/ -->\n<title>MEL ROSMANINHO BIO TOP DOWN 450G CASA DOS MONTES<\/title>\n<meta name=\"description\" content=\"MEL ROSMANINHO BIO TOP DOWN 500G APIAGRO\" \/>\n<meta name=\"robots\" content=\"index, follow, max-snippet:-1, max-image-preview:large, max-video-preview:-1\" \/>\n<link rel=\"canonical\" href=\"https:\/\/www.biocabaz.pt\/web\/produto\/mel-rosmaninho-top-down-500g-apiagro\/\" \/>\n<meta property=\"og:locale\" content=\"pt_PT\" \/>\n<meta property=\"og:locale:alternate\" content=\"en_US\" \/>\n<meta property=\"og:type\" content=\"article\" \/>\n<meta property=\"og:title\" content=\"MEL ROSMANINHO BIO TOP DOWN 500G APIAGRO\" \/>\n<meta property=\"og:description\" content=\"Mel biologico\" \/>\n<meta property=\"og:url\" content=\"https:\/\/www.biocabaz.pt\/web\/produto\/mel-rosmaninho-top-down-500g-apiagro\/\" \/>\n<meta property=\"og:site_name\" content=\"BIOCABAZ - CABAZES BIOL\u00d3GICOS\" \/>\n<meta property=\"article:modified_time\" content=\"2024-07-08T10:56:51+00:00\" \/>\n<meta name=\"twitter:card\" content=\"summary_large_image\" \/>\n<meta name=\"twitter:image\" content=\"https:\/\/www.biocabaz.pt\/web\/wp-conteudos\/uploads\/2016\/04\/mel-de-rosmaninho-top-down-bio-casa-dos-montes.jpg\" \/>\n<script type=\"application\/ld+json\" class=\"yoast-schema-graph\">{\"@context\":\"https:\/\/schema.org\",\"@graph\":[{\"@type\":\"WebPage\",\"@id\":\"https:\/\/www.biocabaz.pt\/web\/en\/produto\/mel-rosmaninho-top-down-500g-apiagro\/\",\"url\":\"https:\/\/www.biocabaz.pt\/web\/en\/produto\/mel-rosmaninho-top-down-500g-apiagro\/\",\"name\":\"MEL ROSMANINHO BIO TOP DOWN 450G CASA DOS MONTES\",\"isPartOf\":{\"@id\":\"https:\/\/biocabaz.pt\/web\/en\/#website\"},\"primaryImageOfPage\":{\"@id\":\"https:\/\/www.biocabaz.pt\/web\/en\/produto\/mel-rosmaninho-top-down-500g-apiagro\/#primaryimage\"},\"image\":{\"@id\":\"https:\/\/www.biocabaz.pt\/web\/en\/produto\/mel-rosmaninho-top-down-500g-apiagro\/#primaryimage\"},\"thumbnailUrl\":\"https:\/\/www.biocabaz.pt\/web\/wp-conteudos\/uploads\/2016\/04\/mel-de-rosmaninho-top-down-bio-casa-dos-montes.jpg\",\"datePublished\":\"2016-04-08T09:58:21+00:00\",\"dateModified\":\"2024-07-08T10:56:51+00:00\",\"description\":\"MEL ROSMANINHO BIO TOP DOWN 500G APIAGRO\",\"breadcrumb\":{\"@id\":\"https:\/\/www.biocabaz.pt\/web\/en\/produto\/mel-rosmaninho-top-down-500g-apiagro\/#breadcrumb\"},\"inLanguage\":\"pt-PT\",\"potentialAction\":[{\"@type\":\"ReadAction\",\"target\":[\"https:\/\/www.biocabaz.pt\/web\/en\/produto\/mel-rosmaninho-top-down-500g-apiagro\/\"]}]},{\"@type\":\"ImageObject\",\"inLanguage\":\"pt-PT\",\"@id\":\"https:\/\/www.biocabaz.pt\/web\/en\/produto\/mel-rosmaninho-top-down-500g-apiagro\/#primaryimage\",\"url\":\"https:\/\/www.biocabaz.pt\/web\/wp-conteudos\/uploads\/2016\/04\/mel-de-rosmaninho-top-down-bio-casa-dos-montes.jpg\",\"contentUrl\":\"https:\/\/www.biocabaz.pt\/web\/wp-conteudos\/uploads\/2016\/04\/mel-de-rosmaninho-top-down-bio-casa-dos-montes.jpg\",\"width\":357,\"height\":280},{\"@type\":\"BreadcrumbList\",\"@id\":\"https:\/\/www.biocabaz.pt\/web\/en\/produto\/mel-rosmaninho-top-down-500g-apiagro\/#breadcrumb\",\"itemListElement\":[{\"@type\":\"ListItem\",\"position\":1,\"name\":\"Home\",\"item\":\"https:\/\/biocabaz.pt\/web\/en\/\"},{\"@type\":\"ListItem\",\"position\":2,\"name\":\"Shop\",\"item\":\"https:\/\/biocabaz.pt\/web\/en\/shop\/\"},{\"@type\":\"ListItem\",\"position\":3,\"name\":\"APIAGRO TOP DOWN ROSEMARY HONEY 500GR\"}]},{\"@type\":\"WebSite\",\"@id\":\"https:\/\/biocabaz.pt\/web\/en\/#website\",\"url\":\"https:\/\/biocabaz.pt\/web\/en\/\",\"name\":\"BIOCABAZ - CABAZES BIOL\u00d3GICOS\",\"description\":\"O melhor que a terra d\u00e1 \u00e9 para si\",\"potentialAction\":[{\"@type\":\"SearchAction\",\"target\":{\"@type\":\"EntryPoint\",\"urlTemplate\":\"https:\/\/biocabaz.pt\/web\/en\/?s={search_term_string}\"},\"query-input\":{\"@type\":\"PropertyValueSpecification\",\"valueRequired\":true,\"valueName\":\"search_term_string\"}}],\"inLanguage\":\"pt-PT\"}]}<\/script>\n<!-- \/ Yoast SEO plugin. -->","yoast_head_json":{"title":"MEL ROSMANINHO BIO TOP DOWN 450G CASA DOS MONTES","description":"MEL ROSMANINHO BIO TOP DOWN 500G APIAGRO","robots":{"index":"index","follow":"follow","max-snippet":"max-snippet:-1","max-image-preview":"max-image-preview:large","max-video-preview":"max-video-preview:-1"},"canonical":"https:\/\/www.biocabaz.pt\/web\/produto\/mel-rosmaninho-top-down-500g-apiagro\/","og_locale":"pt_PT","og_type":"article","og_title":"MEL ROSMANINHO BIO TOP DOWN 500G APIAGRO","og_description":"Mel biologico","og_url":"https:\/\/www.biocabaz.pt\/web\/produto\/mel-rosmaninho-top-down-500g-apiagro\/","og_site_name":"BIOCABAZ - CABAZES BIOL\u00d3GICOS","article_modified_time":"2024-07-08T10:56:51+00:00","twitter_card":"summary_large_image","twitter_image":"https:\/\/www.biocabaz.pt\/web\/wp-conteudos\/uploads\/2016\/04\/mel-de-rosmaninho-top-down-bio-casa-dos-montes.jpg","schema":{"@context":"https:\/\/schema.org","@graph":[{"@type":"WebPage","@id":"https:\/\/www.biocabaz.pt\/web\/en\/produto\/mel-rosmaninho-top-down-500g-apiagro\/","url":"https:\/\/www.biocabaz.pt\/web\/en\/produto\/mel-rosmaninho-top-down-500g-apiagro\/","name":"MEL ROSMANINHO BIO TOP DOWN 450G CASA DOS MONTES","isPartOf":{"@id":"https:\/\/biocabaz.pt\/web\/en\/#website"},"primaryImageOfPage":{"@id":"https:\/\/www.biocabaz.pt\/web\/en\/produto\/mel-rosmaninho-top-down-500g-apiagro\/#primaryimage"},"image":{"@id":"https:\/\/www.biocabaz.pt\/web\/en\/produto\/mel-rosmaninho-top-down-500g-apiagro\/#primaryimage"},"thumbnailUrl":"https:\/\/www.biocabaz.pt\/web\/wp-conteudos\/uploads\/2016\/04\/mel-de-rosmaninho-top-down-bio-casa-dos-montes.jpg","datePublished":"2016-04-08T09:58:21+00:00","dateModified":"2024-07-08T10:56:51+00:00","description":"MEL ROSMANINHO BIO TOP DOWN 500G APIAGRO","breadcrumb":{"@id":"https:\/\/www.biocabaz.pt\/web\/en\/produto\/mel-rosmaninho-top-down-500g-apiagro\/#breadcrumb"},"inLanguage":"pt-PT","potentialAction":[{"@type":"ReadAction","target":["https:\/\/www.biocabaz.pt\/web\/en\/produto\/mel-rosmaninho-top-down-500g-apiagro\/"]}]},{"@type":"ImageObject","inLanguage":"pt-PT","@id":"https:\/\/www.biocabaz.pt\/web\/en\/produto\/mel-rosmaninho-top-down-500g-apiagro\/#primaryimage","url":"https:\/\/www.biocabaz.pt\/web\/wp-conteudos\/uploads\/2016\/04\/mel-de-rosmaninho-top-down-bio-casa-dos-montes.jpg","contentUrl":"https:\/\/www.biocabaz.pt\/web\/wp-conteudos\/uploads\/2016\/04\/mel-de-rosmaninho-top-down-bio-casa-dos-montes.jpg","width":357,"height":280},{"@type":"BreadcrumbList","@id":"https:\/\/www.biocabaz.pt\/web\/en\/produto\/mel-rosmaninho-top-down-500g-apiagro\/#breadcrumb","itemListElement":[{"@type":"ListItem","position":1,"name":"Home","item":"https:\/\/biocabaz.pt\/web\/en\/"},{"@type":"ListItem","position":2,"name":"Shop","item":"https:\/\/biocabaz.pt\/web\/en\/shop\/"},{"@type":"ListItem","position":3,"name":"APIAGRO TOP DOWN ROSEMARY HONEY 500GR"}]},{"@type":"WebSite","@id":"https:\/\/biocabaz.pt\/web\/en\/#website","url":"https:\/\/biocabaz.pt\/web\/en\/","name":"BIOCABAZ - CABAZES BIOL\u00d3GICOS","description":"O melhor que a terra d\u00e1 \u00e9 para si","potentialAction":[{"@type":"SearchAction","target":{"@type":"EntryPoint","urlTemplate":"https:\/\/biocabaz.pt\/web\/en\/?s={search_term_string}"},"query-input":{"@type":"PropertyValueSpecification","valueRequired":true,"valueName":"search_term_string"}}],"inLanguage":"pt-PT"}]}},"_links":{"self":[{"href":"https:\/\/www.biocabaz.pt\/web\/wp-json\/wp\/v2\/product\/725","targetHints":{"allow":["GET"]}}],"collection":[{"href":"https:\/\/www.biocabaz.pt\/web\/wp-json\/wp\/v2\/product"}],"about":[{"href":"https:\/\/www.biocabaz.pt\/web\/wp-json\/wp\/v2\/types\/product"}],"replies":[{"embeddable":true,"href":"https:\/\/www.biocabaz.pt\/web\/wp-json\/wp\/v2\/comments?post=725"}],"wp:featuredmedia":[{"embeddable":true,"href":"https:\/\/www.biocabaz.pt\/web\/wp-json\/wp\/v2\/media\/73861"}],"wp:attachment":[{"href":"https:\/\/www.biocabaz.pt\/web\/wp-json\/wp\/v2\/media?parent=725"}],"wp:term":[{"taxonomy":"product_cat","embeddable":true,"href":"https:\/\/www.biocabaz.pt\/web\/wp-json\/wp\/v2\/product_cat?post=725"},{"taxonomy":"product_tag","embeddable":true,"href":"https:\/\/www.biocabaz.pt\/web\/wp-json\/wp\/v2\/product_tag?post=725"}],"curies":[{"name":"wp","href":"https:\/\/api.w.org\/{rel}","templated":true}]}}