{"id":679,"date":"2016-04-08T09:57:19","date_gmt":"2016-04-08T09:57:19","guid":{"rendered":"http:\/\/www.biocabaz.com\/web\/produto\/queijo-ralado-150g-andechser\/"},"modified":"2023-03-28T22:46:25","modified_gmt":"2023-03-28T22:46:25","slug":"queijo-ralado-150g-andechser","status":"publish","type":"product","link":"https:\/\/www.biocabaz.pt\/web\/produto\/queijo-ralado-150g-andechser\/","title":{"rendered":"QUEIJO RALADO BIO 150G ANDECHSER"},"content":{"rendered":"<p><strong>Descri\u00e7\u00e3o <\/strong><br \/>\n\t\t\t\tIngredientes: queijo de corte*, queijo* semiduro, antiaglomerante: amido de milho*.<br \/>\n*de agricultura biol\u00f3gica controlada. Alerg\u00e9nio: LEITE.<\/p>\n<p><strong>Dados Nutricionais<\/strong><br \/>\n\t\t\t\tDeclara\u00e7\u00e3o Nutricional por 100g:<br \/> Energia: 1439kj \/ 347kcal;<br \/> L\u00edpidos: 28,5gr &#8211; dos quais saturados: 18,1gr;<br \/> Hidratos de carbono: <0,1gr - dos quais a\u00e7ucares: <0,1gr;<br \/> Prote\u00edna: 22,6gr;<br \/> Sal: 1,8gr.<\/p>\n<p><strong>Modo Utiliza\u00e7\u00e3o<\/strong><br \/>Conservar entre 2\u00ba\/8\u00baC.<\/p>\n","protected":false},"excerpt":{"rendered":"<p>Descri\u00e7\u00e3o Ingredientes: queijo de corte*, queijo* semiduro, antiaglomerante: amido de milho*. *de agricultura biol\u00f3gica controlada. Alerg\u00e9nio: LEITE. Dados Nutricionais Declara\u00e7\u00e3o Nutricional por 100g: Energia: 1439kj \/ 347kcal; L\u00edpidos: 28,5gr &#8211; dos quais saturados: 18,1gr; Hidratos de carbono:<\/p>\n","protected":false},"featured_media":1299,"comment_status":"closed","ping_status":"closed","template":"","meta":[],"product_cat":[37],"product_tag":[],"class_list":["post-679","product","type-product","status-publish","has-post-thumbnail","hentry","product_cat-queijos-e-natas"],"bundle_layout":"","bundled_by":[],"bundled_items":[],"yoast_head":"<!-- This site is optimized with the Yoast SEO plugin v26.3 - https:\/\/yoast.com\/wordpress\/plugins\/seo\/ -->\n<title>QUEIJO RALADO BIO 150G ANDECHSER<\/title>\n<meta name=\"robots\" content=\"index, follow, max-snippet:-1, max-image-preview:large, max-video-preview:-1\" \/>\n<link rel=\"canonical\" href=\"https:\/\/www.biocabaz.pt\/web\/produto\/queijo-ralado-150g-andechser\/\" \/>\n<meta property=\"og:locale\" content=\"pt_PT\" \/>\n<meta property=\"og:locale:alternate\" content=\"en_US\" \/>\n<meta property=\"og:type\" content=\"article\" \/>\n<meta property=\"og:title\" content=\"QUEIJO RALADO BIO 150G ANDECHSER\" \/>\n<meta property=\"og:description\" content=\"Descri\u00e7\u00e3o Ingredientes: queijo de corte*, queijo* semiduro, antiaglomerante: amido de milho*. *de agricultura biol\u00f3gica controlada. Alerg\u00e9nio: LEITE. Dados Nutricionais Declara\u00e7\u00e3o Nutricional por 100g: Energia: 1439kj \/ 347kcal; L\u00edpidos: 28,5gr &#8211; dos quais saturados: 18,1gr; Hidratos de carbono:\" \/>\n<meta property=\"og:url\" content=\"https:\/\/www.biocabaz.pt\/web\/produto\/queijo-ralado-150g-andechser\/\" \/>\n<meta property=\"og:site_name\" content=\"BIOCABAZ - CABAZES BIOL\u00d3GICOS\" \/>\n<meta property=\"article:modified_time\" content=\"2023-03-28T22:46:25+00:00\" \/>\n<meta property=\"og:image\" content=\"https:\/\/www.biocabaz.pt\/web\/wp-conteudos\/uploads\/2016\/04\/queijo-ralado.jpg\" \/>\n\t<meta property=\"og:image:width\" content=\"317\" \/>\n\t<meta property=\"og:image:height\" content=\"362\" \/>\n\t<meta property=\"og:image:type\" content=\"image\/jpeg\" \/>\n<meta name=\"twitter:card\" content=\"summary_large_image\" \/>\n<meta name=\"twitter:label1\" content=\"Est. reading time\" \/>\n\t<meta name=\"twitter:data1\" content=\"1 minuto\" \/>\n<script type=\"application\/ld+json\" class=\"yoast-schema-graph\">{\"@context\":\"https:\/\/schema.org\",\"@graph\":[{\"@type\":\"WebPage\",\"@id\":\"https:\/\/www.biocabaz.pt\/web\/en\/produto\/queijo-ralado-150g-andechser\/\",\"url\":\"https:\/\/www.biocabaz.pt\/web\/en\/produto\/queijo-ralado-150g-andechser\/\",\"name\":\"QUEIJO RALADO BIO 150G ANDECHSER\",\"isPartOf\":{\"@id\":\"https:\/\/www.biocabaz.pt\/web\/en\/#website\"},\"primaryImageOfPage\":{\"@id\":\"https:\/\/www.biocabaz.pt\/web\/en\/produto\/queijo-ralado-150g-andechser\/#primaryimage\"},\"image\":{\"@id\":\"https:\/\/www.biocabaz.pt\/web\/en\/produto\/queijo-ralado-150g-andechser\/#primaryimage\"},\"thumbnailUrl\":\"https:\/\/www.biocabaz.pt\/web\/wp-conteudos\/uploads\/2016\/04\/queijo-ralado.jpg\",\"datePublished\":\"2016-04-08T09:57:19+00:00\",\"dateModified\":\"2023-03-28T22:46:25+00:00\",\"breadcrumb\":{\"@id\":\"https:\/\/www.biocabaz.pt\/web\/en\/produto\/queijo-ralado-150g-andechser\/#breadcrumb\"},\"inLanguage\":\"pt-PT\",\"potentialAction\":[{\"@type\":\"ReadAction\",\"target\":[\"https:\/\/www.biocabaz.pt\/web\/en\/produto\/queijo-ralado-150g-andechser\/\"]}]},{\"@type\":\"ImageObject\",\"inLanguage\":\"pt-PT\",\"@id\":\"https:\/\/www.biocabaz.pt\/web\/en\/produto\/queijo-ralado-150g-andechser\/#primaryimage\",\"url\":\"https:\/\/www.biocabaz.pt\/web\/wp-conteudos\/uploads\/2016\/04\/queijo-ralado.jpg\",\"contentUrl\":\"https:\/\/www.biocabaz.pt\/web\/wp-conteudos\/uploads\/2016\/04\/queijo-ralado.jpg\",\"width\":317,\"height\":362},{\"@type\":\"BreadcrumbList\",\"@id\":\"https:\/\/www.biocabaz.pt\/web\/en\/produto\/queijo-ralado-150g-andechser\/#breadcrumb\",\"itemListElement\":[{\"@type\":\"ListItem\",\"position\":1,\"name\":\"Home\",\"item\":\"https:\/\/www.biocabaz.pt\/web\/en\/\"},{\"@type\":\"ListItem\",\"position\":2,\"name\":\"Shop\",\"item\":\"https:\/\/www.biocabaz.pt\/web\/en\/shop\/\"},{\"@type\":\"ListItem\",\"position\":3,\"name\":\"ANDECHSER NATUR ORGANIC GRATED CHEESE 45% 150GR\"}]},{\"@type\":\"WebSite\",\"@id\":\"https:\/\/www.biocabaz.pt\/web\/en\/#website\",\"url\":\"https:\/\/www.biocabaz.pt\/web\/en\/\",\"name\":\"BIOCABAZ - CABAZES BIOL\u00d3GICOS\",\"description\":\"O melhor que a terra d\u00e1 \u00e9 para si\",\"potentialAction\":[{\"@type\":\"SearchAction\",\"target\":{\"@type\":\"EntryPoint\",\"urlTemplate\":\"https:\/\/www.biocabaz.pt\/web\/en\/?s={search_term_string}\"},\"query-input\":{\"@type\":\"PropertyValueSpecification\",\"valueRequired\":true,\"valueName\":\"search_term_string\"}}],\"inLanguage\":\"pt-PT\"}]}<\/script>\n<!-- \/ Yoast SEO plugin. -->","yoast_head_json":{"title":"QUEIJO RALADO BIO 150G ANDECHSER","robots":{"index":"index","follow":"follow","max-snippet":"max-snippet:-1","max-image-preview":"max-image-preview:large","max-video-preview":"max-video-preview:-1"},"canonical":"https:\/\/www.biocabaz.pt\/web\/produto\/queijo-ralado-150g-andechser\/","og_locale":"pt_PT","og_type":"article","og_title":"[:en]ANDECHSER NATUR ORGANIC GRATED CHEESE 45% 150GR[:pt]QUEIJO RALADO BIO 150G ANDECHSER[:] - BIOCABAZ - CABAZES BIOL\u00d3GICOS","og_description":"Descri\u00e7\u00e3o Ingredientes: queijo de corte*, queijo* semiduro, antiaglomerante: amido de milho*. *de agricultura biol\u00f3gica controlada. Alerg\u00e9nio: LEITE. Dados Nutricionais Declara\u00e7\u00e3o Nutricional por 100g: Energia: 1439kj \/ 347kcal; L\u00edpidos: 28,5gr &#8211; dos quais saturados: 18,1gr; Hidratos de carbono:","og_url":"https:\/\/www.biocabaz.pt\/web\/produto\/queijo-ralado-150g-andechser\/","og_site_name":"BIOCABAZ - CABAZES BIOL\u00d3GICOS","article_modified_time":"2023-03-28T22:46:25+00:00","og_image":[{"width":317,"height":362,"url":"https:\/\/www.biocabaz.pt\/web\/wp-conteudos\/uploads\/2016\/04\/queijo-ralado.jpg","type":"image\/jpeg"}],"twitter_card":"summary_large_image","twitter_misc":{"Est. reading time":"1 minuto"},"schema":{"@context":"https:\/\/schema.org","@graph":[{"@type":"WebPage","@id":"https:\/\/www.biocabaz.pt\/web\/en\/produto\/queijo-ralado-150g-andechser\/","url":"https:\/\/www.biocabaz.pt\/web\/en\/produto\/queijo-ralado-150g-andechser\/","name":"QUEIJO RALADO BIO 150G ANDECHSER","isPartOf":{"@id":"https:\/\/www.biocabaz.pt\/web\/en\/#website"},"primaryImageOfPage":{"@id":"https:\/\/www.biocabaz.pt\/web\/en\/produto\/queijo-ralado-150g-andechser\/#primaryimage"},"image":{"@id":"https:\/\/www.biocabaz.pt\/web\/en\/produto\/queijo-ralado-150g-andechser\/#primaryimage"},"thumbnailUrl":"https:\/\/www.biocabaz.pt\/web\/wp-conteudos\/uploads\/2016\/04\/queijo-ralado.jpg","datePublished":"2016-04-08T09:57:19+00:00","dateModified":"2023-03-28T22:46:25+00:00","breadcrumb":{"@id":"https:\/\/www.biocabaz.pt\/web\/en\/produto\/queijo-ralado-150g-andechser\/#breadcrumb"},"inLanguage":"pt-PT","potentialAction":[{"@type":"ReadAction","target":["https:\/\/www.biocabaz.pt\/web\/en\/produto\/queijo-ralado-150g-andechser\/"]}]},{"@type":"ImageObject","inLanguage":"pt-PT","@id":"https:\/\/www.biocabaz.pt\/web\/en\/produto\/queijo-ralado-150g-andechser\/#primaryimage","url":"https:\/\/www.biocabaz.pt\/web\/wp-conteudos\/uploads\/2016\/04\/queijo-ralado.jpg","contentUrl":"https:\/\/www.biocabaz.pt\/web\/wp-conteudos\/uploads\/2016\/04\/queijo-ralado.jpg","width":317,"height":362},{"@type":"BreadcrumbList","@id":"https:\/\/www.biocabaz.pt\/web\/en\/produto\/queijo-ralado-150g-andechser\/#breadcrumb","itemListElement":[{"@type":"ListItem","position":1,"name":"Home","item":"https:\/\/www.biocabaz.pt\/web\/en\/"},{"@type":"ListItem","position":2,"name":"Shop","item":"https:\/\/www.biocabaz.pt\/web\/en\/shop\/"},{"@type":"ListItem","position":3,"name":"ANDECHSER NATUR ORGANIC GRATED CHEESE 45% 150GR"}]},{"@type":"WebSite","@id":"https:\/\/www.biocabaz.pt\/web\/en\/#website","url":"https:\/\/www.biocabaz.pt\/web\/en\/","name":"BIOCABAZ - CABAZES BIOL\u00d3GICOS","description":"O melhor que a terra d\u00e1 \u00e9 para si","potentialAction":[{"@type":"SearchAction","target":{"@type":"EntryPoint","urlTemplate":"https:\/\/www.biocabaz.pt\/web\/en\/?s={search_term_string}"},"query-input":{"@type":"PropertyValueSpecification","valueRequired":true,"valueName":"search_term_string"}}],"inLanguage":"pt-PT"}]}},"_links":{"self":[{"href":"https:\/\/www.biocabaz.pt\/web\/wp-json\/wp\/v2\/product\/679","targetHints":{"allow":["GET"]}}],"collection":[{"href":"https:\/\/www.biocabaz.pt\/web\/wp-json\/wp\/v2\/product"}],"about":[{"href":"https:\/\/www.biocabaz.pt\/web\/wp-json\/wp\/v2\/types\/product"}],"replies":[{"embeddable":true,"href":"https:\/\/www.biocabaz.pt\/web\/wp-json\/wp\/v2\/comments?post=679"}],"wp:featuredmedia":[{"embeddable":true,"href":"https:\/\/www.biocabaz.pt\/web\/wp-json\/wp\/v2\/media\/1299"}],"wp:attachment":[{"href":"https:\/\/www.biocabaz.pt\/web\/wp-json\/wp\/v2\/media?parent=679"}],"wp:term":[{"taxonomy":"product_cat","embeddable":true,"href":"https:\/\/www.biocabaz.pt\/web\/wp-json\/wp\/v2\/product_cat?post=679"},{"taxonomy":"product_tag","embeddable":true,"href":"https:\/\/www.biocabaz.pt\/web\/wp-json\/wp\/v2\/product_tag?post=679"}],"curies":[{"name":"wp","href":"https:\/\/api.w.org\/{rel}","templated":true}]}}