{"id":55435,"date":"2020-10-30T12:12:35","date_gmt":"2020-10-30T12:12:35","guid":{"rendered":"https:\/\/www.biocabaz.pt\/web\/?post_type=product&#038;p=55435"},"modified":"2022-10-02T08:13:46","modified_gmt":"2022-10-02T08:13:46","slug":"pure-fruta-doypack-pera-s-gluten-bio","status":"publish","type":"product","link":"https:\/\/www.biocabaz.pt\/web\/produto\/pure-fruta-doypack-pera-s-gluten-bio\/","title":{"rendered":"Pur\u00e9 Fruta\/Doypack Pera S\/Gl\u00faten BIO 100g"},"content":{"rendered":"<h3><strong>DESCRI\u00c7\u00c3O<\/strong><\/h3>\n<p>100% Pur\u00e9 de fruta Pera BIO 100g, Ingrediente: Pera de produ\u00e7\u00e3o biol\u00f3gica, IT-BIO-007, Agricultura It\u00e1lia, Distribui\u00e7\u00e3o controlada por Certiplanet PT-BIO-04. Sem conservantes, aromas. Sem a\u00e7\u00facares adicionados cont\u00e9m a\u00e7\u00facares naturalmente presentes. Oferece uma forma pr\u00e1tica e inovadora de consumir frutas de qualidade. Naturalmente isento de gl\u00faten. Vegan.<\/p>\n<h3><strong>DADOS NUTRICIONAIS<\/strong><\/h3>\n<p>Declara\u00e7\u00e3o Nutricional por 100g: Energia- 270kJ\/64kcal; L\u00edpidos- 0,2g, dos quais saturados-<0,01; Hidratos de Carbono- 14,0g, dos quais a\u00e7\u00facares- 14,0g; Fibra- 2,0g; Prote\u00ednas- 0,5g; Sal - <0,01g.\n\n\n<h3><strong>MODO DE UTILIZA\u00c7\u00c3O<\/strong><\/h3>\n<p>Pronto a consumir a qualquer hora do dia ou como complemento \u00e0 sua refei\u00e7\u00e3o. CONVERSAR EM LOCAL SECO E FRESCO. UMA VEZ ABERTA A EMBALAGEM CONSERVAR NO FRIGOR\u00cdFICO E CONSUMIR EM 24 HORAS. N\u00e3o permita que as crian\u00e7as brinquem com a tampa sem supervis\u00e3o.<\/p>\n","protected":false},"excerpt":{"rendered":"<p>DESCRI\u00c7\u00c3O 100% Pur\u00e9 de fruta Pera BIO 100g, Ingrediente: Pera de produ\u00e7\u00e3o biol\u00f3gica, IT-BIO-007, Agricultura It\u00e1lia, Distribui\u00e7\u00e3o controlada por Certiplanet PT-BIO-04. Sem conservantes, aromas. Sem a\u00e7\u00facares adicionados cont\u00e9m a\u00e7\u00facares naturalmente presentes. Oferece uma forma pr\u00e1tica e inovadora de consumir frutas de qualidade. Naturalmente isento de gl\u00faten. Vegan. DADOS NUTRICIONAIS Declara\u00e7\u00e3o Nutricional por 100g: Energia- 270kJ\/64kcal; [&hellip;]<\/p>\n","protected":false},"featured_media":55436,"comment_status":"closed","ping_status":"closed","template":"","meta":[],"product_cat":[61,54],"product_tag":[],"class_list":["post-55435","product","type-product","status-publish","has-post-thumbnail","hentry","product_cat-sumos-snacks","product_cat-alimentos-sem-gluten"],"bundle_layout":"","bundled_by":[],"bundled_items":[],"yoast_head":"<!-- This site is optimized with the Yoast SEO plugin v26.3 - https:\/\/yoast.com\/wordpress\/plugins\/seo\/ -->\n<title>Pur\u00e9 Fruta\/Doypack Pera S\/Gl\u00faten BIO 100g<\/title>\n<meta name=\"description\" content=\"Pur\u00e9 Fruta\/Doypack Pera S\/Gl\u00faten BIO 100g\" \/>\n<meta name=\"robots\" content=\"index, follow, max-snippet:-1, max-image-preview:large, max-video-preview:-1\" \/>\n<link rel=\"canonical\" href=\"https:\/\/biocabaz.pt\/web\/en\/produto\/pure-fruta-doypack-pera-s-gluten-bio\/\" \/>\n<meta property=\"og:locale\" content=\"pt_PT\" \/>\n<meta property=\"og:locale:alternate\" content=\"en_US\" \/>\n<meta property=\"og:type\" content=\"article\" \/>\n<meta property=\"og:title\" content=\"Pur\u00e9 Fruta\/Doypack Pera S\/Gl\u00faten BIO 100g\" \/>\n<meta property=\"og:description\" content=\"Pur\u00e9 Fruta\/Doypack Pera S\/Gl\u00faten BIO 100g\" \/>\n<meta property=\"og:url\" content=\"https:\/\/www.biocabaz.pt\/web\/produto\/pure-fruta-doypack-pera-s-gluten-bio\/\" \/>\n<meta property=\"og:site_name\" content=\"BIOCABAZ - CABAZES BIOL\u00d3GICOS\" \/>\n<meta property=\"article:modified_time\" content=\"2022-10-02T08:13:46+00:00\" \/>\n<meta property=\"og:image\" content=\"https:\/\/www.biocabaz.pt\/web\/wp-conteudos\/uploads\/2020\/10\/pure-frutadoypack-pera-sgluten-bio-100g-e1604059943320.jpg\" \/>\n\t<meta property=\"og:image:width\" content=\"500\" \/>\n\t<meta property=\"og:image:height\" content=\"500\" \/>\n\t<meta property=\"og:image:type\" content=\"image\/jpeg\" \/>\n<meta name=\"twitter:card\" content=\"summary_large_image\" \/>\n<script type=\"application\/ld+json\" class=\"yoast-schema-graph\">{\"@context\":\"https:\/\/schema.org\",\"@graph\":[{\"@type\":\"WebPage\",\"@id\":\"https:\/\/biocabaz.pt\/web\/en\/produto\/pure-fruta-doypack-pera-s-gluten-bio\/\",\"url\":\"https:\/\/biocabaz.pt\/web\/en\/produto\/pure-fruta-doypack-pera-s-gluten-bio\/\",\"name\":\"Pur\u00e9 Fruta\/Doypack Pera S\/Gl\u00faten BIO 100g\",\"isPartOf\":{\"@id\":\"https:\/\/biocabaz.pt\/web\/#website\"},\"primaryImageOfPage\":{\"@id\":\"https:\/\/biocabaz.pt\/web\/en\/produto\/pure-fruta-doypack-pera-s-gluten-bio\/#primaryimage\"},\"image\":{\"@id\":\"https:\/\/biocabaz.pt\/web\/en\/produto\/pure-fruta-doypack-pera-s-gluten-bio\/#primaryimage\"},\"thumbnailUrl\":\"https:\/\/www.biocabaz.pt\/web\/wp-conteudos\/uploads\/2020\/10\/pure-frutadoypack-pera-sgluten-bio-100g-e1604059943320.jpg\",\"datePublished\":\"2020-10-30T12:12:35+00:00\",\"dateModified\":\"2022-10-02T08:13:46+00:00\",\"description\":\"Pur\u00e9 Fruta\/Doypack Pera S\/Gl\u00faten BIO 100g\",\"breadcrumb\":{\"@id\":\"https:\/\/biocabaz.pt\/web\/en\/produto\/pure-fruta-doypack-pera-s-gluten-bio\/#breadcrumb\"},\"inLanguage\":\"pt-PT\",\"potentialAction\":[{\"@type\":\"ReadAction\",\"target\":[\"https:\/\/biocabaz.pt\/web\/en\/produto\/pure-fruta-doypack-pera-s-gluten-bio\/\"]}]},{\"@type\":\"ImageObject\",\"inLanguage\":\"pt-PT\",\"@id\":\"https:\/\/biocabaz.pt\/web\/en\/produto\/pure-fruta-doypack-pera-s-gluten-bio\/#primaryimage\",\"url\":\"https:\/\/www.biocabaz.pt\/web\/wp-conteudos\/uploads\/2020\/10\/pure-frutadoypack-pera-sgluten-bio-100g-e1604059943320.jpg\",\"contentUrl\":\"https:\/\/www.biocabaz.pt\/web\/wp-conteudos\/uploads\/2020\/10\/pure-frutadoypack-pera-sgluten-bio-100g-e1604059943320.jpg\",\"width\":500,\"height\":500,\"caption\":\"Pur\u00e9 Fruta\/Doypack Pera S\/Gl\u00faten BIO 100g\"},{\"@type\":\"BreadcrumbList\",\"@id\":\"https:\/\/biocabaz.pt\/web\/en\/produto\/pure-fruta-doypack-pera-s-gluten-bio\/#breadcrumb\",\"itemListElement\":[{\"@type\":\"ListItem\",\"position\":1,\"name\":\"Home\",\"item\":\"https:\/\/biocabaz.pt\/web\/\"},{\"@type\":\"ListItem\",\"position\":2,\"name\":\"Loja\",\"item\":\"https:\/\/biocabaz.pt\/web\/shop\/\"},{\"@type\":\"ListItem\",\"position\":3,\"name\":\"DOYPACK GLUTEN-FREE PEAR PUREE\"}]},{\"@type\":\"WebSite\",\"@id\":\"https:\/\/biocabaz.pt\/web\/#website\",\"url\":\"https:\/\/biocabaz.pt\/web\/\",\"name\":\"BIOCABAZ - CABAZES BIOL\u00d3GICOS\",\"description\":\"O melhor que a terra d\u00e1 \u00e9 para si\",\"potentialAction\":[{\"@type\":\"SearchAction\",\"target\":{\"@type\":\"EntryPoint\",\"urlTemplate\":\"https:\/\/biocabaz.pt\/web\/?s={search_term_string}\"},\"query-input\":{\"@type\":\"PropertyValueSpecification\",\"valueRequired\":true,\"valueName\":\"search_term_string\"}}],\"inLanguage\":\"pt-PT\"}]}<\/script>\n<!-- \/ Yoast SEO plugin. -->","yoast_head_json":{"title":"Pur\u00e9 Fruta\/Doypack Pera S\/Gl\u00faten BIO 100g","description":"Pur\u00e9 Fruta\/Doypack Pera S\/Gl\u00faten BIO 100g","robots":{"index":"index","follow":"follow","max-snippet":"max-snippet:-1","max-image-preview":"max-image-preview:large","max-video-preview":"max-video-preview:-1"},"canonical":"https:\/\/biocabaz.pt\/web\/en\/produto\/pure-fruta-doypack-pera-s-gluten-bio\/","og_locale":"pt_PT","og_type":"article","og_title":"[:en]DOYPACK GLUTEN-FREE PEAR PUREE[:pt]Pur\u00e9 Fruta\/Doypack Pera S\/Gl\u00faten BIO 100g[:] - BIOCABAZ - CABAZES BIOL\u00d3GICOS","og_description":"Pur\u00e9 Fruta\/Doypack Pera S\/Gl\u00faten BIO 100g","og_url":"https:\/\/www.biocabaz.pt\/web\/produto\/pure-fruta-doypack-pera-s-gluten-bio\/","og_site_name":"BIOCABAZ - CABAZES BIOL\u00d3GICOS","article_modified_time":"2022-10-02T08:13:46+00:00","og_image":[{"width":500,"height":500,"url":"https:\/\/www.biocabaz.pt\/web\/wp-conteudos\/uploads\/2020\/10\/pure-frutadoypack-pera-sgluten-bio-100g-e1604059943320.jpg","type":"image\/jpeg"}],"twitter_card":"summary_large_image","schema":{"@context":"https:\/\/schema.org","@graph":[{"@type":"WebPage","@id":"https:\/\/biocabaz.pt\/web\/en\/produto\/pure-fruta-doypack-pera-s-gluten-bio\/","url":"https:\/\/biocabaz.pt\/web\/en\/produto\/pure-fruta-doypack-pera-s-gluten-bio\/","name":"Pur\u00e9 Fruta\/Doypack Pera S\/Gl\u00faten BIO 100g","isPartOf":{"@id":"https:\/\/biocabaz.pt\/web\/#website"},"primaryImageOfPage":{"@id":"https:\/\/biocabaz.pt\/web\/en\/produto\/pure-fruta-doypack-pera-s-gluten-bio\/#primaryimage"},"image":{"@id":"https:\/\/biocabaz.pt\/web\/en\/produto\/pure-fruta-doypack-pera-s-gluten-bio\/#primaryimage"},"thumbnailUrl":"https:\/\/www.biocabaz.pt\/web\/wp-conteudos\/uploads\/2020\/10\/pure-frutadoypack-pera-sgluten-bio-100g-e1604059943320.jpg","datePublished":"2020-10-30T12:12:35+00:00","dateModified":"2022-10-02T08:13:46+00:00","description":"Pur\u00e9 Fruta\/Doypack Pera S\/Gl\u00faten BIO 100g","breadcrumb":{"@id":"https:\/\/biocabaz.pt\/web\/en\/produto\/pure-fruta-doypack-pera-s-gluten-bio\/#breadcrumb"},"inLanguage":"pt-PT","potentialAction":[{"@type":"ReadAction","target":["https:\/\/biocabaz.pt\/web\/en\/produto\/pure-fruta-doypack-pera-s-gluten-bio\/"]}]},{"@type":"ImageObject","inLanguage":"pt-PT","@id":"https:\/\/biocabaz.pt\/web\/en\/produto\/pure-fruta-doypack-pera-s-gluten-bio\/#primaryimage","url":"https:\/\/www.biocabaz.pt\/web\/wp-conteudos\/uploads\/2020\/10\/pure-frutadoypack-pera-sgluten-bio-100g-e1604059943320.jpg","contentUrl":"https:\/\/www.biocabaz.pt\/web\/wp-conteudos\/uploads\/2020\/10\/pure-frutadoypack-pera-sgluten-bio-100g-e1604059943320.jpg","width":500,"height":500,"caption":"Pur\u00e9 Fruta\/Doypack Pera S\/Gl\u00faten BIO 100g"},{"@type":"BreadcrumbList","@id":"https:\/\/biocabaz.pt\/web\/en\/produto\/pure-fruta-doypack-pera-s-gluten-bio\/#breadcrumb","itemListElement":[{"@type":"ListItem","position":1,"name":"Home","item":"https:\/\/biocabaz.pt\/web\/"},{"@type":"ListItem","position":2,"name":"Loja","item":"https:\/\/biocabaz.pt\/web\/shop\/"},{"@type":"ListItem","position":3,"name":"DOYPACK GLUTEN-FREE PEAR PUREE"}]},{"@type":"WebSite","@id":"https:\/\/biocabaz.pt\/web\/#website","url":"https:\/\/biocabaz.pt\/web\/","name":"BIOCABAZ - CABAZES BIOL\u00d3GICOS","description":"O melhor que a terra d\u00e1 \u00e9 para si","potentialAction":[{"@type":"SearchAction","target":{"@type":"EntryPoint","urlTemplate":"https:\/\/biocabaz.pt\/web\/?s={search_term_string}"},"query-input":{"@type":"PropertyValueSpecification","valueRequired":true,"valueName":"search_term_string"}}],"inLanguage":"pt-PT"}]}},"_links":{"self":[{"href":"https:\/\/www.biocabaz.pt\/web\/wp-json\/wp\/v2\/product\/55435","targetHints":{"allow":["GET"]}}],"collection":[{"href":"https:\/\/www.biocabaz.pt\/web\/wp-json\/wp\/v2\/product"}],"about":[{"href":"https:\/\/www.biocabaz.pt\/web\/wp-json\/wp\/v2\/types\/product"}],"replies":[{"embeddable":true,"href":"https:\/\/www.biocabaz.pt\/web\/wp-json\/wp\/v2\/comments?post=55435"}],"wp:featuredmedia":[{"embeddable":true,"href":"https:\/\/www.biocabaz.pt\/web\/wp-json\/wp\/v2\/media\/55436"}],"wp:attachment":[{"href":"https:\/\/www.biocabaz.pt\/web\/wp-json\/wp\/v2\/media?parent=55435"}],"wp:term":[{"taxonomy":"product_cat","embeddable":true,"href":"https:\/\/www.biocabaz.pt\/web\/wp-json\/wp\/v2\/product_cat?post=55435"},{"taxonomy":"product_tag","embeddable":true,"href":"https:\/\/www.biocabaz.pt\/web\/wp-json\/wp\/v2\/product_tag?post=55435"}],"curies":[{"name":"wp","href":"https:\/\/api.w.org\/{rel}","templated":true}]}}