{"id":533,"date":"2016-04-05T11:38:09","date_gmt":"2016-04-05T11:38:09","guid":{"rendered":"http:\/\/www.biocabaz.com\/web\/?post_type=product&#038;p=533"},"modified":"2022-03-15T21:14:55","modified_gmt":"2022-03-15T21:14:55","slug":"box-vinho-branco-3l-filas-2","status":"publish","type":"product","link":"https:\/\/www.biocabaz.pt\/web\/produto\/box-vinho-branco-3l-filas-2\/","title":{"rendered":"BOX VINHO BRANCO BIO 3L FILAS"},"content":{"rendered":"","protected":false},"excerpt":{"rendered":"<p>Ingredientes: Vinho branco biol\u00f3gico. Castas: S\u00edria e Fern\u00e3o Pires; Clima: Mediterr\u00e2nico com influ\u00eancia atl\u00e2ntica; Solo: Argilo-calc\u00e1rio. Fresco com fruta de polpa amarela, como alperce e ma\u00e7\u00e3.<br \/>\n<br \/><b>Modo de Utiliza\u00e7\u00e3o:<\/b> Beber com modera\u00e7\u00e3o a 16\u00baC \u2013 18\u00baC, acompanhando peixes ou saladas. <br \/><b>Dados Nutricionais:<\/b> Gradua\u00e7\u00e3o Alco\u00f3lica 12 % vol.<\/p>\n","protected":false},"featured_media":534,"comment_status":"open","ping_status":"closed","template":"","meta":[],"product_cat":[39],"product_tag":[],"class_list":["post-533","product","type-product","status-publish","has-post-thumbnail","hentry","product_cat-vinho"],"bundle_layout":"","bundled_by":[],"bundled_items":[],"yoast_head":"<!-- This site is optimized with the Yoast SEO plugin v26.3 - https:\/\/yoast.com\/wordpress\/plugins\/seo\/ -->\n<title>BOX VINHO BRANCO BIO 3L FILAS<\/title>\n<meta name=\"robots\" content=\"index, follow, max-snippet:-1, max-image-preview:large, max-video-preview:-1\" \/>\n<link rel=\"canonical\" href=\"https:\/\/www.biocabaz.pt\/web\/produto\/box-vinho-branco-3l-filas-2\/\" \/>\n<meta property=\"og:locale\" content=\"pt_PT\" \/>\n<meta property=\"og:locale:alternate\" content=\"en_US\" \/>\n<meta property=\"og:type\" content=\"article\" \/>\n<meta property=\"og:title\" content=\"BOX VINHO BRANCO BIO 3L FILAS\" \/>\n<meta property=\"og:description\" content=\"Ingredientes: Vinho branco biol\u00f3gico. Castas: S\u00edria e Fern\u00e3o Pires; Clima: Mediterr\u00e2nico com influ\u00eancia atl\u00e2ntica; Solo: Argilo-calc\u00e1rio. Fresco com fruta de polpa amarela, como alperce e ma\u00e7\u00e3. Modo de Utiliza\u00e7\u00e3o: Beber com modera\u00e7\u00e3o a 16\u00baC \u2013 18\u00baC, acompanhando peixes ou saladas. Dados Nutricionais: Gradua\u00e7\u00e3o Alco\u00f3lica 12 % vol.\" \/>\n<meta property=\"og:url\" content=\"https:\/\/www.biocabaz.pt\/web\/produto\/box-vinho-branco-3l-filas-2\/\" \/>\n<meta property=\"og:site_name\" content=\"BIOCABAZ - CABAZES BIOL\u00d3GICOS\" \/>\n<meta property=\"article:modified_time\" content=\"2022-03-15T21:14:55+00:00\" \/>\n<meta property=\"og:image\" content=\"https:\/\/www.biocabaz.pt\/web\/wp-conteudos\/uploads\/2016\/04\/Filas-Branco.png\" \/>\n\t<meta property=\"og:image:width\" content=\"801\" \/>\n\t<meta property=\"og:image:height\" content=\"1024\" \/>\n\t<meta property=\"og:image:type\" content=\"image\/png\" \/>\n<meta name=\"twitter:card\" content=\"summary_large_image\" \/>\n<script type=\"application\/ld+json\" class=\"yoast-schema-graph\">{\"@context\":\"https:\/\/schema.org\",\"@graph\":[{\"@type\":\"WebPage\",\"@id\":\"https:\/\/www.biocabaz.pt\/web\/en\/produto\/box-vinho-branco-3l-filas-2\/\",\"url\":\"https:\/\/www.biocabaz.pt\/web\/en\/produto\/box-vinho-branco-3l-filas-2\/\",\"name\":\"BOX VINHO BRANCO BIO 3L FILAS\",\"isPartOf\":{\"@id\":\"https:\/\/biocabaz.pt\/web\/#website\"},\"primaryImageOfPage\":{\"@id\":\"https:\/\/www.biocabaz.pt\/web\/en\/produto\/box-vinho-branco-3l-filas-2\/#primaryimage\"},\"image\":{\"@id\":\"https:\/\/www.biocabaz.pt\/web\/en\/produto\/box-vinho-branco-3l-filas-2\/#primaryimage\"},\"thumbnailUrl\":\"https:\/\/www.biocabaz.pt\/web\/wp-conteudos\/uploads\/2016\/04\/Filas-Branco.png\",\"datePublished\":\"2016-04-05T11:38:09+00:00\",\"dateModified\":\"2022-03-15T21:14:55+00:00\",\"breadcrumb\":{\"@id\":\"https:\/\/www.biocabaz.pt\/web\/en\/produto\/box-vinho-branco-3l-filas-2\/#breadcrumb\"},\"inLanguage\":\"pt-PT\",\"potentialAction\":[{\"@type\":\"ReadAction\",\"target\":[\"https:\/\/www.biocabaz.pt\/web\/en\/produto\/box-vinho-branco-3l-filas-2\/\"]}]},{\"@type\":\"ImageObject\",\"inLanguage\":\"pt-PT\",\"@id\":\"https:\/\/www.biocabaz.pt\/web\/en\/produto\/box-vinho-branco-3l-filas-2\/#primaryimage\",\"url\":\"https:\/\/www.biocabaz.pt\/web\/wp-conteudos\/uploads\/2016\/04\/Filas-Branco.png\",\"contentUrl\":\"https:\/\/www.biocabaz.pt\/web\/wp-conteudos\/uploads\/2016\/04\/Filas-Branco.png\",\"width\":801,\"height\":1024},{\"@type\":\"BreadcrumbList\",\"@id\":\"https:\/\/www.biocabaz.pt\/web\/en\/produto\/box-vinho-branco-3l-filas-2\/#breadcrumb\",\"itemListElement\":[{\"@type\":\"ListItem\",\"position\":1,\"name\":\"Home\",\"item\":\"https:\/\/biocabaz.pt\/web\/\"},{\"@type\":\"ListItem\",\"position\":2,\"name\":\"Loja\",\"item\":\"https:\/\/biocabaz.pt\/web\/shop\/\"},{\"@type\":\"ListItem\",\"position\":3,\"name\":\"FILAS WHITE WINE 3L BOX\"}]},{\"@type\":\"WebSite\",\"@id\":\"https:\/\/biocabaz.pt\/web\/#website\",\"url\":\"https:\/\/biocabaz.pt\/web\/\",\"name\":\"BIOCABAZ - CABAZES BIOL\u00d3GICOS\",\"description\":\"O melhor que a terra d\u00e1 \u00e9 para si\",\"potentialAction\":[{\"@type\":\"SearchAction\",\"target\":{\"@type\":\"EntryPoint\",\"urlTemplate\":\"https:\/\/biocabaz.pt\/web\/?s={search_term_string}\"},\"query-input\":{\"@type\":\"PropertyValueSpecification\",\"valueRequired\":true,\"valueName\":\"search_term_string\"}}],\"inLanguage\":\"pt-PT\"}]}<\/script>\n<!-- \/ Yoast SEO plugin. -->","yoast_head_json":{"title":"BOX VINHO BRANCO BIO 3L FILAS","robots":{"index":"index","follow":"follow","max-snippet":"max-snippet:-1","max-image-preview":"max-image-preview:large","max-video-preview":"max-video-preview:-1"},"canonical":"https:\/\/www.biocabaz.pt\/web\/produto\/box-vinho-branco-3l-filas-2\/","og_locale":"pt_PT","og_type":"article","og_title":"[:en]FILAS WHITE WINE 3L BOX[:pt]BOX VINHO BRANCO BIO 3L FILAS[:] - BIOCABAZ - CABAZES BIOL\u00d3GICOS","og_description":"Ingredientes: Vinho branco biol\u00f3gico. Castas: S\u00edria e Fern\u00e3o Pires; Clima: Mediterr\u00e2nico com influ\u00eancia atl\u00e2ntica; Solo: Argilo-calc\u00e1rio. Fresco com fruta de polpa amarela, como alperce e ma\u00e7\u00e3. Modo de Utiliza\u00e7\u00e3o: Beber com modera\u00e7\u00e3o a 16\u00baC \u2013 18\u00baC, acompanhando peixes ou saladas. Dados Nutricionais: Gradua\u00e7\u00e3o Alco\u00f3lica 12 % vol.","og_url":"https:\/\/www.biocabaz.pt\/web\/produto\/box-vinho-branco-3l-filas-2\/","og_site_name":"BIOCABAZ - CABAZES BIOL\u00d3GICOS","article_modified_time":"2022-03-15T21:14:55+00:00","og_image":[{"width":801,"height":1024,"url":"https:\/\/www.biocabaz.pt\/web\/wp-conteudos\/uploads\/2016\/04\/Filas-Branco.png","type":"image\/png"}],"twitter_card":"summary_large_image","schema":{"@context":"https:\/\/schema.org","@graph":[{"@type":"WebPage","@id":"https:\/\/www.biocabaz.pt\/web\/en\/produto\/box-vinho-branco-3l-filas-2\/","url":"https:\/\/www.biocabaz.pt\/web\/en\/produto\/box-vinho-branco-3l-filas-2\/","name":"BOX VINHO BRANCO BIO 3L FILAS","isPartOf":{"@id":"https:\/\/biocabaz.pt\/web\/#website"},"primaryImageOfPage":{"@id":"https:\/\/www.biocabaz.pt\/web\/en\/produto\/box-vinho-branco-3l-filas-2\/#primaryimage"},"image":{"@id":"https:\/\/www.biocabaz.pt\/web\/en\/produto\/box-vinho-branco-3l-filas-2\/#primaryimage"},"thumbnailUrl":"https:\/\/www.biocabaz.pt\/web\/wp-conteudos\/uploads\/2016\/04\/Filas-Branco.png","datePublished":"2016-04-05T11:38:09+00:00","dateModified":"2022-03-15T21:14:55+00:00","breadcrumb":{"@id":"https:\/\/www.biocabaz.pt\/web\/en\/produto\/box-vinho-branco-3l-filas-2\/#breadcrumb"},"inLanguage":"pt-PT","potentialAction":[{"@type":"ReadAction","target":["https:\/\/www.biocabaz.pt\/web\/en\/produto\/box-vinho-branco-3l-filas-2\/"]}]},{"@type":"ImageObject","inLanguage":"pt-PT","@id":"https:\/\/www.biocabaz.pt\/web\/en\/produto\/box-vinho-branco-3l-filas-2\/#primaryimage","url":"https:\/\/www.biocabaz.pt\/web\/wp-conteudos\/uploads\/2016\/04\/Filas-Branco.png","contentUrl":"https:\/\/www.biocabaz.pt\/web\/wp-conteudos\/uploads\/2016\/04\/Filas-Branco.png","width":801,"height":1024},{"@type":"BreadcrumbList","@id":"https:\/\/www.biocabaz.pt\/web\/en\/produto\/box-vinho-branco-3l-filas-2\/#breadcrumb","itemListElement":[{"@type":"ListItem","position":1,"name":"Home","item":"https:\/\/biocabaz.pt\/web\/"},{"@type":"ListItem","position":2,"name":"Loja","item":"https:\/\/biocabaz.pt\/web\/shop\/"},{"@type":"ListItem","position":3,"name":"FILAS WHITE WINE 3L BOX"}]},{"@type":"WebSite","@id":"https:\/\/biocabaz.pt\/web\/#website","url":"https:\/\/biocabaz.pt\/web\/","name":"BIOCABAZ - CABAZES BIOL\u00d3GICOS","description":"O melhor que a terra d\u00e1 \u00e9 para si","potentialAction":[{"@type":"SearchAction","target":{"@type":"EntryPoint","urlTemplate":"https:\/\/biocabaz.pt\/web\/?s={search_term_string}"},"query-input":{"@type":"PropertyValueSpecification","valueRequired":true,"valueName":"search_term_string"}}],"inLanguage":"pt-PT"}]}},"_links":{"self":[{"href":"https:\/\/www.biocabaz.pt\/web\/wp-json\/wp\/v2\/product\/533","targetHints":{"allow":["GET"]}}],"collection":[{"href":"https:\/\/www.biocabaz.pt\/web\/wp-json\/wp\/v2\/product"}],"about":[{"href":"https:\/\/www.biocabaz.pt\/web\/wp-json\/wp\/v2\/types\/product"}],"replies":[{"embeddable":true,"href":"https:\/\/www.biocabaz.pt\/web\/wp-json\/wp\/v2\/comments?post=533"}],"wp:featuredmedia":[{"embeddable":true,"href":"https:\/\/www.biocabaz.pt\/web\/wp-json\/wp\/v2\/media\/534"}],"wp:attachment":[{"href":"https:\/\/www.biocabaz.pt\/web\/wp-json\/wp\/v2\/media?parent=533"}],"wp:term":[{"taxonomy":"product_cat","embeddable":true,"href":"https:\/\/www.biocabaz.pt\/web\/wp-json\/wp\/v2\/product_cat?post=533"},{"taxonomy":"product_tag","embeddable":true,"href":"https:\/\/www.biocabaz.pt\/web\/wp-json\/wp\/v2\/product_tag?post=533"}],"curies":[{"name":"wp","href":"https:\/\/api.w.org\/{rel}","templated":true}]}}