{"id":521,"date":"2016-04-05T11:22:39","date_gmt":"2016-04-05T11:22:39","guid":{"rendered":"http:\/\/www.biocabaz.com\/web\/?post_type=product&#038;p=521"},"modified":"2024-04-29T02:20:10","modified_gmt":"2024-04-29T02:20:10","slug":"vinho-tinto-touriga-nacional-075l-cepa-pura-2014-2","status":"publish","type":"product","link":"https:\/\/www.biocabaz.pt\/web\/produto\/vinho-tinto-touriga-nacional-075l-cepa-pura-2014-2\/","title":{"rendered":"VINHO TINTO TOURIGA NACIONAL BIO 0,75L CEPA PURA"},"content":{"rendered":"<p><strong>Descri\u00e7\u00e3o <\/strong><br \/>\n\t\t\t\tIngredientes: Vinho tinto. Desengasse, esmagamento e fermenta\u00e7\u00e3o em cuba de inox com contacto pelicular.<br \/>\nEst\u00e1gio em barricas de carvalho americano e franc\u00eas. Cor: rubi fechado. Aroma: Notas de frutos pretos e flores. Sabor: Fruta fresca. Castas: Touriga Nacional. Regi\u00e3o de Lisboa.<\/p>\n<p><strong>Dados Nutricionais<\/strong><br \/>\n\t\t\t\tTeor alco\u00f3lico: 14,5%.<\/p>\n<p><strong>Modo Utiliza\u00e7\u00e3o<\/strong><br \/>Servir a 16\u00baC a 18\u00baC.<\/p>\n","protected":false},"excerpt":{"rendered":"<p>Descri\u00e7\u00e3o Ingredientes: Vinho tinto. Desengasse, esmagamento e fermenta\u00e7\u00e3o em cuba de inox com contacto pelicular. Est\u00e1gio em barricas de carvalho americano e franc\u00eas. Cor: rubi fechado. Aroma: Notas de frutos pretos e flores. Sabor: Fruta fresca. Castas: Touriga Nacional. Regi\u00e3o de Lisboa. Dados Nutricionais Teor alco\u00f3lico: 14,5%. Modo Utiliza\u00e7\u00e3oServir a 16\u00baC a 18\u00baC.<\/p>\n","protected":false},"featured_media":522,"comment_status":"open","ping_status":"closed","template":"","meta":[],"product_cat":[39],"product_tag":[],"class_list":["post-521","product","type-product","status-publish","has-post-thumbnail","hentry","product_cat-vinho"],"bundle_layout":"","bundled_by":[],"bundled_items":[],"yoast_head":"<!-- This site is optimized with the Yoast SEO plugin v26.3 - https:\/\/yoast.com\/wordpress\/plugins\/seo\/ -->\n<title>VINHO TINTO TOURIGA NACIONAL BIO 0,75L CEPA PURA<\/title>\n<meta name=\"robots\" content=\"index, follow, max-snippet:-1, max-image-preview:large, max-video-preview:-1\" \/>\n<link rel=\"canonical\" href=\"https:\/\/www.biocabaz.pt\/web\/produto\/vinho-tinto-touriga-nacional-075l-cepa-pura-2014-2\/\" \/>\n<meta property=\"og:locale\" content=\"pt_PT\" \/>\n<meta property=\"og:locale:alternate\" content=\"en_US\" \/>\n<meta property=\"og:type\" content=\"article\" \/>\n<meta property=\"og:title\" content=\"VINHO TINTO TOURIGA NACIONAL BIO 0,75L CEPA PURA\" \/>\n<meta property=\"og:description\" content=\"Descri\u00e7\u00e3o Ingredientes: Vinho tinto. Desengasse, esmagamento e fermenta\u00e7\u00e3o em cuba de inox com contacto pelicular. Est\u00e1gio em barricas de carvalho americano e franc\u00eas. Cor: rubi fechado. Aroma: Notas de frutos pretos e flores. Sabor: Fruta fresca. Castas: Touriga Nacional. Regi\u00e3o de Lisboa. Dados Nutricionais Teor alco\u00f3lico: 14,5%. Modo Utiliza\u00e7\u00e3oServir a 16\u00baC a 18\u00baC.\" \/>\n<meta property=\"og:url\" content=\"https:\/\/www.biocabaz.pt\/web\/produto\/vinho-tinto-touriga-nacional-075l-cepa-pura-2014-2\/\" \/>\n<meta property=\"og:site_name\" content=\"BIOCABAZ - CABAZES BIOL\u00d3GICOS\" \/>\n<meta property=\"article:modified_time\" content=\"2024-04-29T02:20:10+00:00\" \/>\n<meta property=\"og:image\" content=\"https:\/\/www.biocabaz.pt\/web\/wp-conteudos\/uploads\/2016\/04\/Cepa-pura-2014-Touriga-Nacional.png\" \/>\n\t<meta property=\"og:image:width\" content=\"262\" \/>\n\t<meta property=\"og:image:height\" content=\"1024\" \/>\n\t<meta property=\"og:image:type\" content=\"image\/png\" \/>\n<meta name=\"twitter:card\" content=\"summary_large_image\" \/>\n<meta name=\"twitter:label1\" content=\"Est. reading time\" \/>\n\t<meta name=\"twitter:data1\" content=\"1 minuto\" \/>\n<script type=\"application\/ld+json\" class=\"yoast-schema-graph\">{\"@context\":\"https:\/\/schema.org\",\"@graph\":[{\"@type\":\"WebPage\",\"@id\":\"https:\/\/www.biocabaz.pt\/web\/produto\/vinho-tinto-touriga-nacional-075l-cepa-pura-2014-2\/\",\"url\":\"https:\/\/www.biocabaz.pt\/web\/produto\/vinho-tinto-touriga-nacional-075l-cepa-pura-2014-2\/\",\"name\":\"VINHO TINTO TOURIGA NACIONAL BIO 0,75L CEPA PURA\",\"isPartOf\":{\"@id\":\"https:\/\/biocabaz.pt\/web\/en\/#website\"},\"primaryImageOfPage\":{\"@id\":\"https:\/\/www.biocabaz.pt\/web\/produto\/vinho-tinto-touriga-nacional-075l-cepa-pura-2014-2\/#primaryimage\"},\"image\":{\"@id\":\"https:\/\/www.biocabaz.pt\/web\/produto\/vinho-tinto-touriga-nacional-075l-cepa-pura-2014-2\/#primaryimage\"},\"thumbnailUrl\":\"https:\/\/www.biocabaz.pt\/web\/wp-conteudos\/uploads\/2016\/04\/Cepa-pura-2014-Touriga-Nacional.png\",\"datePublished\":\"2016-04-05T11:22:39+00:00\",\"dateModified\":\"2024-04-29T02:20:10+00:00\",\"breadcrumb\":{\"@id\":\"https:\/\/www.biocabaz.pt\/web\/produto\/vinho-tinto-touriga-nacional-075l-cepa-pura-2014-2\/#breadcrumb\"},\"inLanguage\":\"pt-PT\",\"potentialAction\":[{\"@type\":\"ReadAction\",\"target\":[\"https:\/\/www.biocabaz.pt\/web\/produto\/vinho-tinto-touriga-nacional-075l-cepa-pura-2014-2\/\"]}]},{\"@type\":\"ImageObject\",\"inLanguage\":\"pt-PT\",\"@id\":\"https:\/\/www.biocabaz.pt\/web\/produto\/vinho-tinto-touriga-nacional-075l-cepa-pura-2014-2\/#primaryimage\",\"url\":\"https:\/\/www.biocabaz.pt\/web\/wp-conteudos\/uploads\/2016\/04\/Cepa-pura-2014-Touriga-Nacional.png\",\"contentUrl\":\"https:\/\/www.biocabaz.pt\/web\/wp-conteudos\/uploads\/2016\/04\/Cepa-pura-2014-Touriga-Nacional.png\",\"width\":262,\"height\":1024},{\"@type\":\"BreadcrumbList\",\"@id\":\"https:\/\/www.biocabaz.pt\/web\/produto\/vinho-tinto-touriga-nacional-075l-cepa-pura-2014-2\/#breadcrumb\",\"itemListElement\":[{\"@type\":\"ListItem\",\"position\":1,\"name\":\"Home\",\"item\":\"https:\/\/biocabaz.pt\/web\/en\/\"},{\"@type\":\"ListItem\",\"position\":2,\"name\":\"Shop\",\"item\":\"https:\/\/biocabaz.pt\/web\/en\/shop\/\"},{\"@type\":\"ListItem\",\"position\":3,\"name\":\"VINHO TINTO TOURIGA NACIONAL BIO 0,75L CEPA PURA\"}]},{\"@type\":\"WebSite\",\"@id\":\"https:\/\/biocabaz.pt\/web\/en\/#website\",\"url\":\"https:\/\/biocabaz.pt\/web\/en\/\",\"name\":\"BIOCABAZ - CABAZES BIOL\u00d3GICOS\",\"description\":\"O melhor que a terra d\u00e1 \u00e9 para si\",\"potentialAction\":[{\"@type\":\"SearchAction\",\"target\":{\"@type\":\"EntryPoint\",\"urlTemplate\":\"https:\/\/biocabaz.pt\/web\/en\/?s={search_term_string}\"},\"query-input\":{\"@type\":\"PropertyValueSpecification\",\"valueRequired\":true,\"valueName\":\"search_term_string\"}}],\"inLanguage\":\"pt-PT\"}]}<\/script>\n<!-- \/ Yoast SEO plugin. -->","yoast_head_json":{"title":"VINHO TINTO TOURIGA NACIONAL BIO 0,75L CEPA PURA","robots":{"index":"index","follow":"follow","max-snippet":"max-snippet:-1","max-image-preview":"max-image-preview:large","max-video-preview":"max-video-preview:-1"},"canonical":"https:\/\/www.biocabaz.pt\/web\/produto\/vinho-tinto-touriga-nacional-075l-cepa-pura-2014-2\/","og_locale":"pt_PT","og_type":"article","og_title":"[:en]CEPA PURA TOURIGA NACIONAL ORGANIC RED WINE 2014[:pt]VINHO TINTO TOURIGA NACIONAL BIO 0,75L CEPA PURA[:] - BIOCABAZ - CABAZES BIOL\u00d3GICOS","og_description":"Descri\u00e7\u00e3o Ingredientes: Vinho tinto. Desengasse, esmagamento e fermenta\u00e7\u00e3o em cuba de inox com contacto pelicular. Est\u00e1gio em barricas de carvalho americano e franc\u00eas. Cor: rubi fechado. Aroma: Notas de frutos pretos e flores. Sabor: Fruta fresca. Castas: Touriga Nacional. Regi\u00e3o de Lisboa. Dados Nutricionais Teor alco\u00f3lico: 14,5%. Modo Utiliza\u00e7\u00e3oServir a 16\u00baC a 18\u00baC.","og_url":"https:\/\/www.biocabaz.pt\/web\/produto\/vinho-tinto-touriga-nacional-075l-cepa-pura-2014-2\/","og_site_name":"BIOCABAZ - CABAZES BIOL\u00d3GICOS","article_modified_time":"2024-04-29T02:20:10+00:00","og_image":[{"width":262,"height":1024,"url":"https:\/\/www.biocabaz.pt\/web\/wp-conteudos\/uploads\/2016\/04\/Cepa-pura-2014-Touriga-Nacional.png","type":"image\/png"}],"twitter_card":"summary_large_image","twitter_misc":{"Est. reading time":"1 minuto"},"schema":{"@context":"https:\/\/schema.org","@graph":[{"@type":"WebPage","@id":"https:\/\/www.biocabaz.pt\/web\/produto\/vinho-tinto-touriga-nacional-075l-cepa-pura-2014-2\/","url":"https:\/\/www.biocabaz.pt\/web\/produto\/vinho-tinto-touriga-nacional-075l-cepa-pura-2014-2\/","name":"VINHO TINTO TOURIGA NACIONAL BIO 0,75L CEPA PURA","isPartOf":{"@id":"https:\/\/biocabaz.pt\/web\/en\/#website"},"primaryImageOfPage":{"@id":"https:\/\/www.biocabaz.pt\/web\/produto\/vinho-tinto-touriga-nacional-075l-cepa-pura-2014-2\/#primaryimage"},"image":{"@id":"https:\/\/www.biocabaz.pt\/web\/produto\/vinho-tinto-touriga-nacional-075l-cepa-pura-2014-2\/#primaryimage"},"thumbnailUrl":"https:\/\/www.biocabaz.pt\/web\/wp-conteudos\/uploads\/2016\/04\/Cepa-pura-2014-Touriga-Nacional.png","datePublished":"2016-04-05T11:22:39+00:00","dateModified":"2024-04-29T02:20:10+00:00","breadcrumb":{"@id":"https:\/\/www.biocabaz.pt\/web\/produto\/vinho-tinto-touriga-nacional-075l-cepa-pura-2014-2\/#breadcrumb"},"inLanguage":"pt-PT","potentialAction":[{"@type":"ReadAction","target":["https:\/\/www.biocabaz.pt\/web\/produto\/vinho-tinto-touriga-nacional-075l-cepa-pura-2014-2\/"]}]},{"@type":"ImageObject","inLanguage":"pt-PT","@id":"https:\/\/www.biocabaz.pt\/web\/produto\/vinho-tinto-touriga-nacional-075l-cepa-pura-2014-2\/#primaryimage","url":"https:\/\/www.biocabaz.pt\/web\/wp-conteudos\/uploads\/2016\/04\/Cepa-pura-2014-Touriga-Nacional.png","contentUrl":"https:\/\/www.biocabaz.pt\/web\/wp-conteudos\/uploads\/2016\/04\/Cepa-pura-2014-Touriga-Nacional.png","width":262,"height":1024},{"@type":"BreadcrumbList","@id":"https:\/\/www.biocabaz.pt\/web\/produto\/vinho-tinto-touriga-nacional-075l-cepa-pura-2014-2\/#breadcrumb","itemListElement":[{"@type":"ListItem","position":1,"name":"Home","item":"https:\/\/biocabaz.pt\/web\/en\/"},{"@type":"ListItem","position":2,"name":"Shop","item":"https:\/\/biocabaz.pt\/web\/en\/shop\/"},{"@type":"ListItem","position":3,"name":"VINHO TINTO TOURIGA NACIONAL BIO 0,75L CEPA PURA"}]},{"@type":"WebSite","@id":"https:\/\/biocabaz.pt\/web\/en\/#website","url":"https:\/\/biocabaz.pt\/web\/en\/","name":"BIOCABAZ - CABAZES BIOL\u00d3GICOS","description":"O melhor que a terra d\u00e1 \u00e9 para si","potentialAction":[{"@type":"SearchAction","target":{"@type":"EntryPoint","urlTemplate":"https:\/\/biocabaz.pt\/web\/en\/?s={search_term_string}"},"query-input":{"@type":"PropertyValueSpecification","valueRequired":true,"valueName":"search_term_string"}}],"inLanguage":"pt-PT"}]}},"_links":{"self":[{"href":"https:\/\/www.biocabaz.pt\/web\/wp-json\/wp\/v2\/product\/521","targetHints":{"allow":["GET"]}}],"collection":[{"href":"https:\/\/www.biocabaz.pt\/web\/wp-json\/wp\/v2\/product"}],"about":[{"href":"https:\/\/www.biocabaz.pt\/web\/wp-json\/wp\/v2\/types\/product"}],"replies":[{"embeddable":true,"href":"https:\/\/www.biocabaz.pt\/web\/wp-json\/wp\/v2\/comments?post=521"}],"wp:featuredmedia":[{"embeddable":true,"href":"https:\/\/www.biocabaz.pt\/web\/wp-json\/wp\/v2\/media\/522"}],"wp:attachment":[{"href":"https:\/\/www.biocabaz.pt\/web\/wp-json\/wp\/v2\/media?parent=521"}],"wp:term":[{"taxonomy":"product_cat","embeddable":true,"href":"https:\/\/www.biocabaz.pt\/web\/wp-json\/wp\/v2\/product_cat?post=521"},{"taxonomy":"product_tag","embeddable":true,"href":"https:\/\/www.biocabaz.pt\/web\/wp-json\/wp\/v2\/product_tag?post=521"}],"curies":[{"name":"wp","href":"https:\/\/api.w.org\/{rel}","templated":true}]}}