{"id":44640,"date":"2020-05-16T06:46:17","date_gmt":"2020-05-16T06:46:17","guid":{"rendered":"https:\/\/www.biocabaz.pt\/web\/?post_type=product&#038;p=44640"},"modified":"2025-08-30T06:30:12","modified_gmt":"2025-08-30T06:30:12","slug":"pao-de-azeitonas-miolo","status":"publish","type":"product","link":"https:\/\/www.biocabaz.pt\/web\/produto\/pao-de-azeitonas-miolo\/","title":{"rendered":"P\u00c3O DE AZEITONAS MIOLO BIO 300GR"},"content":{"rendered":"","protected":false},"excerpt":{"rendered":"<p><strong>Descri\u00e7\u00e3o<\/strong><\/p>\n<div class=\"module module-text text-5726-1-1-2 repeat tb_f77a60b\">\n<div class=\"tb_text_wrap\">\n<p>Ingredientes: \u00c1gua filtrada; farinha de espelta *; azeitonas (12%)*; cebola*, malte de cevada*; azeite; e sal marinho.<\/p>\n<\/div>\n<\/div>\n<div class=\"module module-text text-5726-1-1-3 repeat tb_859ad95\">\n<div class=\"tb_text_wrap\">\n<p>*Agricultura biol\u00f3gica<\/p>\n<\/div>\n<\/div>\n<div class=\"module module-text text-5726-1-1-4 repeat tb_b686af8\">\n<div class=\"tb_text_wrap\">\n<p><strong>Dados Nutricionais<\/strong><\/p>\n<p>Informa\u00e7\u00e3o nutricional (por 100g)<\/p>\n<\/div>\n<\/div>\n<div class=\"module module-text text-5726-1-1-5 repeat tb_815ef36\">\n<div class=\"tb_text_wrap\">\n<p>Valor energ\u00e9tico 1061kJ \/ 252kcal<br \/>\nL\u00edpidos 6.7g<br \/>\ndos quais saturados 1.0g<br \/>\nHidratos de carbono 39.6g<br \/>\ndos quais a\u00e7\u00facares 0.6g<br \/>\nFibra 2.8g<br \/>\nProte\u00ednas 6.9g<br \/>\nSal 0.8g<\/p>\n<\/div>\n<\/div>\n","protected":false},"featured_media":44641,"comment_status":"closed","ping_status":"closed","template":"","meta":[],"product_cat":[12],"product_tag":[],"class_list":["post-44640","product","type-product","status-publish","has-post-thumbnail","hentry","product_cat-padaria"],"bundle_layout":"","bundled_by":[],"bundled_items":[],"yoast_head":"<!-- This site is optimized with the Yoast SEO plugin v26.3 - https:\/\/yoast.com\/wordpress\/plugins\/seo\/ -->\n<title>P\u00c3O DE AZEITONAS MIOLO BIO 300GR<\/title>\n<meta name=\"description\" content=\"PAO DE AZEITONAS MIOLO\" \/>\n<meta name=\"robots\" content=\"index, follow, max-snippet:-1, max-image-preview:large, max-video-preview:-1\" \/>\n<link rel=\"canonical\" href=\"https:\/\/www.biocabaz.pt\/web\/produto\/pao-de-azeitonas-miolo\/\" \/>\n<meta property=\"og:locale\" content=\"pt_PT\" \/>\n<meta property=\"og:locale:alternate\" content=\"en_US\" \/>\n<meta property=\"og:type\" content=\"article\" \/>\n<meta property=\"og:title\" content=\"P\u00c3O DE AZEITONAS MIOLO BIO 300GR\" \/>\n<meta property=\"og:description\" content=\"PAO DE AZEITONAS MIOLO\" \/>\n<meta property=\"og:url\" content=\"https:\/\/www.biocabaz.pt\/web\/produto\/pao-de-azeitonas-miolo\/\" \/>\n<meta property=\"og:site_name\" content=\"BIOCABAZ - CABAZES BIOL\u00d3GICOS\" \/>\n<meta property=\"article:modified_time\" content=\"2025-08-30T06:30:12+00:00\" \/>\n<meta property=\"og:image\" content=\"https:\/\/www.biocabaz.pt\/web\/wp-conteudos\/uploads\/2020\/05\/azeitonas-miolo-1-350x350-1.png\" \/>\n\t<meta property=\"og:image:width\" content=\"350\" \/>\n\t<meta property=\"og:image:height\" content=\"350\" \/>\n\t<meta property=\"og:image:type\" content=\"image\/png\" \/>\n<meta name=\"twitter:card\" content=\"summary_large_image\" \/>\n<script type=\"application\/ld+json\" class=\"yoast-schema-graph\">{\"@context\":\"https:\/\/schema.org\",\"@graph\":[{\"@type\":\"WebPage\",\"@id\":\"https:\/\/www.biocabaz.pt\/web\/en\/produto\/pao-de-azeitonas-miolo\/\",\"url\":\"https:\/\/www.biocabaz.pt\/web\/en\/produto\/pao-de-azeitonas-miolo\/\",\"name\":\"P\u00c3O DE AZEITONAS MIOLO BIO 300GR\",\"isPartOf\":{\"@id\":\"https:\/\/biocabaz.pt\/web\/#website\"},\"primaryImageOfPage\":{\"@id\":\"https:\/\/www.biocabaz.pt\/web\/en\/produto\/pao-de-azeitonas-miolo\/#primaryimage\"},\"image\":{\"@id\":\"https:\/\/www.biocabaz.pt\/web\/en\/produto\/pao-de-azeitonas-miolo\/#primaryimage\"},\"thumbnailUrl\":\"https:\/\/www.biocabaz.pt\/web\/wp-conteudos\/uploads\/2020\/05\/azeitonas-miolo-1-350x350-1.png\",\"datePublished\":\"2020-05-16T06:46:17+00:00\",\"dateModified\":\"2025-08-30T06:30:12+00:00\",\"description\":\"PAO DE AZEITONAS MIOLO\",\"breadcrumb\":{\"@id\":\"https:\/\/www.biocabaz.pt\/web\/en\/produto\/pao-de-azeitonas-miolo\/#breadcrumb\"},\"inLanguage\":\"pt-PT\",\"potentialAction\":[{\"@type\":\"ReadAction\",\"target\":[\"https:\/\/www.biocabaz.pt\/web\/en\/produto\/pao-de-azeitonas-miolo\/\"]}]},{\"@type\":\"ImageObject\",\"inLanguage\":\"pt-PT\",\"@id\":\"https:\/\/www.biocabaz.pt\/web\/en\/produto\/pao-de-azeitonas-miolo\/#primaryimage\",\"url\":\"https:\/\/www.biocabaz.pt\/web\/wp-conteudos\/uploads\/2020\/05\/azeitonas-miolo-1-350x350-1.png\",\"contentUrl\":\"https:\/\/www.biocabaz.pt\/web\/wp-conteudos\/uploads\/2020\/05\/azeitonas-miolo-1-350x350-1.png\",\"width\":350,\"height\":350,\"caption\":\"PAO DE AZEITONAS MIOLO\"},{\"@type\":\"BreadcrumbList\",\"@id\":\"https:\/\/www.biocabaz.pt\/web\/en\/produto\/pao-de-azeitonas-miolo\/#breadcrumb\",\"itemListElement\":[{\"@type\":\"ListItem\",\"position\":1,\"name\":\"Home\",\"item\":\"https:\/\/biocabaz.pt\/web\/\"},{\"@type\":\"ListItem\",\"position\":2,\"name\":\"Loja\",\"item\":\"https:\/\/biocabaz.pt\/web\/shop\/\"},{\"@type\":\"ListItem\",\"position\":3,\"name\":\"QUINOA OLIVE BREAD\"}]},{\"@type\":\"WebSite\",\"@id\":\"https:\/\/biocabaz.pt\/web\/#website\",\"url\":\"https:\/\/biocabaz.pt\/web\/\",\"name\":\"BIOCABAZ - CABAZES BIOL\u00d3GICOS\",\"description\":\"O melhor que a terra d\u00e1 \u00e9 para si\",\"potentialAction\":[{\"@type\":\"SearchAction\",\"target\":{\"@type\":\"EntryPoint\",\"urlTemplate\":\"https:\/\/biocabaz.pt\/web\/?s={search_term_string}\"},\"query-input\":{\"@type\":\"PropertyValueSpecification\",\"valueRequired\":true,\"valueName\":\"search_term_string\"}}],\"inLanguage\":\"pt-PT\"}]}<\/script>\n<!-- \/ Yoast SEO plugin. -->","yoast_head_json":{"title":"P\u00c3O DE AZEITONAS MIOLO BIO 300GR","description":"PAO DE AZEITONAS MIOLO","robots":{"index":"index","follow":"follow","max-snippet":"max-snippet:-1","max-image-preview":"max-image-preview:large","max-video-preview":"max-video-preview:-1"},"canonical":"https:\/\/www.biocabaz.pt\/web\/produto\/pao-de-azeitonas-miolo\/","og_locale":"pt_PT","og_type":"article","og_title":"[:en]QUINOA OLIVE BREAD[:pt]P\u00c3O DE AZEITONAS MIOLO BIO 300GR[:] - BIOCABAZ - CABAZES BIOL\u00d3GICOS","og_description":"PAO DE AZEITONAS MIOLO","og_url":"https:\/\/www.biocabaz.pt\/web\/produto\/pao-de-azeitonas-miolo\/","og_site_name":"BIOCABAZ - CABAZES BIOL\u00d3GICOS","article_modified_time":"2025-08-30T06:30:12+00:00","og_image":[{"width":350,"height":350,"url":"https:\/\/www.biocabaz.pt\/web\/wp-conteudos\/uploads\/2020\/05\/azeitonas-miolo-1-350x350-1.png","type":"image\/png"}],"twitter_card":"summary_large_image","schema":{"@context":"https:\/\/schema.org","@graph":[{"@type":"WebPage","@id":"https:\/\/www.biocabaz.pt\/web\/en\/produto\/pao-de-azeitonas-miolo\/","url":"https:\/\/www.biocabaz.pt\/web\/en\/produto\/pao-de-azeitonas-miolo\/","name":"P\u00c3O DE AZEITONAS MIOLO BIO 300GR","isPartOf":{"@id":"https:\/\/biocabaz.pt\/web\/#website"},"primaryImageOfPage":{"@id":"https:\/\/www.biocabaz.pt\/web\/en\/produto\/pao-de-azeitonas-miolo\/#primaryimage"},"image":{"@id":"https:\/\/www.biocabaz.pt\/web\/en\/produto\/pao-de-azeitonas-miolo\/#primaryimage"},"thumbnailUrl":"https:\/\/www.biocabaz.pt\/web\/wp-conteudos\/uploads\/2020\/05\/azeitonas-miolo-1-350x350-1.png","datePublished":"2020-05-16T06:46:17+00:00","dateModified":"2025-08-30T06:30:12+00:00","description":"PAO DE AZEITONAS MIOLO","breadcrumb":{"@id":"https:\/\/www.biocabaz.pt\/web\/en\/produto\/pao-de-azeitonas-miolo\/#breadcrumb"},"inLanguage":"pt-PT","potentialAction":[{"@type":"ReadAction","target":["https:\/\/www.biocabaz.pt\/web\/en\/produto\/pao-de-azeitonas-miolo\/"]}]},{"@type":"ImageObject","inLanguage":"pt-PT","@id":"https:\/\/www.biocabaz.pt\/web\/en\/produto\/pao-de-azeitonas-miolo\/#primaryimage","url":"https:\/\/www.biocabaz.pt\/web\/wp-conteudos\/uploads\/2020\/05\/azeitonas-miolo-1-350x350-1.png","contentUrl":"https:\/\/www.biocabaz.pt\/web\/wp-conteudos\/uploads\/2020\/05\/azeitonas-miolo-1-350x350-1.png","width":350,"height":350,"caption":"PAO DE AZEITONAS MIOLO"},{"@type":"BreadcrumbList","@id":"https:\/\/www.biocabaz.pt\/web\/en\/produto\/pao-de-azeitonas-miolo\/#breadcrumb","itemListElement":[{"@type":"ListItem","position":1,"name":"Home","item":"https:\/\/biocabaz.pt\/web\/"},{"@type":"ListItem","position":2,"name":"Loja","item":"https:\/\/biocabaz.pt\/web\/shop\/"},{"@type":"ListItem","position":3,"name":"QUINOA OLIVE BREAD"}]},{"@type":"WebSite","@id":"https:\/\/biocabaz.pt\/web\/#website","url":"https:\/\/biocabaz.pt\/web\/","name":"BIOCABAZ - CABAZES BIOL\u00d3GICOS","description":"O melhor que a terra d\u00e1 \u00e9 para si","potentialAction":[{"@type":"SearchAction","target":{"@type":"EntryPoint","urlTemplate":"https:\/\/biocabaz.pt\/web\/?s={search_term_string}"},"query-input":{"@type":"PropertyValueSpecification","valueRequired":true,"valueName":"search_term_string"}}],"inLanguage":"pt-PT"}]}},"_links":{"self":[{"href":"https:\/\/www.biocabaz.pt\/web\/wp-json\/wp\/v2\/product\/44640","targetHints":{"allow":["GET"]}}],"collection":[{"href":"https:\/\/www.biocabaz.pt\/web\/wp-json\/wp\/v2\/product"}],"about":[{"href":"https:\/\/www.biocabaz.pt\/web\/wp-json\/wp\/v2\/types\/product"}],"replies":[{"embeddable":true,"href":"https:\/\/www.biocabaz.pt\/web\/wp-json\/wp\/v2\/comments?post=44640"}],"wp:featuredmedia":[{"embeddable":true,"href":"https:\/\/www.biocabaz.pt\/web\/wp-json\/wp\/v2\/media\/44641"}],"wp:attachment":[{"href":"https:\/\/www.biocabaz.pt\/web\/wp-json\/wp\/v2\/media?parent=44640"}],"wp:term":[{"taxonomy":"product_cat","embeddable":true,"href":"https:\/\/www.biocabaz.pt\/web\/wp-json\/wp\/v2\/product_cat?post=44640"},{"taxonomy":"product_tag","embeddable":true,"href":"https:\/\/www.biocabaz.pt\/web\/wp-json\/wp\/v2\/product_tag?post=44640"}],"curies":[{"name":"wp","href":"https:\/\/api.w.org\/{rel}","templated":true}]}}