{"id":44616,"date":"2020-05-14T18:04:04","date_gmt":"2020-05-14T18:04:04","guid":{"rendered":"https:\/\/www.biocabaz.pt\/web\/?post_type=product&#038;p=44616"},"modified":"2021-08-03T14:29:06","modified_gmt":"2021-08-03T14:29:06","slug":"pao-de-lenha-espelta-centeio-500gr","status":"publish","type":"product","link":"https:\/\/www.biocabaz.pt\/web\/produto\/pao-de-lenha-espelta-centeio-500gr\/","title":{"rendered":"P\u00c3O DE LENHA ESPELTA &#038; CENTEIO 400GR"},"content":{"rendered":"<p><strong>Descri\u00e7\u00e3o <\/strong><br \/>\nIngredientes: Farinha de Espelta Biol\u00f3gica; Farinha de Centeio Biol\u00f3gica; \u00c1gua; Sal e Fermento.<br \/>\n<strong>Dados Nutricionais<\/strong><br \/>\nDeclara\u00e7\u00e3o Nutricional por 100g:<br \/>\nEnergia: 996kJ\/235kcal;<br \/>\nL\u00edpidos: 1,2g &#8211; dos quais saturados: 0,6g;<br \/>\nHidratos de carbono: 46g &#8211; dos quais a\u00e7\u00facares: 1,3g; \u00a0 \u00a0 \u00a0 \u00a0 \u00a0 \u00a0 \u00a0 \u00a0 \u00a0 \u00a0 \u00a0 \u00a0 \u00a0 \u00a0 \u00a0 \u00a0 \u00a0 \u00a0 \u00a0 \u00a0 \u00a0 \u00a0 \u00a0 \u00a0 \u00a0 \u00a0 \u00a0 \u00a0 \u00a0 \u00a0 \u00a0 \u00a0 \u00a0 \u00a0 \u00a0 \u00a0 \u00a0 \u00a0 \u00a0 \u00a0 \u00a0 \u00a0 \u00a0 \u00a0 \u00a0 \u00a0 \u00a0 \u00a0 \u00a0 \u00a0 \u00a0 \u00a0 \u00a0 \u00a0 \u00a0 \u00a0 \u00a0 \u00a0 \u00a0 \u00a0 \u00a0 \u00a0 \u00a0 \u00a0 \u00a0 \u00a0 \u00a0 \u00a0 \u00a0 \u00a0 \u00a0 \u00a0 \u00a0 \u00a0 \u00a0 \u00a0 \u00a0 Fibras: 2,1g<br \/>\nProte\u00ednas: 9,0g;<br \/>\nSal: 0,7g.<\/p>\n","protected":false},"excerpt":{"rendered":"<p>Descri\u00e7\u00e3o Ingredientes: Farinha de Espelta Biol\u00f3gica; Farinha de Centeio Biol\u00f3gica; \u00c1gua; Sal e Fermento. Dados Nutricionais Declara\u00e7\u00e3o Nutricional por 100g: Energia: 996kJ\/235kcal; L\u00edpidos: 1,2g &#8211; dos quais saturados: 0,6g; Hidratos de carbono: 46g &#8211; dos quais a\u00e7\u00facares: 1,3g; \u00a0 \u00a0 \u00a0 \u00a0 \u00a0 \u00a0 \u00a0 \u00a0 \u00a0 \u00a0 \u00a0 \u00a0 \u00a0 \u00a0 \u00a0 \u00a0 \u00a0 [&hellip;]<\/p>\n","protected":false},"featured_media":44617,"comment_status":"closed","ping_status":"closed","template":"","meta":[],"product_cat":[12],"product_tag":[],"class_list":["post-44616","product","type-product","status-publish","has-post-thumbnail","hentry","product_cat-padaria"],"bundle_layout":"","bundled_by":[],"bundled_items":[],"yoast_head":"<!-- This site is optimized with the Yoast SEO plugin v26.3 - https:\/\/yoast.com\/wordpress\/plugins\/seo\/ -->\n<title>P\u00c3O DE LENHA ESPELTA &amp; CENTEIO 400GR<\/title>\n<meta name=\"description\" content=\"P\u00c3O DE LENHA ESPELTA &amp; CENTEIO 500GR\" \/>\n<meta name=\"robots\" content=\"index, follow, max-snippet:-1, max-image-preview:large, max-video-preview:-1\" \/>\n<link rel=\"canonical\" href=\"https:\/\/www.biocabaz.pt\/web\/produto\/pao-de-lenha-espelta-centeio-500gr\/\" \/>\n<meta property=\"og:locale\" content=\"pt_PT\" \/>\n<meta property=\"og:locale:alternate\" content=\"en_US\" \/>\n<meta property=\"og:type\" content=\"article\" \/>\n<meta property=\"og:title\" content=\"P\u00c3O DE LENHA ESPELTA &amp; CENTEIO 400GR\" \/>\n<meta property=\"og:description\" content=\"P\u00c3O DE LENHA ESPELTA &amp; CENTEIO 500GR\" \/>\n<meta property=\"og:url\" content=\"https:\/\/www.biocabaz.pt\/web\/produto\/pao-de-lenha-espelta-centeio-500gr\/\" \/>\n<meta property=\"og:site_name\" content=\"BIOCABAZ - CABAZES BIOL\u00d3GICOS\" \/>\n<meta property=\"article:modified_time\" content=\"2021-08-03T14:29:06+00:00\" \/>\n<meta property=\"og:image\" content=\"https:\/\/www.biocabaz.pt\/web\/wp-conteudos\/uploads\/2020\/05\/po-lenha-espelta-biolgico-kukuruza-scaled-e1589479419628.jpg\" \/>\n\t<meta property=\"og:image:width\" content=\"448\" \/>\n\t<meta property=\"og:image:height\" content=\"417\" \/>\n\t<meta property=\"og:image:type\" content=\"image\/jpeg\" \/>\n<meta name=\"twitter:card\" content=\"summary_large_image\" \/>\n<script type=\"application\/ld+json\" class=\"yoast-schema-graph\">{\"@context\":\"https:\/\/schema.org\",\"@graph\":[{\"@type\":\"WebPage\",\"@id\":\"https:\/\/www.biocabaz.pt\/web\/en\/produto\/pao-de-lenha-espelta-centeio-500gr\/\",\"url\":\"https:\/\/www.biocabaz.pt\/web\/en\/produto\/pao-de-lenha-espelta-centeio-500gr\/\",\"name\":\"P\u00c3O DE LENHA ESPELTA & CENTEIO 400GR\",\"isPartOf\":{\"@id\":\"https:\/\/biocabaz.pt\/web\/#website\"},\"primaryImageOfPage\":{\"@id\":\"https:\/\/www.biocabaz.pt\/web\/en\/produto\/pao-de-lenha-espelta-centeio-500gr\/#primaryimage\"},\"image\":{\"@id\":\"https:\/\/www.biocabaz.pt\/web\/en\/produto\/pao-de-lenha-espelta-centeio-500gr\/#primaryimage\"},\"thumbnailUrl\":\"https:\/\/www.biocabaz.pt\/web\/wp-conteudos\/uploads\/2020\/05\/po-lenha-espelta-biolgico-kukuruza-scaled-e1589479419628.jpg\",\"datePublished\":\"2020-05-14T18:04:04+00:00\",\"dateModified\":\"2021-08-03T14:29:06+00:00\",\"description\":\"P\u00c3O DE LENHA ESPELTA & CENTEIO 500GR\",\"breadcrumb\":{\"@id\":\"https:\/\/www.biocabaz.pt\/web\/en\/produto\/pao-de-lenha-espelta-centeio-500gr\/#breadcrumb\"},\"inLanguage\":\"pt-PT\",\"potentialAction\":[{\"@type\":\"ReadAction\",\"target\":[\"https:\/\/www.biocabaz.pt\/web\/en\/produto\/pao-de-lenha-espelta-centeio-500gr\/\"]}]},{\"@type\":\"ImageObject\",\"inLanguage\":\"pt-PT\",\"@id\":\"https:\/\/www.biocabaz.pt\/web\/en\/produto\/pao-de-lenha-espelta-centeio-500gr\/#primaryimage\",\"url\":\"https:\/\/www.biocabaz.pt\/web\/wp-conteudos\/uploads\/2020\/05\/po-lenha-espelta-biolgico-kukuruza-scaled-e1589479419628.jpg\",\"contentUrl\":\"https:\/\/www.biocabaz.pt\/web\/wp-conteudos\/uploads\/2020\/05\/po-lenha-espelta-biolgico-kukuruza-scaled-e1589479419628.jpg\",\"width\":448,\"height\":417,\"caption\":\"P\u00c3O DE LENHA ESPELTA & CENTEIO 500GR\"},{\"@type\":\"BreadcrumbList\",\"@id\":\"https:\/\/www.biocabaz.pt\/web\/en\/produto\/pao-de-lenha-espelta-centeio-500gr\/#breadcrumb\",\"itemListElement\":[{\"@type\":\"ListItem\",\"position\":1,\"name\":\"Home\",\"item\":\"https:\/\/biocabaz.pt\/web\/\"},{\"@type\":\"ListItem\",\"position\":2,\"name\":\"Loja\",\"item\":\"https:\/\/biocabaz.pt\/web\/shop\/\"},{\"@type\":\"ListItem\",\"position\":3,\"name\":\"SPELT AND RYE BREAD\"}]},{\"@type\":\"WebSite\",\"@id\":\"https:\/\/biocabaz.pt\/web\/#website\",\"url\":\"https:\/\/biocabaz.pt\/web\/\",\"name\":\"BIOCABAZ - CABAZES BIOL\u00d3GICOS\",\"description\":\"O melhor que a terra d\u00e1 \u00e9 para si\",\"potentialAction\":[{\"@type\":\"SearchAction\",\"target\":{\"@type\":\"EntryPoint\",\"urlTemplate\":\"https:\/\/biocabaz.pt\/web\/?s={search_term_string}\"},\"query-input\":{\"@type\":\"PropertyValueSpecification\",\"valueRequired\":true,\"valueName\":\"search_term_string\"}}],\"inLanguage\":\"pt-PT\"}]}<\/script>\n<!-- \/ Yoast SEO plugin. -->","yoast_head_json":{"title":"P\u00c3O DE LENHA ESPELTA & CENTEIO 400GR","description":"P\u00c3O DE LENHA ESPELTA & CENTEIO 500GR","robots":{"index":"index","follow":"follow","max-snippet":"max-snippet:-1","max-image-preview":"max-image-preview:large","max-video-preview":"max-video-preview:-1"},"canonical":"https:\/\/www.biocabaz.pt\/web\/produto\/pao-de-lenha-espelta-centeio-500gr\/","og_locale":"pt_PT","og_type":"article","og_title":"[:en]SPELT AND RYE BREAD[:pt]P\u00c3O DE LENHA ESPELTA & CENTEIO 400GR[:] - BIOCABAZ - CABAZES BIOL\u00d3GICOS","og_description":"P\u00c3O DE LENHA ESPELTA & CENTEIO 500GR","og_url":"https:\/\/www.biocabaz.pt\/web\/produto\/pao-de-lenha-espelta-centeio-500gr\/","og_site_name":"BIOCABAZ - CABAZES BIOL\u00d3GICOS","article_modified_time":"2021-08-03T14:29:06+00:00","og_image":[{"width":448,"height":417,"url":"https:\/\/www.biocabaz.pt\/web\/wp-conteudos\/uploads\/2020\/05\/po-lenha-espelta-biolgico-kukuruza-scaled-e1589479419628.jpg","type":"image\/jpeg"}],"twitter_card":"summary_large_image","schema":{"@context":"https:\/\/schema.org","@graph":[{"@type":"WebPage","@id":"https:\/\/www.biocabaz.pt\/web\/en\/produto\/pao-de-lenha-espelta-centeio-500gr\/","url":"https:\/\/www.biocabaz.pt\/web\/en\/produto\/pao-de-lenha-espelta-centeio-500gr\/","name":"P\u00c3O DE LENHA ESPELTA & CENTEIO 400GR","isPartOf":{"@id":"https:\/\/biocabaz.pt\/web\/#website"},"primaryImageOfPage":{"@id":"https:\/\/www.biocabaz.pt\/web\/en\/produto\/pao-de-lenha-espelta-centeio-500gr\/#primaryimage"},"image":{"@id":"https:\/\/www.biocabaz.pt\/web\/en\/produto\/pao-de-lenha-espelta-centeio-500gr\/#primaryimage"},"thumbnailUrl":"https:\/\/www.biocabaz.pt\/web\/wp-conteudos\/uploads\/2020\/05\/po-lenha-espelta-biolgico-kukuruza-scaled-e1589479419628.jpg","datePublished":"2020-05-14T18:04:04+00:00","dateModified":"2021-08-03T14:29:06+00:00","description":"P\u00c3O DE LENHA ESPELTA & CENTEIO 500GR","breadcrumb":{"@id":"https:\/\/www.biocabaz.pt\/web\/en\/produto\/pao-de-lenha-espelta-centeio-500gr\/#breadcrumb"},"inLanguage":"pt-PT","potentialAction":[{"@type":"ReadAction","target":["https:\/\/www.biocabaz.pt\/web\/en\/produto\/pao-de-lenha-espelta-centeio-500gr\/"]}]},{"@type":"ImageObject","inLanguage":"pt-PT","@id":"https:\/\/www.biocabaz.pt\/web\/en\/produto\/pao-de-lenha-espelta-centeio-500gr\/#primaryimage","url":"https:\/\/www.biocabaz.pt\/web\/wp-conteudos\/uploads\/2020\/05\/po-lenha-espelta-biolgico-kukuruza-scaled-e1589479419628.jpg","contentUrl":"https:\/\/www.biocabaz.pt\/web\/wp-conteudos\/uploads\/2020\/05\/po-lenha-espelta-biolgico-kukuruza-scaled-e1589479419628.jpg","width":448,"height":417,"caption":"P\u00c3O DE LENHA ESPELTA & CENTEIO 500GR"},{"@type":"BreadcrumbList","@id":"https:\/\/www.biocabaz.pt\/web\/en\/produto\/pao-de-lenha-espelta-centeio-500gr\/#breadcrumb","itemListElement":[{"@type":"ListItem","position":1,"name":"Home","item":"https:\/\/biocabaz.pt\/web\/"},{"@type":"ListItem","position":2,"name":"Loja","item":"https:\/\/biocabaz.pt\/web\/shop\/"},{"@type":"ListItem","position":3,"name":"SPELT AND RYE BREAD"}]},{"@type":"WebSite","@id":"https:\/\/biocabaz.pt\/web\/#website","url":"https:\/\/biocabaz.pt\/web\/","name":"BIOCABAZ - CABAZES BIOL\u00d3GICOS","description":"O melhor que a terra d\u00e1 \u00e9 para si","potentialAction":[{"@type":"SearchAction","target":{"@type":"EntryPoint","urlTemplate":"https:\/\/biocabaz.pt\/web\/?s={search_term_string}"},"query-input":{"@type":"PropertyValueSpecification","valueRequired":true,"valueName":"search_term_string"}}],"inLanguage":"pt-PT"}]}},"_links":{"self":[{"href":"https:\/\/www.biocabaz.pt\/web\/wp-json\/wp\/v2\/product\/44616","targetHints":{"allow":["GET"]}}],"collection":[{"href":"https:\/\/www.biocabaz.pt\/web\/wp-json\/wp\/v2\/product"}],"about":[{"href":"https:\/\/www.biocabaz.pt\/web\/wp-json\/wp\/v2\/types\/product"}],"replies":[{"embeddable":true,"href":"https:\/\/www.biocabaz.pt\/web\/wp-json\/wp\/v2\/comments?post=44616"}],"wp:featuredmedia":[{"embeddable":true,"href":"https:\/\/www.biocabaz.pt\/web\/wp-json\/wp\/v2\/media\/44617"}],"wp:attachment":[{"href":"https:\/\/www.biocabaz.pt\/web\/wp-json\/wp\/v2\/media?parent=44616"}],"wp:term":[{"taxonomy":"product_cat","embeddable":true,"href":"https:\/\/www.biocabaz.pt\/web\/wp-json\/wp\/v2\/product_cat?post=44616"},{"taxonomy":"product_tag","embeddable":true,"href":"https:\/\/www.biocabaz.pt\/web\/wp-json\/wp\/v2\/product_tag?post=44616"}],"curies":[{"name":"wp","href":"https:\/\/api.w.org\/{rel}","templated":true}]}}