{"id":3907,"date":"2017-05-28T09:26:04","date_gmt":"2017-05-28T09:26:04","guid":{"rendered":"http:\/\/www.biocabaz.pt\/web\/produto\/bebida-de-aveia-light-1l-isola\/"},"modified":"2022-03-11T11:29:45","modified_gmt":"2022-03-11T11:29:45","slug":"bebida-de-aveia-light-1l-isola","status":"publish","type":"product","link":"https:\/\/www.biocabaz.pt\/web\/produto\/bebida-de-aveia-light-1l-isola\/","title":{"rendered":"BEBIDA DE AVEIA LIGHT BIO ISOLA 1L"},"content":{"rendered":"<p><strong>Descri\u00e7\u00e3o <\/strong><br \/>\n\t\t\t\tIngredientes: \u00c1gua, aveia italiana* (11%), sal marinho. * De produ\u00e7\u00e3o Biol\u00f3gica.<\/p>\n<p><strong>Dados Nutricionais<\/strong><br \/>\n\t\t\t\tDeclara\u00e7\u00e3o Nutricional por 100ml: Energia: 37kcal\/ 158kj;<br \/> Prote\u00ednas: 0,6g;<br \/> Hidratos de Carbono: 7g &#8211; dos quais a\u00e7\u00facares: 3,8g;<br \/> L\u00edpidos: 0,6g &#8211; dos quais \u00e1cidos gordos saturados: 0,1g &#8211; dos quais \u00e1cidos gordos monoinsaturados: 0,2g &#8211; dos quais \u00e1cidos gordos poliinsaturados: 0,3g;<br \/> Fibras: 0,8g;<br \/> Sal: 0,08g.<\/p>\n<p><strong>Modo Utiliza\u00e7\u00e3o<\/strong><br \/>Agitar bem antes de beber. Depois de aberto conservar no frigor\u00edfico e consumir dentro de 3-4dias. Conservar em local fresco e seco. <\/p>\n","protected":false},"excerpt":{"rendered":"<p>Bebida refrescante, naturalmente doce, pode ser consumida quente ou fria. \u00c9 \u00f3ptima no caf\u00e9 da manh\u00e3 com cereais, ou ent\u00e3o misturada no caf\u00e9 ou no ch\u00e1. Na cozinha \u00e9 excelente na prepara\u00e7\u00e3o de deliciosas vitaminas, sobremesas e pratos \u00e0 base vegetal.<\/p>\n<p><strong>A aveia cont\u00e9m naturalmente gl\u00faten (al\u00e9rgeno).<\/strong><\/p>\n<p>Biol\u00f3gica *\u00a0Vegetal *\u00a0Sem Lactose *\u00a0Sem Adi\u00e7\u00e3o de A\u00e7\u00fbcares *\u00a0Com C\u00e1lcio<\/p>\n","protected":false},"featured_media":26693,"comment_status":"closed","ping_status":"closed","template":"","meta":[],"product_cat":[34],"product_tag":[],"class_list":["post-3907","product","type-product","status-publish","has-post-thumbnail","hentry","product_cat-leites-bebidas-vegetais"],"bundle_layout":"","bundled_by":[],"bundled_items":[],"yoast_head":"<!-- This site is optimized with the Yoast SEO plugin v26.3 - https:\/\/yoast.com\/wordpress\/plugins\/seo\/ -->\n<title>BEBIDA DE AVEIA LIGHT BIO ISOLA 1L<\/title>\n<meta name=\"robots\" content=\"index, follow, max-snippet:-1, max-image-preview:large, max-video-preview:-1\" \/>\n<link rel=\"canonical\" href=\"https:\/\/biocabaz.pt\/web\/en\/produto\/bebida-de-aveia-light-1l-isola\/\" \/>\n<meta property=\"og:locale\" content=\"pt_PT\" \/>\n<meta property=\"og:locale:alternate\" content=\"en_US\" \/>\n<meta property=\"og:type\" content=\"article\" \/>\n<meta property=\"og:title\" content=\"BEBIDA DE AVEIA LIGHT BIO ISOLA 1L\" \/>\n<meta property=\"og:description\" content=\"Bebida refrescante, naturalmente doce, pode ser consumida quente ou fria. \u00c9 \u00f3ptima no caf\u00e9 da manh\u00e3 com cereais, ou ent\u00e3o misturada no caf\u00e9 ou no ch\u00e1. Na cozinha \u00e9 excelente na prepara\u00e7\u00e3o de deliciosas vitaminas, sobremesas e pratos \u00e0 base vegetal.  A aveia cont\u00e9m naturalmente gl\u00faten (al\u00e9rgeno).  Biol\u00f3gica *\u00a0Vegetal *\u00a0Sem Lactose *\u00a0Sem Adi\u00e7\u00e3o de A\u00e7\u00fbcares *\u00a0Com C\u00e1lcio\" \/>\n<meta property=\"og:url\" content=\"https:\/\/www.biocabaz.pt\/web\/produto\/bebida-de-aveia-light-1l-isola\/\" \/>\n<meta property=\"og:site_name\" content=\"BIOCABAZ - CABAZES BIOL\u00d3GICOS\" \/>\n<meta property=\"article:modified_time\" content=\"2022-03-11T11:29:45+00:00\" \/>\n<meta property=\"og:image\" content=\"https:\/\/www.biocabaz.pt\/web\/wp-conteudos\/uploads\/2017\/05\/BEBIDA-DE-AVEIA-LIGHT-BIO-ISOLA-1L-e1564401470514.jpg\" \/>\n\t<meta property=\"og:image:width\" content=\"200\" \/>\n\t<meta property=\"og:image:height\" content=\"326\" \/>\n\t<meta property=\"og:image:type\" content=\"image\/jpeg\" \/>\n<meta name=\"twitter:card\" content=\"summary_large_image\" \/>\n<meta name=\"twitter:label1\" content=\"Est. reading time\" \/>\n\t<meta name=\"twitter:data1\" content=\"1 minuto\" \/>\n<script type=\"application\/ld+json\" class=\"yoast-schema-graph\">{\"@context\":\"https:\/\/schema.org\",\"@graph\":[{\"@type\":\"WebPage\",\"@id\":\"https:\/\/biocabaz.pt\/web\/en\/produto\/bebida-de-aveia-light-1l-isola\/\",\"url\":\"https:\/\/biocabaz.pt\/web\/en\/produto\/bebida-de-aveia-light-1l-isola\/\",\"name\":\"BEBIDA DE AVEIA LIGHT BIO ISOLA 1L\",\"isPartOf\":{\"@id\":\"https:\/\/biocabaz.pt\/web\/#website\"},\"primaryImageOfPage\":{\"@id\":\"https:\/\/biocabaz.pt\/web\/en\/produto\/bebida-de-aveia-light-1l-isola\/#primaryimage\"},\"image\":{\"@id\":\"https:\/\/biocabaz.pt\/web\/en\/produto\/bebida-de-aveia-light-1l-isola\/#primaryimage\"},\"thumbnailUrl\":\"https:\/\/www.biocabaz.pt\/web\/wp-conteudos\/uploads\/2017\/05\/BEBIDA-DE-AVEIA-LIGHT-BIO-ISOLA-1L-e1564401470514.jpg\",\"datePublished\":\"2017-05-28T09:26:04+00:00\",\"dateModified\":\"2022-03-11T11:29:45+00:00\",\"breadcrumb\":{\"@id\":\"https:\/\/biocabaz.pt\/web\/en\/produto\/bebida-de-aveia-light-1l-isola\/#breadcrumb\"},\"inLanguage\":\"pt-PT\",\"potentialAction\":[{\"@type\":\"ReadAction\",\"target\":[\"https:\/\/biocabaz.pt\/web\/en\/produto\/bebida-de-aveia-light-1l-isola\/\"]}]},{\"@type\":\"ImageObject\",\"inLanguage\":\"pt-PT\",\"@id\":\"https:\/\/biocabaz.pt\/web\/en\/produto\/bebida-de-aveia-light-1l-isola\/#primaryimage\",\"url\":\"https:\/\/www.biocabaz.pt\/web\/wp-conteudos\/uploads\/2017\/05\/BEBIDA-DE-AVEIA-LIGHT-BIO-ISOLA-1L-e1564401470514.jpg\",\"contentUrl\":\"https:\/\/www.biocabaz.pt\/web\/wp-conteudos\/uploads\/2017\/05\/BEBIDA-DE-AVEIA-LIGHT-BIO-ISOLA-1L-e1564401470514.jpg\",\"width\":200,\"height\":326,\"caption\":\"BEBIDA DE AVEIA LIGHT BIO ISOLA 1L\"},{\"@type\":\"BreadcrumbList\",\"@id\":\"https:\/\/biocabaz.pt\/web\/en\/produto\/bebida-de-aveia-light-1l-isola\/#breadcrumb\",\"itemListElement\":[{\"@type\":\"ListItem\",\"position\":1,\"name\":\"Home\",\"item\":\"https:\/\/biocabaz.pt\/web\/\"},{\"@type\":\"ListItem\",\"position\":2,\"name\":\"Loja\",\"item\":\"https:\/\/biocabaz.pt\/web\/shop\/\"},{\"@type\":\"ListItem\",\"position\":3,\"name\":\"ISOLA ORGANIC OAT LIGHT DRINK 1L\"}]},{\"@type\":\"WebSite\",\"@id\":\"https:\/\/biocabaz.pt\/web\/#website\",\"url\":\"https:\/\/biocabaz.pt\/web\/\",\"name\":\"BIOCABAZ - CABAZES BIOL\u00d3GICOS\",\"description\":\"O melhor que a terra d\u00e1 \u00e9 para si\",\"potentialAction\":[{\"@type\":\"SearchAction\",\"target\":{\"@type\":\"EntryPoint\",\"urlTemplate\":\"https:\/\/biocabaz.pt\/web\/?s={search_term_string}\"},\"query-input\":{\"@type\":\"PropertyValueSpecification\",\"valueRequired\":true,\"valueName\":\"search_term_string\"}}],\"inLanguage\":\"pt-PT\"}]}<\/script>\n<!-- \/ Yoast SEO plugin. -->","yoast_head_json":{"title":"BEBIDA DE AVEIA LIGHT BIO ISOLA 1L","robots":{"index":"index","follow":"follow","max-snippet":"max-snippet:-1","max-image-preview":"max-image-preview:large","max-video-preview":"max-video-preview:-1"},"canonical":"https:\/\/biocabaz.pt\/web\/en\/produto\/bebida-de-aveia-light-1l-isola\/","og_locale":"pt_PT","og_type":"article","og_title":"[:en]ISOLA ORGANIC OAT LIGHT DRINK 1L[:pt]BEBIDA DE AVEIA LIGHT BIO ISOLA 1L[:] - BIOCABAZ - CABAZES BIOL\u00d3GICOS","og_description":"Bebida refrescante, naturalmente doce, pode ser consumida quente ou fria. \u00c9 \u00f3ptima no caf\u00e9 da manh\u00e3 com cereais, ou ent\u00e3o misturada no caf\u00e9 ou no ch\u00e1. Na cozinha \u00e9 excelente na prepara\u00e7\u00e3o de deliciosas vitaminas, sobremesas e pratos \u00e0 base vegetal.  A aveia cont\u00e9m naturalmente gl\u00faten (al\u00e9rgeno).  Biol\u00f3gica *\u00a0Vegetal *\u00a0Sem Lactose *\u00a0Sem Adi\u00e7\u00e3o de A\u00e7\u00fbcares *\u00a0Com C\u00e1lcio","og_url":"https:\/\/www.biocabaz.pt\/web\/produto\/bebida-de-aveia-light-1l-isola\/","og_site_name":"BIOCABAZ - CABAZES BIOL\u00d3GICOS","article_modified_time":"2022-03-11T11:29:45+00:00","og_image":[{"width":200,"height":326,"url":"https:\/\/www.biocabaz.pt\/web\/wp-conteudos\/uploads\/2017\/05\/BEBIDA-DE-AVEIA-LIGHT-BIO-ISOLA-1L-e1564401470514.jpg","type":"image\/jpeg"}],"twitter_card":"summary_large_image","twitter_misc":{"Est. reading time":"1 minuto"},"schema":{"@context":"https:\/\/schema.org","@graph":[{"@type":"WebPage","@id":"https:\/\/biocabaz.pt\/web\/en\/produto\/bebida-de-aveia-light-1l-isola\/","url":"https:\/\/biocabaz.pt\/web\/en\/produto\/bebida-de-aveia-light-1l-isola\/","name":"BEBIDA DE AVEIA LIGHT BIO ISOLA 1L","isPartOf":{"@id":"https:\/\/biocabaz.pt\/web\/#website"},"primaryImageOfPage":{"@id":"https:\/\/biocabaz.pt\/web\/en\/produto\/bebida-de-aveia-light-1l-isola\/#primaryimage"},"image":{"@id":"https:\/\/biocabaz.pt\/web\/en\/produto\/bebida-de-aveia-light-1l-isola\/#primaryimage"},"thumbnailUrl":"https:\/\/www.biocabaz.pt\/web\/wp-conteudos\/uploads\/2017\/05\/BEBIDA-DE-AVEIA-LIGHT-BIO-ISOLA-1L-e1564401470514.jpg","datePublished":"2017-05-28T09:26:04+00:00","dateModified":"2022-03-11T11:29:45+00:00","breadcrumb":{"@id":"https:\/\/biocabaz.pt\/web\/en\/produto\/bebida-de-aveia-light-1l-isola\/#breadcrumb"},"inLanguage":"pt-PT","potentialAction":[{"@type":"ReadAction","target":["https:\/\/biocabaz.pt\/web\/en\/produto\/bebida-de-aveia-light-1l-isola\/"]}]},{"@type":"ImageObject","inLanguage":"pt-PT","@id":"https:\/\/biocabaz.pt\/web\/en\/produto\/bebida-de-aveia-light-1l-isola\/#primaryimage","url":"https:\/\/www.biocabaz.pt\/web\/wp-conteudos\/uploads\/2017\/05\/BEBIDA-DE-AVEIA-LIGHT-BIO-ISOLA-1L-e1564401470514.jpg","contentUrl":"https:\/\/www.biocabaz.pt\/web\/wp-conteudos\/uploads\/2017\/05\/BEBIDA-DE-AVEIA-LIGHT-BIO-ISOLA-1L-e1564401470514.jpg","width":200,"height":326,"caption":"BEBIDA DE AVEIA LIGHT BIO ISOLA 1L"},{"@type":"BreadcrumbList","@id":"https:\/\/biocabaz.pt\/web\/en\/produto\/bebida-de-aveia-light-1l-isola\/#breadcrumb","itemListElement":[{"@type":"ListItem","position":1,"name":"Home","item":"https:\/\/biocabaz.pt\/web\/"},{"@type":"ListItem","position":2,"name":"Loja","item":"https:\/\/biocabaz.pt\/web\/shop\/"},{"@type":"ListItem","position":3,"name":"ISOLA ORGANIC OAT LIGHT DRINK 1L"}]},{"@type":"WebSite","@id":"https:\/\/biocabaz.pt\/web\/#website","url":"https:\/\/biocabaz.pt\/web\/","name":"BIOCABAZ - CABAZES BIOL\u00d3GICOS","description":"O melhor que a terra d\u00e1 \u00e9 para si","potentialAction":[{"@type":"SearchAction","target":{"@type":"EntryPoint","urlTemplate":"https:\/\/biocabaz.pt\/web\/?s={search_term_string}"},"query-input":{"@type":"PropertyValueSpecification","valueRequired":true,"valueName":"search_term_string"}}],"inLanguage":"pt-PT"}]}},"_links":{"self":[{"href":"https:\/\/www.biocabaz.pt\/web\/wp-json\/wp\/v2\/product\/3907","targetHints":{"allow":["GET"]}}],"collection":[{"href":"https:\/\/www.biocabaz.pt\/web\/wp-json\/wp\/v2\/product"}],"about":[{"href":"https:\/\/www.biocabaz.pt\/web\/wp-json\/wp\/v2\/types\/product"}],"replies":[{"embeddable":true,"href":"https:\/\/www.biocabaz.pt\/web\/wp-json\/wp\/v2\/comments?post=3907"}],"wp:featuredmedia":[{"embeddable":true,"href":"https:\/\/www.biocabaz.pt\/web\/wp-json\/wp\/v2\/media\/26693"}],"wp:attachment":[{"href":"https:\/\/www.biocabaz.pt\/web\/wp-json\/wp\/v2\/media?parent=3907"}],"wp:term":[{"taxonomy":"product_cat","embeddable":true,"href":"https:\/\/www.biocabaz.pt\/web\/wp-json\/wp\/v2\/product_cat?post=3907"},{"taxonomy":"product_tag","embeddable":true,"href":"https:\/\/www.biocabaz.pt\/web\/wp-json\/wp\/v2\/product_tag?post=3907"}],"curies":[{"name":"wp","href":"https:\/\/api.w.org\/{rel}","templated":true}]}}