{"id":26740,"date":"2019-07-29T13:56:11","date_gmt":"2019-07-29T13:56:11","guid":{"rendered":"https:\/\/www.biocabaz.pt\/web\/?post_type=product&#038;p=26740"},"modified":"2023-04-15T14:38:44","modified_gmt":"2023-04-15T14:38:44","slug":"bebida-de-arroz-com-amendoa-bio-isola-250ml","status":"publish","type":"product","link":"https:\/\/www.biocabaz.pt\/web\/produto\/bebida-de-arroz-com-amendoa-bio-isola-250ml\/","title":{"rendered":"BEBIDA DE ARROZ COM AM\u00caNDOA BIO ISOLA 250ML"},"content":{"rendered":"<p><strong>Descri\u00e7\u00e3o <\/strong><br \/>\nIngredientes: \u00c1gua, arroz italiano* (17%), am\u00eandoas* (35), \u00f3leo de sementes de girassol extra\u00eddo a frio* e sal * de produ\u00e7\u00e3o biol\u00f3gica.<\/p>\n<p><strong>Dados Nutricionais<\/strong><br \/>\nDeclara\u00e7\u00e3o Nutricional por 100ml:<br \/>\nEnergia: 352kj \/ 84kcal;<br \/>\nProte\u00ednas: 1g; Hidratos de Carbono: 13g &#8211; dos quais a\u00e7\u00facares: 5,5g;<br \/>\nL\u00edpidos: 2,9g &#8211; dos quais \u00e1cidos gordos saturados: 0,5g \u2013 dos quais \u00e1cidos gordos monosaturados: 1,5g \u2013 dos quais \u00e1cidos gordos poliinsaturados: 0,9g;<br \/>\nFibra: 0,8g;<br \/>\nSal: 0,08g.<\/p>\n<p><strong>Modo Utiliza\u00e7\u00e3o<\/strong><br \/>\nAgitar bem antes de beber. Depois de aberto conservar no frigor\u00edfico e consumir dentro de 3-4dias. Conservar em local fresco e seco.<\/p>\n","protected":false},"excerpt":{"rendered":"<p>Descri\u00e7\u00e3o Ingredientes: \u00c1gua, arroz italiano* (17%), am\u00eandoas* (35), \u00f3leo de sementes de girassol extra\u00eddo a frio* e sal * de produ\u00e7\u00e3o biol\u00f3gica. Dados Nutricionais Declara\u00e7\u00e3o Nutricional por 100ml: Energia: 352kj \/ 84kcal; Prote\u00ednas: 1g; Hidratos de Carbono: 13g &#8211; dos quais a\u00e7\u00facares: 5,5g; L\u00edpidos: 2,9g &#8211; dos quais \u00e1cidos gordos saturados: 0,5g \u2013 dos quais [&hellip;]<\/p>\n","protected":false},"featured_media":26731,"comment_status":"closed","ping_status":"closed","template":"","meta":[],"product_cat":[34],"product_tag":[],"class_list":["post-26740","product","type-product","status-publish","has-post-thumbnail","hentry","product_cat-leites-bebidas-vegetais"],"bundle_layout":"","bundled_by":[],"bundled_items":[],"yoast_head":"<!-- This site is optimized with the Yoast SEO plugin v26.3 - https:\/\/yoast.com\/wordpress\/plugins\/seo\/ -->\n<title>BEBIDA DE ARROZ COM AM\u00caNDOA BIO ISOLA 250ML<\/title>\n<meta name=\"robots\" content=\"index, follow, max-snippet:-1, max-image-preview:large, max-video-preview:-1\" \/>\n<link rel=\"canonical\" href=\"https:\/\/www.biocabaz.pt\/web\/produto\/bebida-de-arroz-com-amendoa-bio-isola-250ml\/\" \/>\n<meta property=\"og:locale\" content=\"pt_PT\" \/>\n<meta property=\"og:locale:alternate\" content=\"en_US\" \/>\n<meta property=\"og:type\" content=\"article\" \/>\n<meta property=\"og:title\" content=\"BEBIDA DE ARROZ COM AM\u00caNDOA BIO ISOLA 250ML\" \/>\n<meta property=\"og:description\" content=\"Descri\u00e7\u00e3o Ingredientes: \u00c1gua, arroz italiano* (17%), am\u00eandoas* (35), \u00f3leo de sementes de girassol extra\u00eddo a frio* e sal * de produ\u00e7\u00e3o biol\u00f3gica. Dados Nutricionais Declara\u00e7\u00e3o Nutricional por 100ml: Energia: 352kj \/ 84kcal; Prote\u00ednas: 1g; Hidratos de Carbono: 13g &#8211; dos quais a\u00e7\u00facares: 5,5g; L\u00edpidos: 2,9g &#8211; dos quais \u00e1cidos gordos saturados: 0,5g \u2013 dos quais [&hellip;]\" \/>\n<meta property=\"og:url\" content=\"https:\/\/www.biocabaz.pt\/web\/produto\/bebida-de-arroz-com-amendoa-bio-isola-250ml\/\" \/>\n<meta property=\"og:site_name\" content=\"BIOCABAZ - CABAZES BIOL\u00d3GICOS\" \/>\n<meta property=\"article:modified_time\" content=\"2023-04-15T14:38:44+00:00\" \/>\n<meta property=\"og:image\" content=\"https:\/\/www.biocabaz.pt\/web\/wp-conteudos\/uploads\/2019\/07\/BEBIDA-DE-ARROZ-COM-AM\u00caNDOA-BIO-ISOLA-250ML-e1564408541212.jpg\" \/>\n\t<meta property=\"og:image:width\" content=\"500\" \/>\n\t<meta property=\"og:image:height\" content=\"1248\" \/>\n\t<meta property=\"og:image:type\" content=\"image\/jpeg\" \/>\n<meta name=\"twitter:card\" content=\"summary_large_image\" \/>\n<meta name=\"twitter:label1\" content=\"Est. reading time\" \/>\n\t<meta name=\"twitter:data1\" content=\"1 minuto\" \/>\n<script type=\"application\/ld+json\" class=\"yoast-schema-graph\">{\"@context\":\"https:\/\/schema.org\",\"@graph\":[{\"@type\":\"WebPage\",\"@id\":\"https:\/\/www.biocabaz.pt\/web\/en\/produto\/bebida-de-arroz-com-amendoa-bio-isola-250ml\/\",\"url\":\"https:\/\/www.biocabaz.pt\/web\/en\/produto\/bebida-de-arroz-com-amendoa-bio-isola-250ml\/\",\"name\":\"BEBIDA DE ARROZ COM AM\u00caNDOA BIO ISOLA 250ML\",\"isPartOf\":{\"@id\":\"https:\/\/www.biocabaz.pt\/web\/#website\"},\"primaryImageOfPage\":{\"@id\":\"https:\/\/www.biocabaz.pt\/web\/en\/produto\/bebida-de-arroz-com-amendoa-bio-isola-250ml\/#primaryimage\"},\"image\":{\"@id\":\"https:\/\/www.biocabaz.pt\/web\/en\/produto\/bebida-de-arroz-com-amendoa-bio-isola-250ml\/#primaryimage\"},\"thumbnailUrl\":\"https:\/\/www.biocabaz.pt\/web\/wp-conteudos\/uploads\/2019\/07\/BEBIDA-DE-ARROZ-COM-AM\u00caNDOA-BIO-ISOLA-250ML-e1564408541212.jpg\",\"datePublished\":\"2019-07-29T13:56:11+00:00\",\"dateModified\":\"2023-04-15T14:38:44+00:00\",\"breadcrumb\":{\"@id\":\"https:\/\/www.biocabaz.pt\/web\/en\/produto\/bebida-de-arroz-com-amendoa-bio-isola-250ml\/#breadcrumb\"},\"inLanguage\":\"pt-PT\",\"potentialAction\":[{\"@type\":\"ReadAction\",\"target\":[\"https:\/\/www.biocabaz.pt\/web\/en\/produto\/bebida-de-arroz-com-amendoa-bio-isola-250ml\/\"]}]},{\"@type\":\"ImageObject\",\"inLanguage\":\"pt-PT\",\"@id\":\"https:\/\/www.biocabaz.pt\/web\/en\/produto\/bebida-de-arroz-com-amendoa-bio-isola-250ml\/#primaryimage\",\"url\":\"https:\/\/www.biocabaz.pt\/web\/wp-conteudos\/uploads\/2019\/07\/BEBIDA-DE-ARROZ-COM-AM\u00caNDOA-BIO-ISOLA-250ML-e1564408541212.jpg\",\"contentUrl\":\"https:\/\/www.biocabaz.pt\/web\/wp-conteudos\/uploads\/2019\/07\/BEBIDA-DE-ARROZ-COM-AM\u00caNDOA-BIO-ISOLA-250ML-e1564408541212.jpg\",\"width\":500,\"height\":1248,\"caption\":\"BEBIDA DE ARROZ COM AM\u00caNDOA BIO ISOLA 250ML\"},{\"@type\":\"BreadcrumbList\",\"@id\":\"https:\/\/www.biocabaz.pt\/web\/en\/produto\/bebida-de-arroz-com-amendoa-bio-isola-250ml\/#breadcrumb\",\"itemListElement\":[{\"@type\":\"ListItem\",\"position\":1,\"name\":\"Home\",\"item\":\"https:\/\/www.biocabaz.pt\/web\/\"},{\"@type\":\"ListItem\",\"position\":2,\"name\":\"Shop\",\"item\":\"https:\/\/www.biocabaz.pt\/web\/en\/shop\/\"},{\"@type\":\"ListItem\",\"position\":3,\"name\":\"ISOLA ORGANIC RICE ALMOND DRINK 250ML\"}]},{\"@type\":\"WebSite\",\"@id\":\"https:\/\/www.biocabaz.pt\/web\/#website\",\"url\":\"https:\/\/www.biocabaz.pt\/web\/\",\"name\":\"BIOCABAZ - CABAZES BIOL\u00d3GICOS\",\"description\":\"O melhor que a terra d\u00e1 \u00e9 para si\",\"potentialAction\":[{\"@type\":\"SearchAction\",\"target\":{\"@type\":\"EntryPoint\",\"urlTemplate\":\"https:\/\/www.biocabaz.pt\/web\/?s={search_term_string}\"},\"query-input\":{\"@type\":\"PropertyValueSpecification\",\"valueRequired\":true,\"valueName\":\"search_term_string\"}}],\"inLanguage\":\"pt-PT\"}]}<\/script>\n<!-- \/ Yoast SEO plugin. -->","yoast_head_json":{"title":"BEBIDA DE ARROZ COM AM\u00caNDOA BIO ISOLA 250ML","robots":{"index":"index","follow":"follow","max-snippet":"max-snippet:-1","max-image-preview":"max-image-preview:large","max-video-preview":"max-video-preview:-1"},"canonical":"https:\/\/www.biocabaz.pt\/web\/produto\/bebida-de-arroz-com-amendoa-bio-isola-250ml\/","og_locale":"pt_PT","og_type":"article","og_title":"[:en]ISOLA ORGANIC RICE ALMOND DRINK 250ML[:pt]BEBIDA DE ARROZ COM AM\u00caNDOA BIO ISOLA 250ML[:] - BIOCABAZ - CABAZES BIOL\u00d3GICOS","og_description":"Descri\u00e7\u00e3o Ingredientes: \u00c1gua, arroz italiano* (17%), am\u00eandoas* (35), \u00f3leo de sementes de girassol extra\u00eddo a frio* e sal * de produ\u00e7\u00e3o biol\u00f3gica. Dados Nutricionais Declara\u00e7\u00e3o Nutricional por 100ml: Energia: 352kj \/ 84kcal; Prote\u00ednas: 1g; Hidratos de Carbono: 13g &#8211; dos quais a\u00e7\u00facares: 5,5g; L\u00edpidos: 2,9g &#8211; dos quais \u00e1cidos gordos saturados: 0,5g \u2013 dos quais [&hellip;]","og_url":"https:\/\/www.biocabaz.pt\/web\/produto\/bebida-de-arroz-com-amendoa-bio-isola-250ml\/","og_site_name":"BIOCABAZ - CABAZES BIOL\u00d3GICOS","article_modified_time":"2023-04-15T14:38:44+00:00","og_image":[{"width":500,"height":1248,"url":"https:\/\/www.biocabaz.pt\/web\/wp-conteudos\/uploads\/2019\/07\/BEBIDA-DE-ARROZ-COM-AM\u00caNDOA-BIO-ISOLA-250ML-e1564408541212.jpg","type":"image\/jpeg"}],"twitter_card":"summary_large_image","twitter_misc":{"Est. reading time":"1 minuto"},"schema":{"@context":"https:\/\/schema.org","@graph":[{"@type":"WebPage","@id":"https:\/\/www.biocabaz.pt\/web\/en\/produto\/bebida-de-arroz-com-amendoa-bio-isola-250ml\/","url":"https:\/\/www.biocabaz.pt\/web\/en\/produto\/bebida-de-arroz-com-amendoa-bio-isola-250ml\/","name":"BEBIDA DE ARROZ COM AM\u00caNDOA BIO ISOLA 250ML","isPartOf":{"@id":"https:\/\/www.biocabaz.pt\/web\/#website"},"primaryImageOfPage":{"@id":"https:\/\/www.biocabaz.pt\/web\/en\/produto\/bebida-de-arroz-com-amendoa-bio-isola-250ml\/#primaryimage"},"image":{"@id":"https:\/\/www.biocabaz.pt\/web\/en\/produto\/bebida-de-arroz-com-amendoa-bio-isola-250ml\/#primaryimage"},"thumbnailUrl":"https:\/\/www.biocabaz.pt\/web\/wp-conteudos\/uploads\/2019\/07\/BEBIDA-DE-ARROZ-COM-AM\u00caNDOA-BIO-ISOLA-250ML-e1564408541212.jpg","datePublished":"2019-07-29T13:56:11+00:00","dateModified":"2023-04-15T14:38:44+00:00","breadcrumb":{"@id":"https:\/\/www.biocabaz.pt\/web\/en\/produto\/bebida-de-arroz-com-amendoa-bio-isola-250ml\/#breadcrumb"},"inLanguage":"pt-PT","potentialAction":[{"@type":"ReadAction","target":["https:\/\/www.biocabaz.pt\/web\/en\/produto\/bebida-de-arroz-com-amendoa-bio-isola-250ml\/"]}]},{"@type":"ImageObject","inLanguage":"pt-PT","@id":"https:\/\/www.biocabaz.pt\/web\/en\/produto\/bebida-de-arroz-com-amendoa-bio-isola-250ml\/#primaryimage","url":"https:\/\/www.biocabaz.pt\/web\/wp-conteudos\/uploads\/2019\/07\/BEBIDA-DE-ARROZ-COM-AM\u00caNDOA-BIO-ISOLA-250ML-e1564408541212.jpg","contentUrl":"https:\/\/www.biocabaz.pt\/web\/wp-conteudos\/uploads\/2019\/07\/BEBIDA-DE-ARROZ-COM-AM\u00caNDOA-BIO-ISOLA-250ML-e1564408541212.jpg","width":500,"height":1248,"caption":"BEBIDA DE ARROZ COM AM\u00caNDOA BIO ISOLA 250ML"},{"@type":"BreadcrumbList","@id":"https:\/\/www.biocabaz.pt\/web\/en\/produto\/bebida-de-arroz-com-amendoa-bio-isola-250ml\/#breadcrumb","itemListElement":[{"@type":"ListItem","position":1,"name":"Home","item":"https:\/\/www.biocabaz.pt\/web\/"},{"@type":"ListItem","position":2,"name":"Shop","item":"https:\/\/www.biocabaz.pt\/web\/en\/shop\/"},{"@type":"ListItem","position":3,"name":"ISOLA ORGANIC RICE ALMOND DRINK 250ML"}]},{"@type":"WebSite","@id":"https:\/\/www.biocabaz.pt\/web\/#website","url":"https:\/\/www.biocabaz.pt\/web\/","name":"BIOCABAZ - CABAZES BIOL\u00d3GICOS","description":"O melhor que a terra d\u00e1 \u00e9 para si","potentialAction":[{"@type":"SearchAction","target":{"@type":"EntryPoint","urlTemplate":"https:\/\/www.biocabaz.pt\/web\/?s={search_term_string}"},"query-input":{"@type":"PropertyValueSpecification","valueRequired":true,"valueName":"search_term_string"}}],"inLanguage":"pt-PT"}]}},"_links":{"self":[{"href":"https:\/\/www.biocabaz.pt\/web\/wp-json\/wp\/v2\/product\/26740","targetHints":{"allow":["GET"]}}],"collection":[{"href":"https:\/\/www.biocabaz.pt\/web\/wp-json\/wp\/v2\/product"}],"about":[{"href":"https:\/\/www.biocabaz.pt\/web\/wp-json\/wp\/v2\/types\/product"}],"replies":[{"embeddable":true,"href":"https:\/\/www.biocabaz.pt\/web\/wp-json\/wp\/v2\/comments?post=26740"}],"wp:featuredmedia":[{"embeddable":true,"href":"https:\/\/www.biocabaz.pt\/web\/wp-json\/wp\/v2\/media\/26731"}],"wp:attachment":[{"href":"https:\/\/www.biocabaz.pt\/web\/wp-json\/wp\/v2\/media?parent=26740"}],"wp:term":[{"taxonomy":"product_cat","embeddable":true,"href":"https:\/\/www.biocabaz.pt\/web\/wp-json\/wp\/v2\/product_cat?post=26740"},{"taxonomy":"product_tag","embeddable":true,"href":"https:\/\/www.biocabaz.pt\/web\/wp-json\/wp\/v2\/product_tag?post=26740"}],"curies":[{"name":"wp","href":"https:\/\/api.w.org\/{rel}","templated":true}]}}