{"id":25885,"date":"2019-07-08T10:25:18","date_gmt":"2019-07-08T10:25:18","guid":{"rendered":"https:\/\/www.biocabaz.pt\/web\/?post_type=product&#038;p=25885"},"modified":"2020-08-21T16:24:25","modified_gmt":"2020-08-21T16:24:25","slug":"molho-de-tomate-provence-bio-370g-green-organics","status":"publish","type":"product","link":"https:\/\/www.biocabaz.pt\/web\/produto\/molho-de-tomate-provence-bio-370g-green-organics\/","title":{"rendered":"MOLHO DE TOMATE PROVENCE BIO 370G GREEN ORGANICS"},"content":{"rendered":"","protected":false},"excerpt":{"rendered":"","protected":false},"featured_media":25880,"comment_status":"closed","ping_status":"closed","template":"","meta":[],"product_cat":[27],"product_tag":[],"class_list":["post-25885","product","type-product","status-publish","has-post-thumbnail","hentry","product_cat-sal-especiarias-temperos"],"bundle_layout":"","bundled_by":[],"bundled_items":[],"yoast_head":"<!-- This site is optimized with the Yoast SEO plugin v26.3 - https:\/\/yoast.com\/wordpress\/plugins\/seo\/ -->\n<title>MOLHO DE TOMATE PROVENCE BIO 370G GREEN ORGANICS<\/title>\n<meta name=\"robots\" content=\"index, follow, max-snippet:-1, max-image-preview:large, max-video-preview:-1\" \/>\n<link rel=\"canonical\" href=\"https:\/\/www.biocabaz.pt\/web\/produto\/molho-de-tomate-provence-bio-370g-green-organics\/\" \/>\n<meta property=\"og:locale\" content=\"pt_PT\" \/>\n<meta property=\"og:locale:alternate\" content=\"en_US\" \/>\n<meta property=\"og:type\" content=\"article\" \/>\n<meta property=\"og:title\" content=\"MOLHO DE TOMATE PROVENCE BIO 370G GREEN ORGANICS\" \/>\n<meta property=\"og:url\" content=\"https:\/\/www.biocabaz.pt\/web\/produto\/molho-de-tomate-provence-bio-370g-green-organics\/\" \/>\n<meta property=\"og:site_name\" content=\"BIOCABAZ - CABAZES BIOL\u00d3GICOS\" \/>\n<meta property=\"article:modified_time\" content=\"2020-08-21T16:24:25+00:00\" \/>\n<meta property=\"og:image\" content=\"https:\/\/www.biocabaz.pt\/web\/wp-conteudos\/uploads\/2019\/07\/MOLHO-DE-TOMATE-PROVENCE-BIO-370G-GREEN-ORGANICS-e1562581451569.jpg\" \/>\n\t<meta property=\"og:image:width\" content=\"500\" \/>\n\t<meta property=\"og:image:height\" content=\"849\" \/>\n\t<meta property=\"og:image:type\" content=\"image\/jpeg\" \/>\n<meta name=\"twitter:card\" content=\"summary_large_image\" \/>\n<script type=\"application\/ld+json\" class=\"yoast-schema-graph\">{\"@context\":\"https:\/\/schema.org\",\"@graph\":[{\"@type\":\"WebPage\",\"@id\":\"https:\/\/www.biocabaz.pt\/web\/en\/produto\/molho-de-tomate-provence-bio-370g-green-organics\/\",\"url\":\"https:\/\/www.biocabaz.pt\/web\/en\/produto\/molho-de-tomate-provence-bio-370g-green-organics\/\",\"name\":\"MOLHO DE TOMATE PROVENCE BIO 370G GREEN ORGANICS\",\"isPartOf\":{\"@id\":\"https:\/\/www.biocabaz.pt\/web\/en\/#website\"},\"primaryImageOfPage\":{\"@id\":\"https:\/\/www.biocabaz.pt\/web\/en\/produto\/molho-de-tomate-provence-bio-370g-green-organics\/#primaryimage\"},\"image\":{\"@id\":\"https:\/\/www.biocabaz.pt\/web\/en\/produto\/molho-de-tomate-provence-bio-370g-green-organics\/#primaryimage\"},\"thumbnailUrl\":\"https:\/\/www.biocabaz.pt\/web\/wp-conteudos\/uploads\/2019\/07\/MOLHO-DE-TOMATE-PROVENCE-BIO-370G-GREEN-ORGANICS-e1562581451569.jpg\",\"datePublished\":\"2019-07-08T10:25:18+00:00\",\"dateModified\":\"2020-08-21T16:24:25+00:00\",\"breadcrumb\":{\"@id\":\"https:\/\/www.biocabaz.pt\/web\/en\/produto\/molho-de-tomate-provence-bio-370g-green-organics\/#breadcrumb\"},\"inLanguage\":\"pt-PT\",\"potentialAction\":[{\"@type\":\"ReadAction\",\"target\":[\"https:\/\/www.biocabaz.pt\/web\/en\/produto\/molho-de-tomate-provence-bio-370g-green-organics\/\"]}]},{\"@type\":\"ImageObject\",\"inLanguage\":\"pt-PT\",\"@id\":\"https:\/\/www.biocabaz.pt\/web\/en\/produto\/molho-de-tomate-provence-bio-370g-green-organics\/#primaryimage\",\"url\":\"https:\/\/www.biocabaz.pt\/web\/wp-conteudos\/uploads\/2019\/07\/MOLHO-DE-TOMATE-PROVENCE-BIO-370G-GREEN-ORGANICS-e1562581451569.jpg\",\"contentUrl\":\"https:\/\/www.biocabaz.pt\/web\/wp-conteudos\/uploads\/2019\/07\/MOLHO-DE-TOMATE-PROVENCE-BIO-370G-GREEN-ORGANICS-e1562581451569.jpg\",\"width\":500,\"height\":849,\"caption\":\"MOLHO DE TOMATE PROVENCE BIO 370G GREEN ORGANICS\"},{\"@type\":\"BreadcrumbList\",\"@id\":\"https:\/\/www.biocabaz.pt\/web\/en\/produto\/molho-de-tomate-provence-bio-370g-green-organics\/#breadcrumb\",\"itemListElement\":[{\"@type\":\"ListItem\",\"position\":1,\"name\":\"Home\",\"item\":\"https:\/\/www.biocabaz.pt\/web\/en\/\"},{\"@type\":\"ListItem\",\"position\":2,\"name\":\"Shop\",\"item\":\"https:\/\/www.biocabaz.pt\/web\/en\/shop\/\"},{\"@type\":\"ListItem\",\"position\":3,\"name\":\"GREEN ORGANICS ORGANIC PROVENCAL TOMATO SAUCE 370GR\"}]},{\"@type\":\"WebSite\",\"@id\":\"https:\/\/www.biocabaz.pt\/web\/en\/#website\",\"url\":\"https:\/\/www.biocabaz.pt\/web\/en\/\",\"name\":\"BIOCABAZ - CABAZES BIOL\u00d3GICOS\",\"description\":\"O melhor que a terra d\u00e1 \u00e9 para si\",\"potentialAction\":[{\"@type\":\"SearchAction\",\"target\":{\"@type\":\"EntryPoint\",\"urlTemplate\":\"https:\/\/www.biocabaz.pt\/web\/en\/?s={search_term_string}\"},\"query-input\":{\"@type\":\"PropertyValueSpecification\",\"valueRequired\":true,\"valueName\":\"search_term_string\"}}],\"inLanguage\":\"pt-PT\"}]}<\/script>\n<!-- \/ Yoast SEO plugin. -->","yoast_head_json":{"title":"MOLHO DE TOMATE PROVENCE BIO 370G GREEN ORGANICS","robots":{"index":"index","follow":"follow","max-snippet":"max-snippet:-1","max-image-preview":"max-image-preview:large","max-video-preview":"max-video-preview:-1"},"canonical":"https:\/\/www.biocabaz.pt\/web\/produto\/molho-de-tomate-provence-bio-370g-green-organics\/","og_locale":"pt_PT","og_type":"article","og_title":"[:pt]MOLHO DE TOMATE PROVENCE BIO 370G GREEN ORGANICS[:en]GREEN ORGANICS ORGANIC PROVENCAL TOMATO SAUCE 370GR[:] - BIOCABAZ - CABAZES BIOL\u00d3GICOS","og_url":"https:\/\/www.biocabaz.pt\/web\/produto\/molho-de-tomate-provence-bio-370g-green-organics\/","og_site_name":"BIOCABAZ - CABAZES BIOL\u00d3GICOS","article_modified_time":"2020-08-21T16:24:25+00:00","og_image":[{"width":500,"height":849,"url":"https:\/\/www.biocabaz.pt\/web\/wp-conteudos\/uploads\/2019\/07\/MOLHO-DE-TOMATE-PROVENCE-BIO-370G-GREEN-ORGANICS-e1562581451569.jpg","type":"image\/jpeg"}],"twitter_card":"summary_large_image","schema":{"@context":"https:\/\/schema.org","@graph":[{"@type":"WebPage","@id":"https:\/\/www.biocabaz.pt\/web\/en\/produto\/molho-de-tomate-provence-bio-370g-green-organics\/","url":"https:\/\/www.biocabaz.pt\/web\/en\/produto\/molho-de-tomate-provence-bio-370g-green-organics\/","name":"MOLHO DE TOMATE PROVENCE BIO 370G GREEN ORGANICS","isPartOf":{"@id":"https:\/\/www.biocabaz.pt\/web\/en\/#website"},"primaryImageOfPage":{"@id":"https:\/\/www.biocabaz.pt\/web\/en\/produto\/molho-de-tomate-provence-bio-370g-green-organics\/#primaryimage"},"image":{"@id":"https:\/\/www.biocabaz.pt\/web\/en\/produto\/molho-de-tomate-provence-bio-370g-green-organics\/#primaryimage"},"thumbnailUrl":"https:\/\/www.biocabaz.pt\/web\/wp-conteudos\/uploads\/2019\/07\/MOLHO-DE-TOMATE-PROVENCE-BIO-370G-GREEN-ORGANICS-e1562581451569.jpg","datePublished":"2019-07-08T10:25:18+00:00","dateModified":"2020-08-21T16:24:25+00:00","breadcrumb":{"@id":"https:\/\/www.biocabaz.pt\/web\/en\/produto\/molho-de-tomate-provence-bio-370g-green-organics\/#breadcrumb"},"inLanguage":"pt-PT","potentialAction":[{"@type":"ReadAction","target":["https:\/\/www.biocabaz.pt\/web\/en\/produto\/molho-de-tomate-provence-bio-370g-green-organics\/"]}]},{"@type":"ImageObject","inLanguage":"pt-PT","@id":"https:\/\/www.biocabaz.pt\/web\/en\/produto\/molho-de-tomate-provence-bio-370g-green-organics\/#primaryimage","url":"https:\/\/www.biocabaz.pt\/web\/wp-conteudos\/uploads\/2019\/07\/MOLHO-DE-TOMATE-PROVENCE-BIO-370G-GREEN-ORGANICS-e1562581451569.jpg","contentUrl":"https:\/\/www.biocabaz.pt\/web\/wp-conteudos\/uploads\/2019\/07\/MOLHO-DE-TOMATE-PROVENCE-BIO-370G-GREEN-ORGANICS-e1562581451569.jpg","width":500,"height":849,"caption":"MOLHO DE TOMATE PROVENCE BIO 370G GREEN ORGANICS"},{"@type":"BreadcrumbList","@id":"https:\/\/www.biocabaz.pt\/web\/en\/produto\/molho-de-tomate-provence-bio-370g-green-organics\/#breadcrumb","itemListElement":[{"@type":"ListItem","position":1,"name":"Home","item":"https:\/\/www.biocabaz.pt\/web\/en\/"},{"@type":"ListItem","position":2,"name":"Shop","item":"https:\/\/www.biocabaz.pt\/web\/en\/shop\/"},{"@type":"ListItem","position":3,"name":"GREEN ORGANICS ORGANIC PROVENCAL TOMATO SAUCE 370GR"}]},{"@type":"WebSite","@id":"https:\/\/www.biocabaz.pt\/web\/en\/#website","url":"https:\/\/www.biocabaz.pt\/web\/en\/","name":"BIOCABAZ - CABAZES BIOL\u00d3GICOS","description":"O melhor que a terra d\u00e1 \u00e9 para si","potentialAction":[{"@type":"SearchAction","target":{"@type":"EntryPoint","urlTemplate":"https:\/\/www.biocabaz.pt\/web\/en\/?s={search_term_string}"},"query-input":{"@type":"PropertyValueSpecification","valueRequired":true,"valueName":"search_term_string"}}],"inLanguage":"pt-PT"}]}},"_links":{"self":[{"href":"https:\/\/www.biocabaz.pt\/web\/wp-json\/wp\/v2\/product\/25885","targetHints":{"allow":["GET"]}}],"collection":[{"href":"https:\/\/www.biocabaz.pt\/web\/wp-json\/wp\/v2\/product"}],"about":[{"href":"https:\/\/www.biocabaz.pt\/web\/wp-json\/wp\/v2\/types\/product"}],"replies":[{"embeddable":true,"href":"https:\/\/www.biocabaz.pt\/web\/wp-json\/wp\/v2\/comments?post=25885"}],"wp:featuredmedia":[{"embeddable":true,"href":"https:\/\/www.biocabaz.pt\/web\/wp-json\/wp\/v2\/media\/25880"}],"wp:attachment":[{"href":"https:\/\/www.biocabaz.pt\/web\/wp-json\/wp\/v2\/media?parent=25885"}],"wp:term":[{"taxonomy":"product_cat","embeddable":true,"href":"https:\/\/www.biocabaz.pt\/web\/wp-json\/wp\/v2\/product_cat?post=25885"},{"taxonomy":"product_tag","embeddable":true,"href":"https:\/\/www.biocabaz.pt\/web\/wp-json\/wp\/v2\/product_tag?post=25885"}],"curies":[{"name":"wp","href":"https:\/\/api.w.org\/{rel}","templated":true}]}}