{"id":25564,"date":"2019-07-01T11:19:37","date_gmt":"2019-07-01T11:19:37","guid":{"rendered":"https:\/\/www.biocabaz.pt\/web\/?post_type=product&#038;p=25564"},"modified":"2023-03-28T22:59:34","modified_gmt":"2023-03-28T22:59:34","slug":"tomate-sem-pele-400gr-labioidea","status":"publish","type":"product","link":"https:\/\/www.biocabaz.pt\/web\/produto\/tomate-sem-pele-400gr-labioidea\/","title":{"rendered":"TOMATE SEM PELE 400GR LABIOIDEA"},"content":{"rendered":"<p><strong>Descri\u00e7\u00e3o <\/strong><br \/>\nIngredientes: Tomate sem pele em sumo de tomate.<\/p>\n<p><strong>Dados Nutricionais<\/strong><br \/>\nDeclara\u00e7\u00e3o Nutricional por 100g:<br \/>\nEnergia: 96kJ\/23kcal;<br \/>\nL\u00edpidos: 0,5g &#8211; dos quais saturados: 0,1;<br \/>\nHidratos de Carbono: 3,0g \u2013 dos quais a\u00e7\u00facares &#8211; 3,0g;<br \/>\nProte\u00ednas &#8211; 1,2g;<br \/>\nSal &#8211; <0,1g.\n<\/p>\n<p><strong>Modo Utiliza\u00e7\u00e3o<\/strong><br \/>\nConservar em local seco e fresco.<\/p>\n","protected":false},"excerpt":{"rendered":"<p>Descri\u00e7\u00e3o Ingredientes: Tomate sem pele em sumo de tomate. Dados Nutricionais Declara\u00e7\u00e3o Nutricional por 100g: Energia: 96kJ\/23kcal; L\u00edpidos: 0,5g &#8211; dos quais saturados: 0,1; Hidratos de Carbono: 3,0g \u2013 dos quais a\u00e7\u00facares &#8211; 3,0g; Prote\u00ednas &#8211; 1,2g; Sal &#8211;<\/p>\n","protected":false},"featured_media":25565,"comment_status":"closed","ping_status":"closed","template":"","meta":[],"product_cat":[24,27],"product_tag":[],"class_list":["post-25564","product","type-product","status-publish","has-post-thumbnail","hentry","product_cat-conservas","product_cat-sal-especiarias-temperos"],"bundle_layout":"","bundled_by":[],"bundled_items":[],"yoast_head":"<!-- This site is optimized with the Yoast SEO plugin v26.3 - https:\/\/yoast.com\/wordpress\/plugins\/seo\/ -->\n<title>TOMATE SEM PELE 400GR LABIOIDEA<\/title>\n<meta name=\"robots\" content=\"index, follow, max-snippet:-1, max-image-preview:large, max-video-preview:-1\" \/>\n<link rel=\"canonical\" href=\"https:\/\/biocabaz.pt\/web\/en\/produto\/tomate-sem-pele-400gr-labioidea\/\" \/>\n<meta property=\"og:locale\" content=\"pt_PT\" \/>\n<meta property=\"og:locale:alternate\" content=\"en_US\" \/>\n<meta property=\"og:type\" content=\"article\" \/>\n<meta property=\"og:title\" content=\"TOMATE SEM PELE 400GR LABIOIDEA\" \/>\n<meta property=\"og:description\" content=\"Descri\u00e7\u00e3o Ingredientes: Tomate sem pele em sumo de tomate. Dados Nutricionais Declara\u00e7\u00e3o Nutricional por 100g: Energia: 96kJ\/23kcal; L\u00edpidos: 0,5g &#8211; dos quais saturados: 0,1; Hidratos de Carbono: 3,0g \u2013 dos quais a\u00e7\u00facares &#8211; 3,0g; Prote\u00ednas &#8211; 1,2g; Sal &#8211;\" \/>\n<meta property=\"og:url\" content=\"https:\/\/www.biocabaz.pt\/web\/produto\/tomate-sem-pele-400gr-labioidea\/\" \/>\n<meta property=\"og:site_name\" content=\"BIOCABAZ - CABAZES BIOL\u00d3GICOS\" \/>\n<meta property=\"article:modified_time\" content=\"2023-03-28T22:59:34+00:00\" \/>\n<meta property=\"og:image\" content=\"https:\/\/www.biocabaz.pt\/web\/wp-conteudos\/uploads\/2019\/07\/TOMATE-SEM-PELE-400GR-LABIOIDEA-e1561979924722.jpg\" \/>\n\t<meta property=\"og:image:width\" content=\"373\" \/>\n\t<meta property=\"og:image:height\" content=\"600\" \/>\n\t<meta property=\"og:image:type\" content=\"image\/jpeg\" \/>\n<meta name=\"twitter:card\" content=\"summary_large_image\" \/>\n<script type=\"application\/ld+json\" class=\"yoast-schema-graph\">{\"@context\":\"https:\/\/schema.org\",\"@graph\":[{\"@type\":\"WebPage\",\"@id\":\"https:\/\/biocabaz.pt\/web\/en\/produto\/tomate-sem-pele-400gr-labioidea\/\",\"url\":\"https:\/\/biocabaz.pt\/web\/en\/produto\/tomate-sem-pele-400gr-labioidea\/\",\"name\":\"TOMATE SEM PELE 400GR LABIOIDEA\",\"isPartOf\":{\"@id\":\"https:\/\/www.biocabaz.pt\/web\/en\/#website\"},\"primaryImageOfPage\":{\"@id\":\"https:\/\/biocabaz.pt\/web\/en\/produto\/tomate-sem-pele-400gr-labioidea\/#primaryimage\"},\"image\":{\"@id\":\"https:\/\/biocabaz.pt\/web\/en\/produto\/tomate-sem-pele-400gr-labioidea\/#primaryimage\"},\"thumbnailUrl\":\"https:\/\/www.biocabaz.pt\/web\/wp-conteudos\/uploads\/2019\/07\/TOMATE-SEM-PELE-400GR-LABIOIDEA-e1561979924722.jpg\",\"datePublished\":\"2019-07-01T11:19:37+00:00\",\"dateModified\":\"2023-03-28T22:59:34+00:00\",\"breadcrumb\":{\"@id\":\"https:\/\/biocabaz.pt\/web\/en\/produto\/tomate-sem-pele-400gr-labioidea\/#breadcrumb\"},\"inLanguage\":\"pt-PT\",\"potentialAction\":[{\"@type\":\"ReadAction\",\"target\":[\"https:\/\/biocabaz.pt\/web\/en\/produto\/tomate-sem-pele-400gr-labioidea\/\"]}]},{\"@type\":\"ImageObject\",\"inLanguage\":\"pt-PT\",\"@id\":\"https:\/\/biocabaz.pt\/web\/en\/produto\/tomate-sem-pele-400gr-labioidea\/#primaryimage\",\"url\":\"https:\/\/www.biocabaz.pt\/web\/wp-conteudos\/uploads\/2019\/07\/TOMATE-SEM-PELE-400GR-LABIOIDEA-e1561979924722.jpg\",\"contentUrl\":\"https:\/\/www.biocabaz.pt\/web\/wp-conteudos\/uploads\/2019\/07\/TOMATE-SEM-PELE-400GR-LABIOIDEA-e1561979924722.jpg\",\"width\":373,\"height\":600,\"caption\":\"TOMATE SEM PELE 400GR LABIOIDEA\"},{\"@type\":\"BreadcrumbList\",\"@id\":\"https:\/\/biocabaz.pt\/web\/en\/produto\/tomate-sem-pele-400gr-labioidea\/#breadcrumb\",\"itemListElement\":[{\"@type\":\"ListItem\",\"position\":1,\"name\":\"Home\",\"item\":\"https:\/\/www.biocabaz.pt\/web\/en\/\"},{\"@type\":\"ListItem\",\"position\":2,\"name\":\"Shop\",\"item\":\"https:\/\/www.biocabaz.pt\/web\/en\/shop\/\"},{\"@type\":\"ListItem\",\"position\":3,\"name\":\"LA BIO IDEA PEELED TOMATOES 400GR\"}]},{\"@type\":\"WebSite\",\"@id\":\"https:\/\/www.biocabaz.pt\/web\/en\/#website\",\"url\":\"https:\/\/www.biocabaz.pt\/web\/en\/\",\"name\":\"BIOCABAZ - CABAZES BIOL\u00d3GICOS\",\"description\":\"O melhor que a terra d\u00e1 \u00e9 para si\",\"potentialAction\":[{\"@type\":\"SearchAction\",\"target\":{\"@type\":\"EntryPoint\",\"urlTemplate\":\"https:\/\/www.biocabaz.pt\/web\/en\/?s={search_term_string}\"},\"query-input\":{\"@type\":\"PropertyValueSpecification\",\"valueRequired\":true,\"valueName\":\"search_term_string\"}}],\"inLanguage\":\"pt-PT\"}]}<\/script>\n<!-- \/ Yoast SEO plugin. -->","yoast_head_json":{"title":"TOMATE SEM PELE 400GR LABIOIDEA","robots":{"index":"index","follow":"follow","max-snippet":"max-snippet:-1","max-image-preview":"max-image-preview:large","max-video-preview":"max-video-preview:-1"},"canonical":"https:\/\/biocabaz.pt\/web\/en\/produto\/tomate-sem-pele-400gr-labioidea\/","og_locale":"pt_PT","og_type":"article","og_title":"[:en]LA BIO IDEA PEELED TOMATOES 400GR[:pt]TOMATE SEM PELE 400GR LABIOIDEA[:] - BIOCABAZ - CABAZES BIOL\u00d3GICOS","og_description":"Descri\u00e7\u00e3o Ingredientes: Tomate sem pele em sumo de tomate. Dados Nutricionais Declara\u00e7\u00e3o Nutricional por 100g: Energia: 96kJ\/23kcal; L\u00edpidos: 0,5g &#8211; dos quais saturados: 0,1; Hidratos de Carbono: 3,0g \u2013 dos quais a\u00e7\u00facares &#8211; 3,0g; Prote\u00ednas &#8211; 1,2g; Sal &#8211;","og_url":"https:\/\/www.biocabaz.pt\/web\/produto\/tomate-sem-pele-400gr-labioidea\/","og_site_name":"BIOCABAZ - CABAZES BIOL\u00d3GICOS","article_modified_time":"2023-03-28T22:59:34+00:00","og_image":[{"width":373,"height":600,"url":"https:\/\/www.biocabaz.pt\/web\/wp-conteudos\/uploads\/2019\/07\/TOMATE-SEM-PELE-400GR-LABIOIDEA-e1561979924722.jpg","type":"image\/jpeg"}],"twitter_card":"summary_large_image","schema":{"@context":"https:\/\/schema.org","@graph":[{"@type":"WebPage","@id":"https:\/\/biocabaz.pt\/web\/en\/produto\/tomate-sem-pele-400gr-labioidea\/","url":"https:\/\/biocabaz.pt\/web\/en\/produto\/tomate-sem-pele-400gr-labioidea\/","name":"TOMATE SEM PELE 400GR LABIOIDEA","isPartOf":{"@id":"https:\/\/www.biocabaz.pt\/web\/en\/#website"},"primaryImageOfPage":{"@id":"https:\/\/biocabaz.pt\/web\/en\/produto\/tomate-sem-pele-400gr-labioidea\/#primaryimage"},"image":{"@id":"https:\/\/biocabaz.pt\/web\/en\/produto\/tomate-sem-pele-400gr-labioidea\/#primaryimage"},"thumbnailUrl":"https:\/\/www.biocabaz.pt\/web\/wp-conteudos\/uploads\/2019\/07\/TOMATE-SEM-PELE-400GR-LABIOIDEA-e1561979924722.jpg","datePublished":"2019-07-01T11:19:37+00:00","dateModified":"2023-03-28T22:59:34+00:00","breadcrumb":{"@id":"https:\/\/biocabaz.pt\/web\/en\/produto\/tomate-sem-pele-400gr-labioidea\/#breadcrumb"},"inLanguage":"pt-PT","potentialAction":[{"@type":"ReadAction","target":["https:\/\/biocabaz.pt\/web\/en\/produto\/tomate-sem-pele-400gr-labioidea\/"]}]},{"@type":"ImageObject","inLanguage":"pt-PT","@id":"https:\/\/biocabaz.pt\/web\/en\/produto\/tomate-sem-pele-400gr-labioidea\/#primaryimage","url":"https:\/\/www.biocabaz.pt\/web\/wp-conteudos\/uploads\/2019\/07\/TOMATE-SEM-PELE-400GR-LABIOIDEA-e1561979924722.jpg","contentUrl":"https:\/\/www.biocabaz.pt\/web\/wp-conteudos\/uploads\/2019\/07\/TOMATE-SEM-PELE-400GR-LABIOIDEA-e1561979924722.jpg","width":373,"height":600,"caption":"TOMATE SEM PELE 400GR LABIOIDEA"},{"@type":"BreadcrumbList","@id":"https:\/\/biocabaz.pt\/web\/en\/produto\/tomate-sem-pele-400gr-labioidea\/#breadcrumb","itemListElement":[{"@type":"ListItem","position":1,"name":"Home","item":"https:\/\/www.biocabaz.pt\/web\/en\/"},{"@type":"ListItem","position":2,"name":"Shop","item":"https:\/\/www.biocabaz.pt\/web\/en\/shop\/"},{"@type":"ListItem","position":3,"name":"LA BIO IDEA PEELED TOMATOES 400GR"}]},{"@type":"WebSite","@id":"https:\/\/www.biocabaz.pt\/web\/en\/#website","url":"https:\/\/www.biocabaz.pt\/web\/en\/","name":"BIOCABAZ - CABAZES BIOL\u00d3GICOS","description":"O melhor que a terra d\u00e1 \u00e9 para si","potentialAction":[{"@type":"SearchAction","target":{"@type":"EntryPoint","urlTemplate":"https:\/\/www.biocabaz.pt\/web\/en\/?s={search_term_string}"},"query-input":{"@type":"PropertyValueSpecification","valueRequired":true,"valueName":"search_term_string"}}],"inLanguage":"pt-PT"}]}},"_links":{"self":[{"href":"https:\/\/www.biocabaz.pt\/web\/wp-json\/wp\/v2\/product\/25564","targetHints":{"allow":["GET"]}}],"collection":[{"href":"https:\/\/www.biocabaz.pt\/web\/wp-json\/wp\/v2\/product"}],"about":[{"href":"https:\/\/www.biocabaz.pt\/web\/wp-json\/wp\/v2\/types\/product"}],"replies":[{"embeddable":true,"href":"https:\/\/www.biocabaz.pt\/web\/wp-json\/wp\/v2\/comments?post=25564"}],"wp:featuredmedia":[{"embeddable":true,"href":"https:\/\/www.biocabaz.pt\/web\/wp-json\/wp\/v2\/media\/25565"}],"wp:attachment":[{"href":"https:\/\/www.biocabaz.pt\/web\/wp-json\/wp\/v2\/media?parent=25564"}],"wp:term":[{"taxonomy":"product_cat","embeddable":true,"href":"https:\/\/www.biocabaz.pt\/web\/wp-json\/wp\/v2\/product_cat?post=25564"},{"taxonomy":"product_tag","embeddable":true,"href":"https:\/\/www.biocabaz.pt\/web\/wp-json\/wp\/v2\/product_tag?post=25564"}],"curies":[{"name":"wp","href":"https:\/\/api.w.org\/{rel}","templated":true}]}}