{"id":1868,"date":"2016-07-24T22:19:45","date_gmt":"2016-07-24T22:19:45","guid":{"rendered":"http:\/\/www.biocabaz.com\/web\/produto\/sojade-natural-2x100grs\/"},"modified":"2022-10-03T11:48:42","modified_gmt":"2022-10-03T11:48:42","slug":"sojade-natural-2x100grs","status":"publish","type":"product","link":"https:\/\/www.biocabaz.pt\/web\/produto\/sojade-natural-2x100grs\/","title":{"rendered":"SOJADE NATURAL 2X100GRS"},"content":{"rendered":"<p><strong>Descri\u00e7\u00e3o <\/strong><br \/>\nIngredientes:<\/p>\n<p><strong>Dados Nutricionais<\/strong><\/p>\n<p><strong>Modo Utiliza\u00e7\u00e3o<\/strong><\/p>\n","protected":false},"excerpt":{"rendered":"<p>Ingredientes: bebida de soja* 99%, fermentos selecionados dos quais B\u00edfidos e Lactobacillus acidophilus. *Proveniente de Agricultura Biol\u00f3gica.<br \/><b>Modo de Utiliza\u00e7\u00e3o:<\/b> Conservar entre 2\u00baC e 6\u00baC<br \/><b>Dados Nutricionais:<\/b> Declara\u00e7\u00e3o Nutricional por 100g: Energia: 190 KJ\/46Kcal; L\u00edpidos: 2,9g; dos quais saturados: 0,4g; Hidratos de carbono: 0g; dos quais a\u00e7\u00facares: 0g; Prote\u00ednas: 4,8g<\/p>\n","protected":false},"featured_media":74173,"comment_status":"closed","ping_status":"closed","template":"","meta":[],"product_cat":[19,52],"product_tag":[],"class_list":["post-1868","product","type-product","status-publish","has-post-thumbnail","hentry","product_cat-laticinios-e-substitutos","product_cat-iogurtes"],"bundle_layout":"","bundled_by":[],"bundled_items":[],"yoast_head":"<!-- This site is optimized with the Yoast SEO plugin v26.3 - https:\/\/yoast.com\/wordpress\/plugins\/seo\/ -->\n<title>SOJADE NATURAL 2X100GRS<\/title>\n<meta name=\"robots\" content=\"index, follow, max-snippet:-1, max-image-preview:large, max-video-preview:-1\" \/>\n<link rel=\"canonical\" href=\"https:\/\/biocabaz.pt\/web\/produto\/sojade-natural-2x100grs\/\" \/>\n<meta property=\"og:locale\" content=\"pt_PT\" \/>\n<meta property=\"og:locale:alternate\" content=\"en_US\" \/>\n<meta property=\"og:type\" content=\"article\" \/>\n<meta property=\"og:title\" content=\"SOJADE NATURAL 2X100GRS\" \/>\n<meta property=\"og:description\" content=\"Ingredientes: bebida de soja* 99%, fermentos selecionados dos quais B\u00edfidos e Lactobacillus acidophilus. *Proveniente de Agricultura Biol\u00f3gica.Modo de Utiliza\u00e7\u00e3o: Conservar entre 2\u00baC e 6\u00baCDados Nutricionais: Declara\u00e7\u00e3o Nutricional por 100g: Energia: 190 KJ\/46Kcal; L\u00edpidos: 2,9g; dos quais saturados: 0,4g; Hidratos de carbono: 0g; dos quais a\u00e7\u00facares: 0g; Prote\u00ednas: 4,8g\" \/>\n<meta property=\"og:url\" content=\"https:\/\/www.biocabaz.pt\/web\/produto\/sojade-natural-2x100grs\/\" \/>\n<meta property=\"og:site_name\" content=\"BIOCABAZ - CABAZES BIOL\u00d3GICOS\" \/>\n<meta property=\"article:modified_time\" content=\"2022-10-03T11:48:42+00:00\" \/>\n<meta property=\"og:image\" content=\"https:\/\/www.biocabaz.pt\/web\/wp-conteudos\/uploads\/2016\/07\/sojade-natural-2x100gr-e1629273145828.jpg\" \/>\n\t<meta property=\"og:image:width\" content=\"344\" \/>\n\t<meta property=\"og:image:height\" content=\"256\" \/>\n\t<meta property=\"og:image:type\" content=\"image\/jpeg\" \/>\n<meta name=\"twitter:card\" content=\"summary_large_image\" \/>\n<script type=\"application\/ld+json\" class=\"yoast-schema-graph\">{\"@context\":\"https:\/\/schema.org\",\"@graph\":[{\"@type\":\"WebPage\",\"@id\":\"https:\/\/biocabaz.pt\/web\/produto\/sojade-natural-2x100grs\/\",\"url\":\"https:\/\/biocabaz.pt\/web\/produto\/sojade-natural-2x100grs\/\",\"name\":\"SOJADE NATURAL 2X100GRS\",\"isPartOf\":{\"@id\":\"https:\/\/biocabaz.pt\/web\/en\/#website\"},\"primaryImageOfPage\":{\"@id\":\"https:\/\/biocabaz.pt\/web\/produto\/sojade-natural-2x100grs\/#primaryimage\"},\"image\":{\"@id\":\"https:\/\/biocabaz.pt\/web\/produto\/sojade-natural-2x100grs\/#primaryimage\"},\"thumbnailUrl\":\"https:\/\/www.biocabaz.pt\/web\/wp-conteudos\/uploads\/2016\/07\/sojade-natural-2x100gr-e1629273145828.jpg\",\"datePublished\":\"2016-07-24T22:19:45+00:00\",\"dateModified\":\"2022-10-03T11:48:42+00:00\",\"breadcrumb\":{\"@id\":\"https:\/\/biocabaz.pt\/web\/produto\/sojade-natural-2x100grs\/#breadcrumb\"},\"inLanguage\":\"pt-PT\",\"potentialAction\":[{\"@type\":\"ReadAction\",\"target\":[\"https:\/\/biocabaz.pt\/web\/produto\/sojade-natural-2x100grs\/\"]}]},{\"@type\":\"ImageObject\",\"inLanguage\":\"pt-PT\",\"@id\":\"https:\/\/biocabaz.pt\/web\/produto\/sojade-natural-2x100grs\/#primaryimage\",\"url\":\"https:\/\/www.biocabaz.pt\/web\/wp-conteudos\/uploads\/2016\/07\/sojade-natural-2x100gr-e1629273145828.jpg\",\"contentUrl\":\"https:\/\/www.biocabaz.pt\/web\/wp-conteudos\/uploads\/2016\/07\/sojade-natural-2x100gr-e1629273145828.jpg\",\"width\":344,\"height\":256,\"caption\":\"sojade-natural-2x100gr\"},{\"@type\":\"BreadcrumbList\",\"@id\":\"https:\/\/biocabaz.pt\/web\/produto\/sojade-natural-2x100grs\/#breadcrumb\",\"itemListElement\":[{\"@type\":\"ListItem\",\"position\":1,\"name\":\"Home\",\"item\":\"https:\/\/biocabaz.pt\/web\/en\/\"},{\"@type\":\"ListItem\",\"position\":2,\"name\":\"Shop\",\"item\":\"https:\/\/biocabaz.pt\/web\/en\/shop\/\"},{\"@type\":\"ListItem\",\"position\":3,\"name\":\"SOJADE NATURAL 2X100GRS\"}]},{\"@type\":\"WebSite\",\"@id\":\"https:\/\/biocabaz.pt\/web\/en\/#website\",\"url\":\"https:\/\/biocabaz.pt\/web\/en\/\",\"name\":\"BIOCABAZ - CABAZES BIOL\u00d3GICOS\",\"description\":\"O melhor que a terra d\u00e1 \u00e9 para si\",\"potentialAction\":[{\"@type\":\"SearchAction\",\"target\":{\"@type\":\"EntryPoint\",\"urlTemplate\":\"https:\/\/biocabaz.pt\/web\/en\/?s={search_term_string}\"},\"query-input\":{\"@type\":\"PropertyValueSpecification\",\"valueRequired\":true,\"valueName\":\"search_term_string\"}}],\"inLanguage\":\"pt-PT\"}]}<\/script>\n<!-- \/ Yoast SEO plugin. -->","yoast_head_json":{"title":"SOJADE NATURAL 2X100GRS","robots":{"index":"index","follow":"follow","max-snippet":"max-snippet:-1","max-image-preview":"max-image-preview:large","max-video-preview":"max-video-preview:-1"},"canonical":"https:\/\/biocabaz.pt\/web\/produto\/sojade-natural-2x100grs\/","og_locale":"pt_PT","og_type":"article","og_title":"[:en]SOJADE SOYA YOGURT 2X100G[:pt]SOJADE NATURAL 2X100GRS[:] - BIOCABAZ - CABAZES BIOL\u00d3GICOS","og_description":"Ingredientes: bebida de soja* 99%, fermentos selecionados dos quais B\u00edfidos e Lactobacillus acidophilus. *Proveniente de Agricultura Biol\u00f3gica.Modo de Utiliza\u00e7\u00e3o: Conservar entre 2\u00baC e 6\u00baCDados Nutricionais: Declara\u00e7\u00e3o Nutricional por 100g: Energia: 190 KJ\/46Kcal; L\u00edpidos: 2,9g; dos quais saturados: 0,4g; Hidratos de carbono: 0g; dos quais a\u00e7\u00facares: 0g; Prote\u00ednas: 4,8g","og_url":"https:\/\/www.biocabaz.pt\/web\/produto\/sojade-natural-2x100grs\/","og_site_name":"BIOCABAZ - CABAZES BIOL\u00d3GICOS","article_modified_time":"2022-10-03T11:48:42+00:00","og_image":[{"width":344,"height":256,"url":"https:\/\/www.biocabaz.pt\/web\/wp-conteudos\/uploads\/2016\/07\/sojade-natural-2x100gr-e1629273145828.jpg","type":"image\/jpeg"}],"twitter_card":"summary_large_image","schema":{"@context":"https:\/\/schema.org","@graph":[{"@type":"WebPage","@id":"https:\/\/biocabaz.pt\/web\/produto\/sojade-natural-2x100grs\/","url":"https:\/\/biocabaz.pt\/web\/produto\/sojade-natural-2x100grs\/","name":"SOJADE NATURAL 2X100GRS","isPartOf":{"@id":"https:\/\/biocabaz.pt\/web\/en\/#website"},"primaryImageOfPage":{"@id":"https:\/\/biocabaz.pt\/web\/produto\/sojade-natural-2x100grs\/#primaryimage"},"image":{"@id":"https:\/\/biocabaz.pt\/web\/produto\/sojade-natural-2x100grs\/#primaryimage"},"thumbnailUrl":"https:\/\/www.biocabaz.pt\/web\/wp-conteudos\/uploads\/2016\/07\/sojade-natural-2x100gr-e1629273145828.jpg","datePublished":"2016-07-24T22:19:45+00:00","dateModified":"2022-10-03T11:48:42+00:00","breadcrumb":{"@id":"https:\/\/biocabaz.pt\/web\/produto\/sojade-natural-2x100grs\/#breadcrumb"},"inLanguage":"pt-PT","potentialAction":[{"@type":"ReadAction","target":["https:\/\/biocabaz.pt\/web\/produto\/sojade-natural-2x100grs\/"]}]},{"@type":"ImageObject","inLanguage":"pt-PT","@id":"https:\/\/biocabaz.pt\/web\/produto\/sojade-natural-2x100grs\/#primaryimage","url":"https:\/\/www.biocabaz.pt\/web\/wp-conteudos\/uploads\/2016\/07\/sojade-natural-2x100gr-e1629273145828.jpg","contentUrl":"https:\/\/www.biocabaz.pt\/web\/wp-conteudos\/uploads\/2016\/07\/sojade-natural-2x100gr-e1629273145828.jpg","width":344,"height":256,"caption":"sojade-natural-2x100gr"},{"@type":"BreadcrumbList","@id":"https:\/\/biocabaz.pt\/web\/produto\/sojade-natural-2x100grs\/#breadcrumb","itemListElement":[{"@type":"ListItem","position":1,"name":"Home","item":"https:\/\/biocabaz.pt\/web\/en\/"},{"@type":"ListItem","position":2,"name":"Shop","item":"https:\/\/biocabaz.pt\/web\/en\/shop\/"},{"@type":"ListItem","position":3,"name":"SOJADE NATURAL 2X100GRS"}]},{"@type":"WebSite","@id":"https:\/\/biocabaz.pt\/web\/en\/#website","url":"https:\/\/biocabaz.pt\/web\/en\/","name":"BIOCABAZ - CABAZES BIOL\u00d3GICOS","description":"O melhor que a terra d\u00e1 \u00e9 para si","potentialAction":[{"@type":"SearchAction","target":{"@type":"EntryPoint","urlTemplate":"https:\/\/biocabaz.pt\/web\/en\/?s={search_term_string}"},"query-input":{"@type":"PropertyValueSpecification","valueRequired":true,"valueName":"search_term_string"}}],"inLanguage":"pt-PT"}]}},"_links":{"self":[{"href":"https:\/\/www.biocabaz.pt\/web\/wp-json\/wp\/v2\/product\/1868","targetHints":{"allow":["GET"]}}],"collection":[{"href":"https:\/\/www.biocabaz.pt\/web\/wp-json\/wp\/v2\/product"}],"about":[{"href":"https:\/\/www.biocabaz.pt\/web\/wp-json\/wp\/v2\/types\/product"}],"replies":[{"embeddable":true,"href":"https:\/\/www.biocabaz.pt\/web\/wp-json\/wp\/v2\/comments?post=1868"}],"wp:featuredmedia":[{"embeddable":true,"href":"https:\/\/www.biocabaz.pt\/web\/wp-json\/wp\/v2\/media\/74173"}],"wp:attachment":[{"href":"https:\/\/www.biocabaz.pt\/web\/wp-json\/wp\/v2\/media?parent=1868"}],"wp:term":[{"taxonomy":"product_cat","embeddable":true,"href":"https:\/\/www.biocabaz.pt\/web\/wp-json\/wp\/v2\/product_cat?post=1868"},{"taxonomy":"product_tag","embeddable":true,"href":"https:\/\/www.biocabaz.pt\/web\/wp-json\/wp\/v2\/product_tag?post=1868"}],"curies":[{"name":"wp","href":"https:\/\/api.w.org\/{rel}","templated":true}]}}