{"id":17049,"date":"2019-04-30T12:37:53","date_gmt":"2019-04-30T12:37:53","guid":{"rendered":"https:\/\/www.biocabaz.pt\/web\/?post_type=product&#038;p=17049"},"modified":"2021-01-28T10:32:22","modified_gmt":"2021-01-28T10:32:22","slug":"pure-de-batata-bio-160g-dennree","status":"publish","type":"product","link":"https:\/\/www.biocabaz.pt\/web\/produto\/pure-de-batata-bio-160g-dennree\/","title":{"rendered":"PUR\u00c9 DE BATATA BIO 160G DENNREE"},"content":{"rendered":"<p><strong>Descri\u00e7\u00e3o <\/strong><br \/>\nIngredientes: batata*, sal marinho, ervas*, \u00f3leo de girassol* &#8211;<br \/>\n* de agricultura biol\u00f3gica controlada.<\/p>\n<p><strong>Dados Nutricionais<\/strong><br \/>\nDeclara\u00e7\u00e3o Nutricional por 100g:<br \/>\nEnergia: 309kJ\/73kcal;<br \/>\nL\u00edpidos: 1,6g &#8211; dos quais saturados: 0,6g;<br \/>\nHidratos de Carbono: 11,4g &#8211; dos quais a\u00e7\u00facares: 2,4g;<br \/>\nProte\u00ednas: 2,6g;<br \/>\nSal: 0,6g.<\/p>\n<p><strong>Modo Utiliza\u00e7\u00e3o<\/strong><br \/>\nPara 580g de pur\u00e9 (corresponde a 3 por\u00e7\u00f5es) 1: coloque \u00bc litros de \u00e1gua numa panela e junte metade de \u00bd litro de leite. 2: quando estiver a ferver, retirar do fog\u00e3o, juntar o restante leite e adicionar o pacote de flocos de pur\u00e9. Se desejar, junte um pouco de manteiga. 3: voltar a mexer o pur\u00e9 ap\u00f3s um minuto. Se pretender usar apenas uma parte da saqueta, por favor agitar bem antes de o fazer. Conservar em local seco e fresco.<\/p>\n","protected":false},"excerpt":{"rendered":"<p>Descri\u00e7\u00e3o Ingredientes: batata*, sal marinho, ervas*, \u00f3leo de girassol* &#8211; * de agricultura biol\u00f3gica controlada. Dados Nutricionais Declara\u00e7\u00e3o Nutricional por 100g: Energia: 309kJ\/73kcal; L\u00edpidos: 1,6g &#8211; dos quais saturados: 0,6g; Hidratos de Carbono: 11,4g &#8211; dos quais a\u00e7\u00facares: 2,4g; Prote\u00ednas: 2,6g; Sal: 0,6g. Modo Utiliza\u00e7\u00e3o Para 580g de pur\u00e9 (corresponde a 3 por\u00e7\u00f5es) 1: coloque [&hellip;]<\/p>\n","protected":false},"featured_media":17051,"comment_status":"closed","ping_status":"closed","template":"","meta":[],"product_cat":[26],"product_tag":[],"class_list":["post-17049","product","type-product","status-publish","has-post-thumbnail","hentry","product_cat-massas"],"bundle_layout":"","bundled_by":[],"bundled_items":[],"yoast_head":"<!-- This site is optimized with the Yoast SEO plugin v26.3 - https:\/\/yoast.com\/wordpress\/plugins\/seo\/ -->\n<title>PUR\u00c9 DE BATATA BIO 160G DENNREE<\/title>\n<meta name=\"robots\" content=\"index, follow, max-snippet:-1, max-image-preview:large, max-video-preview:-1\" \/>\n<link rel=\"canonical\" href=\"https:\/\/www.biocabaz.pt\/web\/produto\/pure-de-batata-bio-160g-dennree\/\" \/>\n<meta property=\"og:locale\" content=\"pt_PT\" \/>\n<meta property=\"og:locale:alternate\" content=\"en_US\" \/>\n<meta property=\"og:type\" content=\"article\" \/>\n<meta property=\"og:title\" content=\"PUR\u00c9 DE BATATA BIO 160G DENNREE\" \/>\n<meta property=\"og:description\" content=\"Descri\u00e7\u00e3o Ingredientes: batata*, sal marinho, ervas*, \u00f3leo de girassol* &#8211; * de agricultura biol\u00f3gica controlada. Dados Nutricionais Declara\u00e7\u00e3o Nutricional por 100g: Energia: 309kJ\/73kcal; L\u00edpidos: 1,6g &#8211; dos quais saturados: 0,6g; Hidratos de Carbono: 11,4g &#8211; dos quais a\u00e7\u00facares: 2,4g; Prote\u00ednas: 2,6g; Sal: 0,6g. Modo Utiliza\u00e7\u00e3o Para 580g de pur\u00e9 (corresponde a 3 por\u00e7\u00f5es) 1: coloque [&hellip;]\" \/>\n<meta property=\"og:url\" content=\"https:\/\/www.biocabaz.pt\/web\/produto\/pure-de-batata-bio-160g-dennree\/\" \/>\n<meta property=\"og:site_name\" content=\"BIOCABAZ - CABAZES BIOL\u00d3GICOS\" \/>\n<meta property=\"article:modified_time\" content=\"2021-01-28T10:32:22+00:00\" \/>\n<meta property=\"og:image\" content=\"https:\/\/www.biocabaz.pt\/web\/wp-conteudos\/uploads\/2019\/04\/PUR\u00c9-DE-BATATA-BIO-160G-DENNREE.png\" \/>\n\t<meta property=\"og:image:width\" content=\"235\" \/>\n\t<meta property=\"og:image:height\" content=\"400\" \/>\n\t<meta property=\"og:image:type\" content=\"image\/png\" \/>\n<meta name=\"twitter:card\" content=\"summary_large_image\" \/>\n<meta name=\"twitter:label1\" content=\"Est. reading time\" \/>\n\t<meta name=\"twitter:data1\" content=\"1 minuto\" \/>\n<script type=\"application\/ld+json\" class=\"yoast-schema-graph\">{\"@context\":\"https:\/\/schema.org\",\"@graph\":[{\"@type\":\"WebPage\",\"@id\":\"https:\/\/www.biocabaz.pt\/web\/en\/produto\/pure-de-batata-bio-160g-dennree\/\",\"url\":\"https:\/\/www.biocabaz.pt\/web\/en\/produto\/pure-de-batata-bio-160g-dennree\/\",\"name\":\"PUR\u00c9 DE BATATA BIO 160G DENNREE\",\"isPartOf\":{\"@id\":\"https:\/\/www.biocabaz.pt\/web\/en\/#website\"},\"primaryImageOfPage\":{\"@id\":\"https:\/\/www.biocabaz.pt\/web\/en\/produto\/pure-de-batata-bio-160g-dennree\/#primaryimage\"},\"image\":{\"@id\":\"https:\/\/www.biocabaz.pt\/web\/en\/produto\/pure-de-batata-bio-160g-dennree\/#primaryimage\"},\"thumbnailUrl\":\"https:\/\/www.biocabaz.pt\/web\/wp-conteudos\/uploads\/2019\/04\/PUR\u00c9-DE-BATATA-BIO-160G-DENNREE.png\",\"datePublished\":\"2019-04-30T12:37:53+00:00\",\"dateModified\":\"2021-01-28T10:32:22+00:00\",\"breadcrumb\":{\"@id\":\"https:\/\/www.biocabaz.pt\/web\/en\/produto\/pure-de-batata-bio-160g-dennree\/#breadcrumb\"},\"inLanguage\":\"pt-PT\",\"potentialAction\":[{\"@type\":\"ReadAction\",\"target\":[\"https:\/\/www.biocabaz.pt\/web\/en\/produto\/pure-de-batata-bio-160g-dennree\/\"]}]},{\"@type\":\"ImageObject\",\"inLanguage\":\"pt-PT\",\"@id\":\"https:\/\/www.biocabaz.pt\/web\/en\/produto\/pure-de-batata-bio-160g-dennree\/#primaryimage\",\"url\":\"https:\/\/www.biocabaz.pt\/web\/wp-conteudos\/uploads\/2019\/04\/PUR\u00c9-DE-BATATA-BIO-160G-DENNREE.png\",\"contentUrl\":\"https:\/\/www.biocabaz.pt\/web\/wp-conteudos\/uploads\/2019\/04\/PUR\u00c9-DE-BATATA-BIO-160G-DENNREE.png\",\"width\":235,\"height\":400,\"caption\":\"PUR\u00c9 DE BATATA BIO 160G DENNREE\"},{\"@type\":\"BreadcrumbList\",\"@id\":\"https:\/\/www.biocabaz.pt\/web\/en\/produto\/pure-de-batata-bio-160g-dennree\/#breadcrumb\",\"itemListElement\":[{\"@type\":\"ListItem\",\"position\":1,\"name\":\"Home\",\"item\":\"https:\/\/www.biocabaz.pt\/web\/en\/\"},{\"@type\":\"ListItem\",\"position\":2,\"name\":\"Shop\",\"item\":\"https:\/\/www.biocabaz.pt\/web\/en\/shop\/\"},{\"@type\":\"ListItem\",\"position\":3,\"name\":\"DENNREE ORGANIC MASHED POTATOES 160GR\"}]},{\"@type\":\"WebSite\",\"@id\":\"https:\/\/www.biocabaz.pt\/web\/en\/#website\",\"url\":\"https:\/\/www.biocabaz.pt\/web\/en\/\",\"name\":\"BIOCABAZ - CABAZES BIOL\u00d3GICOS\",\"description\":\"O melhor que a terra d\u00e1 \u00e9 para si\",\"potentialAction\":[{\"@type\":\"SearchAction\",\"target\":{\"@type\":\"EntryPoint\",\"urlTemplate\":\"https:\/\/www.biocabaz.pt\/web\/en\/?s={search_term_string}\"},\"query-input\":{\"@type\":\"PropertyValueSpecification\",\"valueRequired\":true,\"valueName\":\"search_term_string\"}}],\"inLanguage\":\"pt-PT\"}]}<\/script>\n<!-- \/ Yoast SEO plugin. -->","yoast_head_json":{"title":"PUR\u00c9 DE BATATA BIO 160G DENNREE","robots":{"index":"index","follow":"follow","max-snippet":"max-snippet:-1","max-image-preview":"max-image-preview:large","max-video-preview":"max-video-preview:-1"},"canonical":"https:\/\/www.biocabaz.pt\/web\/produto\/pure-de-batata-bio-160g-dennree\/","og_locale":"pt_PT","og_type":"article","og_title":"[:en]DENNREE ORGANIC MASHED POTATOES 160GR[:pt]PUR\u00c9 DE BATATA BIO 160G DENNREE[:] - BIOCABAZ - CABAZES BIOL\u00d3GICOS","og_description":"Descri\u00e7\u00e3o Ingredientes: batata*, sal marinho, ervas*, \u00f3leo de girassol* &#8211; * de agricultura biol\u00f3gica controlada. Dados Nutricionais Declara\u00e7\u00e3o Nutricional por 100g: Energia: 309kJ\/73kcal; L\u00edpidos: 1,6g &#8211; dos quais saturados: 0,6g; Hidratos de Carbono: 11,4g &#8211; dos quais a\u00e7\u00facares: 2,4g; Prote\u00ednas: 2,6g; Sal: 0,6g. Modo Utiliza\u00e7\u00e3o Para 580g de pur\u00e9 (corresponde a 3 por\u00e7\u00f5es) 1: coloque [&hellip;]","og_url":"https:\/\/www.biocabaz.pt\/web\/produto\/pure-de-batata-bio-160g-dennree\/","og_site_name":"BIOCABAZ - CABAZES BIOL\u00d3GICOS","article_modified_time":"2021-01-28T10:32:22+00:00","og_image":[{"width":235,"height":400,"url":"https:\/\/www.biocabaz.pt\/web\/wp-conteudos\/uploads\/2019\/04\/PUR\u00c9-DE-BATATA-BIO-160G-DENNREE.png","type":"image\/png"}],"twitter_card":"summary_large_image","twitter_misc":{"Est. reading time":"1 minuto"},"schema":{"@context":"https:\/\/schema.org","@graph":[{"@type":"WebPage","@id":"https:\/\/www.biocabaz.pt\/web\/en\/produto\/pure-de-batata-bio-160g-dennree\/","url":"https:\/\/www.biocabaz.pt\/web\/en\/produto\/pure-de-batata-bio-160g-dennree\/","name":"PUR\u00c9 DE BATATA BIO 160G DENNREE","isPartOf":{"@id":"https:\/\/www.biocabaz.pt\/web\/en\/#website"},"primaryImageOfPage":{"@id":"https:\/\/www.biocabaz.pt\/web\/en\/produto\/pure-de-batata-bio-160g-dennree\/#primaryimage"},"image":{"@id":"https:\/\/www.biocabaz.pt\/web\/en\/produto\/pure-de-batata-bio-160g-dennree\/#primaryimage"},"thumbnailUrl":"https:\/\/www.biocabaz.pt\/web\/wp-conteudos\/uploads\/2019\/04\/PUR\u00c9-DE-BATATA-BIO-160G-DENNREE.png","datePublished":"2019-04-30T12:37:53+00:00","dateModified":"2021-01-28T10:32:22+00:00","breadcrumb":{"@id":"https:\/\/www.biocabaz.pt\/web\/en\/produto\/pure-de-batata-bio-160g-dennree\/#breadcrumb"},"inLanguage":"pt-PT","potentialAction":[{"@type":"ReadAction","target":["https:\/\/www.biocabaz.pt\/web\/en\/produto\/pure-de-batata-bio-160g-dennree\/"]}]},{"@type":"ImageObject","inLanguage":"pt-PT","@id":"https:\/\/www.biocabaz.pt\/web\/en\/produto\/pure-de-batata-bio-160g-dennree\/#primaryimage","url":"https:\/\/www.biocabaz.pt\/web\/wp-conteudos\/uploads\/2019\/04\/PUR\u00c9-DE-BATATA-BIO-160G-DENNREE.png","contentUrl":"https:\/\/www.biocabaz.pt\/web\/wp-conteudos\/uploads\/2019\/04\/PUR\u00c9-DE-BATATA-BIO-160G-DENNREE.png","width":235,"height":400,"caption":"PUR\u00c9 DE BATATA BIO 160G DENNREE"},{"@type":"BreadcrumbList","@id":"https:\/\/www.biocabaz.pt\/web\/en\/produto\/pure-de-batata-bio-160g-dennree\/#breadcrumb","itemListElement":[{"@type":"ListItem","position":1,"name":"Home","item":"https:\/\/www.biocabaz.pt\/web\/en\/"},{"@type":"ListItem","position":2,"name":"Shop","item":"https:\/\/www.biocabaz.pt\/web\/en\/shop\/"},{"@type":"ListItem","position":3,"name":"DENNREE ORGANIC MASHED POTATOES 160GR"}]},{"@type":"WebSite","@id":"https:\/\/www.biocabaz.pt\/web\/en\/#website","url":"https:\/\/www.biocabaz.pt\/web\/en\/","name":"BIOCABAZ - CABAZES BIOL\u00d3GICOS","description":"O melhor que a terra d\u00e1 \u00e9 para si","potentialAction":[{"@type":"SearchAction","target":{"@type":"EntryPoint","urlTemplate":"https:\/\/www.biocabaz.pt\/web\/en\/?s={search_term_string}"},"query-input":{"@type":"PropertyValueSpecification","valueRequired":true,"valueName":"search_term_string"}}],"inLanguage":"pt-PT"}]}},"_links":{"self":[{"href":"https:\/\/www.biocabaz.pt\/web\/wp-json\/wp\/v2\/product\/17049","targetHints":{"allow":["GET"]}}],"collection":[{"href":"https:\/\/www.biocabaz.pt\/web\/wp-json\/wp\/v2\/product"}],"about":[{"href":"https:\/\/www.biocabaz.pt\/web\/wp-json\/wp\/v2\/types\/product"}],"replies":[{"embeddable":true,"href":"https:\/\/www.biocabaz.pt\/web\/wp-json\/wp\/v2\/comments?post=17049"}],"wp:featuredmedia":[{"embeddable":true,"href":"https:\/\/www.biocabaz.pt\/web\/wp-json\/wp\/v2\/media\/17051"}],"wp:attachment":[{"href":"https:\/\/www.biocabaz.pt\/web\/wp-json\/wp\/v2\/media?parent=17049"}],"wp:term":[{"taxonomy":"product_cat","embeddable":true,"href":"https:\/\/www.biocabaz.pt\/web\/wp-json\/wp\/v2\/product_cat?post=17049"},{"taxonomy":"product_tag","embeddable":true,"href":"https:\/\/www.biocabaz.pt\/web\/wp-json\/wp\/v2\/product_tag?post=17049"}],"curies":[{"name":"wp","href":"https:\/\/api.w.org\/{rel}","templated":true}]}}