{"id":16895,"date":"2019-04-26T14:54:14","date_gmt":"2019-04-26T14:54:14","guid":{"rendered":"https:\/\/www.biocabaz.pt\/web\/?post_type=product&#038;p=16895"},"modified":"2024-08-02T12:47:43","modified_gmt":"2024-08-02T12:47:43","slug":"sultanas-bio-200g-provida","status":"publish","type":"product","link":"https:\/\/www.biocabaz.pt\/web\/produto\/sultanas-bio-200g-provida\/","title":{"rendered":"SULTANAS BIO 200G PR\u00d3VIDA"},"content":{"rendered":"<p><strong>Descri\u00e7\u00e3o <\/strong><br \/>\nIngredientes: Passas de uvas de produ\u00e7\u00e3o biol\u00f3gica. Obtidas por secagem natural. Rico em fibra, fonte de f\u00f3sforo e pot\u00e1ssio. Sem adi\u00e7\u00e3o de corantes e conservantes.<\/p>\n<p><strong>Dados Nutricionais<\/strong><br \/>\nDeclara\u00e7\u00e3o Nutricional por 100g:<br \/>\nEnergia: 1416kJ\/ 334kcal (17%*);<br \/>\nL\u00edpidos: 0,4g (0,6%*) &#8211; dos quais Saturados: <0,4g (2%*); \nHidratos de Carbono: 77g (29,6%*) - dos quais a\u00e7\u00facares: 73g (81,1%*); \nFibra: 6g (24,0%*); \nProte\u00ednas: 2,6g (5,2%*); \nSal: 0,07g (1,2%*); \nPot\u00e1ssio: 800mg (40%**); \nF\u00f3sforo: 129mg (18%**). \n*Dose de refer\u00eancia para um adulto m\u00e9dio (8400kJ\/ 2000kcal). \n**VRN: Valor de refer\u00eancia do nutriente.\n<\/p>\n<p><strong>Modo Utiliza\u00e7\u00e3o<\/strong><br \/>\nSnack no intervalo das refei\u00e7\u00f5es ou na elabora\u00e7\u00e3o das suas receitas favoritas. Conservar em local seco e fresco.<\/p>\n","protected":false},"excerpt":{"rendered":"<p>Descri\u00e7\u00e3o Ingredientes: Passas de uvas de produ\u00e7\u00e3o biol\u00f3gica. Obtidas por secagem natural. Rico em fibra, fonte de f\u00f3sforo e pot\u00e1ssio. Sem adi\u00e7\u00e3o de corantes e conservantes. Dados Nutricionais Declara\u00e7\u00e3o Nutricional por 100g: Energia: 1416kJ\/ 334kcal (17%*); L\u00edpidos: 0,4g (0,6%*) &#8211; dos quais Saturados:<\/p>\n","protected":false},"featured_media":16896,"comment_status":"closed","ping_status":"closed","template":"","meta":[],"product_cat":[51],"product_tag":[],"class_list":["post-16895","product","type-product","status-publish","has-post-thumbnail","hentry","product_cat-frutos-secos"],"bundle_layout":"","bundled_by":[],"bundled_items":[],"yoast_head":"<!-- This site is optimized with the Yoast SEO plugin v26.3 - https:\/\/yoast.com\/wordpress\/plugins\/seo\/ -->\n<title>SULTANAS BIO 200G PR\u00d3VIDA<\/title>\n<meta name=\"robots\" content=\"index, follow, max-snippet:-1, max-image-preview:large, max-video-preview:-1\" \/>\n<link rel=\"canonical\" href=\"https:\/\/www.biocabaz.pt\/web\/produto\/sultanas-bio-200g-provida\/\" \/>\n<meta property=\"og:locale\" content=\"pt_PT\" \/>\n<meta property=\"og:locale:alternate\" content=\"en_US\" \/>\n<meta property=\"og:type\" content=\"article\" \/>\n<meta property=\"og:title\" content=\"SULTANAS BIO 200G PR\u00d3VIDA\" \/>\n<meta property=\"og:description\" content=\"Descri\u00e7\u00e3o Ingredientes: Passas de uvas de produ\u00e7\u00e3o biol\u00f3gica. Obtidas por secagem natural. Rico em fibra, fonte de f\u00f3sforo e pot\u00e1ssio. Sem adi\u00e7\u00e3o de corantes e conservantes. Dados Nutricionais Declara\u00e7\u00e3o Nutricional por 100g: Energia: 1416kJ\/ 334kcal (17%*); L\u00edpidos: 0,4g (0,6%*) &#8211; dos quais Saturados:\" \/>\n<meta property=\"og:url\" content=\"https:\/\/www.biocabaz.pt\/web\/produto\/sultanas-bio-200g-provida\/\" \/>\n<meta property=\"og:site_name\" content=\"BIOCABAZ - CABAZES BIOL\u00d3GICOS\" \/>\n<meta property=\"article:modified_time\" content=\"2024-08-02T12:47:43+00:00\" \/>\n<meta property=\"og:image\" content=\"https:\/\/www.biocabaz.pt\/web\/wp-conteudos\/uploads\/2019\/04\/SULTANAS-BIO-200G-PR\u00d3VIDA.jpg\" \/>\n\t<meta property=\"og:image:width\" content=\"300\" \/>\n\t<meta property=\"og:image:height\" content=\"326\" \/>\n\t<meta property=\"og:image:type\" content=\"image\/jpeg\" \/>\n<meta name=\"twitter:card\" content=\"summary_large_image\" \/>\n<script type=\"application\/ld+json\" class=\"yoast-schema-graph\">{\"@context\":\"https:\/\/schema.org\",\"@graph\":[{\"@type\":\"WebPage\",\"@id\":\"https:\/\/www.biocabaz.pt\/web\/produto\/sultanas-bio-200g-provida\/\",\"url\":\"https:\/\/www.biocabaz.pt\/web\/produto\/sultanas-bio-200g-provida\/\",\"name\":\"SULTANAS BIO 200G PR\u00d3VIDA\",\"isPartOf\":{\"@id\":\"https:\/\/www.biocabaz.pt\/web\/en\/#website\"},\"primaryImageOfPage\":{\"@id\":\"https:\/\/www.biocabaz.pt\/web\/produto\/sultanas-bio-200g-provida\/#primaryimage\"},\"image\":{\"@id\":\"https:\/\/www.biocabaz.pt\/web\/produto\/sultanas-bio-200g-provida\/#primaryimage\"},\"thumbnailUrl\":\"https:\/\/www.biocabaz.pt\/web\/wp-conteudos\/uploads\/2019\/04\/SULTANAS-BIO-200G-PR\u00d3VIDA.jpg\",\"datePublished\":\"2019-04-26T14:54:14+00:00\",\"dateModified\":\"2024-08-02T12:47:43+00:00\",\"breadcrumb\":{\"@id\":\"https:\/\/www.biocabaz.pt\/web\/produto\/sultanas-bio-200g-provida\/#breadcrumb\"},\"inLanguage\":\"pt-PT\",\"potentialAction\":[{\"@type\":\"ReadAction\",\"target\":[\"https:\/\/www.biocabaz.pt\/web\/produto\/sultanas-bio-200g-provida\/\"]}]},{\"@type\":\"ImageObject\",\"inLanguage\":\"pt-PT\",\"@id\":\"https:\/\/www.biocabaz.pt\/web\/produto\/sultanas-bio-200g-provida\/#primaryimage\",\"url\":\"https:\/\/www.biocabaz.pt\/web\/wp-conteudos\/uploads\/2019\/04\/SULTANAS-BIO-200G-PR\u00d3VIDA.jpg\",\"contentUrl\":\"https:\/\/www.biocabaz.pt\/web\/wp-conteudos\/uploads\/2019\/04\/SULTANAS-BIO-200G-PR\u00d3VIDA.jpg\",\"width\":300,\"height\":326,\"caption\":\"SULTANAS BIO 200G PR\u00d3VIDA\"},{\"@type\":\"BreadcrumbList\",\"@id\":\"https:\/\/www.biocabaz.pt\/web\/produto\/sultanas-bio-200g-provida\/#breadcrumb\",\"itemListElement\":[{\"@type\":\"ListItem\",\"position\":1,\"name\":\"Home\",\"item\":\"https:\/\/www.biocabaz.pt\/web\/en\/\"},{\"@type\":\"ListItem\",\"position\":2,\"name\":\"Shop\",\"item\":\"https:\/\/www.biocabaz.pt\/web\/en\/shop\/\"},{\"@type\":\"ListItem\",\"position\":3,\"name\":\"SULTANAS BIO 200G PR\u00d3VIDA\"}]},{\"@type\":\"WebSite\",\"@id\":\"https:\/\/www.biocabaz.pt\/web\/en\/#website\",\"url\":\"https:\/\/www.biocabaz.pt\/web\/en\/\",\"name\":\"BIOCABAZ - CABAZES BIOL\u00d3GICOS\",\"description\":\"O melhor que a terra d\u00e1 \u00e9 para si\",\"potentialAction\":[{\"@type\":\"SearchAction\",\"target\":{\"@type\":\"EntryPoint\",\"urlTemplate\":\"https:\/\/www.biocabaz.pt\/web\/en\/?s={search_term_string}\"},\"query-input\":{\"@type\":\"PropertyValueSpecification\",\"valueRequired\":true,\"valueName\":\"search_term_string\"}}],\"inLanguage\":\"pt-PT\"}]}<\/script>\n<!-- \/ Yoast SEO plugin. -->","yoast_head_json":{"title":"SULTANAS BIO 200G PR\u00d3VIDA","robots":{"index":"index","follow":"follow","max-snippet":"max-snippet:-1","max-image-preview":"max-image-preview:large","max-video-preview":"max-video-preview:-1"},"canonical":"https:\/\/www.biocabaz.pt\/web\/produto\/sultanas-bio-200g-provida\/","og_locale":"pt_PT","og_type":"article","og_title":"[:en]PR\u00d3VIDA ORGANIC RAISINS 200GR[:pt]SULTANAS BIO 200G PR\u00d3VIDA[:] - BIOCABAZ - CABAZES BIOL\u00d3GICOS","og_description":"Descri\u00e7\u00e3o Ingredientes: Passas de uvas de produ\u00e7\u00e3o biol\u00f3gica. Obtidas por secagem natural. Rico em fibra, fonte de f\u00f3sforo e pot\u00e1ssio. Sem adi\u00e7\u00e3o de corantes e conservantes. Dados Nutricionais Declara\u00e7\u00e3o Nutricional por 100g: Energia: 1416kJ\/ 334kcal (17%*); L\u00edpidos: 0,4g (0,6%*) &#8211; dos quais Saturados:","og_url":"https:\/\/www.biocabaz.pt\/web\/produto\/sultanas-bio-200g-provida\/","og_site_name":"BIOCABAZ - CABAZES BIOL\u00d3GICOS","article_modified_time":"2024-08-02T12:47:43+00:00","og_image":[{"width":300,"height":326,"url":"https:\/\/www.biocabaz.pt\/web\/wp-conteudos\/uploads\/2019\/04\/SULTANAS-BIO-200G-PR\u00d3VIDA.jpg","type":"image\/jpeg"}],"twitter_card":"summary_large_image","schema":{"@context":"https:\/\/schema.org","@graph":[{"@type":"WebPage","@id":"https:\/\/www.biocabaz.pt\/web\/produto\/sultanas-bio-200g-provida\/","url":"https:\/\/www.biocabaz.pt\/web\/produto\/sultanas-bio-200g-provida\/","name":"SULTANAS BIO 200G PR\u00d3VIDA","isPartOf":{"@id":"https:\/\/www.biocabaz.pt\/web\/en\/#website"},"primaryImageOfPage":{"@id":"https:\/\/www.biocabaz.pt\/web\/produto\/sultanas-bio-200g-provida\/#primaryimage"},"image":{"@id":"https:\/\/www.biocabaz.pt\/web\/produto\/sultanas-bio-200g-provida\/#primaryimage"},"thumbnailUrl":"https:\/\/www.biocabaz.pt\/web\/wp-conteudos\/uploads\/2019\/04\/SULTANAS-BIO-200G-PR\u00d3VIDA.jpg","datePublished":"2019-04-26T14:54:14+00:00","dateModified":"2024-08-02T12:47:43+00:00","breadcrumb":{"@id":"https:\/\/www.biocabaz.pt\/web\/produto\/sultanas-bio-200g-provida\/#breadcrumb"},"inLanguage":"pt-PT","potentialAction":[{"@type":"ReadAction","target":["https:\/\/www.biocabaz.pt\/web\/produto\/sultanas-bio-200g-provida\/"]}]},{"@type":"ImageObject","inLanguage":"pt-PT","@id":"https:\/\/www.biocabaz.pt\/web\/produto\/sultanas-bio-200g-provida\/#primaryimage","url":"https:\/\/www.biocabaz.pt\/web\/wp-conteudos\/uploads\/2019\/04\/SULTANAS-BIO-200G-PR\u00d3VIDA.jpg","contentUrl":"https:\/\/www.biocabaz.pt\/web\/wp-conteudos\/uploads\/2019\/04\/SULTANAS-BIO-200G-PR\u00d3VIDA.jpg","width":300,"height":326,"caption":"SULTANAS BIO 200G PR\u00d3VIDA"},{"@type":"BreadcrumbList","@id":"https:\/\/www.biocabaz.pt\/web\/produto\/sultanas-bio-200g-provida\/#breadcrumb","itemListElement":[{"@type":"ListItem","position":1,"name":"Home","item":"https:\/\/www.biocabaz.pt\/web\/en\/"},{"@type":"ListItem","position":2,"name":"Shop","item":"https:\/\/www.biocabaz.pt\/web\/en\/shop\/"},{"@type":"ListItem","position":3,"name":"SULTANAS BIO 200G PR\u00d3VIDA"}]},{"@type":"WebSite","@id":"https:\/\/www.biocabaz.pt\/web\/en\/#website","url":"https:\/\/www.biocabaz.pt\/web\/en\/","name":"BIOCABAZ - CABAZES BIOL\u00d3GICOS","description":"O melhor que a terra d\u00e1 \u00e9 para si","potentialAction":[{"@type":"SearchAction","target":{"@type":"EntryPoint","urlTemplate":"https:\/\/www.biocabaz.pt\/web\/en\/?s={search_term_string}"},"query-input":{"@type":"PropertyValueSpecification","valueRequired":true,"valueName":"search_term_string"}}],"inLanguage":"pt-PT"}]}},"_links":{"self":[{"href":"https:\/\/www.biocabaz.pt\/web\/wp-json\/wp\/v2\/product\/16895","targetHints":{"allow":["GET"]}}],"collection":[{"href":"https:\/\/www.biocabaz.pt\/web\/wp-json\/wp\/v2\/product"}],"about":[{"href":"https:\/\/www.biocabaz.pt\/web\/wp-json\/wp\/v2\/types\/product"}],"replies":[{"embeddable":true,"href":"https:\/\/www.biocabaz.pt\/web\/wp-json\/wp\/v2\/comments?post=16895"}],"wp:featuredmedia":[{"embeddable":true,"href":"https:\/\/www.biocabaz.pt\/web\/wp-json\/wp\/v2\/media\/16896"}],"wp:attachment":[{"href":"https:\/\/www.biocabaz.pt\/web\/wp-json\/wp\/v2\/media?parent=16895"}],"wp:term":[{"taxonomy":"product_cat","embeddable":true,"href":"https:\/\/www.biocabaz.pt\/web\/wp-json\/wp\/v2\/product_cat?post=16895"},{"taxonomy":"product_tag","embeddable":true,"href":"https:\/\/www.biocabaz.pt\/web\/wp-json\/wp\/v2\/product_tag?post=16895"}],"curies":[{"name":"wp","href":"https:\/\/api.w.org\/{rel}","templated":true}]}}