{"id":1651,"date":"2016-06-13T14:55:40","date_gmt":"2016-06-13T14:55:40","guid":{"rendered":"http:\/\/www.biocabaz.com\/web\/produto\/papa-milho-miudo-arroz-4m-bio-250g-holle\/"},"modified":"2026-03-06T14:22:49","modified_gmt":"2026-03-06T14:22:49","slug":"papa-milho-miudo-arroz-4m-bio-250g-holle","status":"publish","type":"product","link":"https:\/\/www.biocabaz.pt\/web\/produto\/papa-milho-miudo-arroz-4m-bio-250g-holle\/","title":{"rendered":"PAPA MILHO MI\u00daDO 4M BIO 250G HOLLE"},"content":{"rendered":"<p><strong>Descri\u00e7\u00e3o <\/strong><br \/>\n\t\t\t\tIngredientes: farinha de milho-mi\u00fado integral*, vitamina B1. *de agricultura biol\u00f3gica.<\/p>\n<p><strong>Dados Nutricionais<\/strong><br \/>\n\t\t\t\tDeclara\u00e7\u00e3o Nutricional por 100g:<br \/> Energia: 1672kj\/ 395kcal;<br \/> L\u00edpidos: 3,9g &#8211; dos quais \u00e1cidos gordos saturados: 0,6g;<br \/> Hidratos de carbono: 76,4g &#8211; dos quais a\u00e7\u00facares: 0,7g;<br \/> Prote\u00ednas: 11,8g;<br \/> Sal: 0,121g;<br \/> Vitamina B1: 1,285mg.<\/p>\n<p><strong>Modo Utiliza\u00e7\u00e3o<\/strong><br \/>N\u00e3o dar a beb\u00e9s com idade inferior a 4 meses. Este produto constitui parte integrante de uma dieta mista. Prepare as refei\u00e7\u00f5es sempre na hora. N\u00e3o aproveite restos. \u00c9 importante que siga sempre as instru\u00e7\u00f5es de prepara\u00e7\u00e3o. A dosagem correta fornece ao beb\u00e9 os nutrientes necess\u00e1rios. Uma prepara\u00e7\u00e3o incorreta pode causar problemas de sa\u00fade. N\u00e3o aque\u00e7a no micro-ondas (perigo de sobreaquecimento). Verifique sempre a temperatura da papa de milho-mi\u00fado bio (deve ser cerca de 37\u00baC). Esteja atento aos primeiros dentes e aos respetivos cuidados de higiene.      PREPARA\u00c7\u00d5ES POSS\u00cdVEIS AP\u00d3S OS 4 MESES:<br \/>\n&#8211; Prepara\u00e7\u00e3o com leite\/f\u00f3rmulas para lactentes\/transi\u00e7\u00e3o: Prepare 170 ml da f\u00f3rmula adequada para o beb\u00e9 (seguindo as respectivas instru\u00e7\u00f5es). Deite num prato e misture 18g de papa de milho-mi\u00fado Bio (cerca de 3-4 colheres de sopa). Deixe engrossar e arrefecer at\u00e9 temperatura de ingest\u00e3o (cerca de 37\u00baC) \u2013 e j\u00e1 est\u00e1! A partir do 7\u00ba m\u00eas, a papa tamb\u00e9m pode ser preparada com leite de transi\u00e7\u00e3o biol\u00f3gico 2 da Holle.<br \/>\n&#8211; *Prepara\u00e7\u00e3o com leite e \u00e1gua ap\u00f3s o 4\u00ba m\u00eas: Ferver 100ml de leite gordo e 100ml de \u00e1gua (de acordo com a opini\u00e3o do m\u00e9dico) e deixar arrefecer a uma temperatura de cerca de 50\u00baC. Deitar o l\u00edquido num prato fundo e diluir neste 5 colheres de sopa de papa de milho-mi\u00fado Bio (cerca de 25g). Deixar engrossar e arrefecer \u00e0 temperatura apropriada (cerca de 37\u00baC) \u2013 e j\u00e1 est\u00e1.<br \/>\n&#8211; Prepara\u00e7\u00e3o com leite materno: Papa de milho-mi\u00fado Bio pode tamb\u00e9m ser preparada com leite materno. Dilua simplesmente 5 colheres de sopa de papa de milho-miudo Bio (cerca de 25g) em 130ml de leite materno morno \u2013 e j\u00e1. Aten\u00e7\u00e3o: para conservar os valiosos nutrientes, n\u00e3o aque\u00e7a o leite materno a mais de 40\u00baC.<br \/>\n&#8211; Prepara\u00e7\u00e3o n\u00e3o l\u00e1ctea depois do 4\u00ba m\u00eas: Pode tamb\u00e9m preparar uma papa de fruta com 70ml de \u00e1gua fervida, 4 colheres de sopa de papa de milho-mi\u00fado Bio (cerca de 20g) e 100g de frutos de boi\u00e3o ou de frutos frescos passados. Ou pode simplesmente misturar 4 colheres de sopa de papa de milho-mi\u00fado Bio com 200g de legumes quentes \u2013 e j\u00e1 est\u00e1!<\/p>\n<p>1 Colher de sopa de papa Bio = cerca de 5 g \/1 medida de leite de transi\u00e7\u00e3o para lactentes =4,7g Embalado em atmosfera protetora. Conservar em local seco e fresco. Uma vez aberto, consumir no prazo de 3 semanas.<\/p>\n","protected":false},"excerpt":{"rendered":"<div class=\"generated-content\">\n<p>Adequada para a introdu\u00e7\u00e3o alimentar, a partir dos 4 meses, como parte integrante de uma dieta mista.<\/p>\n<\/div>\n","protected":false},"featured_media":1725,"comment_status":"closed","ping_status":"closed","template":"","meta":[],"product_cat":[57,58],"product_tag":[],"class_list":["post-1651","product","type-product","status-publish","has-post-thumbnail","hentry","product_cat-bebes-e-criancas","product_cat-papas"],"bundle_layout":"","bundled_by":[],"bundled_items":[],"yoast_head":"<!-- This site is optimized with the Yoast SEO plugin v26.3 - https:\/\/yoast.com\/wordpress\/plugins\/seo\/ -->\n<title>PAPA MILHO MI\u00daDO 4M BIO 250G HOLLE<\/title>\n<meta name=\"robots\" content=\"index, follow, max-snippet:-1, max-image-preview:large, max-video-preview:-1\" \/>\n<link rel=\"canonical\" href=\"https:\/\/www.biocabaz.pt\/web\/produto\/papa-milho-miudo-arroz-4m-bio-250g-holle\/\" \/>\n<meta property=\"og:locale\" content=\"pt_PT\" \/>\n<meta property=\"og:locale:alternate\" content=\"en_US\" \/>\n<meta property=\"og:type\" content=\"article\" \/>\n<meta property=\"og:title\" content=\"PAPA MILHO MI\u00daDO 4M BIO 250G HOLLE\" \/>\n<meta property=\"og:description\" content=\"Adequada para a introdu\u00e7\u00e3o alimentar, a partir dos 4 meses, como parte integrante de uma dieta mista.\" \/>\n<meta property=\"og:url\" content=\"https:\/\/www.biocabaz.pt\/web\/produto\/papa-milho-miudo-arroz-4m-bio-250g-holle\/\" \/>\n<meta property=\"og:site_name\" content=\"BIOCABAZ - CABAZES BIOL\u00d3GICOS\" \/>\n<meta property=\"article:modified_time\" content=\"2026-03-06T14:22:49+00:00\" \/>\n<meta property=\"og:image\" content=\"https:\/\/www.biocabaz.pt\/web\/wp-conteudos\/uploads\/2016\/06\/PS_Getreidebreie_SP-GR-PT_Hirse_frontal_XXL_SP-GR-PT_18_070814_3000x3000px_72dpi_RGB.png\" \/>\n\t<meta property=\"og:image:width\" content=\"600\" \/>\n\t<meta property=\"og:image:height\" content=\"600\" \/>\n\t<meta property=\"og:image:type\" content=\"image\/png\" \/>\n<meta name=\"twitter:card\" content=\"summary_large_image\" \/>\n<meta name=\"twitter:label1\" content=\"Est. reading time\" \/>\n\t<meta name=\"twitter:data1\" content=\"3 minutos\" \/>\n<script type=\"application\/ld+json\" class=\"yoast-schema-graph\">{\"@context\":\"https:\/\/schema.org\",\"@graph\":[{\"@type\":\"WebPage\",\"@id\":\"https:\/\/www.biocabaz.pt\/web\/en\/produto\/papa-milho-miudo-arroz-4m-bio-250g-holle\/\",\"url\":\"https:\/\/www.biocabaz.pt\/web\/en\/produto\/papa-milho-miudo-arroz-4m-bio-250g-holle\/\",\"name\":\"PAPA MILHO MI\u00daDO 4M BIO 250G HOLLE\",\"isPartOf\":{\"@id\":\"https:\/\/biocabaz.pt\/web\/#website\"},\"primaryImageOfPage\":{\"@id\":\"https:\/\/www.biocabaz.pt\/web\/en\/produto\/papa-milho-miudo-arroz-4m-bio-250g-holle\/#primaryimage\"},\"image\":{\"@id\":\"https:\/\/www.biocabaz.pt\/web\/en\/produto\/papa-milho-miudo-arroz-4m-bio-250g-holle\/#primaryimage\"},\"thumbnailUrl\":\"https:\/\/www.biocabaz.pt\/web\/wp-conteudos\/uploads\/2016\/06\/PS_Getreidebreie_SP-GR-PT_Hirse_frontal_XXL_SP-GR-PT_18_070814_3000x3000px_72dpi_RGB.png\",\"datePublished\":\"2016-06-13T14:55:40+00:00\",\"dateModified\":\"2026-03-06T14:22:49+00:00\",\"breadcrumb\":{\"@id\":\"https:\/\/www.biocabaz.pt\/web\/en\/produto\/papa-milho-miudo-arroz-4m-bio-250g-holle\/#breadcrumb\"},\"inLanguage\":\"pt-PT\",\"potentialAction\":[{\"@type\":\"ReadAction\",\"target\":[\"https:\/\/www.biocabaz.pt\/web\/en\/produto\/papa-milho-miudo-arroz-4m-bio-250g-holle\/\"]}]},{\"@type\":\"ImageObject\",\"inLanguage\":\"pt-PT\",\"@id\":\"https:\/\/www.biocabaz.pt\/web\/en\/produto\/papa-milho-miudo-arroz-4m-bio-250g-holle\/#primaryimage\",\"url\":\"https:\/\/www.biocabaz.pt\/web\/wp-conteudos\/uploads\/2016\/06\/PS_Getreidebreie_SP-GR-PT_Hirse_frontal_XXL_SP-GR-PT_18_070814_3000x3000px_72dpi_RGB.png\",\"contentUrl\":\"https:\/\/www.biocabaz.pt\/web\/wp-conteudos\/uploads\/2016\/06\/PS_Getreidebreie_SP-GR-PT_Hirse_frontal_XXL_SP-GR-PT_18_070814_3000x3000px_72dpi_RGB.png\",\"width\":600,\"height\":600},{\"@type\":\"BreadcrumbList\",\"@id\":\"https:\/\/www.biocabaz.pt\/web\/en\/produto\/papa-milho-miudo-arroz-4m-bio-250g-holle\/#breadcrumb\",\"itemListElement\":[{\"@type\":\"ListItem\",\"position\":1,\"name\":\"Home\",\"item\":\"https:\/\/biocabaz.pt\/web\/\"},{\"@type\":\"ListItem\",\"position\":2,\"name\":\"Shop\",\"item\":\"https:\/\/www.biocabaz.pt\/web\/en\/shop\/\"},{\"@type\":\"ListItem\",\"position\":3,\"name\":\"HOLLE ORGANIC MILLET PORRIDGE AFTER 4 MONTHS 250GR\"}]},{\"@type\":\"WebSite\",\"@id\":\"https:\/\/biocabaz.pt\/web\/#website\",\"url\":\"https:\/\/biocabaz.pt\/web\/\",\"name\":\"BIOCABAZ - CABAZES BIOL\u00d3GICOS\",\"description\":\"O melhor que a terra d\u00e1 \u00e9 para si\",\"potentialAction\":[{\"@type\":\"SearchAction\",\"target\":{\"@type\":\"EntryPoint\",\"urlTemplate\":\"https:\/\/biocabaz.pt\/web\/?s={search_term_string}\"},\"query-input\":{\"@type\":\"PropertyValueSpecification\",\"valueRequired\":true,\"valueName\":\"search_term_string\"}}],\"inLanguage\":\"pt-PT\"}]}<\/script>\n<!-- \/ Yoast SEO plugin. -->","yoast_head_json":{"title":"PAPA MILHO MI\u00daDO 4M BIO 250G HOLLE","robots":{"index":"index","follow":"follow","max-snippet":"max-snippet:-1","max-image-preview":"max-image-preview:large","max-video-preview":"max-video-preview:-1"},"canonical":"https:\/\/www.biocabaz.pt\/web\/produto\/papa-milho-miudo-arroz-4m-bio-250g-holle\/","og_locale":"pt_PT","og_type":"article","og_title":"[:en]HOLLE ORGANIC MILLET PORRIDGE AFTER 4 MONTHS 250GR[:pt]PAPA MILHO MI\u00daDO 4M BIO 250G HOLLE[:] - BIOCABAZ - CABAZES BIOL\u00d3GICOS","og_description":"Adequada para a introdu\u00e7\u00e3o alimentar, a partir dos 4 meses, como parte integrante de uma dieta mista.","og_url":"https:\/\/www.biocabaz.pt\/web\/produto\/papa-milho-miudo-arroz-4m-bio-250g-holle\/","og_site_name":"BIOCABAZ - CABAZES BIOL\u00d3GICOS","article_modified_time":"2026-03-06T14:22:49+00:00","og_image":[{"width":600,"height":600,"url":"https:\/\/www.biocabaz.pt\/web\/wp-conteudos\/uploads\/2016\/06\/PS_Getreidebreie_SP-GR-PT_Hirse_frontal_XXL_SP-GR-PT_18_070814_3000x3000px_72dpi_RGB.png","type":"image\/png"}],"twitter_card":"summary_large_image","twitter_misc":{"Est. reading time":"3 minutos"},"schema":{"@context":"https:\/\/schema.org","@graph":[{"@type":"WebPage","@id":"https:\/\/www.biocabaz.pt\/web\/en\/produto\/papa-milho-miudo-arroz-4m-bio-250g-holle\/","url":"https:\/\/www.biocabaz.pt\/web\/en\/produto\/papa-milho-miudo-arroz-4m-bio-250g-holle\/","name":"PAPA MILHO MI\u00daDO 4M BIO 250G HOLLE","isPartOf":{"@id":"https:\/\/biocabaz.pt\/web\/#website"},"primaryImageOfPage":{"@id":"https:\/\/www.biocabaz.pt\/web\/en\/produto\/papa-milho-miudo-arroz-4m-bio-250g-holle\/#primaryimage"},"image":{"@id":"https:\/\/www.biocabaz.pt\/web\/en\/produto\/papa-milho-miudo-arroz-4m-bio-250g-holle\/#primaryimage"},"thumbnailUrl":"https:\/\/www.biocabaz.pt\/web\/wp-conteudos\/uploads\/2016\/06\/PS_Getreidebreie_SP-GR-PT_Hirse_frontal_XXL_SP-GR-PT_18_070814_3000x3000px_72dpi_RGB.png","datePublished":"2016-06-13T14:55:40+00:00","dateModified":"2026-03-06T14:22:49+00:00","breadcrumb":{"@id":"https:\/\/www.biocabaz.pt\/web\/en\/produto\/papa-milho-miudo-arroz-4m-bio-250g-holle\/#breadcrumb"},"inLanguage":"pt-PT","potentialAction":[{"@type":"ReadAction","target":["https:\/\/www.biocabaz.pt\/web\/en\/produto\/papa-milho-miudo-arroz-4m-bio-250g-holle\/"]}]},{"@type":"ImageObject","inLanguage":"pt-PT","@id":"https:\/\/www.biocabaz.pt\/web\/en\/produto\/papa-milho-miudo-arroz-4m-bio-250g-holle\/#primaryimage","url":"https:\/\/www.biocabaz.pt\/web\/wp-conteudos\/uploads\/2016\/06\/PS_Getreidebreie_SP-GR-PT_Hirse_frontal_XXL_SP-GR-PT_18_070814_3000x3000px_72dpi_RGB.png","contentUrl":"https:\/\/www.biocabaz.pt\/web\/wp-conteudos\/uploads\/2016\/06\/PS_Getreidebreie_SP-GR-PT_Hirse_frontal_XXL_SP-GR-PT_18_070814_3000x3000px_72dpi_RGB.png","width":600,"height":600},{"@type":"BreadcrumbList","@id":"https:\/\/www.biocabaz.pt\/web\/en\/produto\/papa-milho-miudo-arroz-4m-bio-250g-holle\/#breadcrumb","itemListElement":[{"@type":"ListItem","position":1,"name":"Home","item":"https:\/\/biocabaz.pt\/web\/"},{"@type":"ListItem","position":2,"name":"Shop","item":"https:\/\/www.biocabaz.pt\/web\/en\/shop\/"},{"@type":"ListItem","position":3,"name":"HOLLE ORGANIC MILLET PORRIDGE AFTER 4 MONTHS 250GR"}]},{"@type":"WebSite","@id":"https:\/\/biocabaz.pt\/web\/#website","url":"https:\/\/biocabaz.pt\/web\/","name":"BIOCABAZ - CABAZES BIOL\u00d3GICOS","description":"O melhor que a terra d\u00e1 \u00e9 para si","potentialAction":[{"@type":"SearchAction","target":{"@type":"EntryPoint","urlTemplate":"https:\/\/biocabaz.pt\/web\/?s={search_term_string}"},"query-input":{"@type":"PropertyValueSpecification","valueRequired":true,"valueName":"search_term_string"}}],"inLanguage":"pt-PT"}]}},"_links":{"self":[{"href":"https:\/\/www.biocabaz.pt\/web\/wp-json\/wp\/v2\/product\/1651","targetHints":{"allow":["GET"]}}],"collection":[{"href":"https:\/\/www.biocabaz.pt\/web\/wp-json\/wp\/v2\/product"}],"about":[{"href":"https:\/\/www.biocabaz.pt\/web\/wp-json\/wp\/v2\/types\/product"}],"replies":[{"embeddable":true,"href":"https:\/\/www.biocabaz.pt\/web\/wp-json\/wp\/v2\/comments?post=1651"}],"wp:featuredmedia":[{"embeddable":true,"href":"https:\/\/www.biocabaz.pt\/web\/wp-json\/wp\/v2\/media\/1725"}],"wp:attachment":[{"href":"https:\/\/www.biocabaz.pt\/web\/wp-json\/wp\/v2\/media?parent=1651"}],"wp:term":[{"taxonomy":"product_cat","embeddable":true,"href":"https:\/\/www.biocabaz.pt\/web\/wp-json\/wp\/v2\/product_cat?post=1651"},{"taxonomy":"product_tag","embeddable":true,"href":"https:\/\/www.biocabaz.pt\/web\/wp-json\/wp\/v2\/product_tag?post=1651"}],"curies":[{"name":"wp","href":"https:\/\/api.w.org\/{rel}","templated":true}]}}