{"id":1012,"date":"2016-04-14T21:51:08","date_gmt":"2016-04-14T21:51:08","guid":{"rendered":"http:\/\/www.biocabaz.com\/web\/produto\/feijao-vermelho-cozido-400g-labioideia\/"},"modified":"2025-06-12T09:27:03","modified_gmt":"2025-06-12T09:27:03","slug":"feijao-vermelho-cozido-400g-labioideia","status":"publish","type":"product","link":"https:\/\/www.biocabaz.pt\/web\/produto\/feijao-vermelho-cozido-400g-labioideia\/","title":{"rendered":"FEIJ\u00c3O VERMELHO COZIDO BIO 400G LA BIO IDEIA"},"content":{"rendered":"<p><strong>Descri\u00e7\u00e3o <\/strong><br \/>\n\t\t\t\tIngredientes: Feij\u00e3o Vermelho* (60%), \u00e1gua, sal marinho * de produ\u00e7\u00e3o Biol\u00f3gica.<\/p>\n<p><strong>Dados Nutricionais<\/strong><br \/>\n\t\t\t\tDeclara\u00e7\u00e3o Nutricional por 100g:<br \/> Energia: 113kcal\/477kj;<br \/> Prote\u00ednas: 8,9g;<br \/> Hidratos de Carbono: 15g &#8211; dos quais a\u00e7\u00facares: 1g;<br \/> L\u00edpidos: 0,4g &#8211; dos quais saturados: 0,06g;<br \/> Fibra: 7g;<br \/> S\u00f3dio: 280mg.<\/p>\n<p><strong>Modo Utiliza\u00e7\u00e3o<\/strong><br \/>Conservar em local seco e fresco.<\/p>\n","protected":false},"excerpt":{"rendered":"<p>Descri\u00e7\u00e3o Ingredientes: Feij\u00e3o Vermelho* (60%), \u00e1gua, sal marinho * de produ\u00e7\u00e3o Biol\u00f3gica. Dados Nutricionais Declara\u00e7\u00e3o Nutricional por 100g: Energia: 113kcal\/477kj; Prote\u00ednas: 8,9g; Hidratos de Carbono: 15g &#8211; dos quais a\u00e7\u00facares: 1g; L\u00edpidos: 0,4g &#8211; dos quais saturados: 0,06g; Fibra: 7g; S\u00f3dio: 280mg. Modo Utiliza\u00e7\u00e3oConservar em local seco e fresco.<\/p>\n","protected":false},"featured_media":1131,"comment_status":"closed","ping_status":"closed","template":"","meta":[],"product_cat":[24],"product_tag":[],"class_list":["post-1012","product","type-product","status-publish","has-post-thumbnail","hentry","product_cat-conservas"],"bundle_layout":"","bundled_by":[],"bundled_items":[],"yoast_head":"<!-- This site is optimized with the Yoast SEO plugin v26.3 - https:\/\/yoast.com\/wordpress\/plugins\/seo\/ -->\n<title>FEIJ\u00c3O VERMELHO COZIDO BIO 400G LA BIO IDEIA<\/title>\n<meta name=\"robots\" content=\"index, follow, max-snippet:-1, max-image-preview:large, max-video-preview:-1\" \/>\n<link rel=\"canonical\" href=\"https:\/\/www.biocabaz.pt\/web\/produto\/feijao-vermelho-cozido-400g-labioideia\/\" \/>\n<meta property=\"og:locale\" content=\"pt_PT\" \/>\n<meta property=\"og:locale:alternate\" content=\"en_US\" \/>\n<meta property=\"og:type\" content=\"article\" \/>\n<meta property=\"og:title\" content=\"FEIJ\u00c3O VERMELHO COZIDO BIO 400G LA BIO IDEIA\" \/>\n<meta property=\"og:description\" content=\"Descri\u00e7\u00e3o Ingredientes: Feij\u00e3o Vermelho* (60%), \u00e1gua, sal marinho * de produ\u00e7\u00e3o Biol\u00f3gica. Dados Nutricionais Declara\u00e7\u00e3o Nutricional por 100g: Energia: 113kcal\/477kj; Prote\u00ednas: 8,9g; Hidratos de Carbono: 15g &#8211; dos quais a\u00e7\u00facares: 1g; L\u00edpidos: 0,4g &#8211; dos quais saturados: 0,06g; Fibra: 7g; S\u00f3dio: 280mg. Modo Utiliza\u00e7\u00e3oConservar em local seco e fresco.\" \/>\n<meta property=\"og:url\" content=\"https:\/\/www.biocabaz.pt\/web\/produto\/feijao-vermelho-cozido-400g-labioideia\/\" \/>\n<meta property=\"og:site_name\" content=\"BIOCABAZ - CABAZES BIOL\u00d3GICOS\" \/>\n<meta property=\"article:modified_time\" content=\"2025-06-12T09:27:03+00:00\" \/>\n<meta property=\"og:image\" content=\"https:\/\/www.biocabaz.pt\/web\/wp-conteudos\/uploads\/2016\/04\/haricots-rouges-fagioli-rossi-400g-bioidea.jpg\" \/>\n\t<meta property=\"og:image:width\" content=\"600\" \/>\n\t<meta property=\"og:image:height\" content=\"600\" \/>\n\t<meta property=\"og:image:type\" content=\"image\/jpeg\" \/>\n<meta name=\"twitter:card\" content=\"summary_large_image\" \/>\n<meta name=\"twitter:label1\" content=\"Est. reading time\" \/>\n\t<meta name=\"twitter:data1\" content=\"1 minuto\" \/>\n<script type=\"application\/ld+json\" class=\"yoast-schema-graph\">{\"@context\":\"https:\/\/schema.org\",\"@graph\":[{\"@type\":\"WebPage\",\"@id\":\"https:\/\/www.biocabaz.pt\/web\/en\/produto\/feijao-vermelho-cozido-400g-labioideia\/\",\"url\":\"https:\/\/www.biocabaz.pt\/web\/en\/produto\/feijao-vermelho-cozido-400g-labioideia\/\",\"name\":\"FEIJ\u00c3O VERMELHO COZIDO BIO 400G LA BIO IDEIA\",\"isPartOf\":{\"@id\":\"https:\/\/biocabaz.pt\/web\/#website\"},\"primaryImageOfPage\":{\"@id\":\"https:\/\/www.biocabaz.pt\/web\/en\/produto\/feijao-vermelho-cozido-400g-labioideia\/#primaryimage\"},\"image\":{\"@id\":\"https:\/\/www.biocabaz.pt\/web\/en\/produto\/feijao-vermelho-cozido-400g-labioideia\/#primaryimage\"},\"thumbnailUrl\":\"https:\/\/www.biocabaz.pt\/web\/wp-conteudos\/uploads\/2016\/04\/haricots-rouges-fagioli-rossi-400g-bioidea.jpg\",\"datePublished\":\"2016-04-14T21:51:08+00:00\",\"dateModified\":\"2025-06-12T09:27:03+00:00\",\"breadcrumb\":{\"@id\":\"https:\/\/www.biocabaz.pt\/web\/en\/produto\/feijao-vermelho-cozido-400g-labioideia\/#breadcrumb\"},\"inLanguage\":\"pt-PT\",\"potentialAction\":[{\"@type\":\"ReadAction\",\"target\":[\"https:\/\/www.biocabaz.pt\/web\/en\/produto\/feijao-vermelho-cozido-400g-labioideia\/\"]}]},{\"@type\":\"ImageObject\",\"inLanguage\":\"pt-PT\",\"@id\":\"https:\/\/www.biocabaz.pt\/web\/en\/produto\/feijao-vermelho-cozido-400g-labioideia\/#primaryimage\",\"url\":\"https:\/\/www.biocabaz.pt\/web\/wp-conteudos\/uploads\/2016\/04\/haricots-rouges-fagioli-rossi-400g-bioidea.jpg\",\"contentUrl\":\"https:\/\/www.biocabaz.pt\/web\/wp-conteudos\/uploads\/2016\/04\/haricots-rouges-fagioli-rossi-400g-bioidea.jpg\",\"width\":600,\"height\":600},{\"@type\":\"BreadcrumbList\",\"@id\":\"https:\/\/www.biocabaz.pt\/web\/en\/produto\/feijao-vermelho-cozido-400g-labioideia\/#breadcrumb\",\"itemListElement\":[{\"@type\":\"ListItem\",\"position\":1,\"name\":\"Home\",\"item\":\"https:\/\/biocabaz.pt\/web\/\"},{\"@type\":\"ListItem\",\"position\":2,\"name\":\"Shop\",\"item\":\"https:\/\/www.biocabaz.pt\/web\/en\/shop\/\"},{\"@type\":\"ListItem\",\"position\":3,\"name\":\"LA BIO IDEA COOKED RED BEANS 400GR\"}]},{\"@type\":\"WebSite\",\"@id\":\"https:\/\/biocabaz.pt\/web\/#website\",\"url\":\"https:\/\/biocabaz.pt\/web\/\",\"name\":\"BIOCABAZ - CABAZES BIOL\u00d3GICOS\",\"description\":\"O melhor que a terra d\u00e1 \u00e9 para si\",\"potentialAction\":[{\"@type\":\"SearchAction\",\"target\":{\"@type\":\"EntryPoint\",\"urlTemplate\":\"https:\/\/biocabaz.pt\/web\/?s={search_term_string}\"},\"query-input\":{\"@type\":\"PropertyValueSpecification\",\"valueRequired\":true,\"valueName\":\"search_term_string\"}}],\"inLanguage\":\"pt-PT\"}]}<\/script>\n<!-- \/ Yoast SEO plugin. -->","yoast_head_json":{"title":"FEIJ\u00c3O VERMELHO COZIDO BIO 400G LA BIO IDEIA","robots":{"index":"index","follow":"follow","max-snippet":"max-snippet:-1","max-image-preview":"max-image-preview:large","max-video-preview":"max-video-preview:-1"},"canonical":"https:\/\/www.biocabaz.pt\/web\/produto\/feijao-vermelho-cozido-400g-labioideia\/","og_locale":"pt_PT","og_type":"article","og_title":"[:en]LA BIO IDEA COOKED RED BEANS 400GR[:pt]FEIJ\u00c3O VERMELHO COZIDO BIO 400G LA BIO IDEIA[:] - BIOCABAZ - CABAZES BIOL\u00d3GICOS","og_description":"Descri\u00e7\u00e3o Ingredientes: Feij\u00e3o Vermelho* (60%), \u00e1gua, sal marinho * de produ\u00e7\u00e3o Biol\u00f3gica. Dados Nutricionais Declara\u00e7\u00e3o Nutricional por 100g: Energia: 113kcal\/477kj; Prote\u00ednas: 8,9g; Hidratos de Carbono: 15g &#8211; dos quais a\u00e7\u00facares: 1g; L\u00edpidos: 0,4g &#8211; dos quais saturados: 0,06g; Fibra: 7g; S\u00f3dio: 280mg. Modo Utiliza\u00e7\u00e3oConservar em local seco e fresco.","og_url":"https:\/\/www.biocabaz.pt\/web\/produto\/feijao-vermelho-cozido-400g-labioideia\/","og_site_name":"BIOCABAZ - CABAZES BIOL\u00d3GICOS","article_modified_time":"2025-06-12T09:27:03+00:00","og_image":[{"width":600,"height":600,"url":"https:\/\/www.biocabaz.pt\/web\/wp-conteudos\/uploads\/2016\/04\/haricots-rouges-fagioli-rossi-400g-bioidea.jpg","type":"image\/jpeg"}],"twitter_card":"summary_large_image","twitter_misc":{"Est. reading time":"1 minuto"},"schema":{"@context":"https:\/\/schema.org","@graph":[{"@type":"WebPage","@id":"https:\/\/www.biocabaz.pt\/web\/en\/produto\/feijao-vermelho-cozido-400g-labioideia\/","url":"https:\/\/www.biocabaz.pt\/web\/en\/produto\/feijao-vermelho-cozido-400g-labioideia\/","name":"FEIJ\u00c3O VERMELHO COZIDO BIO 400G LA BIO IDEIA","isPartOf":{"@id":"https:\/\/biocabaz.pt\/web\/#website"},"primaryImageOfPage":{"@id":"https:\/\/www.biocabaz.pt\/web\/en\/produto\/feijao-vermelho-cozido-400g-labioideia\/#primaryimage"},"image":{"@id":"https:\/\/www.biocabaz.pt\/web\/en\/produto\/feijao-vermelho-cozido-400g-labioideia\/#primaryimage"},"thumbnailUrl":"https:\/\/www.biocabaz.pt\/web\/wp-conteudos\/uploads\/2016\/04\/haricots-rouges-fagioli-rossi-400g-bioidea.jpg","datePublished":"2016-04-14T21:51:08+00:00","dateModified":"2025-06-12T09:27:03+00:00","breadcrumb":{"@id":"https:\/\/www.biocabaz.pt\/web\/en\/produto\/feijao-vermelho-cozido-400g-labioideia\/#breadcrumb"},"inLanguage":"pt-PT","potentialAction":[{"@type":"ReadAction","target":["https:\/\/www.biocabaz.pt\/web\/en\/produto\/feijao-vermelho-cozido-400g-labioideia\/"]}]},{"@type":"ImageObject","inLanguage":"pt-PT","@id":"https:\/\/www.biocabaz.pt\/web\/en\/produto\/feijao-vermelho-cozido-400g-labioideia\/#primaryimage","url":"https:\/\/www.biocabaz.pt\/web\/wp-conteudos\/uploads\/2016\/04\/haricots-rouges-fagioli-rossi-400g-bioidea.jpg","contentUrl":"https:\/\/www.biocabaz.pt\/web\/wp-conteudos\/uploads\/2016\/04\/haricots-rouges-fagioli-rossi-400g-bioidea.jpg","width":600,"height":600},{"@type":"BreadcrumbList","@id":"https:\/\/www.biocabaz.pt\/web\/en\/produto\/feijao-vermelho-cozido-400g-labioideia\/#breadcrumb","itemListElement":[{"@type":"ListItem","position":1,"name":"Home","item":"https:\/\/biocabaz.pt\/web\/"},{"@type":"ListItem","position":2,"name":"Shop","item":"https:\/\/www.biocabaz.pt\/web\/en\/shop\/"},{"@type":"ListItem","position":3,"name":"LA BIO IDEA COOKED RED BEANS 400GR"}]},{"@type":"WebSite","@id":"https:\/\/biocabaz.pt\/web\/#website","url":"https:\/\/biocabaz.pt\/web\/","name":"BIOCABAZ - CABAZES BIOL\u00d3GICOS","description":"O melhor que a terra d\u00e1 \u00e9 para si","potentialAction":[{"@type":"SearchAction","target":{"@type":"EntryPoint","urlTemplate":"https:\/\/biocabaz.pt\/web\/?s={search_term_string}"},"query-input":{"@type":"PropertyValueSpecification","valueRequired":true,"valueName":"search_term_string"}}],"inLanguage":"pt-PT"}]}},"_links":{"self":[{"href":"https:\/\/www.biocabaz.pt\/web\/wp-json\/wp\/v2\/product\/1012","targetHints":{"allow":["GET"]}}],"collection":[{"href":"https:\/\/www.biocabaz.pt\/web\/wp-json\/wp\/v2\/product"}],"about":[{"href":"https:\/\/www.biocabaz.pt\/web\/wp-json\/wp\/v2\/types\/product"}],"replies":[{"embeddable":true,"href":"https:\/\/www.biocabaz.pt\/web\/wp-json\/wp\/v2\/comments?post=1012"}],"wp:featuredmedia":[{"embeddable":true,"href":"https:\/\/www.biocabaz.pt\/web\/wp-json\/wp\/v2\/media\/1131"}],"wp:attachment":[{"href":"https:\/\/www.biocabaz.pt\/web\/wp-json\/wp\/v2\/media?parent=1012"}],"wp:term":[{"taxonomy":"product_cat","embeddable":true,"href":"https:\/\/www.biocabaz.pt\/web\/wp-json\/wp\/v2\/product_cat?post=1012"},{"taxonomy":"product_tag","embeddable":true,"href":"https:\/\/www.biocabaz.pt\/web\/wp-json\/wp\/v2\/product_tag?post=1012"}],"curies":[{"name":"wp","href":"https:\/\/api.w.org\/{rel}","templated":true}]}}