{"id":465,"date":"2016-04-01T00:26:47","date_gmt":"2016-04-01T00:26:47","guid":{"rendered":"http:\/\/www.biocabaz.com\/web\/?page_id=465"},"modified":"2020-08-21T16:12:44","modified_gmt":"2020-08-21T16:12:44","slug":"politica-de-cancelamento","status":"publish","type":"page","link":"https:\/\/www.biocabaz.pt\/web\/politica-de-cancelamento\/","title":{"rendered":"Pol\u00edtica de Cancelamento"},"content":{"rendered":"[mk_page_section][vc_column][vc_column_text]Ap\u00f3s efectuada a encomenda e recebido o respectivo email de confirma\u00e7\u00e3o os produtos ser\u00e3o reservados para si. Poder\u00e1, no entanto, cancelar a sua encomenda desde que o fa\u00e7a at\u00e9 \u00e0s 14h do dia anterior \u00e0 entrega. Se efectuar o cancelamento ap\u00f3s efectuado o pagamento por transfer\u00eancia ficar\u00e1 com um cr\u00e9dito para usar numa encomenda futura.[\/vc_column_text][\/vc_column][\/mk_page_section][mk_page_section][vc_column][mk_padding_divider][\/vc_column][\/mk_page_section]\n","protected":false},"excerpt":{"rendered":"<p>[mk_page_section][vc_column][vc_column_text]Ap\u00f3s efectuada a encomenda e recebido o respectivo email de confirma\u00e7\u00e3o os produtos ser\u00e3o reservados para si. Poder\u00e1, no entanto, cancelar a sua encomenda desde que o fa\u00e7a at\u00e9 \u00e0s 14h do dia anterior \u00e0 entrega. Se efectuar o cancelamento ap\u00f3s efectuado o pagamento por transfer\u00eancia ficar\u00e1 com um cr\u00e9dito para usar numa encomenda futura.[\/vc_column_text][\/vc_column][\/mk_page_section][mk_page_section][vc_column][mk_padding_divider][\/vc_column][\/mk_page_section]<\/p>\n","protected":false},"author":3,"featured_media":0,"parent":0,"menu_order":0,"comment_status":"closed","ping_status":"closed","template":"","meta":{"footnotes":""},"class_list":["post-465","page","type-page","status-publish","hentry"],"yoast_head":"<!-- This site is optimized with the Yoast SEO plugin v26.3 - https:\/\/yoast.com\/wordpress\/plugins\/seo\/ -->\n<title>Politica de cancelamento<\/title>\n<meta name=\"robots\" content=\"index, follow, max-snippet:-1, max-image-preview:large, max-video-preview:-1\" \/>\n<link rel=\"canonical\" href=\"https:\/\/biocabaz.pt\/web\/en\/politica-de-cancelamento\/\" \/>\n<meta property=\"og:locale\" content=\"pt_PT\" \/>\n<meta property=\"og:locale:alternate\" content=\"en_US\" \/>\n<meta property=\"og:type\" content=\"article\" \/>\n<meta property=\"og:title\" content=\"Politica de cancelamento\" \/>\n<meta property=\"og:description\" content=\"[mk_page_section][vc_column][vc_column_text]Ap\u00f3s efectuada a encomenda e recebido o respectivo email de confirma\u00e7\u00e3o os produtos ser\u00e3o reservados para si. Poder\u00e1, no entanto, cancelar a sua encomenda desde que o fa\u00e7a at\u00e9 \u00e0s 14h do dia anterior \u00e0 entrega. Se efectuar o cancelamento ap\u00f3s efectuado o pagamento por transfer\u00eancia ficar\u00e1 com um cr\u00e9dito para usar numa encomenda futura.[\/vc_column_text][\/vc_column][\/mk_page_section][mk_page_section][vc_column][mk_padding_divider][\/vc_column][\/mk_page_section]\" \/>\n<meta property=\"og:url\" content=\"https:\/\/www.biocabaz.pt\/web\/politica-de-cancelamento\/\" \/>\n<meta property=\"og:site_name\" content=\"BIOCABAZ - CABAZES BIOL\u00d3GICOS\" \/>\n<meta property=\"article:modified_time\" content=\"2020-08-21T16:12:44+00:00\" \/>\n<meta name=\"twitter:card\" content=\"summary_large_image\" \/>\n<meta name=\"twitter:label1\" content=\"Est. reading time\" \/>\n\t<meta name=\"twitter:data1\" content=\"1 minuto\" \/>\n<script type=\"application\/ld+json\" class=\"yoast-schema-graph\">{\"@context\":\"https:\/\/schema.org\",\"@graph\":[{\"@type\":\"WebPage\",\"@id\":\"https:\/\/biocabaz.pt\/web\/en\/politica-de-cancelamento\/\",\"url\":\"https:\/\/biocabaz.pt\/web\/en\/politica-de-cancelamento\/\",\"name\":\"Politica de cancelamento\",\"isPartOf\":{\"@id\":\"https:\/\/biocabaz.pt\/web\/#website\"},\"datePublished\":\"2016-04-01T00:26:47+00:00\",\"dateModified\":\"2020-08-21T16:12:44+00:00\",\"breadcrumb\":{\"@id\":\"https:\/\/biocabaz.pt\/web\/en\/politica-de-cancelamento\/#breadcrumb\"},\"inLanguage\":\"pt-PT\",\"potentialAction\":[{\"@type\":\"ReadAction\",\"target\":[\"https:\/\/biocabaz.pt\/web\/en\/politica-de-cancelamento\/\"]}]},{\"@type\":\"BreadcrumbList\",\"@id\":\"https:\/\/biocabaz.pt\/web\/en\/politica-de-cancelamento\/#breadcrumb\",\"itemListElement\":[{\"@type\":\"ListItem\",\"position\":1,\"name\":\"Home\",\"item\":\"https:\/\/biocabaz.pt\/web\/\"},{\"@type\":\"ListItem\",\"position\":2,\"name\":\"Cancellation policy\"}]},{\"@type\":\"WebSite\",\"@id\":\"https:\/\/biocabaz.pt\/web\/#website\",\"url\":\"https:\/\/biocabaz.pt\/web\/\",\"name\":\"BIOCABAZ - CABAZES BIOL\u00d3GICOS\",\"description\":\"O melhor que a terra d\u00e1 \u00e9 para si\",\"potentialAction\":[{\"@type\":\"SearchAction\",\"target\":{\"@type\":\"EntryPoint\",\"urlTemplate\":\"https:\/\/biocabaz.pt\/web\/?s={search_term_string}\"},\"query-input\":{\"@type\":\"PropertyValueSpecification\",\"valueRequired\":true,\"valueName\":\"search_term_string\"}}],\"inLanguage\":\"pt-PT\"}]}<\/script>\n<!-- \/ Yoast SEO plugin. -->","yoast_head_json":{"title":"Politica de cancelamento","robots":{"index":"index","follow":"follow","max-snippet":"max-snippet:-1","max-image-preview":"max-image-preview:large","max-video-preview":"max-video-preview:-1"},"canonical":"https:\/\/biocabaz.pt\/web\/en\/politica-de-cancelamento\/","og_locale":"pt_PT","og_type":"article","og_title":"Politica de cancelamento","og_description":"[mk_page_section][vc_column][vc_column_text]Ap\u00f3s efectuada a encomenda e recebido o respectivo email de confirma\u00e7\u00e3o os produtos ser\u00e3o reservados para si. Poder\u00e1, no entanto, cancelar a sua encomenda desde que o fa\u00e7a at\u00e9 \u00e0s 14h do dia anterior \u00e0 entrega. Se efectuar o cancelamento ap\u00f3s efectuado o pagamento por transfer\u00eancia ficar\u00e1 com um cr\u00e9dito para usar numa encomenda futura.[\/vc_column_text][\/vc_column][\/mk_page_section][mk_page_section][vc_column][mk_padding_divider][\/vc_column][\/mk_page_section]","og_url":"https:\/\/www.biocabaz.pt\/web\/politica-de-cancelamento\/","og_site_name":"BIOCABAZ - CABAZES BIOL\u00d3GICOS","article_modified_time":"2020-08-21T16:12:44+00:00","twitter_card":"summary_large_image","twitter_misc":{"Est. reading time":"1 minuto"},"schema":{"@context":"https:\/\/schema.org","@graph":[{"@type":"WebPage","@id":"https:\/\/biocabaz.pt\/web\/en\/politica-de-cancelamento\/","url":"https:\/\/biocabaz.pt\/web\/en\/politica-de-cancelamento\/","name":"Politica de cancelamento","isPartOf":{"@id":"https:\/\/biocabaz.pt\/web\/#website"},"datePublished":"2016-04-01T00:26:47+00:00","dateModified":"2020-08-21T16:12:44+00:00","breadcrumb":{"@id":"https:\/\/biocabaz.pt\/web\/en\/politica-de-cancelamento\/#breadcrumb"},"inLanguage":"pt-PT","potentialAction":[{"@type":"ReadAction","target":["https:\/\/biocabaz.pt\/web\/en\/politica-de-cancelamento\/"]}]},{"@type":"BreadcrumbList","@id":"https:\/\/biocabaz.pt\/web\/en\/politica-de-cancelamento\/#breadcrumb","itemListElement":[{"@type":"ListItem","position":1,"name":"Home","item":"https:\/\/biocabaz.pt\/web\/"},{"@type":"ListItem","position":2,"name":"Cancellation policy"}]},{"@type":"WebSite","@id":"https:\/\/biocabaz.pt\/web\/#website","url":"https:\/\/biocabaz.pt\/web\/","name":"BIOCABAZ - CABAZES BIOL\u00d3GICOS","description":"O melhor que a terra d\u00e1 \u00e9 para si","potentialAction":[{"@type":"SearchAction","target":{"@type":"EntryPoint","urlTemplate":"https:\/\/biocabaz.pt\/web\/?s={search_term_string}"},"query-input":{"@type":"PropertyValueSpecification","valueRequired":true,"valueName":"search_term_string"}}],"inLanguage":"pt-PT"}]}},"_links":{"self":[{"href":"https:\/\/www.biocabaz.pt\/web\/wp-json\/wp\/v2\/pages\/465","targetHints":{"allow":["GET"]}}],"collection":[{"href":"https:\/\/www.biocabaz.pt\/web\/wp-json\/wp\/v2\/pages"}],"about":[{"href":"https:\/\/www.biocabaz.pt\/web\/wp-json\/wp\/v2\/types\/page"}],"author":[{"embeddable":true,"href":"https:\/\/www.biocabaz.pt\/web\/wp-json\/wp\/v2\/users\/3"}],"replies":[{"embeddable":true,"href":"https:\/\/www.biocabaz.pt\/web\/wp-json\/wp\/v2\/comments?post=465"}],"version-history":[{"count":1,"href":"https:\/\/www.biocabaz.pt\/web\/wp-json\/wp\/v2\/pages\/465\/revisions"}],"predecessor-version":[{"id":51021,"href":"https:\/\/www.biocabaz.pt\/web\/wp-json\/wp\/v2\/pages\/465\/revisions\/51021"}],"wp:attachment":[{"href":"https:\/\/www.biocabaz.pt\/web\/wp-json\/wp\/v2\/media?parent=465"}],"curies":[{"name":"wp","href":"https:\/\/api.w.org\/{rel}","templated":true}]}}