{"id":25,"date":"2016-01-24T21:26:55","date_gmt":"2016-01-24T21:26:55","guid":{"rendered":"http:\/\/www.biocabaz.com\/web\/?page_id=25"},"modified":"2025-01-03T08:01:32","modified_gmt":"2025-01-03T08:01:32","slug":"horarios-locais-e-prazos-de-entrega","status":"publish","type":"page","link":"https:\/\/www.biocabaz.pt\/web\/horarios-locais-e-prazos-de-entrega\/","title":{"rendered":"Hor\u00e1rios, Portes, Locais e Prazos de entrega"},"content":{"rendered":"[mk_page_section][vc_column][vc_column_text css=&#8221;.vc_custom_1735891141116{margin-bottom: 0px !important;}&#8221;]<strong>3\u00aafeira <\/strong><\/p>\n<ul>\n<li>\u00a0<strong>Margem Sul E Zona Do Oeste<\/strong>\u00a0Entregas efectuadas das 16h \u00e0s 21h 30m. Dentro deste hor\u00e1rio, pode indicar-nos nas observa\u00e7\u00f5es \u00a0a hora que mais lhe conv\u00e9m receber a sua encomenda.<\/li>\n<\/ul>\n<p><strong>4\u00aafeira\u00a0<\/strong><\/p>\n<ul>\n<li><strong>Centro de Lisboa<\/strong> Entregas efectuadas das 16h \u00e0s 21h 30m. Dentro deste hor\u00e1rio, pode indicar-nos nas observa\u00e7\u00f5es \u00a0a hora que mais lhe conv\u00e9m receber a sua encomenda.<\/li>\n<li><strong>Algarve Eixo Lagos\/Tavira <\/strong>Entregas efectuadas das 14h \u00e0s 20h 30m. Dentro deste hor\u00e1rio, pode indicar-nos nas observa\u00e7\u00f5es \u00a0a hora que mais lhe conv\u00e9m receber a sua encomenda. Custo por entrega\u00a0<strong>2,80\u20ac.<\/strong><\/li>\n<\/ul>\n<p><strong>5\u00aa feira<\/strong><\/p>\n<ul>\n<li><strong>Limites do concelho de Lisboa e Arredores <\/strong>Entregas efectuadas das 16h \u00e0s 21h 30m. Dentro deste hor\u00e1rio, pode indicar-nos nas observa\u00e7\u00f5es \u00a0a hora que mais lhe conv\u00e9m receber a sua encomenda.<\/li>\n<li>Bobadela<\/li>\n<li>Santa Iria Azoia<\/li>\n<li>P\u00f3voa de sta. Iria<\/li>\n<li>Alverca<\/li>\n<li>Vialonga<\/li>\n<li>Odivelas<\/li>\n<li>Loures<\/li>\n<li>Zona Oriental de Lisboa<\/li>\n<li>Bel\u00e9m<\/li>\n<li>Alg\u00e9s<\/li>\n<\/ul>\n<p><strong>6\u00aafeira<\/strong><\/p>\n<ul>\n<li><strong> Linha de Cascais e Linha de Sintra <\/strong>Entregas efectuadas das 16h \u00e0s 21h 30m. Dentro deste hor\u00e1rio, pode indicar-nos nas observa\u00e7\u00f5es \u00a0a hora que mais lhe conv\u00e9m receber a sua encomenda.<\/li>\n<li>Concelho de Oeiras<\/li>\n<li>Concelho de Cascais<\/li>\n<li>Concelho da Amadora<\/li>\n<li>Concelho de Queluz<\/li>\n<li>Concelho de Sintra<\/li>\n<\/ul>\n<p><strong>Prazo limite de encomenda Lisboa\u00a0<\/strong><\/p>\n<ul>\n<li>Entregas de 3\u00aa feira (Margem Sul e Zona do Oeste) \u2013 encomenda at\u00e9 \u00e0s 12h de 2\u00aafeira<\/li>\n<li>Entregas de 4\u00aa feira (Centro de Lisboa) \u2013 encomenda at\u00e9 \u00e0s 12h de 3\u00aafeira<\/li>\n<li>Entregas de 5\u00aafeira (Limites do Concelho de Lisboa e Arredores) \u2013 encomenda at\u00e9 \u00e1s 12h de 4\u00aafeira<\/li>\n<li>Entregas de 6\u00bafeira (Linhas de Cascais e Sintra) \u2013 encomenda at\u00e9 \u00e0s 12h de 5\u00aafeira<\/li>\n<\/ul>\n<p><strong>Prazo limite de encomenda Algarve <\/strong><\/p>\n<ul>\n<li>Entregas de 4\u00aa feira (Eixo Lagos\/Tavira ) \u2013 encomenda at\u00e9 \u00e0s 23:59h de 2\u00aafeira<\/li>\n<\/ul>\n[\/vc_column_text][\/vc_column][vc_column][\/vc_column][\/mk_page_section][mk_page_section][vc_column][mk_padding_divider][\/vc_column][\/mk_page_section]\n","protected":false},"excerpt":{"rendered":"<p>[mk_page_section][vc_column][vc_column_text css=&#8221;.vc_custom_1735891141116{margin-bottom: 0px !important;}&#8221;]3\u00aafeira \u00a0Margem Sul E Zona Do Oeste\u00a0Entregas efectuadas das 16h \u00e0s 21h 30m. Dentro deste hor\u00e1rio, pode indicar-nos nas observa\u00e7\u00f5es \u00a0a hora que mais lhe conv\u00e9m receber a sua encomenda. 4\u00aafeira\u00a0 Centro de Lisboa Entregas efectuadas das 16h \u00e0s 21h 30m. Dentro deste hor\u00e1rio, pode indicar-nos nas observa\u00e7\u00f5es \u00a0a hora que mais [&hellip;]<\/p>\n","protected":false},"author":3,"featured_media":0,"parent":0,"menu_order":0,"comment_status":"closed","ping_status":"closed","template":"","meta":{"footnotes":""},"class_list":["post-25","page","type-page","status-publish","hentry"],"yoast_head":"<!-- This site is optimized with the Yoast SEO plugin v26.3 - https:\/\/yoast.com\/wordpress\/plugins\/seo\/ -->\n<title>Hor\u00e1rios, Locais e Prazos de Entrega<\/title>\n<meta name=\"description\" content=\"Dias de entrega, prazo limite de encomenda Lisboa, prazo limite de encomenda Algarve\" \/>\n<meta name=\"robots\" content=\"index, follow, max-snippet:-1, max-image-preview:large, max-video-preview:-1\" \/>\n<link rel=\"canonical\" href=\"https:\/\/www.biocabaz.pt\/web\/horarios-locais-e-prazos-de-entrega\/\" \/>\n<meta property=\"og:locale\" content=\"pt_PT\" \/>\n<meta property=\"og:locale:alternate\" content=\"en_US\" \/>\n<meta property=\"og:type\" content=\"article\" \/>\n<meta property=\"og:title\" content=\"Hor\u00e1rios, Locais e Prazos de Entrega\" \/>\n<meta property=\"og:description\" content=\"Dias de entrega, prazo limite de encomenda Lisboa, prazo limite de encomenda Algarve\" \/>\n<meta property=\"og:url\" content=\"https:\/\/www.biocabaz.pt\/web\/horarios-locais-e-prazos-de-entrega\/\" \/>\n<meta property=\"og:site_name\" content=\"BIOCABAZ - CABAZES BIOL\u00d3GICOS\" \/>\n<meta property=\"article:modified_time\" content=\"2025-01-03T08:01:32+00:00\" \/>\n<meta name=\"twitter:card\" content=\"summary_large_image\" \/>\n<meta name=\"twitter:label1\" content=\"Est. reading time\" \/>\n\t<meta name=\"twitter:data1\" content=\"2 minutos\" \/>\n<script type=\"application\/ld+json\" class=\"yoast-schema-graph\">{\"@context\":\"https:\/\/schema.org\",\"@graph\":[{\"@type\":\"WebPage\",\"@id\":\"https:\/\/www.biocabaz.pt\/web\/horarios-locais-e-prazos-de-entrega\/\",\"url\":\"https:\/\/www.biocabaz.pt\/web\/horarios-locais-e-prazos-de-entrega\/\",\"name\":\"Hor\u00e1rios, Locais e Prazos de Entrega\",\"isPartOf\":{\"@id\":\"https:\/\/biocabaz.pt\/web\/#website\"},\"datePublished\":\"2016-01-24T21:26:55+00:00\",\"dateModified\":\"2025-01-03T08:01:32+00:00\",\"description\":\"Dias de entrega, prazo limite de encomenda Lisboa, prazo limite de encomenda Algarve\",\"breadcrumb\":{\"@id\":\"https:\/\/www.biocabaz.pt\/web\/horarios-locais-e-prazos-de-entrega\/#breadcrumb\"},\"inLanguage\":\"pt-PT\",\"potentialAction\":[{\"@type\":\"ReadAction\",\"target\":[\"https:\/\/www.biocabaz.pt\/web\/horarios-locais-e-prazos-de-entrega\/\"]}]},{\"@type\":\"BreadcrumbList\",\"@id\":\"https:\/\/www.biocabaz.pt\/web\/horarios-locais-e-prazos-de-entrega\/#breadcrumb\",\"itemListElement\":[{\"@type\":\"ListItem\",\"position\":1,\"name\":\"Home\",\"item\":\"https:\/\/biocabaz.pt\/web\/\"},{\"@type\":\"ListItem\",\"position\":2,\"name\":\"Hor\u00e1rios, Portes, Locais e Prazos de entrega\"}]},{\"@type\":\"WebSite\",\"@id\":\"https:\/\/biocabaz.pt\/web\/#website\",\"url\":\"https:\/\/biocabaz.pt\/web\/\",\"name\":\"BIOCABAZ - CABAZES BIOL\u00d3GICOS\",\"description\":\"O melhor que a terra d\u00e1 \u00e9 para si\",\"potentialAction\":[{\"@type\":\"SearchAction\",\"target\":{\"@type\":\"EntryPoint\",\"urlTemplate\":\"https:\/\/biocabaz.pt\/web\/?s={search_term_string}\"},\"query-input\":{\"@type\":\"PropertyValueSpecification\",\"valueRequired\":true,\"valueName\":\"search_term_string\"}}],\"inLanguage\":\"pt-PT\"}]}<\/script>\n<!-- \/ Yoast SEO plugin. -->","yoast_head_json":{"title":"Hor\u00e1rios, Locais e Prazos de Entrega","description":"Dias de entrega, prazo limite de encomenda Lisboa, prazo limite de encomenda Algarve","robots":{"index":"index","follow":"follow","max-snippet":"max-snippet:-1","max-image-preview":"max-image-preview:large","max-video-preview":"max-video-preview:-1"},"canonical":"https:\/\/www.biocabaz.pt\/web\/horarios-locais-e-prazos-de-entrega\/","og_locale":"pt_PT","og_type":"article","og_title":"Hor\u00e1rios, Locais e Prazos de Entrega","og_description":"Dias de entrega, prazo limite de encomenda Lisboa, prazo limite de encomenda Algarve","og_url":"https:\/\/www.biocabaz.pt\/web\/horarios-locais-e-prazos-de-entrega\/","og_site_name":"BIOCABAZ - CABAZES BIOL\u00d3GICOS","article_modified_time":"2025-01-03T08:01:32+00:00","twitter_card":"summary_large_image","twitter_misc":{"Est. reading time":"2 minutos"},"schema":{"@context":"https:\/\/schema.org","@graph":[{"@type":"WebPage","@id":"https:\/\/www.biocabaz.pt\/web\/horarios-locais-e-prazos-de-entrega\/","url":"https:\/\/www.biocabaz.pt\/web\/horarios-locais-e-prazos-de-entrega\/","name":"Hor\u00e1rios, Locais e Prazos de Entrega","isPartOf":{"@id":"https:\/\/biocabaz.pt\/web\/#website"},"datePublished":"2016-01-24T21:26:55+00:00","dateModified":"2025-01-03T08:01:32+00:00","description":"Dias de entrega, prazo limite de encomenda Lisboa, prazo limite de encomenda Algarve","breadcrumb":{"@id":"https:\/\/www.biocabaz.pt\/web\/horarios-locais-e-prazos-de-entrega\/#breadcrumb"},"inLanguage":"pt-PT","potentialAction":[{"@type":"ReadAction","target":["https:\/\/www.biocabaz.pt\/web\/horarios-locais-e-prazos-de-entrega\/"]}]},{"@type":"BreadcrumbList","@id":"https:\/\/www.biocabaz.pt\/web\/horarios-locais-e-prazos-de-entrega\/#breadcrumb","itemListElement":[{"@type":"ListItem","position":1,"name":"Home","item":"https:\/\/biocabaz.pt\/web\/"},{"@type":"ListItem","position":2,"name":"Hor\u00e1rios, Portes, Locais e Prazos de entrega"}]},{"@type":"WebSite","@id":"https:\/\/biocabaz.pt\/web\/#website","url":"https:\/\/biocabaz.pt\/web\/","name":"BIOCABAZ - CABAZES BIOL\u00d3GICOS","description":"O melhor que a terra d\u00e1 \u00e9 para si","potentialAction":[{"@type":"SearchAction","target":{"@type":"EntryPoint","urlTemplate":"https:\/\/biocabaz.pt\/web\/?s={search_term_string}"},"query-input":{"@type":"PropertyValueSpecification","valueRequired":true,"valueName":"search_term_string"}}],"inLanguage":"pt-PT"}]}},"_links":{"self":[{"href":"https:\/\/www.biocabaz.pt\/web\/wp-json\/wp\/v2\/pages\/25","targetHints":{"allow":["GET"]}}],"collection":[{"href":"https:\/\/www.biocabaz.pt\/web\/wp-json\/wp\/v2\/pages"}],"about":[{"href":"https:\/\/www.biocabaz.pt\/web\/wp-json\/wp\/v2\/types\/page"}],"author":[{"embeddable":true,"href":"https:\/\/www.biocabaz.pt\/web\/wp-json\/wp\/v2\/users\/3"}],"replies":[{"embeddable":true,"href":"https:\/\/www.biocabaz.pt\/web\/wp-json\/wp\/v2\/comments?post=25"}],"version-history":[{"count":10,"href":"https:\/\/www.biocabaz.pt\/web\/wp-json\/wp\/v2\/pages\/25\/revisions"}],"predecessor-version":[{"id":120248,"href":"https:\/\/www.biocabaz.pt\/web\/wp-json\/wp\/v2\/pages\/25\/revisions\/120248"}],"wp:attachment":[{"href":"https:\/\/www.biocabaz.pt\/web\/wp-json\/wp\/v2\/media?parent=25"}],"curies":[{"name":"wp","href":"https:\/\/api.w.org\/{rel}","templated":true}]}}