{"id":23,"date":"2016-01-24T21:26:22","date_gmt":"2016-01-24T21:26:22","guid":{"rendered":"http:\/\/www.biocabaz.com\/web\/?page_id=23"},"modified":"2025-01-03T07:58:10","modified_gmt":"2025-01-03T07:58:10","slug":"como-encomendar","status":"publish","type":"page","link":"https:\/\/www.biocabaz.pt\/web\/como-encomendar\/","title":{"rendered":"Como encomendar"},"content":{"rendered":"[mk_page_section][vc_column][vc_column_text css=&#8221;.vc_custom_1735891002002{margin-bottom: 0px !important;}&#8221;]<strong>1\u00ba &#8211; Verifica\u00e7\u00e3o dos locais de entrega <\/strong><\/p>\n<p>Para encomendar comece por verificar se fazemos entregas na sua \u00e1rea de resid\u00eancia ou local de trabalho (ou outro local onde pretenda que seja feita a entrega do cabaz)<\/p>\n<p><strong>Nota:<\/strong> Se a sua morada n\u00e3o estiver inclu\u00edda na nossa \u00e1rea de entrega entre em contacto connosco para sabermos da sua inten\u00e7\u00e3o de encomendar, para que fique em \u201clista de espera\u201d ou eventualmente para que seja poss\u00edvel satisfazer o seu pedido, combinando um s\u00edtio poss\u00edvel que seja acess\u00edvel para si e para n\u00f3s (dentro da \u00e1rea metropolitana de Lisboa). Fora da \u00e1rea de Lisboa, se pretender algum produto, n\u00e3o perec\u00edvel poderemos enviar-lhe pelo correio. Para isso entre em contacto connosco vias email ou pelo telefone .<\/p>\n<p>&nbsp;<\/p>\n<p><strong>2\u00ba &#8211; Registo <\/strong><\/p>\n<p>Ter\u00e1 se de registar facultando-nos todos os dados necess\u00e1rios \u00e0 factura\u00e7\u00e3o, morada de entrega e contactos. Com o registo ter\u00e1 acesso \u00e0 sua \u00e1rea de cliente, onde poder\u00e1 gerir os seus dados, bem como definir a tipologia de cabaz (semanal, quinzenal, mensal, outro) e aceder ao hist\u00f3rico das suas encomendas. Cada cliente tem o seu espa\u00e7o no site, onde poder\u00e1 ver a cada momento as encomendas e entregas efectuadas, como o estado da sua encomenda actual e conta corrente .<\/p>\n<p>&nbsp;<\/p>\n<p><strong>3\u00ba &#8211; Comprar <\/strong><\/p>\n<p>Ap\u00f3s efetuado o login (ap\u00f3s registo) poder\u00e1 escolher 2 op\u00e7\u00f5es:<\/p>\n<ul>\n<li>Cabaz pr\u00e9-definido<\/li>\n<li>Cabaz personalizado<\/li>\n<\/ul>\n<p>Na 1\u00aa op\u00e7\u00e3o escolher\u00e1 um cabaz definido por n\u00f3s, de acordo com as necessidades gerais das fam\u00edlias, para uma semana. Nesta solu\u00e7\u00e3o poder\u00e1 alterar at\u00e9 2 produtos do cabaz que n\u00e3o sejam do seu agrado substituindo-os por outros de igual valor (esta altera\u00e7\u00e3o dever\u00e1 ser feita nas notas da encomenda).\u00a0 Poder\u00e1 ainda juntar mais produtos que lhe interessem. Na 2\u00aa op\u00e7\u00e3o poder\u00e1 escolher de entre a nossa vasta gama de produtos, frescos, mercearias, etc&#8230; Em qualquer dos casos a encomenda m\u00ednima \u00e9 de 25\u20ac. Na primeira compra ser\u00e1 cobrado 4\u20ac de cau\u00e7\u00e3o do saco de juta da Biocabaz, o valor ser\u00e1 devolvido no caso de deixar de ser cliente da Biocabaz e procedendo \u00e0 sua devolu\u00e7\u00e3o. Poder\u00e1 tamb\u00e9m definir a periodicidade das suas encomendas, que poder\u00e1 ser pontual, semanal (definir em cada semana se quer ou n\u00e3o receber o seu cabaz), quinzenal (receber\u00e1 o seu biocabaz semana sim semana n\u00e3o), ou mensal (pode encomendar mensalmente os 4 cabazes e receber\u00e1 o seu cabaz em cada semana sem mais preocupa\u00e7\u00f5es). No caso de pretender alguma destas solu\u00e7\u00f5es entre em contacto connosco por telefone ou email.<\/p>\n<p>&nbsp;<\/p>\n<p><strong>4\u00ba &#8211; Finaliza\u00e7\u00e3o da encomenda <\/strong><\/p>\n<p>&nbsp;<\/p>\n<p><strong>5\u00ba &#8211; Modos de pagamento <\/strong><\/p>\n<p>Os modos de pagamento do seu cabaz s\u00e3o: transfer\u00eancia banc\u00e1ria (para o NIB Biobabaz) ,Multibanco no acto de entrega do cabaz (temos \u00e0 sua disposi\u00e7\u00e3o um multibanco m\u00f3vel para facilitar o pagamento no acto da entrega) ou MBway.<\/p>\n<p><strong>6\u00ba &#8211; Confirma\u00e7\u00e3o<\/strong><\/p>\n<p>Confirma\u00e7\u00e3o da sua encomenda via email. Ap\u00f3s recep\u00e7\u00e3o da sua encomenda receber\u00e1 um email com a lista de produtos encomendados, bem como o valor da mesma. A factura ser-lhe-\u00e1 enviada por email logo ap\u00f3s boa cobran\u00e7a.<\/p>\n<p><strong>7\u00ba &#8211; Jurisdi\u00e7\u00e3o e Legisl\u00e7\u00e3o<\/strong><\/p>\n<p>As condi\u00e7\u00f5es de acesso e uso deste website regem-se exclusivamente pela lei portuguesa.<\/p>\n<p>O <strong><em>BioCabaz <\/em><\/strong>e o utilizador, entendem que a via negocial \u00e9 a forma preferencial para resolu\u00e7\u00e3o das d\u00favidas, diverg\u00eancias ou lit\u00edgios de qualquer natureza que se levantem sobre a interpreta\u00e7\u00e3o ou execu\u00e7\u00e3o das disposi\u00e7\u00f5es legais ou contratuais aplic\u00e1veis \u00e0s suas rela\u00e7\u00f5es, incluindo o incumprimento das obriga\u00e7\u00f5es das partes. Todavia, uma vez esgotada a via negocial, as partes acordam que para a resolu\u00e7\u00e3o dos diferendos resultantes da utiliza\u00e7\u00e3o deste website \u00e9 competente o Tribunal da Comarca de Lisboa.[\/vc_column_text][\/vc_column][\/mk_page_section][mk_page_section][vc_column][mk_padding_divider][\/vc_column][\/mk_page_section]\n","protected":false},"excerpt":{"rendered":"<p>[mk_page_section][vc_column][vc_column_text css=&#8221;.vc_custom_1735891002002{margin-bottom: 0px !important;}&#8221;]1\u00ba &#8211; Verifica\u00e7\u00e3o dos locais de entrega Para encomendar comece por verificar se fazemos entregas na sua \u00e1rea de resid\u00eancia ou local de trabalho (ou outro local onde pretenda que seja feita a entrega do cabaz) Nota: Se a sua morada n\u00e3o estiver inclu\u00edda na nossa \u00e1rea de entrega entre em contacto [&hellip;]<\/p>\n","protected":false},"author":3,"featured_media":0,"parent":0,"menu_order":0,"comment_status":"closed","ping_status":"closed","template":"","meta":{"footnotes":""},"class_list":["post-23","page","type-page","status-publish","hentry"],"yoast_head":"<!-- This site is optimized with the Yoast SEO plugin v26.3 - https:\/\/yoast.com\/wordpress\/plugins\/seo\/ -->\n<title>Como Encomendar | Biocabaz<\/title>\n<meta name=\"description\" content=\"Verifica\u00e7\u00e3o dos locais de entrega, registe os dados necess\u00e1rios \u00e0 fatura\u00e7\u00e3o, escolha o seu cabaz! Pode optar por um cabaz pr\u00e9-definido ou personalizado.\" \/>\n<meta name=\"robots\" content=\"index, follow, max-snippet:-1, max-image-preview:large, max-video-preview:-1\" \/>\n<link rel=\"canonical\" href=\"https:\/\/www.biocabaz.pt\/web\/como-encomendar\/\" \/>\n<meta property=\"og:locale\" content=\"pt_PT\" \/>\n<meta property=\"og:locale:alternate\" content=\"en_US\" \/>\n<meta property=\"og:type\" content=\"article\" \/>\n<meta property=\"og:title\" content=\"Como Encomendar | Biocabaz\" \/>\n<meta property=\"og:description\" content=\"Verifica\u00e7\u00e3o dos locais de entrega, registe os dados necess\u00e1rios \u00e0 fatura\u00e7\u00e3o, escolha o seu cabaz! Pode optar por um cabaz pr\u00e9-definido ou personalizado.\" \/>\n<meta property=\"og:url\" content=\"https:\/\/www.biocabaz.pt\/web\/como-encomendar\/\" \/>\n<meta property=\"og:site_name\" content=\"BIOCABAZ - CABAZES BIOL\u00d3GICOS\" \/>\n<meta property=\"article:modified_time\" content=\"2025-01-03T07:58:10+00:00\" \/>\n<meta name=\"twitter:card\" content=\"summary_large_image\" \/>\n<meta name=\"twitter:label1\" content=\"Est. reading time\" \/>\n\t<meta name=\"twitter:data1\" content=\"4 minutos\" \/>\n<script type=\"application\/ld+json\" class=\"yoast-schema-graph\">{\"@context\":\"https:\/\/schema.org\",\"@graph\":[{\"@type\":\"WebPage\",\"@id\":\"https:\/\/www.biocabaz.pt\/web\/como-encomendar\/\",\"url\":\"https:\/\/www.biocabaz.pt\/web\/como-encomendar\/\",\"name\":\"Como Encomendar | Biocabaz\",\"isPartOf\":{\"@id\":\"https:\/\/biocabaz.pt\/web\/#website\"},\"datePublished\":\"2016-01-24T21:26:22+00:00\",\"dateModified\":\"2025-01-03T07:58:10+00:00\",\"description\":\"Verifica\u00e7\u00e3o dos locais de entrega, registe os dados necess\u00e1rios \u00e0 fatura\u00e7\u00e3o, escolha o seu cabaz! Pode optar por um cabaz pr\u00e9-definido ou personalizado.\",\"breadcrumb\":{\"@id\":\"https:\/\/www.biocabaz.pt\/web\/como-encomendar\/#breadcrumb\"},\"inLanguage\":\"pt-PT\",\"potentialAction\":[{\"@type\":\"ReadAction\",\"target\":[\"https:\/\/www.biocabaz.pt\/web\/como-encomendar\/\"]}]},{\"@type\":\"BreadcrumbList\",\"@id\":\"https:\/\/www.biocabaz.pt\/web\/como-encomendar\/#breadcrumb\",\"itemListElement\":[{\"@type\":\"ListItem\",\"position\":1,\"name\":\"Home\",\"item\":\"https:\/\/biocabaz.pt\/web\/\"},{\"@type\":\"ListItem\",\"position\":2,\"name\":\"Como encomendar\"}]},{\"@type\":\"WebSite\",\"@id\":\"https:\/\/biocabaz.pt\/web\/#website\",\"url\":\"https:\/\/biocabaz.pt\/web\/\",\"name\":\"BIOCABAZ - CABAZES BIOL\u00d3GICOS\",\"description\":\"O melhor que a terra d\u00e1 \u00e9 para si\",\"potentialAction\":[{\"@type\":\"SearchAction\",\"target\":{\"@type\":\"EntryPoint\",\"urlTemplate\":\"https:\/\/biocabaz.pt\/web\/?s={search_term_string}\"},\"query-input\":{\"@type\":\"PropertyValueSpecification\",\"valueRequired\":true,\"valueName\":\"search_term_string\"}}],\"inLanguage\":\"pt-PT\"}]}<\/script>\n<!-- \/ Yoast SEO plugin. -->","yoast_head_json":{"title":"Como Encomendar | Biocabaz","description":"Verifica\u00e7\u00e3o dos locais de entrega, registe os dados necess\u00e1rios \u00e0 fatura\u00e7\u00e3o, escolha o seu cabaz! Pode optar por um cabaz pr\u00e9-definido ou personalizado.","robots":{"index":"index","follow":"follow","max-snippet":"max-snippet:-1","max-image-preview":"max-image-preview:large","max-video-preview":"max-video-preview:-1"},"canonical":"https:\/\/www.biocabaz.pt\/web\/como-encomendar\/","og_locale":"pt_PT","og_type":"article","og_title":"Como Encomendar | Biocabaz","og_description":"Verifica\u00e7\u00e3o dos locais de entrega, registe os dados necess\u00e1rios \u00e0 fatura\u00e7\u00e3o, escolha o seu cabaz! Pode optar por um cabaz pr\u00e9-definido ou personalizado.","og_url":"https:\/\/www.biocabaz.pt\/web\/como-encomendar\/","og_site_name":"BIOCABAZ - CABAZES BIOL\u00d3GICOS","article_modified_time":"2025-01-03T07:58:10+00:00","twitter_card":"summary_large_image","twitter_misc":{"Est. reading time":"4 minutos"},"schema":{"@context":"https:\/\/schema.org","@graph":[{"@type":"WebPage","@id":"https:\/\/www.biocabaz.pt\/web\/como-encomendar\/","url":"https:\/\/www.biocabaz.pt\/web\/como-encomendar\/","name":"Como Encomendar | Biocabaz","isPartOf":{"@id":"https:\/\/biocabaz.pt\/web\/#website"},"datePublished":"2016-01-24T21:26:22+00:00","dateModified":"2025-01-03T07:58:10+00:00","description":"Verifica\u00e7\u00e3o dos locais de entrega, registe os dados necess\u00e1rios \u00e0 fatura\u00e7\u00e3o, escolha o seu cabaz! Pode optar por um cabaz pr\u00e9-definido ou personalizado.","breadcrumb":{"@id":"https:\/\/www.biocabaz.pt\/web\/como-encomendar\/#breadcrumb"},"inLanguage":"pt-PT","potentialAction":[{"@type":"ReadAction","target":["https:\/\/www.biocabaz.pt\/web\/como-encomendar\/"]}]},{"@type":"BreadcrumbList","@id":"https:\/\/www.biocabaz.pt\/web\/como-encomendar\/#breadcrumb","itemListElement":[{"@type":"ListItem","position":1,"name":"Home","item":"https:\/\/biocabaz.pt\/web\/"},{"@type":"ListItem","position":2,"name":"Como encomendar"}]},{"@type":"WebSite","@id":"https:\/\/biocabaz.pt\/web\/#website","url":"https:\/\/biocabaz.pt\/web\/","name":"BIOCABAZ - CABAZES BIOL\u00d3GICOS","description":"O melhor que a terra d\u00e1 \u00e9 para si","potentialAction":[{"@type":"SearchAction","target":{"@type":"EntryPoint","urlTemplate":"https:\/\/biocabaz.pt\/web\/?s={search_term_string}"},"query-input":{"@type":"PropertyValueSpecification","valueRequired":true,"valueName":"search_term_string"}}],"inLanguage":"pt-PT"}]}},"_links":{"self":[{"href":"https:\/\/www.biocabaz.pt\/web\/wp-json\/wp\/v2\/pages\/23","targetHints":{"allow":["GET"]}}],"collection":[{"href":"https:\/\/www.biocabaz.pt\/web\/wp-json\/wp\/v2\/pages"}],"about":[{"href":"https:\/\/www.biocabaz.pt\/web\/wp-json\/wp\/v2\/types\/page"}],"author":[{"embeddable":true,"href":"https:\/\/www.biocabaz.pt\/web\/wp-json\/wp\/v2\/users\/3"}],"replies":[{"embeddable":true,"href":"https:\/\/www.biocabaz.pt\/web\/wp-json\/wp\/v2\/comments?post=23"}],"version-history":[{"count":15,"href":"https:\/\/www.biocabaz.pt\/web\/wp-json\/wp\/v2\/pages\/23\/revisions"}],"predecessor-version":[{"id":120246,"href":"https:\/\/www.biocabaz.pt\/web\/wp-json\/wp\/v2\/pages\/23\/revisions\/120246"}],"wp:attachment":[{"href":"https:\/\/www.biocabaz.pt\/web\/wp-json\/wp\/v2\/media?parent=23"}],"curies":[{"name":"wp","href":"https:\/\/api.w.org\/{rel}","templated":true}]}}