{"id":17,"date":"2016-01-24T21:24:48","date_gmt":"2016-01-24T21:24:48","guid":{"rendered":"http:\/\/www.biocabaz.com\/web\/?page_id=17"},"modified":"2020-08-21T16:02:47","modified_gmt":"2020-08-21T16:02:47","slug":"avisos-legais","status":"publish","type":"page","link":"https:\/\/www.biocabaz.pt\/web\/avisos-legais\/","title":{"rendered":"Biol\u00f3gico e Certificado"},"content":{"rendered":"[mk_page_section][vc_column][vc_column_text]<u>Produ\u00e7\u00e3o Biol\u00f3gica<\/u><\/p>\n<p>A Agricultura biol\u00f3gica segue crit\u00e9rios definidos pela Comiss\u00e3o Europeia (Regulamento CE n.\u00ba 889 \/ 2008 da Comiss\u00e3o, de 5 de Setembro de 2008) e consiste na produ\u00e7\u00e3o de plantas de forma sustent\u00e1vel, respeitando os ciclos de vida e a natureza, com \u201cpr\u00e1ticas de cultivo variadas e o uso limitado de fertilizantes e correctivos de baixa solubilidade\u201d (Regulamento CE n.\u00ba 889 \/ 2008 da Comiss\u00e3o, de 5 de Setembro de 2008). A utiliza\u00e7\u00e3o de pesticidas \u00e9 fortemente restringida devendo as pragas, doen\u00e7as e infestantes ser minimizadas por recurso a medidas preventivas.<\/p>\n<p>Na agricultura biol\u00f3gica \u00e9 expressamente proibida a utiliza\u00e7\u00e3o de esp\u00e9cies geneticamente modificadas, optando-se antes por esp\u00e9cies vegetais adaptadas \u00e0s condi\u00e7\u00f5es edafoclim\u00e1ticas locais e por isso mais resistentes a pragas e doen\u00e7as. D\u00e1-se tamb\u00e9m especial aten\u00e7\u00e3o ao controlo biol\u00f3gico de pragas com a introdu\u00e7\u00e3o dos predadores adequados que evitam ou consomem certas esp\u00e9cies animais ou vegetais nefastas para a produ\u00e7\u00e3o, como \u00e9 o caso das joaninhas, t\u00e3o importantes no controlo de pragas\u00a0como os af\u00eddeos, tamb\u00e9m vulgarmente designados por piolhos. Outra pr\u00e1tica muito eficiente no controlo de pragas e doen\u00e7as \u00e9 o recurso a associa\u00e7\u00f5es ben\u00e9ficas de esp\u00e9cies vegetais, como \u00e9 o caso\u00a0da cebola junto da cenoura com o benef\u00edcio de repelir uma das pragas, a mosca da cenoura.<\/p>\n<p>Na produ\u00e7\u00e3o animal biol\u00f3gica n\u00e3o \u00e9 permitida a produ\u00e7\u00e3o intensiva, preservando-se os ciclos de vida de cada animal, que cresce ao ar livre e \u00e9 alimentado exclusivamente com produtos de origem biol\u00f3gica.<\/p>\n<p><u>Certifica\u00e7\u00e3o<\/u><\/p>\n<p>Todos os produtos que entregamos no seu cabaz s\u00e3o de produ\u00e7\u00e3o biol\u00f3gica, com o respectivo certificado de conformidade com o Regulamento Europeu da Agricultura Biol\u00f3gica e tamb\u00e9m o processo de manuseamento e entrega s\u00e3o controlados pela SATIVA PT-BIO-03, um dos organismos de controlo e certifica\u00e7\u00e3o para a Agricultura Biol\u00f3gica a operar em Portugal, de forma a garantir que desde a origem at\u00e9 \u00e0 sua casa os produtos fornecidos s\u00e3o de agricultura biol\u00f3gica. Os nossos fornecedores s\u00e3o maioritariamente nacionais, obrigatoriamente controlados por um organismo de controlo e certifica\u00e7\u00e3o, garantindo assim que todos os produtos fornecidos por estes s\u00e3o de agricultura biol\u00f3gica.<\/p>\n<p>Sempre que poss\u00edvel damos prefer\u00eancia \u00e0 produ\u00e7\u00e3o nacional mas, como sabemos, a produ\u00e7\u00e3o em Portugal \u00e9 limitada, tanto em quantidade como em diversidade ao longo do ano, pelo que tamb\u00e9m recorremos a produtos importados para satisfazer \u00e0s necessidades dos nossos clientes. De modo a minimizar as importa\u00e7\u00f5es fa\u00e7a as suas escolhas nos produtos da \u00e9poca, pois \u00e9 uma das formas de garantir o consumo de produtos nacionais!<\/p>\n<p>Todos os produtos importados, frescos ou mercearias s\u00e3o certificados. Poder\u00e1 sempre ver a sua origem na ficha do produto onde encontra o produtor e a sua nacionalidade.[\/vc_column_text][\/vc_column][\/mk_page_section][mk_page_section][vc_column][mk_padding_divider][\/vc_column][\/mk_page_section]\n","protected":false},"excerpt":{"rendered":"<p>[mk_page_section][vc_column][vc_column_text]Produ\u00e7\u00e3o Biol\u00f3gica A Agricultura biol\u00f3gica segue crit\u00e9rios definidos pela Comiss\u00e3o Europeia (Regulamento CE n.\u00ba 889 \/ 2008 da Comiss\u00e3o, de 5 de Setembro de 2008) e consiste na produ\u00e7\u00e3o de plantas de forma sustent\u00e1vel, respeitando os ciclos de vida e a natureza, com \u201cpr\u00e1ticas de cultivo variadas e o uso limitado de fertilizantes e correctivos [&hellip;]<\/p>\n","protected":false},"author":3,"featured_media":0,"parent":0,"menu_order":0,"comment_status":"closed","ping_status":"closed","template":"","meta":{"footnotes":""},"class_list":["post-17","page","type-page","status-publish","hentry"],"yoast_head":"<!-- This site is optimized with the Yoast SEO plugin v26.3 - https:\/\/yoast.com\/wordpress\/plugins\/seo\/ -->\n<title>Biol\u00f3gico e Certificado | Avisos Legais<\/title>\n<meta name=\"description\" content=\"Produ\u00e7\u00e3o biol\u00f3gica segue crit\u00e9rios estabelecidos. Todos os produtos fornecidos s\u00e3o certificados garantindo que prov\u00eam de agricultura biol\u00f3gica.\" \/>\n<meta name=\"robots\" content=\"index, follow, max-snippet:-1, max-image-preview:large, max-video-preview:-1\" \/>\n<link rel=\"canonical\" href=\"https:\/\/www.biocabaz.pt\/web\/avisos-legais\/\" \/>\n<meta property=\"og:locale\" content=\"pt_PT\" \/>\n<meta property=\"og:locale:alternate\" content=\"en_US\" \/>\n<meta property=\"og:type\" content=\"article\" \/>\n<meta property=\"og:title\" content=\"Biol\u00f3gico e Certificado | Avisos Legais\" \/>\n<meta property=\"og:description\" content=\"Produ\u00e7\u00e3o biol\u00f3gica segue crit\u00e9rios estabelecidos. Todos os produtos fornecidos s\u00e3o certificados garantindo que prov\u00eam de agricultura biol\u00f3gica.\" \/>\n<meta property=\"og:url\" content=\"https:\/\/www.biocabaz.pt\/web\/avisos-legais\/\" \/>\n<meta property=\"og:site_name\" content=\"BIOCABAZ - CABAZES BIOL\u00d3GICOS\" \/>\n<meta property=\"article:modified_time\" content=\"2020-08-21T16:02:47+00:00\" \/>\n<meta name=\"twitter:card\" content=\"summary_large_image\" \/>\n<meta name=\"twitter:label1\" content=\"Est. reading time\" \/>\n\t<meta name=\"twitter:data1\" content=\"5 minutos\" \/>\n<script type=\"application\/ld+json\" class=\"yoast-schema-graph\">{\"@context\":\"https:\/\/schema.org\",\"@graph\":[{\"@type\":\"WebPage\",\"@id\":\"https:\/\/www.biocabaz.pt\/web\/avisos-legais\/\",\"url\":\"https:\/\/www.biocabaz.pt\/web\/avisos-legais\/\",\"name\":\"Biol\u00f3gico e Certificado | Avisos Legais\",\"isPartOf\":{\"@id\":\"https:\/\/biocabaz.pt\/web\/#website\"},\"datePublished\":\"2016-01-24T21:24:48+00:00\",\"dateModified\":\"2020-08-21T16:02:47+00:00\",\"description\":\"Produ\u00e7\u00e3o biol\u00f3gica segue crit\u00e9rios estabelecidos. Todos os produtos fornecidos s\u00e3o certificados garantindo que prov\u00eam de agricultura biol\u00f3gica.\",\"breadcrumb\":{\"@id\":\"https:\/\/www.biocabaz.pt\/web\/avisos-legais\/#breadcrumb\"},\"inLanguage\":\"pt-PT\",\"potentialAction\":[{\"@type\":\"ReadAction\",\"target\":[\"https:\/\/www.biocabaz.pt\/web\/avisos-legais\/\"]}]},{\"@type\":\"BreadcrumbList\",\"@id\":\"https:\/\/www.biocabaz.pt\/web\/avisos-legais\/#breadcrumb\",\"itemListElement\":[{\"@type\":\"ListItem\",\"position\":1,\"name\":\"Home\",\"item\":\"https:\/\/biocabaz.pt\/web\/\"},{\"@type\":\"ListItem\",\"position\":2,\"name\":\"Biol\u00f3gico e Certificado\"}]},{\"@type\":\"WebSite\",\"@id\":\"https:\/\/biocabaz.pt\/web\/#website\",\"url\":\"https:\/\/biocabaz.pt\/web\/\",\"name\":\"BIOCABAZ - CABAZES BIOL\u00d3GICOS\",\"description\":\"O melhor que a terra d\u00e1 \u00e9 para si\",\"potentialAction\":[{\"@type\":\"SearchAction\",\"target\":{\"@type\":\"EntryPoint\",\"urlTemplate\":\"https:\/\/biocabaz.pt\/web\/?s={search_term_string}\"},\"query-input\":{\"@type\":\"PropertyValueSpecification\",\"valueRequired\":true,\"valueName\":\"search_term_string\"}}],\"inLanguage\":\"pt-PT\"}]}<\/script>\n<!-- \/ Yoast SEO plugin. -->","yoast_head_json":{"title":"Biol\u00f3gico e Certificado | Avisos Legais","description":"Produ\u00e7\u00e3o biol\u00f3gica segue crit\u00e9rios estabelecidos. Todos os produtos fornecidos s\u00e3o certificados garantindo que prov\u00eam de agricultura biol\u00f3gica.","robots":{"index":"index","follow":"follow","max-snippet":"max-snippet:-1","max-image-preview":"max-image-preview:large","max-video-preview":"max-video-preview:-1"},"canonical":"https:\/\/www.biocabaz.pt\/web\/avisos-legais\/","og_locale":"pt_PT","og_type":"article","og_title":"Biol\u00f3gico e Certificado | Avisos Legais","og_description":"Produ\u00e7\u00e3o biol\u00f3gica segue crit\u00e9rios estabelecidos. Todos os produtos fornecidos s\u00e3o certificados garantindo que prov\u00eam de agricultura biol\u00f3gica.","og_url":"https:\/\/www.biocabaz.pt\/web\/avisos-legais\/","og_site_name":"BIOCABAZ - CABAZES BIOL\u00d3GICOS","article_modified_time":"2020-08-21T16:02:47+00:00","twitter_card":"summary_large_image","twitter_misc":{"Est. reading time":"5 minutos"},"schema":{"@context":"https:\/\/schema.org","@graph":[{"@type":"WebPage","@id":"https:\/\/www.biocabaz.pt\/web\/avisos-legais\/","url":"https:\/\/www.biocabaz.pt\/web\/avisos-legais\/","name":"Biol\u00f3gico e Certificado | Avisos Legais","isPartOf":{"@id":"https:\/\/biocabaz.pt\/web\/#website"},"datePublished":"2016-01-24T21:24:48+00:00","dateModified":"2020-08-21T16:02:47+00:00","description":"Produ\u00e7\u00e3o biol\u00f3gica segue crit\u00e9rios estabelecidos. Todos os produtos fornecidos s\u00e3o certificados garantindo que prov\u00eam de agricultura biol\u00f3gica.","breadcrumb":{"@id":"https:\/\/www.biocabaz.pt\/web\/avisos-legais\/#breadcrumb"},"inLanguage":"pt-PT","potentialAction":[{"@type":"ReadAction","target":["https:\/\/www.biocabaz.pt\/web\/avisos-legais\/"]}]},{"@type":"BreadcrumbList","@id":"https:\/\/www.biocabaz.pt\/web\/avisos-legais\/#breadcrumb","itemListElement":[{"@type":"ListItem","position":1,"name":"Home","item":"https:\/\/biocabaz.pt\/web\/"},{"@type":"ListItem","position":2,"name":"Biol\u00f3gico e Certificado"}]},{"@type":"WebSite","@id":"https:\/\/biocabaz.pt\/web\/#website","url":"https:\/\/biocabaz.pt\/web\/","name":"BIOCABAZ - CABAZES BIOL\u00d3GICOS","description":"O melhor que a terra d\u00e1 \u00e9 para si","potentialAction":[{"@type":"SearchAction","target":{"@type":"EntryPoint","urlTemplate":"https:\/\/biocabaz.pt\/web\/?s={search_term_string}"},"query-input":{"@type":"PropertyValueSpecification","valueRequired":true,"valueName":"search_term_string"}}],"inLanguage":"pt-PT"}]}},"_links":{"self":[{"href":"https:\/\/www.biocabaz.pt\/web\/wp-json\/wp\/v2\/pages\/17","targetHints":{"allow":["GET"]}}],"collection":[{"href":"https:\/\/www.biocabaz.pt\/web\/wp-json\/wp\/v2\/pages"}],"about":[{"href":"https:\/\/www.biocabaz.pt\/web\/wp-json\/wp\/v2\/types\/page"}],"author":[{"embeddable":true,"href":"https:\/\/www.biocabaz.pt\/web\/wp-json\/wp\/v2\/users\/3"}],"replies":[{"embeddable":true,"href":"https:\/\/www.biocabaz.pt\/web\/wp-json\/wp\/v2\/comments?post=17"}],"version-history":[{"count":3,"href":"https:\/\/www.biocabaz.pt\/web\/wp-json\/wp\/v2\/pages\/17\/revisions"}],"predecessor-version":[{"id":51016,"href":"https:\/\/www.biocabaz.pt\/web\/wp-json\/wp\/v2\/pages\/17\/revisions\/51016"}],"wp:attachment":[{"href":"https:\/\/www.biocabaz.pt\/web\/wp-json\/wp\/v2\/media?parent=17"}],"curies":[{"name":"wp","href":"https:\/\/api.w.org\/{rel}","templated":true}]}}