{"id":1579,"date":"2016-06-08T21:46:20","date_gmt":"2016-06-08T21:46:20","guid":{"rendered":"http:\/\/www.biocabaz.com\/web\/?page_id=1579"},"modified":"2026-04-01T20:22:11","modified_gmt":"2026-04-01T20:22:11","slug":"cartaopontos","status":"publish","type":"page","link":"https:\/\/www.biocabaz.pt\/web\/cartaopontos\/","title":{"rendered":"Cart\u00e3o Biocabaz"},"content":{"rendered":"[mk_page_section][vc_column][vc_column_text css=&#8221;.vc_custom_1672405623953{margin-bottom: 0px !important;}&#8221;]\n<div style=\"font-size: 16px;\"><strong>Como funciona o cart\u00e3o Biocabaz virtual?<\/strong><\/div>\n<p>&nbsp;<\/p>\n<p><u>ACUMULAR PONTOS<\/u><\/p>\n<p>Com o novo cart\u00e3o Biocabaz, todas as compras que realizar em produtos no nosso site expecto <strong>(<\/strong><strong>Talho, Peixaria, Herdade do Freixo e Suplementos),<\/strong>\u00a0valem pontos que podem ser trocados diretamente por produtos constantes na loja, expecto quando existe outra promo\u00e7\u00e3o espec\u00edfica.<\/p>\n<p><span style=\"text-decoration: underline;\">VALOR DOS PONTOS<\/span><\/p>\n<p>Por cada compra de um euro o cliente recebe um ponto no cart\u00e3o <strong>Biocabaz<\/strong>.<\/p>\n<p>Os pontos acumulados t\u00eam uma validade de 6 meses a contar da data da respectiva atribui\u00e7\u00e3o, findos os quais os mesmos perdem a sua validade.<\/p>\n<p><span style=\"text-decoration: underline;\">TROCA DE PONTOS POR VALES<\/span><\/p>\n<p>Quando o Cliente acumular 500 ou mais pontos, ter\u00e1 a possibilidade de trocar os seus pontos por compras. Sempre que for poss\u00edvel trocar os seus pontos o cliente ser\u00e1 informado no momento do pagamento.<\/p>\n<p>O valor do desconto ser\u00e1 de 20 \u20ac para 500 pontos.<\/p>\n<p>O Biocabaz reserva-\u00adse o direito de, durante a vig\u00eancia deste Programa, substituir ou alterar quaisquer das suas condi\u00e7\u00f5es ou benef\u00edcios, sem que para isso esteja obrigada a comunicar antecipadamente aos seus Clientes.<\/p>\n<p>Eventuais coment\u00e1rios, pedidos de informa\u00e7\u00e3o ou reclama\u00e7\u00f5es dever\u00e3o ser apresentadas por escrito ao Biocabaz por e\u00admail <a href=\"mailto:geral@biocabaz.pt\">geral@biocabaz.pt<\/a>.[\/vc_column_text][\/vc_column][\/mk_page_section][mk_page_section][vc_column][mk_padding_divider][\/vc_column][\/mk_page_section]\n","protected":false},"excerpt":{"rendered":"<p>[mk_page_section][vc_column][vc_column_text css=&#8221;.vc_custom_1672405623953{margin-bottom: 0px !important;}&#8221;] Como funciona o cart\u00e3o Biocabaz virtual? &nbsp; ACUMULAR PONTOS Com o novo cart\u00e3o Biocabaz, todas as compras que realizar em produtos no nosso site expecto (Talho, Peixaria, Herdade do Freixo e Suplementos),\u00a0valem pontos que podem ser trocados diretamente por produtos constantes na loja, expecto quando existe outra promo\u00e7\u00e3o espec\u00edfica. VALOR DOS [&hellip;]<\/p>\n","protected":false},"author":3,"featured_media":0,"parent":0,"menu_order":0,"comment_status":"closed","ping_status":"closed","template":"","meta":{"footnotes":""},"class_list":["post-1579","page","type-page","status-publish","hentry"],"yoast_head":"<!-- This site is optimized with the Yoast SEO plugin v26.3 - https:\/\/yoast.com\/wordpress\/plugins\/seo\/ -->\n<title>Cart\u00e3o Biocabaz<\/title>\n<meta name=\"description\" content=\"Como funciona o cart\u00e3o Biocabaz? Acumular pontos, Valor dos pontos por compra, Troca de pontos por vales\" \/>\n<meta name=\"robots\" content=\"index, follow, max-snippet:-1, max-image-preview:large, max-video-preview:-1\" \/>\n<link rel=\"canonical\" href=\"https:\/\/biocabaz.pt\/web\/en\/cartaopontos\/\" \/>\n<meta property=\"og:locale\" content=\"pt_PT\" \/>\n<meta property=\"og:locale:alternate\" content=\"en_US\" \/>\n<meta property=\"og:type\" content=\"article\" \/>\n<meta property=\"og:title\" content=\"Cart\u00e3o Biocabaz\" \/>\n<meta property=\"og:description\" content=\"Como funciona o cart\u00e3o Biocabaz? Acumular pontos, Valor dos pontos por compra, Troca de pontos por vales\" \/>\n<meta property=\"og:url\" content=\"https:\/\/www.biocabaz.pt\/web\/cartaopontos\/\" \/>\n<meta property=\"og:site_name\" content=\"BIOCABAZ - CABAZES BIOL\u00d3GICOS\" \/>\n<meta property=\"article:modified_time\" content=\"2026-04-01T20:22:11+00:00\" \/>\n<meta name=\"twitter:card\" content=\"summary_large_image\" \/>\n<meta name=\"twitter:label1\" content=\"Est. reading time\" \/>\n\t<meta name=\"twitter:data1\" content=\"2 minutos\" \/>\n<script type=\"application\/ld+json\" class=\"yoast-schema-graph\">{\"@context\":\"https:\/\/schema.org\",\"@graph\":[{\"@type\":\"WebPage\",\"@id\":\"https:\/\/biocabaz.pt\/web\/en\/cartaopontos\/\",\"url\":\"https:\/\/biocabaz.pt\/web\/en\/cartaopontos\/\",\"name\":\"Cart\u00e3o Biocabaz\",\"isPartOf\":{\"@id\":\"https:\/\/biocabaz.pt\/web\/#website\"},\"datePublished\":\"2016-06-08T21:46:20+00:00\",\"dateModified\":\"2026-04-01T20:22:11+00:00\",\"description\":\"Como funciona o cart\u00e3o Biocabaz? Acumular pontos, Valor dos pontos por compra, Troca de pontos por vales\",\"breadcrumb\":{\"@id\":\"https:\/\/biocabaz.pt\/web\/en\/cartaopontos\/#breadcrumb\"},\"inLanguage\":\"pt-PT\",\"potentialAction\":[{\"@type\":\"ReadAction\",\"target\":[\"https:\/\/biocabaz.pt\/web\/en\/cartaopontos\/\"]}]},{\"@type\":\"BreadcrumbList\",\"@id\":\"https:\/\/biocabaz.pt\/web\/en\/cartaopontos\/#breadcrumb\",\"itemListElement\":[{\"@type\":\"ListItem\",\"position\":1,\"name\":\"Home\",\"item\":\"https:\/\/biocabaz.pt\/web\/\"},{\"@type\":\"ListItem\",\"position\":2,\"name\":\"Biocabaz Card\"}]},{\"@type\":\"WebSite\",\"@id\":\"https:\/\/biocabaz.pt\/web\/#website\",\"url\":\"https:\/\/biocabaz.pt\/web\/\",\"name\":\"BIOCABAZ - CABAZES BIOL\u00d3GICOS\",\"description\":\"O melhor que a terra d\u00e1 \u00e9 para si\",\"potentialAction\":[{\"@type\":\"SearchAction\",\"target\":{\"@type\":\"EntryPoint\",\"urlTemplate\":\"https:\/\/biocabaz.pt\/web\/?s={search_term_string}\"},\"query-input\":{\"@type\":\"PropertyValueSpecification\",\"valueRequired\":true,\"valueName\":\"search_term_string\"}}],\"inLanguage\":\"pt-PT\"}]}<\/script>\n<!-- \/ Yoast SEO plugin. -->","yoast_head_json":{"title":"Cart\u00e3o Biocabaz","description":"Como funciona o cart\u00e3o Biocabaz? Acumular pontos, Valor dos pontos por compra, Troca de pontos por vales","robots":{"index":"index","follow":"follow","max-snippet":"max-snippet:-1","max-image-preview":"max-image-preview:large","max-video-preview":"max-video-preview:-1"},"canonical":"https:\/\/biocabaz.pt\/web\/en\/cartaopontos\/","og_locale":"pt_PT","og_type":"article","og_title":"Cart\u00e3o Biocabaz","og_description":"Como funciona o cart\u00e3o Biocabaz? Acumular pontos, Valor dos pontos por compra, Troca de pontos por vales","og_url":"https:\/\/www.biocabaz.pt\/web\/cartaopontos\/","og_site_name":"BIOCABAZ - CABAZES BIOL\u00d3GICOS","article_modified_time":"2026-04-01T20:22:11+00:00","twitter_card":"summary_large_image","twitter_misc":{"Est. reading time":"2 minutos"},"schema":{"@context":"https:\/\/schema.org","@graph":[{"@type":"WebPage","@id":"https:\/\/biocabaz.pt\/web\/en\/cartaopontos\/","url":"https:\/\/biocabaz.pt\/web\/en\/cartaopontos\/","name":"Cart\u00e3o Biocabaz","isPartOf":{"@id":"https:\/\/biocabaz.pt\/web\/#website"},"datePublished":"2016-06-08T21:46:20+00:00","dateModified":"2026-04-01T20:22:11+00:00","description":"Como funciona o cart\u00e3o Biocabaz? Acumular pontos, Valor dos pontos por compra, Troca de pontos por vales","breadcrumb":{"@id":"https:\/\/biocabaz.pt\/web\/en\/cartaopontos\/#breadcrumb"},"inLanguage":"pt-PT","potentialAction":[{"@type":"ReadAction","target":["https:\/\/biocabaz.pt\/web\/en\/cartaopontos\/"]}]},{"@type":"BreadcrumbList","@id":"https:\/\/biocabaz.pt\/web\/en\/cartaopontos\/#breadcrumb","itemListElement":[{"@type":"ListItem","position":1,"name":"Home","item":"https:\/\/biocabaz.pt\/web\/"},{"@type":"ListItem","position":2,"name":"Biocabaz Card"}]},{"@type":"WebSite","@id":"https:\/\/biocabaz.pt\/web\/#website","url":"https:\/\/biocabaz.pt\/web\/","name":"BIOCABAZ - CABAZES BIOL\u00d3GICOS","description":"O melhor que a terra d\u00e1 \u00e9 para si","potentialAction":[{"@type":"SearchAction","target":{"@type":"EntryPoint","urlTemplate":"https:\/\/biocabaz.pt\/web\/?s={search_term_string}"},"query-input":{"@type":"PropertyValueSpecification","valueRequired":true,"valueName":"search_term_string"}}],"inLanguage":"pt-PT"}]}},"_links":{"self":[{"href":"https:\/\/www.biocabaz.pt\/web\/wp-json\/wp\/v2\/pages\/1579","targetHints":{"allow":["GET"]}}],"collection":[{"href":"https:\/\/www.biocabaz.pt\/web\/wp-json\/wp\/v2\/pages"}],"about":[{"href":"https:\/\/www.biocabaz.pt\/web\/wp-json\/wp\/v2\/types\/page"}],"author":[{"embeddable":true,"href":"https:\/\/www.biocabaz.pt\/web\/wp-json\/wp\/v2\/users\/3"}],"replies":[{"embeddable":true,"href":"https:\/\/www.biocabaz.pt\/web\/wp-json\/wp\/v2\/comments?post=1579"}],"version-history":[{"count":9,"href":"https:\/\/www.biocabaz.pt\/web\/wp-json\/wp\/v2\/pages\/1579\/revisions"}],"predecessor-version":[{"id":125190,"href":"https:\/\/www.biocabaz.pt\/web\/wp-json\/wp\/v2\/pages\/1579\/revisions\/125190"}],"wp:attachment":[{"href":"https:\/\/www.biocabaz.pt\/web\/wp-json\/wp\/v2\/media?parent=1579"}],"curies":[{"name":"wp","href":"https:\/\/api.w.org\/{rel}","templated":true}]}}