{"id":996,"date":"2016-04-14T21:43:44","date_gmt":"2016-04-14T21:43:44","guid":{"rendered":"http:\/\/www.biocabaz.com\/web\/produto\/cha-after-dinner-20-saq-pukka\/"},"modified":"2024-04-03T17:52:53","modified_gmt":"2024-04-03T17:52:53","slug":"cha-after-dinner-20-saq-pukka","status":"publish","type":"product","link":"https:\/\/www.biocabaz.pt\/web\/en\/produto\/cha-after-dinner-20-saq-pukka\/","title":{"rendered":"PUKKA AFTER DINNER ORGANIC TEA"},"content":{"rendered":"<p><strong>Description<\/strong><br \/>Ingredients: Roasted chicory root (24%), aniseed, fennel seed (20%), licorice root, cardamom seed (8%), orange peel, ginger root.<\/p>\n<p><strong>Use Mode<\/strong><br \/>Put a sachet in a cup, pour hot water (boiled). Let stand for up to 15 minutes. Store in a cool, dry place.<\/p>\n","protected":false},"excerpt":{"rendered":"<p>Ingredientes: raiz de chic\u00f3ria tostada (24%) , anis , sementes de funcho doce (20%) , raiz de alca\u00e7uz , vagem de cardamomo (8%) , casca de laranja , raiz de gengibre.<\/p>\n<p>Prepara\u00e7\u00e3o: infus\u00e3o em \u00e1gua rec\u00e9m &#8211; fervida por pelo menos 5 minutos.<\/p>\n","protected":false},"featured_media":1188,"comment_status":"closed","ping_status":"closed","template":"","meta":[],"product_cat":[30],"product_tag":[],"class_list":["post-996","product","type-product","status-publish","has-post-thumbnail","hentry","product_cat-cafes-chas-e-infusoes"],"bundle_layout":"","bundled_by":[],"bundled_items":[],"yoast_head":"<!-- This site is optimized with the Yoast SEO plugin v26.3 - https:\/\/yoast.com\/wordpress\/plugins\/seo\/ -->\n<title>PUKKA AFTER DINNER ORGANIC TEA<\/title>\n<meta name=\"robots\" content=\"index, follow, max-snippet:-1, max-image-preview:large, max-video-preview:-1\" \/>\n<link rel=\"canonical\" href=\"https:\/\/www.biocabaz.pt\/web\/en\/produto\/cha-after-dinner-20-saq-pukka\/\" \/>\n<meta property=\"og:locale\" content=\"pt_PT\" \/>\n<meta property=\"og:locale:alternate\" content=\"pt_PT\" \/>\n<meta property=\"og:type\" content=\"article\" \/>\n<meta property=\"og:title\" content=\"PUKKA AFTER DINNER ORGANIC TEA\" \/>\n<meta property=\"og:description\" content=\"Ingredientes: raiz de chic\u00f3ria tostada (24%) , anis , sementes de funcho doce (20%) , raiz de alca\u00e7uz , vagem de cardamomo (8%) , casca de laranja , raiz de gengibre.  Prepara\u00e7\u00e3o: infus\u00e3o em \u00e1gua rec\u00e9m - fervida por pelo menos 5 minutos.\" \/>\n<meta property=\"og:url\" content=\"https:\/\/www.biocabaz.pt\/web\/en\/produto\/cha-after-dinner-20-saq-pukka\/\" \/>\n<meta property=\"og:site_name\" content=\"CABAZES BIOL\u00d3GICOS\" \/>\n<meta property=\"article:modified_time\" content=\"2024-04-03T17:52:53+00:00\" \/>\n<meta property=\"og:image\" content=\"https:\/\/www.biocabaz.pt\/web\/wp-conteudos\/uploads\/2016\/04\/After_dinner_on_white.jpeg.jpg\" \/>\n\t<meta property=\"og:image:width\" content=\"510\" \/>\n\t<meta property=\"og:image:height\" content=\"510\" \/>\n\t<meta property=\"og:image:type\" content=\"image\/jpeg\" \/>\n<meta name=\"twitter:card\" content=\"summary_large_image\" \/>\n<script type=\"application\/ld+json\" class=\"yoast-schema-graph\">{\"@context\":\"https:\/\/schema.org\",\"@graph\":[{\"@type\":\"WebPage\",\"@id\":\"https:\/\/www.biocabaz.pt\/web\/produto\/cha-after-dinner-20-saq-pukka\/\",\"url\":\"https:\/\/www.biocabaz.pt\/web\/produto\/cha-after-dinner-20-saq-pukka\/\",\"name\":\"PUKKA AFTER DINNER ORGANIC TEA\",\"isPartOf\":{\"@id\":\"https:\/\/biocabaz.pt\/web\/en\/#website\"},\"primaryImageOfPage\":{\"@id\":\"https:\/\/www.biocabaz.pt\/web\/produto\/cha-after-dinner-20-saq-pukka\/#primaryimage\"},\"image\":{\"@id\":\"https:\/\/www.biocabaz.pt\/web\/produto\/cha-after-dinner-20-saq-pukka\/#primaryimage\"},\"thumbnailUrl\":\"https:\/\/www.biocabaz.pt\/web\/wp-conteudos\/uploads\/2016\/04\/After_dinner_on_white.jpeg.jpg\",\"datePublished\":\"2016-04-14T21:43:44+00:00\",\"dateModified\":\"2024-04-03T17:52:53+00:00\",\"breadcrumb\":{\"@id\":\"https:\/\/www.biocabaz.pt\/web\/produto\/cha-after-dinner-20-saq-pukka\/#breadcrumb\"},\"inLanguage\":\"pt-PT\",\"potentialAction\":[{\"@type\":\"ReadAction\",\"target\":[\"https:\/\/www.biocabaz.pt\/web\/produto\/cha-after-dinner-20-saq-pukka\/\"]}]},{\"@type\":\"ImageObject\",\"inLanguage\":\"pt-PT\",\"@id\":\"https:\/\/www.biocabaz.pt\/web\/produto\/cha-after-dinner-20-saq-pukka\/#primaryimage\",\"url\":\"https:\/\/www.biocabaz.pt\/web\/wp-conteudos\/uploads\/2016\/04\/After_dinner_on_white.jpeg.jpg\",\"contentUrl\":\"https:\/\/www.biocabaz.pt\/web\/wp-conteudos\/uploads\/2016\/04\/After_dinner_on_white.jpeg.jpg\",\"width\":510,\"height\":510},{\"@type\":\"BreadcrumbList\",\"@id\":\"https:\/\/www.biocabaz.pt\/web\/produto\/cha-after-dinner-20-saq-pukka\/#breadcrumb\",\"itemListElement\":[{\"@type\":\"ListItem\",\"position\":1,\"name\":\"Home\",\"item\":\"https:\/\/biocabaz.pt\/web\/en\/\"},{\"@type\":\"ListItem\",\"position\":2,\"name\":\"Shop\",\"item\":\"https:\/\/biocabaz.pt\/web\/en\/shop\/\"},{\"@type\":\"ListItem\",\"position\":3,\"name\":\"CH\u00c1 AFTER DINNER BIO 20 SAQ PUKKA\"}]},{\"@type\":\"WebSite\",\"@id\":\"https:\/\/biocabaz.pt\/web\/en\/#website\",\"url\":\"https:\/\/biocabaz.pt\/web\/en\/\",\"name\":\"CABAZES BIOL\u00d3GICOS\",\"description\":\"One+Number\",\"potentialAction\":[{\"@type\":\"SearchAction\",\"target\":{\"@type\":\"EntryPoint\",\"urlTemplate\":\"https:\/\/biocabaz.pt\/web\/en\/?s={search_term_string}\"},\"query-input\":{\"@type\":\"PropertyValueSpecification\",\"valueRequired\":true,\"valueName\":\"search_term_string\"}}],\"inLanguage\":\"pt-PT\"}]}<\/script>\n<!-- \/ Yoast SEO plugin. -->","yoast_head_json":{"title":"PUKKA AFTER DINNER ORGANIC TEA","robots":{"index":"index","follow":"follow","max-snippet":"max-snippet:-1","max-image-preview":"max-image-preview:large","max-video-preview":"max-video-preview:-1"},"canonical":"https:\/\/www.biocabaz.pt\/web\/en\/produto\/cha-after-dinner-20-saq-pukka\/","og_locale":"pt_PT","og_type":"article","og_title":"[:en]PUKKA AFTER DINNER ORGANIC TEA[:pt]CH\u00c1 AFTER DINNER BIO 20 SAQ PUKKA[:] - CABAZES BIOL\u00d3GICOS","og_description":"Ingredientes: raiz de chic\u00f3ria tostada (24%) , anis , sementes de funcho doce (20%) , raiz de alca\u00e7uz , vagem de cardamomo (8%) , casca de laranja , raiz de gengibre.  Prepara\u00e7\u00e3o: infus\u00e3o em \u00e1gua rec\u00e9m - fervida por pelo menos 5 minutos.","og_url":"https:\/\/www.biocabaz.pt\/web\/en\/produto\/cha-after-dinner-20-saq-pukka\/","og_site_name":"CABAZES BIOL\u00d3GICOS","article_modified_time":"2024-04-03T17:52:53+00:00","og_image":[{"width":510,"height":510,"url":"https:\/\/www.biocabaz.pt\/web\/wp-conteudos\/uploads\/2016\/04\/After_dinner_on_white.jpeg.jpg","type":"image\/jpeg"}],"twitter_card":"summary_large_image","schema":{"@context":"https:\/\/schema.org","@graph":[{"@type":"WebPage","@id":"https:\/\/www.biocabaz.pt\/web\/produto\/cha-after-dinner-20-saq-pukka\/","url":"https:\/\/www.biocabaz.pt\/web\/produto\/cha-after-dinner-20-saq-pukka\/","name":"PUKKA AFTER DINNER ORGANIC TEA","isPartOf":{"@id":"https:\/\/biocabaz.pt\/web\/en\/#website"},"primaryImageOfPage":{"@id":"https:\/\/www.biocabaz.pt\/web\/produto\/cha-after-dinner-20-saq-pukka\/#primaryimage"},"image":{"@id":"https:\/\/www.biocabaz.pt\/web\/produto\/cha-after-dinner-20-saq-pukka\/#primaryimage"},"thumbnailUrl":"https:\/\/www.biocabaz.pt\/web\/wp-conteudos\/uploads\/2016\/04\/After_dinner_on_white.jpeg.jpg","datePublished":"2016-04-14T21:43:44+00:00","dateModified":"2024-04-03T17:52:53+00:00","breadcrumb":{"@id":"https:\/\/www.biocabaz.pt\/web\/produto\/cha-after-dinner-20-saq-pukka\/#breadcrumb"},"inLanguage":"pt-PT","potentialAction":[{"@type":"ReadAction","target":["https:\/\/www.biocabaz.pt\/web\/produto\/cha-after-dinner-20-saq-pukka\/"]}]},{"@type":"ImageObject","inLanguage":"pt-PT","@id":"https:\/\/www.biocabaz.pt\/web\/produto\/cha-after-dinner-20-saq-pukka\/#primaryimage","url":"https:\/\/www.biocabaz.pt\/web\/wp-conteudos\/uploads\/2016\/04\/After_dinner_on_white.jpeg.jpg","contentUrl":"https:\/\/www.biocabaz.pt\/web\/wp-conteudos\/uploads\/2016\/04\/After_dinner_on_white.jpeg.jpg","width":510,"height":510},{"@type":"BreadcrumbList","@id":"https:\/\/www.biocabaz.pt\/web\/produto\/cha-after-dinner-20-saq-pukka\/#breadcrumb","itemListElement":[{"@type":"ListItem","position":1,"name":"Home","item":"https:\/\/biocabaz.pt\/web\/en\/"},{"@type":"ListItem","position":2,"name":"Shop","item":"https:\/\/biocabaz.pt\/web\/en\/shop\/"},{"@type":"ListItem","position":3,"name":"CH\u00c1 AFTER DINNER BIO 20 SAQ PUKKA"}]},{"@type":"WebSite","@id":"https:\/\/biocabaz.pt\/web\/en\/#website","url":"https:\/\/biocabaz.pt\/web\/en\/","name":"CABAZES BIOL\u00d3GICOS","description":"One+Number","potentialAction":[{"@type":"SearchAction","target":{"@type":"EntryPoint","urlTemplate":"https:\/\/biocabaz.pt\/web\/en\/?s={search_term_string}"},"query-input":{"@type":"PropertyValueSpecification","valueRequired":true,"valueName":"search_term_string"}}],"inLanguage":"pt-PT"}]}},"_links":{"self":[{"href":"https:\/\/www.biocabaz.pt\/web\/en\/wp-json\/wp\/v2\/product\/996","targetHints":{"allow":["GET"]}}],"collection":[{"href":"https:\/\/www.biocabaz.pt\/web\/en\/wp-json\/wp\/v2\/product"}],"about":[{"href":"https:\/\/www.biocabaz.pt\/web\/en\/wp-json\/wp\/v2\/types\/product"}],"replies":[{"embeddable":true,"href":"https:\/\/www.biocabaz.pt\/web\/en\/wp-json\/wp\/v2\/comments?post=996"}],"wp:featuredmedia":[{"embeddable":true,"href":"https:\/\/www.biocabaz.pt\/web\/en\/wp-json\/wp\/v2\/media\/1188"}],"wp:attachment":[{"href":"https:\/\/www.biocabaz.pt\/web\/en\/wp-json\/wp\/v2\/media?parent=996"}],"wp:term":[{"taxonomy":"product_cat","embeddable":true,"href":"https:\/\/www.biocabaz.pt\/web\/en\/wp-json\/wp\/v2\/product_cat?post=996"},{"taxonomy":"product_tag","embeddable":true,"href":"https:\/\/www.biocabaz.pt\/web\/en\/wp-json\/wp\/v2\/product_tag?post=996"}],"curies":[{"name":"wp","href":"https:\/\/api.w.org\/{rel}","templated":true}]}}