{"id":9581,"date":"2018-11-05T15:07:50","date_gmt":"2018-11-05T15:07:50","guid":{"rendered":"https:\/\/www.biocabaz.pt\/web\/?post_type=product&#038;p=9581"},"modified":"2023-02-14T10:04:03","modified_gmt":"2023-02-14T10:04:03","slug":"cha-verde-bio-20-sq-pukka","status":"publish","type":"product","link":"https:\/\/www.biocabaz.pt\/web\/en\/produto\/cha-verde-bio-20-sq-pukka\/","title":{"rendered":"PUKKA WONDER BERRY GREEN ORGANIC TEA"},"content":{"rendered":"<p><strong>Description<\/strong><br \/>Ingredients: 100% Ethically sourced ingredients: Green tea* (24%), peppermint* (12%), ginger root*, licorice root*, beetroot*, acerola fruit*, echinacea leaf and root*, elderberry*, rosehip* (4%), orange essential oil flavour*, natural blackcurrant flavour. (*organic ingredients (99.9%)).<\/p>\n<p><strong>Use Mode<\/strong><br \/>Put a sachet in a cup, pour hot water (boiled). Let stand for up to 15 minutes. Store in a cool, dry place.<\/p>\n","protected":false},"excerpt":{"rendered":"<p>DescriptionIngredients: 100% Ethically sourced ingredients: Green tea* (24%), peppermint* (12%), ginger root*, licorice root*, beetroot*, acerola fruit*, echinacea leaf and root*, elderberry*, rosehip* (4%), orange essential oil flavour*, natural blackcurrant flavour. (*organic ingredients (99.9%)). Use ModePut a sachet in a cup, pour hot water (boiled). Let stand for up to 15 minutes. Store in a [&hellip;]<\/p>\n","protected":false},"featured_media":9582,"comment_status":"closed","ping_status":"closed","template":"","meta":[],"product_cat":[30],"product_tag":[],"class_list":["post-9581","product","type-product","status-publish","has-post-thumbnail","hentry","product_cat-cafes-chas-e-infusoes"],"bundle_layout":"","bundled_by":[],"bundled_items":[],"yoast_head":"<!-- This site is optimized with the Yoast SEO plugin v26.3 - https:\/\/yoast.com\/wordpress\/plugins\/seo\/ -->\n<title>PUKKA WONDER BERRY GREEN ORGANIC TEA<\/title>\n<meta name=\"description\" content=\"CH\u00c1 VERDE BIO 20 SQ PUKKA\" \/>\n<meta name=\"robots\" content=\"index, follow, max-snippet:-1, max-image-preview:large, max-video-preview:-1\" \/>\n<link rel=\"canonical\" href=\"https:\/\/www.biocabaz.pt\/web\/en\/produto\/cha-verde-bio-20-sq-pukka\/\" \/>\n<meta property=\"og:locale\" content=\"pt_PT\" \/>\n<meta property=\"og:locale:alternate\" content=\"pt_PT\" \/>\n<meta property=\"og:type\" content=\"article\" \/>\n<meta property=\"og:title\" content=\"PUKKA WONDER BERRY GREEN ORGANIC TEA\" \/>\n<meta property=\"og:description\" content=\"CH\u00c1 VERDE BIO 20 SQ PUKKA\" \/>\n<meta property=\"og:url\" content=\"https:\/\/www.biocabaz.pt\/web\/en\/produto\/cha-verde-bio-20-sq-pukka\/\" \/>\n<meta property=\"og:site_name\" content=\"CABAZES BIOL\u00d3GICOS\" \/>\n<meta property=\"article:modified_time\" content=\"2023-02-14T10:04:03+00:00\" \/>\n<meta property=\"og:image\" content=\"https:\/\/www.biocabaz.pt\/web\/wp-conteudos\/uploads\/2018\/11\/CH\u00c1-VERDE-BIO-20-SQ-PUKKA.png\" \/>\n\t<meta property=\"og:image:width\" content=\"260\" \/>\n\t<meta property=\"og:image:height\" content=\"306\" \/>\n\t<meta property=\"og:image:type\" content=\"image\/png\" \/>\n<meta name=\"twitter:card\" content=\"summary_large_image\" \/>\n<meta name=\"twitter:label1\" content=\"Est. reading time\" \/>\n\t<meta name=\"twitter:data1\" content=\"1 minute\" \/>\n<script type=\"application\/ld+json\" class=\"yoast-schema-graph\">{\"@context\":\"https:\/\/schema.org\",\"@graph\":[{\"@type\":\"WebPage\",\"@id\":\"https:\/\/www.biocabaz.pt\/web\/en\/produto\/cha-verde-bio-20-sq-pukka\/\",\"url\":\"https:\/\/www.biocabaz.pt\/web\/en\/produto\/cha-verde-bio-20-sq-pukka\/\",\"name\":\"PUKKA WONDER BERRY GREEN ORGANIC TEA\",\"isPartOf\":{\"@id\":\"https:\/\/biocabaz.pt\/web\/en\/#website\"},\"primaryImageOfPage\":{\"@id\":\"https:\/\/www.biocabaz.pt\/web\/en\/produto\/cha-verde-bio-20-sq-pukka\/#primaryimage\"},\"image\":{\"@id\":\"https:\/\/www.biocabaz.pt\/web\/en\/produto\/cha-verde-bio-20-sq-pukka\/#primaryimage\"},\"thumbnailUrl\":\"https:\/\/www.biocabaz.pt\/web\/wp-conteudos\/uploads\/2018\/11\/CH\u00c1-VERDE-BIO-20-SQ-PUKKA.png\",\"datePublished\":\"2018-11-05T15:07:50+00:00\",\"dateModified\":\"2023-02-14T10:04:03+00:00\",\"description\":\"CH\u00c1 VERDE BIO 20 SQ PUKKA\",\"breadcrumb\":{\"@id\":\"https:\/\/www.biocabaz.pt\/web\/en\/produto\/cha-verde-bio-20-sq-pukka\/#breadcrumb\"},\"inLanguage\":\"pt-PT\",\"potentialAction\":[{\"@type\":\"ReadAction\",\"target\":[\"https:\/\/www.biocabaz.pt\/web\/en\/produto\/cha-verde-bio-20-sq-pukka\/\"]}]},{\"@type\":\"ImageObject\",\"inLanguage\":\"pt-PT\",\"@id\":\"https:\/\/www.biocabaz.pt\/web\/en\/produto\/cha-verde-bio-20-sq-pukka\/#primaryimage\",\"url\":\"https:\/\/www.biocabaz.pt\/web\/wp-conteudos\/uploads\/2018\/11\/CH\u00c1-VERDE-BIO-20-SQ-PUKKA.png\",\"contentUrl\":\"https:\/\/www.biocabaz.pt\/web\/wp-conteudos\/uploads\/2018\/11\/CH\u00c1-VERDE-BIO-20-SQ-PUKKA.png\",\"width\":260,\"height\":306,\"caption\":\"CH\u00c1 VERDE BIO 20 SQ PUKKA\"},{\"@type\":\"BreadcrumbList\",\"@id\":\"https:\/\/www.biocabaz.pt\/web\/en\/produto\/cha-verde-bio-20-sq-pukka\/#breadcrumb\",\"itemListElement\":[{\"@type\":\"ListItem\",\"position\":1,\"name\":\"Home\",\"item\":\"https:\/\/biocabaz.pt\/web\/en\/\"},{\"@type\":\"ListItem\",\"position\":2,\"name\":\"Shop\",\"item\":\"https:\/\/biocabaz.pt\/web\/en\/shop\/\"},{\"@type\":\"ListItem\",\"position\":3,\"name\":\"PUKKA WONDER BERRY GREEN ORGANIC TEA\"}]},{\"@type\":\"WebSite\",\"@id\":\"https:\/\/biocabaz.pt\/web\/en\/#website\",\"url\":\"https:\/\/biocabaz.pt\/web\/en\/\",\"name\":\"CABAZES BIOL\u00d3GICOS\",\"description\":\"One+Number\",\"potentialAction\":[{\"@type\":\"SearchAction\",\"target\":{\"@type\":\"EntryPoint\",\"urlTemplate\":\"https:\/\/biocabaz.pt\/web\/en\/?s={search_term_string}\"},\"query-input\":{\"@type\":\"PropertyValueSpecification\",\"valueRequired\":true,\"valueName\":\"search_term_string\"}}],\"inLanguage\":\"pt-PT\"}]}<\/script>\n<!-- \/ Yoast SEO plugin. -->","yoast_head_json":{"title":"PUKKA WONDER BERRY GREEN ORGANIC TEA","description":"CH\u00c1 VERDE BIO 20 SQ PUKKA","robots":{"index":"index","follow":"follow","max-snippet":"max-snippet:-1","max-image-preview":"max-image-preview:large","max-video-preview":"max-video-preview:-1"},"canonical":"https:\/\/www.biocabaz.pt\/web\/en\/produto\/cha-verde-bio-20-sq-pukka\/","og_locale":"pt_PT","og_type":"article","og_title":"[:en]PUKKA WONDER BERRY GREEN ORGANIC TEA[:pt]CH\u00c1 VERDE BIO 20 SQ PUKKA[:] - CABAZES BIOL\u00d3GICOS","og_description":"CH\u00c1 VERDE BIO 20 SQ PUKKA","og_url":"https:\/\/www.biocabaz.pt\/web\/en\/produto\/cha-verde-bio-20-sq-pukka\/","og_site_name":"CABAZES BIOL\u00d3GICOS","article_modified_time":"2023-02-14T10:04:03+00:00","og_image":[{"width":260,"height":306,"url":"https:\/\/www.biocabaz.pt\/web\/wp-conteudos\/uploads\/2018\/11\/CH\u00c1-VERDE-BIO-20-SQ-PUKKA.png","type":"image\/png"}],"twitter_card":"summary_large_image","twitter_misc":{"Est. reading time":"1 minute"},"schema":{"@context":"https:\/\/schema.org","@graph":[{"@type":"WebPage","@id":"https:\/\/www.biocabaz.pt\/web\/en\/produto\/cha-verde-bio-20-sq-pukka\/","url":"https:\/\/www.biocabaz.pt\/web\/en\/produto\/cha-verde-bio-20-sq-pukka\/","name":"PUKKA WONDER BERRY GREEN ORGANIC TEA","isPartOf":{"@id":"https:\/\/biocabaz.pt\/web\/en\/#website"},"primaryImageOfPage":{"@id":"https:\/\/www.biocabaz.pt\/web\/en\/produto\/cha-verde-bio-20-sq-pukka\/#primaryimage"},"image":{"@id":"https:\/\/www.biocabaz.pt\/web\/en\/produto\/cha-verde-bio-20-sq-pukka\/#primaryimage"},"thumbnailUrl":"https:\/\/www.biocabaz.pt\/web\/wp-conteudos\/uploads\/2018\/11\/CH\u00c1-VERDE-BIO-20-SQ-PUKKA.png","datePublished":"2018-11-05T15:07:50+00:00","dateModified":"2023-02-14T10:04:03+00:00","description":"CH\u00c1 VERDE BIO 20 SQ PUKKA","breadcrumb":{"@id":"https:\/\/www.biocabaz.pt\/web\/en\/produto\/cha-verde-bio-20-sq-pukka\/#breadcrumb"},"inLanguage":"pt-PT","potentialAction":[{"@type":"ReadAction","target":["https:\/\/www.biocabaz.pt\/web\/en\/produto\/cha-verde-bio-20-sq-pukka\/"]}]},{"@type":"ImageObject","inLanguage":"pt-PT","@id":"https:\/\/www.biocabaz.pt\/web\/en\/produto\/cha-verde-bio-20-sq-pukka\/#primaryimage","url":"https:\/\/www.biocabaz.pt\/web\/wp-conteudos\/uploads\/2018\/11\/CH\u00c1-VERDE-BIO-20-SQ-PUKKA.png","contentUrl":"https:\/\/www.biocabaz.pt\/web\/wp-conteudos\/uploads\/2018\/11\/CH\u00c1-VERDE-BIO-20-SQ-PUKKA.png","width":260,"height":306,"caption":"CH\u00c1 VERDE BIO 20 SQ PUKKA"},{"@type":"BreadcrumbList","@id":"https:\/\/www.biocabaz.pt\/web\/en\/produto\/cha-verde-bio-20-sq-pukka\/#breadcrumb","itemListElement":[{"@type":"ListItem","position":1,"name":"Home","item":"https:\/\/biocabaz.pt\/web\/en\/"},{"@type":"ListItem","position":2,"name":"Shop","item":"https:\/\/biocabaz.pt\/web\/en\/shop\/"},{"@type":"ListItem","position":3,"name":"PUKKA WONDER BERRY GREEN ORGANIC TEA"}]},{"@type":"WebSite","@id":"https:\/\/biocabaz.pt\/web\/en\/#website","url":"https:\/\/biocabaz.pt\/web\/en\/","name":"CABAZES BIOL\u00d3GICOS","description":"One+Number","potentialAction":[{"@type":"SearchAction","target":{"@type":"EntryPoint","urlTemplate":"https:\/\/biocabaz.pt\/web\/en\/?s={search_term_string}"},"query-input":{"@type":"PropertyValueSpecification","valueRequired":true,"valueName":"search_term_string"}}],"inLanguage":"pt-PT"}]}},"_links":{"self":[{"href":"https:\/\/www.biocabaz.pt\/web\/en\/wp-json\/wp\/v2\/product\/9581","targetHints":{"allow":["GET"]}}],"collection":[{"href":"https:\/\/www.biocabaz.pt\/web\/en\/wp-json\/wp\/v2\/product"}],"about":[{"href":"https:\/\/www.biocabaz.pt\/web\/en\/wp-json\/wp\/v2\/types\/product"}],"replies":[{"embeddable":true,"href":"https:\/\/www.biocabaz.pt\/web\/en\/wp-json\/wp\/v2\/comments?post=9581"}],"wp:featuredmedia":[{"embeddable":true,"href":"https:\/\/www.biocabaz.pt\/web\/en\/wp-json\/wp\/v2\/media\/9582"}],"wp:attachment":[{"href":"https:\/\/www.biocabaz.pt\/web\/en\/wp-json\/wp\/v2\/media?parent=9581"}],"wp:term":[{"taxonomy":"product_cat","embeddable":true,"href":"https:\/\/www.biocabaz.pt\/web\/en\/wp-json\/wp\/v2\/product_cat?post=9581"},{"taxonomy":"product_tag","embeddable":true,"href":"https:\/\/www.biocabaz.pt\/web\/en\/wp-json\/wp\/v2\/product_tag?post=9581"}],"curies":[{"name":"wp","href":"https:\/\/api.w.org\/{rel}","templated":true}]}}