{"id":82265,"date":"2022-02-10T19:48:30","date_gmt":"2022-02-10T19:48:30","guid":{"rendered":"https:\/\/www.biocabaz.pt\/web\/?post_type=product&#038;p=82265"},"modified":"2022-12-30T11:45:33","modified_gmt":"2022-12-30T11:45:33","slug":"vitamina-b12-methyl-1000-mcg-100-losangos","status":"publish","type":"product","link":"https:\/\/www.biocabaz.pt\/web\/en\/produto\/vitamina-b12-methyl-1000-mcg-100-losangos\/","title":{"rendered":"VITAMINA B12 METHYL 1000 MCG 100 LOSANGOS"},"content":{"rendered":"","protected":false},"excerpt":{"rendered":"<p><strong>DESCRI\u00c7\u00c3O<\/strong><\/p>\n<p>A vitamina B-12 \u00e9 necess\u00e1ria para a produ\u00e7\u00e3o de energia a partir de gorduras e prote\u00ednas e \u00e9 bem conhecida por seu papel cr\u00edtico na s\u00edntese de DNA, bem como no metabolismo da homociste\u00edna.<\/p>\n<p>* Metilcobalamina \u00e9 a forma coenzim\u00e1tica da vitamina B-12 que tem sido considerado especialmente cr\u00edtico na manuten\u00e7\u00e3o de um sistema nervoso saud\u00e1vel. *<\/p>\n<p>As fontes diet\u00e9ticas s\u00e3o quase exclusivamente de origem animal (carne e latic\u00ednios) e a suplementa\u00e7\u00e3o com B-12 pode ser especialmente importante para vegetarianos estritos.<\/p>\n<p>NOW\u00ae Methyl B-12 \u00e9 vegetariano \/ vegano (n\u00e3o derivado de animal). Do FDA:<\/p>\n<p>\u201cComo parte de uma dieta bem balanceada com baixo teor de gordura saturada e colesterol, a vitamina B12 pode reduzir o risco de doen\u00e7a vascular. O FDA avaliou a afirma\u00e7\u00e3o acima e descobriu que, embora seja conhecido que as dietas com baixo teor de gordura saturada gordura e colesterol reduzem o risco de doen\u00e7as card\u00edacas e outras doen\u00e7as vasculares, a evid\u00eancia em apoio \u00e0 afirma\u00e7\u00e3o acima \u00e9 inconclusiva. \u201d<\/p>\n<p>Pode ocorrer varia\u00e7\u00e3o natural de cor neste produto.<\/p>\n<p><strong>Quantidade:<\/strong><\/p>\n<p>100 pastilhas<\/p>\n<p><strong>Ingredientes:<\/strong><\/p>\n<p>Por\u00e7\u00e3o: 1 pastilha<\/p>\n<p>Dose por vasilhame: 100<\/p>\n<p>Quantidade por dose<\/p>\n<p>Vitamina b12 (como metilcobalamina)<\/p>\n<p>1 mg (1.000 mcg) \u2013 41.667% % do valor di\u00e1rio<\/p>\n<p>Outros ingredientes: Frutose, Sorbitol, Hidroxipropilcelulose, \u00c1cido Este\u00e1rico (fonte vegetal), Celulose microcristalina, \u00c1cido c\u00edtrico, Aromas naturais e Estearato de magn\u00e9sio (fonte vegetal).<\/p>\n<p>N\u00e3o \u00e9 fabricado com trigo, gl\u00faten, soja, leite, ovo, peixe, marisco ou ingredientes de nozes.<\/p>\n<p>Produzido em uma instala\u00e7\u00e3o de GMP que processa outros ingredientes contendo esses al\u00e9rgenos.<\/p>\n<p><strong>Modo de tomar:<\/strong><\/p>\n<p id=\"tw-target-text\" class=\"tw-data-text tw-text-large XcVN5d tw-ta\" dir=\"ltr\" data-placeholder=\"Tradu\u00e7\u00e3o\"><span lang=\"pt\">Tome 1 pastilha 1 a 2 vezes ao dia. Mastigar a pastilha ou segurar na boca at\u00e9 dissolver e engolir. Guarde em local fresco e seco ap\u00f3s a abertura.<\/span><\/p>\n<p><strong>Advert\u00eancias:<\/strong><\/p>\n<p>Cuidado: somente para adultos. Consulte um m\u00e9dico se estiver gr\u00e1vida \/ amamentando, tomando medicamentos ou se tiver um problema de sa\u00fade. Mantenha fora do alcance de crian\u00e7as.<\/p>\n","protected":false},"featured_media":82266,"comment_status":"closed","ping_status":"closed","template":"","meta":[],"product_cat":[88],"product_tag":[],"class_list":["post-82265","product","type-product","status-publish","has-post-thumbnail","hentry","product_cat-suplementos"],"bundle_layout":"","bundled_by":[],"bundled_items":[],"yoast_head":"<!-- This site is optimized with the Yoast SEO plugin v26.3 - https:\/\/yoast.com\/wordpress\/plugins\/seo\/ -->\n<title>VITAMINA B12 METHYL 1000 MCG 100 LOSANGOS<\/title>\n<meta name=\"robots\" content=\"index, follow, max-snippet:-1, max-image-preview:large, max-video-preview:-1\" \/>\n<link rel=\"canonical\" href=\"https:\/\/www.biocabaz.pt\/web\/en\/produto\/vitamina-b12-methyl-1000-mcg-100-losangos\/\" \/>\n<meta property=\"og:locale\" content=\"pt_PT\" \/>\n<meta property=\"og:locale:alternate\" content=\"pt_PT\" \/>\n<meta property=\"og:type\" content=\"article\" \/>\n<meta property=\"og:title\" content=\"VITAMINA B12 METHYL 1000 MCG 100 LOSANGOS\" \/>\n<meta property=\"og:description\" content=\"DESCRI\u00c7\u00c3O  A vitamina B-12 \u00e9 necess\u00e1ria para a produ\u00e7\u00e3o de energia a partir de gorduras e prote\u00ednas e \u00e9 bem conhecida por seu papel cr\u00edtico na s\u00edntese de DNA, bem como no metabolismo da homociste\u00edna.  * Metilcobalamina \u00e9 a forma coenzim\u00e1tica da vitamina B-12 que tem sido considerado especialmente cr\u00edtico na manuten\u00e7\u00e3o de um sistema nervoso saud\u00e1vel. *  As fontes diet\u00e9ticas s\u00e3o quase exclusivamente de origem animal (carne e latic\u00ednios) e a suplementa\u00e7\u00e3o com B-12 pode ser especialmente importante para vegetarianos estritos.  NOW\u00ae Methyl B-12 \u00e9 vegetariano \/ vegano (n\u00e3o derivado de animal). Do FDA:  \u201cComo parte de uma dieta bem balanceada com baixo teor de gordura saturada e colesterol, a vitamina B12 pode reduzir o risco de doen\u00e7a vascular. O FDA avaliou a afirma\u00e7\u00e3o acima e descobriu que, embora seja conhecido que as dietas com baixo teor de gordura saturada gordura e colesterol reduzem o risco de doen\u00e7as card\u00edacas e outras doen\u00e7as vasculares, a evid\u00eancia em apoio \u00e0 afirma\u00e7\u00e3o acima \u00e9 inconclusiva. \u201d  Pode ocorrer varia\u00e7\u00e3o natural de cor neste produto.  Quantidade:  100 pastilhas  Ingredientes:  Por\u00e7\u00e3o: 1 pastilha  Dose por vasilhame: 100  Quantidade por dose  Vitamina b12 (como metilcobalamina)  1 mg (1.000 mcg) \u2013 41.667% % do valor di\u00e1rio  Outros ingredientes: Frutose, Sorbitol, Hidroxipropilcelulose, \u00c1cido Este\u00e1rico (fonte vegetal), Celulose microcristalina, \u00c1cido c\u00edtrico, Aromas naturais e Estearato de magn\u00e9sio (fonte vegetal).  N\u00e3o \u00e9 fabricado com trigo, gl\u00faten, soja, leite, ovo, peixe, marisco ou ingredientes de nozes.  Produzido em uma instala\u00e7\u00e3o de GMP que processa outros ingredientes contendo esses al\u00e9rgenos.  Modo de tomar: Tome 1 pastilha 1 a 2 vezes ao dia. Mastigar a pastilha ou segurar na boca at\u00e9 dissolver e engolir. Guarde em local fresco e seco ap\u00f3s a abertura. Advert\u00eancias:  Cuidado: somente para adultos. Consulte um m\u00e9dico se estiver gr\u00e1vida \/ amamentando, tomando medicamentos ou se tiver um problema de sa\u00fade. Mantenha fora do alcance de crian\u00e7as.\" \/>\n<meta property=\"og:url\" content=\"https:\/\/www.biocabaz.pt\/web\/en\/produto\/vitamina-b12-methyl-1000-mcg-100-losangos\/\" \/>\n<meta property=\"og:site_name\" content=\"CABAZES BIOL\u00d3GICOS\" \/>\n<meta property=\"article:modified_time\" content=\"2022-12-30T11:45:33+00:00\" \/>\n<meta property=\"og:image\" content=\"https:\/\/www.biocabaz.pt\/web\/wp-conteudos\/uploads\/2022\/02\/vitamina-b12-methyl-1000-mcg-100-losangos.jpg\" \/>\n\t<meta property=\"og:image:width\" content=\"700\" \/>\n\t<meta property=\"og:image:height\" content=\"700\" \/>\n\t<meta property=\"og:image:type\" content=\"image\/jpeg\" \/>\n<meta name=\"twitter:card\" content=\"summary_large_image\" \/>\n<script type=\"application\/ld+json\" class=\"yoast-schema-graph\">{\"@context\":\"https:\/\/schema.org\",\"@graph\":[{\"@type\":\"WebPage\",\"@id\":\"https:\/\/www.biocabaz.pt\/web\/en\/produto\/vitamina-b12-methyl-1000-mcg-100-losangos\/\",\"url\":\"https:\/\/www.biocabaz.pt\/web\/en\/produto\/vitamina-b12-methyl-1000-mcg-100-losangos\/\",\"name\":\"VITAMINA B12 METHYL 1000 MCG 100 LOSANGOS\",\"isPartOf\":{\"@id\":\"https:\/\/biocabaz.pt\/web\/en\/#website\"},\"primaryImageOfPage\":{\"@id\":\"https:\/\/www.biocabaz.pt\/web\/en\/produto\/vitamina-b12-methyl-1000-mcg-100-losangos\/#primaryimage\"},\"image\":{\"@id\":\"https:\/\/www.biocabaz.pt\/web\/en\/produto\/vitamina-b12-methyl-1000-mcg-100-losangos\/#primaryimage\"},\"thumbnailUrl\":\"https:\/\/www.biocabaz.pt\/web\/wp-conteudos\/uploads\/2022\/02\/vitamina-b12-methyl-1000-mcg-100-losangos.jpg\",\"datePublished\":\"2022-02-10T19:48:30+00:00\",\"dateModified\":\"2022-12-30T11:45:33+00:00\",\"breadcrumb\":{\"@id\":\"https:\/\/www.biocabaz.pt\/web\/en\/produto\/vitamina-b12-methyl-1000-mcg-100-losangos\/#breadcrumb\"},\"inLanguage\":\"pt-PT\",\"potentialAction\":[{\"@type\":\"ReadAction\",\"target\":[\"https:\/\/www.biocabaz.pt\/web\/en\/produto\/vitamina-b12-methyl-1000-mcg-100-losangos\/\"]}]},{\"@type\":\"ImageObject\",\"inLanguage\":\"pt-PT\",\"@id\":\"https:\/\/www.biocabaz.pt\/web\/en\/produto\/vitamina-b12-methyl-1000-mcg-100-losangos\/#primaryimage\",\"url\":\"https:\/\/www.biocabaz.pt\/web\/wp-conteudos\/uploads\/2022\/02\/vitamina-b12-methyl-1000-mcg-100-losangos.jpg\",\"contentUrl\":\"https:\/\/www.biocabaz.pt\/web\/wp-conteudos\/uploads\/2022\/02\/vitamina-b12-methyl-1000-mcg-100-losangos.jpg\",\"width\":700,\"height\":700,\"caption\":\"VITAMINA B12 METHYL 1000 MCG 100 LOSANGOS\"},{\"@type\":\"BreadcrumbList\",\"@id\":\"https:\/\/www.biocabaz.pt\/web\/en\/produto\/vitamina-b12-methyl-1000-mcg-100-losangos\/#breadcrumb\",\"itemListElement\":[{\"@type\":\"ListItem\",\"position\":1,\"name\":\"Home\",\"item\":\"https:\/\/biocabaz.pt\/web\/en\/\"},{\"@type\":\"ListItem\",\"position\":2,\"name\":\"Shop\",\"item\":\"https:\/\/biocabaz.pt\/web\/en\/shop\/\"},{\"@type\":\"ListItem\",\"position\":3,\"name\":\"VITAMINA B12 METHYL 1000 MCG 100 LOSANGOS\"}]},{\"@type\":\"WebSite\",\"@id\":\"https:\/\/biocabaz.pt\/web\/en\/#website\",\"url\":\"https:\/\/biocabaz.pt\/web\/en\/\",\"name\":\"CABAZES BIOL\u00d3GICOS\",\"description\":\"One+Number\",\"potentialAction\":[{\"@type\":\"SearchAction\",\"target\":{\"@type\":\"EntryPoint\",\"urlTemplate\":\"https:\/\/biocabaz.pt\/web\/en\/?s={search_term_string}\"},\"query-input\":{\"@type\":\"PropertyValueSpecification\",\"valueRequired\":true,\"valueName\":\"search_term_string\"}}],\"inLanguage\":\"pt-PT\"}]}<\/script>\n<!-- \/ Yoast SEO plugin. -->","yoast_head_json":{"title":"VITAMINA B12 METHYL 1000 MCG 100 LOSANGOS","robots":{"index":"index","follow":"follow","max-snippet":"max-snippet:-1","max-image-preview":"max-image-preview:large","max-video-preview":"max-video-preview:-1"},"canonical":"https:\/\/www.biocabaz.pt\/web\/en\/produto\/vitamina-b12-methyl-1000-mcg-100-losangos\/","og_locale":"pt_PT","og_type":"article","og_title":"[:pt]VITAMINA B12 METHYL 1000 MCG 100 LOSANGOS[:] - CABAZES BIOL\u00d3GICOS","og_description":"DESCRI\u00c7\u00c3O  A vitamina B-12 \u00e9 necess\u00e1ria para a produ\u00e7\u00e3o de energia a partir de gorduras e prote\u00ednas e \u00e9 bem conhecida por seu papel cr\u00edtico na s\u00edntese de DNA, bem como no metabolismo da homociste\u00edna.  * Metilcobalamina \u00e9 a forma coenzim\u00e1tica da vitamina B-12 que tem sido considerado especialmente cr\u00edtico na manuten\u00e7\u00e3o de um sistema nervoso saud\u00e1vel. *  As fontes diet\u00e9ticas s\u00e3o quase exclusivamente de origem animal (carne e latic\u00ednios) e a suplementa\u00e7\u00e3o com B-12 pode ser especialmente importante para vegetarianos estritos.  NOW\u00ae Methyl B-12 \u00e9 vegetariano \/ vegano (n\u00e3o derivado de animal). Do FDA:  \u201cComo parte de uma dieta bem balanceada com baixo teor de gordura saturada e colesterol, a vitamina B12 pode reduzir o risco de doen\u00e7a vascular. O FDA avaliou a afirma\u00e7\u00e3o acima e descobriu que, embora seja conhecido que as dietas com baixo teor de gordura saturada gordura e colesterol reduzem o risco de doen\u00e7as card\u00edacas e outras doen\u00e7as vasculares, a evid\u00eancia em apoio \u00e0 afirma\u00e7\u00e3o acima \u00e9 inconclusiva. \u201d  Pode ocorrer varia\u00e7\u00e3o natural de cor neste produto.  Quantidade:  100 pastilhas  Ingredientes:  Por\u00e7\u00e3o: 1 pastilha  Dose por vasilhame: 100  Quantidade por dose  Vitamina b12 (como metilcobalamina)  1 mg (1.000 mcg) \u2013 41.667% % do valor di\u00e1rio  Outros ingredientes: Frutose, Sorbitol, Hidroxipropilcelulose, \u00c1cido Este\u00e1rico (fonte vegetal), Celulose microcristalina, \u00c1cido c\u00edtrico, Aromas naturais e Estearato de magn\u00e9sio (fonte vegetal).  N\u00e3o \u00e9 fabricado com trigo, gl\u00faten, soja, leite, ovo, peixe, marisco ou ingredientes de nozes.  Produzido em uma instala\u00e7\u00e3o de GMP que processa outros ingredientes contendo esses al\u00e9rgenos.  Modo de tomar: Tome 1 pastilha 1 a 2 vezes ao dia. Mastigar a pastilha ou segurar na boca at\u00e9 dissolver e engolir. Guarde em local fresco e seco ap\u00f3s a abertura. Advert\u00eancias:  Cuidado: somente para adultos. Consulte um m\u00e9dico se estiver gr\u00e1vida \/ amamentando, tomando medicamentos ou se tiver um problema de sa\u00fade. Mantenha fora do alcance de crian\u00e7as.","og_url":"https:\/\/www.biocabaz.pt\/web\/en\/produto\/vitamina-b12-methyl-1000-mcg-100-losangos\/","og_site_name":"CABAZES BIOL\u00d3GICOS","article_modified_time":"2022-12-30T11:45:33+00:00","og_image":[{"width":700,"height":700,"url":"https:\/\/www.biocabaz.pt\/web\/wp-conteudos\/uploads\/2022\/02\/vitamina-b12-methyl-1000-mcg-100-losangos.jpg","type":"image\/jpeg"}],"twitter_card":"summary_large_image","schema":{"@context":"https:\/\/schema.org","@graph":[{"@type":"WebPage","@id":"https:\/\/www.biocabaz.pt\/web\/en\/produto\/vitamina-b12-methyl-1000-mcg-100-losangos\/","url":"https:\/\/www.biocabaz.pt\/web\/en\/produto\/vitamina-b12-methyl-1000-mcg-100-losangos\/","name":"VITAMINA B12 METHYL 1000 MCG 100 LOSANGOS","isPartOf":{"@id":"https:\/\/biocabaz.pt\/web\/en\/#website"},"primaryImageOfPage":{"@id":"https:\/\/www.biocabaz.pt\/web\/en\/produto\/vitamina-b12-methyl-1000-mcg-100-losangos\/#primaryimage"},"image":{"@id":"https:\/\/www.biocabaz.pt\/web\/en\/produto\/vitamina-b12-methyl-1000-mcg-100-losangos\/#primaryimage"},"thumbnailUrl":"https:\/\/www.biocabaz.pt\/web\/wp-conteudos\/uploads\/2022\/02\/vitamina-b12-methyl-1000-mcg-100-losangos.jpg","datePublished":"2022-02-10T19:48:30+00:00","dateModified":"2022-12-30T11:45:33+00:00","breadcrumb":{"@id":"https:\/\/www.biocabaz.pt\/web\/en\/produto\/vitamina-b12-methyl-1000-mcg-100-losangos\/#breadcrumb"},"inLanguage":"pt-PT","potentialAction":[{"@type":"ReadAction","target":["https:\/\/www.biocabaz.pt\/web\/en\/produto\/vitamina-b12-methyl-1000-mcg-100-losangos\/"]}]},{"@type":"ImageObject","inLanguage":"pt-PT","@id":"https:\/\/www.biocabaz.pt\/web\/en\/produto\/vitamina-b12-methyl-1000-mcg-100-losangos\/#primaryimage","url":"https:\/\/www.biocabaz.pt\/web\/wp-conteudos\/uploads\/2022\/02\/vitamina-b12-methyl-1000-mcg-100-losangos.jpg","contentUrl":"https:\/\/www.biocabaz.pt\/web\/wp-conteudos\/uploads\/2022\/02\/vitamina-b12-methyl-1000-mcg-100-losangos.jpg","width":700,"height":700,"caption":"VITAMINA B12 METHYL 1000 MCG 100 LOSANGOS"},{"@type":"BreadcrumbList","@id":"https:\/\/www.biocabaz.pt\/web\/en\/produto\/vitamina-b12-methyl-1000-mcg-100-losangos\/#breadcrumb","itemListElement":[{"@type":"ListItem","position":1,"name":"Home","item":"https:\/\/biocabaz.pt\/web\/en\/"},{"@type":"ListItem","position":2,"name":"Shop","item":"https:\/\/biocabaz.pt\/web\/en\/shop\/"},{"@type":"ListItem","position":3,"name":"VITAMINA B12 METHYL 1000 MCG 100 LOSANGOS"}]},{"@type":"WebSite","@id":"https:\/\/biocabaz.pt\/web\/en\/#website","url":"https:\/\/biocabaz.pt\/web\/en\/","name":"CABAZES BIOL\u00d3GICOS","description":"One+Number","potentialAction":[{"@type":"SearchAction","target":{"@type":"EntryPoint","urlTemplate":"https:\/\/biocabaz.pt\/web\/en\/?s={search_term_string}"},"query-input":{"@type":"PropertyValueSpecification","valueRequired":true,"valueName":"search_term_string"}}],"inLanguage":"pt-PT"}]}},"_links":{"self":[{"href":"https:\/\/www.biocabaz.pt\/web\/en\/wp-json\/wp\/v2\/product\/82265","targetHints":{"allow":["GET"]}}],"collection":[{"href":"https:\/\/www.biocabaz.pt\/web\/en\/wp-json\/wp\/v2\/product"}],"about":[{"href":"https:\/\/www.biocabaz.pt\/web\/en\/wp-json\/wp\/v2\/types\/product"}],"replies":[{"embeddable":true,"href":"https:\/\/www.biocabaz.pt\/web\/en\/wp-json\/wp\/v2\/comments?post=82265"}],"wp:featuredmedia":[{"embeddable":true,"href":"https:\/\/www.biocabaz.pt\/web\/en\/wp-json\/wp\/v2\/media\/82266"}],"wp:attachment":[{"href":"https:\/\/www.biocabaz.pt\/web\/en\/wp-json\/wp\/v2\/media?parent=82265"}],"wp:term":[{"taxonomy":"product_cat","embeddable":true,"href":"https:\/\/www.biocabaz.pt\/web\/en\/wp-json\/wp\/v2\/product_cat?post=82265"},{"taxonomy":"product_tag","embeddable":true,"href":"https:\/\/www.biocabaz.pt\/web\/en\/wp-json\/wp\/v2\/product_tag?post=82265"}],"curies":[{"name":"wp","href":"https:\/\/api.w.org\/{rel}","templated":true}]}}