{"id":81153,"date":"2022-01-21T18:19:10","date_gmt":"2022-01-21T18:19:10","guid":{"rendered":"https:\/\/www.biocabaz.pt\/web\/?post_type=product&#038;p=81153"},"modified":"2026-01-15T16:51:38","modified_gmt":"2026-01-15T16:51:38","slug":"bicebe-plus-90-capsulas","status":"publish","type":"product","link":"https:\/\/www.biocabaz.pt\/web\/en\/produto\/bicebe-plus-90-capsulas\/","title":{"rendered":"Bicebe Plus 90 Capsulas"},"content":{"rendered":"","protected":false},"excerpt":{"rendered":"<p>Bicepe Plus, da Nutergia \u00e9 um complexo multivitam\u00ednico que contribui para o normal metabolismo energ\u00e9tico.<\/p>\n<p>&nbsp;<\/p>\n<p>A sinergia de 12 vitaminas e 2 minerais essenciais presentes na sua composi\u00e7\u00e3o fortalece o sistema imunit\u00e1rio e ajuda a reduzir o cansa\u00e7o e a fadiga.<\/p>\n<p>&nbsp;<\/p>\n<p>Bicepe Plus \u00e9 indicado:<\/p>\n<p>&#8211; Melhora a vitalidade em caso de fadiga espec\u00edfica, intensa ou cr\u00f3nica (Vitaminas B1, B5, B6 e B9);<\/p>\n<p>&#8211; Apoia o sistema imunit\u00e1rio em caso de baixa vitalidade (Vitaminas A, C e D e Zinco);<\/p>\n<p>&#8211; Compensa defici\u00eancias de vitaminas e minerais (\u00e9 perfeito para vegans e vegetarianos);<\/p>\n<p>&#8211; Luta contra a hipoglicemia associada ao cansa\u00e7o (Cromio).<\/p>\n<p>&nbsp;<\/p>\n<p>Adequado a veganos.<\/p>\n<p>&nbsp;<\/p>\n<p>Composi\u00e7\u00e3o:<\/p>\n<p>Por 2 c\u00e1psulas:<\/p>\n<p>Vitamina A &#8211; 320\u00b5g (40%*);<\/p>\n<p>Vitamina B1 \u2013 2,2mg (200%*);<\/p>\n<p>Vitamina B2 \u2013 2,8mg (200%*);<\/p>\n<p>Vitamina B3 &#8211; 32mg (200%*);<\/p>\n<p>Vitamina B5 &#8211; 12mg (100%*);<\/p>\n<p>Vitamina B6 &#8211; 2,8mg (143%*);<\/p>\n<p>Vitamina B8 &#8211; 100\u00b5g (200%*);<\/p>\n<p>Vitamina B9 &#8211; 400\u00b5g (200%*);<\/p>\n<p>Vitamina B12 \u2013 2,5\u00b5g (100%*);<\/p>\n<p>Vitamina C &#8211; 240mg (300%*);<\/p>\n<p>Vitamina D3 &#8211; 10\u00b5g (200%*);<\/p>\n<p>Vitamina E &#8211; 24mg (200%*);<\/p>\n<p>Zinco &#8211; 10mg (100%*);<\/p>\n<p>Cr\u00f3mio \u2013 20\u00b5g (50%*).<\/p>\n<p>&nbsp;<\/p>\n<p>*VRN \u2013 Valor de Refer\u00eancia do Nutriente<\/p>\n<p>&nbsp;<\/p>\n<p>Ingredientes:<\/p>\n<p>Sumo de acerola em p\u00f3 (Malpighia glabra L ., maltodextrina, vitamina C), gluconato de zinco, vitaminas B1 (cloridrato de tiamina), B2 (ribo\u00acflavina), B3 (nicotinamida), B5 (D-pantotenato de c\u00e1lcio), B6 (clori\u00acdrato de piridoxina), B8 (D-biotina), B9 (L-metilfolato de c\u00e1lcio) e B12 (metilcobalamina), antiaglomerantes: fosfato de c\u00e1lcio e estearato de magn\u00e9sio vegetal, agente de carga: mono e diglic\u00e9ridos de \u00e1ci\u00acdos gordos, vitamina E (sucinato \u00e1cido de D-alfa-tocoferilo), vitamina D3 (colecalciferol), vitamina A (acetato de ritinilo), cloreto de cr\u00f3mio. C\u00e1psula vegetal (pululan proveniente da tapioca).<\/p>\n<p>&nbsp;<\/p>\n<p>N\u00e3o cont\u00e9m corantes ou alerg\u00e9nios.<\/p>\n<p>&nbsp;<\/p>\n<p>Modo de Utiliza\u00e7\u00e3o:<\/p>\n<p>Adultos: Tomar 1 ou 2 c\u00e1psulas por dia \u00e0s refei\u00e7\u00f5es.<\/p>\n<p>Crian\u00e7as a partir dos 10 anos e adolescentes: Tomar 1 c\u00e1psula por dia \u00e0s refei\u00e7\u00f5es.<\/p>\n<p>&nbsp;<\/p>\n<p>Apresenta\u00e7\u00e3o:<\/p>\n<p>Embalagem de 90 c\u00e1psulas<\/p>\n<p>&nbsp;<\/p>\n<p>Avisos:<\/p>\n<p>Conservar em local fresco, seco e ao abrigo da luz.<\/p>\n<p>&nbsp;<\/p>\n<p>Se ocorrer alguma reac\u00e7\u00e3o, parar a utiliza\u00e7\u00e3o.<\/p>\n<p>&nbsp;<\/p>\n<p>N\u00e3o exceder a toma di\u00e1ria recomendada.<\/p>\n<p>&nbsp;<\/p>\n<p>Evite o produto em caso de alergia ou sensibilidade a algum dos ingredientes.<\/p>\n<p>&nbsp;<\/p>\n<p>Se estiver gr\u00e1vida, a amamentar, a tomar alguma especialidade farmac\u00eautica ou se sofre de alguma doen\u00e7a, consulte o seu m\u00e9dico ou t\u00e9cnico de sa\u00fade antes de tomar este suplemento.<\/p>\n<p>&nbsp;<\/p>\n<p>Os suplementos alimentares n\u00e3o devem ser utilizados como substitutos de um regime alimentar variado e de um estilo de vida saud\u00e1vel.<\/p>\n<p>&nbsp;<\/p>\n<p>Manter fora do alcance das crian\u00e7as.<\/p>\n","protected":false},"featured_media":81154,"comment_status":"closed","ping_status":"closed","template":"","meta":[],"product_cat":[88],"product_tag":[],"class_list":["post-81153","product","type-product","status-publish","has-post-thumbnail","hentry","product_cat-suplementos"],"bundle_layout":"","bundled_by":[],"bundled_items":[],"yoast_head":"<!-- This site is optimized with the Yoast SEO plugin v26.3 - https:\/\/yoast.com\/wordpress\/plugins\/seo\/ -->\n<title>Bicebe Plus 90 Capsulas<\/title>\n<meta name=\"robots\" content=\"index, follow, max-snippet:-1, max-image-preview:large, max-video-preview:-1\" \/>\n<link rel=\"canonical\" href=\"https:\/\/www.biocabaz.pt\/web\/en\/produto\/bicebe-plus-90-capsulas\/\" \/>\n<meta property=\"og:locale\" content=\"pt_PT\" \/>\n<meta property=\"og:locale:alternate\" content=\"pt_PT\" \/>\n<meta property=\"og:type\" content=\"article\" \/>\n<meta property=\"og:title\" content=\"Bicebe Plus 90 Capsulas\" \/>\n<meta property=\"og:description\" content=\"Bicepe Plus, da Nutergia \u00e9 um complexo multivitam\u00ednico que contribui para o normal metabolismo energ\u00e9tico.  &nbsp;  A sinergia de 12 vitaminas e 2 minerais essenciais presentes na sua composi\u00e7\u00e3o fortalece o sistema imunit\u00e1rio e ajuda a reduzir o cansa\u00e7o e a fadiga.  &nbsp;  Bicepe Plus \u00e9 indicado:  - Melhora a vitalidade em caso de fadiga espec\u00edfica, intensa ou cr\u00f3nica (Vitaminas B1, B5, B6 e B9);  - Apoia o sistema imunit\u00e1rio em caso de baixa vitalidade (Vitaminas A, C e D e Zinco);  - Compensa defici\u00eancias de vitaminas e minerais (\u00e9 perfeito para vegans e vegetarianos);  - Luta contra a hipoglicemia associada ao cansa\u00e7o (Cromio).  &nbsp;  Adequado a veganos.  &nbsp;  Composi\u00e7\u00e3o:  Por 2 c\u00e1psulas:  Vitamina A - 320\u00b5g (40%*);  Vitamina B1 \u2013 2,2mg (200%*);  Vitamina B2 \u2013 2,8mg (200%*);  Vitamina B3 - 32mg (200%*);  Vitamina B5 - 12mg (100%*);  Vitamina B6 - 2,8mg (143%*);  Vitamina B8 - 100\u00b5g (200%*);  Vitamina B9 - 400\u00b5g (200%*);  Vitamina B12 \u2013 2,5\u00b5g (100%*);  Vitamina C - 240mg (300%*);  Vitamina D3 - 10\u00b5g (200%*);  Vitamina E - 24mg (200%*);  Zinco - 10mg (100%*);  Cr\u00f3mio \u2013 20\u00b5g (50%*).  &nbsp;  *VRN \u2013 Valor de Refer\u00eancia do Nutriente  &nbsp;  Ingredientes:  Sumo de acerola em p\u00f3 (Malpighia glabra L ., maltodextrina, vitamina C), gluconato de zinco, vitaminas B1 (cloridrato de tiamina), B2 (ribo\u00acflavina), B3 (nicotinamida), B5 (D-pantotenato de c\u00e1lcio), B6 (clori\u00acdrato de piridoxina), B8 (D-biotina), B9 (L-metilfolato de c\u00e1lcio) e B12 (metilcobalamina), antiaglomerantes: fosfato de c\u00e1lcio e estearato de magn\u00e9sio vegetal, agente de carga: mono e diglic\u00e9ridos de \u00e1ci\u00acdos gordos, vitamina E (sucinato \u00e1cido de D-alfa-tocoferilo), vitamina D3 (colecalciferol), vitamina A (acetato de ritinilo), cloreto de cr\u00f3mio. C\u00e1psula vegetal (pululan proveniente da tapioca).  &nbsp;  N\u00e3o cont\u00e9m corantes ou alerg\u00e9nios.  &nbsp;  Modo de Utiliza\u00e7\u00e3o:  Adultos: Tomar 1 ou 2 c\u00e1psulas por dia \u00e0s refei\u00e7\u00f5es.  Crian\u00e7as a partir dos 10 anos e adolescentes: Tomar 1 c\u00e1psula por dia \u00e0s refei\u00e7\u00f5es.  &nbsp;  Apresenta\u00e7\u00e3o:  Embalagem de 90 c\u00e1psulas  &nbsp;  Avisos:  Conservar em local fresco, seco e ao abrigo da luz.  &nbsp;  Se ocorrer alguma reac\u00e7\u00e3o, parar a utiliza\u00e7\u00e3o.  &nbsp;  N\u00e3o exceder a toma di\u00e1ria recomendada.  &nbsp;  Evite o produto em caso de alergia ou sensibilidade a algum dos ingredientes.  &nbsp;  Se estiver gr\u00e1vida, a amamentar, a tomar alguma especialidade farmac\u00eautica ou se sofre de alguma doen\u00e7a, consulte o seu m\u00e9dico ou t\u00e9cnico de sa\u00fade antes de tomar este suplemento.  &nbsp;  Os suplementos alimentares n\u00e3o devem ser utilizados como substitutos de um regime alimentar variado e de um estilo de vida saud\u00e1vel.  &nbsp;  Manter fora do alcance das crian\u00e7as.\" \/>\n<meta property=\"og:url\" content=\"https:\/\/www.biocabaz.pt\/web\/en\/produto\/bicebe-plus-90-capsulas\/\" \/>\n<meta property=\"og:site_name\" content=\"CABAZES BIOL\u00d3GICOS\" \/>\n<meta property=\"article:modified_time\" content=\"2026-01-15T16:51:38+00:00\" \/>\n<meta property=\"og:image\" content=\"https:\/\/www.biocabaz.pt\/web\/wp-conteudos\/uploads\/2022\/01\/bicebe-plus-90-capsulas.jpg\" \/>\n\t<meta property=\"og:image:width\" content=\"600\" \/>\n\t<meta property=\"og:image:height\" content=\"600\" \/>\n\t<meta property=\"og:image:type\" content=\"image\/jpeg\" \/>\n<meta name=\"twitter:card\" content=\"summary_large_image\" \/>\n<script type=\"application\/ld+json\" class=\"yoast-schema-graph\">{\"@context\":\"https:\/\/schema.org\",\"@graph\":[{\"@type\":\"WebPage\",\"@id\":\"https:\/\/www.biocabaz.pt\/web\/produto\/bicebe-plus-90-capsulas\/\",\"url\":\"https:\/\/www.biocabaz.pt\/web\/produto\/bicebe-plus-90-capsulas\/\",\"name\":\"Bicebe Plus 90 Capsulas\",\"isPartOf\":{\"@id\":\"https:\/\/www.biocabaz.pt\/web\/en\/#website\"},\"primaryImageOfPage\":{\"@id\":\"https:\/\/www.biocabaz.pt\/web\/produto\/bicebe-plus-90-capsulas\/#primaryimage\"},\"image\":{\"@id\":\"https:\/\/www.biocabaz.pt\/web\/produto\/bicebe-plus-90-capsulas\/#primaryimage\"},\"thumbnailUrl\":\"https:\/\/www.biocabaz.pt\/web\/wp-conteudos\/uploads\/2022\/01\/bicebe-plus-90-capsulas.jpg\",\"datePublished\":\"2022-01-21T18:19:10+00:00\",\"dateModified\":\"2026-01-15T16:51:38+00:00\",\"breadcrumb\":{\"@id\":\"https:\/\/www.biocabaz.pt\/web\/produto\/bicebe-plus-90-capsulas\/#breadcrumb\"},\"inLanguage\":\"pt-PT\",\"potentialAction\":[{\"@type\":\"ReadAction\",\"target\":[\"https:\/\/www.biocabaz.pt\/web\/produto\/bicebe-plus-90-capsulas\/\"]}]},{\"@type\":\"ImageObject\",\"inLanguage\":\"pt-PT\",\"@id\":\"https:\/\/www.biocabaz.pt\/web\/produto\/bicebe-plus-90-capsulas\/#primaryimage\",\"url\":\"https:\/\/www.biocabaz.pt\/web\/wp-conteudos\/uploads\/2022\/01\/bicebe-plus-90-capsulas.jpg\",\"contentUrl\":\"https:\/\/www.biocabaz.pt\/web\/wp-conteudos\/uploads\/2022\/01\/bicebe-plus-90-capsulas.jpg\",\"width\":600,\"height\":600,\"caption\":\"BICEBE PLUS 90 CAPSULAS\"},{\"@type\":\"BreadcrumbList\",\"@id\":\"https:\/\/www.biocabaz.pt\/web\/produto\/bicebe-plus-90-capsulas\/#breadcrumb\",\"itemListElement\":[{\"@type\":\"ListItem\",\"position\":1,\"name\":\"Home\",\"item\":\"https:\/\/www.biocabaz.pt\/web\/en\/\"},{\"@type\":\"ListItem\",\"position\":2,\"name\":\"Shop\",\"item\":\"https:\/\/www.biocabaz.pt\/web\/en\/shop\/\"},{\"@type\":\"ListItem\",\"position\":3,\"name\":\"Bicebe Plus 90 Capsulas\"}]},{\"@type\":\"WebSite\",\"@id\":\"https:\/\/www.biocabaz.pt\/web\/en\/#website\",\"url\":\"https:\/\/www.biocabaz.pt\/web\/en\/\",\"name\":\"CABAZES BIOL\u00d3GICOS\",\"description\":\"One+Number\",\"potentialAction\":[{\"@type\":\"SearchAction\",\"target\":{\"@type\":\"EntryPoint\",\"urlTemplate\":\"https:\/\/www.biocabaz.pt\/web\/en\/?s={search_term_string}\"},\"query-input\":{\"@type\":\"PropertyValueSpecification\",\"valueRequired\":true,\"valueName\":\"search_term_string\"}}],\"inLanguage\":\"pt-PT\"}]}<\/script>\n<!-- \/ Yoast SEO plugin. -->","yoast_head_json":{"title":"Bicebe Plus 90 Capsulas","robots":{"index":"index","follow":"follow","max-snippet":"max-snippet:-1","max-image-preview":"max-image-preview:large","max-video-preview":"max-video-preview:-1"},"canonical":"https:\/\/www.biocabaz.pt\/web\/en\/produto\/bicebe-plus-90-capsulas\/","og_locale":"pt_PT","og_type":"article","og_title":"[:en]Bicebe Plus 90 Capsulas[:pt]Bicebe Plus 90 Capsulas[:] - CABAZES BIOL\u00d3GICOS","og_description":"Bicepe Plus, da Nutergia \u00e9 um complexo multivitam\u00ednico que contribui para o normal metabolismo energ\u00e9tico.  &nbsp;  A sinergia de 12 vitaminas e 2 minerais essenciais presentes na sua composi\u00e7\u00e3o fortalece o sistema imunit\u00e1rio e ajuda a reduzir o cansa\u00e7o e a fadiga.  &nbsp;  Bicepe Plus \u00e9 indicado:  - Melhora a vitalidade em caso de fadiga espec\u00edfica, intensa ou cr\u00f3nica (Vitaminas B1, B5, B6 e B9);  - Apoia o sistema imunit\u00e1rio em caso de baixa vitalidade (Vitaminas A, C e D e Zinco);  - Compensa defici\u00eancias de vitaminas e minerais (\u00e9 perfeito para vegans e vegetarianos);  - Luta contra a hipoglicemia associada ao cansa\u00e7o (Cromio).  &nbsp;  Adequado a veganos.  &nbsp;  Composi\u00e7\u00e3o:  Por 2 c\u00e1psulas:  Vitamina A - 320\u00b5g (40%*);  Vitamina B1 \u2013 2,2mg (200%*);  Vitamina B2 \u2013 2,8mg (200%*);  Vitamina B3 - 32mg (200%*);  Vitamina B5 - 12mg (100%*);  Vitamina B6 - 2,8mg (143%*);  Vitamina B8 - 100\u00b5g (200%*);  Vitamina B9 - 400\u00b5g (200%*);  Vitamina B12 \u2013 2,5\u00b5g (100%*);  Vitamina C - 240mg (300%*);  Vitamina D3 - 10\u00b5g (200%*);  Vitamina E - 24mg (200%*);  Zinco - 10mg (100%*);  Cr\u00f3mio \u2013 20\u00b5g (50%*).  &nbsp;  *VRN \u2013 Valor de Refer\u00eancia do Nutriente  &nbsp;  Ingredientes:  Sumo de acerola em p\u00f3 (Malpighia glabra L ., maltodextrina, vitamina C), gluconato de zinco, vitaminas B1 (cloridrato de tiamina), B2 (ribo\u00acflavina), B3 (nicotinamida), B5 (D-pantotenato de c\u00e1lcio), B6 (clori\u00acdrato de piridoxina), B8 (D-biotina), B9 (L-metilfolato de c\u00e1lcio) e B12 (metilcobalamina), antiaglomerantes: fosfato de c\u00e1lcio e estearato de magn\u00e9sio vegetal, agente de carga: mono e diglic\u00e9ridos de \u00e1ci\u00acdos gordos, vitamina E (sucinato \u00e1cido de D-alfa-tocoferilo), vitamina D3 (colecalciferol), vitamina A (acetato de ritinilo), cloreto de cr\u00f3mio. C\u00e1psula vegetal (pululan proveniente da tapioca).  &nbsp;  N\u00e3o cont\u00e9m corantes ou alerg\u00e9nios.  &nbsp;  Modo de Utiliza\u00e7\u00e3o:  Adultos: Tomar 1 ou 2 c\u00e1psulas por dia \u00e0s refei\u00e7\u00f5es.  Crian\u00e7as a partir dos 10 anos e adolescentes: Tomar 1 c\u00e1psula por dia \u00e0s refei\u00e7\u00f5es.  &nbsp;  Apresenta\u00e7\u00e3o:  Embalagem de 90 c\u00e1psulas  &nbsp;  Avisos:  Conservar em local fresco, seco e ao abrigo da luz.  &nbsp;  Se ocorrer alguma reac\u00e7\u00e3o, parar a utiliza\u00e7\u00e3o.  &nbsp;  N\u00e3o exceder a toma di\u00e1ria recomendada.  &nbsp;  Evite o produto em caso de alergia ou sensibilidade a algum dos ingredientes.  &nbsp;  Se estiver gr\u00e1vida, a amamentar, a tomar alguma especialidade farmac\u00eautica ou se sofre de alguma doen\u00e7a, consulte o seu m\u00e9dico ou t\u00e9cnico de sa\u00fade antes de tomar este suplemento.  &nbsp;  Os suplementos alimentares n\u00e3o devem ser utilizados como substitutos de um regime alimentar variado e de um estilo de vida saud\u00e1vel.  &nbsp;  Manter fora do alcance das crian\u00e7as.","og_url":"https:\/\/www.biocabaz.pt\/web\/en\/produto\/bicebe-plus-90-capsulas\/","og_site_name":"CABAZES BIOL\u00d3GICOS","article_modified_time":"2026-01-15T16:51:38+00:00","og_image":[{"width":600,"height":600,"url":"https:\/\/www.biocabaz.pt\/web\/wp-conteudos\/uploads\/2022\/01\/bicebe-plus-90-capsulas.jpg","type":"image\/jpeg"}],"twitter_card":"summary_large_image","schema":{"@context":"https:\/\/schema.org","@graph":[{"@type":"WebPage","@id":"https:\/\/www.biocabaz.pt\/web\/produto\/bicebe-plus-90-capsulas\/","url":"https:\/\/www.biocabaz.pt\/web\/produto\/bicebe-plus-90-capsulas\/","name":"Bicebe Plus 90 Capsulas","isPartOf":{"@id":"https:\/\/www.biocabaz.pt\/web\/en\/#website"},"primaryImageOfPage":{"@id":"https:\/\/www.biocabaz.pt\/web\/produto\/bicebe-plus-90-capsulas\/#primaryimage"},"image":{"@id":"https:\/\/www.biocabaz.pt\/web\/produto\/bicebe-plus-90-capsulas\/#primaryimage"},"thumbnailUrl":"https:\/\/www.biocabaz.pt\/web\/wp-conteudos\/uploads\/2022\/01\/bicebe-plus-90-capsulas.jpg","datePublished":"2022-01-21T18:19:10+00:00","dateModified":"2026-01-15T16:51:38+00:00","breadcrumb":{"@id":"https:\/\/www.biocabaz.pt\/web\/produto\/bicebe-plus-90-capsulas\/#breadcrumb"},"inLanguage":"pt-PT","potentialAction":[{"@type":"ReadAction","target":["https:\/\/www.biocabaz.pt\/web\/produto\/bicebe-plus-90-capsulas\/"]}]},{"@type":"ImageObject","inLanguage":"pt-PT","@id":"https:\/\/www.biocabaz.pt\/web\/produto\/bicebe-plus-90-capsulas\/#primaryimage","url":"https:\/\/www.biocabaz.pt\/web\/wp-conteudos\/uploads\/2022\/01\/bicebe-plus-90-capsulas.jpg","contentUrl":"https:\/\/www.biocabaz.pt\/web\/wp-conteudos\/uploads\/2022\/01\/bicebe-plus-90-capsulas.jpg","width":600,"height":600,"caption":"BICEBE PLUS 90 CAPSULAS"},{"@type":"BreadcrumbList","@id":"https:\/\/www.biocabaz.pt\/web\/produto\/bicebe-plus-90-capsulas\/#breadcrumb","itemListElement":[{"@type":"ListItem","position":1,"name":"Home","item":"https:\/\/www.biocabaz.pt\/web\/en\/"},{"@type":"ListItem","position":2,"name":"Shop","item":"https:\/\/www.biocabaz.pt\/web\/en\/shop\/"},{"@type":"ListItem","position":3,"name":"Bicebe Plus 90 Capsulas"}]},{"@type":"WebSite","@id":"https:\/\/www.biocabaz.pt\/web\/en\/#website","url":"https:\/\/www.biocabaz.pt\/web\/en\/","name":"CABAZES BIOL\u00d3GICOS","description":"One+Number","potentialAction":[{"@type":"SearchAction","target":{"@type":"EntryPoint","urlTemplate":"https:\/\/www.biocabaz.pt\/web\/en\/?s={search_term_string}"},"query-input":{"@type":"PropertyValueSpecification","valueRequired":true,"valueName":"search_term_string"}}],"inLanguage":"pt-PT"}]}},"_links":{"self":[{"href":"https:\/\/www.biocabaz.pt\/web\/en\/wp-json\/wp\/v2\/product\/81153","targetHints":{"allow":["GET"]}}],"collection":[{"href":"https:\/\/www.biocabaz.pt\/web\/en\/wp-json\/wp\/v2\/product"}],"about":[{"href":"https:\/\/www.biocabaz.pt\/web\/en\/wp-json\/wp\/v2\/types\/product"}],"replies":[{"embeddable":true,"href":"https:\/\/www.biocabaz.pt\/web\/en\/wp-json\/wp\/v2\/comments?post=81153"}],"wp:featuredmedia":[{"embeddable":true,"href":"https:\/\/www.biocabaz.pt\/web\/en\/wp-json\/wp\/v2\/media\/81154"}],"wp:attachment":[{"href":"https:\/\/www.biocabaz.pt\/web\/en\/wp-json\/wp\/v2\/media?parent=81153"}],"wp:term":[{"taxonomy":"product_cat","embeddable":true,"href":"https:\/\/www.biocabaz.pt\/web\/en\/wp-json\/wp\/v2\/product_cat?post=81153"},{"taxonomy":"product_tag","embeddable":true,"href":"https:\/\/www.biocabaz.pt\/web\/en\/wp-json\/wp\/v2\/product_tag?post=81153"}],"curies":[{"name":"wp","href":"https:\/\/api.w.org\/{rel}","templated":true}]}}