{"id":75678,"date":"2021-09-09T20:52:02","date_gmt":"2021-09-09T20:52:02","guid":{"rendered":"https:\/\/www.biocabaz.pt\/web\/?post_type=product&#038;p=75678"},"modified":"2022-12-30T11:57:05","modified_gmt":"2022-12-30T11:57:05","slug":"now-5-htp-100mg-60-capsulas-vegetais","status":"publish","type":"product","link":"https:\/\/www.biocabaz.pt\/web\/en\/produto\/now-5-htp-100mg-60-capsulas-vegetais\/","title":{"rendered":"NOW 5-HTP 100MG 60 C\u00c1PSULAS VEGETAIS"},"content":{"rendered":"","protected":false},"excerpt":{"rendered":"<p><strong>NOW 5-HTP 100mg ajuda a tratar as altera\u00e7\u00f5es emocionais e de humor<\/strong><\/p>\n<p>O 5-HTP (5-Hidroxitriptofano) \u00e9 um metabolito do amino\u00e1cido Triptofano, precursor directo da Serotonina, importante neurotransmissor que \u00e9 secretado como resposta a altera\u00e7\u00f5es emocionais ou de humor.<\/p>\n<p>O 5-HTP \u00e9 produzido a partir das sementes de Griffonia simplicifolia, um arbusto tropical que se encontra na \u00c1frica Ocidental.<\/p>\n<p>O 5-HTP ajuda a elevar os n\u00edveis de Serotonina no c\u00e9rebro, o que pode ter um efeito positivo na diminui\u00e7\u00e3o da depress\u00e3o, no aumento da auto-estima, no sono, humor, ansiedade, agressividade, controlo do apetite, temperatura corporal, comportamento sexual e sensa\u00e7\u00e3o de dor.<\/p>\n<p>A Serotonina est\u00e1 presente nas c\u00e9lulas da regi\u00e3o gastrointestinal, nos neur\u00f3nios serotonin\u00e9rgicos no c\u00e9rebro, na gl\u00e2ndula pineal (situada perto do c\u00e9rebro e associada \u00e0 produ\u00e7\u00e3o da hormona reguladora do sono &#8211; a melatonina &#8211; a partir da Serotonina) e nas plaquetas sangu\u00edneas. \u00c9 sintetizada a partir do Triptofano, a n\u00edvel do c\u00e9rebro, tracto gastrointestinal, br\u00f4nquios, tir\u00f3ide, p\u00e2ncreas e timo.<\/p>\n<p>O Triptofano \u00e9 abundante na natureza, encontrando-se quer em produtos animais quer vegetais, nomeadamente frutos, vegetais e nozes. Como a Serotonina que circula nos nossos vasos sangu\u00edneos, normalmente, n\u00e3o penetra no c\u00e9rebro devido a n\u00e3o conseguir ultrapassar a barreira hematoencef\u00e1lica, por isso, tem que ser produzida no c\u00e9rebro a partir do 5-HTP.<br \/>\nOs neurotransmissores afectam o c\u00e9rebro de v\u00e1rias formas. Em alguns casos, como a Dopamina, d\u00e1 energia, enquanto em outros, como o GABA, acalma. A Serotonina, um dos neurotransmissores mais poderosos, tem o seu efeito particularmente ampliado. Ela pode elevar o humor e produzir uma sensa\u00e7\u00e3o de bem-estar.<\/p>\n<p>A falta de Serotonina no c\u00e9rebro ou anomalias no metabolismo da Serotonina t\u00eam sido relacionadas com condi\u00e7\u00f5es neurol\u00f3gicas, tais como:<br \/>\nMal de Parkinson, discin\u00e9sia tardia, acatisia, distonia, Mal de Huntington, tremor familiar, s\u00edndrome de inquieta\u00e7\u00e3o da perna, problemas com o sono, etc. Problemas psiqui\u00e1tricos tais como depress\u00e3o, ansiedade, agressividade, comportamento compulsivo, problemas afectivos, crises de p\u00e2nico entre outros tamb\u00e9m t\u00eam sido associados ao mau funcionamento da Serotonina central.<\/p>\n<p>Precursores naturais podem seguramente elevar os n\u00edveis de Serotonina para aliviar a depress\u00e3o, dor e inibir o desejo por hidratos de carbono. A Serotonina tamb\u00e9m tem um grande impacto numa das principais causas do envelhecimento: o excesso de insulina.<\/p>\n<p><strong>Composi\u00e7\u00e3o:<\/strong><br \/>\nValores por c\u00e1psula:<br \/>\n5-hidroxitriptofano &#8211; 100mg<\/p>\n<p><strong>Ingredientes:<\/strong><br \/>\nFarinha de arroz e Gelatina (c\u00e1psula).<\/p>\n<p><strong>Dosagem e Administra\u00e7\u00e3o:<\/strong><br \/>\nTomar 1 c\u00e1psula por dia, de prefer\u00eancia com o est\u00f4mago vazio, ao deitar.<\/p>\n<p><strong>Apresenta\u00e7\u00e3o:<\/strong><br \/>\nEmbalagem de 60 c\u00e1psulas<\/p>\n<p><strong>Avisos:<\/strong><br \/>\nSe estiver a tomar medicamentos antidepressivos, consulte um m\u00e9dico antes de tomar este produto.<br \/>\nConservar em local fresco, seco e ao abrigo da luz.<br \/>\nN\u00e3o exceder a toma recomendada.<br \/>\nSe estiver gr\u00e1vida, a amamentar, a tomar alguma especialidade farmac\u00eautica ou se sofre de alguma doen\u00e7a, consulte o seu m\u00e9dico ou t\u00e9cnico de sa\u00fade antes de tomar este suplemento.<br \/>\nOs suplementos alimentares n\u00e3o devem ser utilizados como substitutos de um regime alimentar variado e de um estilo de vida saud\u00e1vel.<br \/>\nManter fora do alcance das crian\u00e7as.<\/p>\n","protected":false},"featured_media":75679,"comment_status":"closed","ping_status":"closed","template":"","meta":[],"product_cat":[88],"product_tag":[],"class_list":["post-75678","product","type-product","status-publish","has-post-thumbnail","hentry","product_cat-suplementos"],"bundle_layout":"","bundled_by":[],"bundled_items":[],"yoast_head":"<!-- This site is optimized with the Yoast SEO plugin v26.3 - https:\/\/yoast.com\/wordpress\/plugins\/seo\/ -->\n<title>NOW 5-HTP 100MG 60 C\u00c1PSULAS VEGETAIS<\/title>\n<meta name=\"robots\" content=\"index, follow, max-snippet:-1, max-image-preview:large, max-video-preview:-1\" \/>\n<link rel=\"canonical\" href=\"https:\/\/www.biocabaz.pt\/web\/en\/produto\/now-5-htp-100mg-60-capsulas-vegetais\/\" \/>\n<meta property=\"og:locale\" content=\"pt_PT\" \/>\n<meta property=\"og:locale:alternate\" content=\"pt_PT\" \/>\n<meta property=\"og:type\" content=\"article\" \/>\n<meta property=\"og:title\" content=\"NOW 5-HTP 100MG 60 C\u00c1PSULAS VEGETAIS\" \/>\n<meta property=\"og:description\" content=\"NOW 5-HTP 100mg ajuda a tratar as altera\u00e7\u00f5es emocionais e de humor  O 5-HTP (5-Hidroxitriptofano) \u00e9 um metabolito do amino\u00e1cido Triptofano, precursor directo da Serotonina, importante neurotransmissor que \u00e9 secretado como resposta a altera\u00e7\u00f5es emocionais ou de humor.  O 5-HTP \u00e9 produzido a partir das sementes de Griffonia simplicifolia, um arbusto tropical que se encontra na \u00c1frica Ocidental.  O 5-HTP ajuda a elevar os n\u00edveis de Serotonina no c\u00e9rebro, o que pode ter um efeito positivo na diminui\u00e7\u00e3o da depress\u00e3o, no aumento da auto-estima, no sono, humor, ansiedade, agressividade, controlo do apetite, temperatura corporal, comportamento sexual e sensa\u00e7\u00e3o de dor.  A Serotonina est\u00e1 presente nas c\u00e9lulas da regi\u00e3o gastrointestinal, nos neur\u00f3nios serotonin\u00e9rgicos no c\u00e9rebro, na gl\u00e2ndula pineal (situada perto do c\u00e9rebro e associada \u00e0 produ\u00e7\u00e3o da hormona reguladora do sono - a melatonina - a partir da Serotonina) e nas plaquetas sangu\u00edneas. \u00c9 sintetizada a partir do Triptofano, a n\u00edvel do c\u00e9rebro, tracto gastrointestinal, br\u00f4nquios, tir\u00f3ide, p\u00e2ncreas e timo.  O Triptofano \u00e9 abundante na natureza, encontrando-se quer em produtos animais quer vegetais, nomeadamente frutos, vegetais e nozes. Como a Serotonina que circula nos nossos vasos sangu\u00edneos, normalmente, n\u00e3o penetra no c\u00e9rebro devido a n\u00e3o conseguir ultrapassar a barreira hematoencef\u00e1lica, por isso, tem que ser produzida no c\u00e9rebro a partir do 5-HTP. Os neurotransmissores afectam o c\u00e9rebro de v\u00e1rias formas. Em alguns casos, como a Dopamina, d\u00e1 energia, enquanto em outros, como o GABA, acalma. A Serotonina, um dos neurotransmissores mais poderosos, tem o seu efeito particularmente ampliado. Ela pode elevar o humor e produzir uma sensa\u00e7\u00e3o de bem-estar.  A falta de Serotonina no c\u00e9rebro ou anomalias no metabolismo da Serotonina t\u00eam sido relacionadas com condi\u00e7\u00f5es neurol\u00f3gicas, tais como: Mal de Parkinson, discin\u00e9sia tardia, acatisia, distonia, Mal de Huntington, tremor familiar, s\u00edndrome de inquieta\u00e7\u00e3o da perna, problemas com o sono, etc. Problemas psiqui\u00e1tricos tais como depress\u00e3o, ansiedade, agressividade, comportamento compulsivo, problemas afectivos, crises de p\u00e2nico entre outros tamb\u00e9m t\u00eam sido associados ao mau funcionamento da Serotonina central.  Precursores naturais podem seguramente elevar os n\u00edveis de Serotonina para aliviar a depress\u00e3o, dor e inibir o desejo por hidratos de carbono. A Serotonina tamb\u00e9m tem um grande impacto numa das principais causas do envelhecimento: o excesso de insulina.  Composi\u00e7\u00e3o: Valores por c\u00e1psula: 5-hidroxitriptofano - 100mg  Ingredientes: Farinha de arroz e Gelatina (c\u00e1psula).  Dosagem e Administra\u00e7\u00e3o: Tomar 1 c\u00e1psula por dia, de prefer\u00eancia com o est\u00f4mago vazio, ao deitar.  Apresenta\u00e7\u00e3o: Embalagem de 60 c\u00e1psulas  Avisos: Se estiver a tomar medicamentos antidepressivos, consulte um m\u00e9dico antes de tomar este produto. Conservar em local fresco, seco e ao abrigo da luz. N\u00e3o exceder a toma recomendada. Se estiver gr\u00e1vida, a amamentar, a tomar alguma especialidade farmac\u00eautica ou se sofre de alguma doen\u00e7a, consulte o seu m\u00e9dico ou t\u00e9cnico de sa\u00fade antes de tomar este suplemento. Os suplementos alimentares n\u00e3o devem ser utilizados como substitutos de um regime alimentar variado e de um estilo de vida saud\u00e1vel. Manter fora do alcance das crian\u00e7as.\" \/>\n<meta property=\"og:url\" content=\"https:\/\/www.biocabaz.pt\/web\/en\/produto\/now-5-htp-100mg-60-capsulas-vegetais\/\" \/>\n<meta property=\"og:site_name\" content=\"CABAZES BIOL\u00d3GICOS\" \/>\n<meta property=\"article:modified_time\" content=\"2022-12-30T11:57:05+00:00\" \/>\n<meta property=\"og:image\" content=\"https:\/\/www.biocabaz.pt\/web\/wp-conteudos\/uploads\/2021\/09\/now-5-htp-100mg-60-capsulas-vegetais.jpg\" \/>\n\t<meta property=\"og:image:width\" content=\"360\" \/>\n\t<meta property=\"og:image:height\" content=\"452\" \/>\n\t<meta property=\"og:image:type\" content=\"image\/jpeg\" \/>\n<meta name=\"twitter:card\" content=\"summary_large_image\" \/>\n<script type=\"application\/ld+json\" class=\"yoast-schema-graph\">{\"@context\":\"https:\/\/schema.org\",\"@graph\":[{\"@type\":\"WebPage\",\"@id\":\"https:\/\/www.biocabaz.pt\/web\/produto\/now-5-htp-100mg-60-capsulas-vegetais\/\",\"url\":\"https:\/\/www.biocabaz.pt\/web\/produto\/now-5-htp-100mg-60-capsulas-vegetais\/\",\"name\":\"NOW 5-HTP 100MG 60 C\u00c1PSULAS VEGETAIS\",\"isPartOf\":{\"@id\":\"https:\/\/biocabaz.pt\/web\/en\/#website\"},\"primaryImageOfPage\":{\"@id\":\"https:\/\/www.biocabaz.pt\/web\/produto\/now-5-htp-100mg-60-capsulas-vegetais\/#primaryimage\"},\"image\":{\"@id\":\"https:\/\/www.biocabaz.pt\/web\/produto\/now-5-htp-100mg-60-capsulas-vegetais\/#primaryimage\"},\"thumbnailUrl\":\"https:\/\/www.biocabaz.pt\/web\/wp-conteudos\/uploads\/2021\/09\/now-5-htp-100mg-60-capsulas-vegetais.jpg\",\"datePublished\":\"2021-09-09T20:52:02+00:00\",\"dateModified\":\"2022-12-30T11:57:05+00:00\",\"breadcrumb\":{\"@id\":\"https:\/\/www.biocabaz.pt\/web\/produto\/now-5-htp-100mg-60-capsulas-vegetais\/#breadcrumb\"},\"inLanguage\":\"pt-PT\",\"potentialAction\":[{\"@type\":\"ReadAction\",\"target\":[\"https:\/\/www.biocabaz.pt\/web\/produto\/now-5-htp-100mg-60-capsulas-vegetais\/\"]}]},{\"@type\":\"ImageObject\",\"inLanguage\":\"pt-PT\",\"@id\":\"https:\/\/www.biocabaz.pt\/web\/produto\/now-5-htp-100mg-60-capsulas-vegetais\/#primaryimage\",\"url\":\"https:\/\/www.biocabaz.pt\/web\/wp-conteudos\/uploads\/2021\/09\/now-5-htp-100mg-60-capsulas-vegetais.jpg\",\"contentUrl\":\"https:\/\/www.biocabaz.pt\/web\/wp-conteudos\/uploads\/2021\/09\/now-5-htp-100mg-60-capsulas-vegetais.jpg\",\"width\":360,\"height\":452,\"caption\":\"NOW 5-HTP 100MG 60 C\u00c1PSULAS VEGETAIS\"},{\"@type\":\"BreadcrumbList\",\"@id\":\"https:\/\/www.biocabaz.pt\/web\/produto\/now-5-htp-100mg-60-capsulas-vegetais\/#breadcrumb\",\"itemListElement\":[{\"@type\":\"ListItem\",\"position\":1,\"name\":\"Home\",\"item\":\"https:\/\/biocabaz.pt\/web\/en\/\"},{\"@type\":\"ListItem\",\"position\":2,\"name\":\"Shop\",\"item\":\"https:\/\/biocabaz.pt\/web\/en\/shop\/\"},{\"@type\":\"ListItem\",\"position\":3,\"name\":\"NOW 5-HTP 100MG 60 C\u00c1PSULAS VEGETAIS\"}]},{\"@type\":\"WebSite\",\"@id\":\"https:\/\/biocabaz.pt\/web\/en\/#website\",\"url\":\"https:\/\/biocabaz.pt\/web\/en\/\",\"name\":\"CABAZES BIOL\u00d3GICOS\",\"description\":\"One+Number\",\"potentialAction\":[{\"@type\":\"SearchAction\",\"target\":{\"@type\":\"EntryPoint\",\"urlTemplate\":\"https:\/\/biocabaz.pt\/web\/en\/?s={search_term_string}\"},\"query-input\":{\"@type\":\"PropertyValueSpecification\",\"valueRequired\":true,\"valueName\":\"search_term_string\"}}],\"inLanguage\":\"pt-PT\"}]}<\/script>\n<!-- \/ Yoast SEO plugin. -->","yoast_head_json":{"title":"NOW 5-HTP 100MG 60 C\u00c1PSULAS VEGETAIS","robots":{"index":"index","follow":"follow","max-snippet":"max-snippet:-1","max-image-preview":"max-image-preview:large","max-video-preview":"max-video-preview:-1"},"canonical":"https:\/\/www.biocabaz.pt\/web\/en\/produto\/now-5-htp-100mg-60-capsulas-vegetais\/","og_locale":"pt_PT","og_type":"article","og_title":"[:pt]NOW 5-HTP 100MG 60 C\u00c1PSULAS VEGETAIS[:] - CABAZES BIOL\u00d3GICOS","og_description":"NOW 5-HTP 100mg ajuda a tratar as altera\u00e7\u00f5es emocionais e de humor  O 5-HTP (5-Hidroxitriptofano) \u00e9 um metabolito do amino\u00e1cido Triptofano, precursor directo da Serotonina, importante neurotransmissor que \u00e9 secretado como resposta a altera\u00e7\u00f5es emocionais ou de humor.  O 5-HTP \u00e9 produzido a partir das sementes de Griffonia simplicifolia, um arbusto tropical que se encontra na \u00c1frica Ocidental.  O 5-HTP ajuda a elevar os n\u00edveis de Serotonina no c\u00e9rebro, o que pode ter um efeito positivo na diminui\u00e7\u00e3o da depress\u00e3o, no aumento da auto-estima, no sono, humor, ansiedade, agressividade, controlo do apetite, temperatura corporal, comportamento sexual e sensa\u00e7\u00e3o de dor.  A Serotonina est\u00e1 presente nas c\u00e9lulas da regi\u00e3o gastrointestinal, nos neur\u00f3nios serotonin\u00e9rgicos no c\u00e9rebro, na gl\u00e2ndula pineal (situada perto do c\u00e9rebro e associada \u00e0 produ\u00e7\u00e3o da hormona reguladora do sono - a melatonina - a partir da Serotonina) e nas plaquetas sangu\u00edneas. \u00c9 sintetizada a partir do Triptofano, a n\u00edvel do c\u00e9rebro, tracto gastrointestinal, br\u00f4nquios, tir\u00f3ide, p\u00e2ncreas e timo.  O Triptofano \u00e9 abundante na natureza, encontrando-se quer em produtos animais quer vegetais, nomeadamente frutos, vegetais e nozes. Como a Serotonina que circula nos nossos vasos sangu\u00edneos, normalmente, n\u00e3o penetra no c\u00e9rebro devido a n\u00e3o conseguir ultrapassar a barreira hematoencef\u00e1lica, por isso, tem que ser produzida no c\u00e9rebro a partir do 5-HTP. Os neurotransmissores afectam o c\u00e9rebro de v\u00e1rias formas. Em alguns casos, como a Dopamina, d\u00e1 energia, enquanto em outros, como o GABA, acalma. A Serotonina, um dos neurotransmissores mais poderosos, tem o seu efeito particularmente ampliado. Ela pode elevar o humor e produzir uma sensa\u00e7\u00e3o de bem-estar.  A falta de Serotonina no c\u00e9rebro ou anomalias no metabolismo da Serotonina t\u00eam sido relacionadas com condi\u00e7\u00f5es neurol\u00f3gicas, tais como: Mal de Parkinson, discin\u00e9sia tardia, acatisia, distonia, Mal de Huntington, tremor familiar, s\u00edndrome de inquieta\u00e7\u00e3o da perna, problemas com o sono, etc. Problemas psiqui\u00e1tricos tais como depress\u00e3o, ansiedade, agressividade, comportamento compulsivo, problemas afectivos, crises de p\u00e2nico entre outros tamb\u00e9m t\u00eam sido associados ao mau funcionamento da Serotonina central.  Precursores naturais podem seguramente elevar os n\u00edveis de Serotonina para aliviar a depress\u00e3o, dor e inibir o desejo por hidratos de carbono. A Serotonina tamb\u00e9m tem um grande impacto numa das principais causas do envelhecimento: o excesso de insulina.  Composi\u00e7\u00e3o: Valores por c\u00e1psula: 5-hidroxitriptofano - 100mg  Ingredientes: Farinha de arroz e Gelatina (c\u00e1psula).  Dosagem e Administra\u00e7\u00e3o: Tomar 1 c\u00e1psula por dia, de prefer\u00eancia com o est\u00f4mago vazio, ao deitar.  Apresenta\u00e7\u00e3o: Embalagem de 60 c\u00e1psulas  Avisos: Se estiver a tomar medicamentos antidepressivos, consulte um m\u00e9dico antes de tomar este produto. Conservar em local fresco, seco e ao abrigo da luz. N\u00e3o exceder a toma recomendada. Se estiver gr\u00e1vida, a amamentar, a tomar alguma especialidade farmac\u00eautica ou se sofre de alguma doen\u00e7a, consulte o seu m\u00e9dico ou t\u00e9cnico de sa\u00fade antes de tomar este suplemento. Os suplementos alimentares n\u00e3o devem ser utilizados como substitutos de um regime alimentar variado e de um estilo de vida saud\u00e1vel. Manter fora do alcance das crian\u00e7as.","og_url":"https:\/\/www.biocabaz.pt\/web\/en\/produto\/now-5-htp-100mg-60-capsulas-vegetais\/","og_site_name":"CABAZES BIOL\u00d3GICOS","article_modified_time":"2022-12-30T11:57:05+00:00","og_image":[{"width":360,"height":452,"url":"https:\/\/www.biocabaz.pt\/web\/wp-conteudos\/uploads\/2021\/09\/now-5-htp-100mg-60-capsulas-vegetais.jpg","type":"image\/jpeg"}],"twitter_card":"summary_large_image","schema":{"@context":"https:\/\/schema.org","@graph":[{"@type":"WebPage","@id":"https:\/\/www.biocabaz.pt\/web\/produto\/now-5-htp-100mg-60-capsulas-vegetais\/","url":"https:\/\/www.biocabaz.pt\/web\/produto\/now-5-htp-100mg-60-capsulas-vegetais\/","name":"NOW 5-HTP 100MG 60 C\u00c1PSULAS VEGETAIS","isPartOf":{"@id":"https:\/\/biocabaz.pt\/web\/en\/#website"},"primaryImageOfPage":{"@id":"https:\/\/www.biocabaz.pt\/web\/produto\/now-5-htp-100mg-60-capsulas-vegetais\/#primaryimage"},"image":{"@id":"https:\/\/www.biocabaz.pt\/web\/produto\/now-5-htp-100mg-60-capsulas-vegetais\/#primaryimage"},"thumbnailUrl":"https:\/\/www.biocabaz.pt\/web\/wp-conteudos\/uploads\/2021\/09\/now-5-htp-100mg-60-capsulas-vegetais.jpg","datePublished":"2021-09-09T20:52:02+00:00","dateModified":"2022-12-30T11:57:05+00:00","breadcrumb":{"@id":"https:\/\/www.biocabaz.pt\/web\/produto\/now-5-htp-100mg-60-capsulas-vegetais\/#breadcrumb"},"inLanguage":"pt-PT","potentialAction":[{"@type":"ReadAction","target":["https:\/\/www.biocabaz.pt\/web\/produto\/now-5-htp-100mg-60-capsulas-vegetais\/"]}]},{"@type":"ImageObject","inLanguage":"pt-PT","@id":"https:\/\/www.biocabaz.pt\/web\/produto\/now-5-htp-100mg-60-capsulas-vegetais\/#primaryimage","url":"https:\/\/www.biocabaz.pt\/web\/wp-conteudos\/uploads\/2021\/09\/now-5-htp-100mg-60-capsulas-vegetais.jpg","contentUrl":"https:\/\/www.biocabaz.pt\/web\/wp-conteudos\/uploads\/2021\/09\/now-5-htp-100mg-60-capsulas-vegetais.jpg","width":360,"height":452,"caption":"NOW 5-HTP 100MG 60 C\u00c1PSULAS VEGETAIS"},{"@type":"BreadcrumbList","@id":"https:\/\/www.biocabaz.pt\/web\/produto\/now-5-htp-100mg-60-capsulas-vegetais\/#breadcrumb","itemListElement":[{"@type":"ListItem","position":1,"name":"Home","item":"https:\/\/biocabaz.pt\/web\/en\/"},{"@type":"ListItem","position":2,"name":"Shop","item":"https:\/\/biocabaz.pt\/web\/en\/shop\/"},{"@type":"ListItem","position":3,"name":"NOW 5-HTP 100MG 60 C\u00c1PSULAS VEGETAIS"}]},{"@type":"WebSite","@id":"https:\/\/biocabaz.pt\/web\/en\/#website","url":"https:\/\/biocabaz.pt\/web\/en\/","name":"CABAZES BIOL\u00d3GICOS","description":"One+Number","potentialAction":[{"@type":"SearchAction","target":{"@type":"EntryPoint","urlTemplate":"https:\/\/biocabaz.pt\/web\/en\/?s={search_term_string}"},"query-input":{"@type":"PropertyValueSpecification","valueRequired":true,"valueName":"search_term_string"}}],"inLanguage":"pt-PT"}]}},"_links":{"self":[{"href":"https:\/\/www.biocabaz.pt\/web\/en\/wp-json\/wp\/v2\/product\/75678","targetHints":{"allow":["GET"]}}],"collection":[{"href":"https:\/\/www.biocabaz.pt\/web\/en\/wp-json\/wp\/v2\/product"}],"about":[{"href":"https:\/\/www.biocabaz.pt\/web\/en\/wp-json\/wp\/v2\/types\/product"}],"replies":[{"embeddable":true,"href":"https:\/\/www.biocabaz.pt\/web\/en\/wp-json\/wp\/v2\/comments?post=75678"}],"wp:featuredmedia":[{"embeddable":true,"href":"https:\/\/www.biocabaz.pt\/web\/en\/wp-json\/wp\/v2\/media\/75679"}],"wp:attachment":[{"href":"https:\/\/www.biocabaz.pt\/web\/en\/wp-json\/wp\/v2\/media?parent=75678"}],"wp:term":[{"taxonomy":"product_cat","embeddable":true,"href":"https:\/\/www.biocabaz.pt\/web\/en\/wp-json\/wp\/v2\/product_cat?post=75678"},{"taxonomy":"product_tag","embeddable":true,"href":"https:\/\/www.biocabaz.pt\/web\/en\/wp-json\/wp\/v2\/product_tag?post=75678"}],"curies":[{"name":"wp","href":"https:\/\/api.w.org\/{rel}","templated":true}]}}